{"id":2274,"date":"2021-01-27T22:09:10","date_gmt":"2021-01-27T22:09:10","guid":{"rendered":"http:\/\/heartfailurematters.local:8888\/en-caso-de-una-urgencia-durante-las-vacaciones\/"},"modified":"2021-08-12T11:03:38","modified_gmt":"2021-08-12T10:03:38","slug":"en-caso-de-una-urgencia-durante-las-vacaciones","status":"publish","type":"page","link":"https:\/\/www.heartfailurematters.org\/es\/vivir-con-insuficiencia-cardiaca\/en-caso-de-una-urgencia-durante-las-vacaciones\/","title":{"rendered":"En caso de una urgencia durante las vacaciones"},"content":{"rendered":"<p>Es conveniente que lleve una lista actualizada de todos los <a title=\"\" href=\"\/wp-content\/uploads\/2021\/02\/Registro_de_medicinas.pdf\" target=\"_blank\" rel=\"noopener\">medicamentos<\/a> que est\u00e9 tomando cuando se vaya de vacaciones. Si tiene alguna urgencia y necesita ir al m\u00e9dico, le puede mostrar esta lista. Tenga siempre a mano la lista cuando est\u00e9 de vacaciones.<\/p>\n<p>Tambi\u00e9n es \u00fatil que tenga el n\u00famero de tel\u00e9fono de la consulta del m\u00e9dico de atenci\u00f3n primaria o del cardi\u00f3logo en caso de que el m\u00e9dico local quiera hablar de su enfermedad o necesite m\u00e1s informaci\u00f3n.<\/p>\n<p>Es muy recomendable que lleve un seguro de viaje, que incluya la cobertura sanitaria, cuando viaje o se vaya de vacaciones. Cuando suscriba el seguro, compruebe lo que cubre la p\u00f3liza con respecto al tratamiento m\u00e9dico y lo que debe hacer si necesita atenci\u00f3n m\u00e9dica de urgencia cuando est\u00e9 fuera. Anote los n\u00fameros de tel\u00e9fono y los n\u00fameros de la p\u00f3liza.<\/p>\n<p>Para los ciudadanos de la Uni\u00f3n Europea que viajan por Europa existe una tarjeta sanitaria europea (EHIC) que es muy conveniente tener. Aunque la EHIC no sustituye al seguro, proporciona tratamiento m\u00e9dico gratuito o de coste reducido a los ciudadanos de la Uni\u00f3n Europea mientras se encuentran en un pa\u00eds de la Unidad Europea (UE).<\/p>\n<p>M\u00e1s de 60 millones de ciudadanos de la Uni\u00f3n Europea ya tienen la tarjeta. Algunos pa\u00edses han incorporado la tarjeta europea en el reverso de una tarjeta nacional y otros han emitido tarjetas distintas. Puede obtener la tarjeta en su oficina local de la seguridad social, o para m\u00e1s informaci\u00f3n visite el <a title=\"\" href=\"http:\/\/ec.europa.eu\/social\/main.jsp?catId=509&amp;langId=en\" target=\"_blank\" rel=\"noopener\">sitio web de la tarjeta sanitaria europea (European Health Insurance Card)<\/a>.<\/p>\n<p>La EHIC suele ser v\u00e1lida de tres a cinco a\u00f1os y cubre cualquier tratamiento m\u00e9dico que sea necesario durante el viaje, ya sea por enfermedad o por accidente. Tambi\u00e9n cubre cualquier tratamiento que necesite para una enfermedad cr\u00f3nica como la insuficiencia card\u00edaca. La tarjeta da acceso \u00fanicamente al tratamiento m\u00e9dico en el sector p\u00fablico.<\/p>\n<p><a title=\"\" href=\"https:\/\/www.heartfailurematters.org\/es\/vivir-con-insuficiencia-cardiaca\/viajes\/\">Volver a Viajes<\/a><\/p>\n","protected":false},"excerpt":{"rendered":"<p>Es conveniente que lleve una lista actualizada de todos los medicamentos que est\u00e9 tomando cuando se vaya de vacaciones. Si tiene alguna urgencia y necesita ir al m\u00e9dico, le puede mostrar esta lista. Tenga siempre a mano la lista cuando est\u00e9 de vacaciones. Tambi\u00e9n es \u00fatil que tenga el n\u00famero de tel\u00e9fono de la consulta [&hellip;]<\/p>\n","protected":false},"author":1,"featured_media":10542,"parent":2817,"menu_order":0,"comment_status":"open","ping_status":"open","template":"","meta":{"_acf_changed":false,"footnotes":""},"categories":[],"tags":[],"class_list":["post-2274","page","type-page","status-publish","has-post-thumbnail","hentry"],"acf":[],"yoast_head":"<!-- This site is optimized with the Yoast SEO plugin v24.8.1 - https:\/\/yoast.com\/wordpress\/plugins\/seo\/ -->\n<title>En caso de una urgencia durante las vacaciones - Heart Failure Matters<\/title>\n<meta name=\"description\" content=\"Es recomendable que lleve consigo una lista actualizada de todos los medicamentos cuando se vaya de vacaciones.\" \/>\n<meta name=\"robots\" content=\"index, follow, max-snippet:-1, max-image-preview:large, max-video-preview:-1\" \/>\n<link rel=\"canonical\" href=\"https:\/\/www.heartfailurematters.org\/es\/vivir-con-insuficiencia-cardiaca\/en-caso-de-una-urgencia-durante-las-vacaciones\/\" \/>\n<meta property=\"og:locale\" content=\"es_ES\" \/>\n<meta property=\"og:type\" content=\"article\" \/>\n<meta property=\"og:title\" content=\"En caso de una urgencia durante las vacaciones - Heart Failure Matters\" \/>\n<meta property=\"og:description\" content=\"Es recomendable que lleve consigo una lista actualizada de todos los medicamentos cuando se vaya de vacaciones.\" \/>\n<meta property=\"og:url\" content=\"https:\/\/www.heartfailurematters.org\/es\/vivir-con-insuficiencia-cardiaca\/en-caso-de-una-urgencia-durante-las-vacaciones\/\" \/>\n<meta property=\"og:site_name\" content=\"Heart Failure Matters\" \/>\n<meta property=\"article:publisher\" content=\"https:\/\/www.facebook.com\/heartfailurematters\" \/>\n<meta property=\"article:modified_time\" content=\"2021-08-12T10:03:38+00:00\" \/>\n<meta property=\"og:image\" content=\"https:\/\/www.heartfailurematters.org\/wp-content\/uploads\/2022\/02\/shutterstock_258402434-1-min.jpg\" \/>\n\t<meta property=\"og:image:width\" content=\"900\" \/>\n\t<meta property=\"og:image:height\" content=\"475\" \/>\n\t<meta property=\"og:image:type\" content=\"image\/jpeg\" \/>\n<meta name=\"twitter:card\" content=\"summary_large_image\" \/>\n<meta name=\"twitter:label1\" content=\"Tiempo de lectura\" \/>\n\t<meta name=\"twitter:data1\" content=\"2 minutos\" \/>\n<script type=\"application\/ld+json\" class=\"yoast-schema-graph\">{\"@context\":\"https:\/\/schema.org\",\"@graph\":[{\"@type\":\"WebPage\",\"@id\":\"https:\/\/www.heartfailurematters.org\/es\/vivir-con-insuficiencia-cardiaca\/en-caso-de-una-urgencia-durante-las-vacaciones\/\",\"url\":\"https:\/\/www.heartfailurematters.org\/es\/vivir-con-insuficiencia-cardiaca\/en-caso-de-una-urgencia-durante-las-vacaciones\/\",\"name\":\"En caso de una urgencia durante las vacaciones - Heart Failure Matters\",\"isPartOf\":{\"@id\":\"https:\/\/www.heartfailurematters.org\/es\/#website\"},\"primaryImageOfPage\":{\"@id\":\"https:\/\/www.heartfailurematters.org\/es\/vivir-con-insuficiencia-cardiaca\/en-caso-de-una-urgencia-durante-las-vacaciones\/#primaryimage\"},\"image\":{\"@id\":\"https:\/\/www.heartfailurematters.org\/es\/vivir-con-insuficiencia-cardiaca\/en-caso-de-una-urgencia-durante-las-vacaciones\/#primaryimage\"},\"thumbnailUrl\":\"https:\/\/www.heartfailurematters.org\/wp-content\/uploads\/2022\/02\/shutterstock_258402434-1-min.jpg\",\"datePublished\":\"2021-01-27T22:09:10+00:00\",\"dateModified\":\"2021-08-12T10:03:38+00:00\",\"description\":\"Es recomendable que lleve consigo una lista actualizada de todos los medicamentos cuando se vaya de vacaciones.\",\"breadcrumb\":{\"@id\":\"https:\/\/www.heartfailurematters.org\/es\/vivir-con-insuficiencia-cardiaca\/en-caso-de-una-urgencia-durante-las-vacaciones\/#breadcrumb\"},\"inLanguage\":\"es\",\"potentialAction\":[{\"@type\":\"ReadAction\",\"target\":[\"https:\/\/www.heartfailurematters.org\/es\/vivir-con-insuficiencia-cardiaca\/en-caso-de-una-urgencia-durante-las-vacaciones\/\"]}]},{\"@type\":\"ImageObject\",\"inLanguage\":\"es\",\"@id\":\"https:\/\/www.heartfailurematters.org\/es\/vivir-con-insuficiencia-cardiaca\/en-caso-de-una-urgencia-durante-las-vacaciones\/#primaryimage\",\"url\":\"https:\/\/www.heartfailurematters.org\/wp-content\/uploads\/2022\/02\/shutterstock_258402434-1-min.jpg\",\"contentUrl\":\"https:\/\/www.heartfailurematters.org\/wp-content\/uploads\/2022\/02\/shutterstock_258402434-1-min.jpg\",\"width\":900,\"height\":475},{\"@type\":\"BreadcrumbList\",\"@id\":\"https:\/\/www.heartfailurematters.org\/es\/vivir-con-insuficiencia-cardiaca\/en-caso-de-una-urgencia-durante-las-vacaciones\/#breadcrumb\",\"itemListElement\":[{\"@type\":\"ListItem\",\"position\":1,\"name\":\"Inicio\",\"item\":\"https:\/\/www.heartfailurematters.org\/es\/\"},{\"@type\":\"ListItem\",\"position\":2,\"name\":\"Vivir con insuficiencia card\u00edaca\",\"item\":\"https:\/\/www.heartfailurematters.org\/es\/vivir-con-insuficiencia-cardiaca\/\"},{\"@type\":\"ListItem\",\"position\":3,\"name\":\"En caso de una urgencia durante las vacaciones\"}]},{\"@type\":\"WebSite\",\"@id\":\"https:\/\/www.heartfailurematters.org\/es\/#website\",\"url\":\"https:\/\/www.heartfailurematters.org\/es\/\",\"name\":\"Heart Failure Matters\",\"description\":\"Practical information for patients, families and caregivers.\",\"publisher\":{\"@id\":\"https:\/\/www.heartfailurematters.org\/es\/#organization\"},\"potentialAction\":[{\"@type\":\"SearchAction\",\"target\":{\"@type\":\"EntryPoint\",\"urlTemplate\":\"https:\/\/www.heartfailurematters.org\/es\/?s={search_term_string}\"},\"query-input\":{\"@type\":\"PropertyValueSpecification\",\"valueRequired\":true,\"valueName\":\"search_term_string\"}}],\"inLanguage\":\"es\"},{\"@type\":\"Organization\",\"@id\":\"https:\/\/www.heartfailurematters.org\/es\/#organization\",\"name\":\"Heart Failure Matters\",\"url\":\"https:\/\/www.heartfailurematters.org\/es\/\",\"logo\":{\"@type\":\"ImageObject\",\"inLanguage\":\"es\",\"@id\":\"https:\/\/www.heartfailurematters.org\/es\/#\/schema\/logo\/image\/\",\"url\":\"https:\/\/cdn-endpoint-hfm.azureedge.net\/heartfailurematters\/2024\/07\/hfm-logo1.jpg\",\"contentUrl\":\"https:\/\/cdn-endpoint-hfm.azureedge.net\/heartfailurematters\/2024\/07\/hfm-logo1.jpg\",\"width\":1280,\"height\":720,\"caption\":\"Heart Failure Matters\"},\"image\":{\"@id\":\"https:\/\/www.heartfailurematters.org\/es\/#\/schema\/logo\/image\/\"},\"sameAs\":[\"https:\/\/www.facebook.com\/heartfailurematters\"]}]}<\/script>\n<!-- \/ Yoast SEO plugin. -->","yoast_head_json":{"title":"En caso de una urgencia durante las vacaciones - Heart Failure Matters","description":"Es recomendable que lleve consigo una lista actualizada de todos los medicamentos cuando se vaya de vacaciones.","robots":{"index":"index","follow":"follow","max-snippet":"max-snippet:-1","max-image-preview":"max-image-preview:large","max-video-preview":"max-video-preview:-1"},"canonical":"https:\/\/www.heartfailurematters.org\/es\/vivir-con-insuficiencia-cardiaca\/en-caso-de-una-urgencia-durante-las-vacaciones\/","og_locale":"es_ES","og_type":"article","og_title":"En caso de una urgencia durante las vacaciones - Heart Failure Matters","og_description":"Es recomendable que lleve consigo una lista actualizada de todos los medicamentos cuando se vaya de vacaciones.","og_url":"https:\/\/www.heartfailurematters.org\/es\/vivir-con-insuficiencia-cardiaca\/en-caso-de-una-urgencia-durante-las-vacaciones\/","og_site_name":"Heart Failure Matters","article_publisher":"https:\/\/www.facebook.com\/heartfailurematters","article_modified_time":"2021-08-12T10:03:38+00:00","og_image":[{"width":900,"height":475,"url":"https:\/\/www.heartfailurematters.org\/wp-content\/uploads\/2022\/02\/shutterstock_258402434-1-min.jpg","type":"image\/jpeg"}],"twitter_card":"summary_large_image","twitter_misc":{"Tiempo de lectura":"2 minutos"},"schema":{"@context":"https:\/\/schema.org","@graph":[{"@type":"WebPage","@id":"https:\/\/www.heartfailurematters.org\/es\/vivir-con-insuficiencia-cardiaca\/en-caso-de-una-urgencia-durante-las-vacaciones\/","url":"https:\/\/www.heartfailurematters.org\/es\/vivir-con-insuficiencia-cardiaca\/en-caso-de-una-urgencia-durante-las-vacaciones\/","name":"En caso de una urgencia durante las vacaciones - Heart Failure Matters","isPartOf":{"@id":"https:\/\/www.heartfailurematters.org\/es\/#website"},"primaryImageOfPage":{"@id":"https:\/\/www.heartfailurematters.org\/es\/vivir-con-insuficiencia-cardiaca\/en-caso-de-una-urgencia-durante-las-vacaciones\/#primaryimage"},"image":{"@id":"https:\/\/www.heartfailurematters.org\/es\/vivir-con-insuficiencia-cardiaca\/en-caso-de-una-urgencia-durante-las-vacaciones\/#primaryimage"},"thumbnailUrl":"https:\/\/www.heartfailurematters.org\/wp-content\/uploads\/2022\/02\/shutterstock_258402434-1-min.jpg","datePublished":"2021-01-27T22:09:10+00:00","dateModified":"2021-08-12T10:03:38+00:00","description":"Es recomendable que lleve consigo una lista actualizada de todos los medicamentos cuando se vaya de vacaciones.","breadcrumb":{"@id":"https:\/\/www.heartfailurematters.org\/es\/vivir-con-insuficiencia-cardiaca\/en-caso-de-una-urgencia-durante-las-vacaciones\/#breadcrumb"},"inLanguage":"es","potentialAction":[{"@type":"ReadAction","target":["https:\/\/www.heartfailurematters.org\/es\/vivir-con-insuficiencia-cardiaca\/en-caso-de-una-urgencia-durante-las-vacaciones\/"]}]},{"@type":"ImageObject","inLanguage":"es","@id":"https:\/\/www.heartfailurematters.org\/es\/vivir-con-insuficiencia-cardiaca\/en-caso-de-una-urgencia-durante-las-vacaciones\/#primaryimage","url":"https:\/\/www.heartfailurematters.org\/wp-content\/uploads\/2022\/02\/shutterstock_258402434-1-min.jpg","contentUrl":"https:\/\/www.heartfailurematters.org\/wp-content\/uploads\/2022\/02\/shutterstock_258402434-1-min.jpg","width":900,"height":475},{"@type":"BreadcrumbList","@id":"https:\/\/www.heartfailurematters.org\/es\/vivir-con-insuficiencia-cardiaca\/en-caso-de-una-urgencia-durante-las-vacaciones\/#breadcrumb","itemListElement":[{"@type":"ListItem","position":1,"name":"Inicio","item":"https:\/\/www.heartfailurematters.org\/es\/"},{"@type":"ListItem","position":2,"name":"Vivir con insuficiencia card\u00edaca","item":"https:\/\/www.heartfailurematters.org\/es\/vivir-con-insuficiencia-cardiaca\/"},{"@type":"ListItem","position":3,"name":"En caso de una urgencia durante las vacaciones"}]},{"@type":"WebSite","@id":"https:\/\/www.heartfailurematters.org\/es\/#website","url":"https:\/\/www.heartfailurematters.org\/es\/","name":"Heart Failure Matters","description":"Practical information for patients, families and caregivers.","publisher":{"@id":"https:\/\/www.heartfailurematters.org\/es\/#organization"},"potentialAction":[{"@type":"SearchAction","target":{"@type":"EntryPoint","urlTemplate":"https:\/\/www.heartfailurematters.org\/es\/?s={search_term_string}"},"query-input":{"@type":"PropertyValueSpecification","valueRequired":true,"valueName":"search_term_string"}}],"inLanguage":"es"},{"@type":"Organization","@id":"https:\/\/www.heartfailurematters.org\/es\/#organization","name":"Heart Failure Matters","url":"https:\/\/www.heartfailurematters.org\/es\/","logo":{"@type":"ImageObject","inLanguage":"es","@id":"https:\/\/www.heartfailurematters.org\/es\/#\/schema\/logo\/image\/","url":"https:\/\/cdn-endpoint-hfm.azureedge.net\/heartfailurematters\/2024\/07\/hfm-logo1.jpg","contentUrl":"https:\/\/cdn-endpoint-hfm.azureedge.net\/heartfailurematters\/2024\/07\/hfm-logo1.jpg","width":1280,"height":720,"caption":"Heart Failure Matters"},"image":{"@id":"https:\/\/www.heartfailurematters.org\/es\/#\/schema\/logo\/image\/"},"sameAs":["https:\/\/www.facebook.com\/heartfailurematters"]}]}},"_links":{"self":[{"href":"https:\/\/www.heartfailurematters.org\/es\/wp-json\/wp\/v2\/pages\/2274","targetHints":{"allow":["GET"]}}],"collection":[{"href":"https:\/\/www.heartfailurematters.org\/es\/wp-json\/wp\/v2\/pages"}],"about":[{"href":"https:\/\/www.heartfailurematters.org\/es\/wp-json\/wp\/v2\/types\/page"}],"author":[{"embeddable":true,"href":"https:\/\/www.heartfailurematters.org\/es\/wp-json\/wp\/v2\/users\/1"}],"replies":[{"embeddable":true,"href":"https:\/\/www.heartfailurematters.org\/es\/wp-json\/wp\/v2\/comments?post=2274"}],"version-history":[{"count":1,"href":"https:\/\/www.heartfailurematters.org\/es\/wp-json\/wp\/v2\/pages\/2274\/revisions"}],"predecessor-version":[{"id":9283,"href":"https:\/\/www.heartfailurematters.org\/es\/wp-json\/wp\/v2\/pages\/2274\/revisions\/9283"}],"up":[{"embeddable":true,"href":"https:\/\/www.heartfailurematters.org\/es\/wp-json\/wp\/v2\/pages\/2817"}],"wp:featuredmedia":[{"embeddable":true,"href":"https:\/\/www.heartfailurematters.org\/es\/wp-json\/wp\/v2\/media\/10542"}],"wp:attachment":[{"href":"https:\/\/www.heartfailurematters.org\/es\/wp-json\/wp\/v2\/media?parent=2274"}],"wp:term":[{"taxonomy":"category","embeddable":true,"href":"https:\/\/www.heartfailurematters.org\/es\/wp-json\/wp\/v2\/categories?post=2274"},{"taxonomy":"post_tag","embeddable":true,"href":"https:\/\/www.heartfailurematters.org\/es\/wp-json\/wp\/v2\/tags?post=2274"}],"curies":[{"name":"wp","href":"https:\/\/api.w.org\/{rel}","templated":true}]}}