{"id":2270,"date":"2021-01-27T22:09:10","date_gmt":"2021-01-27T22:09:10","guid":{"rendered":"http:\/\/heartfailurematters.local:8888\/electrocardiograma-ecg\/"},"modified":"2022-01-25T15:29:14","modified_gmt":"2022-01-25T15:29:14","slug":"electrocardiograma-ecg","status":"publish","type":"page","link":"https:\/\/www.heartfailurematters.org\/es\/conocer-la-insuficiencia-cardiaca\/electrocardiograma-ecg\/","title":{"rendered":"Electrocardiograma (ECG)"},"content":{"rendered":"<p>Un electrocardiograma, o ECG, es una prueba que registra el ritmo y la actividad el\u00e9ctrica del sistema de conducci\u00f3n del coraz\u00f3n. Esta es la actividad el\u00e9ctrica que hace que el coraz\u00f3n se contraiga, por lo que al estudiarla se pueden detectar problemas de la frecuencia o el ritmo card\u00edacos. El ECG no duele y realizarlo tarda tan solo unos cinco minutos. Se ponen varios parches adhesivos de peque\u00f1o tama\u00f1o en las mu\u00f1ecas, los tobillos y el pecho. Estos parches se conectan con cables que van a una m\u00e1quina de registro. La m\u00e1quina no produce choques el\u00e9ctricos ni afecta al coraz\u00f3n de ninguna manera. La m\u00e1quina registra unos pocos latidos en papel, que a continuaci\u00f3n revisa el m\u00e9dico para ver si:<\/p>\n<ul>\n<li>Hay problemas en el ritmo card\u00edaco<\/li>\n<li>Ha sufrido un <a class=\"addtooltip\" title=\"&lt;div id='ToolTipTextWrap'&gt;infarto de miocardio&lt;\/div&gt;&lt;p&gt;Lesi\u00f3n que se produce en el m\u00fasculo card\u00edaco cuando se obstruye una arteria coronaria y el flujo sangu\u00edneo a una parte del m\u00fasculo disminuye considerablemente o se interrumpe.&lt;\/p&gt;\"><strong>infarto de miocardio <\/strong><\/a> recientemente o hace tiempo<\/li>\n<li>Presenta una disminuci\u00f3n del aporte sangu\u00edneo (isquemia)<\/li>\n<li>Su coraz\u00f3n est\u00e1 sometido a sobrecargas<\/li>\n<li>Su coraz\u00f3n est\u00e1 aumentado de tama\u00f1o.<\/li>\n<\/ul>\n<p>Su m\u00e9dico podr\u00eda solicitarle un registro de 24 horas de electrocardiograma para detectar alteraciones del ritmo cardiaco. Esta prueba consiste en llevar un peque\u00f1o dispositivo, que es como una minim\u00e1quina de electrocardiograma, para registrar la actividad de su coraz\u00f3n con los mismos parches adhesivos adheridos a su t\u00f3rax. Generalmente tendr\u00e1 que llevarlo durante un d\u00eda e intentar realizar su vida habitual durante la grabaci\u00f3n.<\/p>\n<p><a href=\"https:\/\/www.heartfailurematters.org\/es\/conocer-la-insuficiencia-cardiaca\/pruebas-habituales-para-diagnosticar-la-insuficiencia-cardiaca\/\">Volver a Pruebas habituales para diagnosticar la insuficiencia card\u00edaca<\/a><\/p>\n","protected":false},"excerpt":{"rendered":"<p>Un electrocardiograma, o ECG, es una prueba que registra el ritmo y la actividad el\u00e9ctrica del sistema de conducci\u00f3n del coraz\u00f3n. Esta es la actividad el\u00e9ctrica que hace que el coraz\u00f3n se contraiga, por lo que al estudiarla se pueden detectar problemas de la frecuencia o el ritmo card\u00edacos. El ECG no duele y realizarlo [&hellip;]<\/p>\n","protected":false},"author":1,"featured_media":10610,"parent":2155,"menu_order":0,"comment_status":"open","ping_status":"open","template":"","meta":{"_acf_changed":false,"footnotes":""},"categories":[],"tags":[],"class_list":["post-2270","page","type-page","status-publish","has-post-thumbnail","hentry"],"acf":[],"yoast_head":"<!-- This site is optimized with the Yoast SEO plugin v24.8.1 - https:\/\/yoast.com\/wordpress\/plugins\/seo\/ -->\n<title>Electrocardiograma (ECG) e Insuficiencia Card\u00edaca<\/title>\n<meta name=\"description\" content=\"Un electrocardiograma es una prueba que registra el ritmo y la actividad el\u00e9ctrica del sistema de conducci\u00f3n del coraz\u00f3n. M\u00e1s informaci\u00f3n sobre los ECG aqu\u00ed.\" \/>\n<meta name=\"robots\" content=\"index, follow, max-snippet:-1, max-image-preview:large, max-video-preview:-1\" \/>\n<link rel=\"canonical\" href=\"https:\/\/www.heartfailurematters.org\/es\/conocer-la-insuficiencia-cardiaca\/electrocardiograma-ecg\/\" \/>\n<meta property=\"og:locale\" content=\"es_ES\" \/>\n<meta property=\"og:type\" content=\"article\" \/>\n<meta property=\"og:title\" content=\"Electrocardiograma (ECG) e Insuficiencia Card\u00edaca\" \/>\n<meta property=\"og:description\" content=\"Un electrocardiograma es una prueba que registra el ritmo y la actividad el\u00e9ctrica del sistema de conducci\u00f3n del coraz\u00f3n. M\u00e1s informaci\u00f3n sobre los ECG aqu\u00ed.\" \/>\n<meta property=\"og:url\" content=\"https:\/\/www.heartfailurematters.org\/es\/conocer-la-insuficiencia-cardiaca\/electrocardiograma-ecg\/\" \/>\n<meta property=\"og:site_name\" content=\"Heart Failure Matters\" \/>\n<meta property=\"article:publisher\" content=\"https:\/\/www.facebook.com\/heartfailurematters\" \/>\n<meta property=\"article:modified_time\" content=\"2022-01-25T15:29:14+00:00\" \/>\n<meta property=\"og:image\" content=\"https:\/\/www.heartfailurematters.org\/wp-content\/uploads\/2022\/02\/shutterstock_1507886318-1-min.jpg\" \/>\n\t<meta property=\"og:image:width\" content=\"900\" \/>\n\t<meta property=\"og:image:height\" content=\"600\" \/>\n\t<meta property=\"og:image:type\" content=\"image\/jpeg\" \/>\n<meta name=\"twitter:card\" content=\"summary_large_image\" \/>\n<meta name=\"twitter:label1\" content=\"Tiempo de lectura\" \/>\n\t<meta name=\"twitter:data1\" content=\"1 minuto\" \/>\n<script type=\"application\/ld+json\" class=\"yoast-schema-graph\">{\"@context\":\"https:\/\/schema.org\",\"@graph\":[{\"@type\":\"WebPage\",\"@id\":\"https:\/\/www.heartfailurematters.org\/es\/conocer-la-insuficiencia-cardiaca\/electrocardiograma-ecg\/\",\"url\":\"https:\/\/www.heartfailurematters.org\/es\/conocer-la-insuficiencia-cardiaca\/electrocardiograma-ecg\/\",\"name\":\"Electrocardiograma (ECG) e Insuficiencia Card\u00edaca\",\"isPartOf\":{\"@id\":\"https:\/\/www.heartfailurematters.org\/es\/#website\"},\"primaryImageOfPage\":{\"@id\":\"https:\/\/www.heartfailurematters.org\/es\/conocer-la-insuficiencia-cardiaca\/electrocardiograma-ecg\/#primaryimage\"},\"image\":{\"@id\":\"https:\/\/www.heartfailurematters.org\/es\/conocer-la-insuficiencia-cardiaca\/electrocardiograma-ecg\/#primaryimage\"},\"thumbnailUrl\":\"https:\/\/www.heartfailurematters.org\/wp-content\/uploads\/2022\/02\/shutterstock_1507886318-1-min.jpg\",\"datePublished\":\"2021-01-27T22:09:10+00:00\",\"dateModified\":\"2022-01-25T15:29:14+00:00\",\"description\":\"Un electrocardiograma es una prueba que registra el ritmo y la actividad el\u00e9ctrica del sistema de conducci\u00f3n del coraz\u00f3n. M\u00e1s informaci\u00f3n sobre los ECG aqu\u00ed.\",\"breadcrumb\":{\"@id\":\"https:\/\/www.heartfailurematters.org\/es\/conocer-la-insuficiencia-cardiaca\/electrocardiograma-ecg\/#breadcrumb\"},\"inLanguage\":\"es\",\"potentialAction\":[{\"@type\":\"ReadAction\",\"target\":[\"https:\/\/www.heartfailurematters.org\/es\/conocer-la-insuficiencia-cardiaca\/electrocardiograma-ecg\/\"]}]},{\"@type\":\"ImageObject\",\"inLanguage\":\"es\",\"@id\":\"https:\/\/www.heartfailurematters.org\/es\/conocer-la-insuficiencia-cardiaca\/electrocardiograma-ecg\/#primaryimage\",\"url\":\"https:\/\/www.heartfailurematters.org\/wp-content\/uploads\/2022\/02\/shutterstock_1507886318-1-min.jpg\",\"contentUrl\":\"https:\/\/www.heartfailurematters.org\/wp-content\/uploads\/2022\/02\/shutterstock_1507886318-1-min.jpg\",\"width\":900,\"height\":600},{\"@type\":\"BreadcrumbList\",\"@id\":\"https:\/\/www.heartfailurematters.org\/es\/conocer-la-insuficiencia-cardiaca\/electrocardiograma-ecg\/#breadcrumb\",\"itemListElement\":[{\"@type\":\"ListItem\",\"position\":1,\"name\":\"Inicio\",\"item\":\"https:\/\/www.heartfailurematters.org\/es\/\"},{\"@type\":\"ListItem\",\"position\":2,\"name\":\"Conocer la insuficiencia card\u00edaca\",\"item\":\"https:\/\/www.heartfailurematters.org\/es\/conocer-la-insuficiencia-cardiaca\/\"},{\"@type\":\"ListItem\",\"position\":3,\"name\":\"Electrocardiograma (ECG)\"}]},{\"@type\":\"WebSite\",\"@id\":\"https:\/\/www.heartfailurematters.org\/es\/#website\",\"url\":\"https:\/\/www.heartfailurematters.org\/es\/\",\"name\":\"Heart Failure Matters\",\"description\":\"Practical information for patients, families and caregivers.\",\"publisher\":{\"@id\":\"https:\/\/www.heartfailurematters.org\/es\/#organization\"},\"potentialAction\":[{\"@type\":\"SearchAction\",\"target\":{\"@type\":\"EntryPoint\",\"urlTemplate\":\"https:\/\/www.heartfailurematters.org\/es\/?s={search_term_string}\"},\"query-input\":{\"@type\":\"PropertyValueSpecification\",\"valueRequired\":true,\"valueName\":\"search_term_string\"}}],\"inLanguage\":\"es\"},{\"@type\":\"Organization\",\"@id\":\"https:\/\/www.heartfailurematters.org\/es\/#organization\",\"name\":\"Heart Failure Matters\",\"url\":\"https:\/\/www.heartfailurematters.org\/es\/\",\"logo\":{\"@type\":\"ImageObject\",\"inLanguage\":\"es\",\"@id\":\"https:\/\/www.heartfailurematters.org\/es\/#\/schema\/logo\/image\/\",\"url\":\"https:\/\/cdn-endpoint-hfm.azureedge.net\/heartfailurematters\/2024\/07\/hfm-logo1.jpg\",\"contentUrl\":\"https:\/\/cdn-endpoint-hfm.azureedge.net\/heartfailurematters\/2024\/07\/hfm-logo1.jpg\",\"width\":1280,\"height\":720,\"caption\":\"Heart Failure Matters\"},\"image\":{\"@id\":\"https:\/\/www.heartfailurematters.org\/es\/#\/schema\/logo\/image\/\"},\"sameAs\":[\"https:\/\/www.facebook.com\/heartfailurematters\"]}]}<\/script>\n<!-- \/ Yoast SEO plugin. -->","yoast_head_json":{"title":"Electrocardiograma (ECG) e Insuficiencia Card\u00edaca","description":"Un electrocardiograma es una prueba que registra el ritmo y la actividad el\u00e9ctrica del sistema de conducci\u00f3n del coraz\u00f3n. M\u00e1s informaci\u00f3n sobre los ECG aqu\u00ed.","robots":{"index":"index","follow":"follow","max-snippet":"max-snippet:-1","max-image-preview":"max-image-preview:large","max-video-preview":"max-video-preview:-1"},"canonical":"https:\/\/www.heartfailurematters.org\/es\/conocer-la-insuficiencia-cardiaca\/electrocardiograma-ecg\/","og_locale":"es_ES","og_type":"article","og_title":"Electrocardiograma (ECG) e Insuficiencia Card\u00edaca","og_description":"Un electrocardiograma es una prueba que registra el ritmo y la actividad el\u00e9ctrica del sistema de conducci\u00f3n del coraz\u00f3n. M\u00e1s informaci\u00f3n sobre los ECG aqu\u00ed.","og_url":"https:\/\/www.heartfailurematters.org\/es\/conocer-la-insuficiencia-cardiaca\/electrocardiograma-ecg\/","og_site_name":"Heart Failure Matters","article_publisher":"https:\/\/www.facebook.com\/heartfailurematters","article_modified_time":"2022-01-25T15:29:14+00:00","og_image":[{"width":900,"height":600,"url":"https:\/\/www.heartfailurematters.org\/wp-content\/uploads\/2022\/02\/shutterstock_1507886318-1-min.jpg","type":"image\/jpeg"}],"twitter_card":"summary_large_image","twitter_misc":{"Tiempo de lectura":"1 minuto"},"schema":{"@context":"https:\/\/schema.org","@graph":[{"@type":"WebPage","@id":"https:\/\/www.heartfailurematters.org\/es\/conocer-la-insuficiencia-cardiaca\/electrocardiograma-ecg\/","url":"https:\/\/www.heartfailurematters.org\/es\/conocer-la-insuficiencia-cardiaca\/electrocardiograma-ecg\/","name":"Electrocardiograma (ECG) e Insuficiencia Card\u00edaca","isPartOf":{"@id":"https:\/\/www.heartfailurematters.org\/es\/#website"},"primaryImageOfPage":{"@id":"https:\/\/www.heartfailurematters.org\/es\/conocer-la-insuficiencia-cardiaca\/electrocardiograma-ecg\/#primaryimage"},"image":{"@id":"https:\/\/www.heartfailurematters.org\/es\/conocer-la-insuficiencia-cardiaca\/electrocardiograma-ecg\/#primaryimage"},"thumbnailUrl":"https:\/\/www.heartfailurematters.org\/wp-content\/uploads\/2022\/02\/shutterstock_1507886318-1-min.jpg","datePublished":"2021-01-27T22:09:10+00:00","dateModified":"2022-01-25T15:29:14+00:00","description":"Un electrocardiograma es una prueba que registra el ritmo y la actividad el\u00e9ctrica del sistema de conducci\u00f3n del coraz\u00f3n. M\u00e1s informaci\u00f3n sobre los ECG aqu\u00ed.","breadcrumb":{"@id":"https:\/\/www.heartfailurematters.org\/es\/conocer-la-insuficiencia-cardiaca\/electrocardiograma-ecg\/#breadcrumb"},"inLanguage":"es","potentialAction":[{"@type":"ReadAction","target":["https:\/\/www.heartfailurematters.org\/es\/conocer-la-insuficiencia-cardiaca\/electrocardiograma-ecg\/"]}]},{"@type":"ImageObject","inLanguage":"es","@id":"https:\/\/www.heartfailurematters.org\/es\/conocer-la-insuficiencia-cardiaca\/electrocardiograma-ecg\/#primaryimage","url":"https:\/\/www.heartfailurematters.org\/wp-content\/uploads\/2022\/02\/shutterstock_1507886318-1-min.jpg","contentUrl":"https:\/\/www.heartfailurematters.org\/wp-content\/uploads\/2022\/02\/shutterstock_1507886318-1-min.jpg","width":900,"height":600},{"@type":"BreadcrumbList","@id":"https:\/\/www.heartfailurematters.org\/es\/conocer-la-insuficiencia-cardiaca\/electrocardiograma-ecg\/#breadcrumb","itemListElement":[{"@type":"ListItem","position":1,"name":"Inicio","item":"https:\/\/www.heartfailurematters.org\/es\/"},{"@type":"ListItem","position":2,"name":"Conocer la insuficiencia card\u00edaca","item":"https:\/\/www.heartfailurematters.org\/es\/conocer-la-insuficiencia-cardiaca\/"},{"@type":"ListItem","position":3,"name":"Electrocardiograma (ECG)"}]},{"@type":"WebSite","@id":"https:\/\/www.heartfailurematters.org\/es\/#website","url":"https:\/\/www.heartfailurematters.org\/es\/","name":"Heart Failure Matters","description":"Practical information for patients, families and caregivers.","publisher":{"@id":"https:\/\/www.heartfailurematters.org\/es\/#organization"},"potentialAction":[{"@type":"SearchAction","target":{"@type":"EntryPoint","urlTemplate":"https:\/\/www.heartfailurematters.org\/es\/?s={search_term_string}"},"query-input":{"@type":"PropertyValueSpecification","valueRequired":true,"valueName":"search_term_string"}}],"inLanguage":"es"},{"@type":"Organization","@id":"https:\/\/www.heartfailurematters.org\/es\/#organization","name":"Heart Failure Matters","url":"https:\/\/www.heartfailurematters.org\/es\/","logo":{"@type":"ImageObject","inLanguage":"es","@id":"https:\/\/www.heartfailurematters.org\/es\/#\/schema\/logo\/image\/","url":"https:\/\/cdn-endpoint-hfm.azureedge.net\/heartfailurematters\/2024\/07\/hfm-logo1.jpg","contentUrl":"https:\/\/cdn-endpoint-hfm.azureedge.net\/heartfailurematters\/2024\/07\/hfm-logo1.jpg","width":1280,"height":720,"caption":"Heart Failure Matters"},"image":{"@id":"https:\/\/www.heartfailurematters.org\/es\/#\/schema\/logo\/image\/"},"sameAs":["https:\/\/www.facebook.com\/heartfailurematters"]}]}},"_links":{"self":[{"href":"https:\/\/www.heartfailurematters.org\/es\/wp-json\/wp\/v2\/pages\/2270","targetHints":{"allow":["GET"]}}],"collection":[{"href":"https:\/\/www.heartfailurematters.org\/es\/wp-json\/wp\/v2\/pages"}],"about":[{"href":"https:\/\/www.heartfailurematters.org\/es\/wp-json\/wp\/v2\/types\/page"}],"author":[{"embeddable":true,"href":"https:\/\/www.heartfailurematters.org\/es\/wp-json\/wp\/v2\/users\/1"}],"replies":[{"embeddable":true,"href":"https:\/\/www.heartfailurematters.org\/es\/wp-json\/wp\/v2\/comments?post=2270"}],"version-history":[{"count":2,"href":"https:\/\/www.heartfailurematters.org\/es\/wp-json\/wp\/v2\/pages\/2270\/revisions"}],"predecessor-version":[{"id":10443,"href":"https:\/\/www.heartfailurematters.org\/es\/wp-json\/wp\/v2\/pages\/2270\/revisions\/10443"}],"up":[{"embeddable":true,"href":"https:\/\/www.heartfailurematters.org\/es\/wp-json\/wp\/v2\/pages\/2155"}],"wp:featuredmedia":[{"embeddable":true,"href":"https:\/\/www.heartfailurematters.org\/es\/wp-json\/wp\/v2\/media\/10610"}],"wp:attachment":[{"href":"https:\/\/www.heartfailurematters.org\/es\/wp-json\/wp\/v2\/media?parent=2270"}],"wp:term":[{"taxonomy":"category","embeddable":true,"href":"https:\/\/www.heartfailurematters.org\/es\/wp-json\/wp\/v2\/categories?post=2270"},{"taxonomy":"post_tag","embeddable":true,"href":"https:\/\/www.heartfailurematters.org\/es\/wp-json\/wp\/v2\/tags?post=2270"}],"curies":[{"name":"wp","href":"https:\/\/api.w.org\/{rel}","templated":true}]}}