{"id":2268,"date":"2021-01-27T22:09:10","date_gmt":"2021-01-27T22:09:10","guid":{"rendered":"http:\/\/heartfailurematters.local:8888\/planificar-el-futuro-2\/"},"modified":"2026-01-16T14:19:05","modified_gmt":"2026-01-16T14:19:05","slug":"planificar-el-futuro","status":"publish","type":"page","link":"https:\/\/www.heartfailurematters.org\/es\/para-cuidadores\/planificar-el-futuro\/","title":{"rendered":"Planificaci\u00f3n del futuro."},"content":{"rendered":"<p>Podr\u00eda sentirse reacio a hablar con su pareja o un familiar sobre lo que puede esperar en el futuro con respecto a su salud. Puede ser muy dif\u00edcil plantear estas cuestiones, especialmente cuando intenta ser positivo.<\/p>\n<p>Sin embargo, es muy importante que usted y su pareja o familiar entiendan que planificar el futuro no es lo mismo que rendirse. Hablar y planificar el futuro le ayuda a tener cierto control sobre las decisiones vitales y sobre sus cuidados. Aunque pueda resultar dif\u00edcil empezar, abordar estas cuestiones puede aportarles mucha tranquilidad a usted y a su familia, permiti\u00e9ndoles centrar sus energ\u00edas en vivir una vida plena.<\/p>\n<p>Hable con su pareja o familiar sobre la posibilidad de redactar un plan de voluntades anticipadas. Esto implica completar unos documentos en los que se expliquen los deseos de su pareja o familiar en materia de atenci\u00f3n m\u00e9dica en el futuro, en caso de que no pueda comunicarse. Haga clic aqu\u00ed para obtener m\u00e1s informaci\u00f3n sobre c\u00f3mo planificar el final de la vida de su pareja o familiar. Tambi\u00e9n puede ser un buen momento para asegurarse de que los asuntos financieros, incluidos los testamentos y las p\u00f3lizas de seguro de vida, est\u00e9n en orden.<\/p>\n<p>Los profesionales sanitarios desempe\u00f1an un papel importante en la planificaci\u00f3n de los cuidados avanzados. Pueden ayudar a proporcionar una visi\u00f3n general sobre la evoluci\u00f3n futura de la insuficiencia card\u00edaca y las situaciones que las personas con esta enfermedad podr\u00edan enfrentar. Al mantener estas conversaciones, pueden ayudarle a usted y a su pareja o familiar a tomar decisiones informadas sobre la atenci\u00f3n futura, especialmente en situaciones de urgencia, y en los cuidados al final de la vida. Los profesionales sanitarios pueden ayudar a orientar en decisiones y procesos complejos que favorezcan la toma de decisiones informadas y el control sobre las decisiones y los cuidados. Se trata de cuestiones dif\u00edciles, y obtendr\u00eda un valioso asesoramiento al hablar sobre sus preocupaciones con su profesional sanitario.<\/p>\n<p>Tambi\u00e9n puede pedir a su profesional sanitario informaci\u00f3n o recursos que le ayuden a planificar el futuro.<\/p>\n<h3>Recursos disponibles:<\/h3>\n<p><a href=\"https:\/\/static1.squarespace.com\/static\/62416ca389785537abb9dea3\/t\/636cf08af9440d55f891f759\/1668083855521\/072175+-+Palliative+Care+Guide+.pdf\" target=\"_blank\" rel=\"noopener\">Cuidados Paliativos de Soporte en Insuficiencia Card\u00edaca: aspectos que pueden importarle.<\/a><\/p>\n<p><a href=\"https:\/\/static1.squarespace.com\/static\/62416ca389785537abb9dea3\/t\/6397111f009b9e4376c847c3\/1670844705657\/What+Matters+Meaningful+Conversation+Plan+%28SINGLE+PAGES%29.pdf\" target=\"_blank\" rel=\"noopener\">\u00bfQu\u00e9 le importa? Plan de Conversaci\u00f3n Significativa<\/a><\/p>\n<p>&nbsp;<\/p>\n","protected":false},"excerpt":{"rendered":"<p>Podr\u00eda sentirse reacio a hablar con su pareja o un familiar sobre lo que puede esperar en el futuro con respecto a su salud. Puede ser muy dif\u00edcil plantear estas cuestiones, especialmente cuando intenta ser positivo. Sin embargo, es muy importante que usted y su pareja o familiar entiendan que planificar el futuro no es [&hellip;]<\/p>\n","protected":false},"author":1,"featured_media":11068,"parent":2846,"menu_order":8,"comment_status":"open","ping_status":"closed","template":"","meta":{"_acf_changed":false,"footnotes":""},"categories":[87],"tags":[],"class_list":["post-2268","page","type-page","status-publish","has-post-thumbnail","hentry","category-for-caregivers-es"],"acf":[],"yoast_head":"<!-- This site is optimized with the Yoast SEO plugin v24.8.1 - https:\/\/yoast.com\/wordpress\/plugins\/seo\/ -->\n<title>Planificaci\u00f3n para el futuro con Insuficiencia Card\u00edaca<\/title>\n<meta name=\"description\" content=\"Los problemas relacionados con el futuro de su salud pueden ser muy dif\u00edciles de plantear, pero es importante hablarlos para una planificaci\u00f3n eficaz a futuro.\" \/>\n<meta name=\"robots\" content=\"index, follow, max-snippet:-1, max-image-preview:large, max-video-preview:-1\" \/>\n<link rel=\"canonical\" href=\"https:\/\/www.heartfailurematters.org\/es\/para-cuidadores\/planificar-el-futuro\/\" \/>\n<meta property=\"og:locale\" content=\"es_ES\" \/>\n<meta property=\"og:type\" content=\"article\" \/>\n<meta property=\"og:title\" content=\"Planificaci\u00f3n para el futuro con Insuficiencia Card\u00edaca\" \/>\n<meta property=\"og:description\" content=\"Los problemas relacionados con el futuro de su salud pueden ser muy dif\u00edciles de plantear, pero es importante hablarlos para una planificaci\u00f3n eficaz a futuro.\" \/>\n<meta property=\"og:url\" content=\"https:\/\/www.heartfailurematters.org\/es\/para-cuidadores\/planificar-el-futuro\/\" \/>\n<meta property=\"og:site_name\" content=\"Heart Failure Matters\" \/>\n<meta property=\"article:publisher\" content=\"https:\/\/www.facebook.com\/heartfailurematters\" \/>\n<meta property=\"article:modified_time\" content=\"2026-01-16T14:19:05+00:00\" \/>\n<meta property=\"og:image\" content=\"https:\/\/www.heartfailurematters.org\/wp-content\/uploads\/2022\/03\/shutterstock_1685261713-1-min.jpg\" \/>\n\t<meta property=\"og:image:width\" content=\"900\" \/>\n\t<meta property=\"og:image:height\" content=\"600\" \/>\n\t<meta property=\"og:image:type\" content=\"image\/jpeg\" \/>\n<meta name=\"twitter:card\" content=\"summary_large_image\" \/>\n<meta name=\"twitter:label1\" content=\"Tiempo de lectura\" \/>\n\t<meta name=\"twitter:data1\" content=\"2 minutos\" \/>\n<script type=\"application\/ld+json\" class=\"yoast-schema-graph\">{\"@context\":\"https:\/\/schema.org\",\"@graph\":[{\"@type\":\"WebPage\",\"@id\":\"https:\/\/www.heartfailurematters.org\/es\/para-cuidadores\/planificar-el-futuro\/\",\"url\":\"https:\/\/www.heartfailurematters.org\/es\/para-cuidadores\/planificar-el-futuro\/\",\"name\":\"Planificaci\u00f3n para el futuro con Insuficiencia Card\u00edaca\",\"isPartOf\":{\"@id\":\"https:\/\/www.heartfailurematters.org\/es\/#website\"},\"primaryImageOfPage\":{\"@id\":\"https:\/\/www.heartfailurematters.org\/es\/para-cuidadores\/planificar-el-futuro\/#primaryimage\"},\"image\":{\"@id\":\"https:\/\/www.heartfailurematters.org\/es\/para-cuidadores\/planificar-el-futuro\/#primaryimage\"},\"thumbnailUrl\":\"https:\/\/www.heartfailurematters.org\/wp-content\/uploads\/2022\/03\/shutterstock_1685261713-1-min.jpg\",\"datePublished\":\"2021-01-27T22:09:10+00:00\",\"dateModified\":\"2026-01-16T14:19:05+00:00\",\"description\":\"Los problemas relacionados con el futuro de su salud pueden ser muy dif\u00edciles de plantear, pero es importante hablarlos para una planificaci\u00f3n eficaz a futuro.\",\"breadcrumb\":{\"@id\":\"https:\/\/www.heartfailurematters.org\/es\/para-cuidadores\/planificar-el-futuro\/#breadcrumb\"},\"inLanguage\":\"es\",\"potentialAction\":[{\"@type\":\"ReadAction\",\"target\":[\"https:\/\/www.heartfailurematters.org\/es\/para-cuidadores\/planificar-el-futuro\/\"]}]},{\"@type\":\"ImageObject\",\"inLanguage\":\"es\",\"@id\":\"https:\/\/www.heartfailurematters.org\/es\/para-cuidadores\/planificar-el-futuro\/#primaryimage\",\"url\":\"https:\/\/www.heartfailurematters.org\/wp-content\/uploads\/2022\/03\/shutterstock_1685261713-1-min.jpg\",\"contentUrl\":\"https:\/\/www.heartfailurematters.org\/wp-content\/uploads\/2022\/03\/shutterstock_1685261713-1-min.jpg\",\"width\":900,\"height\":600},{\"@type\":\"BreadcrumbList\",\"@id\":\"https:\/\/www.heartfailurematters.org\/es\/para-cuidadores\/planificar-el-futuro\/#breadcrumb\",\"itemListElement\":[{\"@type\":\"ListItem\",\"position\":1,\"name\":\"Inicio\",\"item\":\"https:\/\/www.heartfailurematters.org\/es\/\"},{\"@type\":\"ListItem\",\"position\":2,\"name\":\"Para cuidadores\",\"item\":\"https:\/\/www.heartfailurematters.org\/es\/para-cuidadores\/\"},{\"@type\":\"ListItem\",\"position\":3,\"name\":\"Planificaci\u00f3n del futuro.\"}]},{\"@type\":\"WebSite\",\"@id\":\"https:\/\/www.heartfailurematters.org\/es\/#website\",\"url\":\"https:\/\/www.heartfailurematters.org\/es\/\",\"name\":\"Heart Failure Matters\",\"description\":\"Practical information for patients, families and caregivers.\",\"publisher\":{\"@id\":\"https:\/\/www.heartfailurematters.org\/es\/#organization\"},\"potentialAction\":[{\"@type\":\"SearchAction\",\"target\":{\"@type\":\"EntryPoint\",\"urlTemplate\":\"https:\/\/www.heartfailurematters.org\/es\/?s={search_term_string}\"},\"query-input\":{\"@type\":\"PropertyValueSpecification\",\"valueRequired\":true,\"valueName\":\"search_term_string\"}}],\"inLanguage\":\"es\"},{\"@type\":\"Organization\",\"@id\":\"https:\/\/www.heartfailurematters.org\/es\/#organization\",\"name\":\"Heart Failure Matters\",\"url\":\"https:\/\/www.heartfailurematters.org\/es\/\",\"logo\":{\"@type\":\"ImageObject\",\"inLanguage\":\"es\",\"@id\":\"https:\/\/www.heartfailurematters.org\/es\/#\/schema\/logo\/image\/\",\"url\":\"https:\/\/cdn-endpoint-hfm.azureedge.net\/heartfailurematters\/2024\/07\/hfm-logo1.jpg\",\"contentUrl\":\"https:\/\/cdn-endpoint-hfm.azureedge.net\/heartfailurematters\/2024\/07\/hfm-logo1.jpg\",\"width\":1280,\"height\":720,\"caption\":\"Heart Failure Matters\"},\"image\":{\"@id\":\"https:\/\/www.heartfailurematters.org\/es\/#\/schema\/logo\/image\/\"},\"sameAs\":[\"https:\/\/www.facebook.com\/heartfailurematters\"]}]}<\/script>\n<!-- \/ Yoast SEO plugin. -->","yoast_head_json":{"title":"Planificaci\u00f3n para el futuro con Insuficiencia Card\u00edaca","description":"Los problemas relacionados con el futuro de su salud pueden ser muy dif\u00edciles de plantear, pero es importante hablarlos para una planificaci\u00f3n eficaz a futuro.","robots":{"index":"index","follow":"follow","max-snippet":"max-snippet:-1","max-image-preview":"max-image-preview:large","max-video-preview":"max-video-preview:-1"},"canonical":"https:\/\/www.heartfailurematters.org\/es\/para-cuidadores\/planificar-el-futuro\/","og_locale":"es_ES","og_type":"article","og_title":"Planificaci\u00f3n para el futuro con Insuficiencia Card\u00edaca","og_description":"Los problemas relacionados con el futuro de su salud pueden ser muy dif\u00edciles de plantear, pero es importante hablarlos para una planificaci\u00f3n eficaz a futuro.","og_url":"https:\/\/www.heartfailurematters.org\/es\/para-cuidadores\/planificar-el-futuro\/","og_site_name":"Heart Failure Matters","article_publisher":"https:\/\/www.facebook.com\/heartfailurematters","article_modified_time":"2026-01-16T14:19:05+00:00","og_image":[{"width":900,"height":600,"url":"https:\/\/www.heartfailurematters.org\/wp-content\/uploads\/2022\/03\/shutterstock_1685261713-1-min.jpg","type":"image\/jpeg"}],"twitter_card":"summary_large_image","twitter_misc":{"Tiempo de lectura":"2 minutos"},"schema":{"@context":"https:\/\/schema.org","@graph":[{"@type":"WebPage","@id":"https:\/\/www.heartfailurematters.org\/es\/para-cuidadores\/planificar-el-futuro\/","url":"https:\/\/www.heartfailurematters.org\/es\/para-cuidadores\/planificar-el-futuro\/","name":"Planificaci\u00f3n para el futuro con Insuficiencia Card\u00edaca","isPartOf":{"@id":"https:\/\/www.heartfailurematters.org\/es\/#website"},"primaryImageOfPage":{"@id":"https:\/\/www.heartfailurematters.org\/es\/para-cuidadores\/planificar-el-futuro\/#primaryimage"},"image":{"@id":"https:\/\/www.heartfailurematters.org\/es\/para-cuidadores\/planificar-el-futuro\/#primaryimage"},"thumbnailUrl":"https:\/\/www.heartfailurematters.org\/wp-content\/uploads\/2022\/03\/shutterstock_1685261713-1-min.jpg","datePublished":"2021-01-27T22:09:10+00:00","dateModified":"2026-01-16T14:19:05+00:00","description":"Los problemas relacionados con el futuro de su salud pueden ser muy dif\u00edciles de plantear, pero es importante hablarlos para una planificaci\u00f3n eficaz a futuro.","breadcrumb":{"@id":"https:\/\/www.heartfailurematters.org\/es\/para-cuidadores\/planificar-el-futuro\/#breadcrumb"},"inLanguage":"es","potentialAction":[{"@type":"ReadAction","target":["https:\/\/www.heartfailurematters.org\/es\/para-cuidadores\/planificar-el-futuro\/"]}]},{"@type":"ImageObject","inLanguage":"es","@id":"https:\/\/www.heartfailurematters.org\/es\/para-cuidadores\/planificar-el-futuro\/#primaryimage","url":"https:\/\/www.heartfailurematters.org\/wp-content\/uploads\/2022\/03\/shutterstock_1685261713-1-min.jpg","contentUrl":"https:\/\/www.heartfailurematters.org\/wp-content\/uploads\/2022\/03\/shutterstock_1685261713-1-min.jpg","width":900,"height":600},{"@type":"BreadcrumbList","@id":"https:\/\/www.heartfailurematters.org\/es\/para-cuidadores\/planificar-el-futuro\/#breadcrumb","itemListElement":[{"@type":"ListItem","position":1,"name":"Inicio","item":"https:\/\/www.heartfailurematters.org\/es\/"},{"@type":"ListItem","position":2,"name":"Para cuidadores","item":"https:\/\/www.heartfailurematters.org\/es\/para-cuidadores\/"},{"@type":"ListItem","position":3,"name":"Planificaci\u00f3n del futuro."}]},{"@type":"WebSite","@id":"https:\/\/www.heartfailurematters.org\/es\/#website","url":"https:\/\/www.heartfailurematters.org\/es\/","name":"Heart Failure Matters","description":"Practical information for patients, families and caregivers.","publisher":{"@id":"https:\/\/www.heartfailurematters.org\/es\/#organization"},"potentialAction":[{"@type":"SearchAction","target":{"@type":"EntryPoint","urlTemplate":"https:\/\/www.heartfailurematters.org\/es\/?s={search_term_string}"},"query-input":{"@type":"PropertyValueSpecification","valueRequired":true,"valueName":"search_term_string"}}],"inLanguage":"es"},{"@type":"Organization","@id":"https:\/\/www.heartfailurematters.org\/es\/#organization","name":"Heart Failure Matters","url":"https:\/\/www.heartfailurematters.org\/es\/","logo":{"@type":"ImageObject","inLanguage":"es","@id":"https:\/\/www.heartfailurematters.org\/es\/#\/schema\/logo\/image\/","url":"https:\/\/cdn-endpoint-hfm.azureedge.net\/heartfailurematters\/2024\/07\/hfm-logo1.jpg","contentUrl":"https:\/\/cdn-endpoint-hfm.azureedge.net\/heartfailurematters\/2024\/07\/hfm-logo1.jpg","width":1280,"height":720,"caption":"Heart Failure Matters"},"image":{"@id":"https:\/\/www.heartfailurematters.org\/es\/#\/schema\/logo\/image\/"},"sameAs":["https:\/\/www.facebook.com\/heartfailurematters"]}]}},"_links":{"self":[{"href":"https:\/\/www.heartfailurematters.org\/es\/wp-json\/wp\/v2\/pages\/2268","targetHints":{"allow":["GET"]}}],"collection":[{"href":"https:\/\/www.heartfailurematters.org\/es\/wp-json\/wp\/v2\/pages"}],"about":[{"href":"https:\/\/www.heartfailurematters.org\/es\/wp-json\/wp\/v2\/types\/page"}],"author":[{"embeddable":true,"href":"https:\/\/www.heartfailurematters.org\/es\/wp-json\/wp\/v2\/users\/1"}],"replies":[{"embeddable":true,"href":"https:\/\/www.heartfailurematters.org\/es\/wp-json\/wp\/v2\/comments?post=2268"}],"version-history":[{"count":4,"href":"https:\/\/www.heartfailurematters.org\/es\/wp-json\/wp\/v2\/pages\/2268\/revisions"}],"predecessor-version":[{"id":13819,"href":"https:\/\/www.heartfailurematters.org\/es\/wp-json\/wp\/v2\/pages\/2268\/revisions\/13819"}],"up":[{"embeddable":true,"href":"https:\/\/www.heartfailurematters.org\/es\/wp-json\/wp\/v2\/pages\/2846"}],"wp:featuredmedia":[{"embeddable":true,"href":"https:\/\/www.heartfailurematters.org\/es\/wp-json\/wp\/v2\/media\/11068"}],"wp:attachment":[{"href":"https:\/\/www.heartfailurematters.org\/es\/wp-json\/wp\/v2\/media?parent=2268"}],"wp:term":[{"taxonomy":"category","embeddable":true,"href":"https:\/\/www.heartfailurematters.org\/es\/wp-json\/wp\/v2\/categories?post=2268"},{"taxonomy":"post_tag","embeddable":true,"href":"https:\/\/www.heartfailurematters.org\/es\/wp-json\/wp\/v2\/tags?post=2268"}],"curies":[{"name":"wp","href":"https:\/\/api.w.org\/{rel}","templated":true}]}}