{"id":2266,"date":"2021-01-27T22:09:10","date_gmt":"2021-01-27T22:09:10","guid":{"rendered":"http:\/\/heartfailurematters.local:8888\/mitos-y-realidades-sobre-la-insuficiencia-cardiaca\/"},"modified":"2022-01-25T15:41:25","modified_gmt":"2022-01-25T15:41:25","slug":"mitos-y-realidades-sobre-la-insuficiencia-cardiaca","status":"publish","type":"page","link":"https:\/\/www.heartfailurematters.org\/es\/conocer-la-insuficiencia-cardiaca\/mitos-y-realidades-sobre-la-insuficiencia-cardiaca\/","title":{"rendered":"Mitos y realidades sobre la insuficiencia card\u00edaca"},"content":{"rendered":"<p><strong>Insuficiencia card\u00edaca significa que su coraz\u00f3n ha dejado de latir <\/strong><\/p>\n<p>MITO: la insuficiencia card\u00edaca no significa que su coraz\u00f3n ha dejado de latir. Esta enfermedad se produce cuando el m\u00fasculo o las \u00a0<a class=\"addtooltip\" title=\" Las v\u00e1lvulas controlan el flujo unidireccional de la sangre a trav\u00e9s del coraz\u00f3n, lo que impide que la sangre fluya hacia atr\u00e1s. \"><strong>v\u00e1lvulas<\/strong><\/a><a class=\"addtooltip\" title=\"\">\u00a0<\/a>del coraz\u00f3n est\u00e1n da\u00f1adas y el coraz\u00f3n no puede bombear la sangre al organismo como deber\u00eda.<\/p>\n<p><strong>La insuficiencia card\u00edaca puede causar la muerte<\/strong><\/p>\n<p>REALIDAD: la insuficiencia card\u00edaca es una enfermedad muy grave que puede acortar la vida. Sin embargo, si colabora con su m\u00e9dico y enfermera puede recibir tratamientos eficaces y modificar sus h\u00e1bitos de vida con el fin de aliviar los s\u00edntomas y prolongar la supervivencia.<\/p>\n<p><strong>La insuficiencia card\u00edaca es frecuente<\/strong><\/p>\n<p>REALIDAD: actualmente estimamos que aproximadamente de un 1 a un 2\u00a0% de la poblaci\u00f3n de los pa\u00edses desarrollados padece insuficiencia card\u00edaca, una proporci\u00f3n que aumenta hasta un \u226510\u00a0% en personas de m\u00e1s de 70 a\u00f1os.<\/p>\n<p><strong>La insuficiencia card\u00edaca no tiene tratamiento<\/strong><\/p>\n<p>MITO: existen numerosos tratamientos para la insuficiencia card\u00edaca que son muy eficaces a la hora de aliviar los s\u00edntomas y atrasar la progresi\u00f3n de la enfermedad. Hable con su m\u00e9dico sobre los tratamientos disponibles.<\/p>\n<p><strong>Si padece insuficiencia card\u00edaca, no debe hacer ejercicio<\/strong><\/p>\n<p>MITO: es muy importante que las personas con insuficiencia card\u00edaca hagan ejercicio. Sin embargo, tambi\u00e9n es importante no excederse. Hacer suficiente ejercicio puede mejorar el flujo sangu\u00edneo y aliviar algunos de los s\u00edntomas.<\/p>\n<p>Para informarse m\u00e1s sobre el ejercicio y la insuficiencia card\u00edaca, <a title=\"Click here to learn more about exercising with heart failure\" href=\"https:\/\/www.heartfailurematters.org\/es\/lo-que-puede-hacer-usted\/actividad-y-ejercicio\/\">haga clic aqu\u00ed<\/a>.<\/p>\n<p><strong>La insuficiencia card\u00edaca es una consecuencia normal del envejecimiento<\/strong><\/p>\n<p>MITO: la insuficiencia card\u00edaca no tiene edad y afecta a personas de todas las edades. Aunque la mayor\u00eda de las personas con insuficiencia card\u00edaca tienen una edad avanzada, esta enfermedad no forma parte necesariamente del proceso de envejecimiento. Se trata de un trastorno cardiovascular muy grave que se puede prevenir y aliviar considerablemente con los tratamientos disponibles.<\/p>\n","protected":false},"excerpt":{"rendered":"<p>Insuficiencia card\u00edaca significa que su coraz\u00f3n ha dejado de latir MITO: la insuficiencia card\u00edaca no significa que su coraz\u00f3n ha dejado de latir. Esta enfermedad se produce cuando el m\u00fasculo o las \u00a0v\u00e1lvulas\u00a0del coraz\u00f3n est\u00e1n da\u00f1adas y el coraz\u00f3n no puede bombear la sangre al organismo como deber\u00eda. La insuficiencia card\u00edaca puede causar la muerte [&hellip;]<\/p>\n","protected":false},"author":1,"featured_media":10600,"parent":2155,"menu_order":12,"comment_status":"open","ping_status":"closed","template":"","meta":{"_acf_changed":false,"footnotes":""},"categories":[123],"tags":[],"class_list":["post-2266","page","type-page","status-publish","has-post-thumbnail","hentry","category-understanding-heart-failure-es"],"acf":[],"yoast_head":"<!-- This site is optimized with the Yoast SEO plugin v24.8.1 - https:\/\/yoast.com\/wordpress\/plugins\/seo\/ -->\n<title>Mitos y realidades sobre la insuficiencia card\u00edaca - Heart Failure Matters<\/title>\n<meta name=\"description\" content=\"\u00bfLa insuficiencia card\u00edaca puede matar? \u00bfEs muy frecuente? \u00bfPuede curarse? \u00bfDeber\u00eda hacer ejercicio? En este art\u00edculo refutamos los mitos y exponemos los hechos\" \/>\n<meta name=\"robots\" content=\"index, follow, max-snippet:-1, max-image-preview:large, max-video-preview:-1\" \/>\n<link rel=\"canonical\" href=\"https:\/\/www.heartfailurematters.org\/es\/conocer-la-insuficiencia-cardiaca\/mitos-y-realidades-sobre-la-insuficiencia-cardiaca\/\" \/>\n<meta property=\"og:locale\" content=\"es_ES\" \/>\n<meta property=\"og:type\" content=\"article\" \/>\n<meta property=\"og:title\" content=\"Mitos y realidades sobre la insuficiencia card\u00edaca - Heart Failure Matters\" \/>\n<meta property=\"og:description\" content=\"\u00bfLa insuficiencia card\u00edaca puede matar? \u00bfEs muy frecuente? \u00bfPuede curarse? \u00bfDeber\u00eda hacer ejercicio? En este art\u00edculo refutamos los mitos y exponemos los hechos\" \/>\n<meta property=\"og:url\" content=\"https:\/\/www.heartfailurematters.org\/es\/conocer-la-insuficiencia-cardiaca\/mitos-y-realidades-sobre-la-insuficiencia-cardiaca\/\" \/>\n<meta property=\"og:site_name\" content=\"Heart Failure Matters\" \/>\n<meta property=\"article:publisher\" content=\"https:\/\/www.facebook.com\/heartfailurematters\" \/>\n<meta property=\"article:modified_time\" content=\"2022-01-25T15:41:25+00:00\" \/>\n<meta property=\"og:image\" content=\"https:\/\/www.heartfailurematters.org\/wp-content\/uploads\/2022\/02\/shutterstock_294962735-1-min.jpg?_t=1773221717\" \/>\n\t<meta property=\"og:image:width\" content=\"900\" \/>\n\t<meta property=\"og:image:height\" content=\"601\" \/>\n\t<meta property=\"og:image:type\" content=\"image\/jpeg\" \/>\n<meta name=\"twitter:card\" content=\"summary_large_image\" \/>\n<meta name=\"twitter:label1\" content=\"Tiempo de lectura\" \/>\n\t<meta name=\"twitter:data1\" content=\"2 minutos\" \/>\n<script type=\"application\/ld+json\" class=\"yoast-schema-graph\">{\"@context\":\"https:\/\/schema.org\",\"@graph\":[{\"@type\":\"WebPage\",\"@id\":\"https:\/\/www.heartfailurematters.org\/es\/conocer-la-insuficiencia-cardiaca\/mitos-y-realidades-sobre-la-insuficiencia-cardiaca\/\",\"url\":\"https:\/\/www.heartfailurematters.org\/es\/conocer-la-insuficiencia-cardiaca\/mitos-y-realidades-sobre-la-insuficiencia-cardiaca\/\",\"name\":\"Mitos y realidades sobre la insuficiencia card\u00edaca - Heart Failure Matters\",\"isPartOf\":{\"@id\":\"https:\/\/www.heartfailurematters.org\/es\/#website\"},\"primaryImageOfPage\":{\"@id\":\"https:\/\/www.heartfailurematters.org\/es\/conocer-la-insuficiencia-cardiaca\/mitos-y-realidades-sobre-la-insuficiencia-cardiaca\/#primaryimage\"},\"image\":{\"@id\":\"https:\/\/www.heartfailurematters.org\/es\/conocer-la-insuficiencia-cardiaca\/mitos-y-realidades-sobre-la-insuficiencia-cardiaca\/#primaryimage\"},\"thumbnailUrl\":\"https:\/\/www.heartfailurematters.org\/wp-content\/uploads\/2022\/02\/shutterstock_294962735-1-min.jpg\",\"datePublished\":\"2021-01-27T22:09:10+00:00\",\"dateModified\":\"2022-01-25T15:41:25+00:00\",\"description\":\"\u00bfLa insuficiencia card\u00edaca puede matar? \u00bfEs muy frecuente? \u00bfPuede curarse? \u00bfDeber\u00eda hacer ejercicio? En este art\u00edculo refutamos los mitos y exponemos los hechos\",\"breadcrumb\":{\"@id\":\"https:\/\/www.heartfailurematters.org\/es\/conocer-la-insuficiencia-cardiaca\/mitos-y-realidades-sobre-la-insuficiencia-cardiaca\/#breadcrumb\"},\"inLanguage\":\"es\",\"potentialAction\":[{\"@type\":\"ReadAction\",\"target\":[\"https:\/\/www.heartfailurematters.org\/es\/conocer-la-insuficiencia-cardiaca\/mitos-y-realidades-sobre-la-insuficiencia-cardiaca\/\"]}]},{\"@type\":\"ImageObject\",\"inLanguage\":\"es\",\"@id\":\"https:\/\/www.heartfailurematters.org\/es\/conocer-la-insuficiencia-cardiaca\/mitos-y-realidades-sobre-la-insuficiencia-cardiaca\/#primaryimage\",\"url\":\"https:\/\/www.heartfailurematters.org\/wp-content\/uploads\/2022\/02\/shutterstock_294962735-1-min.jpg\",\"contentUrl\":\"https:\/\/www.heartfailurematters.org\/wp-content\/uploads\/2022\/02\/shutterstock_294962735-1-min.jpg\",\"width\":900,\"height\":601},{\"@type\":\"BreadcrumbList\",\"@id\":\"https:\/\/www.heartfailurematters.org\/es\/conocer-la-insuficiencia-cardiaca\/mitos-y-realidades-sobre-la-insuficiencia-cardiaca\/#breadcrumb\",\"itemListElement\":[{\"@type\":\"ListItem\",\"position\":1,\"name\":\"Inicio\",\"item\":\"https:\/\/www.heartfailurematters.org\/es\/\"},{\"@type\":\"ListItem\",\"position\":2,\"name\":\"Conocer la insuficiencia card\u00edaca\",\"item\":\"https:\/\/www.heartfailurematters.org\/es\/conocer-la-insuficiencia-cardiaca\/\"},{\"@type\":\"ListItem\",\"position\":3,\"name\":\"Mitos y realidades sobre la insuficiencia card\u00edaca\"}]},{\"@type\":\"WebSite\",\"@id\":\"https:\/\/www.heartfailurematters.org\/es\/#website\",\"url\":\"https:\/\/www.heartfailurematters.org\/es\/\",\"name\":\"Heart Failure Matters\",\"description\":\"Practical information for patients, families and caregivers.\",\"publisher\":{\"@id\":\"https:\/\/www.heartfailurematters.org\/es\/#organization\"},\"potentialAction\":[{\"@type\":\"SearchAction\",\"target\":{\"@type\":\"EntryPoint\",\"urlTemplate\":\"https:\/\/www.heartfailurematters.org\/es\/?s={search_term_string}\"},\"query-input\":{\"@type\":\"PropertyValueSpecification\",\"valueRequired\":true,\"valueName\":\"search_term_string\"}}],\"inLanguage\":\"es\"},{\"@type\":\"Organization\",\"@id\":\"https:\/\/www.heartfailurematters.org\/es\/#organization\",\"name\":\"Heart Failure Matters\",\"url\":\"https:\/\/www.heartfailurematters.org\/es\/\",\"logo\":{\"@type\":\"ImageObject\",\"inLanguage\":\"es\",\"@id\":\"https:\/\/www.heartfailurematters.org\/es\/#\/schema\/logo\/image\/\",\"url\":\"https:\/\/cdn-endpoint-hfm.azureedge.net\/heartfailurematters\/2024\/07\/hfm-logo1.jpg\",\"contentUrl\":\"https:\/\/cdn-endpoint-hfm.azureedge.net\/heartfailurematters\/2024\/07\/hfm-logo1.jpg\",\"width\":1280,\"height\":720,\"caption\":\"Heart Failure Matters\"},\"image\":{\"@id\":\"https:\/\/www.heartfailurematters.org\/es\/#\/schema\/logo\/image\/\"},\"sameAs\":[\"https:\/\/www.facebook.com\/heartfailurematters\"]}]}<\/script>\n<!-- \/ Yoast SEO plugin. -->","yoast_head_json":{"title":"Mitos y realidades sobre la insuficiencia card\u00edaca - Heart Failure Matters","description":"\u00bfLa insuficiencia card\u00edaca puede matar? \u00bfEs muy frecuente? \u00bfPuede curarse? \u00bfDeber\u00eda hacer ejercicio? En este art\u00edculo refutamos los mitos y exponemos los hechos","robots":{"index":"index","follow":"follow","max-snippet":"max-snippet:-1","max-image-preview":"max-image-preview:large","max-video-preview":"max-video-preview:-1"},"canonical":"https:\/\/www.heartfailurematters.org\/es\/conocer-la-insuficiencia-cardiaca\/mitos-y-realidades-sobre-la-insuficiencia-cardiaca\/","og_locale":"es_ES","og_type":"article","og_title":"Mitos y realidades sobre la insuficiencia card\u00edaca - Heart Failure Matters","og_description":"\u00bfLa insuficiencia card\u00edaca puede matar? \u00bfEs muy frecuente? \u00bfPuede curarse? \u00bfDeber\u00eda hacer ejercicio? En este art\u00edculo refutamos los mitos y exponemos los hechos","og_url":"https:\/\/www.heartfailurematters.org\/es\/conocer-la-insuficiencia-cardiaca\/mitos-y-realidades-sobre-la-insuficiencia-cardiaca\/","og_site_name":"Heart Failure Matters","article_publisher":"https:\/\/www.facebook.com\/heartfailurematters","article_modified_time":"2022-01-25T15:41:25+00:00","og_image":[{"width":900,"height":601,"url":"https:\/\/www.heartfailurematters.org\/wp-content\/uploads\/2022\/02\/shutterstock_294962735-1-min.jpg?_t=1773221717","type":"image\/jpeg"}],"twitter_card":"summary_large_image","twitter_misc":{"Tiempo de lectura":"2 minutos"},"schema":{"@context":"https:\/\/schema.org","@graph":[{"@type":"WebPage","@id":"https:\/\/www.heartfailurematters.org\/es\/conocer-la-insuficiencia-cardiaca\/mitos-y-realidades-sobre-la-insuficiencia-cardiaca\/","url":"https:\/\/www.heartfailurematters.org\/es\/conocer-la-insuficiencia-cardiaca\/mitos-y-realidades-sobre-la-insuficiencia-cardiaca\/","name":"Mitos y realidades sobre la insuficiencia card\u00edaca - Heart Failure Matters","isPartOf":{"@id":"https:\/\/www.heartfailurematters.org\/es\/#website"},"primaryImageOfPage":{"@id":"https:\/\/www.heartfailurematters.org\/es\/conocer-la-insuficiencia-cardiaca\/mitos-y-realidades-sobre-la-insuficiencia-cardiaca\/#primaryimage"},"image":{"@id":"https:\/\/www.heartfailurematters.org\/es\/conocer-la-insuficiencia-cardiaca\/mitos-y-realidades-sobre-la-insuficiencia-cardiaca\/#primaryimage"},"thumbnailUrl":"https:\/\/www.heartfailurematters.org\/wp-content\/uploads\/2022\/02\/shutterstock_294962735-1-min.jpg","datePublished":"2021-01-27T22:09:10+00:00","dateModified":"2022-01-25T15:41:25+00:00","description":"\u00bfLa insuficiencia card\u00edaca puede matar? \u00bfEs muy frecuente? \u00bfPuede curarse? \u00bfDeber\u00eda hacer ejercicio? En este art\u00edculo refutamos los mitos y exponemos los hechos","breadcrumb":{"@id":"https:\/\/www.heartfailurematters.org\/es\/conocer-la-insuficiencia-cardiaca\/mitos-y-realidades-sobre-la-insuficiencia-cardiaca\/#breadcrumb"},"inLanguage":"es","potentialAction":[{"@type":"ReadAction","target":["https:\/\/www.heartfailurematters.org\/es\/conocer-la-insuficiencia-cardiaca\/mitos-y-realidades-sobre-la-insuficiencia-cardiaca\/"]}]},{"@type":"ImageObject","inLanguage":"es","@id":"https:\/\/www.heartfailurematters.org\/es\/conocer-la-insuficiencia-cardiaca\/mitos-y-realidades-sobre-la-insuficiencia-cardiaca\/#primaryimage","url":"https:\/\/www.heartfailurematters.org\/wp-content\/uploads\/2022\/02\/shutterstock_294962735-1-min.jpg","contentUrl":"https:\/\/www.heartfailurematters.org\/wp-content\/uploads\/2022\/02\/shutterstock_294962735-1-min.jpg","width":900,"height":601},{"@type":"BreadcrumbList","@id":"https:\/\/www.heartfailurematters.org\/es\/conocer-la-insuficiencia-cardiaca\/mitos-y-realidades-sobre-la-insuficiencia-cardiaca\/#breadcrumb","itemListElement":[{"@type":"ListItem","position":1,"name":"Inicio","item":"https:\/\/www.heartfailurematters.org\/es\/"},{"@type":"ListItem","position":2,"name":"Conocer la insuficiencia card\u00edaca","item":"https:\/\/www.heartfailurematters.org\/es\/conocer-la-insuficiencia-cardiaca\/"},{"@type":"ListItem","position":3,"name":"Mitos y realidades sobre la insuficiencia card\u00edaca"}]},{"@type":"WebSite","@id":"https:\/\/www.heartfailurematters.org\/es\/#website","url":"https:\/\/www.heartfailurematters.org\/es\/","name":"Heart Failure Matters","description":"Practical information for patients, families and caregivers.","publisher":{"@id":"https:\/\/www.heartfailurematters.org\/es\/#organization"},"potentialAction":[{"@type":"SearchAction","target":{"@type":"EntryPoint","urlTemplate":"https:\/\/www.heartfailurematters.org\/es\/?s={search_term_string}"},"query-input":{"@type":"PropertyValueSpecification","valueRequired":true,"valueName":"search_term_string"}}],"inLanguage":"es"},{"@type":"Organization","@id":"https:\/\/www.heartfailurematters.org\/es\/#organization","name":"Heart Failure Matters","url":"https:\/\/www.heartfailurematters.org\/es\/","logo":{"@type":"ImageObject","inLanguage":"es","@id":"https:\/\/www.heartfailurematters.org\/es\/#\/schema\/logo\/image\/","url":"https:\/\/cdn-endpoint-hfm.azureedge.net\/heartfailurematters\/2024\/07\/hfm-logo1.jpg","contentUrl":"https:\/\/cdn-endpoint-hfm.azureedge.net\/heartfailurematters\/2024\/07\/hfm-logo1.jpg","width":1280,"height":720,"caption":"Heart Failure Matters"},"image":{"@id":"https:\/\/www.heartfailurematters.org\/es\/#\/schema\/logo\/image\/"},"sameAs":["https:\/\/www.facebook.com\/heartfailurematters"]}]}},"_links":{"self":[{"href":"https:\/\/www.heartfailurematters.org\/es\/wp-json\/wp\/v2\/pages\/2266","targetHints":{"allow":["GET"]}}],"collection":[{"href":"https:\/\/www.heartfailurematters.org\/es\/wp-json\/wp\/v2\/pages"}],"about":[{"href":"https:\/\/www.heartfailurematters.org\/es\/wp-json\/wp\/v2\/types\/page"}],"author":[{"embeddable":true,"href":"https:\/\/www.heartfailurematters.org\/es\/wp-json\/wp\/v2\/users\/1"}],"replies":[{"embeddable":true,"href":"https:\/\/www.heartfailurematters.org\/es\/wp-json\/wp\/v2\/comments?post=2266"}],"version-history":[{"count":2,"href":"https:\/\/www.heartfailurematters.org\/es\/wp-json\/wp\/v2\/pages\/2266\/revisions"}],"predecessor-version":[{"id":10446,"href":"https:\/\/www.heartfailurematters.org\/es\/wp-json\/wp\/v2\/pages\/2266\/revisions\/10446"}],"up":[{"embeddable":true,"href":"https:\/\/www.heartfailurematters.org\/es\/wp-json\/wp\/v2\/pages\/2155"}],"wp:featuredmedia":[{"embeddable":true,"href":"https:\/\/www.heartfailurematters.org\/es\/wp-json\/wp\/v2\/media\/10600"}],"wp:attachment":[{"href":"https:\/\/www.heartfailurematters.org\/es\/wp-json\/wp\/v2\/media?parent=2266"}],"wp:term":[{"taxonomy":"category","embeddable":true,"href":"https:\/\/www.heartfailurematters.org\/es\/wp-json\/wp\/v2\/categories?post=2266"},{"taxonomy":"post_tag","embeddable":true,"href":"https:\/\/www.heartfailurematters.org\/es\/wp-json\/wp\/v2\/tags?post=2266"}],"curies":[{"name":"wp","href":"https:\/\/api.w.org\/{rel}","templated":true}]}}