{"id":2264,"date":"2021-01-27T22:09:10","date_gmt":"2021-01-27T22:09:10","guid":{"rendered":"http:\/\/heartfailurematters.local:8888\/mayor-hinchazon-de-las-piernas-o-los-tobillos\/"},"modified":"2026-01-16T14:19:03","modified_gmt":"2026-01-16T14:19:03","slug":"mayor-hinchazon-de-las-piernas-o-los-tobillos","status":"publish","type":"page","link":"https:\/\/www.heartfailurematters.org\/es\/signos-de-alarma\/mayor-hinchazon-de-las-piernas-o-los-tobillos\/","title":{"rendered":"Aumento de la hinchaz\u00f3n de piernas o tobillos"},"content":{"rendered":"<p>La acumulaci\u00f3n de l\u00edquido en el cuerpo causa la hinchaz\u00f3n de las piernas y tobillos, y podr\u00eda ser un signo de empeoramiento de la insuficiencia card\u00edaca. Puede sentir que los zapatos le aprietan m\u00e1s de lo normal si aumenta la hinchaz\u00f3n en esta zona.<\/p>\n<p>La acumulaci\u00f3n de l\u00edquido se debe a la reducci\u00f3n del flujo sangu\u00edneo que sale del coraz\u00f3n, lo que provoca el reflujo de la sangre que vuelve al coraz\u00f3n a trav\u00e9s de las venas. Esto provoca una acumulaci\u00f3n de l\u00edquido en el abdomen y las extremidades inferiores y <a class=\"addtooltip\" title=\"Exceso de l\u00edquido en alg\u00fan lugar del organismo.\"><strong>congesti\u00f3n<\/strong><\/a>.<\/p>\n<p>Es m\u00e1s probable que note hinchaz\u00f3n en las piernas y los tobillos a \u00faltima hora del d\u00eda porque la gravedad aumenta la cantidad y la presi\u00f3n de la sangre en las venas de las extremidades inferiores. Tumbarse y descansar durante un rato suele reducir la hinchaz\u00f3n.<\/p>\n<p>Otro s\u00edntoma habitual que indica congesti\u00f3n es el aumento de la disnea al agacharse. Tambi\u00e9n se denomina \u00abclinodisnea\u00bb. Si se produce, es un se\u00f1al de alerta; si desaparece, es se\u00f1al de mejor\u00eda y de tratamiento eficaz.<\/p>\n<p>Si nota un aumento de la hinchaz\u00f3n en las piernas y los tobillos y empeora progresivamente, debe ponerse en contacto con su m\u00e9dico o enfermero. Un ajuste de sus medicamentos diur\u00e9ticos suele ser suficiente para reducir el problema.<\/p>\n","protected":false},"excerpt":{"rendered":"<p>La acumulaci\u00f3n de l\u00edquido en el cuerpo causa la hinchaz\u00f3n de las piernas y tobillos, y podr\u00eda ser un signo de empeoramiento de la insuficiencia card\u00edaca. Puede sentir que los zapatos le aprietan m\u00e1s de lo normal si aumenta la hinchaz\u00f3n en esta zona. La acumulaci\u00f3n de l\u00edquido se debe a la reducci\u00f3n del flujo [&hellip;]<\/p>\n","protected":false},"author":1,"featured_media":11217,"parent":2869,"menu_order":5,"comment_status":"open","ping_status":"closed","template":"","meta":{"_acf_changed":false,"footnotes":""},"categories":[132],"tags":[],"class_list":["post-2264","page","type-page","status-publish","has-post-thumbnail","hentry","category-warning-signs-es"],"acf":[],"yoast_head":"<!-- This site is optimized with the Yoast SEO plugin v24.8.1 - https:\/\/yoast.com\/wordpress\/plugins\/seo\/ -->\n<title>Hinchaz\u00f3n de piernas o tobillos e insuficiencia card\u00edaca<\/title>\n<meta name=\"description\" content=\"La acumulaci\u00f3n de l\u00edquido en el cuerpo causa la hinchaz\u00f3n de piernas y tobillos, y podr\u00eda ser un signo de empeoramiento de la insuficiencia card\u00edaca. M\u00e1s informaci\u00f3n aqu\u00ed.\" \/>\n<meta name=\"robots\" content=\"index, follow, max-snippet:-1, max-image-preview:large, max-video-preview:-1\" \/>\n<link rel=\"canonical\" href=\"https:\/\/www.heartfailurematters.org\/es\/signos-de-alarma\/mayor-hinchazon-de-las-piernas-o-los-tobillos\/\" \/>\n<meta property=\"og:locale\" content=\"es_ES\" \/>\n<meta property=\"og:type\" content=\"article\" \/>\n<meta property=\"og:title\" content=\"Hinchaz\u00f3n de piernas o tobillos e insuficiencia card\u00edaca\" \/>\n<meta property=\"og:description\" content=\"La acumulaci\u00f3n de l\u00edquido en el cuerpo causa la hinchaz\u00f3n de piernas y tobillos, y podr\u00eda ser un signo de empeoramiento de la insuficiencia card\u00edaca. M\u00e1s informaci\u00f3n aqu\u00ed.\" \/>\n<meta property=\"og:url\" content=\"https:\/\/www.heartfailurematters.org\/es\/signos-de-alarma\/mayor-hinchazon-de-las-piernas-o-los-tobillos\/\" \/>\n<meta property=\"og:site_name\" content=\"Heart Failure Matters\" \/>\n<meta property=\"article:publisher\" content=\"https:\/\/www.facebook.com\/heartfailurematters\" \/>\n<meta property=\"article:modified_time\" content=\"2026-01-16T14:19:03+00:00\" \/>\n<meta property=\"og:image\" content=\"https:\/\/www.heartfailurematters.org\/wp-content\/uploads\/2022\/03\/shutterstock_1715702371-1-min.jpg\" \/>\n\t<meta property=\"og:image:width\" content=\"900\" \/>\n\t<meta property=\"og:image:height\" content=\"600\" \/>\n\t<meta property=\"og:image:type\" content=\"image\/jpeg\" \/>\n<meta name=\"twitter:card\" content=\"summary_large_image\" \/>\n<meta name=\"twitter:label1\" content=\"Tiempo de lectura\" \/>\n\t<meta name=\"twitter:data1\" content=\"1 minuto\" \/>\n<script type=\"application\/ld+json\" class=\"yoast-schema-graph\">{\"@context\":\"https:\/\/schema.org\",\"@graph\":[{\"@type\":\"WebPage\",\"@id\":\"https:\/\/www.heartfailurematters.org\/es\/signos-de-alarma\/mayor-hinchazon-de-las-piernas-o-los-tobillos\/\",\"url\":\"https:\/\/www.heartfailurematters.org\/es\/signos-de-alarma\/mayor-hinchazon-de-las-piernas-o-los-tobillos\/\",\"name\":\"Hinchaz\u00f3n de piernas o tobillos e insuficiencia card\u00edaca\",\"isPartOf\":{\"@id\":\"https:\/\/www.heartfailurematters.org\/es\/#website\"},\"primaryImageOfPage\":{\"@id\":\"https:\/\/www.heartfailurematters.org\/es\/signos-de-alarma\/mayor-hinchazon-de-las-piernas-o-los-tobillos\/#primaryimage\"},\"image\":{\"@id\":\"https:\/\/www.heartfailurematters.org\/es\/signos-de-alarma\/mayor-hinchazon-de-las-piernas-o-los-tobillos\/#primaryimage\"},\"thumbnailUrl\":\"https:\/\/www.heartfailurematters.org\/wp-content\/uploads\/2022\/03\/shutterstock_1715702371-1-min.jpg\",\"datePublished\":\"2021-01-27T22:09:10+00:00\",\"dateModified\":\"2026-01-16T14:19:03+00:00\",\"description\":\"La acumulaci\u00f3n de l\u00edquido en el cuerpo causa la hinchaz\u00f3n de piernas y tobillos, y podr\u00eda ser un signo de empeoramiento de la insuficiencia card\u00edaca. M\u00e1s informaci\u00f3n aqu\u00ed.\",\"breadcrumb\":{\"@id\":\"https:\/\/www.heartfailurematters.org\/es\/signos-de-alarma\/mayor-hinchazon-de-las-piernas-o-los-tobillos\/#breadcrumb\"},\"inLanguage\":\"es\",\"potentialAction\":[{\"@type\":\"ReadAction\",\"target\":[\"https:\/\/www.heartfailurematters.org\/es\/signos-de-alarma\/mayor-hinchazon-de-las-piernas-o-los-tobillos\/\"]}]},{\"@type\":\"ImageObject\",\"inLanguage\":\"es\",\"@id\":\"https:\/\/www.heartfailurematters.org\/es\/signos-de-alarma\/mayor-hinchazon-de-las-piernas-o-los-tobillos\/#primaryimage\",\"url\":\"https:\/\/www.heartfailurematters.org\/wp-content\/uploads\/2022\/03\/shutterstock_1715702371-1-min.jpg\",\"contentUrl\":\"https:\/\/www.heartfailurematters.org\/wp-content\/uploads\/2022\/03\/shutterstock_1715702371-1-min.jpg\",\"width\":900,\"height\":600},{\"@type\":\"BreadcrumbList\",\"@id\":\"https:\/\/www.heartfailurematters.org\/es\/signos-de-alarma\/mayor-hinchazon-de-las-piernas-o-los-tobillos\/#breadcrumb\",\"itemListElement\":[{\"@type\":\"ListItem\",\"position\":1,\"name\":\"Inicio\",\"item\":\"https:\/\/www.heartfailurematters.org\/es\/\"},{\"@type\":\"ListItem\",\"position\":2,\"name\":\"Signos de alarma\",\"item\":\"https:\/\/www.heartfailurematters.org\/es\/signos-de-alarma\/\"},{\"@type\":\"ListItem\",\"position\":3,\"name\":\"Aumento de la hinchaz\u00f3n de piernas o tobillos\"}]},{\"@type\":\"WebSite\",\"@id\":\"https:\/\/www.heartfailurematters.org\/es\/#website\",\"url\":\"https:\/\/www.heartfailurematters.org\/es\/\",\"name\":\"Heart Failure Matters\",\"description\":\"Practical information for patients, families and caregivers.\",\"publisher\":{\"@id\":\"https:\/\/www.heartfailurematters.org\/es\/#organization\"},\"potentialAction\":[{\"@type\":\"SearchAction\",\"target\":{\"@type\":\"EntryPoint\",\"urlTemplate\":\"https:\/\/www.heartfailurematters.org\/es\/?s={search_term_string}\"},\"query-input\":{\"@type\":\"PropertyValueSpecification\",\"valueRequired\":true,\"valueName\":\"search_term_string\"}}],\"inLanguage\":\"es\"},{\"@type\":\"Organization\",\"@id\":\"https:\/\/www.heartfailurematters.org\/es\/#organization\",\"name\":\"Heart Failure Matters\",\"url\":\"https:\/\/www.heartfailurematters.org\/es\/\",\"logo\":{\"@type\":\"ImageObject\",\"inLanguage\":\"es\",\"@id\":\"https:\/\/www.heartfailurematters.org\/es\/#\/schema\/logo\/image\/\",\"url\":\"https:\/\/cdn-endpoint-hfm.azureedge.net\/heartfailurematters\/2024\/07\/hfm-logo1.jpg\",\"contentUrl\":\"https:\/\/cdn-endpoint-hfm.azureedge.net\/heartfailurematters\/2024\/07\/hfm-logo1.jpg\",\"width\":1280,\"height\":720,\"caption\":\"Heart Failure Matters\"},\"image\":{\"@id\":\"https:\/\/www.heartfailurematters.org\/es\/#\/schema\/logo\/image\/\"},\"sameAs\":[\"https:\/\/www.facebook.com\/heartfailurematters\"]}]}<\/script>\n<!-- \/ Yoast SEO plugin. -->","yoast_head_json":{"title":"Hinchaz\u00f3n de piernas o tobillos e insuficiencia card\u00edaca","description":"La acumulaci\u00f3n de l\u00edquido en el cuerpo causa la hinchaz\u00f3n de piernas y tobillos, y podr\u00eda ser un signo de empeoramiento de la insuficiencia card\u00edaca. M\u00e1s informaci\u00f3n aqu\u00ed.","robots":{"index":"index","follow":"follow","max-snippet":"max-snippet:-1","max-image-preview":"max-image-preview:large","max-video-preview":"max-video-preview:-1"},"canonical":"https:\/\/www.heartfailurematters.org\/es\/signos-de-alarma\/mayor-hinchazon-de-las-piernas-o-los-tobillos\/","og_locale":"es_ES","og_type":"article","og_title":"Hinchaz\u00f3n de piernas o tobillos e insuficiencia card\u00edaca","og_description":"La acumulaci\u00f3n de l\u00edquido en el cuerpo causa la hinchaz\u00f3n de piernas y tobillos, y podr\u00eda ser un signo de empeoramiento de la insuficiencia card\u00edaca. M\u00e1s informaci\u00f3n aqu\u00ed.","og_url":"https:\/\/www.heartfailurematters.org\/es\/signos-de-alarma\/mayor-hinchazon-de-las-piernas-o-los-tobillos\/","og_site_name":"Heart Failure Matters","article_publisher":"https:\/\/www.facebook.com\/heartfailurematters","article_modified_time":"2026-01-16T14:19:03+00:00","og_image":[{"width":900,"height":600,"url":"https:\/\/www.heartfailurematters.org\/wp-content\/uploads\/2022\/03\/shutterstock_1715702371-1-min.jpg","type":"image\/jpeg"}],"twitter_card":"summary_large_image","twitter_misc":{"Tiempo de lectura":"1 minuto"},"schema":{"@context":"https:\/\/schema.org","@graph":[{"@type":"WebPage","@id":"https:\/\/www.heartfailurematters.org\/es\/signos-de-alarma\/mayor-hinchazon-de-las-piernas-o-los-tobillos\/","url":"https:\/\/www.heartfailurematters.org\/es\/signos-de-alarma\/mayor-hinchazon-de-las-piernas-o-los-tobillos\/","name":"Hinchaz\u00f3n de piernas o tobillos e insuficiencia card\u00edaca","isPartOf":{"@id":"https:\/\/www.heartfailurematters.org\/es\/#website"},"primaryImageOfPage":{"@id":"https:\/\/www.heartfailurematters.org\/es\/signos-de-alarma\/mayor-hinchazon-de-las-piernas-o-los-tobillos\/#primaryimage"},"image":{"@id":"https:\/\/www.heartfailurematters.org\/es\/signos-de-alarma\/mayor-hinchazon-de-las-piernas-o-los-tobillos\/#primaryimage"},"thumbnailUrl":"https:\/\/www.heartfailurematters.org\/wp-content\/uploads\/2022\/03\/shutterstock_1715702371-1-min.jpg","datePublished":"2021-01-27T22:09:10+00:00","dateModified":"2026-01-16T14:19:03+00:00","description":"La acumulaci\u00f3n de l\u00edquido en el cuerpo causa la hinchaz\u00f3n de piernas y tobillos, y podr\u00eda ser un signo de empeoramiento de la insuficiencia card\u00edaca. M\u00e1s informaci\u00f3n aqu\u00ed.","breadcrumb":{"@id":"https:\/\/www.heartfailurematters.org\/es\/signos-de-alarma\/mayor-hinchazon-de-las-piernas-o-los-tobillos\/#breadcrumb"},"inLanguage":"es","potentialAction":[{"@type":"ReadAction","target":["https:\/\/www.heartfailurematters.org\/es\/signos-de-alarma\/mayor-hinchazon-de-las-piernas-o-los-tobillos\/"]}]},{"@type":"ImageObject","inLanguage":"es","@id":"https:\/\/www.heartfailurematters.org\/es\/signos-de-alarma\/mayor-hinchazon-de-las-piernas-o-los-tobillos\/#primaryimage","url":"https:\/\/www.heartfailurematters.org\/wp-content\/uploads\/2022\/03\/shutterstock_1715702371-1-min.jpg","contentUrl":"https:\/\/www.heartfailurematters.org\/wp-content\/uploads\/2022\/03\/shutterstock_1715702371-1-min.jpg","width":900,"height":600},{"@type":"BreadcrumbList","@id":"https:\/\/www.heartfailurematters.org\/es\/signos-de-alarma\/mayor-hinchazon-de-las-piernas-o-los-tobillos\/#breadcrumb","itemListElement":[{"@type":"ListItem","position":1,"name":"Inicio","item":"https:\/\/www.heartfailurematters.org\/es\/"},{"@type":"ListItem","position":2,"name":"Signos de alarma","item":"https:\/\/www.heartfailurematters.org\/es\/signos-de-alarma\/"},{"@type":"ListItem","position":3,"name":"Aumento de la hinchaz\u00f3n de piernas o tobillos"}]},{"@type":"WebSite","@id":"https:\/\/www.heartfailurematters.org\/es\/#website","url":"https:\/\/www.heartfailurematters.org\/es\/","name":"Heart Failure Matters","description":"Practical information for patients, families and caregivers.","publisher":{"@id":"https:\/\/www.heartfailurematters.org\/es\/#organization"},"potentialAction":[{"@type":"SearchAction","target":{"@type":"EntryPoint","urlTemplate":"https:\/\/www.heartfailurematters.org\/es\/?s={search_term_string}"},"query-input":{"@type":"PropertyValueSpecification","valueRequired":true,"valueName":"search_term_string"}}],"inLanguage":"es"},{"@type":"Organization","@id":"https:\/\/www.heartfailurematters.org\/es\/#organization","name":"Heart Failure Matters","url":"https:\/\/www.heartfailurematters.org\/es\/","logo":{"@type":"ImageObject","inLanguage":"es","@id":"https:\/\/www.heartfailurematters.org\/es\/#\/schema\/logo\/image\/","url":"https:\/\/cdn-endpoint-hfm.azureedge.net\/heartfailurematters\/2024\/07\/hfm-logo1.jpg","contentUrl":"https:\/\/cdn-endpoint-hfm.azureedge.net\/heartfailurematters\/2024\/07\/hfm-logo1.jpg","width":1280,"height":720,"caption":"Heart Failure Matters"},"image":{"@id":"https:\/\/www.heartfailurematters.org\/es\/#\/schema\/logo\/image\/"},"sameAs":["https:\/\/www.facebook.com\/heartfailurematters"]}]}},"_links":{"self":[{"href":"https:\/\/www.heartfailurematters.org\/es\/wp-json\/wp\/v2\/pages\/2264","targetHints":{"allow":["GET"]}}],"collection":[{"href":"https:\/\/www.heartfailurematters.org\/es\/wp-json\/wp\/v2\/pages"}],"about":[{"href":"https:\/\/www.heartfailurematters.org\/es\/wp-json\/wp\/v2\/types\/page"}],"author":[{"embeddable":true,"href":"https:\/\/www.heartfailurematters.org\/es\/wp-json\/wp\/v2\/users\/1"}],"replies":[{"embeddable":true,"href":"https:\/\/www.heartfailurematters.org\/es\/wp-json\/wp\/v2\/comments?post=2264"}],"version-history":[{"count":1,"href":"https:\/\/www.heartfailurematters.org\/es\/wp-json\/wp\/v2\/pages\/2264\/revisions"}],"predecessor-version":[{"id":13814,"href":"https:\/\/www.heartfailurematters.org\/es\/wp-json\/wp\/v2\/pages\/2264\/revisions\/13814"}],"up":[{"embeddable":true,"href":"https:\/\/www.heartfailurematters.org\/es\/wp-json\/wp\/v2\/pages\/2869"}],"wp:featuredmedia":[{"embeddable":true,"href":"https:\/\/www.heartfailurematters.org\/es\/wp-json\/wp\/v2\/media\/11217"}],"wp:attachment":[{"href":"https:\/\/www.heartfailurematters.org\/es\/wp-json\/wp\/v2\/media?parent=2264"}],"wp:term":[{"taxonomy":"category","embeddable":true,"href":"https:\/\/www.heartfailurematters.org\/es\/wp-json\/wp\/v2\/categories?post=2264"},{"taxonomy":"post_tag","embeddable":true,"href":"https:\/\/www.heartfailurematters.org\/es\/wp-json\/wp\/v2\/tags?post=2264"}],"curies":[{"name":"wp","href":"https:\/\/api.w.org\/{rel}","templated":true}]}}