{"id":2263,"date":"2021-01-27T22:09:10","date_gmt":"2021-01-27T22:09:10","guid":{"rendered":"http:\/\/heartfailurematters.local:8888\/depresion-y-ansiedad\/"},"modified":"2022-01-25T15:27:55","modified_gmt":"2022-01-25T15:27:55","slug":"depresion-y-ansiedad","status":"publish","type":"page","link":"https:\/\/www.heartfailurematters.org\/es\/conocer-la-insuficiencia-cardiaca\/depresion-y-ansiedad\/","title":{"rendered":"Depresi\u00f3n y ansiedad"},"content":{"rendered":"<p>Es muy frecuente que las personas con insuficiencia card\u00edaca se sientan deprimidas, intranquilas o ansiosas.<\/p>\n<p>La insuficiencia card\u00edaca es una enfermedad grave y los s\u00edntomas pueden provocar agotamiento y exasperaci\u00f3n. La disnea puede producir constricci\u00f3n, adem\u00e1s de intranquilidad y ansiedad. Los s\u00edntomas pueden impedir que participe en actividades sociales habituales, con la consiguiente limitaci\u00f3n de su red social. Tambi\u00e9n es posible que tenga que depender de la ayuda de familiares y amigos, lo que puede motivar que se sienta una carga para ellos.<\/p>\n<p>Es importante adoptar una actitud positiva; sabemos que enfrentarse a su enfermedad con una actitud positiva contribuir\u00e1 a mejorar su calidad de vida. Hable de sus preocupaciones con su m\u00e9dico o enfermera. T\u00f3mese los medicamentos que le haya recetado su m\u00e9dico, puesto que le aliviar\u00e1n los s\u00edntomas y se sentir\u00e1 m\u00e1s c\u00f3modo. Aunque la insuficiencia card\u00edaca no suele tener cura, es mucho lo que usted y su m\u00e9dico pueden hacer para mejorar su calidad de vida. <a title=\"To learn more about dealing with your emotions\" href=\"https:\/\/www.heartfailurematters.org\/es\/vivir-con-insuficiencia-cardiaca\/sus-emociones\/\">Haga clic aqu\u00ed <\/a>para obtener m\u00e1s informaci\u00f3n sobre c\u00f3mo afrontar sus emociones y gestionar su insuficiencia card\u00edaca.<\/p>\n<p><a title=\"Return to Symptoms\" href=\"https:\/\/www.heartfailurematters.org\/es\/conocer-la-insuficiencia-cardiaca\/sintomas-de-la-insuficiencia-cardiaca\/\">Volver a S\u00edntomas<\/a><\/p>\n","protected":false},"excerpt":{"rendered":"<p>Es muy frecuente que las personas con insuficiencia card\u00edaca se sientan deprimidas, intranquilas o ansiosas. La insuficiencia card\u00edaca es una enfermedad grave y los s\u00edntomas pueden provocar agotamiento y exasperaci\u00f3n. La disnea puede producir constricci\u00f3n, adem\u00e1s de intranquilidad y ansiedad. Los s\u00edntomas pueden impedir que participe en actividades sociales habituales, con la consiguiente limitaci\u00f3n de [&hellip;]<\/p>\n","protected":false},"author":1,"featured_media":0,"parent":2155,"menu_order":0,"comment_status":"open","ping_status":"open","template":"","meta":{"_acf_changed":false,"footnotes":""},"categories":[],"tags":[],"class_list":["post-2263","page","type-page","status-publish","hentry"],"acf":[],"yoast_head":"<!-- This site is optimized with the Yoast SEO plugin v24.8.1 - https:\/\/yoast.com\/wordpress\/plugins\/seo\/ -->\n<title>Gestionar la depresi\u00f3n, ansiedad e insuficiencia card\u00edaca<\/title>\n<meta name=\"description\" content=\"Las personas con insuficiencia card\u00edaca pueden sentirse deprimidas, inquietas o ansiosas. A continuaci\u00f3n le damos algunos consejos para gestionar sus emociones\" \/>\n<meta name=\"robots\" content=\"index, follow, max-snippet:-1, max-image-preview:large, max-video-preview:-1\" \/>\n<link rel=\"canonical\" href=\"https:\/\/www.heartfailurematters.org\/es\/conocer-la-insuficiencia-cardiaca\/depresion-y-ansiedad\/\" \/>\n<meta property=\"og:locale\" content=\"es_ES\" \/>\n<meta property=\"og:type\" content=\"article\" \/>\n<meta property=\"og:title\" content=\"Gestionar la depresi\u00f3n, ansiedad e insuficiencia card\u00edaca\" \/>\n<meta property=\"og:description\" content=\"Las personas con insuficiencia card\u00edaca pueden sentirse deprimidas, inquietas o ansiosas. A continuaci\u00f3n le damos algunos consejos para gestionar sus emociones\" \/>\n<meta property=\"og:url\" content=\"https:\/\/www.heartfailurematters.org\/es\/conocer-la-insuficiencia-cardiaca\/depresion-y-ansiedad\/\" \/>\n<meta property=\"og:site_name\" content=\"Heart Failure Matters\" \/>\n<meta property=\"article:publisher\" content=\"https:\/\/www.facebook.com\/heartfailurematters\" \/>\n<meta property=\"article:modified_time\" content=\"2022-01-25T15:27:55+00:00\" \/>\n<meta name=\"twitter:card\" content=\"summary_large_image\" \/>\n<meta name=\"twitter:label1\" content=\"Tiempo de lectura\" \/>\n\t<meta name=\"twitter:data1\" content=\"1 minuto\" \/>\n<script type=\"application\/ld+json\" class=\"yoast-schema-graph\">{\"@context\":\"https:\/\/schema.org\",\"@graph\":[{\"@type\":\"WebPage\",\"@id\":\"https:\/\/www.heartfailurematters.org\/es\/conocer-la-insuficiencia-cardiaca\/depresion-y-ansiedad\/\",\"url\":\"https:\/\/www.heartfailurematters.org\/es\/conocer-la-insuficiencia-cardiaca\/depresion-y-ansiedad\/\",\"name\":\"Gestionar la depresi\u00f3n, ansiedad e insuficiencia card\u00edaca\",\"isPartOf\":{\"@id\":\"https:\/\/www.heartfailurematters.org\/es\/#website\"},\"datePublished\":\"2021-01-27T22:09:10+00:00\",\"dateModified\":\"2022-01-25T15:27:55+00:00\",\"description\":\"Las personas con insuficiencia card\u00edaca pueden sentirse deprimidas, inquietas o ansiosas. A continuaci\u00f3n le damos algunos consejos para gestionar sus emociones\",\"breadcrumb\":{\"@id\":\"https:\/\/www.heartfailurematters.org\/es\/conocer-la-insuficiencia-cardiaca\/depresion-y-ansiedad\/#breadcrumb\"},\"inLanguage\":\"es\",\"potentialAction\":[{\"@type\":\"ReadAction\",\"target\":[\"https:\/\/www.heartfailurematters.org\/es\/conocer-la-insuficiencia-cardiaca\/depresion-y-ansiedad\/\"]}]},{\"@type\":\"BreadcrumbList\",\"@id\":\"https:\/\/www.heartfailurematters.org\/es\/conocer-la-insuficiencia-cardiaca\/depresion-y-ansiedad\/#breadcrumb\",\"itemListElement\":[{\"@type\":\"ListItem\",\"position\":1,\"name\":\"Inicio\",\"item\":\"https:\/\/www.heartfailurematters.org\/es\/\"},{\"@type\":\"ListItem\",\"position\":2,\"name\":\"Conocer la insuficiencia card\u00edaca\",\"item\":\"https:\/\/www.heartfailurematters.org\/es\/conocer-la-insuficiencia-cardiaca\/\"},{\"@type\":\"ListItem\",\"position\":3,\"name\":\"Depresi\u00f3n y ansiedad\"}]},{\"@type\":\"WebSite\",\"@id\":\"https:\/\/www.heartfailurematters.org\/es\/#website\",\"url\":\"https:\/\/www.heartfailurematters.org\/es\/\",\"name\":\"Heart Failure Matters\",\"description\":\"Practical information for patients, families and caregivers.\",\"publisher\":{\"@id\":\"https:\/\/www.heartfailurematters.org\/es\/#organization\"},\"potentialAction\":[{\"@type\":\"SearchAction\",\"target\":{\"@type\":\"EntryPoint\",\"urlTemplate\":\"https:\/\/www.heartfailurematters.org\/es\/?s={search_term_string}\"},\"query-input\":{\"@type\":\"PropertyValueSpecification\",\"valueRequired\":true,\"valueName\":\"search_term_string\"}}],\"inLanguage\":\"es\"},{\"@type\":\"Organization\",\"@id\":\"https:\/\/www.heartfailurematters.org\/es\/#organization\",\"name\":\"Heart Failure Matters\",\"url\":\"https:\/\/www.heartfailurematters.org\/es\/\",\"logo\":{\"@type\":\"ImageObject\",\"inLanguage\":\"es\",\"@id\":\"https:\/\/www.heartfailurematters.org\/es\/#\/schema\/logo\/image\/\",\"url\":\"https:\/\/cdn-endpoint-hfm.azureedge.net\/heartfailurematters\/2024\/07\/hfm-logo1.jpg\",\"contentUrl\":\"https:\/\/cdn-endpoint-hfm.azureedge.net\/heartfailurematters\/2024\/07\/hfm-logo1.jpg\",\"width\":1280,\"height\":720,\"caption\":\"Heart Failure Matters\"},\"image\":{\"@id\":\"https:\/\/www.heartfailurematters.org\/es\/#\/schema\/logo\/image\/\"},\"sameAs\":[\"https:\/\/www.facebook.com\/heartfailurematters\"]}]}<\/script>\n<!-- \/ Yoast SEO plugin. -->","yoast_head_json":{"title":"Gestionar la depresi\u00f3n, ansiedad e insuficiencia card\u00edaca","description":"Las personas con insuficiencia card\u00edaca pueden sentirse deprimidas, inquietas o ansiosas. A continuaci\u00f3n le damos algunos consejos para gestionar sus emociones","robots":{"index":"index","follow":"follow","max-snippet":"max-snippet:-1","max-image-preview":"max-image-preview:large","max-video-preview":"max-video-preview:-1"},"canonical":"https:\/\/www.heartfailurematters.org\/es\/conocer-la-insuficiencia-cardiaca\/depresion-y-ansiedad\/","og_locale":"es_ES","og_type":"article","og_title":"Gestionar la depresi\u00f3n, ansiedad e insuficiencia card\u00edaca","og_description":"Las personas con insuficiencia card\u00edaca pueden sentirse deprimidas, inquietas o ansiosas. A continuaci\u00f3n le damos algunos consejos para gestionar sus emociones","og_url":"https:\/\/www.heartfailurematters.org\/es\/conocer-la-insuficiencia-cardiaca\/depresion-y-ansiedad\/","og_site_name":"Heart Failure Matters","article_publisher":"https:\/\/www.facebook.com\/heartfailurematters","article_modified_time":"2022-01-25T15:27:55+00:00","twitter_card":"summary_large_image","twitter_misc":{"Tiempo de lectura":"1 minuto"},"schema":{"@context":"https:\/\/schema.org","@graph":[{"@type":"WebPage","@id":"https:\/\/www.heartfailurematters.org\/es\/conocer-la-insuficiencia-cardiaca\/depresion-y-ansiedad\/","url":"https:\/\/www.heartfailurematters.org\/es\/conocer-la-insuficiencia-cardiaca\/depresion-y-ansiedad\/","name":"Gestionar la depresi\u00f3n, ansiedad e insuficiencia card\u00edaca","isPartOf":{"@id":"https:\/\/www.heartfailurematters.org\/es\/#website"},"datePublished":"2021-01-27T22:09:10+00:00","dateModified":"2022-01-25T15:27:55+00:00","description":"Las personas con insuficiencia card\u00edaca pueden sentirse deprimidas, inquietas o ansiosas. A continuaci\u00f3n le damos algunos consejos para gestionar sus emociones","breadcrumb":{"@id":"https:\/\/www.heartfailurematters.org\/es\/conocer-la-insuficiencia-cardiaca\/depresion-y-ansiedad\/#breadcrumb"},"inLanguage":"es","potentialAction":[{"@type":"ReadAction","target":["https:\/\/www.heartfailurematters.org\/es\/conocer-la-insuficiencia-cardiaca\/depresion-y-ansiedad\/"]}]},{"@type":"BreadcrumbList","@id":"https:\/\/www.heartfailurematters.org\/es\/conocer-la-insuficiencia-cardiaca\/depresion-y-ansiedad\/#breadcrumb","itemListElement":[{"@type":"ListItem","position":1,"name":"Inicio","item":"https:\/\/www.heartfailurematters.org\/es\/"},{"@type":"ListItem","position":2,"name":"Conocer la insuficiencia card\u00edaca","item":"https:\/\/www.heartfailurematters.org\/es\/conocer-la-insuficiencia-cardiaca\/"},{"@type":"ListItem","position":3,"name":"Depresi\u00f3n y ansiedad"}]},{"@type":"WebSite","@id":"https:\/\/www.heartfailurematters.org\/es\/#website","url":"https:\/\/www.heartfailurematters.org\/es\/","name":"Heart Failure Matters","description":"Practical information for patients, families and caregivers.","publisher":{"@id":"https:\/\/www.heartfailurematters.org\/es\/#organization"},"potentialAction":[{"@type":"SearchAction","target":{"@type":"EntryPoint","urlTemplate":"https:\/\/www.heartfailurematters.org\/es\/?s={search_term_string}"},"query-input":{"@type":"PropertyValueSpecification","valueRequired":true,"valueName":"search_term_string"}}],"inLanguage":"es"},{"@type":"Organization","@id":"https:\/\/www.heartfailurematters.org\/es\/#organization","name":"Heart Failure Matters","url":"https:\/\/www.heartfailurematters.org\/es\/","logo":{"@type":"ImageObject","inLanguage":"es","@id":"https:\/\/www.heartfailurematters.org\/es\/#\/schema\/logo\/image\/","url":"https:\/\/cdn-endpoint-hfm.azureedge.net\/heartfailurematters\/2024\/07\/hfm-logo1.jpg","contentUrl":"https:\/\/cdn-endpoint-hfm.azureedge.net\/heartfailurematters\/2024\/07\/hfm-logo1.jpg","width":1280,"height":720,"caption":"Heart Failure Matters"},"image":{"@id":"https:\/\/www.heartfailurematters.org\/es\/#\/schema\/logo\/image\/"},"sameAs":["https:\/\/www.facebook.com\/heartfailurematters"]}]}},"_links":{"self":[{"href":"https:\/\/www.heartfailurematters.org\/es\/wp-json\/wp\/v2\/pages\/2263","targetHints":{"allow":["GET"]}}],"collection":[{"href":"https:\/\/www.heartfailurematters.org\/es\/wp-json\/wp\/v2\/pages"}],"about":[{"href":"https:\/\/www.heartfailurematters.org\/es\/wp-json\/wp\/v2\/types\/page"}],"author":[{"embeddable":true,"href":"https:\/\/www.heartfailurematters.org\/es\/wp-json\/wp\/v2\/users\/1"}],"replies":[{"embeddable":true,"href":"https:\/\/www.heartfailurematters.org\/es\/wp-json\/wp\/v2\/comments?post=2263"}],"version-history":[{"count":1,"href":"https:\/\/www.heartfailurematters.org\/es\/wp-json\/wp\/v2\/pages\/2263\/revisions"}],"predecessor-version":[{"id":9535,"href":"https:\/\/www.heartfailurematters.org\/es\/wp-json\/wp\/v2\/pages\/2263\/revisions\/9535"}],"up":[{"embeddable":true,"href":"https:\/\/www.heartfailurematters.org\/es\/wp-json\/wp\/v2\/pages\/2155"}],"wp:attachment":[{"href":"https:\/\/www.heartfailurematters.org\/es\/wp-json\/wp\/v2\/media?parent=2263"}],"wp:term":[{"taxonomy":"category","embeddable":true,"href":"https:\/\/www.heartfailurematters.org\/es\/wp-json\/wp\/v2\/categories?post=2263"},{"taxonomy":"post_tag","embeddable":true,"href":"https:\/\/www.heartfailurematters.org\/es\/wp-json\/wp\/v2\/tags?post=2263"}],"curies":[{"name":"wp","href":"https:\/\/api.w.org\/{rel}","templated":true}]}}