{"id":2262,"date":"2021-01-27T22:09:10","date_gmt":"2021-01-27T22:09:10","guid":{"rendered":"http:\/\/heartfailurematters.local:8888\/consejos-para-recordar-que-tiene-que-tomarse-sus-medicamentos\/"},"modified":"2022-01-25T16:12:28","modified_gmt":"2022-01-25T16:12:28","slug":"consejos-para-recordar-que-tiene-que-tomarse-sus-medicamentos","status":"publish","type":"page","link":"https:\/\/www.heartfailurematters.org\/es\/lo-que-puede-hacer-usted\/consejos-para-recordar-que-tiene-que-tomarse-sus-medicamentos\/","title":{"rendered":"Consejos para recordar que tiene que tomarse sus medicamentos"},"content":{"rendered":"<p>&nbsp;<\/p>\n<h2>Por qu\u00e9 necesita tomarlos<\/h2>\n<p>Es importante tomar los medicamentos para obtener los mejores resultados posibles del tratamiento.<\/p>\n<h2>Consejos y m\u00e9todos para recordar que tiene que tomarse los medicamentos<\/h2>\n<p>Puede que le hayan recetado varios medicamentos para la insuficiencia card\u00edaca y que tenga que tomarlos en diferentes momentos del d\u00eda. Los consejos y m\u00e9todos siguientes pueden ayudarle a recordar que tiene que tomarse los medicamentos en el momento correcto:<\/p>\n<ul>\n<li>Cuelgue un gr\u00e1fico en la pared con los nombres de los medicamentos, la dosis y el momento del d\u00eda en que tiene que tom\u00e1rselos.<\/li>\n<li>C\u00f3mprese un pastillero que indique los d\u00edas de la semana y las horas del d\u00eda. Normalmente puede comprarlo en la farmacia. Ll\u00e9nelo al principio de la semana para llevar el control. P\u00eddale a un familiar o a la enfermera que compruebe el pastillero para ver que todo va bien.<\/li>\n<li>Ponga una alarma para recordarle que tienen que tomar un medicamento a una hora concreta.<\/li>\n<li>Informe a sus familiares y amigos sobre su r\u00e9gimen terap\u00e9utico para que se lo puedan recordar.<\/li>\n<li>T\u00f3mese los medicamentos a la misma hora para establecer un h\u00e1bito diario, al igual que hace cuando se lava los dientes, desayuna o cena.<\/li>\n<li>Recuerde llevarse los medicamentos cuando salga de casa y luego aseg\u00farese de tom\u00e1rselos a su hora indicada.<\/li>\n<li>Ll\u00e9vese una cantidad suficiente de medicaci\u00f3n cuando se marche de vacaciones, y siempre m\u00e9tala en el equipaje de mano.<\/li>\n<li>Renueve sus recetas antes de tiempo para no quedarse sin medicaci\u00f3n.<\/li>\n<li>Si tiene problemas para organizar los distintos comprimidos, consulte con su farmac\u00e9utico o m\u00e9dico de atenci\u00f3n primaria. Algunos farmac\u00e9uticos le proporcionar\u00e1n bl\u00edsteres con los comprimidos ya ordenados en dosis diarias.<\/li>\n<li>Si no puede salir de casa y tiene problemas para tomar sus comprimidos, su m\u00e9dico de atenci\u00f3n primaria dispondr\u00e1 que le visite una enfermera y le ayude en el manejo de su medicaci\u00f3n.<\/li>\n<\/ul>\n<h2>Otros medicamentos con y sin receta<\/h2>\n<p>Algunos f\u00e1rmacos con receta pueden interaccionar con las pastillas y causarle efectos secundarios si se los toma juntos. Debe recordar tambi\u00e9n que algunos medicamentos sin receta interaccionan con su medicaci\u00f3n para la insuficiencia card\u00edaca. Consulte con su m\u00e9dico o farmac\u00e9utico antes de empezar a tomar otros medicamentos con o sin receta.<\/p>\n<p><a title=\"Volver a Manejar sus medicamentos\" href=\"https:\/\/www.heartfailurematters.org\/es\/lo-que-puede-hacer-usted\/manejar-sus-medicamentos\/\">Volver a Manejar sus medicamentos<\/a><\/p>\n","protected":false},"excerpt":{"rendered":"<p>&nbsp; Por qu\u00e9 necesita tomarlos Es importante tomar los medicamentos para obtener los mejores resultados posibles del tratamiento. Consejos y m\u00e9todos para recordar que tiene que tomarse los medicamentos Puede que le hayan recetado varios medicamentos para la insuficiencia card\u00edaca y que tenga que tomarlos en diferentes momentos del d\u00eda. Los consejos y m\u00e9todos siguientes [&hellip;]<\/p>\n","protected":false},"author":1,"featured_media":0,"parent":2720,"menu_order":0,"comment_status":"open","ping_status":"open","template":"","meta":{"_acf_changed":false,"footnotes":""},"categories":[],"tags":[],"class_list":["post-2262","page","type-page","status-publish","hentry"],"acf":[],"yoast_head":"<!-- This site is optimized with the Yoast SEO plugin v24.8.1 - https:\/\/yoast.com\/wordpress\/plugins\/seo\/ -->\n<title>Consejos para recordar que tiene que tomarse sus medicamentos - Heart Failure Matters<\/title>\n<meta name=\"description\" content=\"Es importante que tome sus medicamentos para obtener los mejores resultados posibles. Descubra c\u00f3mo puede acordarse de tomar sus medicamentos\" \/>\n<meta name=\"robots\" content=\"index, follow, max-snippet:-1, max-image-preview:large, max-video-preview:-1\" \/>\n<link rel=\"canonical\" href=\"https:\/\/www.heartfailurematters.org\/es\/lo-que-puede-hacer-usted\/consejos-para-recordar-que-tiene-que-tomarse-sus-medicamentos\/\" \/>\n<meta property=\"og:locale\" content=\"es_ES\" \/>\n<meta property=\"og:type\" content=\"article\" \/>\n<meta property=\"og:title\" content=\"Consejos para recordar que tiene que tomarse sus medicamentos - Heart Failure Matters\" \/>\n<meta property=\"og:description\" content=\"Es importante que tome sus medicamentos para obtener los mejores resultados posibles. Descubra c\u00f3mo puede acordarse de tomar sus medicamentos\" \/>\n<meta property=\"og:url\" content=\"https:\/\/www.heartfailurematters.org\/es\/lo-que-puede-hacer-usted\/consejos-para-recordar-que-tiene-que-tomarse-sus-medicamentos\/\" \/>\n<meta property=\"og:site_name\" content=\"Heart Failure Matters\" \/>\n<meta property=\"article:publisher\" content=\"https:\/\/www.facebook.com\/heartfailurematters\" \/>\n<meta property=\"article:modified_time\" content=\"2022-01-25T16:12:28+00:00\" \/>\n<meta name=\"twitter:card\" content=\"summary_large_image\" \/>\n<meta name=\"twitter:label1\" content=\"Tiempo de lectura\" \/>\n\t<meta name=\"twitter:data1\" content=\"2 minutos\" \/>\n<script type=\"application\/ld+json\" class=\"yoast-schema-graph\">{\"@context\":\"https:\/\/schema.org\",\"@graph\":[{\"@type\":\"WebPage\",\"@id\":\"https:\/\/www.heartfailurematters.org\/es\/lo-que-puede-hacer-usted\/consejos-para-recordar-que-tiene-que-tomarse-sus-medicamentos\/\",\"url\":\"https:\/\/www.heartfailurematters.org\/es\/lo-que-puede-hacer-usted\/consejos-para-recordar-que-tiene-que-tomarse-sus-medicamentos\/\",\"name\":\"Consejos para recordar que tiene que tomarse sus medicamentos - Heart Failure Matters\",\"isPartOf\":{\"@id\":\"https:\/\/www.heartfailurematters.org\/es\/#website\"},\"datePublished\":\"2021-01-27T22:09:10+00:00\",\"dateModified\":\"2022-01-25T16:12:28+00:00\",\"description\":\"Es importante que tome sus medicamentos para obtener los mejores resultados posibles. Descubra c\u00f3mo puede acordarse de tomar sus medicamentos\",\"breadcrumb\":{\"@id\":\"https:\/\/www.heartfailurematters.org\/es\/lo-que-puede-hacer-usted\/consejos-para-recordar-que-tiene-que-tomarse-sus-medicamentos\/#breadcrumb\"},\"inLanguage\":\"es\",\"potentialAction\":[{\"@type\":\"ReadAction\",\"target\":[\"https:\/\/www.heartfailurematters.org\/es\/lo-que-puede-hacer-usted\/consejos-para-recordar-que-tiene-que-tomarse-sus-medicamentos\/\"]}]},{\"@type\":\"BreadcrumbList\",\"@id\":\"https:\/\/www.heartfailurematters.org\/es\/lo-que-puede-hacer-usted\/consejos-para-recordar-que-tiene-que-tomarse-sus-medicamentos\/#breadcrumb\",\"itemListElement\":[{\"@type\":\"ListItem\",\"position\":1,\"name\":\"Inicio\",\"item\":\"https:\/\/www.heartfailurematters.org\/es\/\"},{\"@type\":\"ListItem\",\"position\":2,\"name\":\"\u00bfQu\u00e9 puede hacer usted?\",\"item\":\"https:\/\/www.heartfailurematters.org\/es\/lo-que-puede-hacer-usted\/\"},{\"@type\":\"ListItem\",\"position\":3,\"name\":\"Consejos para recordar que tiene que tomarse sus medicamentos\"}]},{\"@type\":\"WebSite\",\"@id\":\"https:\/\/www.heartfailurematters.org\/es\/#website\",\"url\":\"https:\/\/www.heartfailurematters.org\/es\/\",\"name\":\"Heart Failure Matters\",\"description\":\"Practical information for patients, families and caregivers.\",\"publisher\":{\"@id\":\"https:\/\/www.heartfailurematters.org\/es\/#organization\"},\"potentialAction\":[{\"@type\":\"SearchAction\",\"target\":{\"@type\":\"EntryPoint\",\"urlTemplate\":\"https:\/\/www.heartfailurematters.org\/es\/?s={search_term_string}\"},\"query-input\":{\"@type\":\"PropertyValueSpecification\",\"valueRequired\":true,\"valueName\":\"search_term_string\"}}],\"inLanguage\":\"es\"},{\"@type\":\"Organization\",\"@id\":\"https:\/\/www.heartfailurematters.org\/es\/#organization\",\"name\":\"Heart Failure Matters\",\"url\":\"https:\/\/www.heartfailurematters.org\/es\/\",\"logo\":{\"@type\":\"ImageObject\",\"inLanguage\":\"es\",\"@id\":\"https:\/\/www.heartfailurematters.org\/es\/#\/schema\/logo\/image\/\",\"url\":\"https:\/\/cdn-endpoint-hfm.azureedge.net\/heartfailurematters\/2024\/07\/hfm-logo1.jpg\",\"contentUrl\":\"https:\/\/cdn-endpoint-hfm.azureedge.net\/heartfailurematters\/2024\/07\/hfm-logo1.jpg\",\"width\":1280,\"height\":720,\"caption\":\"Heart Failure Matters\"},\"image\":{\"@id\":\"https:\/\/www.heartfailurematters.org\/es\/#\/schema\/logo\/image\/\"},\"sameAs\":[\"https:\/\/www.facebook.com\/heartfailurematters\"]}]}<\/script>\n<!-- \/ Yoast SEO plugin. -->","yoast_head_json":{"title":"Consejos para recordar que tiene que tomarse sus medicamentos - Heart Failure Matters","description":"Es importante que tome sus medicamentos para obtener los mejores resultados posibles. Descubra c\u00f3mo puede acordarse de tomar sus medicamentos","robots":{"index":"index","follow":"follow","max-snippet":"max-snippet:-1","max-image-preview":"max-image-preview:large","max-video-preview":"max-video-preview:-1"},"canonical":"https:\/\/www.heartfailurematters.org\/es\/lo-que-puede-hacer-usted\/consejos-para-recordar-que-tiene-que-tomarse-sus-medicamentos\/","og_locale":"es_ES","og_type":"article","og_title":"Consejos para recordar que tiene que tomarse sus medicamentos - Heart Failure Matters","og_description":"Es importante que tome sus medicamentos para obtener los mejores resultados posibles. Descubra c\u00f3mo puede acordarse de tomar sus medicamentos","og_url":"https:\/\/www.heartfailurematters.org\/es\/lo-que-puede-hacer-usted\/consejos-para-recordar-que-tiene-que-tomarse-sus-medicamentos\/","og_site_name":"Heart Failure Matters","article_publisher":"https:\/\/www.facebook.com\/heartfailurematters","article_modified_time":"2022-01-25T16:12:28+00:00","twitter_card":"summary_large_image","twitter_misc":{"Tiempo de lectura":"2 minutos"},"schema":{"@context":"https:\/\/schema.org","@graph":[{"@type":"WebPage","@id":"https:\/\/www.heartfailurematters.org\/es\/lo-que-puede-hacer-usted\/consejos-para-recordar-que-tiene-que-tomarse-sus-medicamentos\/","url":"https:\/\/www.heartfailurematters.org\/es\/lo-que-puede-hacer-usted\/consejos-para-recordar-que-tiene-que-tomarse-sus-medicamentos\/","name":"Consejos para recordar que tiene que tomarse sus medicamentos - Heart Failure Matters","isPartOf":{"@id":"https:\/\/www.heartfailurematters.org\/es\/#website"},"datePublished":"2021-01-27T22:09:10+00:00","dateModified":"2022-01-25T16:12:28+00:00","description":"Es importante que tome sus medicamentos para obtener los mejores resultados posibles. Descubra c\u00f3mo puede acordarse de tomar sus medicamentos","breadcrumb":{"@id":"https:\/\/www.heartfailurematters.org\/es\/lo-que-puede-hacer-usted\/consejos-para-recordar-que-tiene-que-tomarse-sus-medicamentos\/#breadcrumb"},"inLanguage":"es","potentialAction":[{"@type":"ReadAction","target":["https:\/\/www.heartfailurematters.org\/es\/lo-que-puede-hacer-usted\/consejos-para-recordar-que-tiene-que-tomarse-sus-medicamentos\/"]}]},{"@type":"BreadcrumbList","@id":"https:\/\/www.heartfailurematters.org\/es\/lo-que-puede-hacer-usted\/consejos-para-recordar-que-tiene-que-tomarse-sus-medicamentos\/#breadcrumb","itemListElement":[{"@type":"ListItem","position":1,"name":"Inicio","item":"https:\/\/www.heartfailurematters.org\/es\/"},{"@type":"ListItem","position":2,"name":"\u00bfQu\u00e9 puede hacer usted?","item":"https:\/\/www.heartfailurematters.org\/es\/lo-que-puede-hacer-usted\/"},{"@type":"ListItem","position":3,"name":"Consejos para recordar que tiene que tomarse sus medicamentos"}]},{"@type":"WebSite","@id":"https:\/\/www.heartfailurematters.org\/es\/#website","url":"https:\/\/www.heartfailurematters.org\/es\/","name":"Heart Failure Matters","description":"Practical information for patients, families and caregivers.","publisher":{"@id":"https:\/\/www.heartfailurematters.org\/es\/#organization"},"potentialAction":[{"@type":"SearchAction","target":{"@type":"EntryPoint","urlTemplate":"https:\/\/www.heartfailurematters.org\/es\/?s={search_term_string}"},"query-input":{"@type":"PropertyValueSpecification","valueRequired":true,"valueName":"search_term_string"}}],"inLanguage":"es"},{"@type":"Organization","@id":"https:\/\/www.heartfailurematters.org\/es\/#organization","name":"Heart Failure Matters","url":"https:\/\/www.heartfailurematters.org\/es\/","logo":{"@type":"ImageObject","inLanguage":"es","@id":"https:\/\/www.heartfailurematters.org\/es\/#\/schema\/logo\/image\/","url":"https:\/\/cdn-endpoint-hfm.azureedge.net\/heartfailurematters\/2024\/07\/hfm-logo1.jpg","contentUrl":"https:\/\/cdn-endpoint-hfm.azureedge.net\/heartfailurematters\/2024\/07\/hfm-logo1.jpg","width":1280,"height":720,"caption":"Heart Failure Matters"},"image":{"@id":"https:\/\/www.heartfailurematters.org\/es\/#\/schema\/logo\/image\/"},"sameAs":["https:\/\/www.facebook.com\/heartfailurematters"]}]}},"_links":{"self":[{"href":"https:\/\/www.heartfailurematters.org\/es\/wp-json\/wp\/v2\/pages\/2262","targetHints":{"allow":["GET"]}}],"collection":[{"href":"https:\/\/www.heartfailurematters.org\/es\/wp-json\/wp\/v2\/pages"}],"about":[{"href":"https:\/\/www.heartfailurematters.org\/es\/wp-json\/wp\/v2\/types\/page"}],"author":[{"embeddable":true,"href":"https:\/\/www.heartfailurematters.org\/es\/wp-json\/wp\/v2\/users\/1"}],"replies":[{"embeddable":true,"href":"https:\/\/www.heartfailurematters.org\/es\/wp-json\/wp\/v2\/comments?post=2262"}],"version-history":[{"count":2,"href":"https:\/\/www.heartfailurematters.org\/es\/wp-json\/wp\/v2\/pages\/2262\/revisions"}],"predecessor-version":[{"id":10465,"href":"https:\/\/www.heartfailurematters.org\/es\/wp-json\/wp\/v2\/pages\/2262\/revisions\/10465"}],"up":[{"embeddable":true,"href":"https:\/\/www.heartfailurematters.org\/es\/wp-json\/wp\/v2\/pages\/2720"}],"wp:attachment":[{"href":"https:\/\/www.heartfailurematters.org\/es\/wp-json\/wp\/v2\/media?parent=2262"}],"wp:term":[{"taxonomy":"category","embeddable":true,"href":"https:\/\/www.heartfailurematters.org\/es\/wp-json\/wp\/v2\/categories?post=2262"},{"taxonomy":"post_tag","embeddable":true,"href":"https:\/\/www.heartfailurematters.org\/es\/wp-json\/wp\/v2\/tags?post=2262"}],"curies":[{"name":"wp","href":"https:\/\/api.w.org\/{rel}","templated":true}]}}