{"id":2261,"date":"2021-01-27T22:09:10","date_gmt":"2021-01-27T22:09:10","guid":{"rendered":"http:\/\/heartfailurematters.local:8888\/historial-clinico-y-exploracion-fisica\/"},"modified":"2022-01-25T15:33:51","modified_gmt":"2022-01-25T15:33:51","slug":"historial-clinico-y-exploracion-fisica","status":"publish","type":"page","link":"https:\/\/www.heartfailurematters.org\/es\/conocer-la-insuficiencia-cardiaca\/historial-clinico-y-exploracion-fisica\/","title":{"rendered":"Historial cl\u00ednico y exploraci\u00f3n f\u00edsica"},"content":{"rendered":"<p><img decoding=\"async\" class=\"alignleft size-full wp-image-6702\" src=\"https:\/\/cdn-endpoint-hfm.azureedge.net\/heartfailurematters\/2021\/02\/General-physician-1.jpg\" alt=\"\" width=\"211\" height=\"206\" \/><\/p>\n<p>Lo primero que har\u00e1 el m\u00e9dico si sospecha que usted padece insuficiencia card\u00edaca es el <a class=\"addtooltip\" title=\"&lt;div id='ToolTipTextWrap'&gt;historial cl\u00ednico&lt;\/div&gt;&lt;p&gt; Detalles de los s\u00edntomas, las enfermedades y tratamientos recientes o antiguos, las intervenciones quir\u00fargicas u operaciones anteriores, el uso de medicamentos y los antecedentes familiares de una persona.&lt;\/p&gt;\"><strong>historial cl\u00ednico<\/strong><\/a> y una exploraci\u00f3n minuciosa de su cuerpo. Es importante para determinar los s\u00edntomas que presente en ese momento, pero tambi\u00e9n para averiguar la causa de su insuficiencia card\u00edaca. Durante el <a class=\"addtooltip\" title=\"&lt;div id='ToolTipTextWrap'&gt;historial cl\u00ednico&lt;\/div&gt;&lt;p&gt; Detalles de los s\u00edntomas, las enfermedades y tratamientos recientes o antiguos, las intervenciones quir\u00fargicas u operaciones anteriores, el uso de medicamentos y los antecedentes familiares de una persona.&lt;\/p&gt;\"><strong>historial cl\u00ednico<\/strong><\/a> y la <a class=\"addtooltip\" title=\"&lt;div id='ToolTipTextWrap'&gt;exploraci\u00f3n f\u00edsica&lt;\/div&gt;&lt;p&gt; Una inspecci\u00f3n minuciosa del paciente en busca de indicios de enfermedad o anomal\u00edas.&lt;\/p&gt;\"><strong>exploraci\u00f3n f\u00edsica<\/strong><\/a>, su m\u00e9dico le preguntar\u00e1 por sus s\u00edntomas, sus enfermedades anteriores o recientes, la actividad f\u00edsica, la respiraci\u00f3n, el sue\u00f1o, la alimentaci\u00f3n y otras actividades. Una vez que el m\u00e9dico haya realizado el historial cl\u00ednico, efectuar\u00e1 una <a class=\"addtooltip\" title=\"&lt;div id='ToolTipTextWrap'&gt;exploraci\u00f3n f\u00edsica&lt;\/div&gt;&lt;p&gt; Una inspecci\u00f3n minuciosa del paciente en busca de indicios de enfermedad o anomal\u00edas.&lt;\/p&gt;\"><strong>exploraci\u00f3n f\u00edsica<\/strong><\/a>, que incluye los aspectos m\u00e1s \u00fatiles para diagnosticar la insuficiencia card\u00edaca:<\/p>\n<ul>\n<li>Medici\u00f3n de la presi\u00f3n arterial y del pulso. La hipertensi\u00f3n arterial impone una carga adicional al coraz\u00f3n y una frecuencia card\u00edaca irregular y\/o r\u00e1pida podr\u00eda indicar que el coraz\u00f3n est\u00e1 intentando bombear con m\u00e1s rapidez para compensar.<\/li>\n<li>Evaluaci\u00f3n del color y la temperatura de la piel.<\/li>\n<li>Exploraci\u00f3n de las venas del cuello. Si la sangre est\u00e1 retenida en el coraz\u00f3n, las venas del cuello pueden estar hinchadas o abultadas.<\/li>\n<li>Aplicaci\u00f3n de un estetoscopio para escuchar la respiraci\u00f3n y el coraz\u00f3n. La presencia de un sonido de crepitaci\u00f3n en los pulmones o de sibilancias puede indicar <a class=\"addtooltip\" title=\"&lt;div id='ToolTipTextWrap'&gt;acumulaci\u00f3n de l\u00edquido&lt;\/div&gt;&lt;p&gt; Cuando hay demasiado l\u00edquido en la sangre que circula por el organismo y hay congesti\u00f3n, la presi\u00f3n aumenta en los vasos sangu\u00edneos. Entonces, el l\u00edquido se escapa a los tejidos circundantes, donde se acumula causando edema.&lt;\/p&gt;\"><strong>acumulaci\u00f3n de l\u00edquido<\/strong><\/a> en los pulmones. Los ruidos card\u00edacos anormales (soplos) pueden revelar defectos valvulares.<\/li>\n<li>Comprobaci\u00f3n de la presencia de hinchaz\u00f3n abdominal causada por acumulaci\u00f3n de l\u00edquido.<\/li>\n<li>Comprobaci\u00f3n de la presencia de hinchaz\u00f3n en los tobillos y las piernas causada por acumulaci\u00f3n de l\u00edquido.<\/li>\n<li>Determinaci\u00f3n del peso corporal.<\/li>\n<\/ul>\n<p><a title=\"\" href=\"https:\/\/www.heartfailurematters.org\/es\/conocer-la-insuficiencia-cardiaca\/pruebas-habituales-para-diagnosticar-la-insuficiencia-cardiaca\/\">Volver a Pruebas habituales para diagnosticar la insuficiencia card\u00edaca<\/a><\/p>\n","protected":false},"excerpt":{"rendered":"<p>Lo primero que har\u00e1 el m\u00e9dico si sospecha que usted padece insuficiencia card\u00edaca es el historial cl\u00ednico y una exploraci\u00f3n minuciosa de su cuerpo. Es importante para determinar los s\u00edntomas que presente en ese momento, pero tambi\u00e9n para averiguar la causa de su insuficiencia card\u00edaca. Durante el historial cl\u00ednico y la exploraci\u00f3n f\u00edsica, su m\u00e9dico [&hellip;]<\/p>\n","protected":false},"author":1,"featured_media":10620,"parent":2155,"menu_order":0,"comment_status":"open","ping_status":"open","template":"","meta":{"_acf_changed":false,"footnotes":""},"categories":[],"tags":[],"class_list":["post-2261","page","type-page","status-publish","has-post-thumbnail","hentry"],"acf":[],"yoast_head":"<!-- This site is optimized with the Yoast SEO plugin v24.8.1 - https:\/\/yoast.com\/wordpress\/plugins\/seo\/ -->\n<title>Historial cl\u00ednico y exploraci\u00f3n f\u00edsica - Heart Failure Matters<\/title>\n<meta name=\"description\" content=\"Lo primero que un m\u00e9dico har\u00e1, si sospecha que padece insuficiencia card\u00edaca, es realizarle una historia cl\u00ednica y una exploraci\u00f3n f\u00edsica minuciosa.\" \/>\n<meta name=\"robots\" content=\"index, follow, max-snippet:-1, max-image-preview:large, max-video-preview:-1\" \/>\n<link rel=\"canonical\" href=\"https:\/\/www.heartfailurematters.org\/es\/conocer-la-insuficiencia-cardiaca\/historial-clinico-y-exploracion-fisica\/\" \/>\n<meta property=\"og:locale\" content=\"es_ES\" \/>\n<meta property=\"og:type\" content=\"article\" \/>\n<meta property=\"og:title\" content=\"Historial cl\u00ednico y exploraci\u00f3n f\u00edsica - Heart Failure Matters\" \/>\n<meta property=\"og:description\" content=\"Lo primero que un m\u00e9dico har\u00e1, si sospecha que padece insuficiencia card\u00edaca, es realizarle una historia cl\u00ednica y una exploraci\u00f3n f\u00edsica minuciosa.\" \/>\n<meta property=\"og:url\" content=\"https:\/\/www.heartfailurematters.org\/es\/conocer-la-insuficiencia-cardiaca\/historial-clinico-y-exploracion-fisica\/\" \/>\n<meta property=\"og:site_name\" content=\"Heart Failure Matters\" \/>\n<meta property=\"article:publisher\" content=\"https:\/\/www.facebook.com\/heartfailurematters\" \/>\n<meta property=\"article:modified_time\" content=\"2022-01-25T15:33:51+00:00\" \/>\n<meta property=\"og:image\" content=\"https:\/\/www.heartfailurematters.org\/wp-content\/uploads\/2022\/02\/shutterstock_470730977-1-min.jpg\" \/>\n\t<meta property=\"og:image:width\" content=\"900\" \/>\n\t<meta property=\"og:image:height\" content=\"590\" \/>\n\t<meta property=\"og:image:type\" content=\"image\/jpeg\" \/>\n<meta name=\"twitter:card\" content=\"summary_large_image\" \/>\n<meta name=\"twitter:label1\" content=\"Tiempo de lectura\" \/>\n\t<meta name=\"twitter:data1\" content=\"2 minutos\" \/>\n<script type=\"application\/ld+json\" class=\"yoast-schema-graph\">{\"@context\":\"https:\/\/schema.org\",\"@graph\":[{\"@type\":\"WebPage\",\"@id\":\"https:\/\/www.heartfailurematters.org\/es\/conocer-la-insuficiencia-cardiaca\/historial-clinico-y-exploracion-fisica\/\",\"url\":\"https:\/\/www.heartfailurematters.org\/es\/conocer-la-insuficiencia-cardiaca\/historial-clinico-y-exploracion-fisica\/\",\"name\":\"Historial cl\u00ednico y exploraci\u00f3n f\u00edsica - Heart Failure Matters\",\"isPartOf\":{\"@id\":\"https:\/\/www.heartfailurematters.org\/es\/#website\"},\"primaryImageOfPage\":{\"@id\":\"https:\/\/www.heartfailurematters.org\/es\/conocer-la-insuficiencia-cardiaca\/historial-clinico-y-exploracion-fisica\/#primaryimage\"},\"image\":{\"@id\":\"https:\/\/www.heartfailurematters.org\/es\/conocer-la-insuficiencia-cardiaca\/historial-clinico-y-exploracion-fisica\/#primaryimage\"},\"thumbnailUrl\":\"https:\/\/www.heartfailurematters.org\/wp-content\/uploads\/2022\/02\/shutterstock_470730977-1-min.jpg\",\"datePublished\":\"2021-01-27T22:09:10+00:00\",\"dateModified\":\"2022-01-25T15:33:51+00:00\",\"description\":\"Lo primero que un m\u00e9dico har\u00e1, si sospecha que padece insuficiencia card\u00edaca, es realizarle una historia cl\u00ednica y una exploraci\u00f3n f\u00edsica minuciosa.\",\"breadcrumb\":{\"@id\":\"https:\/\/www.heartfailurematters.org\/es\/conocer-la-insuficiencia-cardiaca\/historial-clinico-y-exploracion-fisica\/#breadcrumb\"},\"inLanguage\":\"es\",\"potentialAction\":[{\"@type\":\"ReadAction\",\"target\":[\"https:\/\/www.heartfailurematters.org\/es\/conocer-la-insuficiencia-cardiaca\/historial-clinico-y-exploracion-fisica\/\"]}]},{\"@type\":\"ImageObject\",\"inLanguage\":\"es\",\"@id\":\"https:\/\/www.heartfailurematters.org\/es\/conocer-la-insuficiencia-cardiaca\/historial-clinico-y-exploracion-fisica\/#primaryimage\",\"url\":\"https:\/\/www.heartfailurematters.org\/wp-content\/uploads\/2022\/02\/shutterstock_470730977-1-min.jpg\",\"contentUrl\":\"https:\/\/www.heartfailurematters.org\/wp-content\/uploads\/2022\/02\/shutterstock_470730977-1-min.jpg\",\"width\":900,\"height\":590},{\"@type\":\"BreadcrumbList\",\"@id\":\"https:\/\/www.heartfailurematters.org\/es\/conocer-la-insuficiencia-cardiaca\/historial-clinico-y-exploracion-fisica\/#breadcrumb\",\"itemListElement\":[{\"@type\":\"ListItem\",\"position\":1,\"name\":\"Inicio\",\"item\":\"https:\/\/www.heartfailurematters.org\/es\/\"},{\"@type\":\"ListItem\",\"position\":2,\"name\":\"Conocer la insuficiencia card\u00edaca\",\"item\":\"https:\/\/www.heartfailurematters.org\/es\/conocer-la-insuficiencia-cardiaca\/\"},{\"@type\":\"ListItem\",\"position\":3,\"name\":\"Historial cl\u00ednico y exploraci\u00f3n f\u00edsica\"}]},{\"@type\":\"WebSite\",\"@id\":\"https:\/\/www.heartfailurematters.org\/es\/#website\",\"url\":\"https:\/\/www.heartfailurematters.org\/es\/\",\"name\":\"Heart Failure Matters\",\"description\":\"Practical information for patients, families and caregivers.\",\"publisher\":{\"@id\":\"https:\/\/www.heartfailurematters.org\/es\/#organization\"},\"potentialAction\":[{\"@type\":\"SearchAction\",\"target\":{\"@type\":\"EntryPoint\",\"urlTemplate\":\"https:\/\/www.heartfailurematters.org\/es\/?s={search_term_string}\"},\"query-input\":{\"@type\":\"PropertyValueSpecification\",\"valueRequired\":true,\"valueName\":\"search_term_string\"}}],\"inLanguage\":\"es\"},{\"@type\":\"Organization\",\"@id\":\"https:\/\/www.heartfailurematters.org\/es\/#organization\",\"name\":\"Heart Failure Matters\",\"url\":\"https:\/\/www.heartfailurematters.org\/es\/\",\"logo\":{\"@type\":\"ImageObject\",\"inLanguage\":\"es\",\"@id\":\"https:\/\/www.heartfailurematters.org\/es\/#\/schema\/logo\/image\/\",\"url\":\"https:\/\/cdn-endpoint-hfm.azureedge.net\/heartfailurematters\/2024\/07\/hfm-logo1.jpg\",\"contentUrl\":\"https:\/\/cdn-endpoint-hfm.azureedge.net\/heartfailurematters\/2024\/07\/hfm-logo1.jpg\",\"width\":1280,\"height\":720,\"caption\":\"Heart Failure Matters\"},\"image\":{\"@id\":\"https:\/\/www.heartfailurematters.org\/es\/#\/schema\/logo\/image\/\"},\"sameAs\":[\"https:\/\/www.facebook.com\/heartfailurematters\"]}]}<\/script>\n<!-- \/ Yoast SEO plugin. -->","yoast_head_json":{"title":"Historial cl\u00ednico y exploraci\u00f3n f\u00edsica - Heart Failure Matters","description":"Lo primero que un m\u00e9dico har\u00e1, si sospecha que padece insuficiencia card\u00edaca, es realizarle una historia cl\u00ednica y una exploraci\u00f3n f\u00edsica minuciosa.","robots":{"index":"index","follow":"follow","max-snippet":"max-snippet:-1","max-image-preview":"max-image-preview:large","max-video-preview":"max-video-preview:-1"},"canonical":"https:\/\/www.heartfailurematters.org\/es\/conocer-la-insuficiencia-cardiaca\/historial-clinico-y-exploracion-fisica\/","og_locale":"es_ES","og_type":"article","og_title":"Historial cl\u00ednico y exploraci\u00f3n f\u00edsica - Heart Failure Matters","og_description":"Lo primero que un m\u00e9dico har\u00e1, si sospecha que padece insuficiencia card\u00edaca, es realizarle una historia cl\u00ednica y una exploraci\u00f3n f\u00edsica minuciosa.","og_url":"https:\/\/www.heartfailurematters.org\/es\/conocer-la-insuficiencia-cardiaca\/historial-clinico-y-exploracion-fisica\/","og_site_name":"Heart Failure Matters","article_publisher":"https:\/\/www.facebook.com\/heartfailurematters","article_modified_time":"2022-01-25T15:33:51+00:00","og_image":[{"width":900,"height":590,"url":"https:\/\/www.heartfailurematters.org\/wp-content\/uploads\/2022\/02\/shutterstock_470730977-1-min.jpg","type":"image\/jpeg"}],"twitter_card":"summary_large_image","twitter_misc":{"Tiempo de lectura":"2 minutos"},"schema":{"@context":"https:\/\/schema.org","@graph":[{"@type":"WebPage","@id":"https:\/\/www.heartfailurematters.org\/es\/conocer-la-insuficiencia-cardiaca\/historial-clinico-y-exploracion-fisica\/","url":"https:\/\/www.heartfailurematters.org\/es\/conocer-la-insuficiencia-cardiaca\/historial-clinico-y-exploracion-fisica\/","name":"Historial cl\u00ednico y exploraci\u00f3n f\u00edsica - Heart Failure Matters","isPartOf":{"@id":"https:\/\/www.heartfailurematters.org\/es\/#website"},"primaryImageOfPage":{"@id":"https:\/\/www.heartfailurematters.org\/es\/conocer-la-insuficiencia-cardiaca\/historial-clinico-y-exploracion-fisica\/#primaryimage"},"image":{"@id":"https:\/\/www.heartfailurematters.org\/es\/conocer-la-insuficiencia-cardiaca\/historial-clinico-y-exploracion-fisica\/#primaryimage"},"thumbnailUrl":"https:\/\/www.heartfailurematters.org\/wp-content\/uploads\/2022\/02\/shutterstock_470730977-1-min.jpg","datePublished":"2021-01-27T22:09:10+00:00","dateModified":"2022-01-25T15:33:51+00:00","description":"Lo primero que un m\u00e9dico har\u00e1, si sospecha que padece insuficiencia card\u00edaca, es realizarle una historia cl\u00ednica y una exploraci\u00f3n f\u00edsica minuciosa.","breadcrumb":{"@id":"https:\/\/www.heartfailurematters.org\/es\/conocer-la-insuficiencia-cardiaca\/historial-clinico-y-exploracion-fisica\/#breadcrumb"},"inLanguage":"es","potentialAction":[{"@type":"ReadAction","target":["https:\/\/www.heartfailurematters.org\/es\/conocer-la-insuficiencia-cardiaca\/historial-clinico-y-exploracion-fisica\/"]}]},{"@type":"ImageObject","inLanguage":"es","@id":"https:\/\/www.heartfailurematters.org\/es\/conocer-la-insuficiencia-cardiaca\/historial-clinico-y-exploracion-fisica\/#primaryimage","url":"https:\/\/www.heartfailurematters.org\/wp-content\/uploads\/2022\/02\/shutterstock_470730977-1-min.jpg","contentUrl":"https:\/\/www.heartfailurematters.org\/wp-content\/uploads\/2022\/02\/shutterstock_470730977-1-min.jpg","width":900,"height":590},{"@type":"BreadcrumbList","@id":"https:\/\/www.heartfailurematters.org\/es\/conocer-la-insuficiencia-cardiaca\/historial-clinico-y-exploracion-fisica\/#breadcrumb","itemListElement":[{"@type":"ListItem","position":1,"name":"Inicio","item":"https:\/\/www.heartfailurematters.org\/es\/"},{"@type":"ListItem","position":2,"name":"Conocer la insuficiencia card\u00edaca","item":"https:\/\/www.heartfailurematters.org\/es\/conocer-la-insuficiencia-cardiaca\/"},{"@type":"ListItem","position":3,"name":"Historial cl\u00ednico y exploraci\u00f3n f\u00edsica"}]},{"@type":"WebSite","@id":"https:\/\/www.heartfailurematters.org\/es\/#website","url":"https:\/\/www.heartfailurematters.org\/es\/","name":"Heart Failure Matters","description":"Practical information for patients, families and caregivers.","publisher":{"@id":"https:\/\/www.heartfailurematters.org\/es\/#organization"},"potentialAction":[{"@type":"SearchAction","target":{"@type":"EntryPoint","urlTemplate":"https:\/\/www.heartfailurematters.org\/es\/?s={search_term_string}"},"query-input":{"@type":"PropertyValueSpecification","valueRequired":true,"valueName":"search_term_string"}}],"inLanguage":"es"},{"@type":"Organization","@id":"https:\/\/www.heartfailurematters.org\/es\/#organization","name":"Heart Failure Matters","url":"https:\/\/www.heartfailurematters.org\/es\/","logo":{"@type":"ImageObject","inLanguage":"es","@id":"https:\/\/www.heartfailurematters.org\/es\/#\/schema\/logo\/image\/","url":"https:\/\/cdn-endpoint-hfm.azureedge.net\/heartfailurematters\/2024\/07\/hfm-logo1.jpg","contentUrl":"https:\/\/cdn-endpoint-hfm.azureedge.net\/heartfailurematters\/2024\/07\/hfm-logo1.jpg","width":1280,"height":720,"caption":"Heart Failure Matters"},"image":{"@id":"https:\/\/www.heartfailurematters.org\/es\/#\/schema\/logo\/image\/"},"sameAs":["https:\/\/www.facebook.com\/heartfailurematters"]}]}},"_links":{"self":[{"href":"https:\/\/www.heartfailurematters.org\/es\/wp-json\/wp\/v2\/pages\/2261","targetHints":{"allow":["GET"]}}],"collection":[{"href":"https:\/\/www.heartfailurematters.org\/es\/wp-json\/wp\/v2\/pages"}],"about":[{"href":"https:\/\/www.heartfailurematters.org\/es\/wp-json\/wp\/v2\/types\/page"}],"author":[{"embeddable":true,"href":"https:\/\/www.heartfailurematters.org\/es\/wp-json\/wp\/v2\/users\/1"}],"replies":[{"embeddable":true,"href":"https:\/\/www.heartfailurematters.org\/es\/wp-json\/wp\/v2\/comments?post=2261"}],"version-history":[{"count":2,"href":"https:\/\/www.heartfailurematters.org\/es\/wp-json\/wp\/v2\/pages\/2261\/revisions"}],"predecessor-version":[{"id":10445,"href":"https:\/\/www.heartfailurematters.org\/es\/wp-json\/wp\/v2\/pages\/2261\/revisions\/10445"}],"up":[{"embeddable":true,"href":"https:\/\/www.heartfailurematters.org\/es\/wp-json\/wp\/v2\/pages\/2155"}],"wp:featuredmedia":[{"embeddable":true,"href":"https:\/\/www.heartfailurematters.org\/es\/wp-json\/wp\/v2\/media\/10620"}],"wp:attachment":[{"href":"https:\/\/www.heartfailurematters.org\/es\/wp-json\/wp\/v2\/media?parent=2261"}],"wp:term":[{"taxonomy":"category","embeddable":true,"href":"https:\/\/www.heartfailurematters.org\/es\/wp-json\/wp\/v2\/categories?post=2261"},{"taxonomy":"post_tag","embeddable":true,"href":"https:\/\/www.heartfailurematters.org\/es\/wp-json\/wp\/v2\/tags?post=2261"}],"curies":[{"name":"wp","href":"https:\/\/api.w.org\/{rel}","templated":true}]}}