{"id":2259,"date":"2021-01-27T22:09:10","date_gmt":"2021-01-27T22:09:10","guid":{"rendered":"http:\/\/heartfailurematters.local:8888\/preguntas-para-su-medico-o-enfermera\/"},"modified":"2021-08-12T11:05:24","modified_gmt":"2021-08-12T10:05:24","slug":"preguntas-para-su-medico-o-enfermera","status":"publish","type":"page","link":"https:\/\/www.heartfailurematters.org\/es\/vivir-con-insuficiencia-cardiaca\/preguntas-para-su-medico-o-enfermera\/","title":{"rendered":"Preguntas para su m\u00e9dico o enfermera"},"content":{"rendered":"<p>Al empezar a preparar un plan de <a class=\"addtooltip\" title=\"A document that details the treatments and procedures you want or don't want to be considered at the end of your life. \"><strong title=\"\">voluntades anticipadas<\/strong><\/a>, es importante disponer de una informaci\u00f3n precisa y actualizada sobre su enfermedad. La persona m\u00e1s adecuada para proporcionarle tal informaci\u00f3n es su m\u00e9dico o enfermera u otros profesionales sanitarios que participen en su tratamiento. Para saber en qu\u00e9 podr\u00eda consistir su tratamiento, puede hacer a su m\u00e9dico o enfermera preguntas parecidas a las que se mencionan a continuaci\u00f3n:<\/p>\n<ul>\n<li>\u00bfEst\u00e1 bien controlada mi insuficiencia card\u00edaca con los medicamentos que estoy tomando?<\/li>\n<li>\u00bfEst\u00e1 empeorando mi insuficiencia card\u00edaca?<\/li>\n<li>\u00bfQu\u00e9 otras opciones hay si mis medicamentos dejan de tener un efecto satisfactorio en la insuficiencia card\u00edaca?<\/li>\n<li>\u00bfC\u00f3mo me puede ayudar si mi insuficiencia card\u00edaca empeora? \u00bfO a qui\u00e9n deber\u00eda dirigirme?<\/li>\n<\/ul>\n<p><a title=\"Return to Planning for the end of life\" href=\"https:\/\/www.heartfailurematters.org\/es\/vivir-con-insuficiencia-cardiaca\/planificar-el-final-de-la-vida\/\">Volver a Planificar el final de la vida<\/a><\/p>\n","protected":false},"excerpt":{"rendered":"<p>Al empezar a preparar un plan de voluntades anticipadas, es importante disponer de una informaci\u00f3n precisa y actualizada sobre su enfermedad. La persona m\u00e1s adecuada para proporcionarle tal informaci\u00f3n es su m\u00e9dico o enfermera u otros profesionales sanitarios que participen en su tratamiento. Para saber en qu\u00e9 podr\u00eda consistir su tratamiento, puede hacer a su [&hellip;]<\/p>\n","protected":false},"author":1,"featured_media":10542,"parent":2817,"menu_order":0,"comment_status":"open","ping_status":"open","template":"","meta":{"_acf_changed":false,"footnotes":""},"categories":[],"tags":[],"class_list":["post-2259","page","type-page","status-publish","has-post-thumbnail","hentry"],"acf":[],"yoast_head":"<!-- This site is optimized with the Yoast SEO plugin v24.8.1 - https:\/\/yoast.com\/wordpress\/plugins\/seo\/ -->\n<title>Preguntas para su m\u00e9dico o enfermera - Heart Failure Matters<\/title>\n<meta name=\"description\" content=\"A medida que comience a preparar un plan anticipado de atenci\u00f3n, es importante que disponga de informaci\u00f3n precisa y actualizada sobre su enfermedad. Descubra m\u00e1s aqu\u00ed.\" \/>\n<meta name=\"robots\" content=\"index, follow, max-snippet:-1, max-image-preview:large, max-video-preview:-1\" \/>\n<link rel=\"canonical\" href=\"https:\/\/www.heartfailurematters.org\/es\/vivir-con-insuficiencia-cardiaca\/preguntas-para-su-medico-o-enfermera\/\" \/>\n<meta property=\"og:locale\" content=\"es_ES\" \/>\n<meta property=\"og:type\" content=\"article\" \/>\n<meta property=\"og:title\" content=\"Preguntas para su m\u00e9dico o enfermera - Heart Failure Matters\" \/>\n<meta property=\"og:description\" content=\"A medida que comience a preparar un plan anticipado de atenci\u00f3n, es importante que disponga de informaci\u00f3n precisa y actualizada sobre su enfermedad. Descubra m\u00e1s aqu\u00ed.\" \/>\n<meta property=\"og:url\" content=\"https:\/\/www.heartfailurematters.org\/es\/vivir-con-insuficiencia-cardiaca\/preguntas-para-su-medico-o-enfermera\/\" \/>\n<meta property=\"og:site_name\" content=\"Heart Failure Matters\" \/>\n<meta property=\"article:publisher\" content=\"https:\/\/www.facebook.com\/heartfailurematters\" \/>\n<meta property=\"article:modified_time\" content=\"2021-08-12T10:05:24+00:00\" \/>\n<meta property=\"og:image\" content=\"https:\/\/www.heartfailurematters.org\/wp-content\/uploads\/2022\/02\/shutterstock_258402434-1-min.jpg\" \/>\n\t<meta property=\"og:image:width\" content=\"900\" \/>\n\t<meta property=\"og:image:height\" content=\"475\" \/>\n\t<meta property=\"og:image:type\" content=\"image\/jpeg\" \/>\n<meta name=\"twitter:card\" content=\"summary_large_image\" \/>\n<meta name=\"twitter:label1\" content=\"Tiempo de lectura\" \/>\n\t<meta name=\"twitter:data1\" content=\"1 minuto\" \/>\n<script type=\"application\/ld+json\" class=\"yoast-schema-graph\">{\"@context\":\"https:\/\/schema.org\",\"@graph\":[{\"@type\":\"WebPage\",\"@id\":\"https:\/\/www.heartfailurematters.org\/es\/vivir-con-insuficiencia-cardiaca\/preguntas-para-su-medico-o-enfermera\/\",\"url\":\"https:\/\/www.heartfailurematters.org\/es\/vivir-con-insuficiencia-cardiaca\/preguntas-para-su-medico-o-enfermera\/\",\"name\":\"Preguntas para su m\u00e9dico o enfermera - Heart Failure Matters\",\"isPartOf\":{\"@id\":\"https:\/\/www.heartfailurematters.org\/es\/#website\"},\"primaryImageOfPage\":{\"@id\":\"https:\/\/www.heartfailurematters.org\/es\/vivir-con-insuficiencia-cardiaca\/preguntas-para-su-medico-o-enfermera\/#primaryimage\"},\"image\":{\"@id\":\"https:\/\/www.heartfailurematters.org\/es\/vivir-con-insuficiencia-cardiaca\/preguntas-para-su-medico-o-enfermera\/#primaryimage\"},\"thumbnailUrl\":\"https:\/\/www.heartfailurematters.org\/wp-content\/uploads\/2022\/02\/shutterstock_258402434-1-min.jpg\",\"datePublished\":\"2021-01-27T22:09:10+00:00\",\"dateModified\":\"2021-08-12T10:05:24+00:00\",\"description\":\"A medida que comience a preparar un plan anticipado de atenci\u00f3n, es importante que disponga de informaci\u00f3n precisa y actualizada sobre su enfermedad. Descubra m\u00e1s aqu\u00ed.\",\"breadcrumb\":{\"@id\":\"https:\/\/www.heartfailurematters.org\/es\/vivir-con-insuficiencia-cardiaca\/preguntas-para-su-medico-o-enfermera\/#breadcrumb\"},\"inLanguage\":\"es\",\"potentialAction\":[{\"@type\":\"ReadAction\",\"target\":[\"https:\/\/www.heartfailurematters.org\/es\/vivir-con-insuficiencia-cardiaca\/preguntas-para-su-medico-o-enfermera\/\"]}]},{\"@type\":\"ImageObject\",\"inLanguage\":\"es\",\"@id\":\"https:\/\/www.heartfailurematters.org\/es\/vivir-con-insuficiencia-cardiaca\/preguntas-para-su-medico-o-enfermera\/#primaryimage\",\"url\":\"https:\/\/www.heartfailurematters.org\/wp-content\/uploads\/2022\/02\/shutterstock_258402434-1-min.jpg\",\"contentUrl\":\"https:\/\/www.heartfailurematters.org\/wp-content\/uploads\/2022\/02\/shutterstock_258402434-1-min.jpg\",\"width\":900,\"height\":475},{\"@type\":\"BreadcrumbList\",\"@id\":\"https:\/\/www.heartfailurematters.org\/es\/vivir-con-insuficiencia-cardiaca\/preguntas-para-su-medico-o-enfermera\/#breadcrumb\",\"itemListElement\":[{\"@type\":\"ListItem\",\"position\":1,\"name\":\"Inicio\",\"item\":\"https:\/\/www.heartfailurematters.org\/es\/\"},{\"@type\":\"ListItem\",\"position\":2,\"name\":\"Vivir con insuficiencia card\u00edaca\",\"item\":\"https:\/\/www.heartfailurematters.org\/es\/vivir-con-insuficiencia-cardiaca\/\"},{\"@type\":\"ListItem\",\"position\":3,\"name\":\"Preguntas para su m\u00e9dico o enfermera\"}]},{\"@type\":\"WebSite\",\"@id\":\"https:\/\/www.heartfailurematters.org\/es\/#website\",\"url\":\"https:\/\/www.heartfailurematters.org\/es\/\",\"name\":\"Heart Failure Matters\",\"description\":\"Practical information for patients, families and caregivers.\",\"publisher\":{\"@id\":\"https:\/\/www.heartfailurematters.org\/es\/#organization\"},\"potentialAction\":[{\"@type\":\"SearchAction\",\"target\":{\"@type\":\"EntryPoint\",\"urlTemplate\":\"https:\/\/www.heartfailurematters.org\/es\/?s={search_term_string}\"},\"query-input\":{\"@type\":\"PropertyValueSpecification\",\"valueRequired\":true,\"valueName\":\"search_term_string\"}}],\"inLanguage\":\"es\"},{\"@type\":\"Organization\",\"@id\":\"https:\/\/www.heartfailurematters.org\/es\/#organization\",\"name\":\"Heart Failure Matters\",\"url\":\"https:\/\/www.heartfailurematters.org\/es\/\",\"logo\":{\"@type\":\"ImageObject\",\"inLanguage\":\"es\",\"@id\":\"https:\/\/www.heartfailurematters.org\/es\/#\/schema\/logo\/image\/\",\"url\":\"https:\/\/cdn-endpoint-hfm.azureedge.net\/heartfailurematters\/2024\/07\/hfm-logo1.jpg\",\"contentUrl\":\"https:\/\/cdn-endpoint-hfm.azureedge.net\/heartfailurematters\/2024\/07\/hfm-logo1.jpg\",\"width\":1280,\"height\":720,\"caption\":\"Heart Failure Matters\"},\"image\":{\"@id\":\"https:\/\/www.heartfailurematters.org\/es\/#\/schema\/logo\/image\/\"},\"sameAs\":[\"https:\/\/www.facebook.com\/heartfailurematters\"]}]}<\/script>\n<!-- \/ Yoast SEO plugin. -->","yoast_head_json":{"title":"Preguntas para su m\u00e9dico o enfermera - Heart Failure Matters","description":"A medida que comience a preparar un plan anticipado de atenci\u00f3n, es importante que disponga de informaci\u00f3n precisa y actualizada sobre su enfermedad. Descubra m\u00e1s aqu\u00ed.","robots":{"index":"index","follow":"follow","max-snippet":"max-snippet:-1","max-image-preview":"max-image-preview:large","max-video-preview":"max-video-preview:-1"},"canonical":"https:\/\/www.heartfailurematters.org\/es\/vivir-con-insuficiencia-cardiaca\/preguntas-para-su-medico-o-enfermera\/","og_locale":"es_ES","og_type":"article","og_title":"Preguntas para su m\u00e9dico o enfermera - Heart Failure Matters","og_description":"A medida que comience a preparar un plan anticipado de atenci\u00f3n, es importante que disponga de informaci\u00f3n precisa y actualizada sobre su enfermedad. Descubra m\u00e1s aqu\u00ed.","og_url":"https:\/\/www.heartfailurematters.org\/es\/vivir-con-insuficiencia-cardiaca\/preguntas-para-su-medico-o-enfermera\/","og_site_name":"Heart Failure Matters","article_publisher":"https:\/\/www.facebook.com\/heartfailurematters","article_modified_time":"2021-08-12T10:05:24+00:00","og_image":[{"width":900,"height":475,"url":"https:\/\/www.heartfailurematters.org\/wp-content\/uploads\/2022\/02\/shutterstock_258402434-1-min.jpg","type":"image\/jpeg"}],"twitter_card":"summary_large_image","twitter_misc":{"Tiempo de lectura":"1 minuto"},"schema":{"@context":"https:\/\/schema.org","@graph":[{"@type":"WebPage","@id":"https:\/\/www.heartfailurematters.org\/es\/vivir-con-insuficiencia-cardiaca\/preguntas-para-su-medico-o-enfermera\/","url":"https:\/\/www.heartfailurematters.org\/es\/vivir-con-insuficiencia-cardiaca\/preguntas-para-su-medico-o-enfermera\/","name":"Preguntas para su m\u00e9dico o enfermera - Heart Failure Matters","isPartOf":{"@id":"https:\/\/www.heartfailurematters.org\/es\/#website"},"primaryImageOfPage":{"@id":"https:\/\/www.heartfailurematters.org\/es\/vivir-con-insuficiencia-cardiaca\/preguntas-para-su-medico-o-enfermera\/#primaryimage"},"image":{"@id":"https:\/\/www.heartfailurematters.org\/es\/vivir-con-insuficiencia-cardiaca\/preguntas-para-su-medico-o-enfermera\/#primaryimage"},"thumbnailUrl":"https:\/\/www.heartfailurematters.org\/wp-content\/uploads\/2022\/02\/shutterstock_258402434-1-min.jpg","datePublished":"2021-01-27T22:09:10+00:00","dateModified":"2021-08-12T10:05:24+00:00","description":"A medida que comience a preparar un plan anticipado de atenci\u00f3n, es importante que disponga de informaci\u00f3n precisa y actualizada sobre su enfermedad. Descubra m\u00e1s aqu\u00ed.","breadcrumb":{"@id":"https:\/\/www.heartfailurematters.org\/es\/vivir-con-insuficiencia-cardiaca\/preguntas-para-su-medico-o-enfermera\/#breadcrumb"},"inLanguage":"es","potentialAction":[{"@type":"ReadAction","target":["https:\/\/www.heartfailurematters.org\/es\/vivir-con-insuficiencia-cardiaca\/preguntas-para-su-medico-o-enfermera\/"]}]},{"@type":"ImageObject","inLanguage":"es","@id":"https:\/\/www.heartfailurematters.org\/es\/vivir-con-insuficiencia-cardiaca\/preguntas-para-su-medico-o-enfermera\/#primaryimage","url":"https:\/\/www.heartfailurematters.org\/wp-content\/uploads\/2022\/02\/shutterstock_258402434-1-min.jpg","contentUrl":"https:\/\/www.heartfailurematters.org\/wp-content\/uploads\/2022\/02\/shutterstock_258402434-1-min.jpg","width":900,"height":475},{"@type":"BreadcrumbList","@id":"https:\/\/www.heartfailurematters.org\/es\/vivir-con-insuficiencia-cardiaca\/preguntas-para-su-medico-o-enfermera\/#breadcrumb","itemListElement":[{"@type":"ListItem","position":1,"name":"Inicio","item":"https:\/\/www.heartfailurematters.org\/es\/"},{"@type":"ListItem","position":2,"name":"Vivir con insuficiencia card\u00edaca","item":"https:\/\/www.heartfailurematters.org\/es\/vivir-con-insuficiencia-cardiaca\/"},{"@type":"ListItem","position":3,"name":"Preguntas para su m\u00e9dico o enfermera"}]},{"@type":"WebSite","@id":"https:\/\/www.heartfailurematters.org\/es\/#website","url":"https:\/\/www.heartfailurematters.org\/es\/","name":"Heart Failure Matters","description":"Practical information for patients, families and caregivers.","publisher":{"@id":"https:\/\/www.heartfailurematters.org\/es\/#organization"},"potentialAction":[{"@type":"SearchAction","target":{"@type":"EntryPoint","urlTemplate":"https:\/\/www.heartfailurematters.org\/es\/?s={search_term_string}"},"query-input":{"@type":"PropertyValueSpecification","valueRequired":true,"valueName":"search_term_string"}}],"inLanguage":"es"},{"@type":"Organization","@id":"https:\/\/www.heartfailurematters.org\/es\/#organization","name":"Heart Failure Matters","url":"https:\/\/www.heartfailurematters.org\/es\/","logo":{"@type":"ImageObject","inLanguage":"es","@id":"https:\/\/www.heartfailurematters.org\/es\/#\/schema\/logo\/image\/","url":"https:\/\/cdn-endpoint-hfm.azureedge.net\/heartfailurematters\/2024\/07\/hfm-logo1.jpg","contentUrl":"https:\/\/cdn-endpoint-hfm.azureedge.net\/heartfailurematters\/2024\/07\/hfm-logo1.jpg","width":1280,"height":720,"caption":"Heart Failure Matters"},"image":{"@id":"https:\/\/www.heartfailurematters.org\/es\/#\/schema\/logo\/image\/"},"sameAs":["https:\/\/www.facebook.com\/heartfailurematters"]}]}},"_links":{"self":[{"href":"https:\/\/www.heartfailurematters.org\/es\/wp-json\/wp\/v2\/pages\/2259","targetHints":{"allow":["GET"]}}],"collection":[{"href":"https:\/\/www.heartfailurematters.org\/es\/wp-json\/wp\/v2\/pages"}],"about":[{"href":"https:\/\/www.heartfailurematters.org\/es\/wp-json\/wp\/v2\/types\/page"}],"author":[{"embeddable":true,"href":"https:\/\/www.heartfailurematters.org\/es\/wp-json\/wp\/v2\/users\/1"}],"replies":[{"embeddable":true,"href":"https:\/\/www.heartfailurematters.org\/es\/wp-json\/wp\/v2\/comments?post=2259"}],"version-history":[{"count":1,"href":"https:\/\/www.heartfailurematters.org\/es\/wp-json\/wp\/v2\/pages\/2259\/revisions"}],"predecessor-version":[{"id":9809,"href":"https:\/\/www.heartfailurematters.org\/es\/wp-json\/wp\/v2\/pages\/2259\/revisions\/9809"}],"up":[{"embeddable":true,"href":"https:\/\/www.heartfailurematters.org\/es\/wp-json\/wp\/v2\/pages\/2817"}],"wp:featuredmedia":[{"embeddable":true,"href":"https:\/\/www.heartfailurematters.org\/es\/wp-json\/wp\/v2\/media\/10542"}],"wp:attachment":[{"href":"https:\/\/www.heartfailurematters.org\/es\/wp-json\/wp\/v2\/media?parent=2259"}],"wp:term":[{"taxonomy":"category","embeddable":true,"href":"https:\/\/www.heartfailurematters.org\/es\/wp-json\/wp\/v2\/categories?post=2259"},{"taxonomy":"post_tag","embeddable":true,"href":"https:\/\/www.heartfailurematters.org\/es\/wp-json\/wp\/v2\/tags?post=2259"}],"curies":[{"name":"wp","href":"https:\/\/api.w.org\/{rel}","templated":true}]}}