{"id":2258,"date":"2021-01-27T22:09:02","date_gmt":"2021-01-27T22:09:02","guid":{"rendered":"http:\/\/heartfailurematters.local:8888\/cirugia-valvular\/"},"modified":"2022-01-25T16:30:11","modified_gmt":"2022-01-25T16:30:11","slug":"cirugia-valvular","status":"publish","type":"page","link":"https:\/\/www.heartfailurematters.org\/es\/lo-que-pueden-hacer-su-medico-o-enfermero\/cirugia-valvular\/","title":{"rendered":"Cirug\u00eda valvular"},"content":{"rendered":"<h2>\u00bfPor qu\u00e9 se hace?<\/h2>\n<p>Es posible que su insuficiencia card\u00edaca sea debida a un problema valvular. Las <a class=\"addtooltip\" title=\"Las v\u00e1lvulas controlan el flujo unidireccional de la sangre a trav\u00e9s del coraz\u00f3n, lo que impide que la sangre fluya hacia atr\u00e1s.\"><strong>v\u00e1lvulas<\/strong><\/a> card\u00edacas dirigen el flujo sangu\u00edneo de forma unidireccional. Las v\u00e1lvulas pueden estrecharse, presentar fugas o ambas cosas. Cuando no funcionan adecuadamente, puede originarse insuficiencia card\u00edaca. Este problema puede arreglarse con cirug\u00eda, pero solo cuando los efectos beneficiosos previstos superan los riesgos.<\/p>\n<h2>\u00bfEn qu\u00e9 consiste?<\/h2>\n<p>Durante la operaci\u00f3n estar\u00e1 conectado a una m\u00e1quina de circulaci\u00f3n extracorp\u00f3rea que suministra sangre al cerebro y al organismo, mientras se extrae y sustituye la v\u00e1lvula defectuosa.<\/p>\n<h2>Su m\u00e9dico le dir\u00e1 qu\u00e9 tipo de v\u00e1lvula es id\u00f3nea para usted:<\/h2>\n<ul>\n<li>Una v\u00e1lvula (artificial) mec\u00e1nica (de pl\u00e1stico, metal o carbono)<\/li>\n<li>Una v\u00e1lvula de tejido humano o animal (habitualmente de cerdo)<\/li>\n<\/ul>\n<p>En algunos casos, la v\u00e1lvula se puede reparar sin necesidad de sustituir la v\u00e1lvula\u00a0o sustituir sin la necesidad de una cirug\u00eda a coraz\u00f3n abierto. Este tipo de intervenci\u00f3n, como la valvuloplastia mitral o el implante valvular a\u00f3rtico transcat\u00e9ter (TAVI), se realiza desde la ingle con anestesia local.<\/p>\n<p>Despu\u00e9s de la intervenci\u00f3n quir\u00fargica puede que tenga que tomar medicamentos (<a class=\"addtooltip\" title=\"&lt;div id='ToolTipTextWrap'&gt;anticoagulantes&lt;\/div&gt;&lt;p&gt;Medicamentos que impiden la formaci\u00f3n de co\u00e1gulos sangu\u00edneos, especialmente en las arterias coronarias.&lt;\/p&gt;\"><strong>anticoagulantes<\/strong><\/a>) para evitar la formaci\u00f3n de co\u00e1gulos sangu\u00edneos en su nueva v\u00e1lvula card\u00edaca. Normalmente, esto no es necesario con las v\u00e1lvulas biol\u00f3gicas.<\/p>\n<p>Si requiere m\u00e1s tarde otro tipo de intervenci\u00f3n quir\u00fargica, habitualmente recibir\u00e1 un antibi\u00f3tico para prevenir la infecci\u00f3n de la v\u00e1lvula.<\/p>\n<h2>Preguntas para su m\u00e9dico:<\/h2>\n<ul>\n<li>\u00bfCu\u00e1les son los riesgos de esta intervenci\u00f3n quir\u00fargica?<\/li>\n<li>\u00bfCu\u00e1nto tiempo permanecer\u00e9 en el hospital?<\/li>\n<li>\u00bfCu\u00e1nto tiempo tardar\u00e9 en recuperarme?<\/li>\n<li>\u00bfQu\u00e9 grado de actividad f\u00edsica se me permitir\u00e1 despu\u00e9s de la intervenci\u00f3n quir\u00fargica?<\/li>\n<li>\u00bfQu\u00e9 medicamentos tendr\u00e9 que tomar despu\u00e9s de la intervenci\u00f3n quir\u00fargica?<\/li>\n<\/ul>\n<p><a href=\"https:\/\/www.heartfailurematters.org\/es\/lo-que-pueden-hacer-su-medico-o-enfermero\/cirugia\/\">Volver a Cirug\u00eda<\/a><\/p>\n","protected":false},"excerpt":{"rendered":"<p>\u00bfPor qu\u00e9 se hace? Es posible que su insuficiencia card\u00edaca sea debida a un problema valvular. Las v\u00e1lvulas card\u00edacas dirigen el flujo sangu\u00edneo de forma unidireccional. Las v\u00e1lvulas pueden estrecharse, presentar fugas o ambas cosas. Cuando no funcionan adecuadamente, puede originarse insuficiencia card\u00edaca. Este problema puede arreglarse con cirug\u00eda, pero solo cuando los efectos beneficiosos [&hellip;]<\/p>\n","protected":false},"author":1,"featured_media":10938,"parent":2684,"menu_order":0,"comment_status":"open","ping_status":"open","template":"","meta":{"_acf_changed":false,"footnotes":""},"categories":[],"tags":[],"class_list":["post-2258","page","type-page","status-publish","has-post-thumbnail","hentry"],"acf":[],"yoast_head":"<!-- This site is optimized with the Yoast SEO plugin v24.8.1 - https:\/\/yoast.com\/wordpress\/plugins\/seo\/ -->\n<title>Cirug\u00eda valvular - Heart Failure Matters<\/title>\n<meta name=\"description\" content=\"Durante la intervenci\u00f3n se le conectar\u00e1 a un equipo cardiopulmonar que suministra sangre al cuerpo mientras se le extrae y se sustituye la v\u00e1lvula defectuosa.\" \/>\n<meta name=\"robots\" content=\"index, follow, max-snippet:-1, max-image-preview:large, max-video-preview:-1\" \/>\n<link rel=\"canonical\" href=\"https:\/\/www.heartfailurematters.org\/es\/lo-que-pueden-hacer-su-medico-o-enfermero\/cirugia-valvular\/\" \/>\n<meta property=\"og:locale\" content=\"es_ES\" \/>\n<meta property=\"og:type\" content=\"article\" \/>\n<meta property=\"og:title\" content=\"Cirug\u00eda valvular - Heart Failure Matters\" \/>\n<meta property=\"og:description\" content=\"Durante la intervenci\u00f3n se le conectar\u00e1 a un equipo cardiopulmonar que suministra sangre al cuerpo mientras se le extrae y se sustituye la v\u00e1lvula defectuosa.\" \/>\n<meta property=\"og:url\" content=\"https:\/\/www.heartfailurematters.org\/es\/lo-que-pueden-hacer-su-medico-o-enfermero\/cirugia-valvular\/\" \/>\n<meta property=\"og:site_name\" content=\"Heart Failure Matters\" \/>\n<meta property=\"article:publisher\" content=\"https:\/\/www.facebook.com\/heartfailurematters\" \/>\n<meta property=\"article:modified_time\" content=\"2022-01-25T16:30:11+00:00\" \/>\n<meta property=\"og:image\" content=\"https:\/\/www.heartfailurematters.org\/wp-content\/uploads\/2022\/03\/shutterstock_2073525971-1-min.jpg\" \/>\n\t<meta property=\"og:image:width\" content=\"900\" \/>\n\t<meta property=\"og:image:height\" content=\"559\" \/>\n\t<meta property=\"og:image:type\" content=\"image\/jpeg\" \/>\n<meta name=\"twitter:card\" content=\"summary_large_image\" \/>\n<meta name=\"twitter:label1\" content=\"Tiempo de lectura\" \/>\n\t<meta name=\"twitter:data1\" content=\"2 minutos\" \/>\n<script type=\"application\/ld+json\" class=\"yoast-schema-graph\">{\"@context\":\"https:\/\/schema.org\",\"@graph\":[{\"@type\":\"WebPage\",\"@id\":\"https:\/\/www.heartfailurematters.org\/es\/lo-que-pueden-hacer-su-medico-o-enfermero\/cirugia-valvular\/\",\"url\":\"https:\/\/www.heartfailurematters.org\/es\/lo-que-pueden-hacer-su-medico-o-enfermero\/cirugia-valvular\/\",\"name\":\"Cirug\u00eda valvular - Heart Failure Matters\",\"isPartOf\":{\"@id\":\"https:\/\/www.heartfailurematters.org\/es\/#website\"},\"primaryImageOfPage\":{\"@id\":\"https:\/\/www.heartfailurematters.org\/es\/lo-que-pueden-hacer-su-medico-o-enfermero\/cirugia-valvular\/#primaryimage\"},\"image\":{\"@id\":\"https:\/\/www.heartfailurematters.org\/es\/lo-que-pueden-hacer-su-medico-o-enfermero\/cirugia-valvular\/#primaryimage\"},\"thumbnailUrl\":\"https:\/\/www.heartfailurematters.org\/wp-content\/uploads\/2022\/03\/shutterstock_2073525971-1-min.jpg\",\"datePublished\":\"2021-01-27T22:09:02+00:00\",\"dateModified\":\"2022-01-25T16:30:11+00:00\",\"description\":\"Durante la intervenci\u00f3n se le conectar\u00e1 a un equipo cardiopulmonar que suministra sangre al cuerpo mientras se le extrae y se sustituye la v\u00e1lvula defectuosa.\",\"breadcrumb\":{\"@id\":\"https:\/\/www.heartfailurematters.org\/es\/lo-que-pueden-hacer-su-medico-o-enfermero\/cirugia-valvular\/#breadcrumb\"},\"inLanguage\":\"es\",\"potentialAction\":[{\"@type\":\"ReadAction\",\"target\":[\"https:\/\/www.heartfailurematters.org\/es\/lo-que-pueden-hacer-su-medico-o-enfermero\/cirugia-valvular\/\"]}]},{\"@type\":\"ImageObject\",\"inLanguage\":\"es\",\"@id\":\"https:\/\/www.heartfailurematters.org\/es\/lo-que-pueden-hacer-su-medico-o-enfermero\/cirugia-valvular\/#primaryimage\",\"url\":\"https:\/\/www.heartfailurematters.org\/wp-content\/uploads\/2022\/03\/shutterstock_2073525971-1-min.jpg\",\"contentUrl\":\"https:\/\/www.heartfailurematters.org\/wp-content\/uploads\/2022\/03\/shutterstock_2073525971-1-min.jpg\",\"width\":900,\"height\":559},{\"@type\":\"BreadcrumbList\",\"@id\":\"https:\/\/www.heartfailurematters.org\/es\/lo-que-pueden-hacer-su-medico-o-enfermero\/cirugia-valvular\/#breadcrumb\",\"itemListElement\":[{\"@type\":\"ListItem\",\"position\":1,\"name\":\"Inicio\",\"item\":\"https:\/\/www.heartfailurematters.org\/es\/\"},{\"@type\":\"ListItem\",\"position\":2,\"name\":\"\u00bfQu\u00e9 puede hacer su m\u00e9dico?\",\"item\":\"https:\/\/www.heartfailurematters.org\/es\/lo-que-pueden-hacer-su-medico-o-enfermero\/\"},{\"@type\":\"ListItem\",\"position\":3,\"name\":\"Cirug\u00eda valvular\"}]},{\"@type\":\"WebSite\",\"@id\":\"https:\/\/www.heartfailurematters.org\/es\/#website\",\"url\":\"https:\/\/www.heartfailurematters.org\/es\/\",\"name\":\"Heart Failure Matters\",\"description\":\"Practical information for patients, families and caregivers.\",\"publisher\":{\"@id\":\"https:\/\/www.heartfailurematters.org\/es\/#organization\"},\"potentialAction\":[{\"@type\":\"SearchAction\",\"target\":{\"@type\":\"EntryPoint\",\"urlTemplate\":\"https:\/\/www.heartfailurematters.org\/es\/?s={search_term_string}\"},\"query-input\":{\"@type\":\"PropertyValueSpecification\",\"valueRequired\":true,\"valueName\":\"search_term_string\"}}],\"inLanguage\":\"es\"},{\"@type\":\"Organization\",\"@id\":\"https:\/\/www.heartfailurematters.org\/es\/#organization\",\"name\":\"Heart Failure Matters\",\"url\":\"https:\/\/www.heartfailurematters.org\/es\/\",\"logo\":{\"@type\":\"ImageObject\",\"inLanguage\":\"es\",\"@id\":\"https:\/\/www.heartfailurematters.org\/es\/#\/schema\/logo\/image\/\",\"url\":\"https:\/\/cdn-endpoint-hfm.azureedge.net\/heartfailurematters\/2024\/07\/hfm-logo1.jpg\",\"contentUrl\":\"https:\/\/cdn-endpoint-hfm.azureedge.net\/heartfailurematters\/2024\/07\/hfm-logo1.jpg\",\"width\":1280,\"height\":720,\"caption\":\"Heart Failure Matters\"},\"image\":{\"@id\":\"https:\/\/www.heartfailurematters.org\/es\/#\/schema\/logo\/image\/\"},\"sameAs\":[\"https:\/\/www.facebook.com\/heartfailurematters\"]}]}<\/script>\n<!-- \/ Yoast SEO plugin. -->","yoast_head_json":{"title":"Cirug\u00eda valvular - Heart Failure Matters","description":"Durante la intervenci\u00f3n se le conectar\u00e1 a un equipo cardiopulmonar que suministra sangre al cuerpo mientras se le extrae y se sustituye la v\u00e1lvula defectuosa.","robots":{"index":"index","follow":"follow","max-snippet":"max-snippet:-1","max-image-preview":"max-image-preview:large","max-video-preview":"max-video-preview:-1"},"canonical":"https:\/\/www.heartfailurematters.org\/es\/lo-que-pueden-hacer-su-medico-o-enfermero\/cirugia-valvular\/","og_locale":"es_ES","og_type":"article","og_title":"Cirug\u00eda valvular - Heart Failure Matters","og_description":"Durante la intervenci\u00f3n se le conectar\u00e1 a un equipo cardiopulmonar que suministra sangre al cuerpo mientras se le extrae y se sustituye la v\u00e1lvula defectuosa.","og_url":"https:\/\/www.heartfailurematters.org\/es\/lo-que-pueden-hacer-su-medico-o-enfermero\/cirugia-valvular\/","og_site_name":"Heart Failure Matters","article_publisher":"https:\/\/www.facebook.com\/heartfailurematters","article_modified_time":"2022-01-25T16:30:11+00:00","og_image":[{"width":900,"height":559,"url":"https:\/\/www.heartfailurematters.org\/wp-content\/uploads\/2022\/03\/shutterstock_2073525971-1-min.jpg","type":"image\/jpeg"}],"twitter_card":"summary_large_image","twitter_misc":{"Tiempo de lectura":"2 minutos"},"schema":{"@context":"https:\/\/schema.org","@graph":[{"@type":"WebPage","@id":"https:\/\/www.heartfailurematters.org\/es\/lo-que-pueden-hacer-su-medico-o-enfermero\/cirugia-valvular\/","url":"https:\/\/www.heartfailurematters.org\/es\/lo-que-pueden-hacer-su-medico-o-enfermero\/cirugia-valvular\/","name":"Cirug\u00eda valvular - Heart Failure Matters","isPartOf":{"@id":"https:\/\/www.heartfailurematters.org\/es\/#website"},"primaryImageOfPage":{"@id":"https:\/\/www.heartfailurematters.org\/es\/lo-que-pueden-hacer-su-medico-o-enfermero\/cirugia-valvular\/#primaryimage"},"image":{"@id":"https:\/\/www.heartfailurematters.org\/es\/lo-que-pueden-hacer-su-medico-o-enfermero\/cirugia-valvular\/#primaryimage"},"thumbnailUrl":"https:\/\/www.heartfailurematters.org\/wp-content\/uploads\/2022\/03\/shutterstock_2073525971-1-min.jpg","datePublished":"2021-01-27T22:09:02+00:00","dateModified":"2022-01-25T16:30:11+00:00","description":"Durante la intervenci\u00f3n se le conectar\u00e1 a un equipo cardiopulmonar que suministra sangre al cuerpo mientras se le extrae y se sustituye la v\u00e1lvula defectuosa.","breadcrumb":{"@id":"https:\/\/www.heartfailurematters.org\/es\/lo-que-pueden-hacer-su-medico-o-enfermero\/cirugia-valvular\/#breadcrumb"},"inLanguage":"es","potentialAction":[{"@type":"ReadAction","target":["https:\/\/www.heartfailurematters.org\/es\/lo-que-pueden-hacer-su-medico-o-enfermero\/cirugia-valvular\/"]}]},{"@type":"ImageObject","inLanguage":"es","@id":"https:\/\/www.heartfailurematters.org\/es\/lo-que-pueden-hacer-su-medico-o-enfermero\/cirugia-valvular\/#primaryimage","url":"https:\/\/www.heartfailurematters.org\/wp-content\/uploads\/2022\/03\/shutterstock_2073525971-1-min.jpg","contentUrl":"https:\/\/www.heartfailurematters.org\/wp-content\/uploads\/2022\/03\/shutterstock_2073525971-1-min.jpg","width":900,"height":559},{"@type":"BreadcrumbList","@id":"https:\/\/www.heartfailurematters.org\/es\/lo-que-pueden-hacer-su-medico-o-enfermero\/cirugia-valvular\/#breadcrumb","itemListElement":[{"@type":"ListItem","position":1,"name":"Inicio","item":"https:\/\/www.heartfailurematters.org\/es\/"},{"@type":"ListItem","position":2,"name":"\u00bfQu\u00e9 puede hacer su m\u00e9dico?","item":"https:\/\/www.heartfailurematters.org\/es\/lo-que-pueden-hacer-su-medico-o-enfermero\/"},{"@type":"ListItem","position":3,"name":"Cirug\u00eda valvular"}]},{"@type":"WebSite","@id":"https:\/\/www.heartfailurematters.org\/es\/#website","url":"https:\/\/www.heartfailurematters.org\/es\/","name":"Heart Failure Matters","description":"Practical information for patients, families and caregivers.","publisher":{"@id":"https:\/\/www.heartfailurematters.org\/es\/#organization"},"potentialAction":[{"@type":"SearchAction","target":{"@type":"EntryPoint","urlTemplate":"https:\/\/www.heartfailurematters.org\/es\/?s={search_term_string}"},"query-input":{"@type":"PropertyValueSpecification","valueRequired":true,"valueName":"search_term_string"}}],"inLanguage":"es"},{"@type":"Organization","@id":"https:\/\/www.heartfailurematters.org\/es\/#organization","name":"Heart Failure Matters","url":"https:\/\/www.heartfailurematters.org\/es\/","logo":{"@type":"ImageObject","inLanguage":"es","@id":"https:\/\/www.heartfailurematters.org\/es\/#\/schema\/logo\/image\/","url":"https:\/\/cdn-endpoint-hfm.azureedge.net\/heartfailurematters\/2024\/07\/hfm-logo1.jpg","contentUrl":"https:\/\/cdn-endpoint-hfm.azureedge.net\/heartfailurematters\/2024\/07\/hfm-logo1.jpg","width":1280,"height":720,"caption":"Heart Failure Matters"},"image":{"@id":"https:\/\/www.heartfailurematters.org\/es\/#\/schema\/logo\/image\/"},"sameAs":["https:\/\/www.facebook.com\/heartfailurematters"]}]}},"_links":{"self":[{"href":"https:\/\/www.heartfailurematters.org\/es\/wp-json\/wp\/v2\/pages\/2258","targetHints":{"allow":["GET"]}}],"collection":[{"href":"https:\/\/www.heartfailurematters.org\/es\/wp-json\/wp\/v2\/pages"}],"about":[{"href":"https:\/\/www.heartfailurematters.org\/es\/wp-json\/wp\/v2\/types\/page"}],"author":[{"embeddable":true,"href":"https:\/\/www.heartfailurematters.org\/es\/wp-json\/wp\/v2\/users\/1"}],"replies":[{"embeddable":true,"href":"https:\/\/www.heartfailurematters.org\/es\/wp-json\/wp\/v2\/comments?post=2258"}],"version-history":[{"count":2,"href":"https:\/\/www.heartfailurematters.org\/es\/wp-json\/wp\/v2\/pages\/2258\/revisions"}],"predecessor-version":[{"id":10478,"href":"https:\/\/www.heartfailurematters.org\/es\/wp-json\/wp\/v2\/pages\/2258\/revisions\/10478"}],"up":[{"embeddable":true,"href":"https:\/\/www.heartfailurematters.org\/es\/wp-json\/wp\/v2\/pages\/2684"}],"wp:featuredmedia":[{"embeddable":true,"href":"https:\/\/www.heartfailurematters.org\/es\/wp-json\/wp\/v2\/media\/10938"}],"wp:attachment":[{"href":"https:\/\/www.heartfailurematters.org\/es\/wp-json\/wp\/v2\/media?parent=2258"}],"wp:term":[{"taxonomy":"category","embeddable":true,"href":"https:\/\/www.heartfailurematters.org\/es\/wp-json\/wp\/v2\/categories?post=2258"},{"taxonomy":"post_tag","embeddable":true,"href":"https:\/\/www.heartfailurematters.org\/es\/wp-json\/wp\/v2\/tags?post=2258"}],"curies":[{"name":"wp","href":"https:\/\/api.w.org\/{rel}","templated":true}]}}