{"id":2257,"date":"2021-01-27T22:09:02","date_gmt":"2021-01-27T22:09:02","guid":{"rendered":"http:\/\/heartfailurematters.local:8888\/digitalicos\/"},"modified":"2026-01-16T14:19:01","modified_gmt":"2026-01-16T14:19:01","slug":"digitalicos","status":"publish","type":"page","link":"https:\/\/www.heartfailurematters.org\/es\/lo-que-pueden-hacer-su-medico-o-enfermero\/digitalicos\/","title":{"rendered":"Preparados digit\u00e1licos"},"content":{"rendered":"<h2>\u00bfQu\u00e9 hacen?<\/h2>\n<p>La <a class=\"addtooltip\" title=\"&lt;div id='ToolTipTextWrap'&gt;digoxina&lt;\/div&gt;&lt;p&gt; Medicamento utilizado para controlar los ritmos card\u00edacos anormales y mejorar el rendimiento.&lt;\/p&gt;\"><strong>digoxina<\/strong><\/a> y la digitoxina son los preparados digit\u00e1licos m\u00e1s utilizados normalmente. Ambos pueden causar un leve fortalecimiento del coraz\u00f3n y una ligera reducci\u00f3n de la frecuencia card\u00edaca. Los preparados digit\u00e1licos tambi\u00e9n puede disminuir el <a class=\"addtooltip\" title=\"&lt;div id='ToolTipTextWrap'&gt;edema&lt;\/div&gt;&lt;p&gt; Hinchaz\u00f3n de un tejido por acumulaci\u00f3n de l\u00edquido y congesti\u00f3n.&lt;\/p&gt;\"><strong>edema<\/strong><\/a> (hinchaz\u00f3n causada por la acumulaci\u00f3n de l\u00edquido). Es especialmente \u00fatil en personas con ritmos card\u00edacos irregulares, especialmente <a class=\"addtooltip\" title=\"&lt;div id='ToolTipTextWrap'&gt;fibrilaci\u00f3n auricular&lt;\/div&gt;&lt;p&gt; Latido irregular y a menudo r\u00e1pido de la cavidad superior izquierda (aur\u00edcula) del coraz\u00f3n, que provoca un latido irregular de los ventr\u00edculos.&lt;\/p&gt;\"><strong>fibrilaci\u00f3n auricular<\/strong><\/a> con una frecuencia card\u00edaca r\u00e1pida.<\/p>\n<h2>\u00bfCu\u00e1les son los beneficios previstos?<\/h2>\n<p>Los preparados digit\u00e1licos ayudan a controlar su ritmo card\u00edaco, mejorando as\u00ed los s\u00edntomas.<\/p>\n<h2>Efectos secundarios<\/h2>\n<p>Es importante que se le administre la dosis correcta de digoxina; su m\u00e9dico o enfermero le har\u00e1 an\u00e1lisis de sangre peri\u00f3dicos para controlarlos. Si le administran demasiada digoxina, puede perder el apetito o tener n\u00e1useas, dolor de cabeza o visi\u00f3n borrosa o coloreada.<\/p>\n<p>En ocasiones, las concentraciones elevadas de digoxina pueden provocar alteraciones del ritmo card\u00edaco, lo que puede ocasionar <a class=\"addtooltip\" title=\"&lt;div id='ToolTipTextWrap'&gt;palpitaciones&lt;\/div&gt;&lt;p&gt;Sensaci\u00f3n de latidos card\u00edacos adicionales o irregulares o de vuelco del coraz\u00f3n.&lt;\/p&gt;\"><strong>palpitaciones<\/strong><\/a> o <a class=\"addtooltip\" title=\"&lt;div id='ToolTipTextWrap'&gt;desmayos&lt;\/div&gt;&lt;p&gt;T\u00e9rmino utilizado para una p\u00e9rdida del conocimiento repentina y pasajera causada por una disminuci\u00f3n del flujo de sangre (y por tanto de ox\u00edgeno) al cerebro. Habitualmente se debe a reducci\u00f3n de la presi\u00f3n arterial o de la frecuencia card\u00edaca.&lt;\/p&gt;\"><strong>desmayos<\/strong><\/a>. Si usted tiene cualquiera de estos s\u00edntomas debe consultar a su m\u00e9dico.<\/p>\n<h2>Consejos principales<\/h2>\n<p>Si tiene una concentraci\u00f3n de <a class=\"addtooltip\" title=\"&lt;div id='ToolTipTextWrap'&gt;potassium&lt;\/div&gt;&lt;p&gt; Mineral esencial necesario para la funci\u00f3n normal de las c\u00e9lulas del organismo. Los diur\u00e9ticos pueden disminuir el potasio.&lt;\/p&gt;\"><strong>potasio<\/strong><\/a> inferior a la media (esto puede ocurrir, por ejemplo, si padece <a class=\"addtooltip\" title=\"&lt;div id='ToolTipTextWrap'&gt;insulina&lt;\/div&gt;&lt;p&gt; Hormona producida por el p\u00e1ncreas que permite al organismo utilizar la glucosa con el fin de crear energ\u00eda.&lt;\/p&gt;\"><strong>diabetes insulinodependiente<\/strong><\/a> o toma diur\u00e9ticos) es m\u00e1s probable que tenga concentraciones elevadas de digoxina. Por ello, aseg\u00farese de reconocer los primeros s\u00edntomas de un exceso de digoxina, como n\u00e1useas, p\u00e9rdida de apetito o latidos card\u00edacos extremadamente lentos. Si presenta alguno de estos s\u00edntomas, acuda al m\u00e9dico.<\/p>\n<p>Antes de someterse a cualquier tipo de intervenci\u00f3n quir\u00fargica, incluidos los tratamientos dentales o de urgencia, debe informar a su m\u00e9dico, dentista o cirujano de que est\u00e1 tomando digoxina.<\/p>\n<h2>Tambi\u00e9n se conoce como:<\/h2>\n<ul>\n<li> <strong> Digoxina<\/strong> (Lanoxin\u00ae, Lanicor\u00ae)<\/li>\n<li><strong>Acetildigoxina<\/strong> (Novodigal\u00ae)<\/li>\n<li><strong>Metildigoxina<\/strong> (Lanitop\u00ae)<\/li>\n<li><strong>Digitoxina<\/strong> (Digitoxin AWD\u00ae)<\/li>\n<\/ul>\n<p><a href=\"https:\/\/www.heartfailurematters.org\/what-your-doctor-can-do\/heart-failure-medicines\/\">Volver a Medicamentos para la insuficiencia card\u00edaca.<\/a><\/p>\n","protected":false},"excerpt":{"rendered":"<p>\u00bfQu\u00e9 hacen? La digoxina y la digitoxina son los preparados digit\u00e1licos m\u00e1s utilizados normalmente. Ambos pueden causar un leve fortalecimiento del coraz\u00f3n y una ligera reducci\u00f3n de la frecuencia card\u00edaca. Los preparados digit\u00e1licos tambi\u00e9n puede disminuir el edema (hinchaz\u00f3n causada por la acumulaci\u00f3n de l\u00edquido). Es especialmente \u00fatil en personas con ritmos card\u00edacos irregulares, especialmente [&hellip;]<\/p>\n","protected":false},"author":1,"featured_media":10873,"parent":2684,"menu_order":0,"comment_status":"open","ping_status":"open","template":"","meta":{"_acf_changed":false,"footnotes":""},"categories":[],"tags":[],"class_list":["post-2257","page","type-page","status-publish","has-post-thumbnail","hentry"],"acf":[],"yoast_head":"<!-- This site is optimized with the Yoast SEO plugin v24.8.1 - https:\/\/yoast.com\/wordpress\/plugins\/seo\/ -->\n<title>Preparados digit\u00e1licos para pacientes con insuficiencia card\u00edaca<\/title>\n<meta name=\"description\" content=\"La digoxina y la digitoxina son los preparados digit\u00e1licos m\u00e1s utilizados normalmente. Ambos pueden causar un leve fortalecimiento del coraz\u00f3n y una ligera reducci\u00f3n de la frecuencia card\u00edaca.\" \/>\n<meta name=\"robots\" content=\"index, follow, max-snippet:-1, max-image-preview:large, max-video-preview:-1\" \/>\n<link rel=\"canonical\" href=\"https:\/\/www.heartfailurematters.org\/es\/lo-que-pueden-hacer-su-medico-o-enfermero\/digitalicos\/\" \/>\n<meta property=\"og:locale\" content=\"es_ES\" \/>\n<meta property=\"og:type\" content=\"article\" \/>\n<meta property=\"og:title\" content=\"Preparados digit\u00e1licos para pacientes con insuficiencia card\u00edaca\" \/>\n<meta property=\"og:description\" content=\"La digoxina y la digitoxina son los preparados digit\u00e1licos m\u00e1s utilizados normalmente. Ambos pueden causar un leve fortalecimiento del coraz\u00f3n y una ligera reducci\u00f3n de la frecuencia card\u00edaca.\" \/>\n<meta property=\"og:url\" content=\"https:\/\/www.heartfailurematters.org\/es\/lo-que-pueden-hacer-su-medico-o-enfermero\/digitalicos\/\" \/>\n<meta property=\"og:site_name\" content=\"Heart Failure Matters\" \/>\n<meta property=\"article:publisher\" content=\"https:\/\/www.facebook.com\/heartfailurematters\" \/>\n<meta property=\"article:modified_time\" content=\"2026-01-16T14:19:01+00:00\" \/>\n<meta property=\"og:image\" content=\"https:\/\/www.heartfailurematters.org\/wp-content\/uploads\/2022\/03\/shutterstock_441673426-1-min.jpg\" \/>\n\t<meta property=\"og:image:width\" content=\"900\" \/>\n\t<meta property=\"og:image:height\" content=\"596\" \/>\n\t<meta property=\"og:image:type\" content=\"image\/jpeg\" \/>\n<meta name=\"twitter:card\" content=\"summary_large_image\" \/>\n<meta name=\"twitter:label1\" content=\"Tiempo de lectura\" \/>\n\t<meta name=\"twitter:data1\" content=\"2 minutos\" \/>\n<script type=\"application\/ld+json\" class=\"yoast-schema-graph\">{\"@context\":\"https:\/\/schema.org\",\"@graph\":[{\"@type\":\"WebPage\",\"@id\":\"https:\/\/www.heartfailurematters.org\/es\/lo-que-pueden-hacer-su-medico-o-enfermero\/digitalicos\/\",\"url\":\"https:\/\/www.heartfailurematters.org\/es\/lo-que-pueden-hacer-su-medico-o-enfermero\/digitalicos\/\",\"name\":\"Preparados digit\u00e1licos para pacientes con insuficiencia card\u00edaca\",\"isPartOf\":{\"@id\":\"https:\/\/www.heartfailurematters.org\/es\/#website\"},\"primaryImageOfPage\":{\"@id\":\"https:\/\/www.heartfailurematters.org\/es\/lo-que-pueden-hacer-su-medico-o-enfermero\/digitalicos\/#primaryimage\"},\"image\":{\"@id\":\"https:\/\/www.heartfailurematters.org\/es\/lo-que-pueden-hacer-su-medico-o-enfermero\/digitalicos\/#primaryimage\"},\"thumbnailUrl\":\"https:\/\/www.heartfailurematters.org\/wp-content\/uploads\/2022\/03\/shutterstock_441673426-1-min.jpg\",\"datePublished\":\"2021-01-27T22:09:02+00:00\",\"dateModified\":\"2026-01-16T14:19:01+00:00\",\"description\":\"La digoxina y la digitoxina son los preparados digit\u00e1licos m\u00e1s utilizados normalmente. Ambos pueden causar un leve fortalecimiento del coraz\u00f3n y una ligera reducci\u00f3n de la frecuencia card\u00edaca.\",\"breadcrumb\":{\"@id\":\"https:\/\/www.heartfailurematters.org\/es\/lo-que-pueden-hacer-su-medico-o-enfermero\/digitalicos\/#breadcrumb\"},\"inLanguage\":\"es\",\"potentialAction\":[{\"@type\":\"ReadAction\",\"target\":[\"https:\/\/www.heartfailurematters.org\/es\/lo-que-pueden-hacer-su-medico-o-enfermero\/digitalicos\/\"]}]},{\"@type\":\"ImageObject\",\"inLanguage\":\"es\",\"@id\":\"https:\/\/www.heartfailurematters.org\/es\/lo-que-pueden-hacer-su-medico-o-enfermero\/digitalicos\/#primaryimage\",\"url\":\"https:\/\/www.heartfailurematters.org\/wp-content\/uploads\/2022\/03\/shutterstock_441673426-1-min.jpg\",\"contentUrl\":\"https:\/\/www.heartfailurematters.org\/wp-content\/uploads\/2022\/03\/shutterstock_441673426-1-min.jpg\",\"width\":900,\"height\":596},{\"@type\":\"BreadcrumbList\",\"@id\":\"https:\/\/www.heartfailurematters.org\/es\/lo-que-pueden-hacer-su-medico-o-enfermero\/digitalicos\/#breadcrumb\",\"itemListElement\":[{\"@type\":\"ListItem\",\"position\":1,\"name\":\"Inicio\",\"item\":\"https:\/\/www.heartfailurematters.org\/es\/\"},{\"@type\":\"ListItem\",\"position\":2,\"name\":\"\u00bfQu\u00e9 puede hacer su m\u00e9dico?\",\"item\":\"https:\/\/www.heartfailurematters.org\/es\/lo-que-pueden-hacer-su-medico-o-enfermero\/\"},{\"@type\":\"ListItem\",\"position\":3,\"name\":\"Preparados digit\u00e1licos\"}]},{\"@type\":\"WebSite\",\"@id\":\"https:\/\/www.heartfailurematters.org\/es\/#website\",\"url\":\"https:\/\/www.heartfailurematters.org\/es\/\",\"name\":\"Heart Failure Matters\",\"description\":\"Practical information for patients, families and caregivers.\",\"publisher\":{\"@id\":\"https:\/\/www.heartfailurematters.org\/es\/#organization\"},\"potentialAction\":[{\"@type\":\"SearchAction\",\"target\":{\"@type\":\"EntryPoint\",\"urlTemplate\":\"https:\/\/www.heartfailurematters.org\/es\/?s={search_term_string}\"},\"query-input\":{\"@type\":\"PropertyValueSpecification\",\"valueRequired\":true,\"valueName\":\"search_term_string\"}}],\"inLanguage\":\"es\"},{\"@type\":\"Organization\",\"@id\":\"https:\/\/www.heartfailurematters.org\/es\/#organization\",\"name\":\"Heart Failure Matters\",\"url\":\"https:\/\/www.heartfailurematters.org\/es\/\",\"logo\":{\"@type\":\"ImageObject\",\"inLanguage\":\"es\",\"@id\":\"https:\/\/www.heartfailurematters.org\/es\/#\/schema\/logo\/image\/\",\"url\":\"https:\/\/cdn-endpoint-hfm.azureedge.net\/heartfailurematters\/2024\/07\/hfm-logo1.jpg\",\"contentUrl\":\"https:\/\/cdn-endpoint-hfm.azureedge.net\/heartfailurematters\/2024\/07\/hfm-logo1.jpg\",\"width\":1280,\"height\":720,\"caption\":\"Heart Failure Matters\"},\"image\":{\"@id\":\"https:\/\/www.heartfailurematters.org\/es\/#\/schema\/logo\/image\/\"},\"sameAs\":[\"https:\/\/www.facebook.com\/heartfailurematters\"]}]}<\/script>\n<!-- \/ Yoast SEO plugin. -->","yoast_head_json":{"title":"Preparados digit\u00e1licos para pacientes con insuficiencia card\u00edaca","description":"La digoxina y la digitoxina son los preparados digit\u00e1licos m\u00e1s utilizados normalmente. Ambos pueden causar un leve fortalecimiento del coraz\u00f3n y una ligera reducci\u00f3n de la frecuencia card\u00edaca.","robots":{"index":"index","follow":"follow","max-snippet":"max-snippet:-1","max-image-preview":"max-image-preview:large","max-video-preview":"max-video-preview:-1"},"canonical":"https:\/\/www.heartfailurematters.org\/es\/lo-que-pueden-hacer-su-medico-o-enfermero\/digitalicos\/","og_locale":"es_ES","og_type":"article","og_title":"Preparados digit\u00e1licos para pacientes con insuficiencia card\u00edaca","og_description":"La digoxina y la digitoxina son los preparados digit\u00e1licos m\u00e1s utilizados normalmente. Ambos pueden causar un leve fortalecimiento del coraz\u00f3n y una ligera reducci\u00f3n de la frecuencia card\u00edaca.","og_url":"https:\/\/www.heartfailurematters.org\/es\/lo-que-pueden-hacer-su-medico-o-enfermero\/digitalicos\/","og_site_name":"Heart Failure Matters","article_publisher":"https:\/\/www.facebook.com\/heartfailurematters","article_modified_time":"2026-01-16T14:19:01+00:00","og_image":[{"width":900,"height":596,"url":"https:\/\/www.heartfailurematters.org\/wp-content\/uploads\/2022\/03\/shutterstock_441673426-1-min.jpg","type":"image\/jpeg"}],"twitter_card":"summary_large_image","twitter_misc":{"Tiempo de lectura":"2 minutos"},"schema":{"@context":"https:\/\/schema.org","@graph":[{"@type":"WebPage","@id":"https:\/\/www.heartfailurematters.org\/es\/lo-que-pueden-hacer-su-medico-o-enfermero\/digitalicos\/","url":"https:\/\/www.heartfailurematters.org\/es\/lo-que-pueden-hacer-su-medico-o-enfermero\/digitalicos\/","name":"Preparados digit\u00e1licos para pacientes con insuficiencia card\u00edaca","isPartOf":{"@id":"https:\/\/www.heartfailurematters.org\/es\/#website"},"primaryImageOfPage":{"@id":"https:\/\/www.heartfailurematters.org\/es\/lo-que-pueden-hacer-su-medico-o-enfermero\/digitalicos\/#primaryimage"},"image":{"@id":"https:\/\/www.heartfailurematters.org\/es\/lo-que-pueden-hacer-su-medico-o-enfermero\/digitalicos\/#primaryimage"},"thumbnailUrl":"https:\/\/www.heartfailurematters.org\/wp-content\/uploads\/2022\/03\/shutterstock_441673426-1-min.jpg","datePublished":"2021-01-27T22:09:02+00:00","dateModified":"2026-01-16T14:19:01+00:00","description":"La digoxina y la digitoxina son los preparados digit\u00e1licos m\u00e1s utilizados normalmente. Ambos pueden causar un leve fortalecimiento del coraz\u00f3n y una ligera reducci\u00f3n de la frecuencia card\u00edaca.","breadcrumb":{"@id":"https:\/\/www.heartfailurematters.org\/es\/lo-que-pueden-hacer-su-medico-o-enfermero\/digitalicos\/#breadcrumb"},"inLanguage":"es","potentialAction":[{"@type":"ReadAction","target":["https:\/\/www.heartfailurematters.org\/es\/lo-que-pueden-hacer-su-medico-o-enfermero\/digitalicos\/"]}]},{"@type":"ImageObject","inLanguage":"es","@id":"https:\/\/www.heartfailurematters.org\/es\/lo-que-pueden-hacer-su-medico-o-enfermero\/digitalicos\/#primaryimage","url":"https:\/\/www.heartfailurematters.org\/wp-content\/uploads\/2022\/03\/shutterstock_441673426-1-min.jpg","contentUrl":"https:\/\/www.heartfailurematters.org\/wp-content\/uploads\/2022\/03\/shutterstock_441673426-1-min.jpg","width":900,"height":596},{"@type":"BreadcrumbList","@id":"https:\/\/www.heartfailurematters.org\/es\/lo-que-pueden-hacer-su-medico-o-enfermero\/digitalicos\/#breadcrumb","itemListElement":[{"@type":"ListItem","position":1,"name":"Inicio","item":"https:\/\/www.heartfailurematters.org\/es\/"},{"@type":"ListItem","position":2,"name":"\u00bfQu\u00e9 puede hacer su m\u00e9dico?","item":"https:\/\/www.heartfailurematters.org\/es\/lo-que-pueden-hacer-su-medico-o-enfermero\/"},{"@type":"ListItem","position":3,"name":"Preparados digit\u00e1licos"}]},{"@type":"WebSite","@id":"https:\/\/www.heartfailurematters.org\/es\/#website","url":"https:\/\/www.heartfailurematters.org\/es\/","name":"Heart Failure Matters","description":"Practical information for patients, families and caregivers.","publisher":{"@id":"https:\/\/www.heartfailurematters.org\/es\/#organization"},"potentialAction":[{"@type":"SearchAction","target":{"@type":"EntryPoint","urlTemplate":"https:\/\/www.heartfailurematters.org\/es\/?s={search_term_string}"},"query-input":{"@type":"PropertyValueSpecification","valueRequired":true,"valueName":"search_term_string"}}],"inLanguage":"es"},{"@type":"Organization","@id":"https:\/\/www.heartfailurematters.org\/es\/#organization","name":"Heart Failure Matters","url":"https:\/\/www.heartfailurematters.org\/es\/","logo":{"@type":"ImageObject","inLanguage":"es","@id":"https:\/\/www.heartfailurematters.org\/es\/#\/schema\/logo\/image\/","url":"https:\/\/cdn-endpoint-hfm.azureedge.net\/heartfailurematters\/2024\/07\/hfm-logo1.jpg","contentUrl":"https:\/\/cdn-endpoint-hfm.azureedge.net\/heartfailurematters\/2024\/07\/hfm-logo1.jpg","width":1280,"height":720,"caption":"Heart Failure Matters"},"image":{"@id":"https:\/\/www.heartfailurematters.org\/es\/#\/schema\/logo\/image\/"},"sameAs":["https:\/\/www.facebook.com\/heartfailurematters"]}]}},"_links":{"self":[{"href":"https:\/\/www.heartfailurematters.org\/es\/wp-json\/wp\/v2\/pages\/2257","targetHints":{"allow":["GET"]}}],"collection":[{"href":"https:\/\/www.heartfailurematters.org\/es\/wp-json\/wp\/v2\/pages"}],"about":[{"href":"https:\/\/www.heartfailurematters.org\/es\/wp-json\/wp\/v2\/types\/page"}],"author":[{"embeddable":true,"href":"https:\/\/www.heartfailurematters.org\/es\/wp-json\/wp\/v2\/users\/1"}],"replies":[{"embeddable":true,"href":"https:\/\/www.heartfailurematters.org\/es\/wp-json\/wp\/v2\/comments?post=2257"}],"version-history":[{"count":3,"href":"https:\/\/www.heartfailurematters.org\/es\/wp-json\/wp\/v2\/pages\/2257\/revisions"}],"predecessor-version":[{"id":13811,"href":"https:\/\/www.heartfailurematters.org\/es\/wp-json\/wp\/v2\/pages\/2257\/revisions\/13811"}],"up":[{"embeddable":true,"href":"https:\/\/www.heartfailurematters.org\/es\/wp-json\/wp\/v2\/pages\/2684"}],"wp:featuredmedia":[{"embeddable":true,"href":"https:\/\/www.heartfailurematters.org\/es\/wp-json\/wp\/v2\/media\/10873"}],"wp:attachment":[{"href":"https:\/\/www.heartfailurematters.org\/es\/wp-json\/wp\/v2\/media?parent=2257"}],"wp:term":[{"taxonomy":"category","embeddable":true,"href":"https:\/\/www.heartfailurematters.org\/es\/wp-json\/wp\/v2\/categories?post=2257"},{"taxonomy":"post_tag","embeddable":true,"href":"https:\/\/www.heartfailurematters.org\/es\/wp-json\/wp\/v2\/tags?post=2257"}],"curies":[{"name":"wp","href":"https:\/\/api.w.org\/{rel}","templated":true}]}}