{"id":2254,"date":"2021-01-27T22:09:02","date_gmt":"2021-01-27T22:09:02","guid":{"rendered":"http:\/\/heartfailurematters.local:8888\/hinchazon-de-los-tobillos\/"},"modified":"2022-01-25T15:29:36","modified_gmt":"2022-01-25T15:29:36","slug":"hinchazon-de-los-tobillos","status":"publish","type":"page","link":"https:\/\/www.heartfailurematters.org\/es\/conocer-la-insuficiencia-cardiaca\/hinchazon-de-los-tobillos\/","title":{"rendered":"Hinchaz\u00f3n de los tobillos"},"content":{"rendered":"<p><img decoding=\"async\" class=\"alignleft size-full wp-image-6618\" src=\"https:\/\/cdn-endpoint-hfm.azureedge.net\/heartfailurematters\/2021\/02\/swollend-ankle.jpg\" alt=\"\" width=\"211\" height=\"206\" \/><\/p>\n<p>La acumulaci\u00f3n de l\u00edquido puede producir hinchaz\u00f3n (edema), sobre todo en los tobillos. En ocasiones la hinchaz\u00f3n se extiende a las piernas, los muslos y el abdomen.<\/p>\n<p>Es posible que su m\u00e9dico o enfermera le recomienden que reduzca su consumo diario de l\u00edquidos para limitar la cantidad de l\u00edquido que se pueda acumular en el organismo. Tambi\u00e9n pueden recomendarle que se tome un diur\u00e9tico adicional cuando sea necesario. Haga clic aqu\u00ed para ver m\u00e1s consejos para controlar la ingesti\u00f3n de l\u00edquidos. Antes de modificar su ingesti\u00f3n de l\u00edquidos, consulte siempre a su m\u00e9dico o enfermera.<\/p>\n<p><a title=\"For more tips on controlling your fluid intake\" href=\"https:\/\/www.heartfailurematters.org\/es\/lo-que-puede-hacer-usted\/adaptar-la-dieta-liquidos\/\">Haga clic aqu\u00ed<\/a> para ver m\u00e1s consejos para controlar la ingesta de l\u00edquidos.<\/p>\n<p>Antes de modificar su ingesti\u00f3n de l\u00edquidos, consulte siempre a su m\u00e9dico o enfermera.<\/p>\n<table border=\"1\" width=\"100%\" cellspacing=\"0\" cellpadding=\"0\">\n<tbody>\n<tr>\n<td style=\"width: 25%;\">\n<h2>Animaci\u00f3n<\/h2>\n<\/td>\n<td style=\"text-align: left; vertical-align: middle; width: 75%;\"><\/td>\n<\/tr>\n<tr>\n<td style=\"width: 25%;\"><a class=\"lightview\" href=\"https:\/\/www.youtube.com\/embed\/XgrKCNNLUp4?hl=en_UK&amp;autoplay=1;&amp;version=3&amp;rel=0&amp;showinfo=0\" data-lightview-options=\"width: 620, height: 450\" data-lightview-title=\"How heart failure causes fluid accumulation\" data-lightview-caption=\"The animation below shows how heart failure can lead to fluid accumulation in the body, affecting appetite and weight gain and leading to swolling legs and ankles.\"><img decoding=\"async\" class=\"alignleft size-full wp-image-5046\" src=\"https:\/\/cdn-endpoint-hfm.azureedge.net\/heartfailurematters\/2021\/02\/04-animation.jpg\" alt=\"\" width=\"180\" height=\"130\" \/><\/a><\/td>\n<td style=\"text-align: left; vertical-align: middle; width: 75%;\">Animaci\u00f3n que explica como la insuficiencia card\u00edaca causa retenci\u00f3n de l\u00edquido<\/td>\n<\/tr>\n<\/tbody>\n<\/table>\n<p><a title=\"Volver a S\u00edntomas\" href=\"https:\/\/www.heartfailurematters.org\/es\/conocer-la-insuficiencia-cardiaca\/sintomas-de-la-insuficiencia-cardiaca\/\">Volver a S\u00edntomas<\/a><\/p>\n","protected":false},"excerpt":{"rendered":"<p>La acumulaci\u00f3n de l\u00edquido puede producir hinchaz\u00f3n (edema), sobre todo en los tobillos. En ocasiones la hinchaz\u00f3n se extiende a las piernas, los muslos y el abdomen. Es posible que su m\u00e9dico o enfermera le recomienden que reduzca su consumo diario de l\u00edquidos para limitar la cantidad de l\u00edquido que se pueda acumular en el [&hellip;]<\/p>\n","protected":false},"author":1,"featured_media":0,"parent":2155,"menu_order":0,"comment_status":"open","ping_status":"open","template":"","meta":{"_acf_changed":false,"footnotes":""},"categories":[],"tags":[],"class_list":["post-2254","page","type-page","status-publish","hentry"],"acf":[],"yoast_head":"<!-- This site is optimized with the Yoast SEO plugin v24.8.1 - https:\/\/yoast.com\/wordpress\/plugins\/seo\/ -->\n<title>Hinchaz\u00f3n de los tobillos - Heart Failure Matters<\/title>\n<meta name=\"description\" content=\"Si padece insuficiencia card\u00edaca, la retenci\u00f3n de l\u00edquidos puede producir hinchaz\u00f3n de los tobillos, las piernas, los muslos y el abdomen. M\u00e1s informaci\u00f3n\" \/>\n<meta name=\"robots\" content=\"index, follow, max-snippet:-1, max-image-preview:large, max-video-preview:-1\" \/>\n<link rel=\"canonical\" href=\"https:\/\/www.heartfailurematters.org\/es\/conocer-la-insuficiencia-cardiaca\/hinchazon-de-los-tobillos\/\" \/>\n<meta property=\"og:locale\" content=\"es_ES\" \/>\n<meta property=\"og:type\" content=\"article\" \/>\n<meta property=\"og:title\" content=\"Hinchaz\u00f3n de los tobillos - Heart Failure Matters\" \/>\n<meta property=\"og:description\" content=\"Si padece insuficiencia card\u00edaca, la retenci\u00f3n de l\u00edquidos puede producir hinchaz\u00f3n de los tobillos, las piernas, los muslos y el abdomen. M\u00e1s informaci\u00f3n\" \/>\n<meta property=\"og:url\" content=\"https:\/\/www.heartfailurematters.org\/es\/conocer-la-insuficiencia-cardiaca\/hinchazon-de-los-tobillos\/\" \/>\n<meta property=\"og:site_name\" content=\"Heart Failure Matters\" \/>\n<meta property=\"article:publisher\" content=\"https:\/\/www.facebook.com\/heartfailurematters\" \/>\n<meta property=\"article:modified_time\" content=\"2022-01-25T15:29:36+00:00\" \/>\n<meta property=\"og:image\" content=\"https:\/\/cdn-endpoint-hfm.azureedge.net\/heartfailurematters\/2021\/02\/swollend-ankle.jpg\" \/>\n<meta name=\"twitter:card\" content=\"summary_large_image\" \/>\n<meta name=\"twitter:label1\" content=\"Tiempo de lectura\" \/>\n\t<meta name=\"twitter:data1\" content=\"2 minutos\" \/>\n<script type=\"application\/ld+json\" class=\"yoast-schema-graph\">{\"@context\":\"https:\/\/schema.org\",\"@graph\":[{\"@type\":\"WebPage\",\"@id\":\"https:\/\/www.heartfailurematters.org\/es\/conocer-la-insuficiencia-cardiaca\/hinchazon-de-los-tobillos\/\",\"url\":\"https:\/\/www.heartfailurematters.org\/es\/conocer-la-insuficiencia-cardiaca\/hinchazon-de-los-tobillos\/\",\"name\":\"Hinchaz\u00f3n de los tobillos - Heart Failure Matters\",\"isPartOf\":{\"@id\":\"https:\/\/www.heartfailurematters.org\/es\/#website\"},\"primaryImageOfPage\":{\"@id\":\"https:\/\/www.heartfailurematters.org\/es\/conocer-la-insuficiencia-cardiaca\/hinchazon-de-los-tobillos\/#primaryimage\"},\"image\":{\"@id\":\"https:\/\/www.heartfailurematters.org\/es\/conocer-la-insuficiencia-cardiaca\/hinchazon-de-los-tobillos\/#primaryimage\"},\"thumbnailUrl\":\"https:\/\/cdn-endpoint-hfm.azureedge.net\/heartfailurematters\/2021\/02\/swollend-ankle.jpg\",\"datePublished\":\"2021-01-27T22:09:02+00:00\",\"dateModified\":\"2022-01-25T15:29:36+00:00\",\"description\":\"Si padece insuficiencia card\u00edaca, la retenci\u00f3n de l\u00edquidos puede producir hinchaz\u00f3n de los tobillos, las piernas, los muslos y el abdomen. M\u00e1s informaci\u00f3n\",\"breadcrumb\":{\"@id\":\"https:\/\/www.heartfailurematters.org\/es\/conocer-la-insuficiencia-cardiaca\/hinchazon-de-los-tobillos\/#breadcrumb\"},\"inLanguage\":\"es\",\"potentialAction\":[{\"@type\":\"ReadAction\",\"target\":[\"https:\/\/www.heartfailurematters.org\/es\/conocer-la-insuficiencia-cardiaca\/hinchazon-de-los-tobillos\/\"]}]},{\"@type\":\"ImageObject\",\"inLanguage\":\"es\",\"@id\":\"https:\/\/www.heartfailurematters.org\/es\/conocer-la-insuficiencia-cardiaca\/hinchazon-de-los-tobillos\/#primaryimage\",\"url\":\"https:\/\/cdn-endpoint-hfm.azureedge.net\/heartfailurematters\/2021\/02\/swollend-ankle.jpg\",\"contentUrl\":\"https:\/\/cdn-endpoint-hfm.azureedge.net\/heartfailurematters\/2021\/02\/swollend-ankle.jpg\"},{\"@type\":\"BreadcrumbList\",\"@id\":\"https:\/\/www.heartfailurematters.org\/es\/conocer-la-insuficiencia-cardiaca\/hinchazon-de-los-tobillos\/#breadcrumb\",\"itemListElement\":[{\"@type\":\"ListItem\",\"position\":1,\"name\":\"Inicio\",\"item\":\"https:\/\/www.heartfailurematters.org\/es\/\"},{\"@type\":\"ListItem\",\"position\":2,\"name\":\"Conocer la insuficiencia card\u00edaca\",\"item\":\"https:\/\/www.heartfailurematters.org\/es\/conocer-la-insuficiencia-cardiaca\/\"},{\"@type\":\"ListItem\",\"position\":3,\"name\":\"Hinchaz\u00f3n de los tobillos\"}]},{\"@type\":\"WebSite\",\"@id\":\"https:\/\/www.heartfailurematters.org\/es\/#website\",\"url\":\"https:\/\/www.heartfailurematters.org\/es\/\",\"name\":\"Heart Failure Matters\",\"description\":\"Practical information for patients, families and caregivers.\",\"publisher\":{\"@id\":\"https:\/\/www.heartfailurematters.org\/es\/#organization\"},\"potentialAction\":[{\"@type\":\"SearchAction\",\"target\":{\"@type\":\"EntryPoint\",\"urlTemplate\":\"https:\/\/www.heartfailurematters.org\/es\/?s={search_term_string}\"},\"query-input\":{\"@type\":\"PropertyValueSpecification\",\"valueRequired\":true,\"valueName\":\"search_term_string\"}}],\"inLanguage\":\"es\"},{\"@type\":\"Organization\",\"@id\":\"https:\/\/www.heartfailurematters.org\/es\/#organization\",\"name\":\"Heart Failure Matters\",\"url\":\"https:\/\/www.heartfailurematters.org\/es\/\",\"logo\":{\"@type\":\"ImageObject\",\"inLanguage\":\"es\",\"@id\":\"https:\/\/www.heartfailurematters.org\/es\/#\/schema\/logo\/image\/\",\"url\":\"https:\/\/cdn-endpoint-hfm.azureedge.net\/heartfailurematters\/2024\/07\/hfm-logo1.jpg\",\"contentUrl\":\"https:\/\/cdn-endpoint-hfm.azureedge.net\/heartfailurematters\/2024\/07\/hfm-logo1.jpg\",\"width\":1280,\"height\":720,\"caption\":\"Heart Failure Matters\"},\"image\":{\"@id\":\"https:\/\/www.heartfailurematters.org\/es\/#\/schema\/logo\/image\/\"},\"sameAs\":[\"https:\/\/www.facebook.com\/heartfailurematters\"]}]}<\/script>\n<!-- \/ Yoast SEO plugin. -->","yoast_head_json":{"title":"Hinchaz\u00f3n de los tobillos - Heart Failure Matters","description":"Si padece insuficiencia card\u00edaca, la retenci\u00f3n de l\u00edquidos puede producir hinchaz\u00f3n de los tobillos, las piernas, los muslos y el abdomen. M\u00e1s informaci\u00f3n","robots":{"index":"index","follow":"follow","max-snippet":"max-snippet:-1","max-image-preview":"max-image-preview:large","max-video-preview":"max-video-preview:-1"},"canonical":"https:\/\/www.heartfailurematters.org\/es\/conocer-la-insuficiencia-cardiaca\/hinchazon-de-los-tobillos\/","og_locale":"es_ES","og_type":"article","og_title":"Hinchaz\u00f3n de los tobillos - Heart Failure Matters","og_description":"Si padece insuficiencia card\u00edaca, la retenci\u00f3n de l\u00edquidos puede producir hinchaz\u00f3n de los tobillos, las piernas, los muslos y el abdomen. M\u00e1s informaci\u00f3n","og_url":"https:\/\/www.heartfailurematters.org\/es\/conocer-la-insuficiencia-cardiaca\/hinchazon-de-los-tobillos\/","og_site_name":"Heart Failure Matters","article_publisher":"https:\/\/www.facebook.com\/heartfailurematters","article_modified_time":"2022-01-25T15:29:36+00:00","og_image":[{"url":"https:\/\/cdn-endpoint-hfm.azureedge.net\/heartfailurematters\/2021\/02\/swollend-ankle.jpg","type":"","width":"","height":""}],"twitter_card":"summary_large_image","twitter_misc":{"Tiempo de lectura":"2 minutos"},"schema":{"@context":"https:\/\/schema.org","@graph":[{"@type":"WebPage","@id":"https:\/\/www.heartfailurematters.org\/es\/conocer-la-insuficiencia-cardiaca\/hinchazon-de-los-tobillos\/","url":"https:\/\/www.heartfailurematters.org\/es\/conocer-la-insuficiencia-cardiaca\/hinchazon-de-los-tobillos\/","name":"Hinchaz\u00f3n de los tobillos - Heart Failure Matters","isPartOf":{"@id":"https:\/\/www.heartfailurematters.org\/es\/#website"},"primaryImageOfPage":{"@id":"https:\/\/www.heartfailurematters.org\/es\/conocer-la-insuficiencia-cardiaca\/hinchazon-de-los-tobillos\/#primaryimage"},"image":{"@id":"https:\/\/www.heartfailurematters.org\/es\/conocer-la-insuficiencia-cardiaca\/hinchazon-de-los-tobillos\/#primaryimage"},"thumbnailUrl":"https:\/\/cdn-endpoint-hfm.azureedge.net\/heartfailurematters\/2021\/02\/swollend-ankle.jpg","datePublished":"2021-01-27T22:09:02+00:00","dateModified":"2022-01-25T15:29:36+00:00","description":"Si padece insuficiencia card\u00edaca, la retenci\u00f3n de l\u00edquidos puede producir hinchaz\u00f3n de los tobillos, las piernas, los muslos y el abdomen. M\u00e1s informaci\u00f3n","breadcrumb":{"@id":"https:\/\/www.heartfailurematters.org\/es\/conocer-la-insuficiencia-cardiaca\/hinchazon-de-los-tobillos\/#breadcrumb"},"inLanguage":"es","potentialAction":[{"@type":"ReadAction","target":["https:\/\/www.heartfailurematters.org\/es\/conocer-la-insuficiencia-cardiaca\/hinchazon-de-los-tobillos\/"]}]},{"@type":"ImageObject","inLanguage":"es","@id":"https:\/\/www.heartfailurematters.org\/es\/conocer-la-insuficiencia-cardiaca\/hinchazon-de-los-tobillos\/#primaryimage","url":"https:\/\/cdn-endpoint-hfm.azureedge.net\/heartfailurematters\/2021\/02\/swollend-ankle.jpg","contentUrl":"https:\/\/cdn-endpoint-hfm.azureedge.net\/heartfailurematters\/2021\/02\/swollend-ankle.jpg"},{"@type":"BreadcrumbList","@id":"https:\/\/www.heartfailurematters.org\/es\/conocer-la-insuficiencia-cardiaca\/hinchazon-de-los-tobillos\/#breadcrumb","itemListElement":[{"@type":"ListItem","position":1,"name":"Inicio","item":"https:\/\/www.heartfailurematters.org\/es\/"},{"@type":"ListItem","position":2,"name":"Conocer la insuficiencia card\u00edaca","item":"https:\/\/www.heartfailurematters.org\/es\/conocer-la-insuficiencia-cardiaca\/"},{"@type":"ListItem","position":3,"name":"Hinchaz\u00f3n de los tobillos"}]},{"@type":"WebSite","@id":"https:\/\/www.heartfailurematters.org\/es\/#website","url":"https:\/\/www.heartfailurematters.org\/es\/","name":"Heart Failure Matters","description":"Practical information for patients, families and caregivers.","publisher":{"@id":"https:\/\/www.heartfailurematters.org\/es\/#organization"},"potentialAction":[{"@type":"SearchAction","target":{"@type":"EntryPoint","urlTemplate":"https:\/\/www.heartfailurematters.org\/es\/?s={search_term_string}"},"query-input":{"@type":"PropertyValueSpecification","valueRequired":true,"valueName":"search_term_string"}}],"inLanguage":"es"},{"@type":"Organization","@id":"https:\/\/www.heartfailurematters.org\/es\/#organization","name":"Heart Failure Matters","url":"https:\/\/www.heartfailurematters.org\/es\/","logo":{"@type":"ImageObject","inLanguage":"es","@id":"https:\/\/www.heartfailurematters.org\/es\/#\/schema\/logo\/image\/","url":"https:\/\/cdn-endpoint-hfm.azureedge.net\/heartfailurematters\/2024\/07\/hfm-logo1.jpg","contentUrl":"https:\/\/cdn-endpoint-hfm.azureedge.net\/heartfailurematters\/2024\/07\/hfm-logo1.jpg","width":1280,"height":720,"caption":"Heart Failure Matters"},"image":{"@id":"https:\/\/www.heartfailurematters.org\/es\/#\/schema\/logo\/image\/"},"sameAs":["https:\/\/www.facebook.com\/heartfailurematters"]}]}},"_links":{"self":[{"href":"https:\/\/www.heartfailurematters.org\/es\/wp-json\/wp\/v2\/pages\/2254","targetHints":{"allow":["GET"]}}],"collection":[{"href":"https:\/\/www.heartfailurematters.org\/es\/wp-json\/wp\/v2\/pages"}],"about":[{"href":"https:\/\/www.heartfailurematters.org\/es\/wp-json\/wp\/v2\/types\/page"}],"author":[{"embeddable":true,"href":"https:\/\/www.heartfailurematters.org\/es\/wp-json\/wp\/v2\/users\/1"}],"replies":[{"embeddable":true,"href":"https:\/\/www.heartfailurematters.org\/es\/wp-json\/wp\/v2\/comments?post=2254"}],"version-history":[{"count":3,"href":"https:\/\/www.heartfailurematters.org\/es\/wp-json\/wp\/v2\/pages\/2254\/revisions"}],"predecessor-version":[{"id":10444,"href":"https:\/\/www.heartfailurematters.org\/es\/wp-json\/wp\/v2\/pages\/2254\/revisions\/10444"}],"up":[{"embeddable":true,"href":"https:\/\/www.heartfailurematters.org\/es\/wp-json\/wp\/v2\/pages\/2155"}],"wp:attachment":[{"href":"https:\/\/www.heartfailurematters.org\/es\/wp-json\/wp\/v2\/media?parent=2254"}],"wp:term":[{"taxonomy":"category","embeddable":true,"href":"https:\/\/www.heartfailurematters.org\/es\/wp-json\/wp\/v2\/categories?post=2254"},{"taxonomy":"post_tag","embeddable":true,"href":"https:\/\/www.heartfailurematters.org\/es\/wp-json\/wp\/v2\/tags?post=2254"}],"curies":[{"name":"wp","href":"https:\/\/api.w.org\/{rel}","templated":true}]}}