{"id":2253,"date":"2021-01-27T22:09:02","date_gmt":"2021-01-27T22:09:02","guid":{"rendered":"http:\/\/heartfailurematters.local:8888\/hiperfuncion-tiroidea\/"},"modified":"2022-01-25T14:57:49","modified_gmt":"2022-01-25T14:57:49","slug":"hiperfuncion-tiroidea","status":"publish","type":"page","link":"https:\/\/www.heartfailurematters.org\/es\/causas-de-la-insuficiencia-cardiaca-y-otras-afecciones-medicas-frecuentes\/hiperfuncion-tiroidea\/","title":{"rendered":"Funci\u00f3n tiroidea an\u00f3mala"},"content":{"rendered":"<p>La enfermedad tiroidea es un trastorno frecuente y tambi\u00e9n un factor de riesgo para el desarrollo o empeoramiento de la insuficiencia card\u00edaca. La funci\u00f3n an\u00f3mala de la <a class=\"addtooltip\" title=\"Gl\u00e1ndula en forma de mariposa en el cuello que produce una hormona responsable de controlar la tasa de metabolismo.\"><strong>gl\u00e1ndula tiroides<\/strong><\/a> (situada en la parte delantera del cuello) puede ser de dos tipos: puede producir demasiadas hormonas tiroideas o muy pocas. Las hormonas tiroideas regulan el metabolismo celular y env\u00edan un mensaje a las c\u00e9lulas haci\u00e9ndolas aumentar o disminuir su velocidad.<br \/>\nLos s\u00edntomas de la tiroides hiperactiva incluyen latidos card\u00edacos r\u00e1pidos, intolerancia al calor y al ejercicio, falta de aliento al hacer ejercicio, aumento de la transpiraci\u00f3n, p\u00e9rdida de peso y mucha debilidad. Un exceso de hormonas tiroideas sobrecarga el m\u00fasculo card\u00edaco, aumenta la funci\u00f3n de bombeo y con frecuencia causa la alteraci\u00f3n com\u00fan del ritmo card\u00edaco conocida como fibrilaci\u00f3n auricular (FA).<\/p>\n<p>Por el contrario, cuando la gl\u00e1ndula tiroides est\u00e1 poco activa y produce muy poca hormona, las caracter\u00edsticas t\u00edpicas son aumento de peso, intolerancia al fr\u00edo, ritmo card\u00edaco lento, disminuci\u00f3n de la funci\u00f3n de bombeo, debilidad, y un aumento en el nivel de colesterol que contribuye a la enfermedad coronaria.<\/p>\n<p>Si se sospecha de un trastorno tiroideo, se puede obtener el diagn\u00f3stico con un an\u00e1lisis normal y uno de las hormonas tiroideas en la sangre. A veces, es necesario examinar la gl\u00e1ndula tiroides utilizando una t\u00e9cnica de obtenci\u00f3n de im\u00e1genes\/exploraci\u00f3n para asegurarse de que no se requiere ninguna intervenci\u00f3n adicional. La correcci\u00f3n de la funci\u00f3n tiroidea es esencial para proporcionar un tratamiento \u00f3ptimo a los pacientes con insuficiencia card\u00edaca coexistente. En caso de sobreproducci\u00f3n (hipertiroidismo), el m\u00e9dico suele recetar medicamentos que pueden ralentizar la producci\u00f3n de hormonas tiroideas. Los betabloqueantes son especialmente \u00fatiles para controlar la frecuencia card\u00edaca cuando se produce demasiadas hormonas tiroideas. Por el contrario, si la producci\u00f3n de la tiroides es inadecuada (hipotiroidismo), se administran medicamentos para aumentar la cantidad de hormonas tiroideas en la sangre.<\/p>\n<p>Determinados medicamentos utilizados para regular el ritmo card\u00edaco de los pacientes con insuficiencia card\u00edaca contienen una cantidad significativa de yodo. Y lo que es m\u00e1s importante, la amiodarona, que se usa normalmente para varios tipos de alteraciones del ritmo, puede inducir varios tipos de disfunci\u00f3n tiroidea, tanto hipertiroidismo como hipotiroidismo. Por lo tanto, cuando se usa amiodarona, es importante estar atento a los cambios de peso, intolerancia al calor o al fr\u00edo, palpitaciones o empeoramiento de la angina. Se recomienda evaluar la funci\u00f3n tiroidea de forma rutinaria con un an\u00e1lisis de sangre en pacientes con tratamiento a largo plazo con amiodarona. Si los niveles son an\u00f3malos, su m\u00e9dico deber\u00e1 decidir si debe interrumpir o no el tratamiento con amiodarona y recomendarle otro medicamento para reemplazarlo si es necesario. La amiodarona tambi\u00e9n puede provocar fotosensibilidad y una decoloraci\u00f3n caracter\u00edstica de la piel. Las alteraciones leves generalmente desaparecer\u00e1n tras la interrupci\u00f3n del tratamiento con amiodarona.<\/p>\n<p><a href=\"https:\/\/www.heartfailurematters.org\/heart-failure-causes-and-other-common-medical-conditions\/other-common-medical-conditions-and-heart-failure\/\">Volver a Otras enfermedades frecuentes e insuficiencia card\u00edaca<\/a><\/p>\n","protected":false},"excerpt":{"rendered":"<p>La enfermedad tiroidea es un trastorno frecuente y tambi\u00e9n un factor de riesgo para el desarrollo o empeoramiento de la insuficiencia card\u00edaca. La funci\u00f3n an\u00f3mala de la gl\u00e1ndula tiroides (situada en la parte delantera del cuello) puede ser de dos tipos: puede producir demasiadas hormonas tiroideas o muy pocas. Las hormonas tiroideas regulan el metabolismo [&hellip;]<\/p>\n","protected":false},"author":1,"featured_media":10803,"parent":8046,"menu_order":18,"comment_status":"open","ping_status":"open","template":"","meta":{"_acf_changed":false,"footnotes":""},"categories":[],"tags":[],"class_list":["post-2253","page","type-page","status-publish","has-post-thumbnail","hentry"],"acf":[],"yoast_head":"<!-- This site is optimized with the Yoast SEO plugin v24.8.1 - https:\/\/yoast.com\/wordpress\/plugins\/seo\/ -->\n<title>Tiroides hiperactiva<\/title>\n<meta name=\"description\" content=\"La tiroides controla el uso de la energ\u00eda del organismo. En la tiroides hiperactiva aumenta el uso de energ\u00eda y el cuerpo tiene que realizar un mayor esfuerzo.\" \/>\n<meta name=\"robots\" content=\"index, follow, max-snippet:-1, max-image-preview:large, max-video-preview:-1\" \/>\n<link rel=\"canonical\" href=\"https:\/\/www.heartfailurematters.org\/es\/causas-de-la-insuficiencia-cardiaca-y-otras-afecciones-medicas-frecuentes\/hiperfuncion-tiroidea\/\" \/>\n<meta property=\"og:locale\" content=\"es_ES\" \/>\n<meta property=\"og:type\" content=\"article\" \/>\n<meta property=\"og:title\" content=\"Tiroides hiperactiva\" \/>\n<meta property=\"og:description\" content=\"La tiroides controla el uso de la energ\u00eda del organismo. En la tiroides hiperactiva aumenta el uso de energ\u00eda y el cuerpo tiene que realizar un mayor esfuerzo.\" \/>\n<meta property=\"og:url\" content=\"https:\/\/www.heartfailurematters.org\/es\/causas-de-la-insuficiencia-cardiaca-y-otras-afecciones-medicas-frecuentes\/hiperfuncion-tiroidea\/\" \/>\n<meta property=\"og:site_name\" content=\"Heart Failure Matters\" \/>\n<meta property=\"article:publisher\" content=\"https:\/\/www.facebook.com\/heartfailurematters\" \/>\n<meta property=\"article:modified_time\" content=\"2022-01-25T14:57:49+00:00\" \/>\n<meta property=\"og:image\" content=\"https:\/\/www.heartfailurematters.org\/wp-content\/uploads\/2022\/03\/shutterstock_433800355-1-min.jpg\" \/>\n\t<meta property=\"og:image:width\" content=\"900\" \/>\n\t<meta property=\"og:image:height\" content=\"600\" \/>\n\t<meta property=\"og:image:type\" content=\"image\/jpeg\" \/>\n<meta name=\"twitter:card\" content=\"summary_large_image\" \/>\n<meta name=\"twitter:label1\" content=\"Tiempo de lectura\" \/>\n\t<meta name=\"twitter:data1\" content=\"3 minutos\" \/>\n<script type=\"application\/ld+json\" class=\"yoast-schema-graph\">{\"@context\":\"https:\/\/schema.org\",\"@graph\":[{\"@type\":\"WebPage\",\"@id\":\"https:\/\/www.heartfailurematters.org\/es\/causas-de-la-insuficiencia-cardiaca-y-otras-afecciones-medicas-frecuentes\/hiperfuncion-tiroidea\/\",\"url\":\"https:\/\/www.heartfailurematters.org\/es\/causas-de-la-insuficiencia-cardiaca-y-otras-afecciones-medicas-frecuentes\/hiperfuncion-tiroidea\/\",\"name\":\"Tiroides hiperactiva\",\"isPartOf\":{\"@id\":\"https:\/\/www.heartfailurematters.org\/es\/#website\"},\"primaryImageOfPage\":{\"@id\":\"https:\/\/www.heartfailurematters.org\/es\/causas-de-la-insuficiencia-cardiaca-y-otras-afecciones-medicas-frecuentes\/hiperfuncion-tiroidea\/#primaryimage\"},\"image\":{\"@id\":\"https:\/\/www.heartfailurematters.org\/es\/causas-de-la-insuficiencia-cardiaca-y-otras-afecciones-medicas-frecuentes\/hiperfuncion-tiroidea\/#primaryimage\"},\"thumbnailUrl\":\"https:\/\/www.heartfailurematters.org\/wp-content\/uploads\/2022\/03\/shutterstock_433800355-1-min.jpg\",\"datePublished\":\"2021-01-27T22:09:02+00:00\",\"dateModified\":\"2022-01-25T14:57:49+00:00\",\"description\":\"La tiroides controla el uso de la energ\u00eda del organismo. En la tiroides hiperactiva aumenta el uso de energ\u00eda y el cuerpo tiene que realizar un mayor esfuerzo.\",\"breadcrumb\":{\"@id\":\"https:\/\/www.heartfailurematters.org\/es\/causas-de-la-insuficiencia-cardiaca-y-otras-afecciones-medicas-frecuentes\/hiperfuncion-tiroidea\/#breadcrumb\"},\"inLanguage\":\"es\",\"potentialAction\":[{\"@type\":\"ReadAction\",\"target\":[\"https:\/\/www.heartfailurematters.org\/es\/causas-de-la-insuficiencia-cardiaca-y-otras-afecciones-medicas-frecuentes\/hiperfuncion-tiroidea\/\"]}]},{\"@type\":\"ImageObject\",\"inLanguage\":\"es\",\"@id\":\"https:\/\/www.heartfailurematters.org\/es\/causas-de-la-insuficiencia-cardiaca-y-otras-afecciones-medicas-frecuentes\/hiperfuncion-tiroidea\/#primaryimage\",\"url\":\"https:\/\/www.heartfailurematters.org\/wp-content\/uploads\/2022\/03\/shutterstock_433800355-1-min.jpg\",\"contentUrl\":\"https:\/\/www.heartfailurematters.org\/wp-content\/uploads\/2022\/03\/shutterstock_433800355-1-min.jpg\",\"width\":900,\"height\":600},{\"@type\":\"BreadcrumbList\",\"@id\":\"https:\/\/www.heartfailurematters.org\/es\/causas-de-la-insuficiencia-cardiaca-y-otras-afecciones-medicas-frecuentes\/hiperfuncion-tiroidea\/#breadcrumb\",\"itemListElement\":[{\"@type\":\"ListItem\",\"position\":1,\"name\":\"Inicio\",\"item\":\"https:\/\/www.heartfailurematters.org\/es\/\"},{\"@type\":\"ListItem\",\"position\":2,\"name\":\"Causas de la insuficiencia card\u00edaca y otras afecciones m\u00e9dicas frecuentes\",\"item\":\"https:\/\/www.heartfailurematters.org\/es\/causas-de-la-insuficiencia-cardiaca-y-otras-afecciones-medicas-frecuentes\/\"},{\"@type\":\"ListItem\",\"position\":3,\"name\":\"Funci\u00f3n tiroidea an\u00f3mala\"}]},{\"@type\":\"WebSite\",\"@id\":\"https:\/\/www.heartfailurematters.org\/es\/#website\",\"url\":\"https:\/\/www.heartfailurematters.org\/es\/\",\"name\":\"Heart Failure Matters\",\"description\":\"Practical information for patients, families and caregivers.\",\"publisher\":{\"@id\":\"https:\/\/www.heartfailurematters.org\/es\/#organization\"},\"potentialAction\":[{\"@type\":\"SearchAction\",\"target\":{\"@type\":\"EntryPoint\",\"urlTemplate\":\"https:\/\/www.heartfailurematters.org\/es\/?s={search_term_string}\"},\"query-input\":{\"@type\":\"PropertyValueSpecification\",\"valueRequired\":true,\"valueName\":\"search_term_string\"}}],\"inLanguage\":\"es\"},{\"@type\":\"Organization\",\"@id\":\"https:\/\/www.heartfailurematters.org\/es\/#organization\",\"name\":\"Heart Failure Matters\",\"url\":\"https:\/\/www.heartfailurematters.org\/es\/\",\"logo\":{\"@type\":\"ImageObject\",\"inLanguage\":\"es\",\"@id\":\"https:\/\/www.heartfailurematters.org\/es\/#\/schema\/logo\/image\/\",\"url\":\"https:\/\/cdn-endpoint-hfm.azureedge.net\/heartfailurematters\/2024\/07\/hfm-logo1.jpg\",\"contentUrl\":\"https:\/\/cdn-endpoint-hfm.azureedge.net\/heartfailurematters\/2024\/07\/hfm-logo1.jpg\",\"width\":1280,\"height\":720,\"caption\":\"Heart Failure Matters\"},\"image\":{\"@id\":\"https:\/\/www.heartfailurematters.org\/es\/#\/schema\/logo\/image\/\"},\"sameAs\":[\"https:\/\/www.facebook.com\/heartfailurematters\"]}]}<\/script>\n<!-- \/ Yoast SEO plugin. -->","yoast_head_json":{"title":"Tiroides hiperactiva","description":"La tiroides controla el uso de la energ\u00eda del organismo. En la tiroides hiperactiva aumenta el uso de energ\u00eda y el cuerpo tiene que realizar un mayor esfuerzo.","robots":{"index":"index","follow":"follow","max-snippet":"max-snippet:-1","max-image-preview":"max-image-preview:large","max-video-preview":"max-video-preview:-1"},"canonical":"https:\/\/www.heartfailurematters.org\/es\/causas-de-la-insuficiencia-cardiaca-y-otras-afecciones-medicas-frecuentes\/hiperfuncion-tiroidea\/","og_locale":"es_ES","og_type":"article","og_title":"Tiroides hiperactiva","og_description":"La tiroides controla el uso de la energ\u00eda del organismo. En la tiroides hiperactiva aumenta el uso de energ\u00eda y el cuerpo tiene que realizar un mayor esfuerzo.","og_url":"https:\/\/www.heartfailurematters.org\/es\/causas-de-la-insuficiencia-cardiaca-y-otras-afecciones-medicas-frecuentes\/hiperfuncion-tiroidea\/","og_site_name":"Heart Failure Matters","article_publisher":"https:\/\/www.facebook.com\/heartfailurematters","article_modified_time":"2022-01-25T14:57:49+00:00","og_image":[{"width":900,"height":600,"url":"https:\/\/www.heartfailurematters.org\/wp-content\/uploads\/2022\/03\/shutterstock_433800355-1-min.jpg","type":"image\/jpeg"}],"twitter_card":"summary_large_image","twitter_misc":{"Tiempo de lectura":"3 minutos"},"schema":{"@context":"https:\/\/schema.org","@graph":[{"@type":"WebPage","@id":"https:\/\/www.heartfailurematters.org\/es\/causas-de-la-insuficiencia-cardiaca-y-otras-afecciones-medicas-frecuentes\/hiperfuncion-tiroidea\/","url":"https:\/\/www.heartfailurematters.org\/es\/causas-de-la-insuficiencia-cardiaca-y-otras-afecciones-medicas-frecuentes\/hiperfuncion-tiroidea\/","name":"Tiroides hiperactiva","isPartOf":{"@id":"https:\/\/www.heartfailurematters.org\/es\/#website"},"primaryImageOfPage":{"@id":"https:\/\/www.heartfailurematters.org\/es\/causas-de-la-insuficiencia-cardiaca-y-otras-afecciones-medicas-frecuentes\/hiperfuncion-tiroidea\/#primaryimage"},"image":{"@id":"https:\/\/www.heartfailurematters.org\/es\/causas-de-la-insuficiencia-cardiaca-y-otras-afecciones-medicas-frecuentes\/hiperfuncion-tiroidea\/#primaryimage"},"thumbnailUrl":"https:\/\/www.heartfailurematters.org\/wp-content\/uploads\/2022\/03\/shutterstock_433800355-1-min.jpg","datePublished":"2021-01-27T22:09:02+00:00","dateModified":"2022-01-25T14:57:49+00:00","description":"La tiroides controla el uso de la energ\u00eda del organismo. En la tiroides hiperactiva aumenta el uso de energ\u00eda y el cuerpo tiene que realizar un mayor esfuerzo.","breadcrumb":{"@id":"https:\/\/www.heartfailurematters.org\/es\/causas-de-la-insuficiencia-cardiaca-y-otras-afecciones-medicas-frecuentes\/hiperfuncion-tiroidea\/#breadcrumb"},"inLanguage":"es","potentialAction":[{"@type":"ReadAction","target":["https:\/\/www.heartfailurematters.org\/es\/causas-de-la-insuficiencia-cardiaca-y-otras-afecciones-medicas-frecuentes\/hiperfuncion-tiroidea\/"]}]},{"@type":"ImageObject","inLanguage":"es","@id":"https:\/\/www.heartfailurematters.org\/es\/causas-de-la-insuficiencia-cardiaca-y-otras-afecciones-medicas-frecuentes\/hiperfuncion-tiroidea\/#primaryimage","url":"https:\/\/www.heartfailurematters.org\/wp-content\/uploads\/2022\/03\/shutterstock_433800355-1-min.jpg","contentUrl":"https:\/\/www.heartfailurematters.org\/wp-content\/uploads\/2022\/03\/shutterstock_433800355-1-min.jpg","width":900,"height":600},{"@type":"BreadcrumbList","@id":"https:\/\/www.heartfailurematters.org\/es\/causas-de-la-insuficiencia-cardiaca-y-otras-afecciones-medicas-frecuentes\/hiperfuncion-tiroidea\/#breadcrumb","itemListElement":[{"@type":"ListItem","position":1,"name":"Inicio","item":"https:\/\/www.heartfailurematters.org\/es\/"},{"@type":"ListItem","position":2,"name":"Causas de la insuficiencia card\u00edaca y otras afecciones m\u00e9dicas frecuentes","item":"https:\/\/www.heartfailurematters.org\/es\/causas-de-la-insuficiencia-cardiaca-y-otras-afecciones-medicas-frecuentes\/"},{"@type":"ListItem","position":3,"name":"Funci\u00f3n tiroidea an\u00f3mala"}]},{"@type":"WebSite","@id":"https:\/\/www.heartfailurematters.org\/es\/#website","url":"https:\/\/www.heartfailurematters.org\/es\/","name":"Heart Failure Matters","description":"Practical information for patients, families and caregivers.","publisher":{"@id":"https:\/\/www.heartfailurematters.org\/es\/#organization"},"potentialAction":[{"@type":"SearchAction","target":{"@type":"EntryPoint","urlTemplate":"https:\/\/www.heartfailurematters.org\/es\/?s={search_term_string}"},"query-input":{"@type":"PropertyValueSpecification","valueRequired":true,"valueName":"search_term_string"}}],"inLanguage":"es"},{"@type":"Organization","@id":"https:\/\/www.heartfailurematters.org\/es\/#organization","name":"Heart Failure Matters","url":"https:\/\/www.heartfailurematters.org\/es\/","logo":{"@type":"ImageObject","inLanguage":"es","@id":"https:\/\/www.heartfailurematters.org\/es\/#\/schema\/logo\/image\/","url":"https:\/\/cdn-endpoint-hfm.azureedge.net\/heartfailurematters\/2024\/07\/hfm-logo1.jpg","contentUrl":"https:\/\/cdn-endpoint-hfm.azureedge.net\/heartfailurematters\/2024\/07\/hfm-logo1.jpg","width":1280,"height":720,"caption":"Heart Failure Matters"},"image":{"@id":"https:\/\/www.heartfailurematters.org\/es\/#\/schema\/logo\/image\/"},"sameAs":["https:\/\/www.facebook.com\/heartfailurematters"]}]}},"_links":{"self":[{"href":"https:\/\/www.heartfailurematters.org\/es\/wp-json\/wp\/v2\/pages\/2253","targetHints":{"allow":["GET"]}}],"collection":[{"href":"https:\/\/www.heartfailurematters.org\/es\/wp-json\/wp\/v2\/pages"}],"about":[{"href":"https:\/\/www.heartfailurematters.org\/es\/wp-json\/wp\/v2\/types\/page"}],"author":[{"embeddable":true,"href":"https:\/\/www.heartfailurematters.org\/es\/wp-json\/wp\/v2\/users\/1"}],"replies":[{"embeddable":true,"href":"https:\/\/www.heartfailurematters.org\/es\/wp-json\/wp\/v2\/comments?post=2253"}],"version-history":[{"count":2,"href":"https:\/\/www.heartfailurematters.org\/es\/wp-json\/wp\/v2\/pages\/2253\/revisions"}],"predecessor-version":[{"id":9074,"href":"https:\/\/www.heartfailurematters.org\/es\/wp-json\/wp\/v2\/pages\/2253\/revisions\/9074"}],"up":[{"embeddable":true,"href":"https:\/\/www.heartfailurematters.org\/es\/wp-json\/wp\/v2\/pages\/8046"}],"wp:featuredmedia":[{"embeddable":true,"href":"https:\/\/www.heartfailurematters.org\/es\/wp-json\/wp\/v2\/media\/10803"}],"wp:attachment":[{"href":"https:\/\/www.heartfailurematters.org\/es\/wp-json\/wp\/v2\/media?parent=2253"}],"wp:term":[{"taxonomy":"category","embeddable":true,"href":"https:\/\/www.heartfailurematters.org\/es\/wp-json\/wp\/v2\/categories?post=2253"},{"taxonomy":"post_tag","embeddable":true,"href":"https:\/\/www.heartfailurematters.org\/es\/wp-json\/wp\/v2\/tags?post=2253"}],"curies":[{"name":"wp","href":"https:\/\/api.w.org\/{rel}","templated":true}]}}