{"id":2252,"date":"2021-01-27T22:09:02","date_gmt":"2021-01-27T22:09:02","guid":{"rendered":"http:\/\/heartfailurematters.local:8888\/participacion-en-estudios-clinicos\/"},"modified":"2022-01-27T11:01:49","modified_gmt":"2022-01-27T11:01:49","slug":"participacion-en-estudios-clinicos","status":"publish","type":"page","link":"https:\/\/www.heartfailurematters.org\/es\/lo-que-pueden-hacer-su-medico-o-enfermero\/participacion-en-estudios-clinicos\/","title":{"rendered":"Participaci\u00f3n en estudios cl\u00ednicos"},"content":{"rendered":"<h2>\u00bfQu\u00e9 son los estudios cl\u00ednicos?<\/h2>\n<p>Los estudios cl\u00ednicos proporcionan a los profesionales sanitarios las pruebas necesarias para garantizar que siempre haya nuevos tratamientos de insuficiencia card\u00edaca en el horizonte y que su uso sea seguro y efectivo antes de que est\u00e9n disponibles para tratar a los pacientes.<\/p>\n<p>Para que un nuevo medicamento o dispositivo se pueda utilizar en un gran n\u00famero de pacientes, primero hay que comprobar que es seguro y funciona. Los estudios cl\u00ednicos se utilizan para evaluar el efecto de un tratamiento concreto de una manera estricta y cient\u00edficamente controlada.<\/p>\n<p>Los estudios cl\u00ednicos son objeto de una meticulosa evaluaci\u00f3n por comit\u00e9s de \u00e9tica designados y organismos estatales reguladores de los medicamentos con el fin de garantizar que dan respuestas v\u00e1lidas a lo que se desea saber (normalmente si el tratamiento funciona sin demasiados efectos secundarios). Los comit\u00e9s de \u00e9tica tambi\u00e9n verifican que el estudio se lleva a cabo conforme a la buena pr\u00e1ctica cl\u00ednica (una serie de normas aceptadas internacionalmente elaboradas para proteger a las personas que participan en un estudio). Habitualmente se constituye un comit\u00e9 independiente de vigilancia de la seguridad que continuamente recibe informes de lo que ocurre durante todo el estudio. El cometido principal de este comit\u00e9 es la protecci\u00f3n de los pacientes participantes a lo largo del estudio. Las agencias reguladoras de medicamentos como la EMA (Agencia Europea de Medicamentos) o la FDA (Administraci\u00f3n de Alimentos y F\u00e1rmacos) supervisan la seguridad y los efectos a largo plazo de los medicamentos y dispositivos antes y despu\u00e9s de su aprobaci\u00f3n.<\/p>\n<h2>\u00bfPor qu\u00e9 querr\u00eda participar en un estudio cl\u00ednico?<\/h2>\n<p>Continuamente se est\u00e1n desarrollando medicamentos m\u00e1s seguros y m\u00e1s eficaces. Se necesitan estudios cl\u00ednicos en pacientes de la vida real para demostrar estos efectos beneficiosos antes de que las autoridades sanitarias permitan su comercializaci\u00f3n. Si decide participar en un estudio cl\u00ednico, colaborar\u00e1 en la investigaci\u00f3n de nuevos f\u00e1rmacos desarrollados para ser m\u00e1s seguros y m\u00e1s eficaces que los tratamientos existentes.<\/p>\n<p>Los m\u00e9dicos que participan en <a class=\"addtooltip\" title=\"Estudios de investigaci\u00f3n m\u00e9dica en seres humanos. Su finalidad es responder a preguntas espec\u00edficas y descubrir mejores formas de prevenir, detectar o tratar enfermedades como la insuficiencia card\u00edaca, o descubrir posibles efectos secundarios de los medicamentos.\"><strong>los estudios cl\u00ednicos<\/strong><\/a> suelen estar particularmente interesados en la enfermedad que se est\u00e1 investigando. Le explicar\u00e1n el tratamiento antes de incorporarse al estudio. Debe poder contactar f\u00e1cilmente con los investigadores y las enfermeras de investigaci\u00f3n si sus s\u00edntomas empeoran. A menudo tiene la posibilidad de acceder a un tratamiento a\u00f1os antes de que se utilice en la pr\u00e1ctica habitual.<\/p>\n<h2>\u00bfEn qu\u00e9 consiste?<\/h2>\n<p>Si su m\u00e9dico considera que usted es id\u00f3neo para tomar parte en un estudio cl\u00ednico, le explicar\u00e1 la finalidad y los detalles del estudio. Ser\u00e1n necesarias una <a class=\"addtooltip\" title=\"Inspecci\u00f3n minuciosa de un paciente en busca de signos de enfermedad o de una anomal\u00eda. \"><strong>exploraci\u00f3n f\u00edsica<\/strong><\/a> y un <a class=\"addtooltip\" title=\"Detalles de los s\u00edntomas, las enfermedades y tratamientos recientes o antiguos, las intervenciones quir\u00fargicas u operaciones anteriores, el uso de medicamentos y los antecedentes familiares de una persona. \"><strong>historial cl\u00ednico<\/strong><\/a> minuciosos para verificar que usted es id\u00f3neo para participar en el estudio en cuesti\u00f3n. Si es as\u00ed, le asignar\u00e1n el tratamiento que se est\u00e1 investigando y le prescribir\u00e1n un plan de tratamiento. Tambi\u00e9n es posible que le pidan que anote en un diario cualquier cambio en su salud y que lo lleve a las visitas peri\u00f3dicas al centro. Estas visitas de seguimiento adicionales a menudo sirven para mejorar su tratamiento a largo plazo.<\/p>\n<p>Se implicar\u00e1 a su m\u00e9dico de atenci\u00f3n primaria o general, le informar\u00e1 que usted ha empezado un estudio y se le facilitar\u00e1 un resumen escrito al final del mismo.<\/p>\n<p>Cuando se comparan dos medicamentos, el estudio puede ser <a class=\"addtooltip\" title=\"Un estudio cl\u00ednico ciego es el estudio de un medicamento en el que el sujeto no sabe si est\u00e1 recibiendo el f\u00e1rmaco activo o un placebo (pastilla simulada). \"><strong>ciego<\/strong><\/a>; esto significa que usted o su m\u00e9dico (o ambos, lo que se conoce como <a class=\"addtooltip\" title=\"Un estudio cl\u00ednico doble ciego es un estudio de un medicamento en el que ni el sujeto ni el investigador saben si el sujeto est\u00e1 recibiendo el f\u00e1rmaco activo o un placebo.\"><strong>doble ciego<\/strong><\/a>) no sabr\u00e1n qu\u00e9 medicamento espec\u00edfico est\u00e1 recibiendo. Con ello se pretende eliminar cualquier sesgo derivado de saber que usted est\u00e1 recibiendo o no el medicamento que se est\u00e1 investigando. El comit\u00e9 de vigilancia de la seguridad y los datos conoce todos los pormenores del estudio para garantizar la seguridad de los pacientes.<\/p>\n<p>Tambi\u00e9n es posible que reciba un medicamento inactivo, conocido como <a class=\"addtooltip\" title=\"Pastilla o medicamento inactivo (simulado) que se utiliza con frecuencia en los estudios cl\u00ednicos.\"><strong>placebo<\/strong><\/a>, o pastilla simulada. El placebo se utiliza para comprobar si el nuevo tratamiento tiene efectos en comparaci\u00f3n con el convencional.<\/p>\n<h2>Pregunte a su m\u00e9dico:<\/h2>\n<ul>\n<li>\u00bfCu\u00e1nto durar\u00e1 el estudio?<\/li>\n<li>\u00bfPodr\u00e9 cambiar de opini\u00f3n una vez que haya comenzado el estudio?<\/li>\n<li>\u00bfCon qu\u00e9 frecuencia tendr\u00e9 que acudir a la consulta?<\/li>\n<li>\u00bfPodr\u00e9 saber si estoy tomando el f\u00e1rmaco en fase de investigaci\u00f3n?<\/li>\n<li>\u00bfCu\u00e1les son los efectos secundarios y los posibles riesgos relacionados con el f\u00e1rmaco en fase de investigaci\u00f3n?<\/li>\n<li>\u00bfPodr\u00e9 seguir con el tratamiento una vez que haya finalizado el estudio?<\/li>\n<\/ul>\n","protected":false},"excerpt":{"rendered":"<p>\u00bfQu\u00e9 son los estudios cl\u00ednicos? Los estudios cl\u00ednicos proporcionan a los profesionales sanitarios las pruebas necesarias para garantizar que siempre haya nuevos tratamientos de insuficiencia card\u00edaca en el horizonte y que su uso sea seguro y efectivo antes de que est\u00e9n disponibles para tratar a los pacientes. Para que un nuevo medicamento o dispositivo se [&hellip;]<\/p>\n","protected":false},"author":1,"featured_media":10542,"parent":2684,"menu_order":10,"comment_status":"open","ping_status":"closed","template":"","meta":{"_acf_changed":false,"footnotes":""},"categories":[149],"tags":[],"class_list":["post-2252","page","type-page","status-publish","has-post-thumbnail","hentry","category-what-can-your-doctor-do-es"],"acf":[],"yoast_head":"<!-- This site is optimized with the Yoast SEO plugin v24.8.1 - https:\/\/yoast.com\/wordpress\/plugins\/seo\/ -->\n<title>Participaci\u00f3n en estudios cl\u00ednicos - Heart Failure Matters<\/title>\n<meta name=\"description\" content=\"Los ensayos cl\u00ednicos proporcionan las pruebas necesarias para garantizar la disponibilidad de nuevos tratamientos para la insuficiencia card\u00edaca.\" \/>\n<meta name=\"robots\" content=\"index, follow, max-snippet:-1, max-image-preview:large, max-video-preview:-1\" \/>\n<link rel=\"canonical\" href=\"https:\/\/www.heartfailurematters.org\/es\/lo-que-pueden-hacer-su-medico-o-enfermero\/participacion-en-estudios-clinicos\/\" \/>\n<meta property=\"og:locale\" content=\"es_ES\" \/>\n<meta property=\"og:type\" content=\"article\" \/>\n<meta property=\"og:title\" content=\"Participaci\u00f3n en estudios cl\u00ednicos - Heart Failure Matters\" \/>\n<meta property=\"og:description\" content=\"Los ensayos cl\u00ednicos proporcionan las pruebas necesarias para garantizar la disponibilidad de nuevos tratamientos para la insuficiencia card\u00edaca.\" \/>\n<meta property=\"og:url\" content=\"https:\/\/www.heartfailurematters.org\/es\/lo-que-pueden-hacer-su-medico-o-enfermero\/participacion-en-estudios-clinicos\/\" \/>\n<meta property=\"og:site_name\" content=\"Heart Failure Matters\" \/>\n<meta property=\"article:publisher\" content=\"https:\/\/www.facebook.com\/heartfailurematters\" \/>\n<meta property=\"article:modified_time\" content=\"2022-01-27T11:01:49+00:00\" \/>\n<meta property=\"og:image\" content=\"https:\/\/www.heartfailurematters.org\/wp-content\/uploads\/2022\/02\/shutterstock_258402434-1-min.jpg\" \/>\n\t<meta property=\"og:image:width\" content=\"900\" \/>\n\t<meta property=\"og:image:height\" content=\"475\" \/>\n\t<meta property=\"og:image:type\" content=\"image\/jpeg\" \/>\n<meta name=\"twitter:card\" content=\"summary_large_image\" \/>\n<meta name=\"twitter:label1\" content=\"Tiempo de lectura\" \/>\n\t<meta name=\"twitter:data1\" content=\"4 minutos\" \/>\n<script type=\"application\/ld+json\" class=\"yoast-schema-graph\">{\"@context\":\"https:\/\/schema.org\",\"@graph\":[{\"@type\":\"WebPage\",\"@id\":\"https:\/\/www.heartfailurematters.org\/es\/lo-que-pueden-hacer-su-medico-o-enfermero\/participacion-en-estudios-clinicos\/\",\"url\":\"https:\/\/www.heartfailurematters.org\/es\/lo-que-pueden-hacer-su-medico-o-enfermero\/participacion-en-estudios-clinicos\/\",\"name\":\"Participaci\u00f3n en estudios cl\u00ednicos - Heart Failure Matters\",\"isPartOf\":{\"@id\":\"https:\/\/www.heartfailurematters.org\/es\/#website\"},\"primaryImageOfPage\":{\"@id\":\"https:\/\/www.heartfailurematters.org\/es\/lo-que-pueden-hacer-su-medico-o-enfermero\/participacion-en-estudios-clinicos\/#primaryimage\"},\"image\":{\"@id\":\"https:\/\/www.heartfailurematters.org\/es\/lo-que-pueden-hacer-su-medico-o-enfermero\/participacion-en-estudios-clinicos\/#primaryimage\"},\"thumbnailUrl\":\"https:\/\/www.heartfailurematters.org\/wp-content\/uploads\/2022\/02\/shutterstock_258402434-1-min.jpg\",\"datePublished\":\"2021-01-27T22:09:02+00:00\",\"dateModified\":\"2022-01-27T11:01:49+00:00\",\"description\":\"Los ensayos cl\u00ednicos proporcionan las pruebas necesarias para garantizar la disponibilidad de nuevos tratamientos para la insuficiencia card\u00edaca.\",\"breadcrumb\":{\"@id\":\"https:\/\/www.heartfailurematters.org\/es\/lo-que-pueden-hacer-su-medico-o-enfermero\/participacion-en-estudios-clinicos\/#breadcrumb\"},\"inLanguage\":\"es\",\"potentialAction\":[{\"@type\":\"ReadAction\",\"target\":[\"https:\/\/www.heartfailurematters.org\/es\/lo-que-pueden-hacer-su-medico-o-enfermero\/participacion-en-estudios-clinicos\/\"]}]},{\"@type\":\"ImageObject\",\"inLanguage\":\"es\",\"@id\":\"https:\/\/www.heartfailurematters.org\/es\/lo-que-pueden-hacer-su-medico-o-enfermero\/participacion-en-estudios-clinicos\/#primaryimage\",\"url\":\"https:\/\/www.heartfailurematters.org\/wp-content\/uploads\/2022\/02\/shutterstock_258402434-1-min.jpg\",\"contentUrl\":\"https:\/\/www.heartfailurematters.org\/wp-content\/uploads\/2022\/02\/shutterstock_258402434-1-min.jpg\",\"width\":900,\"height\":475},{\"@type\":\"BreadcrumbList\",\"@id\":\"https:\/\/www.heartfailurematters.org\/es\/lo-que-pueden-hacer-su-medico-o-enfermero\/participacion-en-estudios-clinicos\/#breadcrumb\",\"itemListElement\":[{\"@type\":\"ListItem\",\"position\":1,\"name\":\"Inicio\",\"item\":\"https:\/\/www.heartfailurematters.org\/es\/\"},{\"@type\":\"ListItem\",\"position\":2,\"name\":\"\u00bfQu\u00e9 puede hacer su m\u00e9dico?\",\"item\":\"https:\/\/www.heartfailurematters.org\/es\/lo-que-pueden-hacer-su-medico-o-enfermero\/\"},{\"@type\":\"ListItem\",\"position\":3,\"name\":\"Participaci\u00f3n en estudios cl\u00ednicos\"}]},{\"@type\":\"WebSite\",\"@id\":\"https:\/\/www.heartfailurematters.org\/es\/#website\",\"url\":\"https:\/\/www.heartfailurematters.org\/es\/\",\"name\":\"Heart Failure Matters\",\"description\":\"Practical information for patients, families and caregivers.\",\"publisher\":{\"@id\":\"https:\/\/www.heartfailurematters.org\/es\/#organization\"},\"potentialAction\":[{\"@type\":\"SearchAction\",\"target\":{\"@type\":\"EntryPoint\",\"urlTemplate\":\"https:\/\/www.heartfailurematters.org\/es\/?s={search_term_string}\"},\"query-input\":{\"@type\":\"PropertyValueSpecification\",\"valueRequired\":true,\"valueName\":\"search_term_string\"}}],\"inLanguage\":\"es\"},{\"@type\":\"Organization\",\"@id\":\"https:\/\/www.heartfailurematters.org\/es\/#organization\",\"name\":\"Heart Failure Matters\",\"url\":\"https:\/\/www.heartfailurematters.org\/es\/\",\"logo\":{\"@type\":\"ImageObject\",\"inLanguage\":\"es\",\"@id\":\"https:\/\/www.heartfailurematters.org\/es\/#\/schema\/logo\/image\/\",\"url\":\"https:\/\/cdn-endpoint-hfm.azureedge.net\/heartfailurematters\/2024\/07\/hfm-logo1.jpg\",\"contentUrl\":\"https:\/\/cdn-endpoint-hfm.azureedge.net\/heartfailurematters\/2024\/07\/hfm-logo1.jpg\",\"width\":1280,\"height\":720,\"caption\":\"Heart Failure Matters\"},\"image\":{\"@id\":\"https:\/\/www.heartfailurematters.org\/es\/#\/schema\/logo\/image\/\"},\"sameAs\":[\"https:\/\/www.facebook.com\/heartfailurematters\"]}]}<\/script>\n<!-- \/ Yoast SEO plugin. -->","yoast_head_json":{"title":"Participaci\u00f3n en estudios cl\u00ednicos - Heart Failure Matters","description":"Los ensayos cl\u00ednicos proporcionan las pruebas necesarias para garantizar la disponibilidad de nuevos tratamientos para la insuficiencia card\u00edaca.","robots":{"index":"index","follow":"follow","max-snippet":"max-snippet:-1","max-image-preview":"max-image-preview:large","max-video-preview":"max-video-preview:-1"},"canonical":"https:\/\/www.heartfailurematters.org\/es\/lo-que-pueden-hacer-su-medico-o-enfermero\/participacion-en-estudios-clinicos\/","og_locale":"es_ES","og_type":"article","og_title":"Participaci\u00f3n en estudios cl\u00ednicos - Heart Failure Matters","og_description":"Los ensayos cl\u00ednicos proporcionan las pruebas necesarias para garantizar la disponibilidad de nuevos tratamientos para la insuficiencia card\u00edaca.","og_url":"https:\/\/www.heartfailurematters.org\/es\/lo-que-pueden-hacer-su-medico-o-enfermero\/participacion-en-estudios-clinicos\/","og_site_name":"Heart Failure Matters","article_publisher":"https:\/\/www.facebook.com\/heartfailurematters","article_modified_time":"2022-01-27T11:01:49+00:00","og_image":[{"width":900,"height":475,"url":"https:\/\/www.heartfailurematters.org\/wp-content\/uploads\/2022\/02\/shutterstock_258402434-1-min.jpg","type":"image\/jpeg"}],"twitter_card":"summary_large_image","twitter_misc":{"Tiempo de lectura":"4 minutos"},"schema":{"@context":"https:\/\/schema.org","@graph":[{"@type":"WebPage","@id":"https:\/\/www.heartfailurematters.org\/es\/lo-que-pueden-hacer-su-medico-o-enfermero\/participacion-en-estudios-clinicos\/","url":"https:\/\/www.heartfailurematters.org\/es\/lo-que-pueden-hacer-su-medico-o-enfermero\/participacion-en-estudios-clinicos\/","name":"Participaci\u00f3n en estudios cl\u00ednicos - Heart Failure Matters","isPartOf":{"@id":"https:\/\/www.heartfailurematters.org\/es\/#website"},"primaryImageOfPage":{"@id":"https:\/\/www.heartfailurematters.org\/es\/lo-que-pueden-hacer-su-medico-o-enfermero\/participacion-en-estudios-clinicos\/#primaryimage"},"image":{"@id":"https:\/\/www.heartfailurematters.org\/es\/lo-que-pueden-hacer-su-medico-o-enfermero\/participacion-en-estudios-clinicos\/#primaryimage"},"thumbnailUrl":"https:\/\/www.heartfailurematters.org\/wp-content\/uploads\/2022\/02\/shutterstock_258402434-1-min.jpg","datePublished":"2021-01-27T22:09:02+00:00","dateModified":"2022-01-27T11:01:49+00:00","description":"Los ensayos cl\u00ednicos proporcionan las pruebas necesarias para garantizar la disponibilidad de nuevos tratamientos para la insuficiencia card\u00edaca.","breadcrumb":{"@id":"https:\/\/www.heartfailurematters.org\/es\/lo-que-pueden-hacer-su-medico-o-enfermero\/participacion-en-estudios-clinicos\/#breadcrumb"},"inLanguage":"es","potentialAction":[{"@type":"ReadAction","target":["https:\/\/www.heartfailurematters.org\/es\/lo-que-pueden-hacer-su-medico-o-enfermero\/participacion-en-estudios-clinicos\/"]}]},{"@type":"ImageObject","inLanguage":"es","@id":"https:\/\/www.heartfailurematters.org\/es\/lo-que-pueden-hacer-su-medico-o-enfermero\/participacion-en-estudios-clinicos\/#primaryimage","url":"https:\/\/www.heartfailurematters.org\/wp-content\/uploads\/2022\/02\/shutterstock_258402434-1-min.jpg","contentUrl":"https:\/\/www.heartfailurematters.org\/wp-content\/uploads\/2022\/02\/shutterstock_258402434-1-min.jpg","width":900,"height":475},{"@type":"BreadcrumbList","@id":"https:\/\/www.heartfailurematters.org\/es\/lo-que-pueden-hacer-su-medico-o-enfermero\/participacion-en-estudios-clinicos\/#breadcrumb","itemListElement":[{"@type":"ListItem","position":1,"name":"Inicio","item":"https:\/\/www.heartfailurematters.org\/es\/"},{"@type":"ListItem","position":2,"name":"\u00bfQu\u00e9 puede hacer su m\u00e9dico?","item":"https:\/\/www.heartfailurematters.org\/es\/lo-que-pueden-hacer-su-medico-o-enfermero\/"},{"@type":"ListItem","position":3,"name":"Participaci\u00f3n en estudios cl\u00ednicos"}]},{"@type":"WebSite","@id":"https:\/\/www.heartfailurematters.org\/es\/#website","url":"https:\/\/www.heartfailurematters.org\/es\/","name":"Heart Failure Matters","description":"Practical information for patients, families and caregivers.","publisher":{"@id":"https:\/\/www.heartfailurematters.org\/es\/#organization"},"potentialAction":[{"@type":"SearchAction","target":{"@type":"EntryPoint","urlTemplate":"https:\/\/www.heartfailurematters.org\/es\/?s={search_term_string}"},"query-input":{"@type":"PropertyValueSpecification","valueRequired":true,"valueName":"search_term_string"}}],"inLanguage":"es"},{"@type":"Organization","@id":"https:\/\/www.heartfailurematters.org\/es\/#organization","name":"Heart Failure Matters","url":"https:\/\/www.heartfailurematters.org\/es\/","logo":{"@type":"ImageObject","inLanguage":"es","@id":"https:\/\/www.heartfailurematters.org\/es\/#\/schema\/logo\/image\/","url":"https:\/\/cdn-endpoint-hfm.azureedge.net\/heartfailurematters\/2024\/07\/hfm-logo1.jpg","contentUrl":"https:\/\/cdn-endpoint-hfm.azureedge.net\/heartfailurematters\/2024\/07\/hfm-logo1.jpg","width":1280,"height":720,"caption":"Heart Failure Matters"},"image":{"@id":"https:\/\/www.heartfailurematters.org\/es\/#\/schema\/logo\/image\/"},"sameAs":["https:\/\/www.facebook.com\/heartfailurematters"]}]}},"_links":{"self":[{"href":"https:\/\/www.heartfailurematters.org\/es\/wp-json\/wp\/v2\/pages\/2252","targetHints":{"allow":["GET"]}}],"collection":[{"href":"https:\/\/www.heartfailurematters.org\/es\/wp-json\/wp\/v2\/pages"}],"about":[{"href":"https:\/\/www.heartfailurematters.org\/es\/wp-json\/wp\/v2\/types\/page"}],"author":[{"embeddable":true,"href":"https:\/\/www.heartfailurematters.org\/es\/wp-json\/wp\/v2\/users\/1"}],"replies":[{"embeddable":true,"href":"https:\/\/www.heartfailurematters.org\/es\/wp-json\/wp\/v2\/comments?post=2252"}],"version-history":[{"count":2,"href":"https:\/\/www.heartfailurematters.org\/es\/wp-json\/wp\/v2\/pages\/2252\/revisions"}],"predecessor-version":[{"id":10491,"href":"https:\/\/www.heartfailurematters.org\/es\/wp-json\/wp\/v2\/pages\/2252\/revisions\/10491"}],"up":[{"embeddable":true,"href":"https:\/\/www.heartfailurematters.org\/es\/wp-json\/wp\/v2\/pages\/2684"}],"wp:featuredmedia":[{"embeddable":true,"href":"https:\/\/www.heartfailurematters.org\/es\/wp-json\/wp\/v2\/media\/10542"}],"wp:attachment":[{"href":"https:\/\/www.heartfailurematters.org\/es\/wp-json\/wp\/v2\/media?parent=2252"}],"wp:term":[{"taxonomy":"category","embeddable":true,"href":"https:\/\/www.heartfailurematters.org\/es\/wp-json\/wp\/v2\/categories?post=2252"},{"taxonomy":"post_tag","embeddable":true,"href":"https:\/\/www.heartfailurematters.org\/es\/wp-json\/wp\/v2\/tags?post=2252"}],"curies":[{"name":"wp","href":"https:\/\/api.w.org\/{rel}","templated":true}]}}