{"id":2250,"date":"2021-01-27T22:09:02","date_gmt":"2021-01-27T22:09:02","guid":{"rendered":"http:\/\/heartfailurematters.local:8888\/tratamiento-del-cancer-e-insuficiencia-cardiaca\/"},"modified":"2026-01-16T14:18:57","modified_gmt":"2026-01-16T14:18:57","slug":"tratamiento-del-cancer-e-insuficiencia-cardiaca","status":"publish","type":"page","link":"https:\/\/www.heartfailurematters.org\/es\/causas-de-la-insuficiencia-cardiaca-y-otras-afecciones-medicas-frecuentes\/tratamiento-del-cancer-e-insuficiencia-cardiaca\/","title":{"rendered":"Tratamiento contra el c\u00e1ncer e insuficiencia card\u00edaca"},"content":{"rendered":"<p>Algunos tratamientos utilizados en pacientes con c\u00e1ncer pueden causar insuficiencia card\u00edaca. Entre ellos se incluyen algunos tipos de quimioterapia, la radioterapia tor\u00e1cica y algunos de los nuevos tratamientos oncol\u00f3gicos, tambi\u00e9n conocidos como bioterapias.<\/p>\n<p>Estos tratamientos oncol\u00f3gicos pueden causar problemas card\u00edacos temporales (a corto plazo) o permanentes (a largo plazo). Los problemas pueden aparecer durante el tratamiento oncol\u00f3gico o poco despu\u00e9s, o bien muchos a\u00f1os despu\u00e9s. El riesgo de problemas card\u00edacos depende del tipo y la duraci\u00f3n del tratamiento oncol\u00f3gico.<\/p>\n<p>Puede tener mayor riesgo de padecer insuficiencia card\u00edaca si:<\/p>\n<ul>\n<li>ya tiene un problema card\u00edaco antes de iniciar el tratamiento oncol\u00f3gico;<\/li>\n<li>tiene otros factores de riesgo de problemas card\u00edacos, por ejemplo tabaquismo, diabetes, hipertensi\u00f3n arterial, edad avanzada;<\/li>\n<li>necesita varios tratamientos oncol\u00f3gicos que afectan al coraz\u00f3n;<\/li>\n<li>recibi\u00f3 anteriormente un tratamiento oncol\u00f3gico, que afect\u00f3 a su coraz\u00f3n, y ahora necesita m\u00e1s tratamiento;<\/li>\n<li>era un ni\u00f1o cuando recibi\u00f3 el tratamiento oncol\u00f3gico.<\/li>\n<\/ul>\n<p>Si tiene insuficiencia card\u00edaca y ahora necesita tratamiento oncol\u00f3gico, debe hablar con su onc\u00f3logo y cardi\u00f3logo para que le orienten. Los m\u00e9dicos y el personal de enfermer\u00eda son conscientes de que el tratamiento oncol\u00f3gico puede provocar a veces signos y s\u00edntomas de insuficiencia card\u00edaca, incluso en pacientes sin problemas card\u00edacos previos, y pueden ajustar el tipo de tratamiento oncol\u00f3gico en pacientes con insuficiencia card\u00edaca previa.<\/p>\n<p>Las exploraciones complementarias eficaces, como ecocardiogramas y an\u00e1lisis de sangre, pueden evaluar su funci\u00f3n card\u00edaca y detectar signos de insuficiencia card\u00edaca en una fase temprana. Los efectos secundarios de cualquier tratamiento oncol\u00f3gico necesario suelen ser de corta duraci\u00f3n y se producen durante el tratamiento o poco despu\u00e9s. Cualquier s\u00edntoma, incluida la dificultad para respirar o la retenci\u00f3n de l\u00edquidos, debe comentarse con su m\u00e9dico o enfermero lo antes posible. Consulte <a href=\"https:\/\/www.heartfailurematters.org\/warning-signs\/chest-pain\/\">Se\u00f1ales de alerta<\/a>.<\/p>\n<p>Para m\u00e1s informaci\u00f3n, consulte el folleto informativo \u00ab<a href=\"https:\/\/www.macmillan.org.uk\/cancer-information-and-support\/impacts-of-cancer\/heart-health\" target=\"_blank\" rel=\"noopener noreferrer\">Heart Health and Cancer Treatment<\/a>\u00bb (Salud Card\u00edaca y Tratamiento Oncol\u00f3gico) de Macmillan.<\/p>\n<p><a href=\"https:\/\/www.heartfailurematters.org\/heart-failure-causes-and-other-common-medical-conditions\/other-common-medical-conditions-and-heart-failure\/\">Volver a Otras enfermedades frecuentes e insuficiencia card\u00edaca<\/a><\/p>\n","protected":false},"excerpt":{"rendered":"<p>Algunos tratamientos utilizados en pacientes con c\u00e1ncer pueden causar insuficiencia card\u00edaca. Entre ellos se incluyen algunos tipos de quimioterapia, la radioterapia tor\u00e1cica y algunos de los nuevos tratamientos oncol\u00f3gicos, tambi\u00e9n conocidos como bioterapias. Estos tratamientos oncol\u00f3gicos pueden causar problemas card\u00edacos temporales (a corto plazo) o permanentes (a largo plazo). Los problemas pueden aparecer durante el [&hellip;]<\/p>\n","protected":false},"author":1,"featured_media":10782,"parent":8046,"menu_order":16,"comment_status":"open","ping_status":"closed","template":"","meta":{"_acf_changed":false,"footnotes":""},"categories":[149],"tags":[],"class_list":["post-2250","page","type-page","status-publish","has-post-thumbnail","hentry","category-what-can-your-doctor-do-es"],"acf":[],"yoast_head":"<!-- This site is optimized with the Yoast SEO plugin v24.8.1 - https:\/\/yoast.com\/wordpress\/plugins\/seo\/ -->\n<title>Tratamiento contra el c\u00e1ncer e insuficiencia card\u00edaca<\/title>\n<meta name=\"description\" content=\"Algunos tratamientos utilizados en pacientes con c\u00e1ncer pueden causar insuficiencia card\u00edaca. P. ej., algunos tipos de quimioterapia y la radioterapia tor\u00e1cica.\" \/>\n<meta name=\"robots\" content=\"index, follow, max-snippet:-1, max-image-preview:large, max-video-preview:-1\" \/>\n<link rel=\"canonical\" href=\"https:\/\/www.heartfailurematters.org\/es\/causas-de-la-insuficiencia-cardiaca-y-otras-afecciones-medicas-frecuentes\/tratamiento-del-cancer-e-insuficiencia-cardiaca\/\" \/>\n<meta property=\"og:locale\" content=\"es_ES\" \/>\n<meta property=\"og:type\" content=\"article\" \/>\n<meta property=\"og:title\" content=\"Tratamiento contra el c\u00e1ncer e insuficiencia card\u00edaca\" \/>\n<meta property=\"og:description\" content=\"Algunos tratamientos utilizados en pacientes con c\u00e1ncer pueden causar insuficiencia card\u00edaca. P. ej., algunos tipos de quimioterapia y la radioterapia tor\u00e1cica.\" \/>\n<meta property=\"og:url\" content=\"https:\/\/www.heartfailurematters.org\/es\/causas-de-la-insuficiencia-cardiaca-y-otras-afecciones-medicas-frecuentes\/tratamiento-del-cancer-e-insuficiencia-cardiaca\/\" \/>\n<meta property=\"og:site_name\" content=\"Heart Failure Matters\" \/>\n<meta property=\"article:publisher\" content=\"https:\/\/www.facebook.com\/heartfailurematters\" \/>\n<meta property=\"article:modified_time\" content=\"2026-01-16T14:18:57+00:00\" \/>\n<meta property=\"og:image\" content=\"https:\/\/www.heartfailurematters.org\/wp-content\/uploads\/2022\/03\/shutterstock_529109200-1-min.jpg\" \/>\n\t<meta property=\"og:image:width\" content=\"900\" \/>\n\t<meta property=\"og:image:height\" content=\"599\" \/>\n\t<meta property=\"og:image:type\" content=\"image\/jpeg\" \/>\n<meta name=\"twitter:card\" content=\"summary_large_image\" \/>\n<meta name=\"twitter:label1\" content=\"Tiempo de lectura\" \/>\n\t<meta name=\"twitter:data1\" content=\"2 minutos\" \/>\n<script type=\"application\/ld+json\" class=\"yoast-schema-graph\">{\"@context\":\"https:\/\/schema.org\",\"@graph\":[{\"@type\":\"WebPage\",\"@id\":\"https:\/\/www.heartfailurematters.org\/es\/causas-de-la-insuficiencia-cardiaca-y-otras-afecciones-medicas-frecuentes\/tratamiento-del-cancer-e-insuficiencia-cardiaca\/\",\"url\":\"https:\/\/www.heartfailurematters.org\/es\/causas-de-la-insuficiencia-cardiaca-y-otras-afecciones-medicas-frecuentes\/tratamiento-del-cancer-e-insuficiencia-cardiaca\/\",\"name\":\"Tratamiento contra el c\u00e1ncer e insuficiencia card\u00edaca\",\"isPartOf\":{\"@id\":\"https:\/\/www.heartfailurematters.org\/es\/#website\"},\"primaryImageOfPage\":{\"@id\":\"https:\/\/www.heartfailurematters.org\/es\/causas-de-la-insuficiencia-cardiaca-y-otras-afecciones-medicas-frecuentes\/tratamiento-del-cancer-e-insuficiencia-cardiaca\/#primaryimage\"},\"image\":{\"@id\":\"https:\/\/www.heartfailurematters.org\/es\/causas-de-la-insuficiencia-cardiaca-y-otras-afecciones-medicas-frecuentes\/tratamiento-del-cancer-e-insuficiencia-cardiaca\/#primaryimage\"},\"thumbnailUrl\":\"https:\/\/www.heartfailurematters.org\/wp-content\/uploads\/2022\/03\/shutterstock_529109200-1-min.jpg\",\"datePublished\":\"2021-01-27T22:09:02+00:00\",\"dateModified\":\"2026-01-16T14:18:57+00:00\",\"description\":\"Algunos tratamientos utilizados en pacientes con c\u00e1ncer pueden causar insuficiencia card\u00edaca. P. ej., algunos tipos de quimioterapia y la radioterapia tor\u00e1cica.\",\"breadcrumb\":{\"@id\":\"https:\/\/www.heartfailurematters.org\/es\/causas-de-la-insuficiencia-cardiaca-y-otras-afecciones-medicas-frecuentes\/tratamiento-del-cancer-e-insuficiencia-cardiaca\/#breadcrumb\"},\"inLanguage\":\"es\",\"potentialAction\":[{\"@type\":\"ReadAction\",\"target\":[\"https:\/\/www.heartfailurematters.org\/es\/causas-de-la-insuficiencia-cardiaca-y-otras-afecciones-medicas-frecuentes\/tratamiento-del-cancer-e-insuficiencia-cardiaca\/\"]}]},{\"@type\":\"ImageObject\",\"inLanguage\":\"es\",\"@id\":\"https:\/\/www.heartfailurematters.org\/es\/causas-de-la-insuficiencia-cardiaca-y-otras-afecciones-medicas-frecuentes\/tratamiento-del-cancer-e-insuficiencia-cardiaca\/#primaryimage\",\"url\":\"https:\/\/www.heartfailurematters.org\/wp-content\/uploads\/2022\/03\/shutterstock_529109200-1-min.jpg\",\"contentUrl\":\"https:\/\/www.heartfailurematters.org\/wp-content\/uploads\/2022\/03\/shutterstock_529109200-1-min.jpg\",\"width\":900,\"height\":599},{\"@type\":\"BreadcrumbList\",\"@id\":\"https:\/\/www.heartfailurematters.org\/es\/causas-de-la-insuficiencia-cardiaca-y-otras-afecciones-medicas-frecuentes\/tratamiento-del-cancer-e-insuficiencia-cardiaca\/#breadcrumb\",\"itemListElement\":[{\"@type\":\"ListItem\",\"position\":1,\"name\":\"Inicio\",\"item\":\"https:\/\/www.heartfailurematters.org\/es\/\"},{\"@type\":\"ListItem\",\"position\":2,\"name\":\"Causas de la insuficiencia card\u00edaca y otras afecciones m\u00e9dicas frecuentes\",\"item\":\"https:\/\/www.heartfailurematters.org\/es\/causas-de-la-insuficiencia-cardiaca-y-otras-afecciones-medicas-frecuentes\/\"},{\"@type\":\"ListItem\",\"position\":3,\"name\":\"Tratamiento contra el c\u00e1ncer e insuficiencia card\u00edaca\"}]},{\"@type\":\"WebSite\",\"@id\":\"https:\/\/www.heartfailurematters.org\/es\/#website\",\"url\":\"https:\/\/www.heartfailurematters.org\/es\/\",\"name\":\"Heart Failure Matters\",\"description\":\"Practical information for patients, families and caregivers.\",\"publisher\":{\"@id\":\"https:\/\/www.heartfailurematters.org\/es\/#organization\"},\"potentialAction\":[{\"@type\":\"SearchAction\",\"target\":{\"@type\":\"EntryPoint\",\"urlTemplate\":\"https:\/\/www.heartfailurematters.org\/es\/?s={search_term_string}\"},\"query-input\":{\"@type\":\"PropertyValueSpecification\",\"valueRequired\":true,\"valueName\":\"search_term_string\"}}],\"inLanguage\":\"es\"},{\"@type\":\"Organization\",\"@id\":\"https:\/\/www.heartfailurematters.org\/es\/#organization\",\"name\":\"Heart Failure Matters\",\"url\":\"https:\/\/www.heartfailurematters.org\/es\/\",\"logo\":{\"@type\":\"ImageObject\",\"inLanguage\":\"es\",\"@id\":\"https:\/\/www.heartfailurematters.org\/es\/#\/schema\/logo\/image\/\",\"url\":\"https:\/\/cdn-endpoint-hfm.azureedge.net\/heartfailurematters\/2024\/07\/hfm-logo1.jpg\",\"contentUrl\":\"https:\/\/cdn-endpoint-hfm.azureedge.net\/heartfailurematters\/2024\/07\/hfm-logo1.jpg\",\"width\":1280,\"height\":720,\"caption\":\"Heart Failure Matters\"},\"image\":{\"@id\":\"https:\/\/www.heartfailurematters.org\/es\/#\/schema\/logo\/image\/\"},\"sameAs\":[\"https:\/\/www.facebook.com\/heartfailurematters\"]}]}<\/script>\n<!-- \/ Yoast SEO plugin. -->","yoast_head_json":{"title":"Tratamiento contra el c\u00e1ncer e insuficiencia card\u00edaca","description":"Algunos tratamientos utilizados en pacientes con c\u00e1ncer pueden causar insuficiencia card\u00edaca. P. ej., algunos tipos de quimioterapia y la radioterapia tor\u00e1cica.","robots":{"index":"index","follow":"follow","max-snippet":"max-snippet:-1","max-image-preview":"max-image-preview:large","max-video-preview":"max-video-preview:-1"},"canonical":"https:\/\/www.heartfailurematters.org\/es\/causas-de-la-insuficiencia-cardiaca-y-otras-afecciones-medicas-frecuentes\/tratamiento-del-cancer-e-insuficiencia-cardiaca\/","og_locale":"es_ES","og_type":"article","og_title":"Tratamiento contra el c\u00e1ncer e insuficiencia card\u00edaca","og_description":"Algunos tratamientos utilizados en pacientes con c\u00e1ncer pueden causar insuficiencia card\u00edaca. P. ej., algunos tipos de quimioterapia y la radioterapia tor\u00e1cica.","og_url":"https:\/\/www.heartfailurematters.org\/es\/causas-de-la-insuficiencia-cardiaca-y-otras-afecciones-medicas-frecuentes\/tratamiento-del-cancer-e-insuficiencia-cardiaca\/","og_site_name":"Heart Failure Matters","article_publisher":"https:\/\/www.facebook.com\/heartfailurematters","article_modified_time":"2026-01-16T14:18:57+00:00","og_image":[{"width":900,"height":599,"url":"https:\/\/www.heartfailurematters.org\/wp-content\/uploads\/2022\/03\/shutterstock_529109200-1-min.jpg","type":"image\/jpeg"}],"twitter_card":"summary_large_image","twitter_misc":{"Tiempo de lectura":"2 minutos"},"schema":{"@context":"https:\/\/schema.org","@graph":[{"@type":"WebPage","@id":"https:\/\/www.heartfailurematters.org\/es\/causas-de-la-insuficiencia-cardiaca-y-otras-afecciones-medicas-frecuentes\/tratamiento-del-cancer-e-insuficiencia-cardiaca\/","url":"https:\/\/www.heartfailurematters.org\/es\/causas-de-la-insuficiencia-cardiaca-y-otras-afecciones-medicas-frecuentes\/tratamiento-del-cancer-e-insuficiencia-cardiaca\/","name":"Tratamiento contra el c\u00e1ncer e insuficiencia card\u00edaca","isPartOf":{"@id":"https:\/\/www.heartfailurematters.org\/es\/#website"},"primaryImageOfPage":{"@id":"https:\/\/www.heartfailurematters.org\/es\/causas-de-la-insuficiencia-cardiaca-y-otras-afecciones-medicas-frecuentes\/tratamiento-del-cancer-e-insuficiencia-cardiaca\/#primaryimage"},"image":{"@id":"https:\/\/www.heartfailurematters.org\/es\/causas-de-la-insuficiencia-cardiaca-y-otras-afecciones-medicas-frecuentes\/tratamiento-del-cancer-e-insuficiencia-cardiaca\/#primaryimage"},"thumbnailUrl":"https:\/\/www.heartfailurematters.org\/wp-content\/uploads\/2022\/03\/shutterstock_529109200-1-min.jpg","datePublished":"2021-01-27T22:09:02+00:00","dateModified":"2026-01-16T14:18:57+00:00","description":"Algunos tratamientos utilizados en pacientes con c\u00e1ncer pueden causar insuficiencia card\u00edaca. P. ej., algunos tipos de quimioterapia y la radioterapia tor\u00e1cica.","breadcrumb":{"@id":"https:\/\/www.heartfailurematters.org\/es\/causas-de-la-insuficiencia-cardiaca-y-otras-afecciones-medicas-frecuentes\/tratamiento-del-cancer-e-insuficiencia-cardiaca\/#breadcrumb"},"inLanguage":"es","potentialAction":[{"@type":"ReadAction","target":["https:\/\/www.heartfailurematters.org\/es\/causas-de-la-insuficiencia-cardiaca-y-otras-afecciones-medicas-frecuentes\/tratamiento-del-cancer-e-insuficiencia-cardiaca\/"]}]},{"@type":"ImageObject","inLanguage":"es","@id":"https:\/\/www.heartfailurematters.org\/es\/causas-de-la-insuficiencia-cardiaca-y-otras-afecciones-medicas-frecuentes\/tratamiento-del-cancer-e-insuficiencia-cardiaca\/#primaryimage","url":"https:\/\/www.heartfailurematters.org\/wp-content\/uploads\/2022\/03\/shutterstock_529109200-1-min.jpg","contentUrl":"https:\/\/www.heartfailurematters.org\/wp-content\/uploads\/2022\/03\/shutterstock_529109200-1-min.jpg","width":900,"height":599},{"@type":"BreadcrumbList","@id":"https:\/\/www.heartfailurematters.org\/es\/causas-de-la-insuficiencia-cardiaca-y-otras-afecciones-medicas-frecuentes\/tratamiento-del-cancer-e-insuficiencia-cardiaca\/#breadcrumb","itemListElement":[{"@type":"ListItem","position":1,"name":"Inicio","item":"https:\/\/www.heartfailurematters.org\/es\/"},{"@type":"ListItem","position":2,"name":"Causas de la insuficiencia card\u00edaca y otras afecciones m\u00e9dicas frecuentes","item":"https:\/\/www.heartfailurematters.org\/es\/causas-de-la-insuficiencia-cardiaca-y-otras-afecciones-medicas-frecuentes\/"},{"@type":"ListItem","position":3,"name":"Tratamiento contra el c\u00e1ncer e insuficiencia card\u00edaca"}]},{"@type":"WebSite","@id":"https:\/\/www.heartfailurematters.org\/es\/#website","url":"https:\/\/www.heartfailurematters.org\/es\/","name":"Heart Failure Matters","description":"Practical information for patients, families and caregivers.","publisher":{"@id":"https:\/\/www.heartfailurematters.org\/es\/#organization"},"potentialAction":[{"@type":"SearchAction","target":{"@type":"EntryPoint","urlTemplate":"https:\/\/www.heartfailurematters.org\/es\/?s={search_term_string}"},"query-input":{"@type":"PropertyValueSpecification","valueRequired":true,"valueName":"search_term_string"}}],"inLanguage":"es"},{"@type":"Organization","@id":"https:\/\/www.heartfailurematters.org\/es\/#organization","name":"Heart Failure Matters","url":"https:\/\/www.heartfailurematters.org\/es\/","logo":{"@type":"ImageObject","inLanguage":"es","@id":"https:\/\/www.heartfailurematters.org\/es\/#\/schema\/logo\/image\/","url":"https:\/\/cdn-endpoint-hfm.azureedge.net\/heartfailurematters\/2024\/07\/hfm-logo1.jpg","contentUrl":"https:\/\/cdn-endpoint-hfm.azureedge.net\/heartfailurematters\/2024\/07\/hfm-logo1.jpg","width":1280,"height":720,"caption":"Heart Failure Matters"},"image":{"@id":"https:\/\/www.heartfailurematters.org\/es\/#\/schema\/logo\/image\/"},"sameAs":["https:\/\/www.facebook.com\/heartfailurematters"]}]}},"_links":{"self":[{"href":"https:\/\/www.heartfailurematters.org\/es\/wp-json\/wp\/v2\/pages\/2250","targetHints":{"allow":["GET"]}}],"collection":[{"href":"https:\/\/www.heartfailurematters.org\/es\/wp-json\/wp\/v2\/pages"}],"about":[{"href":"https:\/\/www.heartfailurematters.org\/es\/wp-json\/wp\/v2\/types\/page"}],"author":[{"embeddable":true,"href":"https:\/\/www.heartfailurematters.org\/es\/wp-json\/wp\/v2\/users\/1"}],"replies":[{"embeddable":true,"href":"https:\/\/www.heartfailurematters.org\/es\/wp-json\/wp\/v2\/comments?post=2250"}],"version-history":[{"count":2,"href":"https:\/\/www.heartfailurematters.org\/es\/wp-json\/wp\/v2\/pages\/2250\/revisions"}],"predecessor-version":[{"id":13801,"href":"https:\/\/www.heartfailurematters.org\/es\/wp-json\/wp\/v2\/pages\/2250\/revisions\/13801"}],"up":[{"embeddable":true,"href":"https:\/\/www.heartfailurematters.org\/es\/wp-json\/wp\/v2\/pages\/8046"}],"wp:featuredmedia":[{"embeddable":true,"href":"https:\/\/www.heartfailurematters.org\/es\/wp-json\/wp\/v2\/media\/10782"}],"wp:attachment":[{"href":"https:\/\/www.heartfailurematters.org\/es\/wp-json\/wp\/v2\/media?parent=2250"}],"wp:term":[{"taxonomy":"category","embeddable":true,"href":"https:\/\/www.heartfailurematters.org\/es\/wp-json\/wp\/v2\/categories?post=2250"},{"taxonomy":"post_tag","embeddable":true,"href":"https:\/\/www.heartfailurematters.org\/es\/wp-json\/wp\/v2\/tags?post=2250"}],"curies":[{"name":"wp","href":"https:\/\/api.w.org\/{rel}","templated":true}]}}