{"id":2242,"date":"2021-01-27T22:09:02","date_gmt":"2021-01-27T22:09:02","guid":{"rendered":"http:\/\/heartfailurematters.local:8888\/ara-antagonistas-del-receptor-de-la-angiotensina-ii\/"},"modified":"2022-01-25T16:28:43","modified_gmt":"2022-01-25T16:28:43","slug":"ara-antagonistas-del-receptor-de-la-angiotensina-ii","status":"publish","type":"page","link":"https:\/\/www.heartfailurematters.org\/es\/lo-que-pueden-hacer-su-medico-o-enfermero\/ara-antagonistas-del-receptor-de-la-angiotensina-ii\/","title":{"rendered":"ARA (antagonistas del receptor de la angiotensina II)"},"content":{"rendered":"<h2>\u00bfQu\u00e9 hacen?<\/h2>\n<p><a class=\"addtooltip\" title=\"Clase de medicamentos que bloquean las acciones de la angiotensina II y disminuyen la presi\u00f3n arterial.\"><strong>Los antagonistas del receptor de la angiotensina (ARA)<\/strong><\/a> bloquean las acciones de la <a class=\"addtooltip\" title=\"Hormona producida naturalmente por los ri\u00f1ones que estrecha los vasos sangu\u00edneos, reduce la producci\u00f3n de orina y aumenta la presi\u00f3n arterial.\"><strong>angiotensina II<\/strong><\/a>, una <a class=\"addtooltip\" title=\"Sustancias liberadas en la sangre por diversas gl\u00e1ndulas del organismo, que regulan funciones esenciales.\"><strong>hormona<\/strong><\/a> producida naturalmente por los ri\u00f1ones. Al bloquear el efecto de la angiotensina II, los ARA relajan los vasos sangu\u00edneos, lo que disminuye la presi\u00f3n arterial. Esto significa que su coraz\u00f3n no tiene que trabajar tanto para llevar la sangre al<br \/>\norganismo.<\/p>\n<p>Los ARA ejercen acciones pr\u00e1cticamente id\u00e9nticas a las de los IECA. Como suelen ser m\u00e1s caros que los IECA, a menudo se reservan para los pacientes que no toleran los <a class=\"addtooltip\" title=\"Clase de medicamentos que inhiben la producci\u00f3n de angiotensina II y disminuyen la presi\u00f3n arterial.\"><strong>inhibidores de la enzima convertidora de la angiotensina (IECA)<\/strong><\/a>.<\/p>\n<h2>\u00bfCu\u00e1les son los beneficios que cabr\u00eda esperar?<\/h2>\n<p>Se ha demostrado que los ARA reducen las hospitalizacioes relacionadas con la insuficiencia card\u00edaca, prologan la vida y mejoran la tolerancia al ejercicio y la calidad de vida.<\/p>\n<h2>Efectos secundarios<\/h2>\n<p>Los efectos secundarios son extremadamente raros. A diferencia de los IECA, los ARA no producen tos. Por lo dem\u00e1s, los efectos adversos son los mismos con los ARA que con los IECA. Uno de ellos es el <a href=\"https:\/\/www.heartfailurematters.org\/es\/conocer-la-insuficiencia-cardiaca\/mareo\/\">mareo<\/a>, que es frecuente con cualquier f\u00e1rmaco que disminuye la presi\u00f3n arterial. Sin embargo, su coraz\u00f3n puede funcionar mejor con estas presiones m\u00e1s bajas. Se vigilar\u00e1 con regularidad su presi\u00f3n arterial.<\/p>\n<p>Al igual que los IECA, los ARA pueden afectar a la funci\u00f3n renal y aumentar las concentraciones de <a class=\"addtooltip\" title=\"Mineral esencial necesario para la funci\u00f3n normal de las c\u00e9lulas del organismo. Los diur\u00e9ticos pueden disminuir el potasio.\"><strong>potasio<\/strong><\/a>. Su m\u00e9dico vigilar\u00e1 estas concentraciones con regularidad.<\/p>\n<h2>Consejos b\u00e1sicos<\/h2>\n<p>Su m\u00e9dico puede aconsejarle que tome la primera dosis de su ARA antes de acostarse, para as\u00ed evitar un posible mareo. El mareo es frecuente con cualquier medicamento que disminuya la presi\u00f3n arterial, pero su coraz\u00f3n puede funcionar mejor con estas presiones m\u00e1s bajas.<\/p>\n<p>Si nota mareo por la ma\u00f1ana, mueva los pies hacia delante y hacia atr\u00e1s antes de levantarse. O puede ser \u00fatil sacar las piernas de la cama antes de sentarse y luego permanecer sentado sobre la cama durante un minuto antes de levantarse. No se ponga de pie con rapidez despu\u00e9s de estar sentado o agachado, pues podr\u00eda marearse. T\u00f3mese su tiempo para que su cuerpo se adapte.<\/p>\n<h2>Tambi\u00e9n conocido como:<\/h2>\n<ul>\n<li><strong>Candesart\u00e1n<\/strong><br \/>\n(Amias\u00ae, Atacand\u00ae)<\/li>\n<li><strong>Eprosart\u00e1n<\/strong><br \/>\n(Teveten\u00ae)<\/li>\n<li><strong>Irbesartan<br \/>\n<\/strong>(Avapro\u00ae, Aprovel\u00ae, Avalide\u00ae)<\/li>\n<li><strong>Losartan<br \/>\n<\/strong>(Cozaar\u00ae)<\/li>\n<li><strong>Olmesartan<br \/>\n<\/strong>(Olmetec\u00ae, Benicar\u00ae)<\/li>\n<li><strong>Telmisartan<br \/>\n<\/strong>(Micardis\u00ae)<\/li>\n<li><strong>Valsart\u00e1n<\/strong><br \/>\n(Diovan\u00ae)<\/li>\n<li><strong>Combination products<br \/>\nF\u00e1rmacos combinados<\/strong>(Co Aprovel\u00ae, Cozaar-Comp\u00ae, Olmetec Plus\u00ae, Micardis Plus\u00ae, Co-Diovan\u00ae)<\/li>\n<\/ul>\n<table border=\"1\" width=\"100%\" cellspacing=\"0\" cellpadding=\"0\">\n<tbody>\n<tr>\n<td style=\"width: 25%;\">\n<h2>Animaci\u00f3n<\/h2>\n<\/td>\n<td style=\"width: 75%; vertical-align: middle; text-align: left;\"><\/td>\n<\/tr>\n<tr>\n<td style=\"width: 25%;\"><a class=\"lightview\" href=\"https:\/\/www.youtube.com\/embed\/iIn4-xxKy8s?hl=en_UK&amp;autoplay=1;&amp;version=3&amp;rel=0&amp;showinfo=0\" data-lightview-caption=\"The animation above shows how ACE (Angiotensin converting enzyme) inhibitors can help you by causing your blood vessels to relax and thus lower your blood pressure. This means your heart doesn't have to work so hard to squeeze your blood around your body.\" data-lightview-title=\"How ACE inhibitors work in heart failure\" data-lightview-options=\"width: 535, height: 400\" data-lightview-type=\"iframe\" data-lightview-group=\"journey\"><img decoding=\"async\" class=\"alignnone size-full wp-image-5079\" src=\"https:\/\/cdn-endpoint-hfm.azureedge.net\/heartfailurematters\/2021\/02\/07-animation.jpg\" alt=\"\" width=\"180\" height=\"130\" \/><\/a><\/td>\n<td style=\"width: 75%; vertical-align: middle; text-align: left;\">Animaci\u00f3n que explica c\u00f3mo funcionan los antagonistas del receptor de la angiotensina en una insuficiencia card\u00edaca<\/td>\n<\/tr>\n<\/tbody>\n<\/table>\n<p><a href=\"https:\/\/www.heartfailurematters.org\/es\/lo-que-pueden-hacer-su-medico-o-enfermero\/medicamentos-para-la-insuficiencia-cardiaca\/\">Volver a Medicamentos para la insuficiencia card\u00edaca<\/a><\/p>\n<p>&nbsp;<\/p>\n","protected":false},"excerpt":{"rendered":"<p>\u00bfQu\u00e9 hacen? Los antagonistas del receptor de la angiotensina (ARA) bloquean las acciones de la angiotensina II, una hormona producida naturalmente por los ri\u00f1ones. Al bloquear el efecto de la angiotensina II, los ARA relajan los vasos sangu\u00edneos, lo que disminuye la presi\u00f3n arterial. Esto significa que su coraz\u00f3n no tiene que trabajar tanto para [&hellip;]<\/p>\n","protected":false},"author":1,"featured_media":10873,"parent":2684,"menu_order":0,"comment_status":"open","ping_status":"open","template":"","meta":{"_acf_changed":false,"footnotes":""},"categories":[],"tags":[],"class_list":["post-2242","page","type-page","status-publish","has-post-thumbnail","hentry"],"acf":[],"yoast_head":"<!-- This site is optimized with the Yoast SEO plugin v24.8.1 - https:\/\/yoast.com\/wordpress\/plugins\/seo\/ -->\n<title>ARA (antagonistas del receptor de la angiotensina II) - Heart Failure Matters<\/title>\n<meta name=\"description\" content=\"Los antagonistas de los receptores de la angiotensina II (ARA) bloquean la acci\u00f3n de la angiotensina II, una hormona que producen los ri\u00f1ones.\" \/>\n<meta name=\"robots\" content=\"index, follow, max-snippet:-1, max-image-preview:large, max-video-preview:-1\" \/>\n<link rel=\"canonical\" href=\"https:\/\/www.heartfailurematters.org\/es\/lo-que-pueden-hacer-su-medico-o-enfermero\/ara-antagonistas-del-receptor-de-la-angiotensina-ii\/\" \/>\n<meta property=\"og:locale\" content=\"es_ES\" \/>\n<meta property=\"og:type\" content=\"article\" \/>\n<meta property=\"og:title\" content=\"ARA (antagonistas del receptor de la angiotensina II) - Heart Failure Matters\" \/>\n<meta property=\"og:description\" content=\"Los antagonistas de los receptores de la angiotensina II (ARA) bloquean la acci\u00f3n de la angiotensina II, una hormona que producen los ri\u00f1ones.\" \/>\n<meta property=\"og:url\" content=\"https:\/\/www.heartfailurematters.org\/es\/lo-que-pueden-hacer-su-medico-o-enfermero\/ara-antagonistas-del-receptor-de-la-angiotensina-ii\/\" \/>\n<meta property=\"og:site_name\" content=\"Heart Failure Matters\" \/>\n<meta property=\"article:publisher\" content=\"https:\/\/www.facebook.com\/heartfailurematters\" \/>\n<meta property=\"article:modified_time\" content=\"2022-01-25T16:28:43+00:00\" \/>\n<meta property=\"og:image\" content=\"https:\/\/www.heartfailurematters.org\/wp-content\/uploads\/2022\/03\/shutterstock_441673426-1-min.jpg\" \/>\n\t<meta property=\"og:image:width\" content=\"900\" \/>\n\t<meta property=\"og:image:height\" content=\"596\" \/>\n\t<meta property=\"og:image:type\" content=\"image\/jpeg\" \/>\n<meta name=\"twitter:card\" content=\"summary_large_image\" \/>\n<meta name=\"twitter:label1\" content=\"Tiempo de lectura\" \/>\n\t<meta name=\"twitter:data1\" content=\"2 minutos\" \/>\n<script type=\"application\/ld+json\" class=\"yoast-schema-graph\">{\"@context\":\"https:\/\/schema.org\",\"@graph\":[{\"@type\":\"WebPage\",\"@id\":\"https:\/\/www.heartfailurematters.org\/es\/lo-que-pueden-hacer-su-medico-o-enfermero\/ara-antagonistas-del-receptor-de-la-angiotensina-ii\/\",\"url\":\"https:\/\/www.heartfailurematters.org\/es\/lo-que-pueden-hacer-su-medico-o-enfermero\/ara-antagonistas-del-receptor-de-la-angiotensina-ii\/\",\"name\":\"ARA (antagonistas del receptor de la angiotensina II) - Heart Failure Matters\",\"isPartOf\":{\"@id\":\"https:\/\/www.heartfailurematters.org\/es\/#website\"},\"primaryImageOfPage\":{\"@id\":\"https:\/\/www.heartfailurematters.org\/es\/lo-que-pueden-hacer-su-medico-o-enfermero\/ara-antagonistas-del-receptor-de-la-angiotensina-ii\/#primaryimage\"},\"image\":{\"@id\":\"https:\/\/www.heartfailurematters.org\/es\/lo-que-pueden-hacer-su-medico-o-enfermero\/ara-antagonistas-del-receptor-de-la-angiotensina-ii\/#primaryimage\"},\"thumbnailUrl\":\"https:\/\/www.heartfailurematters.org\/wp-content\/uploads\/2022\/03\/shutterstock_441673426-1-min.jpg\",\"datePublished\":\"2021-01-27T22:09:02+00:00\",\"dateModified\":\"2022-01-25T16:28:43+00:00\",\"description\":\"Los antagonistas de los receptores de la angiotensina II (ARA) bloquean la acci\u00f3n de la angiotensina II, una hormona que producen los ri\u00f1ones.\",\"breadcrumb\":{\"@id\":\"https:\/\/www.heartfailurematters.org\/es\/lo-que-pueden-hacer-su-medico-o-enfermero\/ara-antagonistas-del-receptor-de-la-angiotensina-ii\/#breadcrumb\"},\"inLanguage\":\"es\",\"potentialAction\":[{\"@type\":\"ReadAction\",\"target\":[\"https:\/\/www.heartfailurematters.org\/es\/lo-que-pueden-hacer-su-medico-o-enfermero\/ara-antagonistas-del-receptor-de-la-angiotensina-ii\/\"]}]},{\"@type\":\"ImageObject\",\"inLanguage\":\"es\",\"@id\":\"https:\/\/www.heartfailurematters.org\/es\/lo-que-pueden-hacer-su-medico-o-enfermero\/ara-antagonistas-del-receptor-de-la-angiotensina-ii\/#primaryimage\",\"url\":\"https:\/\/www.heartfailurematters.org\/wp-content\/uploads\/2022\/03\/shutterstock_441673426-1-min.jpg\",\"contentUrl\":\"https:\/\/www.heartfailurematters.org\/wp-content\/uploads\/2022\/03\/shutterstock_441673426-1-min.jpg\",\"width\":900,\"height\":596},{\"@type\":\"BreadcrumbList\",\"@id\":\"https:\/\/www.heartfailurematters.org\/es\/lo-que-pueden-hacer-su-medico-o-enfermero\/ara-antagonistas-del-receptor-de-la-angiotensina-ii\/#breadcrumb\",\"itemListElement\":[{\"@type\":\"ListItem\",\"position\":1,\"name\":\"Inicio\",\"item\":\"https:\/\/www.heartfailurematters.org\/es\/\"},{\"@type\":\"ListItem\",\"position\":2,\"name\":\"\u00bfQu\u00e9 puede hacer su m\u00e9dico?\",\"item\":\"https:\/\/www.heartfailurematters.org\/es\/lo-que-pueden-hacer-su-medico-o-enfermero\/\"},{\"@type\":\"ListItem\",\"position\":3,\"name\":\"ARA (antagonistas del receptor de la angiotensina II)\"}]},{\"@type\":\"WebSite\",\"@id\":\"https:\/\/www.heartfailurematters.org\/es\/#website\",\"url\":\"https:\/\/www.heartfailurematters.org\/es\/\",\"name\":\"Heart Failure Matters\",\"description\":\"Practical information for patients, families and caregivers.\",\"publisher\":{\"@id\":\"https:\/\/www.heartfailurematters.org\/es\/#organization\"},\"potentialAction\":[{\"@type\":\"SearchAction\",\"target\":{\"@type\":\"EntryPoint\",\"urlTemplate\":\"https:\/\/www.heartfailurematters.org\/es\/?s={search_term_string}\"},\"query-input\":{\"@type\":\"PropertyValueSpecification\",\"valueRequired\":true,\"valueName\":\"search_term_string\"}}],\"inLanguage\":\"es\"},{\"@type\":\"Organization\",\"@id\":\"https:\/\/www.heartfailurematters.org\/es\/#organization\",\"name\":\"Heart Failure Matters\",\"url\":\"https:\/\/www.heartfailurematters.org\/es\/\",\"logo\":{\"@type\":\"ImageObject\",\"inLanguage\":\"es\",\"@id\":\"https:\/\/www.heartfailurematters.org\/es\/#\/schema\/logo\/image\/\",\"url\":\"https:\/\/cdn-endpoint-hfm.azureedge.net\/heartfailurematters\/2024\/07\/hfm-logo1.jpg\",\"contentUrl\":\"https:\/\/cdn-endpoint-hfm.azureedge.net\/heartfailurematters\/2024\/07\/hfm-logo1.jpg\",\"width\":1280,\"height\":720,\"caption\":\"Heart Failure Matters\"},\"image\":{\"@id\":\"https:\/\/www.heartfailurematters.org\/es\/#\/schema\/logo\/image\/\"},\"sameAs\":[\"https:\/\/www.facebook.com\/heartfailurematters\"]}]}<\/script>\n<!-- \/ Yoast SEO plugin. -->","yoast_head_json":{"title":"ARA (antagonistas del receptor de la angiotensina II) - Heart Failure Matters","description":"Los antagonistas de los receptores de la angiotensina II (ARA) bloquean la acci\u00f3n de la angiotensina II, una hormona que producen los ri\u00f1ones.","robots":{"index":"index","follow":"follow","max-snippet":"max-snippet:-1","max-image-preview":"max-image-preview:large","max-video-preview":"max-video-preview:-1"},"canonical":"https:\/\/www.heartfailurematters.org\/es\/lo-que-pueden-hacer-su-medico-o-enfermero\/ara-antagonistas-del-receptor-de-la-angiotensina-ii\/","og_locale":"es_ES","og_type":"article","og_title":"ARA (antagonistas del receptor de la angiotensina II) - Heart Failure Matters","og_description":"Los antagonistas de los receptores de la angiotensina II (ARA) bloquean la acci\u00f3n de la angiotensina II, una hormona que producen los ri\u00f1ones.","og_url":"https:\/\/www.heartfailurematters.org\/es\/lo-que-pueden-hacer-su-medico-o-enfermero\/ara-antagonistas-del-receptor-de-la-angiotensina-ii\/","og_site_name":"Heart Failure Matters","article_publisher":"https:\/\/www.facebook.com\/heartfailurematters","article_modified_time":"2022-01-25T16:28:43+00:00","og_image":[{"width":900,"height":596,"url":"https:\/\/www.heartfailurematters.org\/wp-content\/uploads\/2022\/03\/shutterstock_441673426-1-min.jpg","type":"image\/jpeg"}],"twitter_card":"summary_large_image","twitter_misc":{"Tiempo de lectura":"2 minutos"},"schema":{"@context":"https:\/\/schema.org","@graph":[{"@type":"WebPage","@id":"https:\/\/www.heartfailurematters.org\/es\/lo-que-pueden-hacer-su-medico-o-enfermero\/ara-antagonistas-del-receptor-de-la-angiotensina-ii\/","url":"https:\/\/www.heartfailurematters.org\/es\/lo-que-pueden-hacer-su-medico-o-enfermero\/ara-antagonistas-del-receptor-de-la-angiotensina-ii\/","name":"ARA (antagonistas del receptor de la angiotensina II) - Heart Failure Matters","isPartOf":{"@id":"https:\/\/www.heartfailurematters.org\/es\/#website"},"primaryImageOfPage":{"@id":"https:\/\/www.heartfailurematters.org\/es\/lo-que-pueden-hacer-su-medico-o-enfermero\/ara-antagonistas-del-receptor-de-la-angiotensina-ii\/#primaryimage"},"image":{"@id":"https:\/\/www.heartfailurematters.org\/es\/lo-que-pueden-hacer-su-medico-o-enfermero\/ara-antagonistas-del-receptor-de-la-angiotensina-ii\/#primaryimage"},"thumbnailUrl":"https:\/\/www.heartfailurematters.org\/wp-content\/uploads\/2022\/03\/shutterstock_441673426-1-min.jpg","datePublished":"2021-01-27T22:09:02+00:00","dateModified":"2022-01-25T16:28:43+00:00","description":"Los antagonistas de los receptores de la angiotensina II (ARA) bloquean la acci\u00f3n de la angiotensina II, una hormona que producen los ri\u00f1ones.","breadcrumb":{"@id":"https:\/\/www.heartfailurematters.org\/es\/lo-que-pueden-hacer-su-medico-o-enfermero\/ara-antagonistas-del-receptor-de-la-angiotensina-ii\/#breadcrumb"},"inLanguage":"es","potentialAction":[{"@type":"ReadAction","target":["https:\/\/www.heartfailurematters.org\/es\/lo-que-pueden-hacer-su-medico-o-enfermero\/ara-antagonistas-del-receptor-de-la-angiotensina-ii\/"]}]},{"@type":"ImageObject","inLanguage":"es","@id":"https:\/\/www.heartfailurematters.org\/es\/lo-que-pueden-hacer-su-medico-o-enfermero\/ara-antagonistas-del-receptor-de-la-angiotensina-ii\/#primaryimage","url":"https:\/\/www.heartfailurematters.org\/wp-content\/uploads\/2022\/03\/shutterstock_441673426-1-min.jpg","contentUrl":"https:\/\/www.heartfailurematters.org\/wp-content\/uploads\/2022\/03\/shutterstock_441673426-1-min.jpg","width":900,"height":596},{"@type":"BreadcrumbList","@id":"https:\/\/www.heartfailurematters.org\/es\/lo-que-pueden-hacer-su-medico-o-enfermero\/ara-antagonistas-del-receptor-de-la-angiotensina-ii\/#breadcrumb","itemListElement":[{"@type":"ListItem","position":1,"name":"Inicio","item":"https:\/\/www.heartfailurematters.org\/es\/"},{"@type":"ListItem","position":2,"name":"\u00bfQu\u00e9 puede hacer su m\u00e9dico?","item":"https:\/\/www.heartfailurematters.org\/es\/lo-que-pueden-hacer-su-medico-o-enfermero\/"},{"@type":"ListItem","position":3,"name":"ARA (antagonistas del receptor de la angiotensina II)"}]},{"@type":"WebSite","@id":"https:\/\/www.heartfailurematters.org\/es\/#website","url":"https:\/\/www.heartfailurematters.org\/es\/","name":"Heart Failure Matters","description":"Practical information for patients, families and caregivers.","publisher":{"@id":"https:\/\/www.heartfailurematters.org\/es\/#organization"},"potentialAction":[{"@type":"SearchAction","target":{"@type":"EntryPoint","urlTemplate":"https:\/\/www.heartfailurematters.org\/es\/?s={search_term_string}"},"query-input":{"@type":"PropertyValueSpecification","valueRequired":true,"valueName":"search_term_string"}}],"inLanguage":"es"},{"@type":"Organization","@id":"https:\/\/www.heartfailurematters.org\/es\/#organization","name":"Heart Failure Matters","url":"https:\/\/www.heartfailurematters.org\/es\/","logo":{"@type":"ImageObject","inLanguage":"es","@id":"https:\/\/www.heartfailurematters.org\/es\/#\/schema\/logo\/image\/","url":"https:\/\/cdn-endpoint-hfm.azureedge.net\/heartfailurematters\/2024\/07\/hfm-logo1.jpg","contentUrl":"https:\/\/cdn-endpoint-hfm.azureedge.net\/heartfailurematters\/2024\/07\/hfm-logo1.jpg","width":1280,"height":720,"caption":"Heart Failure Matters"},"image":{"@id":"https:\/\/www.heartfailurematters.org\/es\/#\/schema\/logo\/image\/"},"sameAs":["https:\/\/www.facebook.com\/heartfailurematters"]}]}},"_links":{"self":[{"href":"https:\/\/www.heartfailurematters.org\/es\/wp-json\/wp\/v2\/pages\/2242","targetHints":{"allow":["GET"]}}],"collection":[{"href":"https:\/\/www.heartfailurematters.org\/es\/wp-json\/wp\/v2\/pages"}],"about":[{"href":"https:\/\/www.heartfailurematters.org\/es\/wp-json\/wp\/v2\/types\/page"}],"author":[{"embeddable":true,"href":"https:\/\/www.heartfailurematters.org\/es\/wp-json\/wp\/v2\/users\/1"}],"replies":[{"embeddable":true,"href":"https:\/\/www.heartfailurematters.org\/es\/wp-json\/wp\/v2\/comments?post=2242"}],"version-history":[{"count":4,"href":"https:\/\/www.heartfailurematters.org\/es\/wp-json\/wp\/v2\/pages\/2242\/revisions"}],"predecessor-version":[{"id":10473,"href":"https:\/\/www.heartfailurematters.org\/es\/wp-json\/wp\/v2\/pages\/2242\/revisions\/10473"}],"up":[{"embeddable":true,"href":"https:\/\/www.heartfailurematters.org\/es\/wp-json\/wp\/v2\/pages\/2684"}],"wp:featuredmedia":[{"embeddable":true,"href":"https:\/\/www.heartfailurematters.org\/es\/wp-json\/wp\/v2\/media\/10873"}],"wp:attachment":[{"href":"https:\/\/www.heartfailurematters.org\/es\/wp-json\/wp\/v2\/media?parent=2242"}],"wp:term":[{"taxonomy":"category","embeddable":true,"href":"https:\/\/www.heartfailurematters.org\/es\/wp-json\/wp\/v2\/categories?post=2242"},{"taxonomy":"post_tag","embeddable":true,"href":"https:\/\/www.heartfailurematters.org\/es\/wp-json\/wp\/v2\/tags?post=2242"}],"curies":[{"name":"wp","href":"https:\/\/api.w.org\/{rel}","templated":true}]}}