{"id":2230,"date":"2021-01-27T22:08:52","date_gmt":"2021-01-27T22:08:52","guid":{"rendered":"http:\/\/heartfailurematters.local:8888\/como-se-adaptan-el-corazon-y-el-organismo-a-la-insuficiencia-cardiaca\/"},"modified":"2022-01-25T15:27:08","modified_gmt":"2022-01-25T15:27:08","slug":"como-se-adaptan-el-corazon-y-el-organismo-a-la-insuficiencia-cardiaca","status":"publish","type":"page","link":"https:\/\/www.heartfailurematters.org\/es\/conocer-la-insuficiencia-cardiaca\/como-se-adaptan-el-corazon-y-el-organismo-a-la-insuficiencia-cardiaca\/","title":{"rendered":"\u00bfC\u00f3mo se adaptan el coraz\u00f3n y el organismo a la insuficiencia card\u00edaca?"},"content":{"rendered":"<p>Cuando uno padece insuficiencia card\u00edaca, el organismo se adapta para intentar mantener la cantidad de sangre que necesita. Esto se conoce como compensaci\u00f3n.<\/p>\n<p>El coraz\u00f3n:<\/p>\n<ul>\n<li>aumenta el n\u00famero de latidos (taquicardia) para bombear m\u00e1s sangre al organismo<\/li>\n<li>aumenta de tama\u00f1o (dilataci\u00f3n) para incrementar la cantidad de sangre que puede retener y bombear y desarrolla una musculatura m\u00e1s potente y m\u00e1s gruesa (hipertrofia) para bombear con m\u00e1s fuerza.<\/li>\n<\/ul>\n<p>El organismo tambi\u00e9n intenta aumentar la cantidad de sangre circulante y redirigir el flujo sangu\u00edneo de los m\u00fasculos al cerebro y otros \u00f3rganos vitales.<\/p>\n<p>Aunque el organismo puede compensar la situaci\u00f3n durante mucho tiempo, estos esfuerzos son realmente m\u00e1s perjudiciales que beneficiosos. Como el coraz\u00f3n ya est\u00e1 d\u00e9bil, estos cambios le hacen trabajar incluso con m\u00e1s intensidad y al final aumentan su debilidad.<\/p>\n<p><a title=\"\" href=\"https:\/\/www.heartfailurematters.org\/es\/conocer-la-insuficiencia-cardiaca\/que-falla-en-la-insuficiencia-cardiaca\/\">Volver a \u00bfQu\u00e9 funciona mal en la insuficiencia card\u00edaca?<\/a><\/p>\n","protected":false},"excerpt":{"rendered":"<p>Cuando uno padece insuficiencia card\u00edaca, el organismo se adapta para intentar mantener la cantidad de sangre que necesita. Esto se conoce como compensaci\u00f3n. El coraz\u00f3n: aumenta el n\u00famero de latidos (taquicardia) para bombear m\u00e1s sangre al organismo aumenta de tama\u00f1o (dilataci\u00f3n) para incrementar la cantidad de sangre que puede retener y bombear y desarrolla una [&hellip;]<\/p>\n","protected":false},"author":1,"featured_media":0,"parent":2155,"menu_order":0,"comment_status":"open","ping_status":"open","template":"","meta":{"_acf_changed":false,"footnotes":""},"categories":[],"tags":[],"class_list":["post-2230","page","type-page","status-publish","hentry"],"acf":[],"yoast_head":"<!-- This site is optimized with the Yoast SEO plugin v24.8.1 - https:\/\/yoast.com\/wordpress\/plugins\/seo\/ -->\n<title>Adaptaci\u00f3n del coraz\u00f3n y cuerpo a la insuficiencia card\u00edaca<\/title>\n<meta name=\"description\" content=\"Cuando se padece insuficiencia card\u00edaca, el cuerpo se adapta para mantener la cantidad de sangre que necesita. Esto se denomina compensaci\u00f3n. M\u00e1s informaci\u00f3n\" \/>\n<meta name=\"robots\" content=\"index, follow, max-snippet:-1, max-image-preview:large, max-video-preview:-1\" \/>\n<link rel=\"canonical\" href=\"https:\/\/www.heartfailurematters.org\/es\/conocer-la-insuficiencia-cardiaca\/como-se-adaptan-el-corazon-y-el-organismo-a-la-insuficiencia-cardiaca\/\" \/>\n<meta property=\"og:locale\" content=\"es_ES\" \/>\n<meta property=\"og:type\" content=\"article\" \/>\n<meta property=\"og:title\" content=\"Adaptaci\u00f3n del coraz\u00f3n y cuerpo a la insuficiencia card\u00edaca\" \/>\n<meta property=\"og:description\" content=\"Cuando se padece insuficiencia card\u00edaca, el cuerpo se adapta para mantener la cantidad de sangre que necesita. Esto se denomina compensaci\u00f3n. M\u00e1s informaci\u00f3n\" \/>\n<meta property=\"og:url\" content=\"https:\/\/www.heartfailurematters.org\/es\/conocer-la-insuficiencia-cardiaca\/como-se-adaptan-el-corazon-y-el-organismo-a-la-insuficiencia-cardiaca\/\" \/>\n<meta property=\"og:site_name\" content=\"Heart Failure Matters\" \/>\n<meta property=\"article:publisher\" content=\"https:\/\/www.facebook.com\/heartfailurematters\" \/>\n<meta property=\"article:modified_time\" content=\"2022-01-25T15:27:08+00:00\" \/>\n<meta name=\"twitter:card\" content=\"summary_large_image\" \/>\n<meta name=\"twitter:label1\" content=\"Tiempo de lectura\" \/>\n\t<meta name=\"twitter:data1\" content=\"1 minuto\" \/>\n<script type=\"application\/ld+json\" class=\"yoast-schema-graph\">{\"@context\":\"https:\/\/schema.org\",\"@graph\":[{\"@type\":\"WebPage\",\"@id\":\"https:\/\/www.heartfailurematters.org\/es\/conocer-la-insuficiencia-cardiaca\/como-se-adaptan-el-corazon-y-el-organismo-a-la-insuficiencia-cardiaca\/\",\"url\":\"https:\/\/www.heartfailurematters.org\/es\/conocer-la-insuficiencia-cardiaca\/como-se-adaptan-el-corazon-y-el-organismo-a-la-insuficiencia-cardiaca\/\",\"name\":\"Adaptaci\u00f3n del coraz\u00f3n y cuerpo a la insuficiencia card\u00edaca\",\"isPartOf\":{\"@id\":\"https:\/\/www.heartfailurematters.org\/es\/#website\"},\"datePublished\":\"2021-01-27T22:08:52+00:00\",\"dateModified\":\"2022-01-25T15:27:08+00:00\",\"description\":\"Cuando se padece insuficiencia card\u00edaca, el cuerpo se adapta para mantener la cantidad de sangre que necesita. Esto se denomina compensaci\u00f3n. M\u00e1s informaci\u00f3n\",\"breadcrumb\":{\"@id\":\"https:\/\/www.heartfailurematters.org\/es\/conocer-la-insuficiencia-cardiaca\/como-se-adaptan-el-corazon-y-el-organismo-a-la-insuficiencia-cardiaca\/#breadcrumb\"},\"inLanguage\":\"es\",\"potentialAction\":[{\"@type\":\"ReadAction\",\"target\":[\"https:\/\/www.heartfailurematters.org\/es\/conocer-la-insuficiencia-cardiaca\/como-se-adaptan-el-corazon-y-el-organismo-a-la-insuficiencia-cardiaca\/\"]}]},{\"@type\":\"BreadcrumbList\",\"@id\":\"https:\/\/www.heartfailurematters.org\/es\/conocer-la-insuficiencia-cardiaca\/como-se-adaptan-el-corazon-y-el-organismo-a-la-insuficiencia-cardiaca\/#breadcrumb\",\"itemListElement\":[{\"@type\":\"ListItem\",\"position\":1,\"name\":\"Inicio\",\"item\":\"https:\/\/www.heartfailurematters.org\/es\/\"},{\"@type\":\"ListItem\",\"position\":2,\"name\":\"Conocer la insuficiencia card\u00edaca\",\"item\":\"https:\/\/www.heartfailurematters.org\/es\/conocer-la-insuficiencia-cardiaca\/\"},{\"@type\":\"ListItem\",\"position\":3,\"name\":\"\u00bfC\u00f3mo se adaptan el coraz\u00f3n y el organismo a la insuficiencia card\u00edaca?\"}]},{\"@type\":\"WebSite\",\"@id\":\"https:\/\/www.heartfailurematters.org\/es\/#website\",\"url\":\"https:\/\/www.heartfailurematters.org\/es\/\",\"name\":\"Heart Failure Matters\",\"description\":\"Practical information for patients, families and caregivers.\",\"publisher\":{\"@id\":\"https:\/\/www.heartfailurematters.org\/es\/#organization\"},\"potentialAction\":[{\"@type\":\"SearchAction\",\"target\":{\"@type\":\"EntryPoint\",\"urlTemplate\":\"https:\/\/www.heartfailurematters.org\/es\/?s={search_term_string}\"},\"query-input\":{\"@type\":\"PropertyValueSpecification\",\"valueRequired\":true,\"valueName\":\"search_term_string\"}}],\"inLanguage\":\"es\"},{\"@type\":\"Organization\",\"@id\":\"https:\/\/www.heartfailurematters.org\/es\/#organization\",\"name\":\"Heart Failure Matters\",\"url\":\"https:\/\/www.heartfailurematters.org\/es\/\",\"logo\":{\"@type\":\"ImageObject\",\"inLanguage\":\"es\",\"@id\":\"https:\/\/www.heartfailurematters.org\/es\/#\/schema\/logo\/image\/\",\"url\":\"https:\/\/cdn-endpoint-hfm.azureedge.net\/heartfailurematters\/2024\/07\/hfm-logo1.jpg\",\"contentUrl\":\"https:\/\/cdn-endpoint-hfm.azureedge.net\/heartfailurematters\/2024\/07\/hfm-logo1.jpg\",\"width\":1280,\"height\":720,\"caption\":\"Heart Failure Matters\"},\"image\":{\"@id\":\"https:\/\/www.heartfailurematters.org\/es\/#\/schema\/logo\/image\/\"},\"sameAs\":[\"https:\/\/www.facebook.com\/heartfailurematters\"]}]}<\/script>\n<!-- \/ Yoast SEO plugin. -->","yoast_head_json":{"title":"Adaptaci\u00f3n del coraz\u00f3n y cuerpo a la insuficiencia card\u00edaca","description":"Cuando se padece insuficiencia card\u00edaca, el cuerpo se adapta para mantener la cantidad de sangre que necesita. Esto se denomina compensaci\u00f3n. M\u00e1s informaci\u00f3n","robots":{"index":"index","follow":"follow","max-snippet":"max-snippet:-1","max-image-preview":"max-image-preview:large","max-video-preview":"max-video-preview:-1"},"canonical":"https:\/\/www.heartfailurematters.org\/es\/conocer-la-insuficiencia-cardiaca\/como-se-adaptan-el-corazon-y-el-organismo-a-la-insuficiencia-cardiaca\/","og_locale":"es_ES","og_type":"article","og_title":"Adaptaci\u00f3n del coraz\u00f3n y cuerpo a la insuficiencia card\u00edaca","og_description":"Cuando se padece insuficiencia card\u00edaca, el cuerpo se adapta para mantener la cantidad de sangre que necesita. Esto se denomina compensaci\u00f3n. M\u00e1s informaci\u00f3n","og_url":"https:\/\/www.heartfailurematters.org\/es\/conocer-la-insuficiencia-cardiaca\/como-se-adaptan-el-corazon-y-el-organismo-a-la-insuficiencia-cardiaca\/","og_site_name":"Heart Failure Matters","article_publisher":"https:\/\/www.facebook.com\/heartfailurematters","article_modified_time":"2022-01-25T15:27:08+00:00","twitter_card":"summary_large_image","twitter_misc":{"Tiempo de lectura":"1 minuto"},"schema":{"@context":"https:\/\/schema.org","@graph":[{"@type":"WebPage","@id":"https:\/\/www.heartfailurematters.org\/es\/conocer-la-insuficiencia-cardiaca\/como-se-adaptan-el-corazon-y-el-organismo-a-la-insuficiencia-cardiaca\/","url":"https:\/\/www.heartfailurematters.org\/es\/conocer-la-insuficiencia-cardiaca\/como-se-adaptan-el-corazon-y-el-organismo-a-la-insuficiencia-cardiaca\/","name":"Adaptaci\u00f3n del coraz\u00f3n y cuerpo a la insuficiencia card\u00edaca","isPartOf":{"@id":"https:\/\/www.heartfailurematters.org\/es\/#website"},"datePublished":"2021-01-27T22:08:52+00:00","dateModified":"2022-01-25T15:27:08+00:00","description":"Cuando se padece insuficiencia card\u00edaca, el cuerpo se adapta para mantener la cantidad de sangre que necesita. Esto se denomina compensaci\u00f3n. M\u00e1s informaci\u00f3n","breadcrumb":{"@id":"https:\/\/www.heartfailurematters.org\/es\/conocer-la-insuficiencia-cardiaca\/como-se-adaptan-el-corazon-y-el-organismo-a-la-insuficiencia-cardiaca\/#breadcrumb"},"inLanguage":"es","potentialAction":[{"@type":"ReadAction","target":["https:\/\/www.heartfailurematters.org\/es\/conocer-la-insuficiencia-cardiaca\/como-se-adaptan-el-corazon-y-el-organismo-a-la-insuficiencia-cardiaca\/"]}]},{"@type":"BreadcrumbList","@id":"https:\/\/www.heartfailurematters.org\/es\/conocer-la-insuficiencia-cardiaca\/como-se-adaptan-el-corazon-y-el-organismo-a-la-insuficiencia-cardiaca\/#breadcrumb","itemListElement":[{"@type":"ListItem","position":1,"name":"Inicio","item":"https:\/\/www.heartfailurematters.org\/es\/"},{"@type":"ListItem","position":2,"name":"Conocer la insuficiencia card\u00edaca","item":"https:\/\/www.heartfailurematters.org\/es\/conocer-la-insuficiencia-cardiaca\/"},{"@type":"ListItem","position":3,"name":"\u00bfC\u00f3mo se adaptan el coraz\u00f3n y el organismo a la insuficiencia card\u00edaca?"}]},{"@type":"WebSite","@id":"https:\/\/www.heartfailurematters.org\/es\/#website","url":"https:\/\/www.heartfailurematters.org\/es\/","name":"Heart Failure Matters","description":"Practical information for patients, families and caregivers.","publisher":{"@id":"https:\/\/www.heartfailurematters.org\/es\/#organization"},"potentialAction":[{"@type":"SearchAction","target":{"@type":"EntryPoint","urlTemplate":"https:\/\/www.heartfailurematters.org\/es\/?s={search_term_string}"},"query-input":{"@type":"PropertyValueSpecification","valueRequired":true,"valueName":"search_term_string"}}],"inLanguage":"es"},{"@type":"Organization","@id":"https:\/\/www.heartfailurematters.org\/es\/#organization","name":"Heart Failure Matters","url":"https:\/\/www.heartfailurematters.org\/es\/","logo":{"@type":"ImageObject","inLanguage":"es","@id":"https:\/\/www.heartfailurematters.org\/es\/#\/schema\/logo\/image\/","url":"https:\/\/cdn-endpoint-hfm.azureedge.net\/heartfailurematters\/2024\/07\/hfm-logo1.jpg","contentUrl":"https:\/\/cdn-endpoint-hfm.azureedge.net\/heartfailurematters\/2024\/07\/hfm-logo1.jpg","width":1280,"height":720,"caption":"Heart Failure Matters"},"image":{"@id":"https:\/\/www.heartfailurematters.org\/es\/#\/schema\/logo\/image\/"},"sameAs":["https:\/\/www.facebook.com\/heartfailurematters"]}]}},"_links":{"self":[{"href":"https:\/\/www.heartfailurematters.org\/es\/wp-json\/wp\/v2\/pages\/2230","targetHints":{"allow":["GET"]}}],"collection":[{"href":"https:\/\/www.heartfailurematters.org\/es\/wp-json\/wp\/v2\/pages"}],"about":[{"href":"https:\/\/www.heartfailurematters.org\/es\/wp-json\/wp\/v2\/types\/page"}],"author":[{"embeddable":true,"href":"https:\/\/www.heartfailurematters.org\/es\/wp-json\/wp\/v2\/users\/1"}],"replies":[{"embeddable":true,"href":"https:\/\/www.heartfailurematters.org\/es\/wp-json\/wp\/v2\/comments?post=2230"}],"version-history":[{"count":2,"href":"https:\/\/www.heartfailurematters.org\/es\/wp-json\/wp\/v2\/pages\/2230\/revisions"}],"predecessor-version":[{"id":9710,"href":"https:\/\/www.heartfailurematters.org\/es\/wp-json\/wp\/v2\/pages\/2230\/revisions\/9710"}],"up":[{"embeddable":true,"href":"https:\/\/www.heartfailurematters.org\/es\/wp-json\/wp\/v2\/pages\/2155"}],"wp:attachment":[{"href":"https:\/\/www.heartfailurematters.org\/es\/wp-json\/wp\/v2\/media?parent=2230"}],"wp:term":[{"taxonomy":"category","embeddable":true,"href":"https:\/\/www.heartfailurematters.org\/es\/wp-json\/wp\/v2\/categories?post=2230"},{"taxonomy":"post_tag","embeddable":true,"href":"https:\/\/www.heartfailurematters.org\/es\/wp-json\/wp\/v2\/tags?post=2230"}],"curies":[{"name":"wp","href":"https:\/\/api.w.org\/{rel}","templated":true}]}}