{"id":2228,"date":"2021-01-27T22:08:52","date_gmt":"2021-01-27T22:08:52","guid":{"rendered":"http:\/\/heartfailurematters.local:8888\/orden-de-no-reanimar\/"},"modified":"2021-01-27T22:08:52","modified_gmt":"2021-01-27T22:08:52","slug":"orden-de-no-reanimar","status":"publish","type":"page","link":"https:\/\/www.heartfailurematters.org\/es\/vivir-con-insuficiencia-cardiaca\/orden-de-no-reanimar\/","title":{"rendered":"Orden de no reanimar"},"content":{"rendered":"<p>La <a class=\"addtooltip\" title=\"A document for your healthcare professionals that states you do not wish to be resuscitated if your heart and breathing stop. \"><strong title=\"\">orden de no reanimar<\/strong><\/a> es un documento que indica a los m\u00e9dicos, el personal de enfermer\u00eda y otros profesionales sanitarios de urgencia lo que no deben hacer cuando una persona ha dejado respirar o cuando su ritmo card\u00edaco pone en peligro la vida. Puede incluir instrucciones sobre los m\u00e9todos que se deben evitar para revivir a alguien, como los que se mencionan a continuaci\u00f3n:<\/p>\n<ul>\n<li><a class=\"addtooltip\" title=\"A life-saving procedure which involves manual chest compressions to keep the heart pumping and mouth-to-mouth breathing to maintain respiration.  \"><strong title=\"\">Reanimaci\u00f3n cardiopulmonar (RCP)<\/strong><\/a><br \/>Presi\u00f3n manual en el t\u00f3rax y respiraci\u00f3n boca a boca para facilitar la circulaci\u00f3n de la sangre y oxigenar los pulmones.<\/li>\n<li><a class=\"addtooltip\" title=\"A process used to correct an abnormal heart rhythm by applying an electric shock across the chest. \"><strong title=\"\">Desfibrilaci\u00f3n<\/strong><\/a><br \/>Aplicaci\u00f3n de un choque el\u00e9ctrico en el coraz\u00f3n para restablecer el latido card\u00edaco normal.<\/li>\n<li><a class=\"addtooltip\" title=\"Mechanical breathing is when a machine is used to control a person's breathing and provide oxygen.\"><strong title=\"\">Respirador (tubo y m\u00e1quina de respiraci\u00f3n)<\/strong><\/a><br \/>Se utiliza para facilitar la respiraci\u00f3n de una persona inconsciente.<\/li>\n<li><strong>Medicaci\u00f3n<\/strong><br \/>Administraci\u00f3n de medicamentos para restablecer una frecuencia card\u00edaca eficaz y mejorar la circulaci\u00f3n de la sangre hacia los \u00f3rganos principales. Presencia de un dispositivo que no impide ninguna medida ni complica el tratamiento que se considera apropiado seg\u00fan el contenido de la orden de no reanimar.<\/li>\n<\/ul>\n<p>La decisi\u00f3n de dar una orden de no reanimar por escrito debe ser suya o de su familia tras consultar con el m\u00e9dico.<\/p>\n<p><a href=\"https:\/\/www.heartfailurematters.org\/es\/vivir-con-insuficiencia-cardiaca\/planificar-el-final-de-la-vida\/\" title=\"Return to Planning for the end of life\">Volver a Planificar el final de la vida<\/a><\/p>\n","protected":false},"excerpt":{"rendered":"<p>La orden de no reanimar es un documento que indica a los m\u00e9dicos, el personal de enfermer\u00eda y otros profesionales sanitarios de urgencia lo que no deben hacer cuando una persona ha dejado respirar o cuando su ritmo card\u00edaco pone en peligro la vida. Puede incluir instrucciones sobre los m\u00e9todos que se deben evitar para [&hellip;]<\/p>\n","protected":false},"author":1,"featured_media":11161,"parent":2817,"menu_order":0,"comment_status":"open","ping_status":"open","template":"","meta":{"_acf_changed":false,"footnotes":""},"categories":[],"tags":[],"class_list":["post-2228","page","type-page","status-publish","has-post-thumbnail","hentry"],"acf":[],"yoast_head":"<!-- This site is optimized with the Yoast SEO plugin v24.8.1 - https:\/\/yoast.com\/wordpress\/plugins\/seo\/ -->\n<title>Orden de no reanimar - Heart Failure Matters<\/title>\n<meta name=\"description\" content=\"Una orden de no reanimaci\u00f3n es un documento en el que se indica a los m\u00e9dicos, enfermeros y a otros miembros del personal sanitario lo que deber\u00edan hacer si una persona deja de respirar o si su ritmo card\u00edaco pone su vida en peligro.\" \/>\n<meta name=\"robots\" content=\"index, follow, max-snippet:-1, max-image-preview:large, max-video-preview:-1\" \/>\n<link rel=\"canonical\" href=\"https:\/\/www.heartfailurematters.org\/es\/vivir-con-insuficiencia-cardiaca\/orden-de-no-reanimar\/\" \/>\n<meta property=\"og:locale\" content=\"es_ES\" \/>\n<meta property=\"og:type\" content=\"article\" \/>\n<meta property=\"og:title\" content=\"Orden de no reanimar - Heart Failure Matters\" \/>\n<meta property=\"og:description\" content=\"Una orden de no reanimaci\u00f3n es un documento en el que se indica a los m\u00e9dicos, enfermeros y a otros miembros del personal sanitario lo que deber\u00edan hacer si una persona deja de respirar o si su ritmo card\u00edaco pone su vida en peligro.\" \/>\n<meta property=\"og:url\" content=\"https:\/\/www.heartfailurematters.org\/es\/vivir-con-insuficiencia-cardiaca\/orden-de-no-reanimar\/\" \/>\n<meta property=\"og:site_name\" content=\"Heart Failure Matters\" \/>\n<meta property=\"article:publisher\" content=\"https:\/\/www.facebook.com\/heartfailurematters\" \/>\n<meta property=\"og:image\" content=\"https:\/\/www.heartfailurematters.org\/wp-content\/uploads\/2022\/03\/shutterstock_1544093657-1-min.jpg\" \/>\n\t<meta property=\"og:image:width\" content=\"900\" \/>\n\t<meta property=\"og:image:height\" content=\"600\" \/>\n\t<meta property=\"og:image:type\" content=\"image\/jpeg\" \/>\n<meta name=\"twitter:card\" content=\"summary_large_image\" \/>\n<meta name=\"twitter:label1\" content=\"Tiempo de lectura\" \/>\n\t<meta name=\"twitter:data1\" content=\"1 minuto\" \/>\n<script type=\"application\/ld+json\" class=\"yoast-schema-graph\">{\"@context\":\"https:\/\/schema.org\",\"@graph\":[{\"@type\":\"WebPage\",\"@id\":\"https:\/\/www.heartfailurematters.org\/es\/vivir-con-insuficiencia-cardiaca\/orden-de-no-reanimar\/\",\"url\":\"https:\/\/www.heartfailurematters.org\/es\/vivir-con-insuficiencia-cardiaca\/orden-de-no-reanimar\/\",\"name\":\"Orden de no reanimar - Heart Failure Matters\",\"isPartOf\":{\"@id\":\"https:\/\/www.heartfailurematters.org\/es\/#website\"},\"primaryImageOfPage\":{\"@id\":\"https:\/\/www.heartfailurematters.org\/es\/vivir-con-insuficiencia-cardiaca\/orden-de-no-reanimar\/#primaryimage\"},\"image\":{\"@id\":\"https:\/\/www.heartfailurematters.org\/es\/vivir-con-insuficiencia-cardiaca\/orden-de-no-reanimar\/#primaryimage\"},\"thumbnailUrl\":\"https:\/\/www.heartfailurematters.org\/wp-content\/uploads\/2022\/03\/shutterstock_1544093657-1-min.jpg\",\"datePublished\":\"2021-01-27T22:08:52+00:00\",\"description\":\"Una orden de no reanimaci\u00f3n es un documento en el que se indica a los m\u00e9dicos, enfermeros y a otros miembros del personal sanitario lo que deber\u00edan hacer si una persona deja de respirar o si su ritmo card\u00edaco pone su vida en peligro.\",\"breadcrumb\":{\"@id\":\"https:\/\/www.heartfailurematters.org\/es\/vivir-con-insuficiencia-cardiaca\/orden-de-no-reanimar\/#breadcrumb\"},\"inLanguage\":\"es\",\"potentialAction\":[{\"@type\":\"ReadAction\",\"target\":[\"https:\/\/www.heartfailurematters.org\/es\/vivir-con-insuficiencia-cardiaca\/orden-de-no-reanimar\/\"]}]},{\"@type\":\"ImageObject\",\"inLanguage\":\"es\",\"@id\":\"https:\/\/www.heartfailurematters.org\/es\/vivir-con-insuficiencia-cardiaca\/orden-de-no-reanimar\/#primaryimage\",\"url\":\"https:\/\/www.heartfailurematters.org\/wp-content\/uploads\/2022\/03\/shutterstock_1544093657-1-min.jpg\",\"contentUrl\":\"https:\/\/www.heartfailurematters.org\/wp-content\/uploads\/2022\/03\/shutterstock_1544093657-1-min.jpg\",\"width\":900,\"height\":600},{\"@type\":\"BreadcrumbList\",\"@id\":\"https:\/\/www.heartfailurematters.org\/es\/vivir-con-insuficiencia-cardiaca\/orden-de-no-reanimar\/#breadcrumb\",\"itemListElement\":[{\"@type\":\"ListItem\",\"position\":1,\"name\":\"Inicio\",\"item\":\"https:\/\/www.heartfailurematters.org\/es\/\"},{\"@type\":\"ListItem\",\"position\":2,\"name\":\"Vivir con insuficiencia card\u00edaca\",\"item\":\"https:\/\/www.heartfailurematters.org\/es\/vivir-con-insuficiencia-cardiaca\/\"},{\"@type\":\"ListItem\",\"position\":3,\"name\":\"Orden de no reanimar\"}]},{\"@type\":\"WebSite\",\"@id\":\"https:\/\/www.heartfailurematters.org\/es\/#website\",\"url\":\"https:\/\/www.heartfailurematters.org\/es\/\",\"name\":\"Heart Failure Matters\",\"description\":\"Practical information for patients, families and caregivers.\",\"publisher\":{\"@id\":\"https:\/\/www.heartfailurematters.org\/es\/#organization\"},\"potentialAction\":[{\"@type\":\"SearchAction\",\"target\":{\"@type\":\"EntryPoint\",\"urlTemplate\":\"https:\/\/www.heartfailurematters.org\/es\/?s={search_term_string}\"},\"query-input\":{\"@type\":\"PropertyValueSpecification\",\"valueRequired\":true,\"valueName\":\"search_term_string\"}}],\"inLanguage\":\"es\"},{\"@type\":\"Organization\",\"@id\":\"https:\/\/www.heartfailurematters.org\/es\/#organization\",\"name\":\"Heart Failure Matters\",\"url\":\"https:\/\/www.heartfailurematters.org\/es\/\",\"logo\":{\"@type\":\"ImageObject\",\"inLanguage\":\"es\",\"@id\":\"https:\/\/www.heartfailurematters.org\/es\/#\/schema\/logo\/image\/\",\"url\":\"https:\/\/cdn-endpoint-hfm.azureedge.net\/heartfailurematters\/2024\/07\/hfm-logo1.jpg\",\"contentUrl\":\"https:\/\/cdn-endpoint-hfm.azureedge.net\/heartfailurematters\/2024\/07\/hfm-logo1.jpg\",\"width\":1280,\"height\":720,\"caption\":\"Heart Failure Matters\"},\"image\":{\"@id\":\"https:\/\/www.heartfailurematters.org\/es\/#\/schema\/logo\/image\/\"},\"sameAs\":[\"https:\/\/www.facebook.com\/heartfailurematters\"]}]}<\/script>\n<!-- \/ Yoast SEO plugin. -->","yoast_head_json":{"title":"Orden de no reanimar - Heart Failure Matters","description":"Una orden de no reanimaci\u00f3n es un documento en el que se indica a los m\u00e9dicos, enfermeros y a otros miembros del personal sanitario lo que deber\u00edan hacer si una persona deja de respirar o si su ritmo card\u00edaco pone su vida en peligro.","robots":{"index":"index","follow":"follow","max-snippet":"max-snippet:-1","max-image-preview":"max-image-preview:large","max-video-preview":"max-video-preview:-1"},"canonical":"https:\/\/www.heartfailurematters.org\/es\/vivir-con-insuficiencia-cardiaca\/orden-de-no-reanimar\/","og_locale":"es_ES","og_type":"article","og_title":"Orden de no reanimar - Heart Failure Matters","og_description":"Una orden de no reanimaci\u00f3n es un documento en el que se indica a los m\u00e9dicos, enfermeros y a otros miembros del personal sanitario lo que deber\u00edan hacer si una persona deja de respirar o si su ritmo card\u00edaco pone su vida en peligro.","og_url":"https:\/\/www.heartfailurematters.org\/es\/vivir-con-insuficiencia-cardiaca\/orden-de-no-reanimar\/","og_site_name":"Heart Failure Matters","article_publisher":"https:\/\/www.facebook.com\/heartfailurematters","og_image":[{"width":900,"height":600,"url":"https:\/\/www.heartfailurematters.org\/wp-content\/uploads\/2022\/03\/shutterstock_1544093657-1-min.jpg","type":"image\/jpeg"}],"twitter_card":"summary_large_image","twitter_misc":{"Tiempo de lectura":"1 minuto"},"schema":{"@context":"https:\/\/schema.org","@graph":[{"@type":"WebPage","@id":"https:\/\/www.heartfailurematters.org\/es\/vivir-con-insuficiencia-cardiaca\/orden-de-no-reanimar\/","url":"https:\/\/www.heartfailurematters.org\/es\/vivir-con-insuficiencia-cardiaca\/orden-de-no-reanimar\/","name":"Orden de no reanimar - Heart Failure Matters","isPartOf":{"@id":"https:\/\/www.heartfailurematters.org\/es\/#website"},"primaryImageOfPage":{"@id":"https:\/\/www.heartfailurematters.org\/es\/vivir-con-insuficiencia-cardiaca\/orden-de-no-reanimar\/#primaryimage"},"image":{"@id":"https:\/\/www.heartfailurematters.org\/es\/vivir-con-insuficiencia-cardiaca\/orden-de-no-reanimar\/#primaryimage"},"thumbnailUrl":"https:\/\/www.heartfailurematters.org\/wp-content\/uploads\/2022\/03\/shutterstock_1544093657-1-min.jpg","datePublished":"2021-01-27T22:08:52+00:00","description":"Una orden de no reanimaci\u00f3n es un documento en el que se indica a los m\u00e9dicos, enfermeros y a otros miembros del personal sanitario lo que deber\u00edan hacer si una persona deja de respirar o si su ritmo card\u00edaco pone su vida en peligro.","breadcrumb":{"@id":"https:\/\/www.heartfailurematters.org\/es\/vivir-con-insuficiencia-cardiaca\/orden-de-no-reanimar\/#breadcrumb"},"inLanguage":"es","potentialAction":[{"@type":"ReadAction","target":["https:\/\/www.heartfailurematters.org\/es\/vivir-con-insuficiencia-cardiaca\/orden-de-no-reanimar\/"]}]},{"@type":"ImageObject","inLanguage":"es","@id":"https:\/\/www.heartfailurematters.org\/es\/vivir-con-insuficiencia-cardiaca\/orden-de-no-reanimar\/#primaryimage","url":"https:\/\/www.heartfailurematters.org\/wp-content\/uploads\/2022\/03\/shutterstock_1544093657-1-min.jpg","contentUrl":"https:\/\/www.heartfailurematters.org\/wp-content\/uploads\/2022\/03\/shutterstock_1544093657-1-min.jpg","width":900,"height":600},{"@type":"BreadcrumbList","@id":"https:\/\/www.heartfailurematters.org\/es\/vivir-con-insuficiencia-cardiaca\/orden-de-no-reanimar\/#breadcrumb","itemListElement":[{"@type":"ListItem","position":1,"name":"Inicio","item":"https:\/\/www.heartfailurematters.org\/es\/"},{"@type":"ListItem","position":2,"name":"Vivir con insuficiencia card\u00edaca","item":"https:\/\/www.heartfailurematters.org\/es\/vivir-con-insuficiencia-cardiaca\/"},{"@type":"ListItem","position":3,"name":"Orden de no reanimar"}]},{"@type":"WebSite","@id":"https:\/\/www.heartfailurematters.org\/es\/#website","url":"https:\/\/www.heartfailurematters.org\/es\/","name":"Heart Failure Matters","description":"Practical information for patients, families and caregivers.","publisher":{"@id":"https:\/\/www.heartfailurematters.org\/es\/#organization"},"potentialAction":[{"@type":"SearchAction","target":{"@type":"EntryPoint","urlTemplate":"https:\/\/www.heartfailurematters.org\/es\/?s={search_term_string}"},"query-input":{"@type":"PropertyValueSpecification","valueRequired":true,"valueName":"search_term_string"}}],"inLanguage":"es"},{"@type":"Organization","@id":"https:\/\/www.heartfailurematters.org\/es\/#organization","name":"Heart Failure Matters","url":"https:\/\/www.heartfailurematters.org\/es\/","logo":{"@type":"ImageObject","inLanguage":"es","@id":"https:\/\/www.heartfailurematters.org\/es\/#\/schema\/logo\/image\/","url":"https:\/\/cdn-endpoint-hfm.azureedge.net\/heartfailurematters\/2024\/07\/hfm-logo1.jpg","contentUrl":"https:\/\/cdn-endpoint-hfm.azureedge.net\/heartfailurematters\/2024\/07\/hfm-logo1.jpg","width":1280,"height":720,"caption":"Heart Failure Matters"},"image":{"@id":"https:\/\/www.heartfailurematters.org\/es\/#\/schema\/logo\/image\/"},"sameAs":["https:\/\/www.facebook.com\/heartfailurematters"]}]}},"_links":{"self":[{"href":"https:\/\/www.heartfailurematters.org\/es\/wp-json\/wp\/v2\/pages\/2228","targetHints":{"allow":["GET"]}}],"collection":[{"href":"https:\/\/www.heartfailurematters.org\/es\/wp-json\/wp\/v2\/pages"}],"about":[{"href":"https:\/\/www.heartfailurematters.org\/es\/wp-json\/wp\/v2\/types\/page"}],"author":[{"embeddable":true,"href":"https:\/\/www.heartfailurematters.org\/es\/wp-json\/wp\/v2\/users\/1"}],"replies":[{"embeddable":true,"href":"https:\/\/www.heartfailurematters.org\/es\/wp-json\/wp\/v2\/comments?post=2228"}],"version-history":[{"count":0,"href":"https:\/\/www.heartfailurematters.org\/es\/wp-json\/wp\/v2\/pages\/2228\/revisions"}],"up":[{"embeddable":true,"href":"https:\/\/www.heartfailurematters.org\/es\/wp-json\/wp\/v2\/pages\/2817"}],"wp:featuredmedia":[{"embeddable":true,"href":"https:\/\/www.heartfailurematters.org\/es\/wp-json\/wp\/v2\/media\/11161"}],"wp:attachment":[{"href":"https:\/\/www.heartfailurematters.org\/es\/wp-json\/wp\/v2\/media?parent=2228"}],"wp:term":[{"taxonomy":"category","embeddable":true,"href":"https:\/\/www.heartfailurematters.org\/es\/wp-json\/wp\/v2\/categories?post=2228"},{"taxonomy":"post_tag","embeddable":true,"href":"https:\/\/www.heartfailurematters.org\/es\/wp-json\/wp\/v2\/tags?post=2228"}],"curies":[{"name":"wp","href":"https:\/\/api.w.org\/{rel}","templated":true}]}}