{"id":2226,"date":"2021-01-27T22:08:52","date_gmt":"2021-01-27T22:08:52","guid":{"rendered":"http:\/\/heartfailurematters.local:8888\/desvanecimiento-o-mareo\/"},"modified":"2022-01-28T10:39:49","modified_gmt":"2022-01-28T10:39:49","slug":"desvanecimiento-o-mareo","status":"publish","type":"page","link":"https:\/\/www.heartfailurematters.org\/es\/signos-de-alarma\/desvanecimiento-o-mareo\/","title":{"rendered":"Desvanecimiento o mareo"},"content":{"rendered":"<p>El desvanecimiento, aturdimiento o mareo pueden deberse a una disminuci\u00f3n del flujo sangu\u00edneo cerebral. Una p\u00e9rdida de conocimiento repentina suele indicar una grave reducci\u00f3n del riego sangu\u00edneo cerebral.<\/p>\n<p>El flujo sangu\u00edneo cerebral disminuye cuando la frecuencia o el ritmo cardiaco es anormal (demasiado lento o demasiado r\u00e1pido) o cuando el coraz\u00f3n no puede bombear la sangre adecuadamente porque el flujo sangu\u00edneo est\u00e1 bloqueado, por ejemplo por el estrechamiento de una v\u00e1lvula. La causa tambi\u00e9n puede ser un <strong>infarto de miocardio<\/strong>.<\/p>\n<p>El desvanecimiento o p\u00e9rdida del conocimiento es una situaci\u00f3n potencialmente grave que requiere atenci\u00f3n m\u00e9dica inmediata.<\/p>\n<p>El mareo, especialmente al ponerse en pie con rapidez, es un s\u00edntoma extremadamente frecuente de las personas con insuficiencia card\u00edaca. Puede deberse a una anomal\u00eda de la funci\u00f3n o el ritmo card\u00edacos o al estrechamiento de una v\u00e1lvula. Tambi\u00e9n puede obedecer a un descenso r\u00e1pido pero temporal de la tensi\u00f3n arterial, denominado hipotensi\u00f3n postural, originado por levantarse con demasiada rapidez.<\/p>\n<p>Es muy frecuente que el mareo se produzca por los medicamentos empleados para tratar la insuficiencia card\u00edaca. Los diur\u00e9ticos, IECA, ARA y <a class=\"addtooltip\" title=\"Un tipo de medicamente que se usa para reducir la frecuencia card\u00edaca o bajar la presi\u00f3n arterial. \"><strong>betabloqueantes<\/strong><\/a> disminuyen la presi\u00f3n arterial. Ello mejorar\u00e1 su funci\u00f3n card\u00edaca y su respiraci\u00f3n. Sin embargo, como su tensi\u00f3n arterial es m\u00e1s baja de lo habitual, a menudo podr\u00eda marearse, sobre todo cuando se ponga de pie despu\u00e9s de estar sentado o tumbado. <a title=\"Haga clic aqu\u00ed para ver consejos para reducir al m\u00ednimo el mareo.\" href=\"https:\/\/www.heartfailurematters.org\/es\/lo-que-pueden-hacer-su-medico-o-enfermero\/ieca-inhibidores-de-la-enzima-convertidora-de-la-angiotensina\/\">Haga clic aqu\u00ed para ver consejos para reducir al m\u00ednimo el mareo<\/a>.<\/p>\n","protected":false},"excerpt":{"rendered":"<p>El desvanecimiento, aturdimiento o mareo pueden deberse a una disminuci\u00f3n del flujo sangu\u00edneo cerebral. Una p\u00e9rdida de conocimiento repentina suele indicar una grave reducci\u00f3n del riego sangu\u00edneo cerebral. El flujo sangu\u00edneo cerebral disminuye cuando la frecuencia o el ritmo cardiaco es anormal (demasiado lento o demasiado r\u00e1pido) o cuando el coraz\u00f3n no puede bombear la [&hellip;]<\/p>\n","protected":false},"author":1,"featured_media":11237,"parent":2869,"menu_order":8,"comment_status":"open","ping_status":"closed","template":"","meta":{"_acf_changed":false,"footnotes":""},"categories":[132],"tags":[],"class_list":["post-2226","page","type-page","status-publish","has-post-thumbnail","hentry","category-warning-signs-es"],"acf":[],"yoast_head":"<!-- This site is optimized with the Yoast SEO plugin v24.8.1 - https:\/\/yoast.com\/wordpress\/plugins\/seo\/ -->\n<title>Desmayos y\/o mareos<\/title>\n<meta name=\"description\" content=\"Si padece un trastorno card\u00edaco, la sensaci\u00f3n de desmayo o el mareo en s\u00ed, pueden deberse a la reducci\u00f3n del flujo sangu\u00edneo al cerebro. M\u00e1s informaci\u00f3n.\" \/>\n<meta name=\"robots\" content=\"index, follow, max-snippet:-1, max-image-preview:large, max-video-preview:-1\" \/>\n<link rel=\"canonical\" href=\"https:\/\/www.heartfailurematters.org\/es\/signos-de-alarma\/desvanecimiento-o-mareo\/\" \/>\n<meta property=\"og:locale\" content=\"es_ES\" \/>\n<meta property=\"og:type\" content=\"article\" \/>\n<meta property=\"og:title\" content=\"Desmayos y\/o mareos\" \/>\n<meta property=\"og:description\" content=\"Si padece un trastorno card\u00edaco, la sensaci\u00f3n de desmayo o el mareo en s\u00ed, pueden deberse a la reducci\u00f3n del flujo sangu\u00edneo al cerebro. M\u00e1s informaci\u00f3n.\" \/>\n<meta property=\"og:url\" content=\"https:\/\/www.heartfailurematters.org\/es\/signos-de-alarma\/desvanecimiento-o-mareo\/\" \/>\n<meta property=\"og:site_name\" content=\"Heart Failure Matters\" \/>\n<meta property=\"article:publisher\" content=\"https:\/\/www.facebook.com\/heartfailurematters\" \/>\n<meta property=\"article:modified_time\" content=\"2022-01-28T10:39:49+00:00\" \/>\n<meta property=\"og:image\" content=\"https:\/\/www.heartfailurematters.org\/wp-content\/uploads\/2022\/03\/shutterstock_1565537548-1-min.jpg?_t=1773222927\" \/>\n\t<meta property=\"og:image:width\" content=\"900\" \/>\n\t<meta property=\"og:image:height\" content=\"600\" \/>\n\t<meta property=\"og:image:type\" content=\"image\/jpeg\" \/>\n<meta name=\"twitter:card\" content=\"summary_large_image\" \/>\n<meta name=\"twitter:label1\" content=\"Tiempo de lectura\" \/>\n\t<meta name=\"twitter:data1\" content=\"1 minuto\" \/>\n<script type=\"application\/ld+json\" class=\"yoast-schema-graph\">{\"@context\":\"https:\/\/schema.org\",\"@graph\":[{\"@type\":\"WebPage\",\"@id\":\"https:\/\/www.heartfailurematters.org\/es\/signos-de-alarma\/desvanecimiento-o-mareo\/\",\"url\":\"https:\/\/www.heartfailurematters.org\/es\/signos-de-alarma\/desvanecimiento-o-mareo\/\",\"name\":\"Desmayos y\/o mareos\",\"isPartOf\":{\"@id\":\"https:\/\/www.heartfailurematters.org\/es\/#website\"},\"primaryImageOfPage\":{\"@id\":\"https:\/\/www.heartfailurematters.org\/es\/signos-de-alarma\/desvanecimiento-o-mareo\/#primaryimage\"},\"image\":{\"@id\":\"https:\/\/www.heartfailurematters.org\/es\/signos-de-alarma\/desvanecimiento-o-mareo\/#primaryimage\"},\"thumbnailUrl\":\"https:\/\/www.heartfailurematters.org\/wp-content\/uploads\/2022\/03\/shutterstock_1565537548-1-min.jpg\",\"datePublished\":\"2021-01-27T22:08:52+00:00\",\"dateModified\":\"2022-01-28T10:39:49+00:00\",\"description\":\"Si padece un trastorno card\u00edaco, la sensaci\u00f3n de desmayo o el mareo en s\u00ed, pueden deberse a la reducci\u00f3n del flujo sangu\u00edneo al cerebro. M\u00e1s informaci\u00f3n.\",\"breadcrumb\":{\"@id\":\"https:\/\/www.heartfailurematters.org\/es\/signos-de-alarma\/desvanecimiento-o-mareo\/#breadcrumb\"},\"inLanguage\":\"es\",\"potentialAction\":[{\"@type\":\"ReadAction\",\"target\":[\"https:\/\/www.heartfailurematters.org\/es\/signos-de-alarma\/desvanecimiento-o-mareo\/\"]}]},{\"@type\":\"ImageObject\",\"inLanguage\":\"es\",\"@id\":\"https:\/\/www.heartfailurematters.org\/es\/signos-de-alarma\/desvanecimiento-o-mareo\/#primaryimage\",\"url\":\"https:\/\/www.heartfailurematters.org\/wp-content\/uploads\/2022\/03\/shutterstock_1565537548-1-min.jpg\",\"contentUrl\":\"https:\/\/www.heartfailurematters.org\/wp-content\/uploads\/2022\/03\/shutterstock_1565537548-1-min.jpg\",\"width\":900,\"height\":600},{\"@type\":\"BreadcrumbList\",\"@id\":\"https:\/\/www.heartfailurematters.org\/es\/signos-de-alarma\/desvanecimiento-o-mareo\/#breadcrumb\",\"itemListElement\":[{\"@type\":\"ListItem\",\"position\":1,\"name\":\"Inicio\",\"item\":\"https:\/\/www.heartfailurematters.org\/es\/\"},{\"@type\":\"ListItem\",\"position\":2,\"name\":\"Signos de alarma\",\"item\":\"https:\/\/www.heartfailurematters.org\/es\/signos-de-alarma\/\"},{\"@type\":\"ListItem\",\"position\":3,\"name\":\"Desvanecimiento o mareo\"}]},{\"@type\":\"WebSite\",\"@id\":\"https:\/\/www.heartfailurematters.org\/es\/#website\",\"url\":\"https:\/\/www.heartfailurematters.org\/es\/\",\"name\":\"Heart Failure Matters\",\"description\":\"Practical information for patients, families and caregivers.\",\"publisher\":{\"@id\":\"https:\/\/www.heartfailurematters.org\/es\/#organization\"},\"potentialAction\":[{\"@type\":\"SearchAction\",\"target\":{\"@type\":\"EntryPoint\",\"urlTemplate\":\"https:\/\/www.heartfailurematters.org\/es\/?s={search_term_string}\"},\"query-input\":{\"@type\":\"PropertyValueSpecification\",\"valueRequired\":true,\"valueName\":\"search_term_string\"}}],\"inLanguage\":\"es\"},{\"@type\":\"Organization\",\"@id\":\"https:\/\/www.heartfailurematters.org\/es\/#organization\",\"name\":\"Heart Failure Matters\",\"url\":\"https:\/\/www.heartfailurematters.org\/es\/\",\"logo\":{\"@type\":\"ImageObject\",\"inLanguage\":\"es\",\"@id\":\"https:\/\/www.heartfailurematters.org\/es\/#\/schema\/logo\/image\/\",\"url\":\"https:\/\/cdn-endpoint-hfm.azureedge.net\/heartfailurematters\/2024\/07\/hfm-logo1.jpg\",\"contentUrl\":\"https:\/\/cdn-endpoint-hfm.azureedge.net\/heartfailurematters\/2024\/07\/hfm-logo1.jpg\",\"width\":1280,\"height\":720,\"caption\":\"Heart Failure Matters\"},\"image\":{\"@id\":\"https:\/\/www.heartfailurematters.org\/es\/#\/schema\/logo\/image\/\"},\"sameAs\":[\"https:\/\/www.facebook.com\/heartfailurematters\"]}]}<\/script>\n<!-- \/ Yoast SEO plugin. -->","yoast_head_json":{"title":"Desmayos y\/o mareos","description":"Si padece un trastorno card\u00edaco, la sensaci\u00f3n de desmayo o el mareo en s\u00ed, pueden deberse a la reducci\u00f3n del flujo sangu\u00edneo al cerebro. M\u00e1s informaci\u00f3n.","robots":{"index":"index","follow":"follow","max-snippet":"max-snippet:-1","max-image-preview":"max-image-preview:large","max-video-preview":"max-video-preview:-1"},"canonical":"https:\/\/www.heartfailurematters.org\/es\/signos-de-alarma\/desvanecimiento-o-mareo\/","og_locale":"es_ES","og_type":"article","og_title":"Desmayos y\/o mareos","og_description":"Si padece un trastorno card\u00edaco, la sensaci\u00f3n de desmayo o el mareo en s\u00ed, pueden deberse a la reducci\u00f3n del flujo sangu\u00edneo al cerebro. M\u00e1s informaci\u00f3n.","og_url":"https:\/\/www.heartfailurematters.org\/es\/signos-de-alarma\/desvanecimiento-o-mareo\/","og_site_name":"Heart Failure Matters","article_publisher":"https:\/\/www.facebook.com\/heartfailurematters","article_modified_time":"2022-01-28T10:39:49+00:00","og_image":[{"width":900,"height":600,"url":"https:\/\/www.heartfailurematters.org\/wp-content\/uploads\/2022\/03\/shutterstock_1565537548-1-min.jpg?_t=1773222927","type":"image\/jpeg"}],"twitter_card":"summary_large_image","twitter_misc":{"Tiempo de lectura":"1 minuto"},"schema":{"@context":"https:\/\/schema.org","@graph":[{"@type":"WebPage","@id":"https:\/\/www.heartfailurematters.org\/es\/signos-de-alarma\/desvanecimiento-o-mareo\/","url":"https:\/\/www.heartfailurematters.org\/es\/signos-de-alarma\/desvanecimiento-o-mareo\/","name":"Desmayos y\/o mareos","isPartOf":{"@id":"https:\/\/www.heartfailurematters.org\/es\/#website"},"primaryImageOfPage":{"@id":"https:\/\/www.heartfailurematters.org\/es\/signos-de-alarma\/desvanecimiento-o-mareo\/#primaryimage"},"image":{"@id":"https:\/\/www.heartfailurematters.org\/es\/signos-de-alarma\/desvanecimiento-o-mareo\/#primaryimage"},"thumbnailUrl":"https:\/\/www.heartfailurematters.org\/wp-content\/uploads\/2022\/03\/shutterstock_1565537548-1-min.jpg","datePublished":"2021-01-27T22:08:52+00:00","dateModified":"2022-01-28T10:39:49+00:00","description":"Si padece un trastorno card\u00edaco, la sensaci\u00f3n de desmayo o el mareo en s\u00ed, pueden deberse a la reducci\u00f3n del flujo sangu\u00edneo al cerebro. M\u00e1s informaci\u00f3n.","breadcrumb":{"@id":"https:\/\/www.heartfailurematters.org\/es\/signos-de-alarma\/desvanecimiento-o-mareo\/#breadcrumb"},"inLanguage":"es","potentialAction":[{"@type":"ReadAction","target":["https:\/\/www.heartfailurematters.org\/es\/signos-de-alarma\/desvanecimiento-o-mareo\/"]}]},{"@type":"ImageObject","inLanguage":"es","@id":"https:\/\/www.heartfailurematters.org\/es\/signos-de-alarma\/desvanecimiento-o-mareo\/#primaryimage","url":"https:\/\/www.heartfailurematters.org\/wp-content\/uploads\/2022\/03\/shutterstock_1565537548-1-min.jpg","contentUrl":"https:\/\/www.heartfailurematters.org\/wp-content\/uploads\/2022\/03\/shutterstock_1565537548-1-min.jpg","width":900,"height":600},{"@type":"BreadcrumbList","@id":"https:\/\/www.heartfailurematters.org\/es\/signos-de-alarma\/desvanecimiento-o-mareo\/#breadcrumb","itemListElement":[{"@type":"ListItem","position":1,"name":"Inicio","item":"https:\/\/www.heartfailurematters.org\/es\/"},{"@type":"ListItem","position":2,"name":"Signos de alarma","item":"https:\/\/www.heartfailurematters.org\/es\/signos-de-alarma\/"},{"@type":"ListItem","position":3,"name":"Desvanecimiento o mareo"}]},{"@type":"WebSite","@id":"https:\/\/www.heartfailurematters.org\/es\/#website","url":"https:\/\/www.heartfailurematters.org\/es\/","name":"Heart Failure Matters","description":"Practical information for patients, families and caregivers.","publisher":{"@id":"https:\/\/www.heartfailurematters.org\/es\/#organization"},"potentialAction":[{"@type":"SearchAction","target":{"@type":"EntryPoint","urlTemplate":"https:\/\/www.heartfailurematters.org\/es\/?s={search_term_string}"},"query-input":{"@type":"PropertyValueSpecification","valueRequired":true,"valueName":"search_term_string"}}],"inLanguage":"es"},{"@type":"Organization","@id":"https:\/\/www.heartfailurematters.org\/es\/#organization","name":"Heart Failure Matters","url":"https:\/\/www.heartfailurematters.org\/es\/","logo":{"@type":"ImageObject","inLanguage":"es","@id":"https:\/\/www.heartfailurematters.org\/es\/#\/schema\/logo\/image\/","url":"https:\/\/cdn-endpoint-hfm.azureedge.net\/heartfailurematters\/2024\/07\/hfm-logo1.jpg","contentUrl":"https:\/\/cdn-endpoint-hfm.azureedge.net\/heartfailurematters\/2024\/07\/hfm-logo1.jpg","width":1280,"height":720,"caption":"Heart Failure Matters"},"image":{"@id":"https:\/\/www.heartfailurematters.org\/es\/#\/schema\/logo\/image\/"},"sameAs":["https:\/\/www.facebook.com\/heartfailurematters"]}]}},"_links":{"self":[{"href":"https:\/\/www.heartfailurematters.org\/es\/wp-json\/wp\/v2\/pages\/2226","targetHints":{"allow":["GET"]}}],"collection":[{"href":"https:\/\/www.heartfailurematters.org\/es\/wp-json\/wp\/v2\/pages"}],"about":[{"href":"https:\/\/www.heartfailurematters.org\/es\/wp-json\/wp\/v2\/types\/page"}],"author":[{"embeddable":true,"href":"https:\/\/www.heartfailurematters.org\/es\/wp-json\/wp\/v2\/users\/1"}],"replies":[{"embeddable":true,"href":"https:\/\/www.heartfailurematters.org\/es\/wp-json\/wp\/v2\/comments?post=2226"}],"version-history":[{"count":2,"href":"https:\/\/www.heartfailurematters.org\/es\/wp-json\/wp\/v2\/pages\/2226\/revisions"}],"predecessor-version":[{"id":10517,"href":"https:\/\/www.heartfailurematters.org\/es\/wp-json\/wp\/v2\/pages\/2226\/revisions\/10517"}],"up":[{"embeddable":true,"href":"https:\/\/www.heartfailurematters.org\/es\/wp-json\/wp\/v2\/pages\/2869"}],"wp:featuredmedia":[{"embeddable":true,"href":"https:\/\/www.heartfailurematters.org\/es\/wp-json\/wp\/v2\/media\/11237"}],"wp:attachment":[{"href":"https:\/\/www.heartfailurematters.org\/es\/wp-json\/wp\/v2\/media?parent=2226"}],"wp:term":[{"taxonomy":"category","embeddable":true,"href":"https:\/\/www.heartfailurematters.org\/es\/wp-json\/wp\/v2\/categories?post=2226"},{"taxonomy":"post_tag","embeddable":true,"href":"https:\/\/www.heartfailurematters.org\/es\/wp-json\/wp\/v2\/tags?post=2226"}],"curies":[{"name":"wp","href":"https:\/\/api.w.org\/{rel}","templated":true}]}}