{"id":2222,"date":"2021-01-27T22:08:52","date_gmt":"2021-01-27T22:08:52","guid":{"rendered":"http:\/\/heartfailurematters.local:8888\/mis-medicamentos\/"},"modified":"2021-08-12T10:56:10","modified_gmt":"2021-08-12T09:56:10","slug":"mis-medicamentos","status":"publish","type":"page","link":"https:\/\/www.heartfailurematters.org\/es\/pregunte-a-su-medico\/mis-medicamentos\/","title":{"rendered":"Mis medicamentos"},"content":{"rendered":"<p>La informaci\u00f3n sobre los tratamientos disponibles para la insuficiencia card\u00edaca figuran en la secci\u00f3n <a href=\"https:\/\/www.heartfailurematters.org\/es\/lo-que-pueden-hacer-su-medico-o-enfermero\/medicamentos-para-la-insuficiencia-cardiaca\/\">Medicamentos para la insuficiencia card\u00edaca<\/a>.\u00a0A continuaci\u00f3n, hay una lista de preguntas que puede hacer al m\u00e9dico para manejar sus medicamentos con la mayor eficiencia posible.<\/p>\n<p><strong>\u00bfPueden mi(s) medicamento(s) producir efectos secundarios?<\/strong><br \/>\nAl hablar de los efectos secundarios de sus medicamentos con el m\u00e9dico o enfermera, comprender\u00e1 lo que pueden producir y se preparar\u00e1 para cualquier efecto adverso no deseado. Por ejemplo, si el mareo es un efecto secundario de su medicaci\u00f3n, lo podr\u00e1 aliviar no poni\u00e9ndose de pie ni levant\u00e1ndose de la cama con demasiada rapidez.<\/p>\n<p><strong>\u00bfCu\u00e1ntas pastillas tengo que tomar y cu\u00e1ndo?<\/strong><br \/>\nEsto le ayudar\u00e1 a crear su propia ficha personal de medicamentos para saber cu\u00e1ndo y c\u00f3mo tiene que tomarlos.<\/p>\n<p><strong>\u00bfQu\u00e9 ocurre si no tomo una pastilla?<\/strong><br \/>\nSu m\u00e9dico le dir\u00e1 lo que tiene que hacer si omite una o m\u00e1s dosis de su medicamento. Para que la mayor parte de los medicamentos contra la insuficiencia card\u00edaca funcionen de una manera \u00f3ptima, es necesario que tome la dosis correcta en el momento correcto. Al tomar tarde una pastilla o dos medicamentos al mismo tiempo puede aumentar la cantidad de medicamento en su organismo hasta un nivel que podr\u00eda causar efectos secundarios. Sin embargo, si olvida tomar el diur\u00e9tico, normalmente podr\u00e1 tomarlo a otra hora del d\u00eda sin problemas.<\/p>\n<p><strong>\u00bfCon qu\u00e9 frecuencia necesitar\u00e9 una nueva receta?<\/strong><br \/>\nLe prescribir\u00e1n los medicamentos para un per\u00edodo concreto y le dir\u00e1n cu\u00e1ndo tiene que pedir una nueva receta. Puede pedir otra cita o coger la receta en la consulta o la farmacia. En el caso de la mayor\u00eda de los f\u00e1rmacos para la insuficiencia card\u00edaca, es fundamental tomarlos todos los d\u00edas; por tanto, haga las previsiones oportunas para no quedarse sin medicamento (recuerde las vacaciones o los viajes programados).<\/p>\n","protected":false},"excerpt":{"rendered":"<p>La informaci\u00f3n sobre los tratamientos disponibles para la insuficiencia card\u00edaca figuran en la secci\u00f3n Medicamentos para la insuficiencia card\u00edaca.\u00a0A continuaci\u00f3n, hay una lista de preguntas que puede hacer al m\u00e9dico para manejar sus medicamentos con la mayor eficiencia posible. \u00bfPueden mi(s) medicamento(s) producir efectos secundarios? Al hablar de los efectos secundarios de sus medicamentos con [&hellip;]<\/p>\n","protected":false},"author":1,"featured_media":10873,"parent":2766,"menu_order":2,"comment_status":"open","ping_status":"closed","template":"","meta":{"_acf_changed":false,"footnotes":""},"categories":[69],"tags":[],"class_list":["post-2222","page","type-page","status-publish","has-post-thumbnail","hentry","category-ask-your-doctor-es"],"acf":[],"yoast_head":"<!-- This site is optimized with the Yoast SEO plugin v24.8.1 - https:\/\/yoast.com\/wordpress\/plugins\/seo\/ -->\n<title>Mis medicamentos - Heart Failure Matters<\/title>\n<meta name=\"description\" content=\"Lista de preguntas que tal vez desee hacer a su m\u00e9dico o enfermero para ayudarle a gestionar sus medicamentos con la mayor eficacia posible.\" \/>\n<meta name=\"robots\" content=\"index, follow, max-snippet:-1, max-image-preview:large, max-video-preview:-1\" \/>\n<link rel=\"canonical\" href=\"https:\/\/www.heartfailurematters.org\/es\/pregunte-a-su-medico\/mis-medicamentos\/\" \/>\n<meta property=\"og:locale\" content=\"es_ES\" \/>\n<meta property=\"og:type\" content=\"article\" \/>\n<meta property=\"og:title\" content=\"Mis medicamentos - Heart Failure Matters\" \/>\n<meta property=\"og:description\" content=\"Lista de preguntas que tal vez desee hacer a su m\u00e9dico o enfermero para ayudarle a gestionar sus medicamentos con la mayor eficacia posible.\" \/>\n<meta property=\"og:url\" content=\"https:\/\/www.heartfailurematters.org\/es\/pregunte-a-su-medico\/mis-medicamentos\/\" \/>\n<meta property=\"og:site_name\" content=\"Heart Failure Matters\" \/>\n<meta property=\"article:publisher\" content=\"https:\/\/www.facebook.com\/heartfailurematters\" \/>\n<meta property=\"article:modified_time\" content=\"2021-08-12T09:56:10+00:00\" \/>\n<meta property=\"og:image\" content=\"https:\/\/www.heartfailurematters.org\/wp-content\/uploads\/2022\/03\/shutterstock_441673426-1-min.jpg?_t=1773139942\" \/>\n\t<meta property=\"og:image:width\" content=\"900\" \/>\n\t<meta property=\"og:image:height\" content=\"596\" \/>\n\t<meta property=\"og:image:type\" content=\"image\/jpeg\" \/>\n<meta name=\"twitter:card\" content=\"summary_large_image\" \/>\n<meta name=\"twitter:label1\" content=\"Tiempo de lectura\" \/>\n\t<meta name=\"twitter:data1\" content=\"2 minutos\" \/>\n<script type=\"application\/ld+json\" class=\"yoast-schema-graph\">{\"@context\":\"https:\/\/schema.org\",\"@graph\":[{\"@type\":\"WebPage\",\"@id\":\"https:\/\/www.heartfailurematters.org\/es\/pregunte-a-su-medico\/mis-medicamentos\/\",\"url\":\"https:\/\/www.heartfailurematters.org\/es\/pregunte-a-su-medico\/mis-medicamentos\/\",\"name\":\"Mis medicamentos - Heart Failure Matters\",\"isPartOf\":{\"@id\":\"https:\/\/www.heartfailurematters.org\/es\/#website\"},\"primaryImageOfPage\":{\"@id\":\"https:\/\/www.heartfailurematters.org\/es\/pregunte-a-su-medico\/mis-medicamentos\/#primaryimage\"},\"image\":{\"@id\":\"https:\/\/www.heartfailurematters.org\/es\/pregunte-a-su-medico\/mis-medicamentos\/#primaryimage\"},\"thumbnailUrl\":\"https:\/\/www.heartfailurematters.org\/wp-content\/uploads\/2022\/03\/shutterstock_441673426-1-min.jpg\",\"datePublished\":\"2021-01-27T22:08:52+00:00\",\"dateModified\":\"2021-08-12T09:56:10+00:00\",\"description\":\"Lista de preguntas que tal vez desee hacer a su m\u00e9dico o enfermero para ayudarle a gestionar sus medicamentos con la mayor eficacia posible.\",\"breadcrumb\":{\"@id\":\"https:\/\/www.heartfailurematters.org\/es\/pregunte-a-su-medico\/mis-medicamentos\/#breadcrumb\"},\"inLanguage\":\"es\",\"potentialAction\":[{\"@type\":\"ReadAction\",\"target\":[\"https:\/\/www.heartfailurematters.org\/es\/pregunte-a-su-medico\/mis-medicamentos\/\"]}]},{\"@type\":\"ImageObject\",\"inLanguage\":\"es\",\"@id\":\"https:\/\/www.heartfailurematters.org\/es\/pregunte-a-su-medico\/mis-medicamentos\/#primaryimage\",\"url\":\"https:\/\/www.heartfailurematters.org\/wp-content\/uploads\/2022\/03\/shutterstock_441673426-1-min.jpg\",\"contentUrl\":\"https:\/\/www.heartfailurematters.org\/wp-content\/uploads\/2022\/03\/shutterstock_441673426-1-min.jpg\",\"width\":900,\"height\":596},{\"@type\":\"BreadcrumbList\",\"@id\":\"https:\/\/www.heartfailurematters.org\/es\/pregunte-a-su-medico\/mis-medicamentos\/#breadcrumb\",\"itemListElement\":[{\"@type\":\"ListItem\",\"position\":1,\"name\":\"Inicio\",\"item\":\"https:\/\/www.heartfailurematters.org\/es\/\"},{\"@type\":\"ListItem\",\"position\":2,\"name\":\"Pregunte a su m\u00e9dico\",\"item\":\"https:\/\/www.heartfailurematters.org\/es\/pregunte-a-su-medico\/\"},{\"@type\":\"ListItem\",\"position\":3,\"name\":\"Mis medicamentos\"}]},{\"@type\":\"WebSite\",\"@id\":\"https:\/\/www.heartfailurematters.org\/es\/#website\",\"url\":\"https:\/\/www.heartfailurematters.org\/es\/\",\"name\":\"Heart Failure Matters\",\"description\":\"Practical information for patients, families and caregivers.\",\"publisher\":{\"@id\":\"https:\/\/www.heartfailurematters.org\/es\/#organization\"},\"potentialAction\":[{\"@type\":\"SearchAction\",\"target\":{\"@type\":\"EntryPoint\",\"urlTemplate\":\"https:\/\/www.heartfailurematters.org\/es\/?s={search_term_string}\"},\"query-input\":{\"@type\":\"PropertyValueSpecification\",\"valueRequired\":true,\"valueName\":\"search_term_string\"}}],\"inLanguage\":\"es\"},{\"@type\":\"Organization\",\"@id\":\"https:\/\/www.heartfailurematters.org\/es\/#organization\",\"name\":\"Heart Failure Matters\",\"url\":\"https:\/\/www.heartfailurematters.org\/es\/\",\"logo\":{\"@type\":\"ImageObject\",\"inLanguage\":\"es\",\"@id\":\"https:\/\/www.heartfailurematters.org\/es\/#\/schema\/logo\/image\/\",\"url\":\"https:\/\/cdn-endpoint-hfm.azureedge.net\/heartfailurematters\/2024\/07\/hfm-logo1.jpg\",\"contentUrl\":\"https:\/\/cdn-endpoint-hfm.azureedge.net\/heartfailurematters\/2024\/07\/hfm-logo1.jpg\",\"width\":1280,\"height\":720,\"caption\":\"Heart Failure Matters\"},\"image\":{\"@id\":\"https:\/\/www.heartfailurematters.org\/es\/#\/schema\/logo\/image\/\"},\"sameAs\":[\"https:\/\/www.facebook.com\/heartfailurematters\"]}]}<\/script>\n<!-- \/ Yoast SEO plugin. -->","yoast_head_json":{"title":"Mis medicamentos - Heart Failure Matters","description":"Lista de preguntas que tal vez desee hacer a su m\u00e9dico o enfermero para ayudarle a gestionar sus medicamentos con la mayor eficacia posible.","robots":{"index":"index","follow":"follow","max-snippet":"max-snippet:-1","max-image-preview":"max-image-preview:large","max-video-preview":"max-video-preview:-1"},"canonical":"https:\/\/www.heartfailurematters.org\/es\/pregunte-a-su-medico\/mis-medicamentos\/","og_locale":"es_ES","og_type":"article","og_title":"Mis medicamentos - Heart Failure Matters","og_description":"Lista de preguntas que tal vez desee hacer a su m\u00e9dico o enfermero para ayudarle a gestionar sus medicamentos con la mayor eficacia posible.","og_url":"https:\/\/www.heartfailurematters.org\/es\/pregunte-a-su-medico\/mis-medicamentos\/","og_site_name":"Heart Failure Matters","article_publisher":"https:\/\/www.facebook.com\/heartfailurematters","article_modified_time":"2021-08-12T09:56:10+00:00","og_image":[{"width":900,"height":596,"url":"https:\/\/www.heartfailurematters.org\/wp-content\/uploads\/2022\/03\/shutterstock_441673426-1-min.jpg?_t=1773139942","type":"image\/jpeg"}],"twitter_card":"summary_large_image","twitter_misc":{"Tiempo de lectura":"2 minutos"},"schema":{"@context":"https:\/\/schema.org","@graph":[{"@type":"WebPage","@id":"https:\/\/www.heartfailurematters.org\/es\/pregunte-a-su-medico\/mis-medicamentos\/","url":"https:\/\/www.heartfailurematters.org\/es\/pregunte-a-su-medico\/mis-medicamentos\/","name":"Mis medicamentos - Heart Failure Matters","isPartOf":{"@id":"https:\/\/www.heartfailurematters.org\/es\/#website"},"primaryImageOfPage":{"@id":"https:\/\/www.heartfailurematters.org\/es\/pregunte-a-su-medico\/mis-medicamentos\/#primaryimage"},"image":{"@id":"https:\/\/www.heartfailurematters.org\/es\/pregunte-a-su-medico\/mis-medicamentos\/#primaryimage"},"thumbnailUrl":"https:\/\/www.heartfailurematters.org\/wp-content\/uploads\/2022\/03\/shutterstock_441673426-1-min.jpg","datePublished":"2021-01-27T22:08:52+00:00","dateModified":"2021-08-12T09:56:10+00:00","description":"Lista de preguntas que tal vez desee hacer a su m\u00e9dico o enfermero para ayudarle a gestionar sus medicamentos con la mayor eficacia posible.","breadcrumb":{"@id":"https:\/\/www.heartfailurematters.org\/es\/pregunte-a-su-medico\/mis-medicamentos\/#breadcrumb"},"inLanguage":"es","potentialAction":[{"@type":"ReadAction","target":["https:\/\/www.heartfailurematters.org\/es\/pregunte-a-su-medico\/mis-medicamentos\/"]}]},{"@type":"ImageObject","inLanguage":"es","@id":"https:\/\/www.heartfailurematters.org\/es\/pregunte-a-su-medico\/mis-medicamentos\/#primaryimage","url":"https:\/\/www.heartfailurematters.org\/wp-content\/uploads\/2022\/03\/shutterstock_441673426-1-min.jpg","contentUrl":"https:\/\/www.heartfailurematters.org\/wp-content\/uploads\/2022\/03\/shutterstock_441673426-1-min.jpg","width":900,"height":596},{"@type":"BreadcrumbList","@id":"https:\/\/www.heartfailurematters.org\/es\/pregunte-a-su-medico\/mis-medicamentos\/#breadcrumb","itemListElement":[{"@type":"ListItem","position":1,"name":"Inicio","item":"https:\/\/www.heartfailurematters.org\/es\/"},{"@type":"ListItem","position":2,"name":"Pregunte a su m\u00e9dico","item":"https:\/\/www.heartfailurematters.org\/es\/pregunte-a-su-medico\/"},{"@type":"ListItem","position":3,"name":"Mis medicamentos"}]},{"@type":"WebSite","@id":"https:\/\/www.heartfailurematters.org\/es\/#website","url":"https:\/\/www.heartfailurematters.org\/es\/","name":"Heart Failure Matters","description":"Practical information for patients, families and caregivers.","publisher":{"@id":"https:\/\/www.heartfailurematters.org\/es\/#organization"},"potentialAction":[{"@type":"SearchAction","target":{"@type":"EntryPoint","urlTemplate":"https:\/\/www.heartfailurematters.org\/es\/?s={search_term_string}"},"query-input":{"@type":"PropertyValueSpecification","valueRequired":true,"valueName":"search_term_string"}}],"inLanguage":"es"},{"@type":"Organization","@id":"https:\/\/www.heartfailurematters.org\/es\/#organization","name":"Heart Failure Matters","url":"https:\/\/www.heartfailurematters.org\/es\/","logo":{"@type":"ImageObject","inLanguage":"es","@id":"https:\/\/www.heartfailurematters.org\/es\/#\/schema\/logo\/image\/","url":"https:\/\/cdn-endpoint-hfm.azureedge.net\/heartfailurematters\/2024\/07\/hfm-logo1.jpg","contentUrl":"https:\/\/cdn-endpoint-hfm.azureedge.net\/heartfailurematters\/2024\/07\/hfm-logo1.jpg","width":1280,"height":720,"caption":"Heart Failure Matters"},"image":{"@id":"https:\/\/www.heartfailurematters.org\/es\/#\/schema\/logo\/image\/"},"sameAs":["https:\/\/www.facebook.com\/heartfailurematters"]}]}},"_links":{"self":[{"href":"https:\/\/www.heartfailurematters.org\/es\/wp-json\/wp\/v2\/pages\/2222","targetHints":{"allow":["GET"]}}],"collection":[{"href":"https:\/\/www.heartfailurematters.org\/es\/wp-json\/wp\/v2\/pages"}],"about":[{"href":"https:\/\/www.heartfailurematters.org\/es\/wp-json\/wp\/v2\/types\/page"}],"author":[{"embeddable":true,"href":"https:\/\/www.heartfailurematters.org\/es\/wp-json\/wp\/v2\/users\/1"}],"replies":[{"embeddable":true,"href":"https:\/\/www.heartfailurematters.org\/es\/wp-json\/wp\/v2\/comments?post=2222"}],"version-history":[{"count":1,"href":"https:\/\/www.heartfailurematters.org\/es\/wp-json\/wp\/v2\/pages\/2222\/revisions"}],"predecessor-version":[{"id":9786,"href":"https:\/\/www.heartfailurematters.org\/es\/wp-json\/wp\/v2\/pages\/2222\/revisions\/9786"}],"up":[{"embeddable":true,"href":"https:\/\/www.heartfailurematters.org\/es\/wp-json\/wp\/v2\/pages\/2766"}],"wp:featuredmedia":[{"embeddable":true,"href":"https:\/\/www.heartfailurematters.org\/es\/wp-json\/wp\/v2\/media\/10873"}],"wp:attachment":[{"href":"https:\/\/www.heartfailurematters.org\/es\/wp-json\/wp\/v2\/media?parent=2222"}],"wp:term":[{"taxonomy":"category","embeddable":true,"href":"https:\/\/www.heartfailurematters.org\/es\/wp-json\/wp\/v2\/categories?post=2222"},{"taxonomy":"post_tag","embeddable":true,"href":"https:\/\/www.heartfailurematters.org\/es\/wp-json\/wp\/v2\/tags?post=2222"}],"curies":[{"name":"wp","href":"https:\/\/api.w.org\/{rel}","templated":true}]}}