{"id":2220,"date":"2021-01-27T22:08:52","date_gmt":"2021-01-27T22:08:52","guid":{"rendered":"http:\/\/heartfailurematters.local:8888\/conducir\/"},"modified":"2021-08-12T11:02:09","modified_gmt":"2021-08-12T10:02:09","slug":"conducir","status":"publish","type":"page","link":"https:\/\/www.heartfailurematters.org\/es\/vivir-con-insuficiencia-cardiaca\/conducir\/","title":{"rendered":"Conducir"},"content":{"rendered":"<p>La mayor\u00eda de las personas con insuficiencia card\u00edaca pueden conducir sin problemas. Sin embargo, las personas con antecedentes de p\u00e9rdida del conocimiento o de desmayo por un ritmo card\u00edaco anormal\u00a0(<a class=\"addtooltip\" title=\"An irregular heart rhythm.\"><strong title=\"\">arritmia<\/strong><\/a>) generalmente deben hablar con su m\u00e9dico con respecto a su capacidad para conducir.<\/p>\n<p>Es probable que las personas que necesitan conducir para trabajar tengan que someterse a una revisi\u00f3n regular de su enfermedad, y puede que en algunos pa\u00edses les proh\u00edban conducir. Si conduce un veh\u00edculo pesado o un veh\u00edculo p\u00fablico, debe solicitar a su m\u00e9dico la informaci\u00f3n m\u00e1s reciente de la Direcci\u00f3n de Tr\u00e1fico con respecto a las normas actuales sobre la insuficiencia card\u00edaca cr\u00f3nica. El hecho de llevar un marcapasos\/desfibrilador, no necesariamente le va a impedir seguir teniendo el carn\u00e9 de conducir.<\/p>\n<p>Hay ciertas restricciones nacionales que conciernen la conducci\u00f3n despu\u00e9s de la implantaci\u00f3n de un marcapasos\/desfibrilador que debe considerar. Consulte este tema con su m\u00e9dico.<\/p>\n","protected":false},"excerpt":{"rendered":"<p>La mayor\u00eda de las personas con insuficiencia card\u00edaca pueden conducir sin problemas. Sin embargo, las personas con antecedentes de p\u00e9rdida del conocimiento o de desmayo por un ritmo card\u00edaco anormal\u00a0(arritmia) generalmente deben hablar con su m\u00e9dico con respecto a su capacidad para conducir. Es probable que las personas que necesitan conducir para trabajar tengan que [&hellip;]<\/p>\n","protected":false},"author":1,"featured_media":0,"parent":2817,"menu_order":0,"comment_status":"open","ping_status":"open","template":"","meta":{"_acf_changed":false,"footnotes":""},"categories":[],"tags":[],"class_list":["post-2220","page","type-page","status-publish","hentry"],"acf":[],"yoast_head":"<!-- This site is optimized with the Yoast SEO plugin v24.8.1 - https:\/\/yoast.com\/wordpress\/plugins\/seo\/ -->\n<title>Conducir - Heart Failure Matters<\/title>\n<meta name=\"description\" content=\"Si padece una insuficiencia card\u00edaca puede que se pregunte si puede conducir. En general, la mayor\u00eda de los pacientes pueden conducir; sin embargo, hay excepciones.\" \/>\n<meta name=\"robots\" content=\"index, follow, max-snippet:-1, max-image-preview:large, max-video-preview:-1\" \/>\n<link rel=\"canonical\" href=\"https:\/\/www.heartfailurematters.org\/es\/vivir-con-insuficiencia-cardiaca\/conducir\/\" \/>\n<meta property=\"og:locale\" content=\"es_ES\" \/>\n<meta property=\"og:type\" content=\"article\" \/>\n<meta property=\"og:title\" content=\"Conducir - Heart Failure Matters\" \/>\n<meta property=\"og:description\" content=\"Si padece una insuficiencia card\u00edaca puede que se pregunte si puede conducir. En general, la mayor\u00eda de los pacientes pueden conducir; sin embargo, hay excepciones.\" \/>\n<meta property=\"og:url\" content=\"https:\/\/www.heartfailurematters.org\/es\/vivir-con-insuficiencia-cardiaca\/conducir\/\" \/>\n<meta property=\"og:site_name\" content=\"Heart Failure Matters\" \/>\n<meta property=\"article:publisher\" content=\"https:\/\/www.facebook.com\/heartfailurematters\" \/>\n<meta property=\"article:modified_time\" content=\"2021-08-12T10:02:09+00:00\" \/>\n<meta name=\"twitter:card\" content=\"summary_large_image\" \/>\n<meta name=\"twitter:label1\" content=\"Tiempo de lectura\" \/>\n\t<meta name=\"twitter:data1\" content=\"1 minuto\" \/>\n<script type=\"application\/ld+json\" class=\"yoast-schema-graph\">{\"@context\":\"https:\/\/schema.org\",\"@graph\":[{\"@type\":\"WebPage\",\"@id\":\"https:\/\/www.heartfailurematters.org\/es\/vivir-con-insuficiencia-cardiaca\/conducir\/\",\"url\":\"https:\/\/www.heartfailurematters.org\/es\/vivir-con-insuficiencia-cardiaca\/conducir\/\",\"name\":\"Conducir - Heart Failure Matters\",\"isPartOf\":{\"@id\":\"https:\/\/www.heartfailurematters.org\/es\/#website\"},\"datePublished\":\"2021-01-27T22:08:52+00:00\",\"dateModified\":\"2021-08-12T10:02:09+00:00\",\"description\":\"Si padece una insuficiencia card\u00edaca puede que se pregunte si puede conducir. En general, la mayor\u00eda de los pacientes pueden conducir; sin embargo, hay excepciones.\",\"breadcrumb\":{\"@id\":\"https:\/\/www.heartfailurematters.org\/es\/vivir-con-insuficiencia-cardiaca\/conducir\/#breadcrumb\"},\"inLanguage\":\"es\",\"potentialAction\":[{\"@type\":\"ReadAction\",\"target\":[\"https:\/\/www.heartfailurematters.org\/es\/vivir-con-insuficiencia-cardiaca\/conducir\/\"]}]},{\"@type\":\"BreadcrumbList\",\"@id\":\"https:\/\/www.heartfailurematters.org\/es\/vivir-con-insuficiencia-cardiaca\/conducir\/#breadcrumb\",\"itemListElement\":[{\"@type\":\"ListItem\",\"position\":1,\"name\":\"Inicio\",\"item\":\"https:\/\/www.heartfailurematters.org\/es\/\"},{\"@type\":\"ListItem\",\"position\":2,\"name\":\"Vivir con insuficiencia card\u00edaca\",\"item\":\"https:\/\/www.heartfailurematters.org\/es\/vivir-con-insuficiencia-cardiaca\/\"},{\"@type\":\"ListItem\",\"position\":3,\"name\":\"Conducir\"}]},{\"@type\":\"WebSite\",\"@id\":\"https:\/\/www.heartfailurematters.org\/es\/#website\",\"url\":\"https:\/\/www.heartfailurematters.org\/es\/\",\"name\":\"Heart Failure Matters\",\"description\":\"Practical information for patients, families and caregivers.\",\"publisher\":{\"@id\":\"https:\/\/www.heartfailurematters.org\/es\/#organization\"},\"potentialAction\":[{\"@type\":\"SearchAction\",\"target\":{\"@type\":\"EntryPoint\",\"urlTemplate\":\"https:\/\/www.heartfailurematters.org\/es\/?s={search_term_string}\"},\"query-input\":{\"@type\":\"PropertyValueSpecification\",\"valueRequired\":true,\"valueName\":\"search_term_string\"}}],\"inLanguage\":\"es\"},{\"@type\":\"Organization\",\"@id\":\"https:\/\/www.heartfailurematters.org\/es\/#organization\",\"name\":\"Heart Failure Matters\",\"url\":\"https:\/\/www.heartfailurematters.org\/es\/\",\"logo\":{\"@type\":\"ImageObject\",\"inLanguage\":\"es\",\"@id\":\"https:\/\/www.heartfailurematters.org\/es\/#\/schema\/logo\/image\/\",\"url\":\"https:\/\/cdn-endpoint-hfm.azureedge.net\/heartfailurematters\/2024\/07\/hfm-logo1.jpg\",\"contentUrl\":\"https:\/\/cdn-endpoint-hfm.azureedge.net\/heartfailurematters\/2024\/07\/hfm-logo1.jpg\",\"width\":1280,\"height\":720,\"caption\":\"Heart Failure Matters\"},\"image\":{\"@id\":\"https:\/\/www.heartfailurematters.org\/es\/#\/schema\/logo\/image\/\"},\"sameAs\":[\"https:\/\/www.facebook.com\/heartfailurematters\"]}]}<\/script>\n<!-- \/ Yoast SEO plugin. -->","yoast_head_json":{"title":"Conducir - Heart Failure Matters","description":"Si padece una insuficiencia card\u00edaca puede que se pregunte si puede conducir. En general, la mayor\u00eda de los pacientes pueden conducir; sin embargo, hay excepciones.","robots":{"index":"index","follow":"follow","max-snippet":"max-snippet:-1","max-image-preview":"max-image-preview:large","max-video-preview":"max-video-preview:-1"},"canonical":"https:\/\/www.heartfailurematters.org\/es\/vivir-con-insuficiencia-cardiaca\/conducir\/","og_locale":"es_ES","og_type":"article","og_title":"Conducir - Heart Failure Matters","og_description":"Si padece una insuficiencia card\u00edaca puede que se pregunte si puede conducir. En general, la mayor\u00eda de los pacientes pueden conducir; sin embargo, hay excepciones.","og_url":"https:\/\/www.heartfailurematters.org\/es\/vivir-con-insuficiencia-cardiaca\/conducir\/","og_site_name":"Heart Failure Matters","article_publisher":"https:\/\/www.facebook.com\/heartfailurematters","article_modified_time":"2021-08-12T10:02:09+00:00","twitter_card":"summary_large_image","twitter_misc":{"Tiempo de lectura":"1 minuto"},"schema":{"@context":"https:\/\/schema.org","@graph":[{"@type":"WebPage","@id":"https:\/\/www.heartfailurematters.org\/es\/vivir-con-insuficiencia-cardiaca\/conducir\/","url":"https:\/\/www.heartfailurematters.org\/es\/vivir-con-insuficiencia-cardiaca\/conducir\/","name":"Conducir - Heart Failure Matters","isPartOf":{"@id":"https:\/\/www.heartfailurematters.org\/es\/#website"},"datePublished":"2021-01-27T22:08:52+00:00","dateModified":"2021-08-12T10:02:09+00:00","description":"Si padece una insuficiencia card\u00edaca puede que se pregunte si puede conducir. En general, la mayor\u00eda de los pacientes pueden conducir; sin embargo, hay excepciones.","breadcrumb":{"@id":"https:\/\/www.heartfailurematters.org\/es\/vivir-con-insuficiencia-cardiaca\/conducir\/#breadcrumb"},"inLanguage":"es","potentialAction":[{"@type":"ReadAction","target":["https:\/\/www.heartfailurematters.org\/es\/vivir-con-insuficiencia-cardiaca\/conducir\/"]}]},{"@type":"BreadcrumbList","@id":"https:\/\/www.heartfailurematters.org\/es\/vivir-con-insuficiencia-cardiaca\/conducir\/#breadcrumb","itemListElement":[{"@type":"ListItem","position":1,"name":"Inicio","item":"https:\/\/www.heartfailurematters.org\/es\/"},{"@type":"ListItem","position":2,"name":"Vivir con insuficiencia card\u00edaca","item":"https:\/\/www.heartfailurematters.org\/es\/vivir-con-insuficiencia-cardiaca\/"},{"@type":"ListItem","position":3,"name":"Conducir"}]},{"@type":"WebSite","@id":"https:\/\/www.heartfailurematters.org\/es\/#website","url":"https:\/\/www.heartfailurematters.org\/es\/","name":"Heart Failure Matters","description":"Practical information for patients, families and caregivers.","publisher":{"@id":"https:\/\/www.heartfailurematters.org\/es\/#organization"},"potentialAction":[{"@type":"SearchAction","target":{"@type":"EntryPoint","urlTemplate":"https:\/\/www.heartfailurematters.org\/es\/?s={search_term_string}"},"query-input":{"@type":"PropertyValueSpecification","valueRequired":true,"valueName":"search_term_string"}}],"inLanguage":"es"},{"@type":"Organization","@id":"https:\/\/www.heartfailurematters.org\/es\/#organization","name":"Heart Failure Matters","url":"https:\/\/www.heartfailurematters.org\/es\/","logo":{"@type":"ImageObject","inLanguage":"es","@id":"https:\/\/www.heartfailurematters.org\/es\/#\/schema\/logo\/image\/","url":"https:\/\/cdn-endpoint-hfm.azureedge.net\/heartfailurematters\/2024\/07\/hfm-logo1.jpg","contentUrl":"https:\/\/cdn-endpoint-hfm.azureedge.net\/heartfailurematters\/2024\/07\/hfm-logo1.jpg","width":1280,"height":720,"caption":"Heart Failure Matters"},"image":{"@id":"https:\/\/www.heartfailurematters.org\/es\/#\/schema\/logo\/image\/"},"sameAs":["https:\/\/www.facebook.com\/heartfailurematters"]}]}},"_links":{"self":[{"href":"https:\/\/www.heartfailurematters.org\/es\/wp-json\/wp\/v2\/pages\/2220","targetHints":{"allow":["GET"]}}],"collection":[{"href":"https:\/\/www.heartfailurematters.org\/es\/wp-json\/wp\/v2\/pages"}],"about":[{"href":"https:\/\/www.heartfailurematters.org\/es\/wp-json\/wp\/v2\/types\/page"}],"author":[{"embeddable":true,"href":"https:\/\/www.heartfailurematters.org\/es\/wp-json\/wp\/v2\/users\/1"}],"replies":[{"embeddable":true,"href":"https:\/\/www.heartfailurematters.org\/es\/wp-json\/wp\/v2\/comments?post=2220"}],"version-history":[{"count":1,"href":"https:\/\/www.heartfailurematters.org\/es\/wp-json\/wp\/v2\/pages\/2220\/revisions"}],"predecessor-version":[{"id":9800,"href":"https:\/\/www.heartfailurematters.org\/es\/wp-json\/wp\/v2\/pages\/2220\/revisions\/9800"}],"up":[{"embeddable":true,"href":"https:\/\/www.heartfailurematters.org\/es\/wp-json\/wp\/v2\/pages\/2817"}],"wp:attachment":[{"href":"https:\/\/www.heartfailurematters.org\/es\/wp-json\/wp\/v2\/media?parent=2220"}],"wp:term":[{"taxonomy":"category","embeddable":true,"href":"https:\/\/www.heartfailurematters.org\/es\/wp-json\/wp\/v2\/categories?post=2220"},{"taxonomy":"post_tag","embeddable":true,"href":"https:\/\/www.heartfailurematters.org\/es\/wp-json\/wp\/v2\/tags?post=2220"}],"curies":[{"name":"wp","href":"https:\/\/api.w.org\/{rel}","templated":true}]}}