{"id":2218,"date":"2021-01-27T22:08:45","date_gmt":"2021-01-27T22:08:45","guid":{"rendered":"http:\/\/heartfailurematters.local:8888\/el-virus-covid-19-y-la-insuficiencia-cardiaca-informacion-y-consejos-practicos\/"},"modified":"2026-01-16T14:18:57","modified_gmt":"2026-01-16T14:18:57","slug":"el-virus-covid-19-y-la-insuficiencia-cardiaca-informacion-y-consejos-practicos","status":"publish","type":"page","link":"https:\/\/www.heartfailurematters.org\/es\/el-virus-covid-19-y-la-insuficiencia-cardiaca-informacion-y-consejos-practicos\/","title":{"rendered":"El virus causante de la COVID-19 y la insuficiencia card\u00edaca: informaci\u00f3n y consejos pr\u00e1cticos"},"content":{"rendered":"<blockquote><p>Recomendamos encarecidamente a todos los pacientes con insuficiencia card\u00edaca que se vacunen.<br \/>\n<a href=\"https:\/\/www.escardio.org\/Education\/COVID-19-and-Cardiology\/covid-19-and-vaccinations\" target=\"_blank\" rel=\"noopener\">Haga clic aqu\u00ed<\/a> para obtener m\u00e1s informaci\u00f3n.<\/p><\/blockquote>\n<h2>Qu\u00e9 deben saber los pacientes con insuficiencia card\u00edaca sobre la COVID\u201319<\/h2>\n<p>La COVID-19 es una enfermedad causada por un nuevo coronavirus. Contiene material gen\u00e9tico que puede infectar c\u00e9lulas humanas, que luego se multiplicar\u00e1n y producir\u00e1n m\u00e1s virus. La pandemia de la COVID-19 es una emergencia de salud p\u00fablica que evoluciona a un ritmo vertiginoso. Comenz\u00f3 a finales de diciembre de 2019 en la ciudad de Wuhan, provincia de Hubei (China), y, desde entonces, se ha extendido r\u00e1pidamente a pa\u00edses y regiones de todo el mundo.<\/p>\n<p>El contagio entre seres humanos se produce a trav\u00e9s de la tos y los estornudos. Las got\u00edculas respiratorias, las cuales contienen el virus, pueden infectar a las personas al entrar en contacto con la boca, la nariz o los ojos. El virus tambi\u00e9n puede contaminar las superficies inertes y sobrevivir en ellas varios d\u00edas o incluso m\u00e1s tiempo. Al menos el 80&nbsp;% de los pacientes infectados experimenta s\u00edntomas leves y se recupera sin necesidad de cuidados m\u00e9dicos intensivos.<\/p>\n<p>Las se\u00f1ales de la COVID-19 incluyen s\u00edntomas similares a los de la gripe, como fiebre, aparici\u00f3n de tos o tos persistente, fatiga, dolor de cabeza y dolor de garganta. El virus puede provocar neumon\u00eda en algunos pacientes, dificultad respiratoria progresiva y, en los casos m\u00e1s graves, puede llegar a ser mortal. Sin embargo, la tasa de letalidad global por COVID-19, seg\u00fan los primeros informes publicados, sigue siendo baja, aproximadamente del 2&nbsp;%.<\/p>\n<h2>\u00bfQu\u00e9 implicaciones tiene la COVID-19 para los pacientes con insuficiencia card\u00edaca?<\/h2>\n<p>Las complicaciones graves y la necesidad de hospitalizaci\u00f3n aumentan significativamente con la edad. Las personas mayores de 70 a\u00f1os corren un riesgo especialmente alto, puesto que muchas de ellas ya padecen tambi\u00e9n insuficiencia card\u00edaca y otros problemas de salud preexistentes.<\/p>\n<p>Los pacientes con enfermedades respiratorias cr\u00f3nicas, enfermedades cardiovasculares cr\u00f3nicas como la insuficiencia card\u00edaca, diabetes, hipertensi\u00f3n, c\u00e1ncer, enfermedades autoinmunitarias, o aquellos que toman medicamentos inmunosupresores despu\u00e9s de un trasplante, son m\u00e1s vulnerables a sufrir las peores consecuencias del virus. Los pacientes con insuficiencia card\u00edaca pueden padecer una o m\u00e1s de estas enfermedades y, por lo tanto, corren un mayor riesgo de hospitalizaci\u00f3n y de sufrir complicaciones graves.<\/p>\n<h3>Descargue los consejos en formato PDF <a href=\"\/wp-content\/uploads\/2021\/02\/HFM-COVID-19.pdf\" target=\"_blank\" rel=\"noopener\">haciendo clic aqu\u00ed<\/a><\/h3>\n<h4>Para obtener m\u00e1s informaci\u00f3n sobre la COVID-19 y sus implicaciones en pacientes con problemas card\u00edacos, visite <a href=\"https:\/\/www.escardio.org\/Education\/COVID-19-and-Cardiology\">la p\u00e1gina web de la Sociedad Europea de Cardiolog\u00eda.<\/a><\/h4>\n","protected":false},"excerpt":{"rendered":"<p>Recomendamos encarecidamente a todos los pacientes con insuficiencia card\u00edaca que se vacunen. Haga clic aqu\u00ed para obtener m\u00e1s informaci\u00f3n. Qu\u00e9 deben saber los pacientes con insuficiencia card\u00edaca sobre la COVID\u201319 La COVID-19 es una enfermedad causada por un nuevo coronavirus. Contiene material gen\u00e9tico que puede infectar c\u00e9lulas humanas, que luego se multiplicar\u00e1n y producir\u00e1n m\u00e1s [&hellip;]<\/p>\n","protected":false},"author":1,"featured_media":0,"parent":0,"menu_order":0,"comment_status":"open","ping_status":"open","template":"","meta":{"_acf_changed":false,"footnotes":""},"categories":[],"tags":[],"class_list":["post-2218","page","type-page","status-publish","hentry"],"acf":[],"yoast_head":"<!-- This site is optimized with the Yoast SEO plugin v24.8.1 - https:\/\/yoast.com\/wordpress\/plugins\/seo\/ -->\n<title>La COVID-19 (enfermedad por causada por coronavirus SARS-CoV-2 de 2019) e insuficiencia card\u00edaca: informaci\u00f3n y consejos.<\/title>\n<meta name=\"description\" content=\"Conozca qu\u00e9 deben saber los pacientes con insuficiencia card\u00edaca sobre la COVID-19 y las recomendaciones para mantenerse saludables durante la pandemia.\" \/>\n<meta name=\"robots\" content=\"index, follow, max-snippet:-1, max-image-preview:large, max-video-preview:-1\" \/>\n<link rel=\"canonical\" href=\"https:\/\/www.heartfailurematters.org\/es\/el-virus-covid-19-y-la-insuficiencia-cardiaca-informacion-y-consejos-practicos\/\" \/>\n<meta property=\"og:locale\" content=\"es_ES\" \/>\n<meta property=\"og:type\" content=\"article\" \/>\n<meta property=\"og:title\" content=\"La COVID-19 (enfermedad por causada por coronavirus SARS-CoV-2 de 2019) e insuficiencia card\u00edaca: informaci\u00f3n y consejos.\" \/>\n<meta property=\"og:description\" content=\"Conozca qu\u00e9 deben saber los pacientes con insuficiencia card\u00edaca sobre la COVID-19 y las recomendaciones para mantenerse saludables durante la pandemia.\" \/>\n<meta property=\"og:url\" content=\"https:\/\/www.heartfailurematters.org\/es\/el-virus-covid-19-y-la-insuficiencia-cardiaca-informacion-y-consejos-practicos\/\" \/>\n<meta property=\"og:site_name\" content=\"Heart Failure Matters\" \/>\n<meta property=\"article:publisher\" content=\"https:\/\/www.facebook.com\/heartfailurematters\" \/>\n<meta property=\"article:modified_time\" content=\"2026-01-16T14:18:57+00:00\" \/>\n<meta name=\"twitter:card\" content=\"summary_large_image\" \/>\n<meta name=\"twitter:label1\" content=\"Tiempo de lectura\" \/>\n\t<meta name=\"twitter:data1\" content=\"7 minutos\" \/>\n<script type=\"application\/ld+json\" class=\"yoast-schema-graph\">{\"@context\":\"https:\/\/schema.org\",\"@graph\":[{\"@type\":\"WebPage\",\"@id\":\"https:\/\/www.heartfailurematters.org\/es\/el-virus-covid-19-y-la-insuficiencia-cardiaca-informacion-y-consejos-practicos\/\",\"url\":\"https:\/\/www.heartfailurematters.org\/es\/el-virus-covid-19-y-la-insuficiencia-cardiaca-informacion-y-consejos-practicos\/\",\"name\":\"La COVID-19 (enfermedad por causada por coronavirus SARS-CoV-2 de 2019) e insuficiencia card\u00edaca: informaci\u00f3n y consejos.\",\"isPartOf\":{\"@id\":\"https:\/\/www.heartfailurematters.org\/es\/#website\"},\"datePublished\":\"2021-01-27T22:08:45+00:00\",\"dateModified\":\"2026-01-16T14:18:57+00:00\",\"description\":\"Conozca qu\u00e9 deben saber los pacientes con insuficiencia card\u00edaca sobre la COVID-19 y las recomendaciones para mantenerse saludables durante la pandemia.\",\"breadcrumb\":{\"@id\":\"https:\/\/www.heartfailurematters.org\/es\/el-virus-covid-19-y-la-insuficiencia-cardiaca-informacion-y-consejos-practicos\/#breadcrumb\"},\"inLanguage\":\"es\",\"potentialAction\":[{\"@type\":\"ReadAction\",\"target\":[\"https:\/\/www.heartfailurematters.org\/es\/el-virus-covid-19-y-la-insuficiencia-cardiaca-informacion-y-consejos-practicos\/\"]}]},{\"@type\":\"BreadcrumbList\",\"@id\":\"https:\/\/www.heartfailurematters.org\/es\/el-virus-covid-19-y-la-insuficiencia-cardiaca-informacion-y-consejos-practicos\/#breadcrumb\",\"itemListElement\":[{\"@type\":\"ListItem\",\"position\":1,\"name\":\"Inicio\",\"item\":\"https:\/\/www.heartfailurematters.org\/es\/\"},{\"@type\":\"ListItem\",\"position\":2,\"name\":\"El virus causante de la COVID-19 y la insuficiencia card\u00edaca: informaci\u00f3n y consejos pr\u00e1cticos\"}]},{\"@type\":\"WebSite\",\"@id\":\"https:\/\/www.heartfailurematters.org\/es\/#website\",\"url\":\"https:\/\/www.heartfailurematters.org\/es\/\",\"name\":\"Heart Failure Matters\",\"description\":\"Practical information for patients, families and caregivers.\",\"publisher\":{\"@id\":\"https:\/\/www.heartfailurematters.org\/es\/#organization\"},\"potentialAction\":[{\"@type\":\"SearchAction\",\"target\":{\"@type\":\"EntryPoint\",\"urlTemplate\":\"https:\/\/www.heartfailurematters.org\/es\/?s={search_term_string}\"},\"query-input\":{\"@type\":\"PropertyValueSpecification\",\"valueRequired\":true,\"valueName\":\"search_term_string\"}}],\"inLanguage\":\"es\"},{\"@type\":\"Organization\",\"@id\":\"https:\/\/www.heartfailurematters.org\/es\/#organization\",\"name\":\"Heart Failure Matters\",\"url\":\"https:\/\/www.heartfailurematters.org\/es\/\",\"logo\":{\"@type\":\"ImageObject\",\"inLanguage\":\"es\",\"@id\":\"https:\/\/www.heartfailurematters.org\/es\/#\/schema\/logo\/image\/\",\"url\":\"https:\/\/cdn-endpoint-hfm.azureedge.net\/heartfailurematters\/2024\/07\/hfm-logo1.jpg\",\"contentUrl\":\"https:\/\/cdn-endpoint-hfm.azureedge.net\/heartfailurematters\/2024\/07\/hfm-logo1.jpg\",\"width\":1280,\"height\":720,\"caption\":\"Heart Failure Matters\"},\"image\":{\"@id\":\"https:\/\/www.heartfailurematters.org\/es\/#\/schema\/logo\/image\/\"},\"sameAs\":[\"https:\/\/www.facebook.com\/heartfailurematters\"]}]}<\/script>\n<!-- \/ Yoast SEO plugin. -->","yoast_head_json":{"title":"La COVID-19 (enfermedad por causada por coronavirus SARS-CoV-2 de 2019) e insuficiencia card\u00edaca: informaci\u00f3n y consejos.","description":"Conozca qu\u00e9 deben saber los pacientes con insuficiencia card\u00edaca sobre la COVID-19 y las recomendaciones para mantenerse saludables durante la pandemia.","robots":{"index":"index","follow":"follow","max-snippet":"max-snippet:-1","max-image-preview":"max-image-preview:large","max-video-preview":"max-video-preview:-1"},"canonical":"https:\/\/www.heartfailurematters.org\/es\/el-virus-covid-19-y-la-insuficiencia-cardiaca-informacion-y-consejos-practicos\/","og_locale":"es_ES","og_type":"article","og_title":"La COVID-19 (enfermedad por causada por coronavirus SARS-CoV-2 de 2019) e insuficiencia card\u00edaca: informaci\u00f3n y consejos.","og_description":"Conozca qu\u00e9 deben saber los pacientes con insuficiencia card\u00edaca sobre la COVID-19 y las recomendaciones para mantenerse saludables durante la pandemia.","og_url":"https:\/\/www.heartfailurematters.org\/es\/el-virus-covid-19-y-la-insuficiencia-cardiaca-informacion-y-consejos-practicos\/","og_site_name":"Heart Failure Matters","article_publisher":"https:\/\/www.facebook.com\/heartfailurematters","article_modified_time":"2026-01-16T14:18:57+00:00","twitter_card":"summary_large_image","twitter_misc":{"Tiempo de lectura":"7 minutos"},"schema":{"@context":"https:\/\/schema.org","@graph":[{"@type":"WebPage","@id":"https:\/\/www.heartfailurematters.org\/es\/el-virus-covid-19-y-la-insuficiencia-cardiaca-informacion-y-consejos-practicos\/","url":"https:\/\/www.heartfailurematters.org\/es\/el-virus-covid-19-y-la-insuficiencia-cardiaca-informacion-y-consejos-practicos\/","name":"La COVID-19 (enfermedad por causada por coronavirus SARS-CoV-2 de 2019) e insuficiencia card\u00edaca: informaci\u00f3n y consejos.","isPartOf":{"@id":"https:\/\/www.heartfailurematters.org\/es\/#website"},"datePublished":"2021-01-27T22:08:45+00:00","dateModified":"2026-01-16T14:18:57+00:00","description":"Conozca qu\u00e9 deben saber los pacientes con insuficiencia card\u00edaca sobre la COVID-19 y las recomendaciones para mantenerse saludables durante la pandemia.","breadcrumb":{"@id":"https:\/\/www.heartfailurematters.org\/es\/el-virus-covid-19-y-la-insuficiencia-cardiaca-informacion-y-consejos-practicos\/#breadcrumb"},"inLanguage":"es","potentialAction":[{"@type":"ReadAction","target":["https:\/\/www.heartfailurematters.org\/es\/el-virus-covid-19-y-la-insuficiencia-cardiaca-informacion-y-consejos-practicos\/"]}]},{"@type":"BreadcrumbList","@id":"https:\/\/www.heartfailurematters.org\/es\/el-virus-covid-19-y-la-insuficiencia-cardiaca-informacion-y-consejos-practicos\/#breadcrumb","itemListElement":[{"@type":"ListItem","position":1,"name":"Inicio","item":"https:\/\/www.heartfailurematters.org\/es\/"},{"@type":"ListItem","position":2,"name":"El virus causante de la COVID-19 y la insuficiencia card\u00edaca: informaci\u00f3n y consejos pr\u00e1cticos"}]},{"@type":"WebSite","@id":"https:\/\/www.heartfailurematters.org\/es\/#website","url":"https:\/\/www.heartfailurematters.org\/es\/","name":"Heart Failure Matters","description":"Practical information for patients, families and caregivers.","publisher":{"@id":"https:\/\/www.heartfailurematters.org\/es\/#organization"},"potentialAction":[{"@type":"SearchAction","target":{"@type":"EntryPoint","urlTemplate":"https:\/\/www.heartfailurematters.org\/es\/?s={search_term_string}"},"query-input":{"@type":"PropertyValueSpecification","valueRequired":true,"valueName":"search_term_string"}}],"inLanguage":"es"},{"@type":"Organization","@id":"https:\/\/www.heartfailurematters.org\/es\/#organization","name":"Heart Failure Matters","url":"https:\/\/www.heartfailurematters.org\/es\/","logo":{"@type":"ImageObject","inLanguage":"es","@id":"https:\/\/www.heartfailurematters.org\/es\/#\/schema\/logo\/image\/","url":"https:\/\/cdn-endpoint-hfm.azureedge.net\/heartfailurematters\/2024\/07\/hfm-logo1.jpg","contentUrl":"https:\/\/cdn-endpoint-hfm.azureedge.net\/heartfailurematters\/2024\/07\/hfm-logo1.jpg","width":1280,"height":720,"caption":"Heart Failure Matters"},"image":{"@id":"https:\/\/www.heartfailurematters.org\/es\/#\/schema\/logo\/image\/"},"sameAs":["https:\/\/www.facebook.com\/heartfailurematters"]}]}},"_links":{"self":[{"href":"https:\/\/www.heartfailurematters.org\/es\/wp-json\/wp\/v2\/pages\/2218","targetHints":{"allow":["GET"]}}],"collection":[{"href":"https:\/\/www.heartfailurematters.org\/es\/wp-json\/wp\/v2\/pages"}],"about":[{"href":"https:\/\/www.heartfailurematters.org\/es\/wp-json\/wp\/v2\/types\/page"}],"author":[{"embeddable":true,"href":"https:\/\/www.heartfailurematters.org\/es\/wp-json\/wp\/v2\/users\/1"}],"replies":[{"embeddable":true,"href":"https:\/\/www.heartfailurematters.org\/es\/wp-json\/wp\/v2\/comments?post=2218"}],"version-history":[{"count":4,"href":"https:\/\/www.heartfailurematters.org\/es\/wp-json\/wp\/v2\/pages\/2218\/revisions"}],"predecessor-version":[{"id":13800,"href":"https:\/\/www.heartfailurematters.org\/es\/wp-json\/wp\/v2\/pages\/2218\/revisions\/13800"}],"wp:attachment":[{"href":"https:\/\/www.heartfailurematters.org\/es\/wp-json\/wp\/v2\/media?parent=2218"}],"wp:term":[{"taxonomy":"category","embeddable":true,"href":"https:\/\/www.heartfailurematters.org\/es\/wp-json\/wp\/v2\/categories?post=2218"},{"taxonomy":"post_tag","embeddable":true,"href":"https:\/\/www.heartfailurematters.org\/es\/wp-json\/wp\/v2\/tags?post=2218"}],"curies":[{"name":"wp","href":"https:\/\/api.w.org\/{rel}","templated":true}]}}