{"id":2209,"date":"2021-01-27T22:08:45","date_gmt":"2021-01-27T22:08:45","guid":{"rendered":"http:\/\/heartfailurematters.local:8888\/viajar-en-avion\/"},"modified":"2021-02-07T11:23:58","modified_gmt":"2021-02-07T11:23:58","slug":"viajar-en-avion","status":"publish","type":"page","link":"https:\/\/www.heartfailurematters.org\/es\/vivir-con-insuficiencia-cardiaca\/viajar-en-avion\/","title":{"rendered":"Viajar en avi\u00f3n"},"content":{"rendered":"<p>Los viajes en avi\u00f3n no suelen ser un problema para las personas con insuficiencia card\u00edaca, aunque las concentraciones de ox\u00edgeno son algo m\u00e1s bajas, incluso en las cabinas comerciales presurizadas. Sin embargo, rara vez algunas personas necesitan suplementos de ox\u00edgeno durante el vuelo. En general, si su insuficiencia card\u00edaca est\u00e1 bien controlada y es estable, no debe tener dificultades con las ligeras reducciones de las concentraciones de ox\u00edgeno en un avi\u00f3n, siempre que sus s\u00edntomas no est\u00e9n descompensados antes del viaje. Si presenta s\u00edntomas nuevos o un empeoramiento de los existentes, como aumento de la disnea o incremento de peso reciente, comente los planes de viaje con el m\u00e9dico. El algunos casos excepcionales, el m\u00e9dico puede recomendarle suplementos de ox\u00edgeno durante el vuelo. En ese caso, p\u00f3ngase en contacto con la l\u00ednea a\u00e9rea en cuesti\u00f3n antes del viaje para conocer sus normas sobre tales suplementos y realizar los preparativos apropiados.<\/p>\n<p>Si tiene un dispositivo implantado\u00a0(<a class=\"addtooltip\" title=\"Peque\u00f1o dispositivo implantado debajo de la clav\u00edcula que vigila la frecuencia card\u00edaca y, cuando es necesario, estimula la contracci\u00f3n del m\u00fasculo card\u00edaco mediante impulsos el\u00e9ctricos.\"><strong>marcapasos<\/strong><\/a>, <a class=\"addtooltip\" title=\"Tipo de marcapasos que ayuda al coraz\u00f3n a mantener un ritmo normal y mejorar la coordinaci\u00f3n de la contracci\u00f3n de la cavidad de bombeo principal izquierda del coraz\u00f3n (ventr\u00edculo).\"><strong>TRC<\/strong><\/a>, <a class=\"addtooltip\" title=\"A small device that is fitted under the collarbone to monitor your heart beat and treat abnormal heart rhythms using electrical impulses.\"><strong>DAI<\/strong><\/a>), es probable que lo detecten las m\u00e1quinas de seguridad. Avise de antemano al personal de seguridad. Ni el control de seguridad ni el viaje en avi\u00f3n interfieren en el funcionamiento de su dispositivo. Los aparatos utilizan tecnolog\u00eda est\u00e1ndar y podr\u00e1 inspeccionar su funcionamiento en casi todos los lugares del mundo.<\/p>\n<p>Si permanece sentado durante mucho tiempo en un lugar con poco espacio, se le pueden hinchar los tobillos y a veces tener calambres musculares. Pueden ser \u00fatiles ejercicios regulares de estiramiento y movilidad, as\u00ed como andar por la cabina y mientras espera en los aeropuertos. Procure no tomar alcohol y beba suficiente agua. En algunos casos, el m\u00e9dico le recomendar\u00e1 que lleve medias el\u00e1sticas hasta la rodilla durante el vuelo para prevenir los co\u00e1gulos sangu\u00edneos (TVP).<\/p>\n<p><a title=\"\" href=\"https:\/\/www.heartfailurematters.org\/es\/vivir-con-insuficiencia-cardiaca\/viajes\/\">Volver\u00a0a Viajes<\/a><\/p>\n","protected":false},"excerpt":{"rendered":"<p>Los viajes en avi\u00f3n no suelen ser un problema para las personas con insuficiencia card\u00edaca, aunque las concentraciones de ox\u00edgeno son algo m\u00e1s bajas, incluso en las cabinas comerciales presurizadas. Sin embargo, rara vez algunas personas necesitan suplementos de ox\u00edgeno durante el vuelo. En general, si su insuficiencia card\u00edaca est\u00e1 bien controlada y es estable, [&hellip;]<\/p>\n","protected":false},"author":1,"featured_media":11103,"parent":2817,"menu_order":0,"comment_status":"open","ping_status":"open","template":"","meta":{"_acf_changed":false,"footnotes":""},"categories":[],"tags":[],"class_list":["post-2209","page","type-page","status-publish","has-post-thumbnail","hentry"],"acf":[],"yoast_head":"<!-- This site is optimized with the Yoast SEO plugin v24.8.1 - https:\/\/yoast.com\/wordpress\/plugins\/seo\/ -->\n<title>Viajar en avi\u00f3n - Heart Failure Matters<\/title>\n<meta name=\"description\" content=\"Normalmente, si su insuficiencia card\u00edaca est\u00e1 bien controlada y estabilizada, las reducciones moderadas de ox\u00edgeno de los aviones no deber\u00edan provocar ninguna dificultad, siempre y cuando los s\u00edntomas sean estables antes de viajar.\" \/>\n<meta name=\"robots\" content=\"index, follow, max-snippet:-1, max-image-preview:large, max-video-preview:-1\" \/>\n<link rel=\"canonical\" href=\"https:\/\/www.heartfailurematters.org\/es\/vivir-con-insuficiencia-cardiaca\/viajar-en-avion\/\" \/>\n<meta property=\"og:locale\" content=\"es_ES\" \/>\n<meta property=\"og:type\" content=\"article\" \/>\n<meta property=\"og:title\" content=\"Viajar en avi\u00f3n - Heart Failure Matters\" \/>\n<meta property=\"og:description\" content=\"Normalmente, si su insuficiencia card\u00edaca est\u00e1 bien controlada y estabilizada, las reducciones moderadas de ox\u00edgeno de los aviones no deber\u00edan provocar ninguna dificultad, siempre y cuando los s\u00edntomas sean estables antes de viajar.\" \/>\n<meta property=\"og:url\" content=\"https:\/\/www.heartfailurematters.org\/es\/vivir-con-insuficiencia-cardiaca\/viajar-en-avion\/\" \/>\n<meta property=\"og:site_name\" content=\"Heart Failure Matters\" \/>\n<meta property=\"article:publisher\" content=\"https:\/\/www.facebook.com\/heartfailurematters\" \/>\n<meta property=\"article:modified_time\" content=\"2021-02-07T11:23:58+00:00\" \/>\n<meta property=\"og:image\" content=\"https:\/\/www.heartfailurematters.org\/wp-content\/uploads\/2022\/03\/shutterstock_1936631263-1-min.jpg\" \/>\n\t<meta property=\"og:image:width\" content=\"900\" \/>\n\t<meta property=\"og:image:height\" content=\"604\" \/>\n\t<meta property=\"og:image:type\" content=\"image\/jpeg\" \/>\n<meta name=\"twitter:card\" content=\"summary_large_image\" \/>\n<meta name=\"twitter:label1\" content=\"Tiempo de lectura\" \/>\n\t<meta name=\"twitter:data1\" content=\"2 minutos\" \/>\n<script type=\"application\/ld+json\" class=\"yoast-schema-graph\">{\"@context\":\"https:\/\/schema.org\",\"@graph\":[{\"@type\":\"WebPage\",\"@id\":\"https:\/\/www.heartfailurematters.org\/es\/vivir-con-insuficiencia-cardiaca\/viajar-en-avion\/\",\"url\":\"https:\/\/www.heartfailurematters.org\/es\/vivir-con-insuficiencia-cardiaca\/viajar-en-avion\/\",\"name\":\"Viajar en avi\u00f3n - Heart Failure Matters\",\"isPartOf\":{\"@id\":\"https:\/\/www.heartfailurematters.org\/es\/#website\"},\"primaryImageOfPage\":{\"@id\":\"https:\/\/www.heartfailurematters.org\/es\/vivir-con-insuficiencia-cardiaca\/viajar-en-avion\/#primaryimage\"},\"image\":{\"@id\":\"https:\/\/www.heartfailurematters.org\/es\/vivir-con-insuficiencia-cardiaca\/viajar-en-avion\/#primaryimage\"},\"thumbnailUrl\":\"https:\/\/www.heartfailurematters.org\/wp-content\/uploads\/2022\/03\/shutterstock_1936631263-1-min.jpg\",\"datePublished\":\"2021-01-27T22:08:45+00:00\",\"dateModified\":\"2021-02-07T11:23:58+00:00\",\"description\":\"Normalmente, si su insuficiencia card\u00edaca est\u00e1 bien controlada y estabilizada, las reducciones moderadas de ox\u00edgeno de los aviones no deber\u00edan provocar ninguna dificultad, siempre y cuando los s\u00edntomas sean estables antes de viajar.\",\"breadcrumb\":{\"@id\":\"https:\/\/www.heartfailurematters.org\/es\/vivir-con-insuficiencia-cardiaca\/viajar-en-avion\/#breadcrumb\"},\"inLanguage\":\"es\",\"potentialAction\":[{\"@type\":\"ReadAction\",\"target\":[\"https:\/\/www.heartfailurematters.org\/es\/vivir-con-insuficiencia-cardiaca\/viajar-en-avion\/\"]}]},{\"@type\":\"ImageObject\",\"inLanguage\":\"es\",\"@id\":\"https:\/\/www.heartfailurematters.org\/es\/vivir-con-insuficiencia-cardiaca\/viajar-en-avion\/#primaryimage\",\"url\":\"https:\/\/www.heartfailurematters.org\/wp-content\/uploads\/2022\/03\/shutterstock_1936631263-1-min.jpg\",\"contentUrl\":\"https:\/\/www.heartfailurematters.org\/wp-content\/uploads\/2022\/03\/shutterstock_1936631263-1-min.jpg\",\"width\":900,\"height\":604},{\"@type\":\"BreadcrumbList\",\"@id\":\"https:\/\/www.heartfailurematters.org\/es\/vivir-con-insuficiencia-cardiaca\/viajar-en-avion\/#breadcrumb\",\"itemListElement\":[{\"@type\":\"ListItem\",\"position\":1,\"name\":\"Inicio\",\"item\":\"https:\/\/www.heartfailurematters.org\/es\/\"},{\"@type\":\"ListItem\",\"position\":2,\"name\":\"Vivir con insuficiencia card\u00edaca\",\"item\":\"https:\/\/www.heartfailurematters.org\/es\/vivir-con-insuficiencia-cardiaca\/\"},{\"@type\":\"ListItem\",\"position\":3,\"name\":\"Viajar en avi\u00f3n\"}]},{\"@type\":\"WebSite\",\"@id\":\"https:\/\/www.heartfailurematters.org\/es\/#website\",\"url\":\"https:\/\/www.heartfailurematters.org\/es\/\",\"name\":\"Heart Failure Matters\",\"description\":\"Practical information for patients, families and caregivers.\",\"publisher\":{\"@id\":\"https:\/\/www.heartfailurematters.org\/es\/#organization\"},\"potentialAction\":[{\"@type\":\"SearchAction\",\"target\":{\"@type\":\"EntryPoint\",\"urlTemplate\":\"https:\/\/www.heartfailurematters.org\/es\/?s={search_term_string}\"},\"query-input\":{\"@type\":\"PropertyValueSpecification\",\"valueRequired\":true,\"valueName\":\"search_term_string\"}}],\"inLanguage\":\"es\"},{\"@type\":\"Organization\",\"@id\":\"https:\/\/www.heartfailurematters.org\/es\/#organization\",\"name\":\"Heart Failure Matters\",\"url\":\"https:\/\/www.heartfailurematters.org\/es\/\",\"logo\":{\"@type\":\"ImageObject\",\"inLanguage\":\"es\",\"@id\":\"https:\/\/www.heartfailurematters.org\/es\/#\/schema\/logo\/image\/\",\"url\":\"https:\/\/cdn-endpoint-hfm.azureedge.net\/heartfailurematters\/2024\/07\/hfm-logo1.jpg\",\"contentUrl\":\"https:\/\/cdn-endpoint-hfm.azureedge.net\/heartfailurematters\/2024\/07\/hfm-logo1.jpg\",\"width\":1280,\"height\":720,\"caption\":\"Heart Failure Matters\"},\"image\":{\"@id\":\"https:\/\/www.heartfailurematters.org\/es\/#\/schema\/logo\/image\/\"},\"sameAs\":[\"https:\/\/www.facebook.com\/heartfailurematters\"]}]}<\/script>\n<!-- \/ Yoast SEO plugin. -->","yoast_head_json":{"title":"Viajar en avi\u00f3n - Heart Failure Matters","description":"Normalmente, si su insuficiencia card\u00edaca est\u00e1 bien controlada y estabilizada, las reducciones moderadas de ox\u00edgeno de los aviones no deber\u00edan provocar ninguna dificultad, siempre y cuando los s\u00edntomas sean estables antes de viajar.","robots":{"index":"index","follow":"follow","max-snippet":"max-snippet:-1","max-image-preview":"max-image-preview:large","max-video-preview":"max-video-preview:-1"},"canonical":"https:\/\/www.heartfailurematters.org\/es\/vivir-con-insuficiencia-cardiaca\/viajar-en-avion\/","og_locale":"es_ES","og_type":"article","og_title":"Viajar en avi\u00f3n - Heart Failure Matters","og_description":"Normalmente, si su insuficiencia card\u00edaca est\u00e1 bien controlada y estabilizada, las reducciones moderadas de ox\u00edgeno de los aviones no deber\u00edan provocar ninguna dificultad, siempre y cuando los s\u00edntomas sean estables antes de viajar.","og_url":"https:\/\/www.heartfailurematters.org\/es\/vivir-con-insuficiencia-cardiaca\/viajar-en-avion\/","og_site_name":"Heart Failure Matters","article_publisher":"https:\/\/www.facebook.com\/heartfailurematters","article_modified_time":"2021-02-07T11:23:58+00:00","og_image":[{"width":900,"height":604,"url":"https:\/\/www.heartfailurematters.org\/wp-content\/uploads\/2022\/03\/shutterstock_1936631263-1-min.jpg","type":"image\/jpeg"}],"twitter_card":"summary_large_image","twitter_misc":{"Tiempo de lectura":"2 minutos"},"schema":{"@context":"https:\/\/schema.org","@graph":[{"@type":"WebPage","@id":"https:\/\/www.heartfailurematters.org\/es\/vivir-con-insuficiencia-cardiaca\/viajar-en-avion\/","url":"https:\/\/www.heartfailurematters.org\/es\/vivir-con-insuficiencia-cardiaca\/viajar-en-avion\/","name":"Viajar en avi\u00f3n - Heart Failure Matters","isPartOf":{"@id":"https:\/\/www.heartfailurematters.org\/es\/#website"},"primaryImageOfPage":{"@id":"https:\/\/www.heartfailurematters.org\/es\/vivir-con-insuficiencia-cardiaca\/viajar-en-avion\/#primaryimage"},"image":{"@id":"https:\/\/www.heartfailurematters.org\/es\/vivir-con-insuficiencia-cardiaca\/viajar-en-avion\/#primaryimage"},"thumbnailUrl":"https:\/\/www.heartfailurematters.org\/wp-content\/uploads\/2022\/03\/shutterstock_1936631263-1-min.jpg","datePublished":"2021-01-27T22:08:45+00:00","dateModified":"2021-02-07T11:23:58+00:00","description":"Normalmente, si su insuficiencia card\u00edaca est\u00e1 bien controlada y estabilizada, las reducciones moderadas de ox\u00edgeno de los aviones no deber\u00edan provocar ninguna dificultad, siempre y cuando los s\u00edntomas sean estables antes de viajar.","breadcrumb":{"@id":"https:\/\/www.heartfailurematters.org\/es\/vivir-con-insuficiencia-cardiaca\/viajar-en-avion\/#breadcrumb"},"inLanguage":"es","potentialAction":[{"@type":"ReadAction","target":["https:\/\/www.heartfailurematters.org\/es\/vivir-con-insuficiencia-cardiaca\/viajar-en-avion\/"]}]},{"@type":"ImageObject","inLanguage":"es","@id":"https:\/\/www.heartfailurematters.org\/es\/vivir-con-insuficiencia-cardiaca\/viajar-en-avion\/#primaryimage","url":"https:\/\/www.heartfailurematters.org\/wp-content\/uploads\/2022\/03\/shutterstock_1936631263-1-min.jpg","contentUrl":"https:\/\/www.heartfailurematters.org\/wp-content\/uploads\/2022\/03\/shutterstock_1936631263-1-min.jpg","width":900,"height":604},{"@type":"BreadcrumbList","@id":"https:\/\/www.heartfailurematters.org\/es\/vivir-con-insuficiencia-cardiaca\/viajar-en-avion\/#breadcrumb","itemListElement":[{"@type":"ListItem","position":1,"name":"Inicio","item":"https:\/\/www.heartfailurematters.org\/es\/"},{"@type":"ListItem","position":2,"name":"Vivir con insuficiencia card\u00edaca","item":"https:\/\/www.heartfailurematters.org\/es\/vivir-con-insuficiencia-cardiaca\/"},{"@type":"ListItem","position":3,"name":"Viajar en avi\u00f3n"}]},{"@type":"WebSite","@id":"https:\/\/www.heartfailurematters.org\/es\/#website","url":"https:\/\/www.heartfailurematters.org\/es\/","name":"Heart Failure Matters","description":"Practical information for patients, families and caregivers.","publisher":{"@id":"https:\/\/www.heartfailurematters.org\/es\/#organization"},"potentialAction":[{"@type":"SearchAction","target":{"@type":"EntryPoint","urlTemplate":"https:\/\/www.heartfailurematters.org\/es\/?s={search_term_string}"},"query-input":{"@type":"PropertyValueSpecification","valueRequired":true,"valueName":"search_term_string"}}],"inLanguage":"es"},{"@type":"Organization","@id":"https:\/\/www.heartfailurematters.org\/es\/#organization","name":"Heart Failure Matters","url":"https:\/\/www.heartfailurematters.org\/es\/","logo":{"@type":"ImageObject","inLanguage":"es","@id":"https:\/\/www.heartfailurematters.org\/es\/#\/schema\/logo\/image\/","url":"https:\/\/cdn-endpoint-hfm.azureedge.net\/heartfailurematters\/2024\/07\/hfm-logo1.jpg","contentUrl":"https:\/\/cdn-endpoint-hfm.azureedge.net\/heartfailurematters\/2024\/07\/hfm-logo1.jpg","width":1280,"height":720,"caption":"Heart Failure Matters"},"image":{"@id":"https:\/\/www.heartfailurematters.org\/es\/#\/schema\/logo\/image\/"},"sameAs":["https:\/\/www.facebook.com\/heartfailurematters"]}]}},"_links":{"self":[{"href":"https:\/\/www.heartfailurematters.org\/es\/wp-json\/wp\/v2\/pages\/2209","targetHints":{"allow":["GET"]}}],"collection":[{"href":"https:\/\/www.heartfailurematters.org\/es\/wp-json\/wp\/v2\/pages"}],"about":[{"href":"https:\/\/www.heartfailurematters.org\/es\/wp-json\/wp\/v2\/types\/page"}],"author":[{"embeddable":true,"href":"https:\/\/www.heartfailurematters.org\/es\/wp-json\/wp\/v2\/users\/1"}],"replies":[{"embeddable":true,"href":"https:\/\/www.heartfailurematters.org\/es\/wp-json\/wp\/v2\/comments?post=2209"}],"version-history":[{"count":2,"href":"https:\/\/www.heartfailurematters.org\/es\/wp-json\/wp\/v2\/pages\/2209\/revisions"}],"predecessor-version":[{"id":4634,"href":"https:\/\/www.heartfailurematters.org\/es\/wp-json\/wp\/v2\/pages\/2209\/revisions\/4634"}],"up":[{"embeddable":true,"href":"https:\/\/www.heartfailurematters.org\/es\/wp-json\/wp\/v2\/pages\/2817"}],"wp:featuredmedia":[{"embeddable":true,"href":"https:\/\/www.heartfailurematters.org\/es\/wp-json\/wp\/v2\/media\/11103"}],"wp:attachment":[{"href":"https:\/\/www.heartfailurematters.org\/es\/wp-json\/wp\/v2\/media?parent=2209"}],"wp:term":[{"taxonomy":"category","embeddable":true,"href":"https:\/\/www.heartfailurematters.org\/es\/wp-json\/wp\/v2\/categories?post=2209"},{"taxonomy":"post_tag","embeddable":true,"href":"https:\/\/www.heartfailurematters.org\/es\/wp-json\/wp\/v2\/tags?post=2209"}],"curies":[{"name":"wp","href":"https:\/\/api.w.org\/{rel}","templated":true}]}}