{"id":2203,"date":"2021-01-27T22:08:45","date_gmt":"2021-01-27T22:08:45","guid":{"rendered":"http:\/\/heartfailurematters.local:8888\/tabaquismo\/"},"modified":"2022-01-25T16:12:46","modified_gmt":"2022-01-25T16:12:46","slug":"consumo-de-tabaco-cigarrillos-electronicos","status":"publish","type":"page","link":"https:\/\/www.heartfailurematters.org\/es\/lo-que-puede-hacer-usted\/consumo-de-tabaco-cigarrillos-electronicos\/","title":{"rendered":"Consumo de tabaco\/cigarrillos electr\u00f3nicos"},"content":{"rendered":"<p>El mon\u00f3xido de carbono del humo del cigarrillo afecta la capacidad de transporte del ox\u00edgeno de la sangre. Por lo tanto, el coraz\u00f3n tiene que hacer un mayor esfuerzo para suministrar el ox\u00edgeno adecuado al cuerpo. Fumar tambi\u00e9n contribuye a que se creen dep\u00f3sitos de grasa en los vasos sangu\u00edneos, lo que provoca el estrechamiento de los vasos y el aumento de la presi\u00f3n arterial. Fumar hace que los vasos sangu\u00edneos del cuerpo, incluidos los del coraz\u00f3n, se constri\u00f1an (se estrechen). Esto empeorar\u00e1 los s\u00edntomas de la insuficiencia card\u00edaca. Nunca es demasiado tarde para dejar de fumar, y dejar de hacerlo ser\u00e1 beneficioso para el coraz\u00f3n.<\/p>\n<p>Existen varias maneras diferentes de dejar de fumar. No tenga miedo a pedir ayuda, ya que hay muchos grupos de apoyo y otros recursos disponibles para ayudarle. Es posible que no todos los consejos le sirvan, pero con un poco de persistencia encontrar\u00e1 la manera de dejar de fumar.<\/p>\n<p>He aqu\u00ed algunas formas habituales de dejar de fumar:<\/p>\n<ul>\n<li>Use los productos disponibles para ayudar con los s\u00edntomas de abstinencia, como parches de nicotina, chicles e inhaladores; consulte a su profesional m\u00e9dico o de enfermer\u00eda.<\/li>\n<li>En la actualidad tambi\u00e9n existen varios medicamentos nuevos de los que puede hablar con su m\u00e9dico.<\/li>\n<li>D\u00e9jelo gradualmente, reduciendo el n\u00famero de cigarrillos que consume al d\u00eda, de modo que solo fume cuando su cuerpo se lo pida, no por costumbre.<\/li>\n<li>Cep\u00edllese los dientes despu\u00e9s de las comidas en lugar de encender un cigarrillo; cambiar el sabor de boca a veces ayuda.<\/li>\n<li>Durante las primeras fases de su intento de dejar de fumar, evite los lugares en los que se permite fumar, como las zonas al aire libre de los pubs y bares. Si est\u00e1 permitido fumar en su lugar de trabajo, comente su decisi\u00f3n con sus compa\u00f1eros.<\/li>\n<li>Encuentre otra cosa que hacer con las manos o la boca, como jugar con un clip o mascar chicle.<\/li>\n<li>Sea m\u00e1s activo, el ejercicio aumenta la moral y le ayuda a relajarse.<\/li>\n<li>No vac\u00ede el cenicero, as\u00ed podr\u00e1 ver lo mucho que fuma y lo horrible que es el olor a colillas.<\/li>\n<li>Involucre a su familia, especialmente a los que fuman: esta puede ser la clave del \u00e9xito.<\/li>\n<\/ul>\n<p>Algunos pacientes consideran que los cigarrillos electr\u00f3nicos, tambi\u00e9n conocidos como vaporizadores, resultan \u00fatiles a la hora de intentar dejar de fumar. El consumo de cigarrillos electr\u00f3nicos no est\u00e1 totalmente exento de riesgos y existe cierta controversia con respecto a su seguridad. Sin embargo, los cigarrillos electr\u00f3nicos solo entra\u00f1an una peque\u00f1a fracci\u00f3n del riesgo asociado a los cigarrillos normales. Los pacientes con insuficiencia card\u00edaca que quieran probar los cigarrillos electr\u00f3nicos para dejar de fumar deben conversar sobre esta decisi\u00f3n con su m\u00e9dico de atenci\u00f3n primaria o su enfermero. Dejar de fumar mediante el consumo de cigarrillos electr\u00f3nicos resulta particularmente eficaz cuando se combina con el apoyo de un profesional m\u00e9dico.<\/p>\n<p>Puede que no note los beneficios para la salud de dejar de fumar de inmediato, pero con el tiempo se sentir\u00e1 m\u00e1s en forma y m\u00e1s sano en general. Es esencial que su pareja le apoye y entienda que es una parte importante de la adaptaci\u00f3n de su estilo de vida.<\/p>\n<p>Puede encontrar m\u00e1s informaci\u00f3n sobre c\u00f3mo dejar de fumar en los siguientes sitios web:<\/p>\n<ul>\n<li><a title=\"\" href=\"http:\/\/www.ash.org.uk\/\" target=\"_blank\" rel=\"noopener\">ASH<\/a><\/li>\n<\/ul>\n<p><a title=\"\" href=\"https:\/\/www.heartfailurematters.org\/what-you-can-do\/adapting-your-lifestyle\/\">Volver a adaptar su estilo de vida<\/a><\/p>\n","protected":false},"excerpt":{"rendered":"<p>El mon\u00f3xido de carbono del humo del cigarrillo afecta la capacidad de transporte del ox\u00edgeno de la sangre. Por lo tanto, el coraz\u00f3n tiene que hacer un mayor esfuerzo para suministrar el ox\u00edgeno adecuado al cuerpo. Fumar tambi\u00e9n contribuye a que se creen dep\u00f3sitos de grasa en los vasos sangu\u00edneos, lo que provoca el estrechamiento [&hellip;]<\/p>\n","protected":false},"author":1,"featured_media":11058,"parent":2720,"menu_order":0,"comment_status":"open","ping_status":"open","template":"","meta":{"_acf_changed":false,"footnotes":""},"categories":[],"tags":[],"class_list":["post-2203","page","type-page","status-publish","has-post-thumbnail","hentry"],"acf":[],"yoast_head":"<!-- This site is optimized with the Yoast SEO plugin v24.8.1 - https:\/\/yoast.com\/wordpress\/plugins\/seo\/ -->\n<title>Fumar e insuficiencia card\u00edaca<\/title>\n<meta name=\"description\" content=\"El mon\u00f3xido de carbono afecta al transporte del ox\u00edgeno de la sangre. Por lo tanto, el coraz\u00f3n tiene que esforzarse m\u00e1s para suministrar el ox\u00edgeno al cuerpo.\" \/>\n<meta name=\"robots\" content=\"index, follow, max-snippet:-1, max-image-preview:large, max-video-preview:-1\" \/>\n<link rel=\"canonical\" href=\"https:\/\/www.heartfailurematters.org\/es\/lo-que-puede-hacer-usted\/consumo-de-tabaco-cigarrillos-electronicos\/\" \/>\n<meta property=\"og:locale\" content=\"es_ES\" \/>\n<meta property=\"og:type\" content=\"article\" \/>\n<meta property=\"og:title\" content=\"Fumar e insuficiencia card\u00edaca\" \/>\n<meta property=\"og:description\" content=\"El mon\u00f3xido de carbono afecta al transporte del ox\u00edgeno de la sangre. Por lo tanto, el coraz\u00f3n tiene que esforzarse m\u00e1s para suministrar el ox\u00edgeno al cuerpo.\" \/>\n<meta property=\"og:url\" content=\"https:\/\/www.heartfailurematters.org\/es\/lo-que-puede-hacer-usted\/consumo-de-tabaco-cigarrillos-electronicos\/\" \/>\n<meta property=\"og:site_name\" content=\"Heart Failure Matters\" \/>\n<meta property=\"article:publisher\" content=\"https:\/\/www.facebook.com\/heartfailurematters\" \/>\n<meta property=\"article:modified_time\" content=\"2022-01-25T16:12:46+00:00\" \/>\n<meta property=\"og:image\" content=\"https:\/\/www.heartfailurematters.org\/wp-content\/uploads\/2022\/03\/shutterstock_1476923477-1-min.jpg\" \/>\n\t<meta property=\"og:image:width\" content=\"900\" \/>\n\t<meta property=\"og:image:height\" content=\"601\" \/>\n\t<meta property=\"og:image:type\" content=\"image\/jpeg\" \/>\n<meta name=\"twitter:card\" content=\"summary_large_image\" \/>\n<meta name=\"twitter:label1\" content=\"Tiempo de lectura\" \/>\n\t<meta name=\"twitter:data1\" content=\"3 minutos\" \/>\n<script type=\"application\/ld+json\" class=\"yoast-schema-graph\">{\"@context\":\"https:\/\/schema.org\",\"@graph\":[{\"@type\":\"WebPage\",\"@id\":\"https:\/\/www.heartfailurematters.org\/es\/lo-que-puede-hacer-usted\/consumo-de-tabaco-cigarrillos-electronicos\/\",\"url\":\"https:\/\/www.heartfailurematters.org\/es\/lo-que-puede-hacer-usted\/consumo-de-tabaco-cigarrillos-electronicos\/\",\"name\":\"Fumar e insuficiencia card\u00edaca\",\"isPartOf\":{\"@id\":\"https:\/\/www.heartfailurematters.org\/es\/#website\"},\"primaryImageOfPage\":{\"@id\":\"https:\/\/www.heartfailurematters.org\/es\/lo-que-puede-hacer-usted\/consumo-de-tabaco-cigarrillos-electronicos\/#primaryimage\"},\"image\":{\"@id\":\"https:\/\/www.heartfailurematters.org\/es\/lo-que-puede-hacer-usted\/consumo-de-tabaco-cigarrillos-electronicos\/#primaryimage\"},\"thumbnailUrl\":\"https:\/\/www.heartfailurematters.org\/wp-content\/uploads\/2022\/03\/shutterstock_1476923477-1-min.jpg\",\"datePublished\":\"2021-01-27T22:08:45+00:00\",\"dateModified\":\"2022-01-25T16:12:46+00:00\",\"description\":\"El mon\u00f3xido de carbono afecta al transporte del ox\u00edgeno de la sangre. Por lo tanto, el coraz\u00f3n tiene que esforzarse m\u00e1s para suministrar el ox\u00edgeno al cuerpo.\",\"breadcrumb\":{\"@id\":\"https:\/\/www.heartfailurematters.org\/es\/lo-que-puede-hacer-usted\/consumo-de-tabaco-cigarrillos-electronicos\/#breadcrumb\"},\"inLanguage\":\"es\",\"potentialAction\":[{\"@type\":\"ReadAction\",\"target\":[\"https:\/\/www.heartfailurematters.org\/es\/lo-que-puede-hacer-usted\/consumo-de-tabaco-cigarrillos-electronicos\/\"]}]},{\"@type\":\"ImageObject\",\"inLanguage\":\"es\",\"@id\":\"https:\/\/www.heartfailurematters.org\/es\/lo-que-puede-hacer-usted\/consumo-de-tabaco-cigarrillos-electronicos\/#primaryimage\",\"url\":\"https:\/\/www.heartfailurematters.org\/wp-content\/uploads\/2022\/03\/shutterstock_1476923477-1-min.jpg\",\"contentUrl\":\"https:\/\/www.heartfailurematters.org\/wp-content\/uploads\/2022\/03\/shutterstock_1476923477-1-min.jpg\",\"width\":900,\"height\":601},{\"@type\":\"BreadcrumbList\",\"@id\":\"https:\/\/www.heartfailurematters.org\/es\/lo-que-puede-hacer-usted\/consumo-de-tabaco-cigarrillos-electronicos\/#breadcrumb\",\"itemListElement\":[{\"@type\":\"ListItem\",\"position\":1,\"name\":\"Inicio\",\"item\":\"https:\/\/www.heartfailurematters.org\/es\/\"},{\"@type\":\"ListItem\",\"position\":2,\"name\":\"\u00bfQu\u00e9 puede hacer usted?\",\"item\":\"https:\/\/www.heartfailurematters.org\/es\/lo-que-puede-hacer-usted\/\"},{\"@type\":\"ListItem\",\"position\":3,\"name\":\"Consumo de tabaco\/cigarrillos electr\u00f3nicos\"}]},{\"@type\":\"WebSite\",\"@id\":\"https:\/\/www.heartfailurematters.org\/es\/#website\",\"url\":\"https:\/\/www.heartfailurematters.org\/es\/\",\"name\":\"Heart Failure Matters\",\"description\":\"Practical information for patients, families and caregivers.\",\"publisher\":{\"@id\":\"https:\/\/www.heartfailurematters.org\/es\/#organization\"},\"potentialAction\":[{\"@type\":\"SearchAction\",\"target\":{\"@type\":\"EntryPoint\",\"urlTemplate\":\"https:\/\/www.heartfailurematters.org\/es\/?s={search_term_string}\"},\"query-input\":{\"@type\":\"PropertyValueSpecification\",\"valueRequired\":true,\"valueName\":\"search_term_string\"}}],\"inLanguage\":\"es\"},{\"@type\":\"Organization\",\"@id\":\"https:\/\/www.heartfailurematters.org\/es\/#organization\",\"name\":\"Heart Failure Matters\",\"url\":\"https:\/\/www.heartfailurematters.org\/es\/\",\"logo\":{\"@type\":\"ImageObject\",\"inLanguage\":\"es\",\"@id\":\"https:\/\/www.heartfailurematters.org\/es\/#\/schema\/logo\/image\/\",\"url\":\"https:\/\/cdn-endpoint-hfm.azureedge.net\/heartfailurematters\/2024\/07\/hfm-logo1.jpg\",\"contentUrl\":\"https:\/\/cdn-endpoint-hfm.azureedge.net\/heartfailurematters\/2024\/07\/hfm-logo1.jpg\",\"width\":1280,\"height\":720,\"caption\":\"Heart Failure Matters\"},\"image\":{\"@id\":\"https:\/\/www.heartfailurematters.org\/es\/#\/schema\/logo\/image\/\"},\"sameAs\":[\"https:\/\/www.facebook.com\/heartfailurematters\"]}]}<\/script>\n<!-- \/ Yoast SEO plugin. -->","yoast_head_json":{"title":"Fumar e insuficiencia card\u00edaca","description":"El mon\u00f3xido de carbono afecta al transporte del ox\u00edgeno de la sangre. Por lo tanto, el coraz\u00f3n tiene que esforzarse m\u00e1s para suministrar el ox\u00edgeno al cuerpo.","robots":{"index":"index","follow":"follow","max-snippet":"max-snippet:-1","max-image-preview":"max-image-preview:large","max-video-preview":"max-video-preview:-1"},"canonical":"https:\/\/www.heartfailurematters.org\/es\/lo-que-puede-hacer-usted\/consumo-de-tabaco-cigarrillos-electronicos\/","og_locale":"es_ES","og_type":"article","og_title":"Fumar e insuficiencia card\u00edaca","og_description":"El mon\u00f3xido de carbono afecta al transporte del ox\u00edgeno de la sangre. Por lo tanto, el coraz\u00f3n tiene que esforzarse m\u00e1s para suministrar el ox\u00edgeno al cuerpo.","og_url":"https:\/\/www.heartfailurematters.org\/es\/lo-que-puede-hacer-usted\/consumo-de-tabaco-cigarrillos-electronicos\/","og_site_name":"Heart Failure Matters","article_publisher":"https:\/\/www.facebook.com\/heartfailurematters","article_modified_time":"2022-01-25T16:12:46+00:00","og_image":[{"width":900,"height":601,"url":"https:\/\/www.heartfailurematters.org\/wp-content\/uploads\/2022\/03\/shutterstock_1476923477-1-min.jpg","type":"image\/jpeg"}],"twitter_card":"summary_large_image","twitter_misc":{"Tiempo de lectura":"3 minutos"},"schema":{"@context":"https:\/\/schema.org","@graph":[{"@type":"WebPage","@id":"https:\/\/www.heartfailurematters.org\/es\/lo-que-puede-hacer-usted\/consumo-de-tabaco-cigarrillos-electronicos\/","url":"https:\/\/www.heartfailurematters.org\/es\/lo-que-puede-hacer-usted\/consumo-de-tabaco-cigarrillos-electronicos\/","name":"Fumar e insuficiencia card\u00edaca","isPartOf":{"@id":"https:\/\/www.heartfailurematters.org\/es\/#website"},"primaryImageOfPage":{"@id":"https:\/\/www.heartfailurematters.org\/es\/lo-que-puede-hacer-usted\/consumo-de-tabaco-cigarrillos-electronicos\/#primaryimage"},"image":{"@id":"https:\/\/www.heartfailurematters.org\/es\/lo-que-puede-hacer-usted\/consumo-de-tabaco-cigarrillos-electronicos\/#primaryimage"},"thumbnailUrl":"https:\/\/www.heartfailurematters.org\/wp-content\/uploads\/2022\/03\/shutterstock_1476923477-1-min.jpg","datePublished":"2021-01-27T22:08:45+00:00","dateModified":"2022-01-25T16:12:46+00:00","description":"El mon\u00f3xido de carbono afecta al transporte del ox\u00edgeno de la sangre. Por lo tanto, el coraz\u00f3n tiene que esforzarse m\u00e1s para suministrar el ox\u00edgeno al cuerpo.","breadcrumb":{"@id":"https:\/\/www.heartfailurematters.org\/es\/lo-que-puede-hacer-usted\/consumo-de-tabaco-cigarrillos-electronicos\/#breadcrumb"},"inLanguage":"es","potentialAction":[{"@type":"ReadAction","target":["https:\/\/www.heartfailurematters.org\/es\/lo-que-puede-hacer-usted\/consumo-de-tabaco-cigarrillos-electronicos\/"]}]},{"@type":"ImageObject","inLanguage":"es","@id":"https:\/\/www.heartfailurematters.org\/es\/lo-que-puede-hacer-usted\/consumo-de-tabaco-cigarrillos-electronicos\/#primaryimage","url":"https:\/\/www.heartfailurematters.org\/wp-content\/uploads\/2022\/03\/shutterstock_1476923477-1-min.jpg","contentUrl":"https:\/\/www.heartfailurematters.org\/wp-content\/uploads\/2022\/03\/shutterstock_1476923477-1-min.jpg","width":900,"height":601},{"@type":"BreadcrumbList","@id":"https:\/\/www.heartfailurematters.org\/es\/lo-que-puede-hacer-usted\/consumo-de-tabaco-cigarrillos-electronicos\/#breadcrumb","itemListElement":[{"@type":"ListItem","position":1,"name":"Inicio","item":"https:\/\/www.heartfailurematters.org\/es\/"},{"@type":"ListItem","position":2,"name":"\u00bfQu\u00e9 puede hacer usted?","item":"https:\/\/www.heartfailurematters.org\/es\/lo-que-puede-hacer-usted\/"},{"@type":"ListItem","position":3,"name":"Consumo de tabaco\/cigarrillos electr\u00f3nicos"}]},{"@type":"WebSite","@id":"https:\/\/www.heartfailurematters.org\/es\/#website","url":"https:\/\/www.heartfailurematters.org\/es\/","name":"Heart Failure Matters","description":"Practical information for patients, families and caregivers.","publisher":{"@id":"https:\/\/www.heartfailurematters.org\/es\/#organization"},"potentialAction":[{"@type":"SearchAction","target":{"@type":"EntryPoint","urlTemplate":"https:\/\/www.heartfailurematters.org\/es\/?s={search_term_string}"},"query-input":{"@type":"PropertyValueSpecification","valueRequired":true,"valueName":"search_term_string"}}],"inLanguage":"es"},{"@type":"Organization","@id":"https:\/\/www.heartfailurematters.org\/es\/#organization","name":"Heart Failure Matters","url":"https:\/\/www.heartfailurematters.org\/es\/","logo":{"@type":"ImageObject","inLanguage":"es","@id":"https:\/\/www.heartfailurematters.org\/es\/#\/schema\/logo\/image\/","url":"https:\/\/cdn-endpoint-hfm.azureedge.net\/heartfailurematters\/2024\/07\/hfm-logo1.jpg","contentUrl":"https:\/\/cdn-endpoint-hfm.azureedge.net\/heartfailurematters\/2024\/07\/hfm-logo1.jpg","width":1280,"height":720,"caption":"Heart Failure Matters"},"image":{"@id":"https:\/\/www.heartfailurematters.org\/es\/#\/schema\/logo\/image\/"},"sameAs":["https:\/\/www.facebook.com\/heartfailurematters"]}]}},"_links":{"self":[{"href":"https:\/\/www.heartfailurematters.org\/es\/wp-json\/wp\/v2\/pages\/2203","targetHints":{"allow":["GET"]}}],"collection":[{"href":"https:\/\/www.heartfailurematters.org\/es\/wp-json\/wp\/v2\/pages"}],"about":[{"href":"https:\/\/www.heartfailurematters.org\/es\/wp-json\/wp\/v2\/types\/page"}],"author":[{"embeddable":true,"href":"https:\/\/www.heartfailurematters.org\/es\/wp-json\/wp\/v2\/users\/1"}],"replies":[{"embeddable":true,"href":"https:\/\/www.heartfailurematters.org\/es\/wp-json\/wp\/v2\/comments?post=2203"}],"version-history":[{"count":3,"href":"https:\/\/www.heartfailurematters.org\/es\/wp-json\/wp\/v2\/pages\/2203\/revisions"}],"predecessor-version":[{"id":9052,"href":"https:\/\/www.heartfailurematters.org\/es\/wp-json\/wp\/v2\/pages\/2203\/revisions\/9052"}],"up":[{"embeddable":true,"href":"https:\/\/www.heartfailurematters.org\/es\/wp-json\/wp\/v2\/pages\/2720"}],"wp:featuredmedia":[{"embeddable":true,"href":"https:\/\/www.heartfailurematters.org\/es\/wp-json\/wp\/v2\/media\/11058"}],"wp:attachment":[{"href":"https:\/\/www.heartfailurematters.org\/es\/wp-json\/wp\/v2\/media?parent=2203"}],"wp:term":[{"taxonomy":"category","embeddable":true,"href":"https:\/\/www.heartfailurematters.org\/es\/wp-json\/wp\/v2\/categories?post=2203"},{"taxonomy":"post_tag","embeddable":true,"href":"https:\/\/www.heartfailurematters.org\/es\/wp-json\/wp\/v2\/tags?post=2203"}],"curies":[{"name":"wp","href":"https:\/\/api.w.org\/{rel}","templated":true}]}}