{"id":2202,"date":"2021-01-27T22:08:45","date_gmt":"2021-01-27T22:08:45","guid":{"rendered":"http:\/\/heartfailurematters.local:8888\/hinchazon-o-dolor-en-el-abdomen\/"},"modified":"2026-01-16T14:32:43","modified_gmt":"2026-01-16T14:32:43","slug":"hinchazon-o-dolor-en-el-abdomen","status":"publish","type":"page","link":"https:\/\/www.heartfailurematters.org\/es\/signos-de-alarma\/hinchazon-o-dolor-en-el-abdomen\/","title":{"rendered":"Hinchaz\u00f3n o dolor en el abdomen"},"content":{"rendered":"<p>La hinchaz\u00f3n o el dolor en la parte superior del abdomen (zona del est\u00f3mago) pueden deberse a la acumulaci\u00f3n de l\u00edquido (<a class=\"addtooltip\" title=\"Exceso de l\u00edquido en alg\u00fan lugar del organismo.\"><strong>congesti\u00f3n<\/strong><\/a>) en el cuerpo, que suele ser un s\u00edntoma de empeoramiento de la insuficiencia card\u00edaca. Las molestias se deben a la retenci\u00f3n de l\u00edquidos y la congesti\u00f3n en el h\u00edgado y el intestino. Algunas personas que presentan hinchaz\u00f3n en el abdomen notan que la ropa les queda m\u00e1s ajustada. Debe comentar esta situaci\u00f3n con su m\u00e9dico o enfermero. Es posible que deba ajustar su medicaci\u00f3n <a class=\"addtooltip\" title=\"Clase de medicamentos que act\u00faa en los ri\u00f1ones para producir m\u00e1s orina, lo que reduce la retenci\u00f3n de l\u00edquido y la congesti\u00f3n.\"><strong>diur\u00e9tica<\/strong><\/a>, especialmente si ha notado un aumento de peso. Puede que sea necesario prestar especial atenci\u00f3n a la cantidad de <a href=\"https:\/\/www.heartfailurematters.org\/what-you-can-do\/adjusting-your-diet-fluids\/\">l\u00edquidos<\/a> que bebe o a la cantidad de sal que consume.<\/p>\n<p>Si su m\u00e9dico o enfermero le ha explicado c\u00f3mo ajustar su medicaci\u00f3n diur\u00e9tica, debe hacerlo si nota hinchaz\u00f3n en el abdomen, especialmente si ha notado un aumento de peso. De lo contrario, llame a su m\u00e9dico o enfermero para que le ayuden.<\/p>\n","protected":false},"excerpt":{"rendered":"<p>La hinchaz\u00f3n o el dolor en la parte superior del abdomen (zona del est\u00f3mago) pueden deberse a la acumulaci\u00f3n de l\u00edquido (congesti\u00f3n) en el cuerpo, que suele ser un s\u00edntoma de empeoramiento de la insuficiencia card\u00edaca. Las molestias se deben a la retenci\u00f3n de l\u00edquidos y la congesti\u00f3n en el h\u00edgado y el intestino. Algunas [&hellip;]<\/p>\n","protected":false},"author":1,"featured_media":11115,"parent":2869,"menu_order":9,"comment_status":"open","ping_status":"closed","template":"","meta":{"_acf_changed":false,"footnotes":""},"categories":[132],"tags":[],"class_list":["post-2202","page","type-page","status-publish","has-post-thumbnail","hentry","category-warning-signs-es"],"acf":[],"yoast_head":"<!-- This site is optimized with the Yoast SEO plugin v24.8.1 - https:\/\/yoast.com\/wordpress\/plugins\/seo\/ -->\n<title>Hinchaz\u00f3n o dolor en el abdomen<\/title>\n<meta name=\"description\" content=\"\u00bfSiente hinchaz\u00f3n o dolor en la parte superior del abdomen? Averig\u00fce cu\u00e1l podr\u00eda ser la causa y qu\u00e9 hacer al respecto (en algunos casos, podr\u00eda ser un signo de empeoramiento de la insuficiencia card\u00edaca).\" \/>\n<meta name=\"robots\" content=\"index, follow, max-snippet:-1, max-image-preview:large, max-video-preview:-1\" \/>\n<link rel=\"canonical\" href=\"https:\/\/www.heartfailurematters.org\/es\/signos-de-alarma\/hinchazon-o-dolor-en-el-abdomen\/\" \/>\n<meta property=\"og:locale\" content=\"es_ES\" \/>\n<meta property=\"og:type\" content=\"article\" \/>\n<meta property=\"og:title\" content=\"Hinchaz\u00f3n o dolor en el abdomen\" \/>\n<meta property=\"og:description\" content=\"\u00bfSiente hinchaz\u00f3n o dolor en la parte superior del abdomen? Averig\u00fce cu\u00e1l podr\u00eda ser la causa y qu\u00e9 hacer al respecto (en algunos casos, podr\u00eda ser un signo de empeoramiento de la insuficiencia card\u00edaca).\" \/>\n<meta property=\"og:url\" content=\"https:\/\/www.heartfailurematters.org\/es\/signos-de-alarma\/hinchazon-o-dolor-en-el-abdomen\/\" \/>\n<meta property=\"og:site_name\" content=\"Heart Failure Matters\" \/>\n<meta property=\"article:publisher\" content=\"https:\/\/www.facebook.com\/heartfailurematters\" \/>\n<meta property=\"article:modified_time\" content=\"2026-01-16T14:32:43+00:00\" \/>\n<meta property=\"og:image\" content=\"https:\/\/www.heartfailurematters.org\/wp-content\/uploads\/2022\/03\/shutterstock_1850834386-1-min.jpg\" \/>\n\t<meta property=\"og:image:width\" content=\"900\" \/>\n\t<meta property=\"og:image:height\" content=\"600\" \/>\n\t<meta property=\"og:image:type\" content=\"image\/jpeg\" \/>\n<meta name=\"twitter:card\" content=\"summary_large_image\" \/>\n<meta name=\"twitter:label1\" content=\"Tiempo de lectura\" \/>\n\t<meta name=\"twitter:data1\" content=\"1 minuto\" \/>\n<script type=\"application\/ld+json\" class=\"yoast-schema-graph\">{\"@context\":\"https:\/\/schema.org\",\"@graph\":[{\"@type\":\"WebPage\",\"@id\":\"https:\/\/www.heartfailurematters.org\/es\/signos-de-alarma\/hinchazon-o-dolor-en-el-abdomen\/\",\"url\":\"https:\/\/www.heartfailurematters.org\/es\/signos-de-alarma\/hinchazon-o-dolor-en-el-abdomen\/\",\"name\":\"Hinchaz\u00f3n o dolor en el abdomen\",\"isPartOf\":{\"@id\":\"https:\/\/www.heartfailurematters.org\/es\/#website\"},\"primaryImageOfPage\":{\"@id\":\"https:\/\/www.heartfailurematters.org\/es\/signos-de-alarma\/hinchazon-o-dolor-en-el-abdomen\/#primaryimage\"},\"image\":{\"@id\":\"https:\/\/www.heartfailurematters.org\/es\/signos-de-alarma\/hinchazon-o-dolor-en-el-abdomen\/#primaryimage\"},\"thumbnailUrl\":\"https:\/\/www.heartfailurematters.org\/wp-content\/uploads\/2022\/03\/shutterstock_1850834386-1-min.jpg\",\"datePublished\":\"2021-01-27T22:08:45+00:00\",\"dateModified\":\"2026-01-16T14:32:43+00:00\",\"description\":\"\u00bfSiente hinchaz\u00f3n o dolor en la parte superior del abdomen? Averig\u00fce cu\u00e1l podr\u00eda ser la causa y qu\u00e9 hacer al respecto (en algunos casos, podr\u00eda ser un signo de empeoramiento de la insuficiencia card\u00edaca).\",\"breadcrumb\":{\"@id\":\"https:\/\/www.heartfailurematters.org\/es\/signos-de-alarma\/hinchazon-o-dolor-en-el-abdomen\/#breadcrumb\"},\"inLanguage\":\"es\",\"potentialAction\":[{\"@type\":\"ReadAction\",\"target\":[\"https:\/\/www.heartfailurematters.org\/es\/signos-de-alarma\/hinchazon-o-dolor-en-el-abdomen\/\"]}]},{\"@type\":\"ImageObject\",\"inLanguage\":\"es\",\"@id\":\"https:\/\/www.heartfailurematters.org\/es\/signos-de-alarma\/hinchazon-o-dolor-en-el-abdomen\/#primaryimage\",\"url\":\"https:\/\/www.heartfailurematters.org\/wp-content\/uploads\/2022\/03\/shutterstock_1850834386-1-min.jpg\",\"contentUrl\":\"https:\/\/www.heartfailurematters.org\/wp-content\/uploads\/2022\/03\/shutterstock_1850834386-1-min.jpg\",\"width\":900,\"height\":600},{\"@type\":\"BreadcrumbList\",\"@id\":\"https:\/\/www.heartfailurematters.org\/es\/signos-de-alarma\/hinchazon-o-dolor-en-el-abdomen\/#breadcrumb\",\"itemListElement\":[{\"@type\":\"ListItem\",\"position\":1,\"name\":\"Inicio\",\"item\":\"https:\/\/www.heartfailurematters.org\/es\/\"},{\"@type\":\"ListItem\",\"position\":2,\"name\":\"Signos de alarma\",\"item\":\"https:\/\/www.heartfailurematters.org\/es\/signos-de-alarma\/\"},{\"@type\":\"ListItem\",\"position\":3,\"name\":\"Hinchaz\u00f3n o dolor en el abdomen\"}]},{\"@type\":\"WebSite\",\"@id\":\"https:\/\/www.heartfailurematters.org\/es\/#website\",\"url\":\"https:\/\/www.heartfailurematters.org\/es\/\",\"name\":\"Heart Failure Matters\",\"description\":\"Practical information for patients, families and caregivers.\",\"publisher\":{\"@id\":\"https:\/\/www.heartfailurematters.org\/es\/#organization\"},\"potentialAction\":[{\"@type\":\"SearchAction\",\"target\":{\"@type\":\"EntryPoint\",\"urlTemplate\":\"https:\/\/www.heartfailurematters.org\/es\/?s={search_term_string}\"},\"query-input\":{\"@type\":\"PropertyValueSpecification\",\"valueRequired\":true,\"valueName\":\"search_term_string\"}}],\"inLanguage\":\"es\"},{\"@type\":\"Organization\",\"@id\":\"https:\/\/www.heartfailurematters.org\/es\/#organization\",\"name\":\"Heart Failure Matters\",\"url\":\"https:\/\/www.heartfailurematters.org\/es\/\",\"logo\":{\"@type\":\"ImageObject\",\"inLanguage\":\"es\",\"@id\":\"https:\/\/www.heartfailurematters.org\/es\/#\/schema\/logo\/image\/\",\"url\":\"https:\/\/cdn-endpoint-hfm.azureedge.net\/heartfailurematters\/2024\/07\/hfm-logo1.jpg\",\"contentUrl\":\"https:\/\/cdn-endpoint-hfm.azureedge.net\/heartfailurematters\/2024\/07\/hfm-logo1.jpg\",\"width\":1280,\"height\":720,\"caption\":\"Heart Failure Matters\"},\"image\":{\"@id\":\"https:\/\/www.heartfailurematters.org\/es\/#\/schema\/logo\/image\/\"},\"sameAs\":[\"https:\/\/www.facebook.com\/heartfailurematters\"]}]}<\/script>\n<!-- \/ Yoast SEO plugin. -->","yoast_head_json":{"title":"Hinchaz\u00f3n o dolor en el abdomen","description":"\u00bfSiente hinchaz\u00f3n o dolor en la parte superior del abdomen? Averig\u00fce cu\u00e1l podr\u00eda ser la causa y qu\u00e9 hacer al respecto (en algunos casos, podr\u00eda ser un signo de empeoramiento de la insuficiencia card\u00edaca).","robots":{"index":"index","follow":"follow","max-snippet":"max-snippet:-1","max-image-preview":"max-image-preview:large","max-video-preview":"max-video-preview:-1"},"canonical":"https:\/\/www.heartfailurematters.org\/es\/signos-de-alarma\/hinchazon-o-dolor-en-el-abdomen\/","og_locale":"es_ES","og_type":"article","og_title":"Hinchaz\u00f3n o dolor en el abdomen","og_description":"\u00bfSiente hinchaz\u00f3n o dolor en la parte superior del abdomen? Averig\u00fce cu\u00e1l podr\u00eda ser la causa y qu\u00e9 hacer al respecto (en algunos casos, podr\u00eda ser un signo de empeoramiento de la insuficiencia card\u00edaca).","og_url":"https:\/\/www.heartfailurematters.org\/es\/signos-de-alarma\/hinchazon-o-dolor-en-el-abdomen\/","og_site_name":"Heart Failure Matters","article_publisher":"https:\/\/www.facebook.com\/heartfailurematters","article_modified_time":"2026-01-16T14:32:43+00:00","og_image":[{"width":900,"height":600,"url":"https:\/\/www.heartfailurematters.org\/wp-content\/uploads\/2022\/03\/shutterstock_1850834386-1-min.jpg","type":"image\/jpeg"}],"twitter_card":"summary_large_image","twitter_misc":{"Tiempo de lectura":"1 minuto"},"schema":{"@context":"https:\/\/schema.org","@graph":[{"@type":"WebPage","@id":"https:\/\/www.heartfailurematters.org\/es\/signos-de-alarma\/hinchazon-o-dolor-en-el-abdomen\/","url":"https:\/\/www.heartfailurematters.org\/es\/signos-de-alarma\/hinchazon-o-dolor-en-el-abdomen\/","name":"Hinchaz\u00f3n o dolor en el abdomen","isPartOf":{"@id":"https:\/\/www.heartfailurematters.org\/es\/#website"},"primaryImageOfPage":{"@id":"https:\/\/www.heartfailurematters.org\/es\/signos-de-alarma\/hinchazon-o-dolor-en-el-abdomen\/#primaryimage"},"image":{"@id":"https:\/\/www.heartfailurematters.org\/es\/signos-de-alarma\/hinchazon-o-dolor-en-el-abdomen\/#primaryimage"},"thumbnailUrl":"https:\/\/www.heartfailurematters.org\/wp-content\/uploads\/2022\/03\/shutterstock_1850834386-1-min.jpg","datePublished":"2021-01-27T22:08:45+00:00","dateModified":"2026-01-16T14:32:43+00:00","description":"\u00bfSiente hinchaz\u00f3n o dolor en la parte superior del abdomen? Averig\u00fce cu\u00e1l podr\u00eda ser la causa y qu\u00e9 hacer al respecto (en algunos casos, podr\u00eda ser un signo de empeoramiento de la insuficiencia card\u00edaca).","breadcrumb":{"@id":"https:\/\/www.heartfailurematters.org\/es\/signos-de-alarma\/hinchazon-o-dolor-en-el-abdomen\/#breadcrumb"},"inLanguage":"es","potentialAction":[{"@type":"ReadAction","target":["https:\/\/www.heartfailurematters.org\/es\/signos-de-alarma\/hinchazon-o-dolor-en-el-abdomen\/"]}]},{"@type":"ImageObject","inLanguage":"es","@id":"https:\/\/www.heartfailurematters.org\/es\/signos-de-alarma\/hinchazon-o-dolor-en-el-abdomen\/#primaryimage","url":"https:\/\/www.heartfailurematters.org\/wp-content\/uploads\/2022\/03\/shutterstock_1850834386-1-min.jpg","contentUrl":"https:\/\/www.heartfailurematters.org\/wp-content\/uploads\/2022\/03\/shutterstock_1850834386-1-min.jpg","width":900,"height":600},{"@type":"BreadcrumbList","@id":"https:\/\/www.heartfailurematters.org\/es\/signos-de-alarma\/hinchazon-o-dolor-en-el-abdomen\/#breadcrumb","itemListElement":[{"@type":"ListItem","position":1,"name":"Inicio","item":"https:\/\/www.heartfailurematters.org\/es\/"},{"@type":"ListItem","position":2,"name":"Signos de alarma","item":"https:\/\/www.heartfailurematters.org\/es\/signos-de-alarma\/"},{"@type":"ListItem","position":3,"name":"Hinchaz\u00f3n o dolor en el abdomen"}]},{"@type":"WebSite","@id":"https:\/\/www.heartfailurematters.org\/es\/#website","url":"https:\/\/www.heartfailurematters.org\/es\/","name":"Heart Failure Matters","description":"Practical information for patients, families and caregivers.","publisher":{"@id":"https:\/\/www.heartfailurematters.org\/es\/#organization"},"potentialAction":[{"@type":"SearchAction","target":{"@type":"EntryPoint","urlTemplate":"https:\/\/www.heartfailurematters.org\/es\/?s={search_term_string}"},"query-input":{"@type":"PropertyValueSpecification","valueRequired":true,"valueName":"search_term_string"}}],"inLanguage":"es"},{"@type":"Organization","@id":"https:\/\/www.heartfailurematters.org\/es\/#organization","name":"Heart Failure Matters","url":"https:\/\/www.heartfailurematters.org\/es\/","logo":{"@type":"ImageObject","inLanguage":"es","@id":"https:\/\/www.heartfailurematters.org\/es\/#\/schema\/logo\/image\/","url":"https:\/\/cdn-endpoint-hfm.azureedge.net\/heartfailurematters\/2024\/07\/hfm-logo1.jpg","contentUrl":"https:\/\/cdn-endpoint-hfm.azureedge.net\/heartfailurematters\/2024\/07\/hfm-logo1.jpg","width":1280,"height":720,"caption":"Heart Failure Matters"},"image":{"@id":"https:\/\/www.heartfailurematters.org\/es\/#\/schema\/logo\/image\/"},"sameAs":["https:\/\/www.facebook.com\/heartfailurematters"]}]}},"_links":{"self":[{"href":"https:\/\/www.heartfailurematters.org\/es\/wp-json\/wp\/v2\/pages\/2202","targetHints":{"allow":["GET"]}}],"collection":[{"href":"https:\/\/www.heartfailurematters.org\/es\/wp-json\/wp\/v2\/pages"}],"about":[{"href":"https:\/\/www.heartfailurematters.org\/es\/wp-json\/wp\/v2\/types\/page"}],"author":[{"embeddable":true,"href":"https:\/\/www.heartfailurematters.org\/es\/wp-json\/wp\/v2\/users\/1"}],"replies":[{"embeddable":true,"href":"https:\/\/www.heartfailurematters.org\/es\/wp-json\/wp\/v2\/comments?post=2202"}],"version-history":[{"count":3,"href":"https:\/\/www.heartfailurematters.org\/es\/wp-json\/wp\/v2\/pages\/2202\/revisions"}],"predecessor-version":[{"id":13822,"href":"https:\/\/www.heartfailurematters.org\/es\/wp-json\/wp\/v2\/pages\/2202\/revisions\/13822"}],"up":[{"embeddable":true,"href":"https:\/\/www.heartfailurematters.org\/es\/wp-json\/wp\/v2\/pages\/2869"}],"wp:featuredmedia":[{"embeddable":true,"href":"https:\/\/www.heartfailurematters.org\/es\/wp-json\/wp\/v2\/media\/11115"}],"wp:attachment":[{"href":"https:\/\/www.heartfailurematters.org\/es\/wp-json\/wp\/v2\/media?parent=2202"}],"wp:term":[{"taxonomy":"category","embeddable":true,"href":"https:\/\/www.heartfailurematters.org\/es\/wp-json\/wp\/v2\/categories?post=2202"},{"taxonomy":"post_tag","embeddable":true,"href":"https:\/\/www.heartfailurematters.org\/es\/wp-json\/wp\/v2\/tags?post=2202"}],"curies":[{"name":"wp","href":"https:\/\/api.w.org\/{rel}","templated":true}]}}