{"id":2192,"date":"2021-01-27T22:08:39","date_gmt":"2021-01-27T22:08:39","guid":{"rendered":"http:\/\/heartfailurematters.local:8888\/manejo-de-los-medicamentos\/"},"modified":"2022-01-27T12:32:15","modified_gmt":"2022-01-27T12:32:15","slug":"manejo-de-los-medicamentos","status":"publish","type":"page","link":"https:\/\/www.heartfailurematters.org\/es\/para-cuidadores\/manejo-de-los-medicamentos\/","title":{"rendered":"Manejo de los medicamentos"},"content":{"rendered":"<p>Es muy probable que su pareja o familiar est\u00e9 tomando diferentes medicamentos para controlar la insuficiencia card\u00edaca. Es importante que los tome exactamente como se los haya prescrito su m\u00e9dico.<\/p>\n<p>Usted puede ayudar a su pareja o pariente a llevar el control de los medicamentos que toma. Las pautas complicadas se pueden simplificar estableciendo un calendario y siguiendo una rutina. Por ejemplo, se puede utilizar un sistema de comprobaci\u00f3n con una <a href=\"\/wp-content\/uploads\/2021\/02\/Registro_de_medicinas.pdf\" target=\"_blank\" rel=\"noopener\">ficha de medicamentos<\/a> o se pueden emplear <a href=\"https:\/\/www.heartfailurematters.org\/es\/lo-que-pueden-hacer-su-medico-o-enfermero\/la-importancia-de-tomar-sus-medicamentos\/\">pastilleros o un sistema de alarma programado<\/a> para saber cu\u00e1ndo su pareja o familiar tiene que tomar los medicamentos.<\/p>\n<p><a href=\"https:\/\/www.heartfailurematters.org\/es\/para-cuidadores\/cosas-sencillas-que-puede-hacer-para-ayudar\/\">Volver a Cosas sencillas que puede hacer para ayudar<\/a><\/p>\n","protected":false},"excerpt":{"rendered":"<p>Es muy probable que su pareja o familiar est\u00e9 tomando diferentes medicamentos para controlar la insuficiencia card\u00edaca. Es importante que los tome exactamente como se los haya prescrito su m\u00e9dico. Usted puede ayudar a su pareja o pariente a llevar el control de los medicamentos que toma. Las pautas complicadas se pueden simplificar estableciendo un [&hellip;]<\/p>\n","protected":false},"author":1,"featured_media":10873,"parent":2846,"menu_order":0,"comment_status":"open","ping_status":"open","template":"","meta":{"_acf_changed":false,"footnotes":""},"categories":[],"tags":[],"class_list":["post-2192","page","type-page","status-publish","has-post-thumbnail","hentry"],"acf":[],"yoast_head":"<!-- This site is optimized with the Yoast SEO plugin v24.8.1 - https:\/\/yoast.com\/wordpress\/plugins\/seo\/ -->\n<title>Manejo de los medicamentos - Heart Failure Matters<\/title>\n<meta name=\"description\" content=\"Ayude a su pareja o familiar a realizar un seguimiento de los medicamentos tomados, ya que es muy probable que est\u00e9 tomando varios.\" \/>\n<meta name=\"robots\" content=\"index, follow, max-snippet:-1, max-image-preview:large, max-video-preview:-1\" \/>\n<link rel=\"canonical\" href=\"https:\/\/www.heartfailurematters.org\/es\/para-cuidadores\/manejo-de-los-medicamentos\/\" \/>\n<meta property=\"og:locale\" content=\"es_ES\" \/>\n<meta property=\"og:type\" content=\"article\" \/>\n<meta property=\"og:title\" content=\"Manejo de los medicamentos - Heart Failure Matters\" \/>\n<meta property=\"og:description\" content=\"Ayude a su pareja o familiar a realizar un seguimiento de los medicamentos tomados, ya que es muy probable que est\u00e9 tomando varios.\" \/>\n<meta property=\"og:url\" content=\"https:\/\/www.heartfailurematters.org\/es\/para-cuidadores\/manejo-de-los-medicamentos\/\" \/>\n<meta property=\"og:site_name\" content=\"Heart Failure Matters\" \/>\n<meta property=\"article:publisher\" content=\"https:\/\/www.facebook.com\/heartfailurematters\" \/>\n<meta property=\"article:modified_time\" content=\"2022-01-27T12:32:15+00:00\" \/>\n<meta property=\"og:image\" content=\"https:\/\/www.heartfailurematters.org\/wp-content\/uploads\/2022\/03\/shutterstock_441673426-1-min.jpg\" \/>\n\t<meta property=\"og:image:width\" content=\"900\" \/>\n\t<meta property=\"og:image:height\" content=\"596\" \/>\n\t<meta property=\"og:image:type\" content=\"image\/jpeg\" \/>\n<meta name=\"twitter:card\" content=\"summary_large_image\" \/>\n<meta name=\"twitter:label1\" content=\"Tiempo de lectura\" \/>\n\t<meta name=\"twitter:data1\" content=\"1 minuto\" \/>\n<script type=\"application\/ld+json\" class=\"yoast-schema-graph\">{\"@context\":\"https:\/\/schema.org\",\"@graph\":[{\"@type\":\"WebPage\",\"@id\":\"https:\/\/www.heartfailurematters.org\/es\/para-cuidadores\/manejo-de-los-medicamentos\/\",\"url\":\"https:\/\/www.heartfailurematters.org\/es\/para-cuidadores\/manejo-de-los-medicamentos\/\",\"name\":\"Manejo de los medicamentos - Heart Failure Matters\",\"isPartOf\":{\"@id\":\"https:\/\/www.heartfailurematters.org\/es\/#website\"},\"primaryImageOfPage\":{\"@id\":\"https:\/\/www.heartfailurematters.org\/es\/para-cuidadores\/manejo-de-los-medicamentos\/#primaryimage\"},\"image\":{\"@id\":\"https:\/\/www.heartfailurematters.org\/es\/para-cuidadores\/manejo-de-los-medicamentos\/#primaryimage\"},\"thumbnailUrl\":\"https:\/\/www.heartfailurematters.org\/wp-content\/uploads\/2022\/03\/shutterstock_441673426-1-min.jpg\",\"datePublished\":\"2021-01-27T22:08:39+00:00\",\"dateModified\":\"2022-01-27T12:32:15+00:00\",\"description\":\"Ayude a su pareja o familiar a realizar un seguimiento de los medicamentos tomados, ya que es muy probable que est\u00e9 tomando varios.\",\"breadcrumb\":{\"@id\":\"https:\/\/www.heartfailurematters.org\/es\/para-cuidadores\/manejo-de-los-medicamentos\/#breadcrumb\"},\"inLanguage\":\"es\",\"potentialAction\":[{\"@type\":\"ReadAction\",\"target\":[\"https:\/\/www.heartfailurematters.org\/es\/para-cuidadores\/manejo-de-los-medicamentos\/\"]}]},{\"@type\":\"ImageObject\",\"inLanguage\":\"es\",\"@id\":\"https:\/\/www.heartfailurematters.org\/es\/para-cuidadores\/manejo-de-los-medicamentos\/#primaryimage\",\"url\":\"https:\/\/www.heartfailurematters.org\/wp-content\/uploads\/2022\/03\/shutterstock_441673426-1-min.jpg\",\"contentUrl\":\"https:\/\/www.heartfailurematters.org\/wp-content\/uploads\/2022\/03\/shutterstock_441673426-1-min.jpg\",\"width\":900,\"height\":596},{\"@type\":\"BreadcrumbList\",\"@id\":\"https:\/\/www.heartfailurematters.org\/es\/para-cuidadores\/manejo-de-los-medicamentos\/#breadcrumb\",\"itemListElement\":[{\"@type\":\"ListItem\",\"position\":1,\"name\":\"Inicio\",\"item\":\"https:\/\/www.heartfailurematters.org\/es\/\"},{\"@type\":\"ListItem\",\"position\":2,\"name\":\"Para cuidadores\",\"item\":\"https:\/\/www.heartfailurematters.org\/es\/para-cuidadores\/\"},{\"@type\":\"ListItem\",\"position\":3,\"name\":\"Manejo de los medicamentos\"}]},{\"@type\":\"WebSite\",\"@id\":\"https:\/\/www.heartfailurematters.org\/es\/#website\",\"url\":\"https:\/\/www.heartfailurematters.org\/es\/\",\"name\":\"Heart Failure Matters\",\"description\":\"Practical information for patients, families and caregivers.\",\"publisher\":{\"@id\":\"https:\/\/www.heartfailurematters.org\/es\/#organization\"},\"potentialAction\":[{\"@type\":\"SearchAction\",\"target\":{\"@type\":\"EntryPoint\",\"urlTemplate\":\"https:\/\/www.heartfailurematters.org\/es\/?s={search_term_string}\"},\"query-input\":{\"@type\":\"PropertyValueSpecification\",\"valueRequired\":true,\"valueName\":\"search_term_string\"}}],\"inLanguage\":\"es\"},{\"@type\":\"Organization\",\"@id\":\"https:\/\/www.heartfailurematters.org\/es\/#organization\",\"name\":\"Heart Failure Matters\",\"url\":\"https:\/\/www.heartfailurematters.org\/es\/\",\"logo\":{\"@type\":\"ImageObject\",\"inLanguage\":\"es\",\"@id\":\"https:\/\/www.heartfailurematters.org\/es\/#\/schema\/logo\/image\/\",\"url\":\"https:\/\/cdn-endpoint-hfm.azureedge.net\/heartfailurematters\/2024\/07\/hfm-logo1.jpg\",\"contentUrl\":\"https:\/\/cdn-endpoint-hfm.azureedge.net\/heartfailurematters\/2024\/07\/hfm-logo1.jpg\",\"width\":1280,\"height\":720,\"caption\":\"Heart Failure Matters\"},\"image\":{\"@id\":\"https:\/\/www.heartfailurematters.org\/es\/#\/schema\/logo\/image\/\"},\"sameAs\":[\"https:\/\/www.facebook.com\/heartfailurematters\"]}]}<\/script>\n<!-- \/ Yoast SEO plugin. -->","yoast_head_json":{"title":"Manejo de los medicamentos - Heart Failure Matters","description":"Ayude a su pareja o familiar a realizar un seguimiento de los medicamentos tomados, ya que es muy probable que est\u00e9 tomando varios.","robots":{"index":"index","follow":"follow","max-snippet":"max-snippet:-1","max-image-preview":"max-image-preview:large","max-video-preview":"max-video-preview:-1"},"canonical":"https:\/\/www.heartfailurematters.org\/es\/para-cuidadores\/manejo-de-los-medicamentos\/","og_locale":"es_ES","og_type":"article","og_title":"Manejo de los medicamentos - Heart Failure Matters","og_description":"Ayude a su pareja o familiar a realizar un seguimiento de los medicamentos tomados, ya que es muy probable que est\u00e9 tomando varios.","og_url":"https:\/\/www.heartfailurematters.org\/es\/para-cuidadores\/manejo-de-los-medicamentos\/","og_site_name":"Heart Failure Matters","article_publisher":"https:\/\/www.facebook.com\/heartfailurematters","article_modified_time":"2022-01-27T12:32:15+00:00","og_image":[{"width":900,"height":596,"url":"https:\/\/www.heartfailurematters.org\/wp-content\/uploads\/2022\/03\/shutterstock_441673426-1-min.jpg","type":"image\/jpeg"}],"twitter_card":"summary_large_image","twitter_misc":{"Tiempo de lectura":"1 minuto"},"schema":{"@context":"https:\/\/schema.org","@graph":[{"@type":"WebPage","@id":"https:\/\/www.heartfailurematters.org\/es\/para-cuidadores\/manejo-de-los-medicamentos\/","url":"https:\/\/www.heartfailurematters.org\/es\/para-cuidadores\/manejo-de-los-medicamentos\/","name":"Manejo de los medicamentos - Heart Failure Matters","isPartOf":{"@id":"https:\/\/www.heartfailurematters.org\/es\/#website"},"primaryImageOfPage":{"@id":"https:\/\/www.heartfailurematters.org\/es\/para-cuidadores\/manejo-de-los-medicamentos\/#primaryimage"},"image":{"@id":"https:\/\/www.heartfailurematters.org\/es\/para-cuidadores\/manejo-de-los-medicamentos\/#primaryimage"},"thumbnailUrl":"https:\/\/www.heartfailurematters.org\/wp-content\/uploads\/2022\/03\/shutterstock_441673426-1-min.jpg","datePublished":"2021-01-27T22:08:39+00:00","dateModified":"2022-01-27T12:32:15+00:00","description":"Ayude a su pareja o familiar a realizar un seguimiento de los medicamentos tomados, ya que es muy probable que est\u00e9 tomando varios.","breadcrumb":{"@id":"https:\/\/www.heartfailurematters.org\/es\/para-cuidadores\/manejo-de-los-medicamentos\/#breadcrumb"},"inLanguage":"es","potentialAction":[{"@type":"ReadAction","target":["https:\/\/www.heartfailurematters.org\/es\/para-cuidadores\/manejo-de-los-medicamentos\/"]}]},{"@type":"ImageObject","inLanguage":"es","@id":"https:\/\/www.heartfailurematters.org\/es\/para-cuidadores\/manejo-de-los-medicamentos\/#primaryimage","url":"https:\/\/www.heartfailurematters.org\/wp-content\/uploads\/2022\/03\/shutterstock_441673426-1-min.jpg","contentUrl":"https:\/\/www.heartfailurematters.org\/wp-content\/uploads\/2022\/03\/shutterstock_441673426-1-min.jpg","width":900,"height":596},{"@type":"BreadcrumbList","@id":"https:\/\/www.heartfailurematters.org\/es\/para-cuidadores\/manejo-de-los-medicamentos\/#breadcrumb","itemListElement":[{"@type":"ListItem","position":1,"name":"Inicio","item":"https:\/\/www.heartfailurematters.org\/es\/"},{"@type":"ListItem","position":2,"name":"Para cuidadores","item":"https:\/\/www.heartfailurematters.org\/es\/para-cuidadores\/"},{"@type":"ListItem","position":3,"name":"Manejo de los medicamentos"}]},{"@type":"WebSite","@id":"https:\/\/www.heartfailurematters.org\/es\/#website","url":"https:\/\/www.heartfailurematters.org\/es\/","name":"Heart Failure Matters","description":"Practical information for patients, families and caregivers.","publisher":{"@id":"https:\/\/www.heartfailurematters.org\/es\/#organization"},"potentialAction":[{"@type":"SearchAction","target":{"@type":"EntryPoint","urlTemplate":"https:\/\/www.heartfailurematters.org\/es\/?s={search_term_string}"},"query-input":{"@type":"PropertyValueSpecification","valueRequired":true,"valueName":"search_term_string"}}],"inLanguage":"es"},{"@type":"Organization","@id":"https:\/\/www.heartfailurematters.org\/es\/#organization","name":"Heart Failure Matters","url":"https:\/\/www.heartfailurematters.org\/es\/","logo":{"@type":"ImageObject","inLanguage":"es","@id":"https:\/\/www.heartfailurematters.org\/es\/#\/schema\/logo\/image\/","url":"https:\/\/cdn-endpoint-hfm.azureedge.net\/heartfailurematters\/2024\/07\/hfm-logo1.jpg","contentUrl":"https:\/\/cdn-endpoint-hfm.azureedge.net\/heartfailurematters\/2024\/07\/hfm-logo1.jpg","width":1280,"height":720,"caption":"Heart Failure Matters"},"image":{"@id":"https:\/\/www.heartfailurematters.org\/es\/#\/schema\/logo\/image\/"},"sameAs":["https:\/\/www.facebook.com\/heartfailurematters"]}]}},"_links":{"self":[{"href":"https:\/\/www.heartfailurematters.org\/es\/wp-json\/wp\/v2\/pages\/2192","targetHints":{"allow":["GET"]}}],"collection":[{"href":"https:\/\/www.heartfailurematters.org\/es\/wp-json\/wp\/v2\/pages"}],"about":[{"href":"https:\/\/www.heartfailurematters.org\/es\/wp-json\/wp\/v2\/types\/page"}],"author":[{"embeddable":true,"href":"https:\/\/www.heartfailurematters.org\/es\/wp-json\/wp\/v2\/users\/1"}],"replies":[{"embeddable":true,"href":"https:\/\/www.heartfailurematters.org\/es\/wp-json\/wp\/v2\/comments?post=2192"}],"version-history":[{"count":3,"href":"https:\/\/www.heartfailurematters.org\/es\/wp-json\/wp\/v2\/pages\/2192\/revisions"}],"predecessor-version":[{"id":10505,"href":"https:\/\/www.heartfailurematters.org\/es\/wp-json\/wp\/v2\/pages\/2192\/revisions\/10505"}],"up":[{"embeddable":true,"href":"https:\/\/www.heartfailurematters.org\/es\/wp-json\/wp\/v2\/pages\/2846"}],"wp:featuredmedia":[{"embeddable":true,"href":"https:\/\/www.heartfailurematters.org\/es\/wp-json\/wp\/v2\/media\/10873"}],"wp:attachment":[{"href":"https:\/\/www.heartfailurematters.org\/es\/wp-json\/wp\/v2\/media?parent=2192"}],"wp:term":[{"taxonomy":"category","embeddable":true,"href":"https:\/\/www.heartfailurematters.org\/es\/wp-json\/wp\/v2\/categories?post=2192"},{"taxonomy":"post_tag","embeddable":true,"href":"https:\/\/www.heartfailurematters.org\/es\/wp-json\/wp\/v2\/tags?post=2192"}],"curies":[{"name":"wp","href":"https:\/\/api.w.org\/{rel}","templated":true}]}}