{"id":2187,"date":"2021-01-27T22:08:39","date_gmt":"2021-01-27T22:08:39","guid":{"rendered":"http:\/\/heartfailurematters.local:8888\/enfermedad-renal-insuficiencia-renal\/"},"modified":"2026-01-16T14:32:50","modified_gmt":"2026-01-16T14:32:50","slug":"enfermedad-renal-insuficiencia-renal","status":"publish","type":"page","link":"https:\/\/www.heartfailurematters.org\/es\/causas-de-la-insuficiencia-cardiaca-y-otras-afecciones-medicas-frecuentes\/enfermedad-renal-insuficiencia-renal\/","title":{"rendered":"Insuficiencia renal cr\u00f3nica"},"content":{"rendered":"<p>Los ri\u00f1ones son dos \u00f3rganos con forma de alubia de unos 10-12 cent\u00edmetros (del tama\u00f1o de una mano cerrada) situados a cada lado de la columna vertebral, por debajo del par de costillas inferiores.<\/p>\n<p>Los ri\u00f1ones tienen tres tareas: en primer lugar, como planta de purificaci\u00f3n del organismo; en segundo lugar, como unidad de filtrado y, en tercer lugar, como la estaci\u00f3n de control corporal.<\/p>\n<h2>Planta de purificaci\u00f3n<\/h2>\n<p>Los ri\u00f1ones funcionan las 24 horas del d\u00eda para limpiar la sangre de sustancias nocivas. En tan solo unos minutos, m\u00e1s de un litro de sangre fluye a trav\u00e9s de ellos y se filtran alrededor de 180 litros de l\u00edquido corporal al d\u00eda. Una persona sana orina entre uno y tres litros al d\u00eda. La orina contiene \u00abdesechos\u00bb que incluyen toxinas, residuos de f\u00e1rmacos y productos de desecho de los alimentos que ingerimos. Si se altera la funci\u00f3n renal, las concentraciones de productos de desecho en el organismo pueden aumentar y provocar su acumulaci\u00f3n en sangre (uremia).<\/p>\n<h2>Unidad de filtrado<\/h2>\n<p>En cada ri\u00f1\u00f3n hay alrededor de un mill\u00f3n de peque\u00f1as unidades productoras de orina denominadas nefronas. Cada nefrona est\u00e1 formada por un glom\u00e9rulo (un ovillo de capilares) rodeado por la c\u00e1psula de Bowman y un tubo renal, el t\u00fabulo. El glom\u00e9rulo es una \u00abunidad de filtrado\u00bb microsc\u00f3pica cuya funci\u00f3n es limpiar la sangre de los productos de desecho. Los t\u00fabulos pueden compararse con \u201ctuber\u00edas de desag\u00fce\u201d, por donde se eliminan el exceso de l\u00edquido y los desechos que han sido filtrados. Cada nefrona est\u00e1 conectada a canales renales m\u00e1s grandes. Desde ah\u00ed, la orina se mueve hacia los ur\u00e9teres y luego hacia la vejiga. Todas las sustancias importantes que deben permanecer en el cuerpo se separan en el proceso de filtraci\u00f3n y se reincorporan de nuevo a la sangre.<\/p>\n<h2>Estaci\u00f3n de control<\/h2>\n<p>La funci\u00f3n de los ri\u00f1ones es la de producir sustancias y regular procesos. Los ri\u00f1ones aseguran el funcionamiento celular regulando el grado de sal y acidez en la sangre y controlan cu\u00e1nto absorbe o secreta el cuerpo, entre otras cosas, iones de hidr\u00f3geno, sodio y potasio.<\/p>\n<p>Los ri\u00f1ones producen dos hormonas importantes: la eritropoyetina, una hormona que estimula la producci\u00f3n de gl\u00f3bulos rojos en la m\u00e9dula \u00f3sea, y la renina, que regula la resistencia y el tono de los vasos sangu\u00edneos y, por lo tanto, la presi\u00f3n arterial. Los ri\u00f1ones tambi\u00e9n son importantes para la estructura del esqueleto. El calcio que obtenemos a trav\u00e9s de los alimentos solo se puede absorber en el intestino mediante la vitamina D, que se forma en la piel por la exposici\u00f3n al sol y que activan los ri\u00f1ones.<\/p>\n<p>El ri\u00f1\u00f3n depende de una contracci\u00f3n y relajaci\u00f3n adecuadas del coraz\u00f3n para mantener el flujo sangu\u00edneo renal. Por lo tanto, la interacci\u00f3n entre el coraz\u00f3n y el ri\u00f1\u00f3n a menudo puede verse alterada en la insuficiencia card\u00edaca. La insuficiencia card\u00edaca y la insuficiencia renal cr\u00f3nica suelen coexistir y comparten factores de riesgo frecuentes en su desarrollo. Una funci\u00f3n renal deteriorada se asocia con un mayor riesgo de desenlaces adversos. Los pacientes con cardiopat\u00edas y nefropat\u00edas suelen tener un peor pron\u00f3stico y necesitan un seguimiento cuidadoso.<br \/>\nDado que muchos de los f\u00e1rmacos para la insuficiencia card\u00edaca tienen importantes efectos directos sobre la funci\u00f3n renal, es importante que su profesional sanitario la revise con regularidad (principalmente a trav\u00e9s de an\u00e1lisis de laboratorio) durante el tratamiento de la insuficiencia card\u00edaca aguda e insuficiencia card\u00edaca cr\u00f3nica.<\/p>\n<p>Adem\u00e1s, existen varios f\u00e1rmacos para la disfunci\u00f3n renal que pueden utilizarse de forma segura en pacientes con insuficiencia card\u00edaca o que incluso tienen propiedades nefroprotectoras. Por favor consulte con su m\u00e9dico.<\/p>\n<p><a href=\"https:\/\/www.heartfailurematters.org\/heart-failure-causes-and-other-common-medical-conditions\/other-common-medical-conditions-and-heart-failure\/\">Volver a Otras enfermedades frecuentes e insuficiencia card\u00edaca<\/a><\/p>\n<p>&nbsp;<\/p>\n<p>&nbsp;<\/p>\n","protected":false},"excerpt":{"rendered":"<p>Los ri\u00f1ones son dos \u00f3rganos con forma de alubia de unos 10-12 cent\u00edmetros (del tama\u00f1o de una mano cerrada) situados a cada lado de la columna vertebral, por debajo del par de costillas inferiores. Los ri\u00f1ones tienen tres tareas: en primer lugar, como planta de purificaci\u00f3n del organismo; en segundo lugar, como unidad de filtrado [&hellip;]<\/p>\n","protected":false},"author":1,"featured_media":10772,"parent":8046,"menu_order":12,"comment_status":"open","ping_status":"open","template":"","meta":{"_acf_changed":false,"footnotes":""},"categories":[],"tags":[],"class_list":["post-2187","page","type-page","status-publish","has-post-thumbnail","hentry"],"acf":[],"yoast_head":"<!-- This site is optimized with the Yoast SEO plugin v24.8.1 - https:\/\/yoast.com\/wordpress\/plugins\/seo\/ -->\n<title>Nefropat\u00eda\/Insuficiencia renal<\/title>\n<meta name=\"description\" content=\"Los ri\u00f1ones tratan de compensar la insuficiencia card\u00edaca reteniendo sal y agua, aumentando as\u00ed el volumen sangu\u00edneo circulante.\" \/>\n<meta name=\"robots\" content=\"index, follow, max-snippet:-1, max-image-preview:large, max-video-preview:-1\" \/>\n<link rel=\"canonical\" href=\"https:\/\/www.heartfailurematters.org\/es\/causas-de-la-insuficiencia-cardiaca-y-otras-afecciones-medicas-frecuentes\/enfermedad-renal-insuficiencia-renal\/\" \/>\n<meta property=\"og:locale\" content=\"es_ES\" \/>\n<meta property=\"og:type\" content=\"article\" \/>\n<meta property=\"og:title\" content=\"Nefropat\u00eda\/Insuficiencia renal\" \/>\n<meta property=\"og:description\" content=\"Los ri\u00f1ones tratan de compensar la insuficiencia card\u00edaca reteniendo sal y agua, aumentando as\u00ed el volumen sangu\u00edneo circulante.\" \/>\n<meta property=\"og:url\" content=\"https:\/\/www.heartfailurematters.org\/es\/causas-de-la-insuficiencia-cardiaca-y-otras-afecciones-medicas-frecuentes\/enfermedad-renal-insuficiencia-renal\/\" \/>\n<meta property=\"og:site_name\" content=\"Heart Failure Matters\" \/>\n<meta property=\"article:publisher\" content=\"https:\/\/www.facebook.com\/heartfailurematters\" \/>\n<meta property=\"article:modified_time\" content=\"2026-01-16T14:32:50+00:00\" \/>\n<meta property=\"og:image\" content=\"https:\/\/www.heartfailurematters.org\/wp-content\/uploads\/2022\/03\/shutterstock_1988696597-1-min.jpg\" \/>\n\t<meta property=\"og:image:width\" content=\"900\" \/>\n\t<meta property=\"og:image:height\" content=\"600\" \/>\n\t<meta property=\"og:image:type\" content=\"image\/jpeg\" \/>\n<meta name=\"twitter:card\" content=\"summary_large_image\" \/>\n<meta name=\"twitter:label1\" content=\"Tiempo de lectura\" \/>\n\t<meta name=\"twitter:data1\" content=\"1 minuto\" \/>\n<script type=\"application\/ld+json\" class=\"yoast-schema-graph\">{\"@context\":\"https:\/\/schema.org\",\"@graph\":[{\"@type\":\"WebPage\",\"@id\":\"https:\/\/www.heartfailurematters.org\/es\/causas-de-la-insuficiencia-cardiaca-y-otras-afecciones-medicas-frecuentes\/enfermedad-renal-insuficiencia-renal\/\",\"url\":\"https:\/\/www.heartfailurematters.org\/es\/causas-de-la-insuficiencia-cardiaca-y-otras-afecciones-medicas-frecuentes\/enfermedad-renal-insuficiencia-renal\/\",\"name\":\"Nefropat\u00eda\/Insuficiencia renal\",\"isPartOf\":{\"@id\":\"https:\/\/www.heartfailurematters.org\/es\/#website\"},\"primaryImageOfPage\":{\"@id\":\"https:\/\/www.heartfailurematters.org\/es\/causas-de-la-insuficiencia-cardiaca-y-otras-afecciones-medicas-frecuentes\/enfermedad-renal-insuficiencia-renal\/#primaryimage\"},\"image\":{\"@id\":\"https:\/\/www.heartfailurematters.org\/es\/causas-de-la-insuficiencia-cardiaca-y-otras-afecciones-medicas-frecuentes\/enfermedad-renal-insuficiencia-renal\/#primaryimage\"},\"thumbnailUrl\":\"https:\/\/www.heartfailurematters.org\/wp-content\/uploads\/2022\/03\/shutterstock_1988696597-1-min.jpg\",\"datePublished\":\"2021-01-27T22:08:39+00:00\",\"dateModified\":\"2026-01-16T14:32:50+00:00\",\"description\":\"Los ri\u00f1ones tratan de compensar la insuficiencia card\u00edaca reteniendo sal y agua, aumentando as\u00ed el volumen sangu\u00edneo circulante.\",\"breadcrumb\":{\"@id\":\"https:\/\/www.heartfailurematters.org\/es\/causas-de-la-insuficiencia-cardiaca-y-otras-afecciones-medicas-frecuentes\/enfermedad-renal-insuficiencia-renal\/#breadcrumb\"},\"inLanguage\":\"es\",\"potentialAction\":[{\"@type\":\"ReadAction\",\"target\":[\"https:\/\/www.heartfailurematters.org\/es\/causas-de-la-insuficiencia-cardiaca-y-otras-afecciones-medicas-frecuentes\/enfermedad-renal-insuficiencia-renal\/\"]}]},{\"@type\":\"ImageObject\",\"inLanguage\":\"es\",\"@id\":\"https:\/\/www.heartfailurematters.org\/es\/causas-de-la-insuficiencia-cardiaca-y-otras-afecciones-medicas-frecuentes\/enfermedad-renal-insuficiencia-renal\/#primaryimage\",\"url\":\"https:\/\/www.heartfailurematters.org\/wp-content\/uploads\/2022\/03\/shutterstock_1988696597-1-min.jpg\",\"contentUrl\":\"https:\/\/www.heartfailurematters.org\/wp-content\/uploads\/2022\/03\/shutterstock_1988696597-1-min.jpg\",\"width\":900,\"height\":600},{\"@type\":\"BreadcrumbList\",\"@id\":\"https:\/\/www.heartfailurematters.org\/es\/causas-de-la-insuficiencia-cardiaca-y-otras-afecciones-medicas-frecuentes\/enfermedad-renal-insuficiencia-renal\/#breadcrumb\",\"itemListElement\":[{\"@type\":\"ListItem\",\"position\":1,\"name\":\"Inicio\",\"item\":\"https:\/\/www.heartfailurematters.org\/es\/\"},{\"@type\":\"ListItem\",\"position\":2,\"name\":\"Causas de la insuficiencia card\u00edaca y otras afecciones m\u00e9dicas frecuentes\",\"item\":\"https:\/\/www.heartfailurematters.org\/es\/causas-de-la-insuficiencia-cardiaca-y-otras-afecciones-medicas-frecuentes\/\"},{\"@type\":\"ListItem\",\"position\":3,\"name\":\"Insuficiencia renal cr\u00f3nica\"}]},{\"@type\":\"WebSite\",\"@id\":\"https:\/\/www.heartfailurematters.org\/es\/#website\",\"url\":\"https:\/\/www.heartfailurematters.org\/es\/\",\"name\":\"Heart Failure Matters\",\"description\":\"Practical information for patients, families and caregivers.\",\"publisher\":{\"@id\":\"https:\/\/www.heartfailurematters.org\/es\/#organization\"},\"potentialAction\":[{\"@type\":\"SearchAction\",\"target\":{\"@type\":\"EntryPoint\",\"urlTemplate\":\"https:\/\/www.heartfailurematters.org\/es\/?s={search_term_string}\"},\"query-input\":{\"@type\":\"PropertyValueSpecification\",\"valueRequired\":true,\"valueName\":\"search_term_string\"}}],\"inLanguage\":\"es\"},{\"@type\":\"Organization\",\"@id\":\"https:\/\/www.heartfailurematters.org\/es\/#organization\",\"name\":\"Heart Failure Matters\",\"url\":\"https:\/\/www.heartfailurematters.org\/es\/\",\"logo\":{\"@type\":\"ImageObject\",\"inLanguage\":\"es\",\"@id\":\"https:\/\/www.heartfailurematters.org\/es\/#\/schema\/logo\/image\/\",\"url\":\"https:\/\/cdn-endpoint-hfm.azureedge.net\/heartfailurematters\/2024\/07\/hfm-logo1.jpg\",\"contentUrl\":\"https:\/\/cdn-endpoint-hfm.azureedge.net\/heartfailurematters\/2024\/07\/hfm-logo1.jpg\",\"width\":1280,\"height\":720,\"caption\":\"Heart Failure Matters\"},\"image\":{\"@id\":\"https:\/\/www.heartfailurematters.org\/es\/#\/schema\/logo\/image\/\"},\"sameAs\":[\"https:\/\/www.facebook.com\/heartfailurematters\"]}]}<\/script>\n<!-- \/ Yoast SEO plugin. -->","yoast_head_json":{"title":"Nefropat\u00eda\/Insuficiencia renal","description":"Los ri\u00f1ones tratan de compensar la insuficiencia card\u00edaca reteniendo sal y agua, aumentando as\u00ed el volumen sangu\u00edneo circulante.","robots":{"index":"index","follow":"follow","max-snippet":"max-snippet:-1","max-image-preview":"max-image-preview:large","max-video-preview":"max-video-preview:-1"},"canonical":"https:\/\/www.heartfailurematters.org\/es\/causas-de-la-insuficiencia-cardiaca-y-otras-afecciones-medicas-frecuentes\/enfermedad-renal-insuficiencia-renal\/","og_locale":"es_ES","og_type":"article","og_title":"Nefropat\u00eda\/Insuficiencia renal","og_description":"Los ri\u00f1ones tratan de compensar la insuficiencia card\u00edaca reteniendo sal y agua, aumentando as\u00ed el volumen sangu\u00edneo circulante.","og_url":"https:\/\/www.heartfailurematters.org\/es\/causas-de-la-insuficiencia-cardiaca-y-otras-afecciones-medicas-frecuentes\/enfermedad-renal-insuficiencia-renal\/","og_site_name":"Heart Failure Matters","article_publisher":"https:\/\/www.facebook.com\/heartfailurematters","article_modified_time":"2026-01-16T14:32:50+00:00","og_image":[{"width":900,"height":600,"url":"https:\/\/www.heartfailurematters.org\/wp-content\/uploads\/2022\/03\/shutterstock_1988696597-1-min.jpg","type":"image\/jpeg"}],"twitter_card":"summary_large_image","twitter_misc":{"Tiempo de lectura":"1 minuto"},"schema":{"@context":"https:\/\/schema.org","@graph":[{"@type":"WebPage","@id":"https:\/\/www.heartfailurematters.org\/es\/causas-de-la-insuficiencia-cardiaca-y-otras-afecciones-medicas-frecuentes\/enfermedad-renal-insuficiencia-renal\/","url":"https:\/\/www.heartfailurematters.org\/es\/causas-de-la-insuficiencia-cardiaca-y-otras-afecciones-medicas-frecuentes\/enfermedad-renal-insuficiencia-renal\/","name":"Nefropat\u00eda\/Insuficiencia renal","isPartOf":{"@id":"https:\/\/www.heartfailurematters.org\/es\/#website"},"primaryImageOfPage":{"@id":"https:\/\/www.heartfailurematters.org\/es\/causas-de-la-insuficiencia-cardiaca-y-otras-afecciones-medicas-frecuentes\/enfermedad-renal-insuficiencia-renal\/#primaryimage"},"image":{"@id":"https:\/\/www.heartfailurematters.org\/es\/causas-de-la-insuficiencia-cardiaca-y-otras-afecciones-medicas-frecuentes\/enfermedad-renal-insuficiencia-renal\/#primaryimage"},"thumbnailUrl":"https:\/\/www.heartfailurematters.org\/wp-content\/uploads\/2022\/03\/shutterstock_1988696597-1-min.jpg","datePublished":"2021-01-27T22:08:39+00:00","dateModified":"2026-01-16T14:32:50+00:00","description":"Los ri\u00f1ones tratan de compensar la insuficiencia card\u00edaca reteniendo sal y agua, aumentando as\u00ed el volumen sangu\u00edneo circulante.","breadcrumb":{"@id":"https:\/\/www.heartfailurematters.org\/es\/causas-de-la-insuficiencia-cardiaca-y-otras-afecciones-medicas-frecuentes\/enfermedad-renal-insuficiencia-renal\/#breadcrumb"},"inLanguage":"es","potentialAction":[{"@type":"ReadAction","target":["https:\/\/www.heartfailurematters.org\/es\/causas-de-la-insuficiencia-cardiaca-y-otras-afecciones-medicas-frecuentes\/enfermedad-renal-insuficiencia-renal\/"]}]},{"@type":"ImageObject","inLanguage":"es","@id":"https:\/\/www.heartfailurematters.org\/es\/causas-de-la-insuficiencia-cardiaca-y-otras-afecciones-medicas-frecuentes\/enfermedad-renal-insuficiencia-renal\/#primaryimage","url":"https:\/\/www.heartfailurematters.org\/wp-content\/uploads\/2022\/03\/shutterstock_1988696597-1-min.jpg","contentUrl":"https:\/\/www.heartfailurematters.org\/wp-content\/uploads\/2022\/03\/shutterstock_1988696597-1-min.jpg","width":900,"height":600},{"@type":"BreadcrumbList","@id":"https:\/\/www.heartfailurematters.org\/es\/causas-de-la-insuficiencia-cardiaca-y-otras-afecciones-medicas-frecuentes\/enfermedad-renal-insuficiencia-renal\/#breadcrumb","itemListElement":[{"@type":"ListItem","position":1,"name":"Inicio","item":"https:\/\/www.heartfailurematters.org\/es\/"},{"@type":"ListItem","position":2,"name":"Causas de la insuficiencia card\u00edaca y otras afecciones m\u00e9dicas frecuentes","item":"https:\/\/www.heartfailurematters.org\/es\/causas-de-la-insuficiencia-cardiaca-y-otras-afecciones-medicas-frecuentes\/"},{"@type":"ListItem","position":3,"name":"Insuficiencia renal cr\u00f3nica"}]},{"@type":"WebSite","@id":"https:\/\/www.heartfailurematters.org\/es\/#website","url":"https:\/\/www.heartfailurematters.org\/es\/","name":"Heart Failure Matters","description":"Practical information for patients, families and caregivers.","publisher":{"@id":"https:\/\/www.heartfailurematters.org\/es\/#organization"},"potentialAction":[{"@type":"SearchAction","target":{"@type":"EntryPoint","urlTemplate":"https:\/\/www.heartfailurematters.org\/es\/?s={search_term_string}"},"query-input":{"@type":"PropertyValueSpecification","valueRequired":true,"valueName":"search_term_string"}}],"inLanguage":"es"},{"@type":"Organization","@id":"https:\/\/www.heartfailurematters.org\/es\/#organization","name":"Heart Failure Matters","url":"https:\/\/www.heartfailurematters.org\/es\/","logo":{"@type":"ImageObject","inLanguage":"es","@id":"https:\/\/www.heartfailurematters.org\/es\/#\/schema\/logo\/image\/","url":"https:\/\/cdn-endpoint-hfm.azureedge.net\/heartfailurematters\/2024\/07\/hfm-logo1.jpg","contentUrl":"https:\/\/cdn-endpoint-hfm.azureedge.net\/heartfailurematters\/2024\/07\/hfm-logo1.jpg","width":1280,"height":720,"caption":"Heart Failure Matters"},"image":{"@id":"https:\/\/www.heartfailurematters.org\/es\/#\/schema\/logo\/image\/"},"sameAs":["https:\/\/www.facebook.com\/heartfailurematters"]}]}},"_links":{"self":[{"href":"https:\/\/www.heartfailurematters.org\/es\/wp-json\/wp\/v2\/pages\/2187","targetHints":{"allow":["GET"]}}],"collection":[{"href":"https:\/\/www.heartfailurematters.org\/es\/wp-json\/wp\/v2\/pages"}],"about":[{"href":"https:\/\/www.heartfailurematters.org\/es\/wp-json\/wp\/v2\/types\/page"}],"author":[{"embeddable":true,"href":"https:\/\/www.heartfailurematters.org\/es\/wp-json\/wp\/v2\/users\/1"}],"replies":[{"embeddable":true,"href":"https:\/\/www.heartfailurematters.org\/es\/wp-json\/wp\/v2\/comments?post=2187"}],"version-history":[{"count":5,"href":"https:\/\/www.heartfailurematters.org\/es\/wp-json\/wp\/v2\/pages\/2187\/revisions"}],"predecessor-version":[{"id":13839,"href":"https:\/\/www.heartfailurematters.org\/es\/wp-json\/wp\/v2\/pages\/2187\/revisions\/13839"}],"up":[{"embeddable":true,"href":"https:\/\/www.heartfailurematters.org\/es\/wp-json\/wp\/v2\/pages\/8046"}],"wp:featuredmedia":[{"embeddable":true,"href":"https:\/\/www.heartfailurematters.org\/es\/wp-json\/wp\/v2\/media\/10772"}],"wp:attachment":[{"href":"https:\/\/www.heartfailurematters.org\/es\/wp-json\/wp\/v2\/media?parent=2187"}],"wp:term":[{"taxonomy":"category","embeddable":true,"href":"https:\/\/www.heartfailurematters.org\/es\/wp-json\/wp\/v2\/categories?post=2187"},{"taxonomy":"post_tag","embeddable":true,"href":"https:\/\/www.heartfailurematters.org\/es\/wp-json\/wp\/v2\/tags?post=2187"}],"curies":[{"name":"wp","href":"https:\/\/api.w.org\/{rel}","templated":true}]}}