{"id":2185,"date":"2021-01-27T22:08:39","date_gmt":"2021-01-27T22:08:39","guid":{"rendered":"http:\/\/heartfailurematters.local:8888\/ablacion-con-cateter-de-arritmias-en-insuficiencia-cardiaca\/"},"modified":"2022-01-25T16:22:47","modified_gmt":"2022-01-25T16:22:47","slug":"ablacion-con-cateter-de-arritmias-en-insuficiencia-cardiaca","status":"publish","type":"page","link":"https:\/\/www.heartfailurematters.org\/es\/lo-que-pueden-hacer-su-medico-o-enfermero\/ablacion-con-cateter-de-arritmias-en-insuficiencia-cardiaca\/","title":{"rendered":"Ablaci\u00f3n con cat\u00e9ter de arritmias en insuficiencia card\u00edaca"},"content":{"rendered":"<h2>\u00bfPara qu\u00e9 sirve?<\/h2>\n<p>Los episodios de latidos card\u00edacos r\u00e1pidos (arritmias ventriculares o supraventriculares) son bastante frecuentes en el historial natural de una insuficiencia card\u00edaca cr\u00f3nica y a menudo se asocian con un empeoramiento de los s\u00edntomas que puede requerir una hospitalizaci\u00f3n. El tratamiento m\u00e9dico de la insuficiencia card\u00edaca reduce la frecuencia de dichas complicaciones pero muchas veces no consigue eliminarlas. Cuando el riesgo de arritmias ventriculares es alto, se puede implantar un desfibrilador autom\u00e1tico implantable (DAI) para tratar estas arritmias graves que pueden causar el empeoramiento de los s\u00edntomas o una muerte repentina. No obstante, un DAI no disminuye la incidencia de las arritmias y los medicamentos espec\u00edficos que pueden reducir estos trastornos de la frecuencia card\u00edaca pueden estar contraindicados para la insuficiencia card\u00edaca.<\/p>\n<p>En estos momentos, la ablaci\u00f3n con cat\u00e9ter es la intervenci\u00f3n m\u00e1s eficiente para reducir las arritmias. En una insuficiencia card\u00edaca, los cambios celulares pueden modificar los patrones de actividad el\u00e9ctrica. Por eso, algunas partes del coraz\u00f3n pueden activarse de forma simult\u00e1nea (contracci\u00f3n ventricular prematura) o formar parte de un circuito el\u00e9ctrico o sistema de reentrada que puede perpetuar y causar una frecuencia card\u00edaca r\u00e1pida persistente. El objetivo de la ablaci\u00f3n con cat\u00e9ter es crear cicatrices superficiales mediante el uso de un cat\u00e9ter por radiofrecuencia o la aplicaci\u00f3n de fr\u00edo (crioablaci\u00f3n con bal\u00f3n), en el sistema de conducci\u00f3n el\u00e9ctrica del coraz\u00f3n para eliminar las zonas que provocan la arritmia. Asimismo, la ablaci\u00f3n con cat\u00e9ter puede ser efectiva para eliminar o reducir la frecuencia de fibrilaci\u00f3n auricular.<\/p>\n<h2>La ablaci\u00f3n con cat\u00e9ter se usa por dos principales razones<\/h2>\n<ul>\n<li>Para disminuir los episodios de latidos card\u00edacos r\u00e1pidos inducidos por arritmias supraventriculares (aleteo auricular, fibrilaci\u00f3n auricular) o ventriculares.<\/li>\n<li>Para reducir el riesgo de una muerte card\u00edaca repentina (taquicardia ventricular, fibrilaci\u00f3n ventricular).<\/li>\n<\/ul>\n<p>La ablaci\u00f3n con cat\u00e9ter se lleva usando desde hace ya varias d\u00e9cadas y se ha demostrado que reduce eficientemente las arritmias y mejora la funci\u00f3n card\u00edaca en casos espec\u00edficos. Los avances tecnol\u00f3gicos en la ablaci\u00f3n con cat\u00e9ter permiten el tratamiento de arritmias de naturaleza m\u00e1s compleja en todas las cavidades card\u00edacas.<\/p>\n<h2>La ablaci\u00f3n con cat\u00e9ter consiste en tres partes<\/h2>\n<ul>\n<li>Un cat\u00e9ter de diagn\u00f3stico para localizar las se\u00f1ales el\u00e9ctricas y determinar los patrones de conducci\u00f3n.<\/li>\n<li>Una ablaci\u00f3n con cat\u00e9ter para generar una cicatriz con diferentes tipos de energ\u00eda (radiofrecuencia, crioterapia).<\/li>\n<li>Un sistema para localizar la posici\u00f3n del cat\u00e9ter en el coraz\u00f3n (fluoroscopia o sistema tridimensional).<\/li>\n<\/ul>\n<h2>\u00bfC\u00f3mo se realiza?<\/h2>\n<p>El cat\u00e9ter se introduce en el coraz\u00f3n a trav\u00e9s de la vena femoral con anestesia local. La primera parte de la intervenci\u00f3n consiste en estudiar e identificar el origen de la arritmia. A continuaci\u00f3n, para la ablaci\u00f3n con cat\u00e9ter se administra una anestesia o sedaci\u00f3n general. Se aplican diversos tipos de energ\u00eda para crear una cicatriz en las \u00e1reas pertinentes. El \u00e9xito de la intervenci\u00f3n se eval\u00faa con regularidad hasta demostrar que ya no se puede producir la conducci\u00f3n el\u00e9ctrica an\u00f3mala, lo que define la finalizaci\u00f3n de la intervenci\u00f3n.<\/p>\n<h2>Despu\u00e9s de la intervenci\u00f3n<\/h2>\n<p>Tras la intervenci\u00f3n, se quedar\u00e1 en la planta de cardiolog\u00eda durante unas 24-48 horas para supervisar la eventual recurrencia de las arritmias. Dependiendo de la arritmia y la intervenci\u00f3n, es posible que se le indique que descanse durante unos d\u00edas.<\/p>\n<p>Existen algunos acontecimientos adversos potenciales, muy poco frecuentes pero posibles, entre los cuales se pueden incluir: hemorragia, necesidad de una operaci\u00f3n card\u00edaca, embolia, arritmia o bloqueo auriculoventricular que requiera un marcapasos.<\/p>\n<p>Es posible que se observe una recurrencia de arritmias en los primeros meses debido a posibles cambios en el proceso de curaci\u00f3n. La intervenci\u00f3n de la ablaci\u00f3n con cat\u00e9ter puede realizarse varias veces para tratar la recurrencia u otras arritmias que se puedan desarrollar.<\/p>\n<p>Para m\u00e1s informaci\u00f3n, consulte con su m\u00e9dico o enfermera.<\/p>\n<p><a href=\"https:\/\/www.heartfailurematters.org\/es\/lo-que-pueden-hacer-su-medico-o-enfermero\/otros-procedimientos\/\">Volver a Otros procedimientos<\/a><\/p>\n","protected":false},"excerpt":{"rendered":"<p>\u00bfPara qu\u00e9 sirve? Los episodios de latidos card\u00edacos r\u00e1pidos (arritmias ventriculares o supraventriculares) son bastante frecuentes en el historial natural de una insuficiencia card\u00edaca cr\u00f3nica y a menudo se asocian con un empeoramiento de los s\u00edntomas que puede requerir una hospitalizaci\u00f3n. El tratamiento m\u00e9dico de la insuficiencia card\u00edaca reduce la frecuencia de dichas complicaciones pero [&hellip;]<\/p>\n","protected":false},"author":1,"featured_media":10691,"parent":2684,"menu_order":0,"comment_status":"open","ping_status":"open","template":"","meta":{"_acf_changed":false,"footnotes":""},"categories":[],"tags":[],"class_list":["post-2185","page","type-page","status-publish","has-post-thumbnail","hentry"],"acf":[],"yoast_head":"<!-- This site is optimized with the Yoast SEO plugin v24.8.1 - https:\/\/yoast.com\/wordpress\/plugins\/seo\/ -->\n<title>Ablaci\u00f3n con cat\u00e9ter de arritmias en insuficiencia card\u00edaca<\/title>\n<meta name=\"description\" content=\"Los episodios de latidos r\u00e1pidos (arritimias supraventriculares o ventriculares) suelen asociarse a un empeoramiento de los s\u00edntomas de la enfermedad.\" \/>\n<meta name=\"robots\" content=\"index, follow, max-snippet:-1, max-image-preview:large, max-video-preview:-1\" \/>\n<link rel=\"canonical\" href=\"https:\/\/www.heartfailurematters.org\/es\/lo-que-pueden-hacer-su-medico-o-enfermero\/ablacion-con-cateter-de-arritmias-en-insuficiencia-cardiaca\/\" \/>\n<meta property=\"og:locale\" content=\"es_ES\" \/>\n<meta property=\"og:type\" content=\"article\" \/>\n<meta property=\"og:title\" content=\"Ablaci\u00f3n con cat\u00e9ter de arritmias en insuficiencia card\u00edaca\" \/>\n<meta property=\"og:description\" content=\"Los episodios de latidos r\u00e1pidos (arritimias supraventriculares o ventriculares) suelen asociarse a un empeoramiento de los s\u00edntomas de la enfermedad.\" \/>\n<meta property=\"og:url\" content=\"https:\/\/www.heartfailurematters.org\/es\/lo-que-pueden-hacer-su-medico-o-enfermero\/ablacion-con-cateter-de-arritmias-en-insuficiencia-cardiaca\/\" \/>\n<meta property=\"og:site_name\" content=\"Heart Failure Matters\" \/>\n<meta property=\"article:publisher\" content=\"https:\/\/www.facebook.com\/heartfailurematters\" \/>\n<meta property=\"article:modified_time\" content=\"2022-01-25T16:22:47+00:00\" \/>\n<meta property=\"og:image\" content=\"https:\/\/www.heartfailurematters.org\/wp-content\/uploads\/2022\/02\/shutterstock_26945083-1-min.jpg?_t=1773224778\" \/>\n\t<meta property=\"og:image:width\" content=\"900\" \/>\n\t<meta property=\"og:image:height\" content=\"600\" \/>\n\t<meta property=\"og:image:type\" content=\"image\/jpeg\" \/>\n<meta name=\"twitter:card\" content=\"summary_large_image\" \/>\n<meta name=\"twitter:label1\" content=\"Tiempo de lectura\" \/>\n\t<meta name=\"twitter:data1\" content=\"4 minutos\" \/>\n<script type=\"application\/ld+json\" class=\"yoast-schema-graph\">{\"@context\":\"https:\/\/schema.org\",\"@graph\":[{\"@type\":\"WebPage\",\"@id\":\"https:\/\/www.heartfailurematters.org\/es\/lo-que-pueden-hacer-su-medico-o-enfermero\/ablacion-con-cateter-de-arritmias-en-insuficiencia-cardiaca\/\",\"url\":\"https:\/\/www.heartfailurematters.org\/es\/lo-que-pueden-hacer-su-medico-o-enfermero\/ablacion-con-cateter-de-arritmias-en-insuficiencia-cardiaca\/\",\"name\":\"Ablaci\u00f3n con cat\u00e9ter de arritmias en insuficiencia card\u00edaca\",\"isPartOf\":{\"@id\":\"https:\/\/www.heartfailurematters.org\/es\/#website\"},\"primaryImageOfPage\":{\"@id\":\"https:\/\/www.heartfailurematters.org\/es\/lo-que-pueden-hacer-su-medico-o-enfermero\/ablacion-con-cateter-de-arritmias-en-insuficiencia-cardiaca\/#primaryimage\"},\"image\":{\"@id\":\"https:\/\/www.heartfailurematters.org\/es\/lo-que-pueden-hacer-su-medico-o-enfermero\/ablacion-con-cateter-de-arritmias-en-insuficiencia-cardiaca\/#primaryimage\"},\"thumbnailUrl\":\"https:\/\/www.heartfailurematters.org\/wp-content\/uploads\/2022\/02\/shutterstock_26945083-1-min.jpg\",\"datePublished\":\"2021-01-27T22:08:39+00:00\",\"dateModified\":\"2022-01-25T16:22:47+00:00\",\"description\":\"Los episodios de latidos r\u00e1pidos (arritimias supraventriculares o ventriculares) suelen asociarse a un empeoramiento de los s\u00edntomas de la enfermedad.\",\"breadcrumb\":{\"@id\":\"https:\/\/www.heartfailurematters.org\/es\/lo-que-pueden-hacer-su-medico-o-enfermero\/ablacion-con-cateter-de-arritmias-en-insuficiencia-cardiaca\/#breadcrumb\"},\"inLanguage\":\"es\",\"potentialAction\":[{\"@type\":\"ReadAction\",\"target\":[\"https:\/\/www.heartfailurematters.org\/es\/lo-que-pueden-hacer-su-medico-o-enfermero\/ablacion-con-cateter-de-arritmias-en-insuficiencia-cardiaca\/\"]}]},{\"@type\":\"ImageObject\",\"inLanguage\":\"es\",\"@id\":\"https:\/\/www.heartfailurematters.org\/es\/lo-que-pueden-hacer-su-medico-o-enfermero\/ablacion-con-cateter-de-arritmias-en-insuficiencia-cardiaca\/#primaryimage\",\"url\":\"https:\/\/www.heartfailurematters.org\/wp-content\/uploads\/2022\/02\/shutterstock_26945083-1-min.jpg\",\"contentUrl\":\"https:\/\/www.heartfailurematters.org\/wp-content\/uploads\/2022\/02\/shutterstock_26945083-1-min.jpg\",\"width\":900,\"height\":600},{\"@type\":\"BreadcrumbList\",\"@id\":\"https:\/\/www.heartfailurematters.org\/es\/lo-que-pueden-hacer-su-medico-o-enfermero\/ablacion-con-cateter-de-arritmias-en-insuficiencia-cardiaca\/#breadcrumb\",\"itemListElement\":[{\"@type\":\"ListItem\",\"position\":1,\"name\":\"Inicio\",\"item\":\"https:\/\/www.heartfailurematters.org\/es\/\"},{\"@type\":\"ListItem\",\"position\":2,\"name\":\"\u00bfQu\u00e9 puede hacer su m\u00e9dico?\",\"item\":\"https:\/\/www.heartfailurematters.org\/es\/lo-que-pueden-hacer-su-medico-o-enfermero\/\"},{\"@type\":\"ListItem\",\"position\":3,\"name\":\"Ablaci\u00f3n con cat\u00e9ter de arritmias en insuficiencia card\u00edaca\"}]},{\"@type\":\"WebSite\",\"@id\":\"https:\/\/www.heartfailurematters.org\/es\/#website\",\"url\":\"https:\/\/www.heartfailurematters.org\/es\/\",\"name\":\"Heart Failure Matters\",\"description\":\"Practical information for patients, families and caregivers.\",\"publisher\":{\"@id\":\"https:\/\/www.heartfailurematters.org\/es\/#organization\"},\"potentialAction\":[{\"@type\":\"SearchAction\",\"target\":{\"@type\":\"EntryPoint\",\"urlTemplate\":\"https:\/\/www.heartfailurematters.org\/es\/?s={search_term_string}\"},\"query-input\":{\"@type\":\"PropertyValueSpecification\",\"valueRequired\":true,\"valueName\":\"search_term_string\"}}],\"inLanguage\":\"es\"},{\"@type\":\"Organization\",\"@id\":\"https:\/\/www.heartfailurematters.org\/es\/#organization\",\"name\":\"Heart Failure Matters\",\"url\":\"https:\/\/www.heartfailurematters.org\/es\/\",\"logo\":{\"@type\":\"ImageObject\",\"inLanguage\":\"es\",\"@id\":\"https:\/\/www.heartfailurematters.org\/es\/#\/schema\/logo\/image\/\",\"url\":\"https:\/\/cdn-endpoint-hfm.azureedge.net\/heartfailurematters\/2024\/07\/hfm-logo1.jpg\",\"contentUrl\":\"https:\/\/cdn-endpoint-hfm.azureedge.net\/heartfailurematters\/2024\/07\/hfm-logo1.jpg\",\"width\":1280,\"height\":720,\"caption\":\"Heart Failure Matters\"},\"image\":{\"@id\":\"https:\/\/www.heartfailurematters.org\/es\/#\/schema\/logo\/image\/\"},\"sameAs\":[\"https:\/\/www.facebook.com\/heartfailurematters\"]}]}<\/script>\n<!-- \/ Yoast SEO plugin. -->","yoast_head_json":{"title":"Ablaci\u00f3n con cat\u00e9ter de arritmias en insuficiencia card\u00edaca","description":"Los episodios de latidos r\u00e1pidos (arritimias supraventriculares o ventriculares) suelen asociarse a un empeoramiento de los s\u00edntomas de la enfermedad.","robots":{"index":"index","follow":"follow","max-snippet":"max-snippet:-1","max-image-preview":"max-image-preview:large","max-video-preview":"max-video-preview:-1"},"canonical":"https:\/\/www.heartfailurematters.org\/es\/lo-que-pueden-hacer-su-medico-o-enfermero\/ablacion-con-cateter-de-arritmias-en-insuficiencia-cardiaca\/","og_locale":"es_ES","og_type":"article","og_title":"Ablaci\u00f3n con cat\u00e9ter de arritmias en insuficiencia card\u00edaca","og_description":"Los episodios de latidos r\u00e1pidos (arritimias supraventriculares o ventriculares) suelen asociarse a un empeoramiento de los s\u00edntomas de la enfermedad.","og_url":"https:\/\/www.heartfailurematters.org\/es\/lo-que-pueden-hacer-su-medico-o-enfermero\/ablacion-con-cateter-de-arritmias-en-insuficiencia-cardiaca\/","og_site_name":"Heart Failure Matters","article_publisher":"https:\/\/www.facebook.com\/heartfailurematters","article_modified_time":"2022-01-25T16:22:47+00:00","og_image":[{"width":900,"height":600,"url":"https:\/\/www.heartfailurematters.org\/wp-content\/uploads\/2022\/02\/shutterstock_26945083-1-min.jpg?_t=1773224778","type":"image\/jpeg"}],"twitter_card":"summary_large_image","twitter_misc":{"Tiempo de lectura":"4 minutos"},"schema":{"@context":"https:\/\/schema.org","@graph":[{"@type":"WebPage","@id":"https:\/\/www.heartfailurematters.org\/es\/lo-que-pueden-hacer-su-medico-o-enfermero\/ablacion-con-cateter-de-arritmias-en-insuficiencia-cardiaca\/","url":"https:\/\/www.heartfailurematters.org\/es\/lo-que-pueden-hacer-su-medico-o-enfermero\/ablacion-con-cateter-de-arritmias-en-insuficiencia-cardiaca\/","name":"Ablaci\u00f3n con cat\u00e9ter de arritmias en insuficiencia card\u00edaca","isPartOf":{"@id":"https:\/\/www.heartfailurematters.org\/es\/#website"},"primaryImageOfPage":{"@id":"https:\/\/www.heartfailurematters.org\/es\/lo-que-pueden-hacer-su-medico-o-enfermero\/ablacion-con-cateter-de-arritmias-en-insuficiencia-cardiaca\/#primaryimage"},"image":{"@id":"https:\/\/www.heartfailurematters.org\/es\/lo-que-pueden-hacer-su-medico-o-enfermero\/ablacion-con-cateter-de-arritmias-en-insuficiencia-cardiaca\/#primaryimage"},"thumbnailUrl":"https:\/\/www.heartfailurematters.org\/wp-content\/uploads\/2022\/02\/shutterstock_26945083-1-min.jpg","datePublished":"2021-01-27T22:08:39+00:00","dateModified":"2022-01-25T16:22:47+00:00","description":"Los episodios de latidos r\u00e1pidos (arritimias supraventriculares o ventriculares) suelen asociarse a un empeoramiento de los s\u00edntomas de la enfermedad.","breadcrumb":{"@id":"https:\/\/www.heartfailurematters.org\/es\/lo-que-pueden-hacer-su-medico-o-enfermero\/ablacion-con-cateter-de-arritmias-en-insuficiencia-cardiaca\/#breadcrumb"},"inLanguage":"es","potentialAction":[{"@type":"ReadAction","target":["https:\/\/www.heartfailurematters.org\/es\/lo-que-pueden-hacer-su-medico-o-enfermero\/ablacion-con-cateter-de-arritmias-en-insuficiencia-cardiaca\/"]}]},{"@type":"ImageObject","inLanguage":"es","@id":"https:\/\/www.heartfailurematters.org\/es\/lo-que-pueden-hacer-su-medico-o-enfermero\/ablacion-con-cateter-de-arritmias-en-insuficiencia-cardiaca\/#primaryimage","url":"https:\/\/www.heartfailurematters.org\/wp-content\/uploads\/2022\/02\/shutterstock_26945083-1-min.jpg","contentUrl":"https:\/\/www.heartfailurematters.org\/wp-content\/uploads\/2022\/02\/shutterstock_26945083-1-min.jpg","width":900,"height":600},{"@type":"BreadcrumbList","@id":"https:\/\/www.heartfailurematters.org\/es\/lo-que-pueden-hacer-su-medico-o-enfermero\/ablacion-con-cateter-de-arritmias-en-insuficiencia-cardiaca\/#breadcrumb","itemListElement":[{"@type":"ListItem","position":1,"name":"Inicio","item":"https:\/\/www.heartfailurematters.org\/es\/"},{"@type":"ListItem","position":2,"name":"\u00bfQu\u00e9 puede hacer su m\u00e9dico?","item":"https:\/\/www.heartfailurematters.org\/es\/lo-que-pueden-hacer-su-medico-o-enfermero\/"},{"@type":"ListItem","position":3,"name":"Ablaci\u00f3n con cat\u00e9ter de arritmias en insuficiencia card\u00edaca"}]},{"@type":"WebSite","@id":"https:\/\/www.heartfailurematters.org\/es\/#website","url":"https:\/\/www.heartfailurematters.org\/es\/","name":"Heart Failure Matters","description":"Practical information for patients, families and caregivers.","publisher":{"@id":"https:\/\/www.heartfailurematters.org\/es\/#organization"},"potentialAction":[{"@type":"SearchAction","target":{"@type":"EntryPoint","urlTemplate":"https:\/\/www.heartfailurematters.org\/es\/?s={search_term_string}"},"query-input":{"@type":"PropertyValueSpecification","valueRequired":true,"valueName":"search_term_string"}}],"inLanguage":"es"},{"@type":"Organization","@id":"https:\/\/www.heartfailurematters.org\/es\/#organization","name":"Heart Failure Matters","url":"https:\/\/www.heartfailurematters.org\/es\/","logo":{"@type":"ImageObject","inLanguage":"es","@id":"https:\/\/www.heartfailurematters.org\/es\/#\/schema\/logo\/image\/","url":"https:\/\/cdn-endpoint-hfm.azureedge.net\/heartfailurematters\/2024\/07\/hfm-logo1.jpg","contentUrl":"https:\/\/cdn-endpoint-hfm.azureedge.net\/heartfailurematters\/2024\/07\/hfm-logo1.jpg","width":1280,"height":720,"caption":"Heart Failure Matters"},"image":{"@id":"https:\/\/www.heartfailurematters.org\/es\/#\/schema\/logo\/image\/"},"sameAs":["https:\/\/www.facebook.com\/heartfailurematters"]}]}},"_links":{"self":[{"href":"https:\/\/www.heartfailurematters.org\/es\/wp-json\/wp\/v2\/pages\/2185","targetHints":{"allow":["GET"]}}],"collection":[{"href":"https:\/\/www.heartfailurematters.org\/es\/wp-json\/wp\/v2\/pages"}],"about":[{"href":"https:\/\/www.heartfailurematters.org\/es\/wp-json\/wp\/v2\/types\/page"}],"author":[{"embeddable":true,"href":"https:\/\/www.heartfailurematters.org\/es\/wp-json\/wp\/v2\/users\/1"}],"replies":[{"embeddable":true,"href":"https:\/\/www.heartfailurematters.org\/es\/wp-json\/wp\/v2\/comments?post=2185"}],"version-history":[{"count":1,"href":"https:\/\/www.heartfailurematters.org\/es\/wp-json\/wp\/v2\/pages\/2185\/revisions"}],"predecessor-version":[{"id":10469,"href":"https:\/\/www.heartfailurematters.org\/es\/wp-json\/wp\/v2\/pages\/2185\/revisions\/10469"}],"up":[{"embeddable":true,"href":"https:\/\/www.heartfailurematters.org\/es\/wp-json\/wp\/v2\/pages\/2684"}],"wp:featuredmedia":[{"embeddable":true,"href":"https:\/\/www.heartfailurematters.org\/es\/wp-json\/wp\/v2\/media\/10691"}],"wp:attachment":[{"href":"https:\/\/www.heartfailurematters.org\/es\/wp-json\/wp\/v2\/media?parent=2185"}],"wp:term":[{"taxonomy":"category","embeddable":true,"href":"https:\/\/www.heartfailurematters.org\/es\/wp-json\/wp\/v2\/categories?post=2185"},{"taxonomy":"post_tag","embeddable":true,"href":"https:\/\/www.heartfailurematters.org\/es\/wp-json\/wp\/v2\/tags?post=2185"}],"curies":[{"name":"wp","href":"https:\/\/api.w.org\/{rel}","templated":true}]}}