{"id":2174,"date":"2021-01-27T22:08:33","date_gmt":"2021-01-27T22:08:33","guid":{"rendered":"http:\/\/heartfailurematters.local:8888\/necesidad-de-orinar-por-la-noche\/"},"modified":"2021-02-16T15:33:18","modified_gmt":"2021-02-16T15:33:18","slug":"necesidad-de-orinar-por-la-noche","status":"publish","type":"page","link":"https:\/\/www.heartfailurematters.org\/es\/conocer-la-insuficiencia-cardiaca\/necesidad-de-orinar-por-la-noche\/","title":{"rendered":"Necesidad de orinar por la noche"},"content":{"rendered":"<p><img decoding=\"async\" class=\"alignleft size-full wp-image-6859\" src=\"https:\/\/www.heartfailurematters.org\/wp-content\/uploads\/2021\/02\/need-to-urinate-at-night.jpg\" alt=\"\" width=\"211\" height=\"206\" \/><\/p>\n<p>Cuando se acuesta por la noche, el l\u00edquido acumulado en las extremidades inferiores durante el d\u00eda puede regresar al flujo sangu\u00edneo y ser captado por los ri\u00f1ones para eliminarse como orina.<\/p>\n<p>Se puede reducir el n\u00famero de veces que hay que levantarse a orinar por la noche si orina antes de acostarse y disminuye la ingesti\u00f3n de l\u00edquidos por la tarde.<\/p>\n<p><a title=\"Click here\" href=\"https:\/\/www.heartfailurematters.org\/es\/lo-que-puede-hacer-usted\/adaptar-la-dieta-liquidos\/\">Haga clic aqu\u00ed<\/a> para informarse sobre el control de la ingesti\u00f3n de l\u00edquidos.<\/p>\n<p>Tambi\u00e9n es \u00fatil tomarse el <a class=\"addtooltip\" title=\"Clase de medicamentos que act\u00faa en los ri\u00f1ones para producir m\u00e1s orina, lo que reduce la retenci\u00f3n de l\u00edquido y la congesti\u00f3n.\"><strong>diur\u00e9tico<\/strong><\/a> por la ma\u00f1ana.<\/p>\n<p><a title=\"Volver a S\u00edntomas\" href=\"https:\/\/www.heartfailurematters.org\/es\/conocer-la-insuficiencia-cardiaca\/sintomas-de-la-insuficiencia-cardiaca\/\">Volver a S\u00edntomas<\/a><\/p>\n","protected":false},"excerpt":{"rendered":"<p>Cuando se acuesta por la noche, el l\u00edquido acumulado en las extremidades inferiores durante el d\u00eda puede regresar al flujo sangu\u00edneo y ser captado por los ri\u00f1ones para eliminarse como orina. Se puede reducir el n\u00famero de veces que hay que levantarse a orinar por la noche si orina antes de acostarse y disminuye la [&hellip;]<\/p>\n","protected":false},"author":1,"featured_media":0,"parent":2155,"menu_order":0,"comment_status":"open","ping_status":"open","template":"","meta":{"_acf_changed":false,"footnotes":""},"categories":[],"tags":[],"class_list":["post-2174","page","type-page","status-publish","hentry"],"acf":[],"yoast_head":"<!-- This site is optimized with the Yoast SEO plugin v24.8.1 - https:\/\/yoast.com\/wordpress\/plugins\/seo\/ -->\n<title>Necesidad de orinar por la noche - Heart Failure Matters<\/title>\n<meta name=\"description\" content=\"Si padece insuficiencia card\u00edaca, ocasionalmente sentir\u00e1 la necesidad de orinar durante la noche. Estos dos sencillos pasos pueden ayudarle a dormir mejor.\" \/>\n<meta name=\"robots\" content=\"index, follow, max-snippet:-1, max-image-preview:large, max-video-preview:-1\" \/>\n<link rel=\"canonical\" href=\"https:\/\/www.heartfailurematters.org\/es\/conocer-la-insuficiencia-cardiaca\/necesidad-de-orinar-por-la-noche\/\" \/>\n<meta property=\"og:locale\" content=\"es_ES\" \/>\n<meta property=\"og:type\" content=\"article\" \/>\n<meta property=\"og:title\" content=\"Necesidad de orinar por la noche - Heart Failure Matters\" \/>\n<meta property=\"og:description\" content=\"Si padece insuficiencia card\u00edaca, ocasionalmente sentir\u00e1 la necesidad de orinar durante la noche. Estos dos sencillos pasos pueden ayudarle a dormir mejor.\" \/>\n<meta property=\"og:url\" content=\"https:\/\/www.heartfailurematters.org\/es\/conocer-la-insuficiencia-cardiaca\/necesidad-de-orinar-por-la-noche\/\" \/>\n<meta property=\"og:site_name\" content=\"Heart Failure Matters\" \/>\n<meta property=\"article:publisher\" content=\"https:\/\/www.facebook.com\/heartfailurematters\" \/>\n<meta property=\"article:modified_time\" content=\"2021-02-16T15:33:18+00:00\" \/>\n<meta property=\"og:image\" content=\"https:\/\/www.heartfailurematters.org\/wp-content\/uploads\/2021\/02\/need-to-urinate-at-night.jpg\" \/>\n<meta name=\"twitter:card\" content=\"summary_large_image\" \/>\n<meta name=\"twitter:label1\" content=\"Tiempo de lectura\" \/>\n\t<meta name=\"twitter:data1\" content=\"1 minuto\" \/>\n<script type=\"application\/ld+json\" class=\"yoast-schema-graph\">{\"@context\":\"https:\/\/schema.org\",\"@graph\":[{\"@type\":\"WebPage\",\"@id\":\"https:\/\/www.heartfailurematters.org\/es\/conocer-la-insuficiencia-cardiaca\/necesidad-de-orinar-por-la-noche\/\",\"url\":\"https:\/\/www.heartfailurematters.org\/es\/conocer-la-insuficiencia-cardiaca\/necesidad-de-orinar-por-la-noche\/\",\"name\":\"Necesidad de orinar por la noche - Heart Failure Matters\",\"isPartOf\":{\"@id\":\"https:\/\/www.heartfailurematters.org\/es\/#website\"},\"primaryImageOfPage\":{\"@id\":\"https:\/\/www.heartfailurematters.org\/es\/conocer-la-insuficiencia-cardiaca\/necesidad-de-orinar-por-la-noche\/#primaryimage\"},\"image\":{\"@id\":\"https:\/\/www.heartfailurematters.org\/es\/conocer-la-insuficiencia-cardiaca\/necesidad-de-orinar-por-la-noche\/#primaryimage\"},\"thumbnailUrl\":\"https:\/\/www.heartfailurematters.org\/wp-content\/uploads\/2021\/02\/need-to-urinate-at-night.jpg\",\"datePublished\":\"2021-01-27T22:08:33+00:00\",\"dateModified\":\"2021-02-16T15:33:18+00:00\",\"description\":\"Si padece insuficiencia card\u00edaca, ocasionalmente sentir\u00e1 la necesidad de orinar durante la noche. Estos dos sencillos pasos pueden ayudarle a dormir mejor.\",\"breadcrumb\":{\"@id\":\"https:\/\/www.heartfailurematters.org\/es\/conocer-la-insuficiencia-cardiaca\/necesidad-de-orinar-por-la-noche\/#breadcrumb\"},\"inLanguage\":\"es\",\"potentialAction\":[{\"@type\":\"ReadAction\",\"target\":[\"https:\/\/www.heartfailurematters.org\/es\/conocer-la-insuficiencia-cardiaca\/necesidad-de-orinar-por-la-noche\/\"]}]},{\"@type\":\"ImageObject\",\"inLanguage\":\"es\",\"@id\":\"https:\/\/www.heartfailurematters.org\/es\/conocer-la-insuficiencia-cardiaca\/necesidad-de-orinar-por-la-noche\/#primaryimage\",\"url\":\"https:\/\/www.heartfailurematters.org\/wp-content\/uploads\/2021\/02\/need-to-urinate-at-night.jpg\",\"contentUrl\":\"https:\/\/www.heartfailurematters.org\/wp-content\/uploads\/2021\/02\/need-to-urinate-at-night.jpg\"},{\"@type\":\"BreadcrumbList\",\"@id\":\"https:\/\/www.heartfailurematters.org\/es\/conocer-la-insuficiencia-cardiaca\/necesidad-de-orinar-por-la-noche\/#breadcrumb\",\"itemListElement\":[{\"@type\":\"ListItem\",\"position\":1,\"name\":\"Inicio\",\"item\":\"https:\/\/www.heartfailurematters.org\/es\/\"},{\"@type\":\"ListItem\",\"position\":2,\"name\":\"Conocer la insuficiencia card\u00edaca\",\"item\":\"https:\/\/www.heartfailurematters.org\/es\/conocer-la-insuficiencia-cardiaca\/\"},{\"@type\":\"ListItem\",\"position\":3,\"name\":\"Necesidad de orinar por la noche\"}]},{\"@type\":\"WebSite\",\"@id\":\"https:\/\/www.heartfailurematters.org\/es\/#website\",\"url\":\"https:\/\/www.heartfailurematters.org\/es\/\",\"name\":\"Heart Failure Matters\",\"description\":\"Practical information for patients, families and caregivers.\",\"publisher\":{\"@id\":\"https:\/\/www.heartfailurematters.org\/es\/#organization\"},\"potentialAction\":[{\"@type\":\"SearchAction\",\"target\":{\"@type\":\"EntryPoint\",\"urlTemplate\":\"https:\/\/www.heartfailurematters.org\/es\/?s={search_term_string}\"},\"query-input\":{\"@type\":\"PropertyValueSpecification\",\"valueRequired\":true,\"valueName\":\"search_term_string\"}}],\"inLanguage\":\"es\"},{\"@type\":\"Organization\",\"@id\":\"https:\/\/www.heartfailurematters.org\/es\/#organization\",\"name\":\"Heart Failure Matters\",\"url\":\"https:\/\/www.heartfailurematters.org\/es\/\",\"logo\":{\"@type\":\"ImageObject\",\"inLanguage\":\"es\",\"@id\":\"https:\/\/www.heartfailurematters.org\/es\/#\/schema\/logo\/image\/\",\"url\":\"https:\/\/cdn-endpoint-hfm.azureedge.net\/heartfailurematters\/2024\/07\/hfm-logo1.jpg\",\"contentUrl\":\"https:\/\/cdn-endpoint-hfm.azureedge.net\/heartfailurematters\/2024\/07\/hfm-logo1.jpg\",\"width\":1280,\"height\":720,\"caption\":\"Heart Failure Matters\"},\"image\":{\"@id\":\"https:\/\/www.heartfailurematters.org\/es\/#\/schema\/logo\/image\/\"},\"sameAs\":[\"https:\/\/www.facebook.com\/heartfailurematters\"]}]}<\/script>\n<!-- \/ Yoast SEO plugin. -->","yoast_head_json":{"title":"Necesidad de orinar por la noche - Heart Failure Matters","description":"Si padece insuficiencia card\u00edaca, ocasionalmente sentir\u00e1 la necesidad de orinar durante la noche. Estos dos sencillos pasos pueden ayudarle a dormir mejor.","robots":{"index":"index","follow":"follow","max-snippet":"max-snippet:-1","max-image-preview":"max-image-preview:large","max-video-preview":"max-video-preview:-1"},"canonical":"https:\/\/www.heartfailurematters.org\/es\/conocer-la-insuficiencia-cardiaca\/necesidad-de-orinar-por-la-noche\/","og_locale":"es_ES","og_type":"article","og_title":"Necesidad de orinar por la noche - Heart Failure Matters","og_description":"Si padece insuficiencia card\u00edaca, ocasionalmente sentir\u00e1 la necesidad de orinar durante la noche. Estos dos sencillos pasos pueden ayudarle a dormir mejor.","og_url":"https:\/\/www.heartfailurematters.org\/es\/conocer-la-insuficiencia-cardiaca\/necesidad-de-orinar-por-la-noche\/","og_site_name":"Heart Failure Matters","article_publisher":"https:\/\/www.facebook.com\/heartfailurematters","article_modified_time":"2021-02-16T15:33:18+00:00","og_image":[{"url":"https:\/\/www.heartfailurematters.org\/wp-content\/uploads\/2021\/02\/need-to-urinate-at-night.jpg","type":"","width":"","height":""}],"twitter_card":"summary_large_image","twitter_misc":{"Tiempo de lectura":"1 minuto"},"schema":{"@context":"https:\/\/schema.org","@graph":[{"@type":"WebPage","@id":"https:\/\/www.heartfailurematters.org\/es\/conocer-la-insuficiencia-cardiaca\/necesidad-de-orinar-por-la-noche\/","url":"https:\/\/www.heartfailurematters.org\/es\/conocer-la-insuficiencia-cardiaca\/necesidad-de-orinar-por-la-noche\/","name":"Necesidad de orinar por la noche - Heart Failure Matters","isPartOf":{"@id":"https:\/\/www.heartfailurematters.org\/es\/#website"},"primaryImageOfPage":{"@id":"https:\/\/www.heartfailurematters.org\/es\/conocer-la-insuficiencia-cardiaca\/necesidad-de-orinar-por-la-noche\/#primaryimage"},"image":{"@id":"https:\/\/www.heartfailurematters.org\/es\/conocer-la-insuficiencia-cardiaca\/necesidad-de-orinar-por-la-noche\/#primaryimage"},"thumbnailUrl":"https:\/\/www.heartfailurematters.org\/wp-content\/uploads\/2021\/02\/need-to-urinate-at-night.jpg","datePublished":"2021-01-27T22:08:33+00:00","dateModified":"2021-02-16T15:33:18+00:00","description":"Si padece insuficiencia card\u00edaca, ocasionalmente sentir\u00e1 la necesidad de orinar durante la noche. Estos dos sencillos pasos pueden ayudarle a dormir mejor.","breadcrumb":{"@id":"https:\/\/www.heartfailurematters.org\/es\/conocer-la-insuficiencia-cardiaca\/necesidad-de-orinar-por-la-noche\/#breadcrumb"},"inLanguage":"es","potentialAction":[{"@type":"ReadAction","target":["https:\/\/www.heartfailurematters.org\/es\/conocer-la-insuficiencia-cardiaca\/necesidad-de-orinar-por-la-noche\/"]}]},{"@type":"ImageObject","inLanguage":"es","@id":"https:\/\/www.heartfailurematters.org\/es\/conocer-la-insuficiencia-cardiaca\/necesidad-de-orinar-por-la-noche\/#primaryimage","url":"https:\/\/www.heartfailurematters.org\/wp-content\/uploads\/2021\/02\/need-to-urinate-at-night.jpg","contentUrl":"https:\/\/www.heartfailurematters.org\/wp-content\/uploads\/2021\/02\/need-to-urinate-at-night.jpg"},{"@type":"BreadcrumbList","@id":"https:\/\/www.heartfailurematters.org\/es\/conocer-la-insuficiencia-cardiaca\/necesidad-de-orinar-por-la-noche\/#breadcrumb","itemListElement":[{"@type":"ListItem","position":1,"name":"Inicio","item":"https:\/\/www.heartfailurematters.org\/es\/"},{"@type":"ListItem","position":2,"name":"Conocer la insuficiencia card\u00edaca","item":"https:\/\/www.heartfailurematters.org\/es\/conocer-la-insuficiencia-cardiaca\/"},{"@type":"ListItem","position":3,"name":"Necesidad de orinar por la noche"}]},{"@type":"WebSite","@id":"https:\/\/www.heartfailurematters.org\/es\/#website","url":"https:\/\/www.heartfailurematters.org\/es\/","name":"Heart Failure Matters","description":"Practical information for patients, families and caregivers.","publisher":{"@id":"https:\/\/www.heartfailurematters.org\/es\/#organization"},"potentialAction":[{"@type":"SearchAction","target":{"@type":"EntryPoint","urlTemplate":"https:\/\/www.heartfailurematters.org\/es\/?s={search_term_string}"},"query-input":{"@type":"PropertyValueSpecification","valueRequired":true,"valueName":"search_term_string"}}],"inLanguage":"es"},{"@type":"Organization","@id":"https:\/\/www.heartfailurematters.org\/es\/#organization","name":"Heart Failure Matters","url":"https:\/\/www.heartfailurematters.org\/es\/","logo":{"@type":"ImageObject","inLanguage":"es","@id":"https:\/\/www.heartfailurematters.org\/es\/#\/schema\/logo\/image\/","url":"https:\/\/cdn-endpoint-hfm.azureedge.net\/heartfailurematters\/2024\/07\/hfm-logo1.jpg","contentUrl":"https:\/\/cdn-endpoint-hfm.azureedge.net\/heartfailurematters\/2024\/07\/hfm-logo1.jpg","width":1280,"height":720,"caption":"Heart Failure Matters"},"image":{"@id":"https:\/\/www.heartfailurematters.org\/es\/#\/schema\/logo\/image\/"},"sameAs":["https:\/\/www.facebook.com\/heartfailurematters"]}]}},"_links":{"self":[{"href":"https:\/\/www.heartfailurematters.org\/es\/wp-json\/wp\/v2\/pages\/2174","targetHints":{"allow":["GET"]}}],"collection":[{"href":"https:\/\/www.heartfailurematters.org\/es\/wp-json\/wp\/v2\/pages"}],"about":[{"href":"https:\/\/www.heartfailurematters.org\/es\/wp-json\/wp\/v2\/types\/page"}],"author":[{"embeddable":true,"href":"https:\/\/www.heartfailurematters.org\/es\/wp-json\/wp\/v2\/users\/1"}],"replies":[{"embeddable":true,"href":"https:\/\/www.heartfailurematters.org\/es\/wp-json\/wp\/v2\/comments?post=2174"}],"version-history":[{"count":1,"href":"https:\/\/www.heartfailurematters.org\/es\/wp-json\/wp\/v2\/pages\/2174\/revisions"}],"predecessor-version":[{"id":6871,"href":"https:\/\/www.heartfailurematters.org\/es\/wp-json\/wp\/v2\/pages\/2174\/revisions\/6871"}],"up":[{"embeddable":true,"href":"https:\/\/www.heartfailurematters.org\/es\/wp-json\/wp\/v2\/pages\/2155"}],"wp:attachment":[{"href":"https:\/\/www.heartfailurematters.org\/es\/wp-json\/wp\/v2\/media?parent=2174"}],"wp:term":[{"taxonomy":"category","embeddable":true,"href":"https:\/\/www.heartfailurematters.org\/es\/wp-json\/wp\/v2\/categories?post=2174"},{"taxonomy":"post_tag","embeddable":true,"href":"https:\/\/www.heartfailurematters.org\/es\/wp-json\/wp\/v2\/tags?post=2174"}],"curies":[{"name":"wp","href":"https:\/\/api.w.org\/{rel}","templated":true}]}}