{"id":2172,"date":"2021-01-27T22:08:33","date_gmt":"2021-01-27T22:08:33","guid":{"rendered":"http:\/\/heartfailurematters.local:8888\/analisis-de-sangre\/"},"modified":"2026-01-16T14:32:49","modified_gmt":"2026-01-16T14:32:49","slug":"analisis-de-sangre","status":"publish","type":"page","link":"https:\/\/www.heartfailurematters.org\/es\/conocer-la-insuficiencia-cardiaca\/analisis-de-sangre\/","title":{"rendered":"An\u00e1lisis de sangre"},"content":{"rendered":"<p>Los an\u00e1lisis de sangre pueden ser \u00fatiles para detectar signos de insuficiencia card\u00edaca en los pacientes y buscar posibles causas, desencadenantes o complicaciones de la insuficiencia card\u00edaca.<\/p>\n<h2>P\u00e9ptido natriur\u00e9tico (BNP, NT-proBNP):<\/h2>\n<p>El coraz\u00f3n libera hormonas, denominadas p\u00e9ptidos natriur\u00e9ticos, cuando se distiende el m\u00fasculo card\u00edaco debido a la presi\u00f3n o al l\u00edquido. Estas hormonas tienen un efecto diur\u00e9tico y de p\u00e9rdida de sal leve, lo que es beneficioso para los pacientes con insuficiencia card\u00edaca. Se pueden medir de forma rutinaria dos tipos de p\u00e9ptidos natriur\u00e9ticos, el BNP o el NT-proBNP, mediante un sencillo an\u00e1lisis de sangre realizado por su m\u00e9dico de cabecera o cardi\u00f3logo. Se observa una concentraci\u00f3n elevada de p\u00e9ptido natriur\u00e9tico en pacientes con insuficiencia card\u00edaca, y las concentraciones aumentar\u00e1n si cambia la insuficiencia card\u00edaca del paciente. Por lo tanto, la medici\u00f3n del BNP en pacientes con insuficiencia card\u00edaca es \u00fatil tanto para el diagn\u00f3stico como para las decisiones terap\u00e9uticas. El BNP y el NT-proBNP pueden aumentar en otras afecciones, como la nefropat\u00eda, y reducirse en personas obesas. Es importante destacar que un valor normal de BNP en una persona que no est\u00e1 siendo tratada por insuficiencia card\u00edaca indica que los s\u00edntomas se deben muy probablemente a otras causas, es decir, que es muy improbable que se trate de insuficiencia card\u00edaca. Esto hace que la prueba tambi\u00e9n sea muy \u00fatil para detectar la insuficiencia card\u00edaca.<\/p>\n<h2>Otros an\u00e1lisis de sangre:<\/h2>\n<p>Si se sospecha de insuficiencia card\u00edaca, se pueden realizar varios an\u00e1lisis de sangre. No existe una lista establecida de an\u00e1lisis de sangre que deban realizarse a todos los pacientes con insuficiencia card\u00edaca. El n\u00famero de pruebas de laboratorio necesarias depende de factores como la edad, la gravedad de los s\u00edntomas y las comorbilidades conocidas, como <strong>diabetes<\/strong>, anemia o funci\u00f3n renal reducida. Una vez diagnosticada la insuficiencia card\u00edaca, los an\u00e1lisis de sangre pueden ayudar a comprobar si hay otros \u00f3rganos afectados. Estos an\u00e1lisis de sangre detectar\u00e1n cualquier desequilibrio hidroelectrol\u00edtico, diabetes, problemas hep\u00e1ticos o renales, alteraciones en la funci\u00f3n tiroidea, anemia, falta de hierro y concentraciones elevadas de p\u00e9ptidos natriur\u00e9ticos. Es posible que algunos de estos an\u00e1lisis de sangre deban realizarse peri\u00f3dicamente para controlar la evoluci\u00f3n del paciente a lo largo del tiempo.<\/p>\n<p><a href=\"https:\/\/www.heartfailurematters.org\/understanding-heart-failure\/common-tests-for-heart-failure\/\">Volver a Pruebas comunes para la insuficiencia card\u00edaca<\/a><\/p>\n","protected":false},"excerpt":{"rendered":"<p>Los an\u00e1lisis de sangre pueden ser \u00fatiles para detectar signos de insuficiencia card\u00edaca en los pacientes y buscar posibles causas, desencadenantes o complicaciones de la insuficiencia card\u00edaca. P\u00e9ptido natriur\u00e9tico (BNP, NT-proBNP): El coraz\u00f3n libera hormonas, denominadas p\u00e9ptidos natriur\u00e9ticos, cuando se distiende el m\u00fasculo card\u00edaco debido a la presi\u00f3n o al l\u00edquido. Estas hormonas tienen un [&hellip;]<\/p>\n","protected":false},"author":1,"featured_media":10631,"parent":2155,"menu_order":0,"comment_status":"open","ping_status":"open","template":"","meta":{"_acf_changed":false,"footnotes":""},"categories":[],"tags":[],"class_list":["post-2172","page","type-page","status-publish","has-post-thumbnail","hentry"],"acf":[],"yoast_head":"<!-- This site is optimized with the Yoast SEO plugin v24.8.1 - https:\/\/yoast.com\/wordpress\/plugins\/seo\/ -->\n<title>An\u00e1lisis de sangre para pacientes con insuficiencia card\u00edaca<\/title>\n<meta name=\"description\" content=\"Los an\u00e1lisis de sangre son \u00fatiles para detectar la insuficiencia card\u00edaca y buscar sus causas. Por ejemplo, el BNP alto se ha relacionado con la insuficiencia card\u00edaca.\" \/>\n<meta name=\"robots\" content=\"index, follow, max-snippet:-1, max-image-preview:large, max-video-preview:-1\" \/>\n<link rel=\"canonical\" href=\"https:\/\/www.heartfailurematters.org\/es\/conocer-la-insuficiencia-cardiaca\/analisis-de-sangre\/\" \/>\n<meta property=\"og:locale\" content=\"es_ES\" \/>\n<meta property=\"og:type\" content=\"article\" \/>\n<meta property=\"og:title\" content=\"An\u00e1lisis de sangre para pacientes con insuficiencia card\u00edaca\" \/>\n<meta property=\"og:description\" content=\"Los an\u00e1lisis de sangre son \u00fatiles para detectar la insuficiencia card\u00edaca y buscar sus causas. Por ejemplo, el BNP alto se ha relacionado con la insuficiencia card\u00edaca.\" \/>\n<meta property=\"og:url\" content=\"https:\/\/www.heartfailurematters.org\/es\/conocer-la-insuficiencia-cardiaca\/analisis-de-sangre\/\" \/>\n<meta property=\"og:site_name\" content=\"Heart Failure Matters\" \/>\n<meta property=\"article:publisher\" content=\"https:\/\/www.facebook.com\/heartfailurematters\" \/>\n<meta property=\"article:modified_time\" content=\"2026-01-16T14:32:49+00:00\" \/>\n<meta property=\"og:image\" content=\"https:\/\/www.heartfailurematters.org\/wp-content\/uploads\/2022\/02\/shutterstock_1114244621-1-min.jpg\" \/>\n\t<meta property=\"og:image:width\" content=\"900\" \/>\n\t<meta property=\"og:image:height\" content=\"596\" \/>\n\t<meta property=\"og:image:type\" content=\"image\/jpeg\" \/>\n<meta name=\"twitter:card\" content=\"summary_large_image\" \/>\n<meta name=\"twitter:label1\" content=\"Tiempo de lectura\" \/>\n\t<meta name=\"twitter:data1\" content=\"1 minuto\" \/>\n<script type=\"application\/ld+json\" class=\"yoast-schema-graph\">{\"@context\":\"https:\/\/schema.org\",\"@graph\":[{\"@type\":\"WebPage\",\"@id\":\"https:\/\/www.heartfailurematters.org\/es\/conocer-la-insuficiencia-cardiaca\/analisis-de-sangre\/\",\"url\":\"https:\/\/www.heartfailurematters.org\/es\/conocer-la-insuficiencia-cardiaca\/analisis-de-sangre\/\",\"name\":\"An\u00e1lisis de sangre para pacientes con insuficiencia card\u00edaca\",\"isPartOf\":{\"@id\":\"https:\/\/www.heartfailurematters.org\/es\/#website\"},\"primaryImageOfPage\":{\"@id\":\"https:\/\/www.heartfailurematters.org\/es\/conocer-la-insuficiencia-cardiaca\/analisis-de-sangre\/#primaryimage\"},\"image\":{\"@id\":\"https:\/\/www.heartfailurematters.org\/es\/conocer-la-insuficiencia-cardiaca\/analisis-de-sangre\/#primaryimage\"},\"thumbnailUrl\":\"https:\/\/www.heartfailurematters.org\/wp-content\/uploads\/2022\/02\/shutterstock_1114244621-1-min.jpg\",\"datePublished\":\"2021-01-27T22:08:33+00:00\",\"dateModified\":\"2026-01-16T14:32:49+00:00\",\"description\":\"Los an\u00e1lisis de sangre son \u00fatiles para detectar la insuficiencia card\u00edaca y buscar sus causas. Por ejemplo, el BNP alto se ha relacionado con la insuficiencia card\u00edaca.\",\"breadcrumb\":{\"@id\":\"https:\/\/www.heartfailurematters.org\/es\/conocer-la-insuficiencia-cardiaca\/analisis-de-sangre\/#breadcrumb\"},\"inLanguage\":\"es\",\"potentialAction\":[{\"@type\":\"ReadAction\",\"target\":[\"https:\/\/www.heartfailurematters.org\/es\/conocer-la-insuficiencia-cardiaca\/analisis-de-sangre\/\"]}]},{\"@type\":\"ImageObject\",\"inLanguage\":\"es\",\"@id\":\"https:\/\/www.heartfailurematters.org\/es\/conocer-la-insuficiencia-cardiaca\/analisis-de-sangre\/#primaryimage\",\"url\":\"https:\/\/www.heartfailurematters.org\/wp-content\/uploads\/2022\/02\/shutterstock_1114244621-1-min.jpg\",\"contentUrl\":\"https:\/\/www.heartfailurematters.org\/wp-content\/uploads\/2022\/02\/shutterstock_1114244621-1-min.jpg\",\"width\":900,\"height\":596},{\"@type\":\"BreadcrumbList\",\"@id\":\"https:\/\/www.heartfailurematters.org\/es\/conocer-la-insuficiencia-cardiaca\/analisis-de-sangre\/#breadcrumb\",\"itemListElement\":[{\"@type\":\"ListItem\",\"position\":1,\"name\":\"Inicio\",\"item\":\"https:\/\/www.heartfailurematters.org\/es\/\"},{\"@type\":\"ListItem\",\"position\":2,\"name\":\"Conocer la insuficiencia card\u00edaca\",\"item\":\"https:\/\/www.heartfailurematters.org\/es\/conocer-la-insuficiencia-cardiaca\/\"},{\"@type\":\"ListItem\",\"position\":3,\"name\":\"An\u00e1lisis de sangre\"}]},{\"@type\":\"WebSite\",\"@id\":\"https:\/\/www.heartfailurematters.org\/es\/#website\",\"url\":\"https:\/\/www.heartfailurematters.org\/es\/\",\"name\":\"Heart Failure Matters\",\"description\":\"Practical information for patients, families and caregivers.\",\"publisher\":{\"@id\":\"https:\/\/www.heartfailurematters.org\/es\/#organization\"},\"potentialAction\":[{\"@type\":\"SearchAction\",\"target\":{\"@type\":\"EntryPoint\",\"urlTemplate\":\"https:\/\/www.heartfailurematters.org\/es\/?s={search_term_string}\"},\"query-input\":{\"@type\":\"PropertyValueSpecification\",\"valueRequired\":true,\"valueName\":\"search_term_string\"}}],\"inLanguage\":\"es\"},{\"@type\":\"Organization\",\"@id\":\"https:\/\/www.heartfailurematters.org\/es\/#organization\",\"name\":\"Heart Failure Matters\",\"url\":\"https:\/\/www.heartfailurematters.org\/es\/\",\"logo\":{\"@type\":\"ImageObject\",\"inLanguage\":\"es\",\"@id\":\"https:\/\/www.heartfailurematters.org\/es\/#\/schema\/logo\/image\/\",\"url\":\"https:\/\/cdn-endpoint-hfm.azureedge.net\/heartfailurematters\/2024\/07\/hfm-logo1.jpg\",\"contentUrl\":\"https:\/\/cdn-endpoint-hfm.azureedge.net\/heartfailurematters\/2024\/07\/hfm-logo1.jpg\",\"width\":1280,\"height\":720,\"caption\":\"Heart Failure Matters\"},\"image\":{\"@id\":\"https:\/\/www.heartfailurematters.org\/es\/#\/schema\/logo\/image\/\"},\"sameAs\":[\"https:\/\/www.facebook.com\/heartfailurematters\"]}]}<\/script>\n<!-- \/ Yoast SEO plugin. -->","yoast_head_json":{"title":"An\u00e1lisis de sangre para pacientes con insuficiencia card\u00edaca","description":"Los an\u00e1lisis de sangre son \u00fatiles para detectar la insuficiencia card\u00edaca y buscar sus causas. Por ejemplo, el BNP alto se ha relacionado con la insuficiencia card\u00edaca.","robots":{"index":"index","follow":"follow","max-snippet":"max-snippet:-1","max-image-preview":"max-image-preview:large","max-video-preview":"max-video-preview:-1"},"canonical":"https:\/\/www.heartfailurematters.org\/es\/conocer-la-insuficiencia-cardiaca\/analisis-de-sangre\/","og_locale":"es_ES","og_type":"article","og_title":"An\u00e1lisis de sangre para pacientes con insuficiencia card\u00edaca","og_description":"Los an\u00e1lisis de sangre son \u00fatiles para detectar la insuficiencia card\u00edaca y buscar sus causas. Por ejemplo, el BNP alto se ha relacionado con la insuficiencia card\u00edaca.","og_url":"https:\/\/www.heartfailurematters.org\/es\/conocer-la-insuficiencia-cardiaca\/analisis-de-sangre\/","og_site_name":"Heart Failure Matters","article_publisher":"https:\/\/www.facebook.com\/heartfailurematters","article_modified_time":"2026-01-16T14:32:49+00:00","og_image":[{"width":900,"height":596,"url":"https:\/\/www.heartfailurematters.org\/wp-content\/uploads\/2022\/02\/shutterstock_1114244621-1-min.jpg","type":"image\/jpeg"}],"twitter_card":"summary_large_image","twitter_misc":{"Tiempo de lectura":"1 minuto"},"schema":{"@context":"https:\/\/schema.org","@graph":[{"@type":"WebPage","@id":"https:\/\/www.heartfailurematters.org\/es\/conocer-la-insuficiencia-cardiaca\/analisis-de-sangre\/","url":"https:\/\/www.heartfailurematters.org\/es\/conocer-la-insuficiencia-cardiaca\/analisis-de-sangre\/","name":"An\u00e1lisis de sangre para pacientes con insuficiencia card\u00edaca","isPartOf":{"@id":"https:\/\/www.heartfailurematters.org\/es\/#website"},"primaryImageOfPage":{"@id":"https:\/\/www.heartfailurematters.org\/es\/conocer-la-insuficiencia-cardiaca\/analisis-de-sangre\/#primaryimage"},"image":{"@id":"https:\/\/www.heartfailurematters.org\/es\/conocer-la-insuficiencia-cardiaca\/analisis-de-sangre\/#primaryimage"},"thumbnailUrl":"https:\/\/www.heartfailurematters.org\/wp-content\/uploads\/2022\/02\/shutterstock_1114244621-1-min.jpg","datePublished":"2021-01-27T22:08:33+00:00","dateModified":"2026-01-16T14:32:49+00:00","description":"Los an\u00e1lisis de sangre son \u00fatiles para detectar la insuficiencia card\u00edaca y buscar sus causas. Por ejemplo, el BNP alto se ha relacionado con la insuficiencia card\u00edaca.","breadcrumb":{"@id":"https:\/\/www.heartfailurematters.org\/es\/conocer-la-insuficiencia-cardiaca\/analisis-de-sangre\/#breadcrumb"},"inLanguage":"es","potentialAction":[{"@type":"ReadAction","target":["https:\/\/www.heartfailurematters.org\/es\/conocer-la-insuficiencia-cardiaca\/analisis-de-sangre\/"]}]},{"@type":"ImageObject","inLanguage":"es","@id":"https:\/\/www.heartfailurematters.org\/es\/conocer-la-insuficiencia-cardiaca\/analisis-de-sangre\/#primaryimage","url":"https:\/\/www.heartfailurematters.org\/wp-content\/uploads\/2022\/02\/shutterstock_1114244621-1-min.jpg","contentUrl":"https:\/\/www.heartfailurematters.org\/wp-content\/uploads\/2022\/02\/shutterstock_1114244621-1-min.jpg","width":900,"height":596},{"@type":"BreadcrumbList","@id":"https:\/\/www.heartfailurematters.org\/es\/conocer-la-insuficiencia-cardiaca\/analisis-de-sangre\/#breadcrumb","itemListElement":[{"@type":"ListItem","position":1,"name":"Inicio","item":"https:\/\/www.heartfailurematters.org\/es\/"},{"@type":"ListItem","position":2,"name":"Conocer la insuficiencia card\u00edaca","item":"https:\/\/www.heartfailurematters.org\/es\/conocer-la-insuficiencia-cardiaca\/"},{"@type":"ListItem","position":3,"name":"An\u00e1lisis de sangre"}]},{"@type":"WebSite","@id":"https:\/\/www.heartfailurematters.org\/es\/#website","url":"https:\/\/www.heartfailurematters.org\/es\/","name":"Heart Failure Matters","description":"Practical information for patients, families and caregivers.","publisher":{"@id":"https:\/\/www.heartfailurematters.org\/es\/#organization"},"potentialAction":[{"@type":"SearchAction","target":{"@type":"EntryPoint","urlTemplate":"https:\/\/www.heartfailurematters.org\/es\/?s={search_term_string}"},"query-input":{"@type":"PropertyValueSpecification","valueRequired":true,"valueName":"search_term_string"}}],"inLanguage":"es"},{"@type":"Organization","@id":"https:\/\/www.heartfailurematters.org\/es\/#organization","name":"Heart Failure Matters","url":"https:\/\/www.heartfailurematters.org\/es\/","logo":{"@type":"ImageObject","inLanguage":"es","@id":"https:\/\/www.heartfailurematters.org\/es\/#\/schema\/logo\/image\/","url":"https:\/\/cdn-endpoint-hfm.azureedge.net\/heartfailurematters\/2024\/07\/hfm-logo1.jpg","contentUrl":"https:\/\/cdn-endpoint-hfm.azureedge.net\/heartfailurematters\/2024\/07\/hfm-logo1.jpg","width":1280,"height":720,"caption":"Heart Failure Matters"},"image":{"@id":"https:\/\/www.heartfailurematters.org\/es\/#\/schema\/logo\/image\/"},"sameAs":["https:\/\/www.facebook.com\/heartfailurematters"]}]}},"_links":{"self":[{"href":"https:\/\/www.heartfailurematters.org\/es\/wp-json\/wp\/v2\/pages\/2172","targetHints":{"allow":["GET"]}}],"collection":[{"href":"https:\/\/www.heartfailurematters.org\/es\/wp-json\/wp\/v2\/pages"}],"about":[{"href":"https:\/\/www.heartfailurematters.org\/es\/wp-json\/wp\/v2\/types\/page"}],"author":[{"embeddable":true,"href":"https:\/\/www.heartfailurematters.org\/es\/wp-json\/wp\/v2\/users\/1"}],"replies":[{"embeddable":true,"href":"https:\/\/www.heartfailurematters.org\/es\/wp-json\/wp\/v2\/comments?post=2172"}],"version-history":[{"count":4,"href":"https:\/\/www.heartfailurematters.org\/es\/wp-json\/wp\/v2\/pages\/2172\/revisions"}],"predecessor-version":[{"id":13835,"href":"https:\/\/www.heartfailurematters.org\/es\/wp-json\/wp\/v2\/pages\/2172\/revisions\/13835"}],"up":[{"embeddable":true,"href":"https:\/\/www.heartfailurematters.org\/es\/wp-json\/wp\/v2\/pages\/2155"}],"wp:featuredmedia":[{"embeddable":true,"href":"https:\/\/www.heartfailurematters.org\/es\/wp-json\/wp\/v2\/media\/10631"}],"wp:attachment":[{"href":"https:\/\/www.heartfailurematters.org\/es\/wp-json\/wp\/v2\/media?parent=2172"}],"wp:term":[{"taxonomy":"category","embeddable":true,"href":"https:\/\/www.heartfailurematters.org\/es\/wp-json\/wp\/v2\/categories?post=2172"},{"taxonomy":"post_tag","embeddable":true,"href":"https:\/\/www.heartfailurematters.org\/es\/wp-json\/wp\/v2\/tags?post=2172"}],"curies":[{"name":"wp","href":"https:\/\/api.w.org\/{rel}","templated":true}]}}