{"id":2171,"date":"2021-01-27T22:08:33","date_gmt":"2021-01-27T22:08:33","guid":{"rendered":"http:\/\/heartfailurematters.local:8888\/antagonistas-del-receptor-de-la-aldosterona-o-antagonistas-del-receptor-mineralocorticoide-arm\/"},"modified":"2026-01-16T14:32:47","modified_gmt":"2026-01-16T14:32:47","slug":"antagonistas-del-receptor-de-la-aldosterona-o-antagonistas-del-receptor-mineralocorticoide-arm","status":"publish","type":"page","link":"https:\/\/www.heartfailurematters.org\/es\/lo-que-pueden-hacer-su-medico-o-enfermero\/antagonistas-del-receptor-de-la-aldosterona-o-antagonistas-del-receptor-mineralocorticoide-arm\/","title":{"rendered":"Antagonistas del receptor de la aldosterona o antagonistas de los receptores de mineralocorticoides (ARM)"},"content":{"rendered":"<h2>\u00bfQu\u00e9 hacen?<\/h2>\n<p><a class=\"addtooltip\" title=\"&lt;div id='ToolTipTextWrap'&gt;antagonistas del receptor de la aldosterona&lt;\/div&gt;&lt;p&gt;Clase de medicamentos utilizados para disminuir la presi\u00f3n arterial, reducir la congesti\u00f3n y proteger el coraz\u00f3n.&lt;\/p&gt;\"><strong>Antagonistas del receptor de la aldosterona<\/strong><\/a>, tambi\u00e9n llamados ARM, bloquean los efectos de una <a class=\"addtooltip\" title=\"&lt;div id='ToolTipTextWrap'&gt;hormonas&lt;\/div&gt;&lt;p&gt; Sustancias liberadas en la sangre por diversas gl\u00e1ndulas del organismo, que regulan funciones esenciales.&lt;\/p&gt;\"><strong>hormona<\/strong><\/a> producida naturalmente por sus <a class=\"addtooltip\" title=\"&lt;div id='ToolTipTextWrap\u201d&gt;gl\u00e1ndulas suprarrenales&lt;\/div&gt;&lt;p&gt;Gl\u00e1ndulas situadas encima de los ri\u00f1ones. Secretan hormonas que ayudan a controlar la presi\u00f3n arterial, la funci\u00f3n renal, el uso de los alimentos por el organismo y otras funciones vitales.&lt;\/p&gt;\"><strong>gl\u00e1ndulas suprarrenales<\/strong><\/a> que puede empeorar su insuficiencia card\u00edaca. Los antagonistas del receptor de la aldosterona afectan al equilibrio de agua y sales que evan a la orina y son <a class=\"addtooltip\" title=\"&lt;div id='ToolTipTextWrap\u201d&gt;diur\u00e9tico&lt;\/div&gt;&lt;p&gt; Clase de medicamentos que act\u00faa en los ri\u00f1ones para producir m\u00e1s orina, lo que reduce la retenci\u00f3n de l\u00edquido y la congesti\u00f3n.&lt;\/p&gt;\"><strong>diur\u00e9ticos<\/strong><\/a> suaves. Ayudan a bajar la presi\u00f3n arterial, reducen la <a class=\"addtooltip\" title=\"&lt;div id='ToolTipTextWrap'&gt;congesti\u00f3n&lt;\/div&gt;&lt;p&gt; Exceso de l\u00edquido en alg\u00fan lugar del organismo.&lt;\/p&gt;\"><strong>congesti\u00f3n<\/strong><\/a> y, por lo tanto, protegen el coraz\u00f3n.<\/p>\n<p>Se ha demostrado que los antagonistas del receptor de la aldosterona son particularmente efectivos en la insuficiencia card\u00edaca avanzada y, a menudo, se toman junto con otros medicamentos para la insuficiencia card\u00edaca.<\/p>\n<h2>\u00bfCu\u00e1les son los beneficios previstos?<\/h2>\n<p>Se ha demostrado que los antagonistas del receptor de la aldosterona o ARM reducen las hospitalizaciones relacionadas con la insuficiencia card\u00edaca, prolongan la vida y mejoran la tolerancia al ejercicio y la calidad de vida.<\/p>\n<h2>Efectos secundarios<\/h2>\n<p>Este medicamento a veces puede afectar la funci\u00f3n renal y tambi\u00e9n puede aumentar la concentraci\u00f3n de <a class=\"addtooltip\" title=\"&lt;div id='ToolTipTextWrap'&gt;potassium&lt;\/div&gt;&lt;p&gt; Mineral esencial necesario para la funci\u00f3n normal de las c\u00e9lulas del organismo. Los diur\u00e9ticos pueden disminuir el potasio.&lt;\/p&gt;\"><strong>potasio<\/strong><\/a>. Esto es especialmente importante para los pacientes que tambi\u00e9n usan <a class=\"addtooltip\" title=\"&lt;div id='ToolTipTextWrap'&gt;inhibidores de la enzima convertidora de la angiotensina (IECA) &lt;\/div&gt;&lt;p&gt; Clase de medicamentos que inhiben la producci\u00f3n de angiotensina II y disminuyen la presi\u00f3n arterial.&lt;\/p&gt;\"><strong>inhibidores de la ECA<\/strong><\/a> o <a class=\"addtooltip\" title=\"&lt;div id='ToolTipTextWrap'&gt;antagonistas del receptor de la angiotensina (ARA)&lt;\/div&gt;&lt;p&gt; Clase de medicamentos que bloquean las acciones de la angiotensina II y disminuyen la presi\u00f3n arterial.&lt;\/p&gt;\"><strong>ARA<\/strong><\/a>. Su m\u00e9dico controlar\u00e1 su funci\u00f3n renal y la concentraci\u00f3n de potasio a trav\u00e9s de an\u00e1lisis de sangre regulares.<\/p>\n<p>En algunos casos raros, los antagonistas del receptor de la aldosterona pueden causar aumento o sensibilidad en las mamas, sobre todo en hombres. Los medicamentos m\u00e1s nuevos no tienen este efecto.<\/p>\n<h2>Tambi\u00e9n se conoce como:<\/h2>\n<ul>\n<li><strong>Espironolactona<br \/>\n<\/strong>(Aldactone\u00ae)<\/li>\n<li><strong>Eplerenona<br \/>\n<\/strong>(Inspra\u00ae)<\/li>\n<li><strong>Productos combinados<br \/>\n<\/strong>(Aldactide\u00ae, Lasilactone\u00ae)<\/li>\n<li><strong>Finerenona<\/strong><br \/>\n(Kerendia\u00ae, Firialta\u00ae)<\/li>\n<\/ul>\n<p><a href=\"https:\/\/www.heartfailurematters.org\/what-your-doctor-can-do\/heart-failure-medicines\/\">Volver a Medicamentos para la insuficiencia card\u00edaca.<\/a><\/p>\n<p>&nbsp;<\/p>\n<h2\/>\n","protected":false},"excerpt":{"rendered":"<p>\u00bfQu\u00e9 hacen? Antagonistas del receptor de la aldosterona, tambi\u00e9n llamados ARM, bloquean los efectos de una hormona producida naturalmente por sus gl\u00e1ndulas suprarrenales que puede empeorar su insuficiencia card\u00edaca. Los antagonistas del receptor de la aldosterona afectan al equilibrio de agua y sales que evan a la orina y son diur\u00e9ticos suaves. Ayudan a bajar [&hellip;]<\/p>\n","protected":false},"author":1,"featured_media":10873,"parent":2684,"menu_order":0,"comment_status":"open","ping_status":"open","template":"","meta":{"_acf_changed":false,"footnotes":""},"categories":[],"tags":[],"class_list":["post-2171","page","type-page","status-publish","has-post-thumbnail","hentry"],"acf":[],"yoast_head":"<!-- This site is optimized with the Yoast SEO plugin v24.8.1 - https:\/\/yoast.com\/wordpress\/plugins\/seo\/ -->\n<title>Antagonistas del receptor de la aldosterona (ARM)<\/title>\n<meta name=\"description\" content=\"Antagonistas del receptor de la aldosterona: descubra qu\u00e9 son, cu\u00e1l es su funci\u00f3n y sus posibles efectos secundarios en personas que sufren insuficiencia card\u00edaca\" \/>\n<meta name=\"robots\" content=\"index, follow, max-snippet:-1, max-image-preview:large, max-video-preview:-1\" \/>\n<link rel=\"canonical\" href=\"https:\/\/www.heartfailurematters.org\/es\/lo-que-pueden-hacer-su-medico-o-enfermero\/antagonistas-del-receptor-de-la-aldosterona-o-antagonistas-del-receptor-mineralocorticoide-arm\/\" \/>\n<meta property=\"og:locale\" content=\"es_ES\" \/>\n<meta property=\"og:type\" content=\"article\" \/>\n<meta property=\"og:title\" content=\"Antagonistas del receptor de la aldosterona (ARM)\" \/>\n<meta property=\"og:description\" content=\"Antagonistas del receptor de la aldosterona: descubra qu\u00e9 son, cu\u00e1l es su funci\u00f3n y sus posibles efectos secundarios en personas que sufren insuficiencia card\u00edaca\" \/>\n<meta property=\"og:url\" content=\"https:\/\/www.heartfailurematters.org\/es\/lo-que-pueden-hacer-su-medico-o-enfermero\/antagonistas-del-receptor-de-la-aldosterona-o-antagonistas-del-receptor-mineralocorticoide-arm\/\" \/>\n<meta property=\"og:site_name\" content=\"Heart Failure Matters\" \/>\n<meta property=\"article:publisher\" content=\"https:\/\/www.facebook.com\/heartfailurematters\" \/>\n<meta property=\"article:modified_time\" content=\"2026-01-16T14:32:47+00:00\" \/>\n<meta property=\"og:image\" content=\"https:\/\/www.heartfailurematters.org\/wp-content\/uploads\/2022\/03\/shutterstock_441673426-1-min.jpg\" \/>\n\t<meta property=\"og:image:width\" content=\"900\" \/>\n\t<meta property=\"og:image:height\" content=\"596\" \/>\n\t<meta property=\"og:image:type\" content=\"image\/jpeg\" \/>\n<meta name=\"twitter:card\" content=\"summary_large_image\" \/>\n<meta name=\"twitter:label1\" content=\"Tiempo de lectura\" \/>\n\t<meta name=\"twitter:data1\" content=\"2 minutos\" \/>\n<script type=\"application\/ld+json\" class=\"yoast-schema-graph\">{\"@context\":\"https:\/\/schema.org\",\"@graph\":[{\"@type\":\"WebPage\",\"@id\":\"https:\/\/www.heartfailurematters.org\/es\/lo-que-pueden-hacer-su-medico-o-enfermero\/antagonistas-del-receptor-de-la-aldosterona-o-antagonistas-del-receptor-mineralocorticoide-arm\/\",\"url\":\"https:\/\/www.heartfailurematters.org\/es\/lo-que-pueden-hacer-su-medico-o-enfermero\/antagonistas-del-receptor-de-la-aldosterona-o-antagonistas-del-receptor-mineralocorticoide-arm\/\",\"name\":\"Antagonistas del receptor de la aldosterona (ARM)\",\"isPartOf\":{\"@id\":\"https:\/\/www.heartfailurematters.org\/es\/#website\"},\"primaryImageOfPage\":{\"@id\":\"https:\/\/www.heartfailurematters.org\/es\/lo-que-pueden-hacer-su-medico-o-enfermero\/antagonistas-del-receptor-de-la-aldosterona-o-antagonistas-del-receptor-mineralocorticoide-arm\/#primaryimage\"},\"image\":{\"@id\":\"https:\/\/www.heartfailurematters.org\/es\/lo-que-pueden-hacer-su-medico-o-enfermero\/antagonistas-del-receptor-de-la-aldosterona-o-antagonistas-del-receptor-mineralocorticoide-arm\/#primaryimage\"},\"thumbnailUrl\":\"https:\/\/www.heartfailurematters.org\/wp-content\/uploads\/2022\/03\/shutterstock_441673426-1-min.jpg\",\"datePublished\":\"2021-01-27T22:08:33+00:00\",\"dateModified\":\"2026-01-16T14:32:47+00:00\",\"description\":\"Antagonistas del receptor de la aldosterona: descubra qu\u00e9 son, cu\u00e1l es su funci\u00f3n y sus posibles efectos secundarios en personas que sufren insuficiencia card\u00edaca\",\"breadcrumb\":{\"@id\":\"https:\/\/www.heartfailurematters.org\/es\/lo-que-pueden-hacer-su-medico-o-enfermero\/antagonistas-del-receptor-de-la-aldosterona-o-antagonistas-del-receptor-mineralocorticoide-arm\/#breadcrumb\"},\"inLanguage\":\"es\",\"potentialAction\":[{\"@type\":\"ReadAction\",\"target\":[\"https:\/\/www.heartfailurematters.org\/es\/lo-que-pueden-hacer-su-medico-o-enfermero\/antagonistas-del-receptor-de-la-aldosterona-o-antagonistas-del-receptor-mineralocorticoide-arm\/\"]}]},{\"@type\":\"ImageObject\",\"inLanguage\":\"es\",\"@id\":\"https:\/\/www.heartfailurematters.org\/es\/lo-que-pueden-hacer-su-medico-o-enfermero\/antagonistas-del-receptor-de-la-aldosterona-o-antagonistas-del-receptor-mineralocorticoide-arm\/#primaryimage\",\"url\":\"https:\/\/www.heartfailurematters.org\/wp-content\/uploads\/2022\/03\/shutterstock_441673426-1-min.jpg\",\"contentUrl\":\"https:\/\/www.heartfailurematters.org\/wp-content\/uploads\/2022\/03\/shutterstock_441673426-1-min.jpg\",\"width\":900,\"height\":596},{\"@type\":\"BreadcrumbList\",\"@id\":\"https:\/\/www.heartfailurematters.org\/es\/lo-que-pueden-hacer-su-medico-o-enfermero\/antagonistas-del-receptor-de-la-aldosterona-o-antagonistas-del-receptor-mineralocorticoide-arm\/#breadcrumb\",\"itemListElement\":[{\"@type\":\"ListItem\",\"position\":1,\"name\":\"Inicio\",\"item\":\"https:\/\/www.heartfailurematters.org\/es\/\"},{\"@type\":\"ListItem\",\"position\":2,\"name\":\"\u00bfQu\u00e9 puede hacer su m\u00e9dico?\",\"item\":\"https:\/\/www.heartfailurematters.org\/es\/lo-que-pueden-hacer-su-medico-o-enfermero\/\"},{\"@type\":\"ListItem\",\"position\":3,\"name\":\"Antagonistas del receptor de la aldosterona o antagonistas de los receptores de mineralocorticoides (ARM)\"}]},{\"@type\":\"WebSite\",\"@id\":\"https:\/\/www.heartfailurematters.org\/es\/#website\",\"url\":\"https:\/\/www.heartfailurematters.org\/es\/\",\"name\":\"Heart Failure Matters\",\"description\":\"Practical information for patients, families and caregivers.\",\"publisher\":{\"@id\":\"https:\/\/www.heartfailurematters.org\/es\/#organization\"},\"potentialAction\":[{\"@type\":\"SearchAction\",\"target\":{\"@type\":\"EntryPoint\",\"urlTemplate\":\"https:\/\/www.heartfailurematters.org\/es\/?s={search_term_string}\"},\"query-input\":{\"@type\":\"PropertyValueSpecification\",\"valueRequired\":true,\"valueName\":\"search_term_string\"}}],\"inLanguage\":\"es\"},{\"@type\":\"Organization\",\"@id\":\"https:\/\/www.heartfailurematters.org\/es\/#organization\",\"name\":\"Heart Failure Matters\",\"url\":\"https:\/\/www.heartfailurematters.org\/es\/\",\"logo\":{\"@type\":\"ImageObject\",\"inLanguage\":\"es\",\"@id\":\"https:\/\/www.heartfailurematters.org\/es\/#\/schema\/logo\/image\/\",\"url\":\"https:\/\/cdn-endpoint-hfm.azureedge.net\/heartfailurematters\/2024\/07\/hfm-logo1.jpg\",\"contentUrl\":\"https:\/\/cdn-endpoint-hfm.azureedge.net\/heartfailurematters\/2024\/07\/hfm-logo1.jpg\",\"width\":1280,\"height\":720,\"caption\":\"Heart Failure Matters\"},\"image\":{\"@id\":\"https:\/\/www.heartfailurematters.org\/es\/#\/schema\/logo\/image\/\"},\"sameAs\":[\"https:\/\/www.facebook.com\/heartfailurematters\"]}]}<\/script>\n<!-- \/ Yoast SEO plugin. -->","yoast_head_json":{"title":"Antagonistas del receptor de la aldosterona (ARM)","description":"Antagonistas del receptor de la aldosterona: descubra qu\u00e9 son, cu\u00e1l es su funci\u00f3n y sus posibles efectos secundarios en personas que sufren insuficiencia card\u00edaca","robots":{"index":"index","follow":"follow","max-snippet":"max-snippet:-1","max-image-preview":"max-image-preview:large","max-video-preview":"max-video-preview:-1"},"canonical":"https:\/\/www.heartfailurematters.org\/es\/lo-que-pueden-hacer-su-medico-o-enfermero\/antagonistas-del-receptor-de-la-aldosterona-o-antagonistas-del-receptor-mineralocorticoide-arm\/","og_locale":"es_ES","og_type":"article","og_title":"Antagonistas del receptor de la aldosterona (ARM)","og_description":"Antagonistas del receptor de la aldosterona: descubra qu\u00e9 son, cu\u00e1l es su funci\u00f3n y sus posibles efectos secundarios en personas que sufren insuficiencia card\u00edaca","og_url":"https:\/\/www.heartfailurematters.org\/es\/lo-que-pueden-hacer-su-medico-o-enfermero\/antagonistas-del-receptor-de-la-aldosterona-o-antagonistas-del-receptor-mineralocorticoide-arm\/","og_site_name":"Heart Failure Matters","article_publisher":"https:\/\/www.facebook.com\/heartfailurematters","article_modified_time":"2026-01-16T14:32:47+00:00","og_image":[{"width":900,"height":596,"url":"https:\/\/www.heartfailurematters.org\/wp-content\/uploads\/2022\/03\/shutterstock_441673426-1-min.jpg","type":"image\/jpeg"}],"twitter_card":"summary_large_image","twitter_misc":{"Tiempo de lectura":"2 minutos"},"schema":{"@context":"https:\/\/schema.org","@graph":[{"@type":"WebPage","@id":"https:\/\/www.heartfailurematters.org\/es\/lo-que-pueden-hacer-su-medico-o-enfermero\/antagonistas-del-receptor-de-la-aldosterona-o-antagonistas-del-receptor-mineralocorticoide-arm\/","url":"https:\/\/www.heartfailurematters.org\/es\/lo-que-pueden-hacer-su-medico-o-enfermero\/antagonistas-del-receptor-de-la-aldosterona-o-antagonistas-del-receptor-mineralocorticoide-arm\/","name":"Antagonistas del receptor de la aldosterona (ARM)","isPartOf":{"@id":"https:\/\/www.heartfailurematters.org\/es\/#website"},"primaryImageOfPage":{"@id":"https:\/\/www.heartfailurematters.org\/es\/lo-que-pueden-hacer-su-medico-o-enfermero\/antagonistas-del-receptor-de-la-aldosterona-o-antagonistas-del-receptor-mineralocorticoide-arm\/#primaryimage"},"image":{"@id":"https:\/\/www.heartfailurematters.org\/es\/lo-que-pueden-hacer-su-medico-o-enfermero\/antagonistas-del-receptor-de-la-aldosterona-o-antagonistas-del-receptor-mineralocorticoide-arm\/#primaryimage"},"thumbnailUrl":"https:\/\/www.heartfailurematters.org\/wp-content\/uploads\/2022\/03\/shutterstock_441673426-1-min.jpg","datePublished":"2021-01-27T22:08:33+00:00","dateModified":"2026-01-16T14:32:47+00:00","description":"Antagonistas del receptor de la aldosterona: descubra qu\u00e9 son, cu\u00e1l es su funci\u00f3n y sus posibles efectos secundarios en personas que sufren insuficiencia card\u00edaca","breadcrumb":{"@id":"https:\/\/www.heartfailurematters.org\/es\/lo-que-pueden-hacer-su-medico-o-enfermero\/antagonistas-del-receptor-de-la-aldosterona-o-antagonistas-del-receptor-mineralocorticoide-arm\/#breadcrumb"},"inLanguage":"es","potentialAction":[{"@type":"ReadAction","target":["https:\/\/www.heartfailurematters.org\/es\/lo-que-pueden-hacer-su-medico-o-enfermero\/antagonistas-del-receptor-de-la-aldosterona-o-antagonistas-del-receptor-mineralocorticoide-arm\/"]}]},{"@type":"ImageObject","inLanguage":"es","@id":"https:\/\/www.heartfailurematters.org\/es\/lo-que-pueden-hacer-su-medico-o-enfermero\/antagonistas-del-receptor-de-la-aldosterona-o-antagonistas-del-receptor-mineralocorticoide-arm\/#primaryimage","url":"https:\/\/www.heartfailurematters.org\/wp-content\/uploads\/2022\/03\/shutterstock_441673426-1-min.jpg","contentUrl":"https:\/\/www.heartfailurematters.org\/wp-content\/uploads\/2022\/03\/shutterstock_441673426-1-min.jpg","width":900,"height":596},{"@type":"BreadcrumbList","@id":"https:\/\/www.heartfailurematters.org\/es\/lo-que-pueden-hacer-su-medico-o-enfermero\/antagonistas-del-receptor-de-la-aldosterona-o-antagonistas-del-receptor-mineralocorticoide-arm\/#breadcrumb","itemListElement":[{"@type":"ListItem","position":1,"name":"Inicio","item":"https:\/\/www.heartfailurematters.org\/es\/"},{"@type":"ListItem","position":2,"name":"\u00bfQu\u00e9 puede hacer su m\u00e9dico?","item":"https:\/\/www.heartfailurematters.org\/es\/lo-que-pueden-hacer-su-medico-o-enfermero\/"},{"@type":"ListItem","position":3,"name":"Antagonistas del receptor de la aldosterona o antagonistas de los receptores de mineralocorticoides (ARM)"}]},{"@type":"WebSite","@id":"https:\/\/www.heartfailurematters.org\/es\/#website","url":"https:\/\/www.heartfailurematters.org\/es\/","name":"Heart Failure Matters","description":"Practical information for patients, families and caregivers.","publisher":{"@id":"https:\/\/www.heartfailurematters.org\/es\/#organization"},"potentialAction":[{"@type":"SearchAction","target":{"@type":"EntryPoint","urlTemplate":"https:\/\/www.heartfailurematters.org\/es\/?s={search_term_string}"},"query-input":{"@type":"PropertyValueSpecification","valueRequired":true,"valueName":"search_term_string"}}],"inLanguage":"es"},{"@type":"Organization","@id":"https:\/\/www.heartfailurematters.org\/es\/#organization","name":"Heart Failure Matters","url":"https:\/\/www.heartfailurematters.org\/es\/","logo":{"@type":"ImageObject","inLanguage":"es","@id":"https:\/\/www.heartfailurematters.org\/es\/#\/schema\/logo\/image\/","url":"https:\/\/cdn-endpoint-hfm.azureedge.net\/heartfailurematters\/2024\/07\/hfm-logo1.jpg","contentUrl":"https:\/\/cdn-endpoint-hfm.azureedge.net\/heartfailurematters\/2024\/07\/hfm-logo1.jpg","width":1280,"height":720,"caption":"Heart Failure Matters"},"image":{"@id":"https:\/\/www.heartfailurematters.org\/es\/#\/schema\/logo\/image\/"},"sameAs":["https:\/\/www.facebook.com\/heartfailurematters"]}]}},"_links":{"self":[{"href":"https:\/\/www.heartfailurematters.org\/es\/wp-json\/wp\/v2\/pages\/2171","targetHints":{"allow":["GET"]}}],"collection":[{"href":"https:\/\/www.heartfailurematters.org\/es\/wp-json\/wp\/v2\/pages"}],"about":[{"href":"https:\/\/www.heartfailurematters.org\/es\/wp-json\/wp\/v2\/types\/page"}],"author":[{"embeddable":true,"href":"https:\/\/www.heartfailurematters.org\/es\/wp-json\/wp\/v2\/users\/1"}],"replies":[{"embeddable":true,"href":"https:\/\/www.heartfailurematters.org\/es\/wp-json\/wp\/v2\/comments?post=2171"}],"version-history":[{"count":7,"href":"https:\/\/www.heartfailurematters.org\/es\/wp-json\/wp\/v2\/pages\/2171\/revisions"}],"predecessor-version":[{"id":13831,"href":"https:\/\/www.heartfailurematters.org\/es\/wp-json\/wp\/v2\/pages\/2171\/revisions\/13831"}],"up":[{"embeddable":true,"href":"https:\/\/www.heartfailurematters.org\/es\/wp-json\/wp\/v2\/pages\/2684"}],"wp:featuredmedia":[{"embeddable":true,"href":"https:\/\/www.heartfailurematters.org\/es\/wp-json\/wp\/v2\/media\/10873"}],"wp:attachment":[{"href":"https:\/\/www.heartfailurematters.org\/es\/wp-json\/wp\/v2\/media?parent=2171"}],"wp:term":[{"taxonomy":"category","embeddable":true,"href":"https:\/\/www.heartfailurematters.org\/es\/wp-json\/wp\/v2\/categories?post=2171"},{"taxonomy":"post_tag","embeddable":true,"href":"https:\/\/www.heartfailurematters.org\/es\/wp-json\/wp\/v2\/tags?post=2171"}],"curies":[{"name":"wp","href":"https:\/\/api.w.org\/{rel}","templated":true}]}}