{"id":2170,"date":"2021-01-27T22:08:33","date_gmt":"2021-01-27T22:08:33","guid":{"rendered":"http:\/\/heartfailurematters.local:8888\/disnea\/"},"modified":"2022-01-25T15:28:12","modified_gmt":"2022-01-25T15:28:12","slug":"disnea","status":"publish","type":"page","link":"https:\/\/www.heartfailurematters.org\/es\/conocer-la-insuficiencia-cardiaca\/disnea\/","title":{"rendered":"Disnea"},"content":{"rendered":"<p><img decoding=\"async\" class=\"size-full wp-image-6495 alignleft\" src=\"https:\/\/cdn-endpoint-hfm.azureedge.net\/heartfailurematters\/2021\/02\/Shortness-of-breath.jpg\" alt=\"\" width=\"211\" height=\"206\" \/><\/p>\n<p>La disnea (dificultad para respirar) est\u00e1 causada por <a class=\"addtooltip\" title=\"Cuando hay demasiado l\u00edquido en la sangre que circula por el organismo y hay congesti\u00f3n, la presi\u00f3n aumenta en los vasos sangu\u00edneos. Entonces, el l\u00edquido se escapa a los tejidos circundantes, donde se acumula causando edema.\"><strong title=\"\">acumulaci\u00f3n de l\u00edquido<\/strong><\/a> y <a class=\"addtooltip\" title=\"Exceso de l\u00edquido en alg\u00fan lugar del organismo.\"><strong title=\"\">congesti\u00f3n<\/strong><\/a> en los pulmones. Los pulmones con l\u00edquido no pueden intercambiar el ox\u00edgeno con facilidad. Es probable que en las fases iniciales de la insuficiencia card\u00edaca solo experimente disnea despu\u00e9s de hacer ejercicio, pero si su insuficiencia card\u00edaca empeora, puede que la note tambi\u00e9n en reposo. Puede sentir m\u00e1s disnea mientras est\u00e1 tumbado, porque el l\u00edquido de los pulmones se mueve con la gravedad, lo que \u00abencharca\u00bb a\u00fan m\u00e1s los pulmones (piense en el l\u00edquido de una botella en posici\u00f3n vertical y lo que ocurre cuando se coloca la botella en posici\u00f3n horizontal). Si nota disnea por la noche o al estar tumbado, ponga m\u00e1s almohadas para descansar en una posici\u00f3n m\u00e1s vertical. Si siempre tiene disnea por la noche, p\u00f3ngase en contacto con su m\u00e9dico o enfermera.<\/p>\n<table style=\"width: 579px;\" border=\"1\" cellspacing=\"0\" cellpadding=\"0\">\n<tbody>\n<tr>\n<td style=\"width: 201px;\">\n<h2>Animaci\u00f3n<\/h2>\n<\/td>\n<td style=\"vertical-align: middle; text-align: left;\"><\/td>\n<\/tr>\n<tr>\n<td style=\"width: 186px;\"><a class=\"lightview\" href=\"https:\/\/www.youtube.com\/embed\/HpaHyDVqNY4?hl=es_ES&amp;autoplay=1;&amp;version=3&amp;rel=0&amp;showinfo=0\" data-lightview-caption=\"The animation below shows how heart failure can lead to fluid accumulation in the body, affecting appetite and weight gain and leading to swolling legs and ankles.\" data-lightview-title=\"How heart failure causes fluid accumulation\" data-lightview-options=\"width: 620, height: 450\"><img decoding=\"async\" class=\"alignnone wp-image-5046 size-full\" src=\"https:\/\/cdn-endpoint-hfm.azureedge.net\/heartfailurematters\/2021\/02\/04-animation.jpg?_t=1641567666\" alt=\"\" width=\"180\" height=\"130\" \/><\/a><\/td>\n<td style=\"vertical-align: middle; text-align: left;\">Animaci\u00f3n que explica c\u00f3mo la insuficiencia card\u00edaca causa acumulaci\u00f3n de l\u00edquido<\/td>\n<\/tr>\n<\/tbody>\n<\/table>\n<p><a title=\"Volver a S\u00edntomas\" href=\"https:\/\/www.heartfailurematters.org\/es\/conocer-la-insuficiencia-cardiaca\/sintomas-de-la-insuficiencia-cardiaca\/\" data-lightview-caption=\"The animation below shows how heart failure can lead to fluid accumulation in the body, affecting appetite and weight gain and leading to swolling legs and ankles.\" data-lightview-title=\"How heart failure causes fluid accumulation\" data-lightview-options=\"width: 620, height: 450\">Volver a S\u00edntomas<\/a><\/p>\n","protected":false},"excerpt":{"rendered":"<p>La disnea (dificultad para respirar) est\u00e1 causada por acumulaci\u00f3n de l\u00edquido y congesti\u00f3n en los pulmones. Los pulmones con l\u00edquido no pueden intercambiar el ox\u00edgeno con facilidad. Es probable que en las fases iniciales de la insuficiencia card\u00edaca solo experimente disnea despu\u00e9s de hacer ejercicio, pero si su insuficiencia card\u00edaca empeora, puede que la note [&hellip;]<\/p>\n","protected":false},"author":1,"featured_media":0,"parent":2155,"menu_order":0,"comment_status":"open","ping_status":"open","template":"","meta":{"_acf_changed":false,"footnotes":""},"categories":[],"tags":[],"class_list":["post-2170","page","type-page","status-publish","hentry"],"acf":[],"yoast_head":"<!-- This site is optimized with the Yoast SEO plugin v24.8.1 - https:\/\/yoast.com\/wordpress\/plugins\/seo\/ -->\n<title>Disnea - Heart Failure Matters<\/title>\n<meta name=\"description\" content=\"El l\u00edquido en los pulmones causa dificultad respiratoria. Es posible que sienta dificultad para respirar despu\u00e9s de hacer ejercicio y en reposo. M\u00e1s informaci\u00f3n\" \/>\n<meta name=\"robots\" content=\"index, follow, max-snippet:-1, max-image-preview:large, max-video-preview:-1\" \/>\n<link rel=\"canonical\" href=\"https:\/\/www.heartfailurematters.org\/es\/conocer-la-insuficiencia-cardiaca\/disnea\/\" \/>\n<meta property=\"og:locale\" content=\"es_ES\" \/>\n<meta property=\"og:type\" content=\"article\" \/>\n<meta property=\"og:title\" content=\"Disnea - Heart Failure Matters\" \/>\n<meta property=\"og:description\" content=\"El l\u00edquido en los pulmones causa dificultad respiratoria. Es posible que sienta dificultad para respirar despu\u00e9s de hacer ejercicio y en reposo. M\u00e1s informaci\u00f3n\" \/>\n<meta property=\"og:url\" content=\"https:\/\/www.heartfailurematters.org\/es\/conocer-la-insuficiencia-cardiaca\/disnea\/\" \/>\n<meta property=\"og:site_name\" content=\"Heart Failure Matters\" \/>\n<meta property=\"article:publisher\" content=\"https:\/\/www.facebook.com\/heartfailurematters\" \/>\n<meta property=\"article:modified_time\" content=\"2022-01-25T15:28:12+00:00\" \/>\n<meta property=\"og:image\" content=\"https:\/\/cdn-endpoint-hfm.azureedge.net\/heartfailurematters\/2021\/02\/Shortness-of-breath.jpg\" \/>\n<meta name=\"twitter:card\" content=\"summary_large_image\" \/>\n<meta name=\"twitter:label1\" content=\"Tiempo de lectura\" \/>\n\t<meta name=\"twitter:data1\" content=\"2 minutos\" \/>\n<script type=\"application\/ld+json\" class=\"yoast-schema-graph\">{\"@context\":\"https:\/\/schema.org\",\"@graph\":[{\"@type\":\"WebPage\",\"@id\":\"https:\/\/www.heartfailurematters.org\/es\/conocer-la-insuficiencia-cardiaca\/disnea\/\",\"url\":\"https:\/\/www.heartfailurematters.org\/es\/conocer-la-insuficiencia-cardiaca\/disnea\/\",\"name\":\"Disnea - Heart Failure Matters\",\"isPartOf\":{\"@id\":\"https:\/\/www.heartfailurematters.org\/es\/#website\"},\"primaryImageOfPage\":{\"@id\":\"https:\/\/www.heartfailurematters.org\/es\/conocer-la-insuficiencia-cardiaca\/disnea\/#primaryimage\"},\"image\":{\"@id\":\"https:\/\/www.heartfailurematters.org\/es\/conocer-la-insuficiencia-cardiaca\/disnea\/#primaryimage\"},\"thumbnailUrl\":\"https:\/\/cdn-endpoint-hfm.azureedge.net\/heartfailurematters\/2021\/02\/Shortness-of-breath.jpg\",\"datePublished\":\"2021-01-27T22:08:33+00:00\",\"dateModified\":\"2022-01-25T15:28:12+00:00\",\"description\":\"El l\u00edquido en los pulmones causa dificultad respiratoria. Es posible que sienta dificultad para respirar despu\u00e9s de hacer ejercicio y en reposo. M\u00e1s informaci\u00f3n\",\"breadcrumb\":{\"@id\":\"https:\/\/www.heartfailurematters.org\/es\/conocer-la-insuficiencia-cardiaca\/disnea\/#breadcrumb\"},\"inLanguage\":\"es\",\"potentialAction\":[{\"@type\":\"ReadAction\",\"target\":[\"https:\/\/www.heartfailurematters.org\/es\/conocer-la-insuficiencia-cardiaca\/disnea\/\"]}]},{\"@type\":\"ImageObject\",\"inLanguage\":\"es\",\"@id\":\"https:\/\/www.heartfailurematters.org\/es\/conocer-la-insuficiencia-cardiaca\/disnea\/#primaryimage\",\"url\":\"https:\/\/cdn-endpoint-hfm.azureedge.net\/heartfailurematters\/2021\/02\/Shortness-of-breath.jpg\",\"contentUrl\":\"https:\/\/cdn-endpoint-hfm.azureedge.net\/heartfailurematters\/2021\/02\/Shortness-of-breath.jpg\"},{\"@type\":\"BreadcrumbList\",\"@id\":\"https:\/\/www.heartfailurematters.org\/es\/conocer-la-insuficiencia-cardiaca\/disnea\/#breadcrumb\",\"itemListElement\":[{\"@type\":\"ListItem\",\"position\":1,\"name\":\"Inicio\",\"item\":\"https:\/\/www.heartfailurematters.org\/es\/\"},{\"@type\":\"ListItem\",\"position\":2,\"name\":\"Conocer la insuficiencia card\u00edaca\",\"item\":\"https:\/\/www.heartfailurematters.org\/es\/conocer-la-insuficiencia-cardiaca\/\"},{\"@type\":\"ListItem\",\"position\":3,\"name\":\"Disnea\"}]},{\"@type\":\"WebSite\",\"@id\":\"https:\/\/www.heartfailurematters.org\/es\/#website\",\"url\":\"https:\/\/www.heartfailurematters.org\/es\/\",\"name\":\"Heart Failure Matters\",\"description\":\"Practical information for patients, families and caregivers.\",\"publisher\":{\"@id\":\"https:\/\/www.heartfailurematters.org\/es\/#organization\"},\"potentialAction\":[{\"@type\":\"SearchAction\",\"target\":{\"@type\":\"EntryPoint\",\"urlTemplate\":\"https:\/\/www.heartfailurematters.org\/es\/?s={search_term_string}\"},\"query-input\":{\"@type\":\"PropertyValueSpecification\",\"valueRequired\":true,\"valueName\":\"search_term_string\"}}],\"inLanguage\":\"es\"},{\"@type\":\"Organization\",\"@id\":\"https:\/\/www.heartfailurematters.org\/es\/#organization\",\"name\":\"Heart Failure Matters\",\"url\":\"https:\/\/www.heartfailurematters.org\/es\/\",\"logo\":{\"@type\":\"ImageObject\",\"inLanguage\":\"es\",\"@id\":\"https:\/\/www.heartfailurematters.org\/es\/#\/schema\/logo\/image\/\",\"url\":\"https:\/\/cdn-endpoint-hfm.azureedge.net\/heartfailurematters\/2024\/07\/hfm-logo1.jpg\",\"contentUrl\":\"https:\/\/cdn-endpoint-hfm.azureedge.net\/heartfailurematters\/2024\/07\/hfm-logo1.jpg\",\"width\":1280,\"height\":720,\"caption\":\"Heart Failure Matters\"},\"image\":{\"@id\":\"https:\/\/www.heartfailurematters.org\/es\/#\/schema\/logo\/image\/\"},\"sameAs\":[\"https:\/\/www.facebook.com\/heartfailurematters\"]}]}<\/script>\n<!-- \/ Yoast SEO plugin. -->","yoast_head_json":{"title":"Disnea - Heart Failure Matters","description":"El l\u00edquido en los pulmones causa dificultad respiratoria. Es posible que sienta dificultad para respirar despu\u00e9s de hacer ejercicio y en reposo. M\u00e1s informaci\u00f3n","robots":{"index":"index","follow":"follow","max-snippet":"max-snippet:-1","max-image-preview":"max-image-preview:large","max-video-preview":"max-video-preview:-1"},"canonical":"https:\/\/www.heartfailurematters.org\/es\/conocer-la-insuficiencia-cardiaca\/disnea\/","og_locale":"es_ES","og_type":"article","og_title":"Disnea - Heart Failure Matters","og_description":"El l\u00edquido en los pulmones causa dificultad respiratoria. Es posible que sienta dificultad para respirar despu\u00e9s de hacer ejercicio y en reposo. M\u00e1s informaci\u00f3n","og_url":"https:\/\/www.heartfailurematters.org\/es\/conocer-la-insuficiencia-cardiaca\/disnea\/","og_site_name":"Heart Failure Matters","article_publisher":"https:\/\/www.facebook.com\/heartfailurematters","article_modified_time":"2022-01-25T15:28:12+00:00","og_image":[{"url":"https:\/\/cdn-endpoint-hfm.azureedge.net\/heartfailurematters\/2021\/02\/Shortness-of-breath.jpg","type":"","width":"","height":""}],"twitter_card":"summary_large_image","twitter_misc":{"Tiempo de lectura":"2 minutos"},"schema":{"@context":"https:\/\/schema.org","@graph":[{"@type":"WebPage","@id":"https:\/\/www.heartfailurematters.org\/es\/conocer-la-insuficiencia-cardiaca\/disnea\/","url":"https:\/\/www.heartfailurematters.org\/es\/conocer-la-insuficiencia-cardiaca\/disnea\/","name":"Disnea - Heart Failure Matters","isPartOf":{"@id":"https:\/\/www.heartfailurematters.org\/es\/#website"},"primaryImageOfPage":{"@id":"https:\/\/www.heartfailurematters.org\/es\/conocer-la-insuficiencia-cardiaca\/disnea\/#primaryimage"},"image":{"@id":"https:\/\/www.heartfailurematters.org\/es\/conocer-la-insuficiencia-cardiaca\/disnea\/#primaryimage"},"thumbnailUrl":"https:\/\/cdn-endpoint-hfm.azureedge.net\/heartfailurematters\/2021\/02\/Shortness-of-breath.jpg","datePublished":"2021-01-27T22:08:33+00:00","dateModified":"2022-01-25T15:28:12+00:00","description":"El l\u00edquido en los pulmones causa dificultad respiratoria. Es posible que sienta dificultad para respirar despu\u00e9s de hacer ejercicio y en reposo. M\u00e1s informaci\u00f3n","breadcrumb":{"@id":"https:\/\/www.heartfailurematters.org\/es\/conocer-la-insuficiencia-cardiaca\/disnea\/#breadcrumb"},"inLanguage":"es","potentialAction":[{"@type":"ReadAction","target":["https:\/\/www.heartfailurematters.org\/es\/conocer-la-insuficiencia-cardiaca\/disnea\/"]}]},{"@type":"ImageObject","inLanguage":"es","@id":"https:\/\/www.heartfailurematters.org\/es\/conocer-la-insuficiencia-cardiaca\/disnea\/#primaryimage","url":"https:\/\/cdn-endpoint-hfm.azureedge.net\/heartfailurematters\/2021\/02\/Shortness-of-breath.jpg","contentUrl":"https:\/\/cdn-endpoint-hfm.azureedge.net\/heartfailurematters\/2021\/02\/Shortness-of-breath.jpg"},{"@type":"BreadcrumbList","@id":"https:\/\/www.heartfailurematters.org\/es\/conocer-la-insuficiencia-cardiaca\/disnea\/#breadcrumb","itemListElement":[{"@type":"ListItem","position":1,"name":"Inicio","item":"https:\/\/www.heartfailurematters.org\/es\/"},{"@type":"ListItem","position":2,"name":"Conocer la insuficiencia card\u00edaca","item":"https:\/\/www.heartfailurematters.org\/es\/conocer-la-insuficiencia-cardiaca\/"},{"@type":"ListItem","position":3,"name":"Disnea"}]},{"@type":"WebSite","@id":"https:\/\/www.heartfailurematters.org\/es\/#website","url":"https:\/\/www.heartfailurematters.org\/es\/","name":"Heart Failure Matters","description":"Practical information for patients, families and caregivers.","publisher":{"@id":"https:\/\/www.heartfailurematters.org\/es\/#organization"},"potentialAction":[{"@type":"SearchAction","target":{"@type":"EntryPoint","urlTemplate":"https:\/\/www.heartfailurematters.org\/es\/?s={search_term_string}"},"query-input":{"@type":"PropertyValueSpecification","valueRequired":true,"valueName":"search_term_string"}}],"inLanguage":"es"},{"@type":"Organization","@id":"https:\/\/www.heartfailurematters.org\/es\/#organization","name":"Heart Failure Matters","url":"https:\/\/www.heartfailurematters.org\/es\/","logo":{"@type":"ImageObject","inLanguage":"es","@id":"https:\/\/www.heartfailurematters.org\/es\/#\/schema\/logo\/image\/","url":"https:\/\/cdn-endpoint-hfm.azureedge.net\/heartfailurematters\/2024\/07\/hfm-logo1.jpg","contentUrl":"https:\/\/cdn-endpoint-hfm.azureedge.net\/heartfailurematters\/2024\/07\/hfm-logo1.jpg","width":1280,"height":720,"caption":"Heart Failure Matters"},"image":{"@id":"https:\/\/www.heartfailurematters.org\/es\/#\/schema\/logo\/image\/"},"sameAs":["https:\/\/www.facebook.com\/heartfailurematters"]}]}},"_links":{"self":[{"href":"https:\/\/www.heartfailurematters.org\/es\/wp-json\/wp\/v2\/pages\/2170","targetHints":{"allow":["GET"]}}],"collection":[{"href":"https:\/\/www.heartfailurematters.org\/es\/wp-json\/wp\/v2\/pages"}],"about":[{"href":"https:\/\/www.heartfailurematters.org\/es\/wp-json\/wp\/v2\/types\/page"}],"author":[{"embeddable":true,"href":"https:\/\/www.heartfailurematters.org\/es\/wp-json\/wp\/v2\/users\/1"}],"replies":[{"embeddable":true,"href":"https:\/\/www.heartfailurematters.org\/es\/wp-json\/wp\/v2\/comments?post=2170"}],"version-history":[{"count":3,"href":"https:\/\/www.heartfailurematters.org\/es\/wp-json\/wp\/v2\/pages\/2170\/revisions"}],"predecessor-version":[{"id":10198,"href":"https:\/\/www.heartfailurematters.org\/es\/wp-json\/wp\/v2\/pages\/2170\/revisions\/10198"}],"up":[{"embeddable":true,"href":"https:\/\/www.heartfailurematters.org\/es\/wp-json\/wp\/v2\/pages\/2155"}],"wp:attachment":[{"href":"https:\/\/www.heartfailurematters.org\/es\/wp-json\/wp\/v2\/media?parent=2170"}],"wp:term":[{"taxonomy":"category","embeddable":true,"href":"https:\/\/www.heartfailurematters.org\/es\/wp-json\/wp\/v2\/categories?post=2170"},{"taxonomy":"post_tag","embeddable":true,"href":"https:\/\/www.heartfailurematters.org\/es\/wp-json\/wp\/v2\/tags?post=2170"}],"curies":[{"name":"wp","href":"https:\/\/api.w.org\/{rel}","templated":true}]}}