{"id":2167,"date":"2021-01-27T22:08:33","date_gmt":"2021-01-27T22:08:33","guid":{"rendered":"http:\/\/heartfailurematters.local:8888\/como-se-gradua-la-insuficiencia-cardiaca\/"},"modified":"2022-01-19T11:12:57","modified_gmt":"2022-01-19T11:12:57","slug":"como-se-clasifica-la-insuficiencia-cardiaca","status":"publish","type":"page","link":"https:\/\/www.heartfailurematters.org\/es\/conocer-la-insuficiencia-cardiaca\/como-se-clasifica-la-insuficiencia-cardiaca\/","title":{"rendered":"C\u00f3mo se clasifica la insuficiencia card\u00edaca"},"content":{"rendered":"<p>Evaluar su insuficiencia card\u00edaca es importante en el momento de la cita con su profesional sanitario, ya que las dos escalas que se describen a continuaci\u00f3n se basan en c\u00f3mo se siente usted y en una medida de sus s\u00edntomas. Su m\u00e9dico o enfermera querr\u00e1n saber c\u00f3mo se ha sentido desde su \u00faltima cita y usted puede decirles d\u00f3nde se encuentra en relaci\u00f3n a estas dos escalas. Es posible, por ejemplo, que se sienta como la Clase II de la NYHA durante cuatro d\u00edas a la semana pero que se identifique m\u00e1s con la Clase III de la NYHA durante los otros tres d\u00edas de la semana. Estas escalas tambi\u00e9n pueden ayudarle en su d\u00eda a d\u00eda en el tratamiento cotidiano de su afecci\u00f3n y puede comentarlo con su doctor o enfermera en su pr\u00f3xima cita. El m\u00e9dico clasificar\u00e1 su insuficiencia card\u00edaca cuando se le diagnostique por primera vez y de nuevo en visitas posteriores. Se utilizan dos sistemas para clasificar la insuficiencia card\u00edaca y es probable que su m\u00e9dico use una combinaci\u00f3n de ambos.<\/p>\n<h2><strong>Clases de la New York Heart Association (NYHA)<\/strong><\/h2>\n<p>Este sistema se emplea para clasificar la gravedad de la enfermedad en funci\u00f3n de los s\u00edntomas.<\/p>\n<table style=\"border: 1px solid #377090; border-collapse: collapse; width: 100%;\" border=\"1\" cellpadding=\"5\">\n<tbody>\n<tr valign=\"top\">\n<td style=\"padding: 5px; border: 1px solid #377090; width: 30%; text-align: left; vertical-align: top;\">Clase I (ausencia de s\u00edntomas)<\/td>\n<td style=\"padding: 5px; border: 1px solid #377090; width: 70%; text-align: left; vertical-align: top;\">No tiene s\u00edntomas y puede realizar las actividades cotidianas sin sentir cansancio ni disnea.<\/td>\n<\/tr>\n<tr valign=\"top\">\n<td style=\"padding: 5px; border: 1px solid #377090; width: 30%; text-align: left; vertical-align: top;\">Clase II (s\u00edntomas leves)<\/td>\n<td style=\"padding: 5px; border: 1px solid #377090; width: 70%; text-align: left; vertical-align: top;\">Est\u00e1 c\u00f3modo en reposo, pero nota cansancio o disnea con actividad moderada.<\/td>\n<\/tr>\n<tr valign=\"top\">\n<td style=\"padding: 5px; border: 1px solid #377090; width: 30%; text-align: left; vertical-align: top;\">Clase III (s\u00edntomas moderados)<\/td>\n<td style=\"padding: 5px; border: 1px solid #377090; width: 70%; text-align: left; vertical-align: top;\">Est\u00e1 c\u00f3modo en reposo, pero nota cansancio o disnea con la actividad f\u00edsica incluso si es reducida.<\/td>\n<\/tr>\n<tr valign=\"top\">\n<td style=\"padding: 5px; border: 1px solid #377090; width: 30%; text-align: left; vertical-align: top;\">Clase IV (s\u00edntomas graves)<\/td>\n<td style=\"padding: 5px; border: 1px solid #377090; width: 70%; text-align: left; vertical-align: top;\">Es incapaz de realizar ninguna actividad f\u00edsica sin molestias y presenta algunos s\u00edntomas en reposo.<\/td>\n<\/tr>\n<\/tbody>\n<\/table>\n<h2><strong>Estadios de la American Heart Association\/American College of Cardiology<\/strong><\/h2>\n<p>Este sistema admite que puede haber insuficiencia card\u00edaca incluso antes de manifestar s\u00edntomas.<\/p>\n<table style=\"border: 1px solid #377090; border-collapse: collapse; width: 100%;\" border=\"1\" cellpadding=\"5\">\n<tbody>\n<tr valign=\"top\">\n<td style=\"padding: 5px; border: 1px solid #377090; width: 30%; text-align: left; vertical-align: top;\">Estadio A<\/td>\n<td style=\"padding: 5px; border: 1px solid #377090; width: 70%; text-align: left; vertical-align: top;\">No padece insuficiencia card\u00edaca, pero tiene alto riesgo de presentar otra enfermedad que puede provocarla, como hipertensi\u00f3n arterial, diabetes, obesidad o enfermedad coronaria.<\/td>\n<\/tr>\n<tr valign=\"top\">\n<td style=\"padding: 5px; border: 1px solid #377090; width: 30%; text-align: left; vertical-align: top;\">Estadio B<\/td>\n<td style=\"padding: 5px; border: 1px solid #377090; width: 70%; text-align: left; vertical-align: top;\">Su coraz\u00f3n ha sido da\u00f1ado por otros trastornos m\u00e9dicos u otros factores, pero todav\u00eda no tiene ning\u00fan s\u00edntoma.<\/td>\n<\/tr>\n<tr valign=\"top\">\n<td style=\"padding: 5px; border: 1px solid #377090; width: 30%; text-align: left; vertical-align: top;\">Estadio C<\/td>\n<td style=\"padding: 5px; border: 1px solid #377090; width: 70%; text-align: left; vertical-align: top;\">Su coraz\u00f3n est\u00e1 da\u00f1ado y presenta s\u00edntomas de insuficiencia card\u00edaca..<\/td>\n<\/tr>\n<tr valign=\"top\">\n<td style=\"padding: 5px; border: 1px solid #377090; width: 30%; text-align: left; vertical-align: top;\">Estadio D<\/td>\n<td style=\"padding: 5px; border: 1px solid #377090; width: 70%; text-align: left; vertical-align: top;\">Padece insuficiencia card\u00edaca grave que requiere atenci\u00f3n especializada, a pesar de recibir tratamiento.<\/td>\n<\/tr>\n<\/tbody>\n<\/table>\n<p><a title=\"\" href=\"https:\/\/www.heartfailurematters.org\/es\/conocer-la-insuficiencia-cardiaca\/como-evoluciona-la-insuficiencia-cardiaca-a-lo-largo-del-tiempo\/\">Volver a \u00bfC\u00f3mo evoluciona la insuficiencia card\u00edaca a lo largo del tiempo?<\/a><\/p>\n","protected":false},"excerpt":{"rendered":"<p>Evaluar su insuficiencia card\u00edaca es importante en el momento de la cita con su profesional sanitario, ya que las dos escalas que se describen a continuaci\u00f3n se basan en c\u00f3mo se siente usted y en una medida de sus s\u00edntomas. Su m\u00e9dico o enfermera querr\u00e1n saber c\u00f3mo se ha sentido desde su \u00faltima cita y [&hellip;]<\/p>\n","protected":false},"author":1,"featured_media":0,"parent":2155,"menu_order":0,"comment_status":"open","ping_status":"open","template":"","meta":{"_acf_changed":false,"footnotes":""},"categories":[],"tags":[],"class_list":["post-2167","page","type-page","status-publish","hentry"],"acf":[],"yoast_head":"<!-- This site is optimized with the Yoast SEO plugin v24.8.1 - https:\/\/yoast.com\/wordpress\/plugins\/seo\/ -->\n<title>Clasificaci\u00f3n de la insuficiencia card\u00edaca<\/title>\n<meta name=\"description\" content=\"Existen dos sistemas de clasificaci\u00f3n de la insuficiencia card\u00edaca y probablemente su m\u00e9dico utiliza elementos de ambos. Descubre cu\u00e1les son\" \/>\n<meta name=\"robots\" content=\"index, follow, max-snippet:-1, max-image-preview:large, max-video-preview:-1\" \/>\n<link rel=\"canonical\" href=\"https:\/\/www.heartfailurematters.org\/es\/conocer-la-insuficiencia-cardiaca\/como-se-clasifica-la-insuficiencia-cardiaca\/\" \/>\n<meta property=\"og:locale\" content=\"es_ES\" \/>\n<meta property=\"og:type\" content=\"article\" \/>\n<meta property=\"og:title\" content=\"Clasificaci\u00f3n de la insuficiencia card\u00edaca\" \/>\n<meta property=\"og:description\" content=\"Existen dos sistemas de clasificaci\u00f3n de la insuficiencia card\u00edaca y probablemente su m\u00e9dico utiliza elementos de ambos. Descubre cu\u00e1les son\" \/>\n<meta property=\"og:url\" content=\"https:\/\/www.heartfailurematters.org\/es\/conocer-la-insuficiencia-cardiaca\/como-se-clasifica-la-insuficiencia-cardiaca\/\" \/>\n<meta property=\"og:site_name\" content=\"Heart Failure Matters\" \/>\n<meta property=\"article:publisher\" content=\"https:\/\/www.facebook.com\/heartfailurematters\" \/>\n<meta property=\"article:modified_time\" content=\"2022-01-19T11:12:57+00:00\" \/>\n<meta name=\"twitter:card\" content=\"summary_large_image\" \/>\n<meta name=\"twitter:label1\" content=\"Tiempo de lectura\" \/>\n\t<meta name=\"twitter:data1\" content=\"2 minutos\" \/>\n<script type=\"application\/ld+json\" class=\"yoast-schema-graph\">{\"@context\":\"https:\/\/schema.org\",\"@graph\":[{\"@type\":\"WebPage\",\"@id\":\"https:\/\/www.heartfailurematters.org\/es\/conocer-la-insuficiencia-cardiaca\/como-se-clasifica-la-insuficiencia-cardiaca\/\",\"url\":\"https:\/\/www.heartfailurematters.org\/es\/conocer-la-insuficiencia-cardiaca\/como-se-clasifica-la-insuficiencia-cardiaca\/\",\"name\":\"Clasificaci\u00f3n de la insuficiencia card\u00edaca\",\"isPartOf\":{\"@id\":\"https:\/\/www.heartfailurematters.org\/es\/#website\"},\"datePublished\":\"2021-01-27T22:08:33+00:00\",\"dateModified\":\"2022-01-19T11:12:57+00:00\",\"description\":\"Existen dos sistemas de clasificaci\u00f3n de la insuficiencia card\u00edaca y probablemente su m\u00e9dico utiliza elementos de ambos. Descubre cu\u00e1les son\",\"breadcrumb\":{\"@id\":\"https:\/\/www.heartfailurematters.org\/es\/conocer-la-insuficiencia-cardiaca\/como-se-clasifica-la-insuficiencia-cardiaca\/#breadcrumb\"},\"inLanguage\":\"es\",\"potentialAction\":[{\"@type\":\"ReadAction\",\"target\":[\"https:\/\/www.heartfailurematters.org\/es\/conocer-la-insuficiencia-cardiaca\/como-se-clasifica-la-insuficiencia-cardiaca\/\"]}]},{\"@type\":\"BreadcrumbList\",\"@id\":\"https:\/\/www.heartfailurematters.org\/es\/conocer-la-insuficiencia-cardiaca\/como-se-clasifica-la-insuficiencia-cardiaca\/#breadcrumb\",\"itemListElement\":[{\"@type\":\"ListItem\",\"position\":1,\"name\":\"Inicio\",\"item\":\"https:\/\/www.heartfailurematters.org\/es\/\"},{\"@type\":\"ListItem\",\"position\":2,\"name\":\"Conocer la insuficiencia card\u00edaca\",\"item\":\"https:\/\/www.heartfailurematters.org\/es\/conocer-la-insuficiencia-cardiaca\/\"},{\"@type\":\"ListItem\",\"position\":3,\"name\":\"C\u00f3mo se clasifica la insuficiencia card\u00edaca\"}]},{\"@type\":\"WebSite\",\"@id\":\"https:\/\/www.heartfailurematters.org\/es\/#website\",\"url\":\"https:\/\/www.heartfailurematters.org\/es\/\",\"name\":\"Heart Failure Matters\",\"description\":\"Practical information for patients, families and caregivers.\",\"publisher\":{\"@id\":\"https:\/\/www.heartfailurematters.org\/es\/#organization\"},\"potentialAction\":[{\"@type\":\"SearchAction\",\"target\":{\"@type\":\"EntryPoint\",\"urlTemplate\":\"https:\/\/www.heartfailurematters.org\/es\/?s={search_term_string}\"},\"query-input\":{\"@type\":\"PropertyValueSpecification\",\"valueRequired\":true,\"valueName\":\"search_term_string\"}}],\"inLanguage\":\"es\"},{\"@type\":\"Organization\",\"@id\":\"https:\/\/www.heartfailurematters.org\/es\/#organization\",\"name\":\"Heart Failure Matters\",\"url\":\"https:\/\/www.heartfailurematters.org\/es\/\",\"logo\":{\"@type\":\"ImageObject\",\"inLanguage\":\"es\",\"@id\":\"https:\/\/www.heartfailurematters.org\/es\/#\/schema\/logo\/image\/\",\"url\":\"https:\/\/cdn-endpoint-hfm.azureedge.net\/heartfailurematters\/2024\/07\/hfm-logo1.jpg\",\"contentUrl\":\"https:\/\/cdn-endpoint-hfm.azureedge.net\/heartfailurematters\/2024\/07\/hfm-logo1.jpg\",\"width\":1280,\"height\":720,\"caption\":\"Heart Failure Matters\"},\"image\":{\"@id\":\"https:\/\/www.heartfailurematters.org\/es\/#\/schema\/logo\/image\/\"},\"sameAs\":[\"https:\/\/www.facebook.com\/heartfailurematters\"]}]}<\/script>\n<!-- \/ Yoast SEO plugin. -->","yoast_head_json":{"title":"Clasificaci\u00f3n de la insuficiencia card\u00edaca","description":"Existen dos sistemas de clasificaci\u00f3n de la insuficiencia card\u00edaca y probablemente su m\u00e9dico utiliza elementos de ambos. Descubre cu\u00e1les son","robots":{"index":"index","follow":"follow","max-snippet":"max-snippet:-1","max-image-preview":"max-image-preview:large","max-video-preview":"max-video-preview:-1"},"canonical":"https:\/\/www.heartfailurematters.org\/es\/conocer-la-insuficiencia-cardiaca\/como-se-clasifica-la-insuficiencia-cardiaca\/","og_locale":"es_ES","og_type":"article","og_title":"Clasificaci\u00f3n de la insuficiencia card\u00edaca","og_description":"Existen dos sistemas de clasificaci\u00f3n de la insuficiencia card\u00edaca y probablemente su m\u00e9dico utiliza elementos de ambos. Descubre cu\u00e1les son","og_url":"https:\/\/www.heartfailurematters.org\/es\/conocer-la-insuficiencia-cardiaca\/como-se-clasifica-la-insuficiencia-cardiaca\/","og_site_name":"Heart Failure Matters","article_publisher":"https:\/\/www.facebook.com\/heartfailurematters","article_modified_time":"2022-01-19T11:12:57+00:00","twitter_card":"summary_large_image","twitter_misc":{"Tiempo de lectura":"2 minutos"},"schema":{"@context":"https:\/\/schema.org","@graph":[{"@type":"WebPage","@id":"https:\/\/www.heartfailurematters.org\/es\/conocer-la-insuficiencia-cardiaca\/como-se-clasifica-la-insuficiencia-cardiaca\/","url":"https:\/\/www.heartfailurematters.org\/es\/conocer-la-insuficiencia-cardiaca\/como-se-clasifica-la-insuficiencia-cardiaca\/","name":"Clasificaci\u00f3n de la insuficiencia card\u00edaca","isPartOf":{"@id":"https:\/\/www.heartfailurematters.org\/es\/#website"},"datePublished":"2021-01-27T22:08:33+00:00","dateModified":"2022-01-19T11:12:57+00:00","description":"Existen dos sistemas de clasificaci\u00f3n de la insuficiencia card\u00edaca y probablemente su m\u00e9dico utiliza elementos de ambos. Descubre cu\u00e1les son","breadcrumb":{"@id":"https:\/\/www.heartfailurematters.org\/es\/conocer-la-insuficiencia-cardiaca\/como-se-clasifica-la-insuficiencia-cardiaca\/#breadcrumb"},"inLanguage":"es","potentialAction":[{"@type":"ReadAction","target":["https:\/\/www.heartfailurematters.org\/es\/conocer-la-insuficiencia-cardiaca\/como-se-clasifica-la-insuficiencia-cardiaca\/"]}]},{"@type":"BreadcrumbList","@id":"https:\/\/www.heartfailurematters.org\/es\/conocer-la-insuficiencia-cardiaca\/como-se-clasifica-la-insuficiencia-cardiaca\/#breadcrumb","itemListElement":[{"@type":"ListItem","position":1,"name":"Inicio","item":"https:\/\/www.heartfailurematters.org\/es\/"},{"@type":"ListItem","position":2,"name":"Conocer la insuficiencia card\u00edaca","item":"https:\/\/www.heartfailurematters.org\/es\/conocer-la-insuficiencia-cardiaca\/"},{"@type":"ListItem","position":3,"name":"C\u00f3mo se clasifica la insuficiencia card\u00edaca"}]},{"@type":"WebSite","@id":"https:\/\/www.heartfailurematters.org\/es\/#website","url":"https:\/\/www.heartfailurematters.org\/es\/","name":"Heart Failure Matters","description":"Practical information for patients, families and caregivers.","publisher":{"@id":"https:\/\/www.heartfailurematters.org\/es\/#organization"},"potentialAction":[{"@type":"SearchAction","target":{"@type":"EntryPoint","urlTemplate":"https:\/\/www.heartfailurematters.org\/es\/?s={search_term_string}"},"query-input":{"@type":"PropertyValueSpecification","valueRequired":true,"valueName":"search_term_string"}}],"inLanguage":"es"},{"@type":"Organization","@id":"https:\/\/www.heartfailurematters.org\/es\/#organization","name":"Heart Failure Matters","url":"https:\/\/www.heartfailurematters.org\/es\/","logo":{"@type":"ImageObject","inLanguage":"es","@id":"https:\/\/www.heartfailurematters.org\/es\/#\/schema\/logo\/image\/","url":"https:\/\/cdn-endpoint-hfm.azureedge.net\/heartfailurematters\/2024\/07\/hfm-logo1.jpg","contentUrl":"https:\/\/cdn-endpoint-hfm.azureedge.net\/heartfailurematters\/2024\/07\/hfm-logo1.jpg","width":1280,"height":720,"caption":"Heart Failure Matters"},"image":{"@id":"https:\/\/www.heartfailurematters.org\/es\/#\/schema\/logo\/image\/"},"sameAs":["https:\/\/www.facebook.com\/heartfailurematters"]}]}},"_links":{"self":[{"href":"https:\/\/www.heartfailurematters.org\/es\/wp-json\/wp\/v2\/pages\/2167","targetHints":{"allow":["GET"]}}],"collection":[{"href":"https:\/\/www.heartfailurematters.org\/es\/wp-json\/wp\/v2\/pages"}],"about":[{"href":"https:\/\/www.heartfailurematters.org\/es\/wp-json\/wp\/v2\/types\/page"}],"author":[{"embeddable":true,"href":"https:\/\/www.heartfailurematters.org\/es\/wp-json\/wp\/v2\/users\/1"}],"replies":[{"embeddable":true,"href":"https:\/\/www.heartfailurematters.org\/es\/wp-json\/wp\/v2\/comments?post=2167"}],"version-history":[{"count":2,"href":"https:\/\/www.heartfailurematters.org\/es\/wp-json\/wp\/v2\/pages\/2167\/revisions"}],"predecessor-version":[{"id":10237,"href":"https:\/\/www.heartfailurematters.org\/es\/wp-json\/wp\/v2\/pages\/2167\/revisions\/10237"}],"up":[{"embeddable":true,"href":"https:\/\/www.heartfailurematters.org\/es\/wp-json\/wp\/v2\/pages\/2155"}],"wp:attachment":[{"href":"https:\/\/www.heartfailurematters.org\/es\/wp-json\/wp\/v2\/media?parent=2167"}],"wp:term":[{"taxonomy":"category","embeddable":true,"href":"https:\/\/www.heartfailurematters.org\/es\/wp-json\/wp\/v2\/categories?post=2167"},{"taxonomy":"post_tag","embeddable":true,"href":"https:\/\/www.heartfailurematters.org\/es\/wp-json\/wp\/v2\/tags?post=2167"}],"curies":[{"name":"wp","href":"https:\/\/api.w.org\/{rel}","templated":true}]}}