{"id":2165,"date":"2021-01-27T22:08:33","date_gmt":"2021-01-27T22:08:33","guid":{"rendered":"http:\/\/heartfailurematters.local:8888\/actividad-y-ejercicio\/"},"modified":"2022-01-25T16:03:44","modified_gmt":"2022-01-25T16:03:44","slug":"actividad-y-ejercicio","status":"publish","type":"page","link":"https:\/\/www.heartfailurematters.org\/es\/lo-que-puede-hacer-usted\/actividad-y-ejercicio\/","title":{"rendered":"Actividad y ejercicio"},"content":{"rendered":"<p>Cualquier actividad f\u00edsica ligera beneficia a la mayor\u00eda de las personas con insuficiencia card\u00edaca. El ejercicio puede ayudarle a sentirse mejor en general.<\/p>\n<h2>\u00bfPor qu\u00e9?<\/h2>\n<p>La actividad mejora el funcionamiento del coraz\u00f3n al reducir el exceso de trabajo y conseguir un latido m\u00e1s eficiente. Esto mejorar\u00e1 sus s\u00edntomas.<\/p>\n<h2>\u00bfC\u00f3mo?<\/h2>\n<p>Antes de empezar un programa de ejercicio, o si desea aumentar o cambiar el tipo de ejercicio que hace, consulte a su m\u00e9dico o enfermera para asegurarse de que no est\u00e1 sometiendo a su coraz\u00f3n a un sobreesfuerzo demasiado pronto. Ellos tambi\u00e9n le indicar\u00e1n las actividades que debe evitar. Es conveniente contactar con un centro local de rehabilitaci\u00f3n card\u00edaca (si existe) y e informarse sobre la disponibilidad de programas de entrenamiento de baja intensidad.<\/p>\n<p>Elija una actividad que le divierta, pues as\u00ed tendr\u00e1 m\u00e1s probabilidades de realizarla con regularidad. Tambi\u00e9n es buena idea hacer ejercicios con amigos, ya que podr\u00e1n animarse entre s\u00ed. Es importante tener presente hasta donde podemos llegar, es decir, si nunca ha corrido antes de tener insuficiencia card\u00edaca, seguramente no podr\u00e1 hacerlo ahora que padece la enfermedad. Pero si le gusta caminar o nadar, pruebe a hacerlo.<\/p>\n<p>Haga siempre ejercicios de calentamiento y estiramiento antes del inicio del ejercicio. Un instructor con experiencia le ense\u00f1ar\u00e1 a hacerlo correctamente. Si hace fr\u00edo o viento fuera, debe hacer calentamiento antes de salir de casa. Camine un par de minutos, ya que esto reduce el impacto que siente el cuerpo cuando sale fuera.<\/p>\n<p>Caminar es una buena actividad con la que empezar. Intente andar todos los d\u00edas haciendo actividades como comprar el peri\u00f3dico o bajarse del autob\u00fas una parada antes. Si ya anda y se considera una persona f\u00edsicamente activa, intente montar en bicicleta o nadar. Empiece despacio y aumente poco a poco la distancia o intensidad de la actividad conforme se encuentre en mejor forma.<\/p>\n<p>Por regla general, debe ser capaz de hablar mientras hace ejercicio. Si no es as\u00ed, es probable que se est\u00e9 excediendo. Deje de hacer ejercicio inmediatamente si siente disnea, mareo, dolor de pecho, n\u00e1useas o sudor fr\u00edo. Si persisten los s\u00edntomas, consulte a su m\u00e9dico o enfermera.<\/p>\n<p>No haga ejercicio inmediatamente despu\u00e9s de una comida copiosa o si no ha comido en muchas horas. Haga ejercicio de una a dos horas despu\u00e9s de una comida ligera.<\/p>\n<p>A muchas personas con insuficiencia card\u00edaca les preocupa no poder coger a sus nietos en brazos. Est\u00e9 atento a las se\u00f1ales que le env\u00eda su cuerpo. Es mejor evitar las actividades que requieren mantener la respiraci\u00f3n, hacer presi\u00f3n o estallidos s\u00fabitos de energ\u00eda. Si sus nietos ya no tienen el peso de un reci\u00e9n nacido, es m\u00e1s prudente que se siente con ellos en su regazo.<\/p>\n<p><a title=\"Return to Adapting your lifestyle\" href=\"https:\/\/www.heartfailurematters.org\/es\/lo-que-puede-hacer-usted\/adaptar-sus-habitos-de-vida\/\">Volver a Adaptar los h\u00e1bitos de vida<\/a><\/p>\n<p>&nbsp;<\/p>\n<p>&nbsp;<\/p>\n","protected":false},"excerpt":{"rendered":"<p>Cualquier actividad f\u00edsica ligera beneficia a la mayor\u00eda de las personas con insuficiencia card\u00edaca. El ejercicio puede ayudarle a sentirse mejor en general. \u00bfPor qu\u00e9? La actividad mejora el funcionamiento del coraz\u00f3n al reducir el exceso de trabajo y conseguir un latido m\u00e1s eficiente. Esto mejorar\u00e1 sus s\u00edntomas. \u00bfC\u00f3mo? Antes de empezar un programa de [&hellip;]<\/p>\n","protected":false},"author":1,"featured_media":10989,"parent":2720,"menu_order":0,"comment_status":"open","ping_status":"open","template":"","meta":{"_acf_changed":false,"footnotes":""},"categories":[],"tags":[],"class_list":["post-2165","page","type-page","status-publish","has-post-thumbnail","hentry"],"acf":[],"yoast_head":"<!-- This site is optimized with the Yoast SEO plugin v24.8.1 - https:\/\/yoast.com\/wordpress\/plugins\/seo\/ -->\n<title>Actividad y ejercicio - Heart Failure Matters<\/title>\n<meta name=\"description\" content=\"La actividad f\u00edsica suave es beneficiosa para la mayor\u00eda de pacientes con insuficiencia card\u00edaca. El ejercicio puede ayudarle a sentirse mejor en general.\" \/>\n<meta name=\"robots\" content=\"index, follow, max-snippet:-1, max-image-preview:large, max-video-preview:-1\" \/>\n<link rel=\"canonical\" href=\"https:\/\/www.heartfailurematters.org\/es\/lo-que-puede-hacer-usted\/actividad-y-ejercicio\/\" \/>\n<meta property=\"og:locale\" content=\"es_ES\" \/>\n<meta property=\"og:type\" content=\"article\" \/>\n<meta property=\"og:title\" content=\"Actividad y ejercicio - Heart Failure Matters\" \/>\n<meta property=\"og:description\" content=\"La actividad f\u00edsica suave es beneficiosa para la mayor\u00eda de pacientes con insuficiencia card\u00edaca. El ejercicio puede ayudarle a sentirse mejor en general.\" \/>\n<meta property=\"og:url\" content=\"https:\/\/www.heartfailurematters.org\/es\/lo-que-puede-hacer-usted\/actividad-y-ejercicio\/\" \/>\n<meta property=\"og:site_name\" content=\"Heart Failure Matters\" \/>\n<meta property=\"article:publisher\" content=\"https:\/\/www.facebook.com\/heartfailurematters\" \/>\n<meta property=\"article:modified_time\" content=\"2022-01-25T16:03:44+00:00\" \/>\n<meta property=\"og:image\" content=\"https:\/\/www.heartfailurematters.org\/wp-content\/uploads\/2022\/03\/shutterstock_1215825016-1-min.jpg\" \/>\n\t<meta property=\"og:image:width\" content=\"900\" \/>\n\t<meta property=\"og:image:height\" content=\"601\" \/>\n\t<meta property=\"og:image:type\" content=\"image\/jpeg\" \/>\n<meta name=\"twitter:card\" content=\"summary_large_image\" \/>\n<meta name=\"twitter:label1\" content=\"Tiempo de lectura\" \/>\n\t<meta name=\"twitter:data1\" content=\"2 minutos\" \/>\n<script type=\"application\/ld+json\" class=\"yoast-schema-graph\">{\"@context\":\"https:\/\/schema.org\",\"@graph\":[{\"@type\":\"WebPage\",\"@id\":\"https:\/\/www.heartfailurematters.org\/es\/lo-que-puede-hacer-usted\/actividad-y-ejercicio\/\",\"url\":\"https:\/\/www.heartfailurematters.org\/es\/lo-que-puede-hacer-usted\/actividad-y-ejercicio\/\",\"name\":\"Actividad y ejercicio - Heart Failure Matters\",\"isPartOf\":{\"@id\":\"https:\/\/www.heartfailurematters.org\/es\/#website\"},\"primaryImageOfPage\":{\"@id\":\"https:\/\/www.heartfailurematters.org\/es\/lo-que-puede-hacer-usted\/actividad-y-ejercicio\/#primaryimage\"},\"image\":{\"@id\":\"https:\/\/www.heartfailurematters.org\/es\/lo-que-puede-hacer-usted\/actividad-y-ejercicio\/#primaryimage\"},\"thumbnailUrl\":\"https:\/\/www.heartfailurematters.org\/wp-content\/uploads\/2022\/03\/shutterstock_1215825016-1-min.jpg\",\"datePublished\":\"2021-01-27T22:08:33+00:00\",\"dateModified\":\"2022-01-25T16:03:44+00:00\",\"description\":\"La actividad f\u00edsica suave es beneficiosa para la mayor\u00eda de pacientes con insuficiencia card\u00edaca. El ejercicio puede ayudarle a sentirse mejor en general.\",\"breadcrumb\":{\"@id\":\"https:\/\/www.heartfailurematters.org\/es\/lo-que-puede-hacer-usted\/actividad-y-ejercicio\/#breadcrumb\"},\"inLanguage\":\"es\",\"potentialAction\":[{\"@type\":\"ReadAction\",\"target\":[\"https:\/\/www.heartfailurematters.org\/es\/lo-que-puede-hacer-usted\/actividad-y-ejercicio\/\"]}]},{\"@type\":\"ImageObject\",\"inLanguage\":\"es\",\"@id\":\"https:\/\/www.heartfailurematters.org\/es\/lo-que-puede-hacer-usted\/actividad-y-ejercicio\/#primaryimage\",\"url\":\"https:\/\/www.heartfailurematters.org\/wp-content\/uploads\/2022\/03\/shutterstock_1215825016-1-min.jpg\",\"contentUrl\":\"https:\/\/www.heartfailurematters.org\/wp-content\/uploads\/2022\/03\/shutterstock_1215825016-1-min.jpg\",\"width\":900,\"height\":601},{\"@type\":\"BreadcrumbList\",\"@id\":\"https:\/\/www.heartfailurematters.org\/es\/lo-que-puede-hacer-usted\/actividad-y-ejercicio\/#breadcrumb\",\"itemListElement\":[{\"@type\":\"ListItem\",\"position\":1,\"name\":\"Inicio\",\"item\":\"https:\/\/www.heartfailurematters.org\/es\/\"},{\"@type\":\"ListItem\",\"position\":2,\"name\":\"\u00bfQu\u00e9 puede hacer usted?\",\"item\":\"https:\/\/www.heartfailurematters.org\/es\/lo-que-puede-hacer-usted\/\"},{\"@type\":\"ListItem\",\"position\":3,\"name\":\"Actividad y ejercicio\"}]},{\"@type\":\"WebSite\",\"@id\":\"https:\/\/www.heartfailurematters.org\/es\/#website\",\"url\":\"https:\/\/www.heartfailurematters.org\/es\/\",\"name\":\"Heart Failure Matters\",\"description\":\"Practical information for patients, families and caregivers.\",\"publisher\":{\"@id\":\"https:\/\/www.heartfailurematters.org\/es\/#organization\"},\"potentialAction\":[{\"@type\":\"SearchAction\",\"target\":{\"@type\":\"EntryPoint\",\"urlTemplate\":\"https:\/\/www.heartfailurematters.org\/es\/?s={search_term_string}\"},\"query-input\":{\"@type\":\"PropertyValueSpecification\",\"valueRequired\":true,\"valueName\":\"search_term_string\"}}],\"inLanguage\":\"es\"},{\"@type\":\"Organization\",\"@id\":\"https:\/\/www.heartfailurematters.org\/es\/#organization\",\"name\":\"Heart Failure Matters\",\"url\":\"https:\/\/www.heartfailurematters.org\/es\/\",\"logo\":{\"@type\":\"ImageObject\",\"inLanguage\":\"es\",\"@id\":\"https:\/\/www.heartfailurematters.org\/es\/#\/schema\/logo\/image\/\",\"url\":\"https:\/\/cdn-endpoint-hfm.azureedge.net\/heartfailurematters\/2024\/07\/hfm-logo1.jpg\",\"contentUrl\":\"https:\/\/cdn-endpoint-hfm.azureedge.net\/heartfailurematters\/2024\/07\/hfm-logo1.jpg\",\"width\":1280,\"height\":720,\"caption\":\"Heart Failure Matters\"},\"image\":{\"@id\":\"https:\/\/www.heartfailurematters.org\/es\/#\/schema\/logo\/image\/\"},\"sameAs\":[\"https:\/\/www.facebook.com\/heartfailurematters\"]}]}<\/script>\n<!-- \/ Yoast SEO plugin. -->","yoast_head_json":{"title":"Actividad y ejercicio - Heart Failure Matters","description":"La actividad f\u00edsica suave es beneficiosa para la mayor\u00eda de pacientes con insuficiencia card\u00edaca. El ejercicio puede ayudarle a sentirse mejor en general.","robots":{"index":"index","follow":"follow","max-snippet":"max-snippet:-1","max-image-preview":"max-image-preview:large","max-video-preview":"max-video-preview:-1"},"canonical":"https:\/\/www.heartfailurematters.org\/es\/lo-que-puede-hacer-usted\/actividad-y-ejercicio\/","og_locale":"es_ES","og_type":"article","og_title":"Actividad y ejercicio - Heart Failure Matters","og_description":"La actividad f\u00edsica suave es beneficiosa para la mayor\u00eda de pacientes con insuficiencia card\u00edaca. El ejercicio puede ayudarle a sentirse mejor en general.","og_url":"https:\/\/www.heartfailurematters.org\/es\/lo-que-puede-hacer-usted\/actividad-y-ejercicio\/","og_site_name":"Heart Failure Matters","article_publisher":"https:\/\/www.facebook.com\/heartfailurematters","article_modified_time":"2022-01-25T16:03:44+00:00","og_image":[{"width":900,"height":601,"url":"https:\/\/www.heartfailurematters.org\/wp-content\/uploads\/2022\/03\/shutterstock_1215825016-1-min.jpg","type":"image\/jpeg"}],"twitter_card":"summary_large_image","twitter_misc":{"Tiempo de lectura":"2 minutos"},"schema":{"@context":"https:\/\/schema.org","@graph":[{"@type":"WebPage","@id":"https:\/\/www.heartfailurematters.org\/es\/lo-que-puede-hacer-usted\/actividad-y-ejercicio\/","url":"https:\/\/www.heartfailurematters.org\/es\/lo-que-puede-hacer-usted\/actividad-y-ejercicio\/","name":"Actividad y ejercicio - Heart Failure Matters","isPartOf":{"@id":"https:\/\/www.heartfailurematters.org\/es\/#website"},"primaryImageOfPage":{"@id":"https:\/\/www.heartfailurematters.org\/es\/lo-que-puede-hacer-usted\/actividad-y-ejercicio\/#primaryimage"},"image":{"@id":"https:\/\/www.heartfailurematters.org\/es\/lo-que-puede-hacer-usted\/actividad-y-ejercicio\/#primaryimage"},"thumbnailUrl":"https:\/\/www.heartfailurematters.org\/wp-content\/uploads\/2022\/03\/shutterstock_1215825016-1-min.jpg","datePublished":"2021-01-27T22:08:33+00:00","dateModified":"2022-01-25T16:03:44+00:00","description":"La actividad f\u00edsica suave es beneficiosa para la mayor\u00eda de pacientes con insuficiencia card\u00edaca. El ejercicio puede ayudarle a sentirse mejor en general.","breadcrumb":{"@id":"https:\/\/www.heartfailurematters.org\/es\/lo-que-puede-hacer-usted\/actividad-y-ejercicio\/#breadcrumb"},"inLanguage":"es","potentialAction":[{"@type":"ReadAction","target":["https:\/\/www.heartfailurematters.org\/es\/lo-que-puede-hacer-usted\/actividad-y-ejercicio\/"]}]},{"@type":"ImageObject","inLanguage":"es","@id":"https:\/\/www.heartfailurematters.org\/es\/lo-que-puede-hacer-usted\/actividad-y-ejercicio\/#primaryimage","url":"https:\/\/www.heartfailurematters.org\/wp-content\/uploads\/2022\/03\/shutterstock_1215825016-1-min.jpg","contentUrl":"https:\/\/www.heartfailurematters.org\/wp-content\/uploads\/2022\/03\/shutterstock_1215825016-1-min.jpg","width":900,"height":601},{"@type":"BreadcrumbList","@id":"https:\/\/www.heartfailurematters.org\/es\/lo-que-puede-hacer-usted\/actividad-y-ejercicio\/#breadcrumb","itemListElement":[{"@type":"ListItem","position":1,"name":"Inicio","item":"https:\/\/www.heartfailurematters.org\/es\/"},{"@type":"ListItem","position":2,"name":"\u00bfQu\u00e9 puede hacer usted?","item":"https:\/\/www.heartfailurematters.org\/es\/lo-que-puede-hacer-usted\/"},{"@type":"ListItem","position":3,"name":"Actividad y ejercicio"}]},{"@type":"WebSite","@id":"https:\/\/www.heartfailurematters.org\/es\/#website","url":"https:\/\/www.heartfailurematters.org\/es\/","name":"Heart Failure Matters","description":"Practical information for patients, families and caregivers.","publisher":{"@id":"https:\/\/www.heartfailurematters.org\/es\/#organization"},"potentialAction":[{"@type":"SearchAction","target":{"@type":"EntryPoint","urlTemplate":"https:\/\/www.heartfailurematters.org\/es\/?s={search_term_string}"},"query-input":{"@type":"PropertyValueSpecification","valueRequired":true,"valueName":"search_term_string"}}],"inLanguage":"es"},{"@type":"Organization","@id":"https:\/\/www.heartfailurematters.org\/es\/#organization","name":"Heart Failure Matters","url":"https:\/\/www.heartfailurematters.org\/es\/","logo":{"@type":"ImageObject","inLanguage":"es","@id":"https:\/\/www.heartfailurematters.org\/es\/#\/schema\/logo\/image\/","url":"https:\/\/cdn-endpoint-hfm.azureedge.net\/heartfailurematters\/2024\/07\/hfm-logo1.jpg","contentUrl":"https:\/\/cdn-endpoint-hfm.azureedge.net\/heartfailurematters\/2024\/07\/hfm-logo1.jpg","width":1280,"height":720,"caption":"Heart Failure Matters"},"image":{"@id":"https:\/\/www.heartfailurematters.org\/es\/#\/schema\/logo\/image\/"},"sameAs":["https:\/\/www.facebook.com\/heartfailurematters"]}]}},"_links":{"self":[{"href":"https:\/\/www.heartfailurematters.org\/es\/wp-json\/wp\/v2\/pages\/2165","targetHints":{"allow":["GET"]}}],"collection":[{"href":"https:\/\/www.heartfailurematters.org\/es\/wp-json\/wp\/v2\/pages"}],"about":[{"href":"https:\/\/www.heartfailurematters.org\/es\/wp-json\/wp\/v2\/types\/page"}],"author":[{"embeddable":true,"href":"https:\/\/www.heartfailurematters.org\/es\/wp-json\/wp\/v2\/users\/1"}],"replies":[{"embeddable":true,"href":"https:\/\/www.heartfailurematters.org\/es\/wp-json\/wp\/v2\/comments?post=2165"}],"version-history":[{"count":2,"href":"https:\/\/www.heartfailurematters.org\/es\/wp-json\/wp\/v2\/pages\/2165\/revisions"}],"predecessor-version":[{"id":10455,"href":"https:\/\/www.heartfailurematters.org\/es\/wp-json\/wp\/v2\/pages\/2165\/revisions\/10455"}],"up":[{"embeddable":true,"href":"https:\/\/www.heartfailurematters.org\/es\/wp-json\/wp\/v2\/pages\/2720"}],"wp:featuredmedia":[{"embeddable":true,"href":"https:\/\/www.heartfailurematters.org\/es\/wp-json\/wp\/v2\/media\/10989"}],"wp:attachment":[{"href":"https:\/\/www.heartfailurematters.org\/es\/wp-json\/wp\/v2\/media?parent=2165"}],"wp:term":[{"taxonomy":"category","embeddable":true,"href":"https:\/\/www.heartfailurematters.org\/es\/wp-json\/wp\/v2\/categories?post=2165"},{"taxonomy":"post_tag","embeddable":true,"href":"https:\/\/www.heartfailurematters.org\/es\/wp-json\/wp\/v2\/tags?post=2165"}],"curies":[{"name":"wp","href":"https:\/\/api.w.org\/{rel}","templated":true}]}}