{"id":2162,"date":"2021-01-27T22:08:33","date_gmt":"2021-01-27T22:08:33","guid":{"rendered":"http:\/\/heartfailurematters.local:8888\/adaptacion-de-la-dieta\/"},"modified":"2021-08-12T11:01:31","modified_gmt":"2021-08-12T10:01:31","slug":"adaptacion-de-la-dieta","status":"publish","type":"page","link":"https:\/\/www.heartfailurematters.org\/es\/vivir-con-insuficiencia-cardiaca\/adaptacion-de-la-dieta\/","title":{"rendered":"Adaptaci\u00f3n de la dieta"},"content":{"rendered":"<p>Aunque puede pensar que su dieta actual es bastante sana, es posible que tenga que reducir elementos esenciales, como la sal, las grasas y el alcohol. Puede que se le remita a un especialista en diet\u00e9tica para elaborar con usted una dieta personalizada que le ayude a sentirse mejor y a controlar su insuficiencia card\u00edaca.Haga clic en cualquiera de los enlaces siguientes para obtener m\u00e1s informaci\u00f3n sobre c\u00f3mo mejorar su dieta:Haga clic en cualquiera de los enlaces siguientes para obtener m\u00e1s informaci\u00f3n sobre c\u00f3mo mejorar su dieta:<\/p>\n<p>Haga clic en cualquiera de los enlaces siguientes para obtener m\u00e1s informaci\u00f3n sobre c\u00f3mo mejorar su dieta:<\/p>\n<p>Nota: estos enlaces le llevar\u00e1n a la secci\u00f3n <em>\u00bfQu\u00e9 puede hacer usted?<\/em>, por lo que tendr\u00e1 que regresar aqu\u00ed una vez que haya terminado de leer esta informaci\u00f3n.<\/p>\n<p><a href=\"https:\/\/www.heartfailurematters.org\/es\/lo-que-puede-hacer-usted\/adaptar-la-dieta-mantener-un-peso-saludable\/\">Mantener un peso saludable<\/a><br \/>\n<a href=\"https:\/\/www.heartfailurematters.org\/es\/lo-que-puede-hacer-usted\/adaptar-la-dieta-sal\/\">Sal<br \/>\n<\/a><a href=\"https:\/\/www.heartfailurematters.org\/es\/lo-que-puede-hacer-usted\/adaptar-la-dieta-liquidos\/\">L\u00edquidos<\/a><br \/>\n<a href=\"https:\/\/www.heartfailurematters.org\/es\/lo-que-puede-hacer-usted\/adaptar-la-dieta-alcohol\/\">Alcohol<br \/>\n<\/a><a href=\"https:\/\/www.heartfailurematters.org\/es\/lo-que-puede-hacer-usted\/adaptar-la-dieta-potasio\/\">Potasio<\/a><br \/>\n<a href=\"https:\/\/www.heartfailurematters.org\/es\/lo-que-puede-hacer-usted\/adaptar-la-dieta-grasas-y-colesterol\/\">Grasas y colesterol<\/a><br \/>\n<a href=\"https:\/\/www.heartfailurematters.org\/es\/lo-que-puede-hacer-usted\/adaptar-la-dieta-dieta-para-pacientes-diabeticos\/\">Dieta para pacientes diab\u00e9ticos<br \/>\n<\/a><a href=\"https:\/\/www.heartfailurematters.org\/es\/lo-que-puede-hacer-usted\/adaptar-la-dieta-enlaces-con-recetas-de-cocina\/\">Enlaces con recetas de cocina<\/a><\/p>\n<p align=\"left\">\u00abThe European Cook Book\u00bb es una colecci\u00f3n de deliciosas recetas culturalmente variadas ofrecida por las sociedades nacionales y afiliadas de la ESC.<\/p>\n<p><a href=\"https:\/\/www.heartfailurematters.org\/es\/vivir-con-insuficiencia-cardiaca\/habitos-de-vida\/\">Volver a H\u00e1bitos de vida<\/a><\/p>\n","protected":false},"excerpt":{"rendered":"<p>Aunque puede pensar que su dieta actual es bastante sana, es posible que tenga que reducir elementos esenciales, como la sal, las grasas y el alcohol. Puede que se le remita a un especialista en diet\u00e9tica para elaborar con usted una dieta personalizada que le ayude a sentirse mejor y a controlar su insuficiencia card\u00edaca.Haga [&hellip;]<\/p>\n","protected":false},"author":1,"featured_media":11044,"parent":2817,"menu_order":0,"comment_status":"open","ping_status":"open","template":"","meta":{"_acf_changed":false,"footnotes":""},"categories":[],"tags":[],"class_list":["post-2162","page","type-page","status-publish","has-post-thumbnail","hentry"],"acf":[],"yoast_head":"<!-- This site is optimized with the Yoast SEO plugin v24.8.1 - https:\/\/yoast.com\/wordpress\/plugins\/seo\/ -->\n<title>Adaptaci\u00f3n de la dieta - Heart Failure Matters<\/title>\n<meta name=\"description\" content=\"Aunque es posible que considere que su alimentaci\u00f3n actual es bastante sana, es posible que le pidan que reduzca algunos de los elementos principales: la sal, las grasas y el alcohol.\" \/>\n<meta name=\"robots\" content=\"index, follow, max-snippet:-1, max-image-preview:large, max-video-preview:-1\" \/>\n<link rel=\"canonical\" href=\"https:\/\/www.heartfailurematters.org\/es\/vivir-con-insuficiencia-cardiaca\/adaptacion-de-la-dieta\/\" \/>\n<meta property=\"og:locale\" content=\"es_ES\" \/>\n<meta property=\"og:type\" content=\"article\" \/>\n<meta property=\"og:title\" content=\"Adaptaci\u00f3n de la dieta - Heart Failure Matters\" \/>\n<meta property=\"og:description\" content=\"Aunque es posible que considere que su alimentaci\u00f3n actual es bastante sana, es posible que le pidan que reduzca algunos de los elementos principales: la sal, las grasas y el alcohol.\" \/>\n<meta property=\"og:url\" content=\"https:\/\/www.heartfailurematters.org\/es\/vivir-con-insuficiencia-cardiaca\/adaptacion-de-la-dieta\/\" \/>\n<meta property=\"og:site_name\" content=\"Heart Failure Matters\" \/>\n<meta property=\"article:publisher\" content=\"https:\/\/www.facebook.com\/heartfailurematters\" \/>\n<meta property=\"article:modified_time\" content=\"2021-08-12T10:01:31+00:00\" \/>\n<meta property=\"og:image\" content=\"https:\/\/www.heartfailurematters.org\/wp-content\/uploads\/2022\/03\/shutterstock_335916848-1-min.jpg\" \/>\n\t<meta property=\"og:image:width\" content=\"900\" \/>\n\t<meta property=\"og:image:height\" content=\"593\" \/>\n\t<meta property=\"og:image:type\" content=\"image\/jpeg\" \/>\n<meta name=\"twitter:card\" content=\"summary_large_image\" \/>\n<meta name=\"twitter:label1\" content=\"Tiempo de lectura\" \/>\n\t<meta name=\"twitter:data1\" content=\"1 minuto\" \/>\n<script type=\"application\/ld+json\" class=\"yoast-schema-graph\">{\"@context\":\"https:\/\/schema.org\",\"@graph\":[{\"@type\":\"WebPage\",\"@id\":\"https:\/\/www.heartfailurematters.org\/es\/vivir-con-insuficiencia-cardiaca\/adaptacion-de-la-dieta\/\",\"url\":\"https:\/\/www.heartfailurematters.org\/es\/vivir-con-insuficiencia-cardiaca\/adaptacion-de-la-dieta\/\",\"name\":\"Adaptaci\u00f3n de la dieta - Heart Failure Matters\",\"isPartOf\":{\"@id\":\"https:\/\/www.heartfailurematters.org\/es\/#website\"},\"primaryImageOfPage\":{\"@id\":\"https:\/\/www.heartfailurematters.org\/es\/vivir-con-insuficiencia-cardiaca\/adaptacion-de-la-dieta\/#primaryimage\"},\"image\":{\"@id\":\"https:\/\/www.heartfailurematters.org\/es\/vivir-con-insuficiencia-cardiaca\/adaptacion-de-la-dieta\/#primaryimage\"},\"thumbnailUrl\":\"https:\/\/www.heartfailurematters.org\/wp-content\/uploads\/2022\/03\/shutterstock_335916848-1-min.jpg\",\"datePublished\":\"2021-01-27T22:08:33+00:00\",\"dateModified\":\"2021-08-12T10:01:31+00:00\",\"description\":\"Aunque es posible que considere que su alimentaci\u00f3n actual es bastante sana, es posible que le pidan que reduzca algunos de los elementos principales: la sal, las grasas y el alcohol.\",\"breadcrumb\":{\"@id\":\"https:\/\/www.heartfailurematters.org\/es\/vivir-con-insuficiencia-cardiaca\/adaptacion-de-la-dieta\/#breadcrumb\"},\"inLanguage\":\"es\",\"potentialAction\":[{\"@type\":\"ReadAction\",\"target\":[\"https:\/\/www.heartfailurematters.org\/es\/vivir-con-insuficiencia-cardiaca\/adaptacion-de-la-dieta\/\"]}]},{\"@type\":\"ImageObject\",\"inLanguage\":\"es\",\"@id\":\"https:\/\/www.heartfailurematters.org\/es\/vivir-con-insuficiencia-cardiaca\/adaptacion-de-la-dieta\/#primaryimage\",\"url\":\"https:\/\/www.heartfailurematters.org\/wp-content\/uploads\/2022\/03\/shutterstock_335916848-1-min.jpg\",\"contentUrl\":\"https:\/\/www.heartfailurematters.org\/wp-content\/uploads\/2022\/03\/shutterstock_335916848-1-min.jpg\",\"width\":900,\"height\":593},{\"@type\":\"BreadcrumbList\",\"@id\":\"https:\/\/www.heartfailurematters.org\/es\/vivir-con-insuficiencia-cardiaca\/adaptacion-de-la-dieta\/#breadcrumb\",\"itemListElement\":[{\"@type\":\"ListItem\",\"position\":1,\"name\":\"Inicio\",\"item\":\"https:\/\/www.heartfailurematters.org\/es\/\"},{\"@type\":\"ListItem\",\"position\":2,\"name\":\"Vivir con insuficiencia card\u00edaca\",\"item\":\"https:\/\/www.heartfailurematters.org\/es\/vivir-con-insuficiencia-cardiaca\/\"},{\"@type\":\"ListItem\",\"position\":3,\"name\":\"Adaptaci\u00f3n de la dieta\"}]},{\"@type\":\"WebSite\",\"@id\":\"https:\/\/www.heartfailurematters.org\/es\/#website\",\"url\":\"https:\/\/www.heartfailurematters.org\/es\/\",\"name\":\"Heart Failure Matters\",\"description\":\"Practical information for patients, families and caregivers.\",\"publisher\":{\"@id\":\"https:\/\/www.heartfailurematters.org\/es\/#organization\"},\"potentialAction\":[{\"@type\":\"SearchAction\",\"target\":{\"@type\":\"EntryPoint\",\"urlTemplate\":\"https:\/\/www.heartfailurematters.org\/es\/?s={search_term_string}\"},\"query-input\":{\"@type\":\"PropertyValueSpecification\",\"valueRequired\":true,\"valueName\":\"search_term_string\"}}],\"inLanguage\":\"es\"},{\"@type\":\"Organization\",\"@id\":\"https:\/\/www.heartfailurematters.org\/es\/#organization\",\"name\":\"Heart Failure Matters\",\"url\":\"https:\/\/www.heartfailurematters.org\/es\/\",\"logo\":{\"@type\":\"ImageObject\",\"inLanguage\":\"es\",\"@id\":\"https:\/\/www.heartfailurematters.org\/es\/#\/schema\/logo\/image\/\",\"url\":\"https:\/\/cdn-endpoint-hfm.azureedge.net\/heartfailurematters\/2024\/07\/hfm-logo1.jpg\",\"contentUrl\":\"https:\/\/cdn-endpoint-hfm.azureedge.net\/heartfailurematters\/2024\/07\/hfm-logo1.jpg\",\"width\":1280,\"height\":720,\"caption\":\"Heart Failure Matters\"},\"image\":{\"@id\":\"https:\/\/www.heartfailurematters.org\/es\/#\/schema\/logo\/image\/\"},\"sameAs\":[\"https:\/\/www.facebook.com\/heartfailurematters\"]}]}<\/script>\n<!-- \/ Yoast SEO plugin. -->","yoast_head_json":{"title":"Adaptaci\u00f3n de la dieta - Heart Failure Matters","description":"Aunque es posible que considere que su alimentaci\u00f3n actual es bastante sana, es posible que le pidan que reduzca algunos de los elementos principales: la sal, las grasas y el alcohol.","robots":{"index":"index","follow":"follow","max-snippet":"max-snippet:-1","max-image-preview":"max-image-preview:large","max-video-preview":"max-video-preview:-1"},"canonical":"https:\/\/www.heartfailurematters.org\/es\/vivir-con-insuficiencia-cardiaca\/adaptacion-de-la-dieta\/","og_locale":"es_ES","og_type":"article","og_title":"Adaptaci\u00f3n de la dieta - Heart Failure Matters","og_description":"Aunque es posible que considere que su alimentaci\u00f3n actual es bastante sana, es posible que le pidan que reduzca algunos de los elementos principales: la sal, las grasas y el alcohol.","og_url":"https:\/\/www.heartfailurematters.org\/es\/vivir-con-insuficiencia-cardiaca\/adaptacion-de-la-dieta\/","og_site_name":"Heart Failure Matters","article_publisher":"https:\/\/www.facebook.com\/heartfailurematters","article_modified_time":"2021-08-12T10:01:31+00:00","og_image":[{"width":900,"height":593,"url":"https:\/\/www.heartfailurematters.org\/wp-content\/uploads\/2022\/03\/shutterstock_335916848-1-min.jpg","type":"image\/jpeg"}],"twitter_card":"summary_large_image","twitter_misc":{"Tiempo de lectura":"1 minuto"},"schema":{"@context":"https:\/\/schema.org","@graph":[{"@type":"WebPage","@id":"https:\/\/www.heartfailurematters.org\/es\/vivir-con-insuficiencia-cardiaca\/adaptacion-de-la-dieta\/","url":"https:\/\/www.heartfailurematters.org\/es\/vivir-con-insuficiencia-cardiaca\/adaptacion-de-la-dieta\/","name":"Adaptaci\u00f3n de la dieta - Heart Failure Matters","isPartOf":{"@id":"https:\/\/www.heartfailurematters.org\/es\/#website"},"primaryImageOfPage":{"@id":"https:\/\/www.heartfailurematters.org\/es\/vivir-con-insuficiencia-cardiaca\/adaptacion-de-la-dieta\/#primaryimage"},"image":{"@id":"https:\/\/www.heartfailurematters.org\/es\/vivir-con-insuficiencia-cardiaca\/adaptacion-de-la-dieta\/#primaryimage"},"thumbnailUrl":"https:\/\/www.heartfailurematters.org\/wp-content\/uploads\/2022\/03\/shutterstock_335916848-1-min.jpg","datePublished":"2021-01-27T22:08:33+00:00","dateModified":"2021-08-12T10:01:31+00:00","description":"Aunque es posible que considere que su alimentaci\u00f3n actual es bastante sana, es posible que le pidan que reduzca algunos de los elementos principales: la sal, las grasas y el alcohol.","breadcrumb":{"@id":"https:\/\/www.heartfailurematters.org\/es\/vivir-con-insuficiencia-cardiaca\/adaptacion-de-la-dieta\/#breadcrumb"},"inLanguage":"es","potentialAction":[{"@type":"ReadAction","target":["https:\/\/www.heartfailurematters.org\/es\/vivir-con-insuficiencia-cardiaca\/adaptacion-de-la-dieta\/"]}]},{"@type":"ImageObject","inLanguage":"es","@id":"https:\/\/www.heartfailurematters.org\/es\/vivir-con-insuficiencia-cardiaca\/adaptacion-de-la-dieta\/#primaryimage","url":"https:\/\/www.heartfailurematters.org\/wp-content\/uploads\/2022\/03\/shutterstock_335916848-1-min.jpg","contentUrl":"https:\/\/www.heartfailurematters.org\/wp-content\/uploads\/2022\/03\/shutterstock_335916848-1-min.jpg","width":900,"height":593},{"@type":"BreadcrumbList","@id":"https:\/\/www.heartfailurematters.org\/es\/vivir-con-insuficiencia-cardiaca\/adaptacion-de-la-dieta\/#breadcrumb","itemListElement":[{"@type":"ListItem","position":1,"name":"Inicio","item":"https:\/\/www.heartfailurematters.org\/es\/"},{"@type":"ListItem","position":2,"name":"Vivir con insuficiencia card\u00edaca","item":"https:\/\/www.heartfailurematters.org\/es\/vivir-con-insuficiencia-cardiaca\/"},{"@type":"ListItem","position":3,"name":"Adaptaci\u00f3n de la dieta"}]},{"@type":"WebSite","@id":"https:\/\/www.heartfailurematters.org\/es\/#website","url":"https:\/\/www.heartfailurematters.org\/es\/","name":"Heart Failure Matters","description":"Practical information for patients, families and caregivers.","publisher":{"@id":"https:\/\/www.heartfailurematters.org\/es\/#organization"},"potentialAction":[{"@type":"SearchAction","target":{"@type":"EntryPoint","urlTemplate":"https:\/\/www.heartfailurematters.org\/es\/?s={search_term_string}"},"query-input":{"@type":"PropertyValueSpecification","valueRequired":true,"valueName":"search_term_string"}}],"inLanguage":"es"},{"@type":"Organization","@id":"https:\/\/www.heartfailurematters.org\/es\/#organization","name":"Heart Failure Matters","url":"https:\/\/www.heartfailurematters.org\/es\/","logo":{"@type":"ImageObject","inLanguage":"es","@id":"https:\/\/www.heartfailurematters.org\/es\/#\/schema\/logo\/image\/","url":"https:\/\/cdn-endpoint-hfm.azureedge.net\/heartfailurematters\/2024\/07\/hfm-logo1.jpg","contentUrl":"https:\/\/cdn-endpoint-hfm.azureedge.net\/heartfailurematters\/2024\/07\/hfm-logo1.jpg","width":1280,"height":720,"caption":"Heart Failure Matters"},"image":{"@id":"https:\/\/www.heartfailurematters.org\/es\/#\/schema\/logo\/image\/"},"sameAs":["https:\/\/www.facebook.com\/heartfailurematters"]}]}},"_links":{"self":[{"href":"https:\/\/www.heartfailurematters.org\/es\/wp-json\/wp\/v2\/pages\/2162","targetHints":{"allow":["GET"]}}],"collection":[{"href":"https:\/\/www.heartfailurematters.org\/es\/wp-json\/wp\/v2\/pages"}],"about":[{"href":"https:\/\/www.heartfailurematters.org\/es\/wp-json\/wp\/v2\/types\/page"}],"author":[{"embeddable":true,"href":"https:\/\/www.heartfailurematters.org\/es\/wp-json\/wp\/v2\/users\/1"}],"replies":[{"embeddable":true,"href":"https:\/\/www.heartfailurematters.org\/es\/wp-json\/wp\/v2\/comments?post=2162"}],"version-history":[{"count":1,"href":"https:\/\/www.heartfailurematters.org\/es\/wp-json\/wp\/v2\/pages\/2162\/revisions"}],"predecessor-version":[{"id":9798,"href":"https:\/\/www.heartfailurematters.org\/es\/wp-json\/wp\/v2\/pages\/2162\/revisions\/9798"}],"up":[{"embeddable":true,"href":"https:\/\/www.heartfailurematters.org\/es\/wp-json\/wp\/v2\/pages\/2817"}],"wp:featuredmedia":[{"embeddable":true,"href":"https:\/\/www.heartfailurematters.org\/es\/wp-json\/wp\/v2\/media\/11044"}],"wp:attachment":[{"href":"https:\/\/www.heartfailurematters.org\/es\/wp-json\/wp\/v2\/media?parent=2162"}],"wp:term":[{"taxonomy":"category","embeddable":true,"href":"https:\/\/www.heartfailurematters.org\/es\/wp-json\/wp\/v2\/categories?post=2162"},{"taxonomy":"post_tag","embeddable":true,"href":"https:\/\/www.heartfailurematters.org\/es\/wp-json\/wp\/v2\/tags?post=2162"}],"curies":[{"name":"wp","href":"https:\/\/api.w.org\/{rel}","templated":true}]}}