{"id":2158,"date":"2021-01-27T22:08:28","date_gmt":"2021-01-27T22:08:28","guid":{"rendered":"http:\/\/heartfailurematters.local:8888\/cirugia-de-revascularizacion-coronaria-crc\/"},"modified":"2022-01-25T16:29:51","modified_gmt":"2022-01-25T16:29:51","slug":"cirugia-de-revascularizacion-coronaria-crc","status":"publish","type":"page","link":"https:\/\/www.heartfailurematters.org\/es\/lo-que-pueden-hacer-su-medico-o-enfermero\/cirugia-de-revascularizacion-coronaria-crc\/","title":{"rendered":"Cirug\u00eda de revascularizaci\u00f3n coronaria (CRC)"},"content":{"rendered":"<h2>\u00bfPor qu\u00e9 se hace?<\/h2>\n<p>Si una de las <a class=\"addtooltip\" title=\"&lt;div id='ToolTipTextWrap'&gt;Arterias coronarias&lt;\/div&gt;&lt;p&gt;Vasos sangu\u00edneos que llevan la sangre al m\u00fasculo card\u00edaco.&lt;\/p&gt;\" href=\"#\"><strong>arterias coronarias<\/strong><\/a> que llevan la sangre al m\u00fasculo card\u00edaco est\u00e1 obstruida por dep\u00f3sitos de colesterol (<a class=\"addtooltip\" title=\"&lt;div id='ToolTipTextWrap'&gt;Placa&lt;\/div&gt;&lt;p&gt;Acumulaci\u00f3n de colesterol, compuestos grasos, calcio y sustancias de la coagulaci\u00f3n de la sangre en la pared de una arteria.&lt;\/p&gt;\" href=\"#\"><strong>placa de ateroma<\/strong><\/a>), la sangre no puede fluir adecuadamente y esto se traduce en cl\u00ednica de <a class=\"addtooltip\" title=\"&lt;div id='ToolTipTextWrap'&gt;Angina&lt;\/div&gt;&lt;p&gt;Dolor o molestias en el t\u00f3rax como consecuencia de la disminuci\u00f3n del aporte de sangre a una parte del m\u00fasculo card\u00edaco. La causa suele ser la enfermedad coronaria.&lt;\/p&gt;\" href=\"#\"><strong>angina<\/strong><\/a> o incluso un <a class=\"addtooltip\" title=\"&lt;div id='ToolTipTextWrap'&gt;Infarto de miocardio&lt;\/div&gt;&lt;p&gt;Lesi\u00f3n que se produce en el m\u00fasculo card\u00edaco cuando se obstruye una arteria coronaria y disminuye considerablemente o se interrumpe el flujo sangu\u00edneo a una parte del m\u00fasculo.&lt;\/p&gt;\" href=\"#\"><strong>infarto de miocardio<\/strong><\/a>. Todo ello empeora la insuficiencia card\u00edaca. La <a class=\"addtooltip\" title=\"&lt;div id='ToolTipTextWrap'&gt;Cirug\u00eda de revascularizaci\u00f3n coronaria (CRC)&lt;\/div&gt;&lt;p&gt;Intervenci\u00f3n quir\u00fargica para redirigir el flujo sangu\u00edneo evitando una obstrucci\u00f3n en una arteria coronaria. El vaso sangu\u00edneo se extrae de la pierna o la pared tor\u00e1cica y se injerta en la arteria lesionada por encima y por debajo de la obstrucci\u00f3n.&lt;\/p&gt;\" href=\"#\"><strong>cirug\u00eda de revascularizaci\u00f3n coronaria (CRC)<\/strong><\/a> redirige el riego sangu\u00edneo saltando la parte obstruida de la arteria para que la sangre pueda llegar adecuadamente al m\u00fasculo cardiaco.<\/p>\n<h2>\u00bfEn qu\u00e9 consiste?<\/h2>\n<p>Normalmente durante la operaci\u00f3n estar\u00e1 conectado a una m\u00e1quina de circulaci\u00f3n extracorp\u00f3rea que suministra sangre al cerebro y al organismo mientras los cirujanos extirpan vasos sangu\u00edneos de otra parte del cuerpo, como una extremidad inferior o la pared tor\u00e1cica, y fijan quir\u00fargicamente estos injertos a los vasos obstruidos m\u00e1s all\u00e1 del obst\u00e1culo.<\/p>\n<p>La intervenci\u00f3n suele durar unas tres horas, pero puede tardar m\u00e1s en funci\u00f3n de los injertos que se precisen.<\/p>\n<h2>Preguntas para su m\u00e9dico:<\/h2>\n<ul>\n<li>\u00bfCu\u00e1les son los riesgos de esta intervenci\u00f3n quir\u00fargica?<\/li>\n<li>\u00bfNecesitar\u00e9 una <a class=\"addtooltip\" title=\"&lt;div id='ToolTipTextWrap'&gt;Angiograf\u00eda&lt;\/div&gt;&lt;p&gt;Prueba en la que se inyecta un contraste l\u00edquido visible con rayos X para detectar obstrucciones de las arterias coronarias.&lt;\/p&gt;\" href=\"#\"><strong>angiograf\u00eda<\/strong><\/a> antes de la intervenci\u00f3n?<\/li>\n<li>\u00bfTendr\u00e9 que seguir una dieta especial despu\u00e9s de la operaci\u00f3n?<\/li>\n<li>\u00bfCu\u00e1nto tiempo tardar\u00e9 en recuperarme?<\/li>\n<li>\u00bfQu\u00e9 cicatriz me quedar\u00e1?<\/li>\n<li>\u00bfQu\u00e9 grado de actividad f\u00edsica podr\u00e9 realizar despu\u00e9s de la operaci\u00f3n?<\/li>\n<li>\u00bfQu\u00e9 medicamentos tendr\u00e9 que tomar despu\u00e9s de la operaci\u00f3n?<\/li>\n<\/ul>\n<p><a href=\"https:\/\/www.heartfailurematters.org\/es\/lo-que-pueden-hacer-su-medico-o-enfermero\/cirugia\/\">Volver a Cirug\u00eda<\/a><\/p>\n","protected":false},"excerpt":{"rendered":"<p>\u00bfPor qu\u00e9 se hace? Si una de las arterias coronarias que llevan la sangre al m\u00fasculo card\u00edaco est\u00e1 obstruida por dep\u00f3sitos de colesterol (placa de ateroma), la sangre no puede fluir adecuadamente y esto se traduce en cl\u00ednica de angina o incluso un infarto de miocardio. Todo ello empeora la insuficiencia card\u00edaca. La cirug\u00eda de [&hellip;]<\/p>\n","protected":false},"author":1,"featured_media":10938,"parent":2684,"menu_order":0,"comment_status":"open","ping_status":"open","template":"","meta":{"_acf_changed":false,"footnotes":""},"categories":[],"tags":[],"class_list":["post-2158","page","type-page","status-publish","has-post-thumbnail","hentry"],"acf":[],"yoast_head":"<!-- This site is optimized with the Yoast SEO plugin v24.8.1 - https:\/\/yoast.com\/wordpress\/plugins\/seo\/ -->\n<title>Cirug\u00eda de revascularizaci\u00f3n coronaria (CRC) - Heart Failure Matters<\/title>\n<meta name=\"description\" content=\"Un injerto de revascularizaci\u00f3n coronaria desv\u00eda el flujo de sangre en torno a las secciones bloqueadas de la arteria para que el coraz\u00f3n funcione normalmente.\" \/>\n<meta name=\"robots\" content=\"index, follow, max-snippet:-1, max-image-preview:large, max-video-preview:-1\" \/>\n<link rel=\"canonical\" href=\"https:\/\/www.heartfailurematters.org\/es\/lo-que-pueden-hacer-su-medico-o-enfermero\/cirugia-de-revascularizacion-coronaria-crc\/\" \/>\n<meta property=\"og:locale\" content=\"es_ES\" \/>\n<meta property=\"og:type\" content=\"article\" \/>\n<meta property=\"og:title\" content=\"Cirug\u00eda de revascularizaci\u00f3n coronaria (CRC) - Heart Failure Matters\" \/>\n<meta property=\"og:description\" content=\"Un injerto de revascularizaci\u00f3n coronaria desv\u00eda el flujo de sangre en torno a las secciones bloqueadas de la arteria para que el coraz\u00f3n funcione normalmente.\" \/>\n<meta property=\"og:url\" content=\"https:\/\/www.heartfailurematters.org\/es\/lo-que-pueden-hacer-su-medico-o-enfermero\/cirugia-de-revascularizacion-coronaria-crc\/\" \/>\n<meta property=\"og:site_name\" content=\"Heart Failure Matters\" \/>\n<meta property=\"article:publisher\" content=\"https:\/\/www.facebook.com\/heartfailurematters\" \/>\n<meta property=\"article:modified_time\" content=\"2022-01-25T16:29:51+00:00\" \/>\n<meta property=\"og:image\" content=\"https:\/\/www.heartfailurematters.org\/wp-content\/uploads\/2022\/03\/shutterstock_2073525971-1-min.jpg\" \/>\n\t<meta property=\"og:image:width\" content=\"900\" \/>\n\t<meta property=\"og:image:height\" content=\"559\" \/>\n\t<meta property=\"og:image:type\" content=\"image\/jpeg\" \/>\n<meta name=\"twitter:card\" content=\"summary_large_image\" \/>\n<meta name=\"twitter:label1\" content=\"Tiempo de lectura\" \/>\n\t<meta name=\"twitter:data1\" content=\"1 minuto\" \/>\n<script type=\"application\/ld+json\" class=\"yoast-schema-graph\">{\"@context\":\"https:\/\/schema.org\",\"@graph\":[{\"@type\":\"WebPage\",\"@id\":\"https:\/\/www.heartfailurematters.org\/es\/lo-que-pueden-hacer-su-medico-o-enfermero\/cirugia-de-revascularizacion-coronaria-crc\/\",\"url\":\"https:\/\/www.heartfailurematters.org\/es\/lo-que-pueden-hacer-su-medico-o-enfermero\/cirugia-de-revascularizacion-coronaria-crc\/\",\"name\":\"Cirug\u00eda de revascularizaci\u00f3n coronaria (CRC) - Heart Failure Matters\",\"isPartOf\":{\"@id\":\"https:\/\/www.heartfailurematters.org\/es\/#website\"},\"primaryImageOfPage\":{\"@id\":\"https:\/\/www.heartfailurematters.org\/es\/lo-que-pueden-hacer-su-medico-o-enfermero\/cirugia-de-revascularizacion-coronaria-crc\/#primaryimage\"},\"image\":{\"@id\":\"https:\/\/www.heartfailurematters.org\/es\/lo-que-pueden-hacer-su-medico-o-enfermero\/cirugia-de-revascularizacion-coronaria-crc\/#primaryimage\"},\"thumbnailUrl\":\"https:\/\/www.heartfailurematters.org\/wp-content\/uploads\/2022\/03\/shutterstock_2073525971-1-min.jpg\",\"datePublished\":\"2021-01-27T22:08:28+00:00\",\"dateModified\":\"2022-01-25T16:29:51+00:00\",\"description\":\"Un injerto de revascularizaci\u00f3n coronaria desv\u00eda el flujo de sangre en torno a las secciones bloqueadas de la arteria para que el coraz\u00f3n funcione normalmente.\",\"breadcrumb\":{\"@id\":\"https:\/\/www.heartfailurematters.org\/es\/lo-que-pueden-hacer-su-medico-o-enfermero\/cirugia-de-revascularizacion-coronaria-crc\/#breadcrumb\"},\"inLanguage\":\"es\",\"potentialAction\":[{\"@type\":\"ReadAction\",\"target\":[\"https:\/\/www.heartfailurematters.org\/es\/lo-que-pueden-hacer-su-medico-o-enfermero\/cirugia-de-revascularizacion-coronaria-crc\/\"]}]},{\"@type\":\"ImageObject\",\"inLanguage\":\"es\",\"@id\":\"https:\/\/www.heartfailurematters.org\/es\/lo-que-pueden-hacer-su-medico-o-enfermero\/cirugia-de-revascularizacion-coronaria-crc\/#primaryimage\",\"url\":\"https:\/\/www.heartfailurematters.org\/wp-content\/uploads\/2022\/03\/shutterstock_2073525971-1-min.jpg\",\"contentUrl\":\"https:\/\/www.heartfailurematters.org\/wp-content\/uploads\/2022\/03\/shutterstock_2073525971-1-min.jpg\",\"width\":900,\"height\":559},{\"@type\":\"BreadcrumbList\",\"@id\":\"https:\/\/www.heartfailurematters.org\/es\/lo-que-pueden-hacer-su-medico-o-enfermero\/cirugia-de-revascularizacion-coronaria-crc\/#breadcrumb\",\"itemListElement\":[{\"@type\":\"ListItem\",\"position\":1,\"name\":\"Inicio\",\"item\":\"https:\/\/www.heartfailurematters.org\/es\/\"},{\"@type\":\"ListItem\",\"position\":2,\"name\":\"\u00bfQu\u00e9 puede hacer su m\u00e9dico?\",\"item\":\"https:\/\/www.heartfailurematters.org\/es\/lo-que-pueden-hacer-su-medico-o-enfermero\/\"},{\"@type\":\"ListItem\",\"position\":3,\"name\":\"Cirug\u00eda de revascularizaci\u00f3n coronaria (CRC)\"}]},{\"@type\":\"WebSite\",\"@id\":\"https:\/\/www.heartfailurematters.org\/es\/#website\",\"url\":\"https:\/\/www.heartfailurematters.org\/es\/\",\"name\":\"Heart Failure Matters\",\"description\":\"Practical information for patients, families and caregivers.\",\"publisher\":{\"@id\":\"https:\/\/www.heartfailurematters.org\/es\/#organization\"},\"potentialAction\":[{\"@type\":\"SearchAction\",\"target\":{\"@type\":\"EntryPoint\",\"urlTemplate\":\"https:\/\/www.heartfailurematters.org\/es\/?s={search_term_string}\"},\"query-input\":{\"@type\":\"PropertyValueSpecification\",\"valueRequired\":true,\"valueName\":\"search_term_string\"}}],\"inLanguage\":\"es\"},{\"@type\":\"Organization\",\"@id\":\"https:\/\/www.heartfailurematters.org\/es\/#organization\",\"name\":\"Heart Failure Matters\",\"url\":\"https:\/\/www.heartfailurematters.org\/es\/\",\"logo\":{\"@type\":\"ImageObject\",\"inLanguage\":\"es\",\"@id\":\"https:\/\/www.heartfailurematters.org\/es\/#\/schema\/logo\/image\/\",\"url\":\"https:\/\/cdn-endpoint-hfm.azureedge.net\/heartfailurematters\/2024\/07\/hfm-logo1.jpg\",\"contentUrl\":\"https:\/\/cdn-endpoint-hfm.azureedge.net\/heartfailurematters\/2024\/07\/hfm-logo1.jpg\",\"width\":1280,\"height\":720,\"caption\":\"Heart Failure Matters\"},\"image\":{\"@id\":\"https:\/\/www.heartfailurematters.org\/es\/#\/schema\/logo\/image\/\"},\"sameAs\":[\"https:\/\/www.facebook.com\/heartfailurematters\"]}]}<\/script>\n<!-- \/ Yoast SEO plugin. -->","yoast_head_json":{"title":"Cirug\u00eda de revascularizaci\u00f3n coronaria (CRC) - Heart Failure Matters","description":"Un injerto de revascularizaci\u00f3n coronaria desv\u00eda el flujo de sangre en torno a las secciones bloqueadas de la arteria para que el coraz\u00f3n funcione normalmente.","robots":{"index":"index","follow":"follow","max-snippet":"max-snippet:-1","max-image-preview":"max-image-preview:large","max-video-preview":"max-video-preview:-1"},"canonical":"https:\/\/www.heartfailurematters.org\/es\/lo-que-pueden-hacer-su-medico-o-enfermero\/cirugia-de-revascularizacion-coronaria-crc\/","og_locale":"es_ES","og_type":"article","og_title":"Cirug\u00eda de revascularizaci\u00f3n coronaria (CRC) - Heart Failure Matters","og_description":"Un injerto de revascularizaci\u00f3n coronaria desv\u00eda el flujo de sangre en torno a las secciones bloqueadas de la arteria para que el coraz\u00f3n funcione normalmente.","og_url":"https:\/\/www.heartfailurematters.org\/es\/lo-que-pueden-hacer-su-medico-o-enfermero\/cirugia-de-revascularizacion-coronaria-crc\/","og_site_name":"Heart Failure Matters","article_publisher":"https:\/\/www.facebook.com\/heartfailurematters","article_modified_time":"2022-01-25T16:29:51+00:00","og_image":[{"width":900,"height":559,"url":"https:\/\/www.heartfailurematters.org\/wp-content\/uploads\/2022\/03\/shutterstock_2073525971-1-min.jpg","type":"image\/jpeg"}],"twitter_card":"summary_large_image","twitter_misc":{"Tiempo de lectura":"1 minuto"},"schema":{"@context":"https:\/\/schema.org","@graph":[{"@type":"WebPage","@id":"https:\/\/www.heartfailurematters.org\/es\/lo-que-pueden-hacer-su-medico-o-enfermero\/cirugia-de-revascularizacion-coronaria-crc\/","url":"https:\/\/www.heartfailurematters.org\/es\/lo-que-pueden-hacer-su-medico-o-enfermero\/cirugia-de-revascularizacion-coronaria-crc\/","name":"Cirug\u00eda de revascularizaci\u00f3n coronaria (CRC) - Heart Failure Matters","isPartOf":{"@id":"https:\/\/www.heartfailurematters.org\/es\/#website"},"primaryImageOfPage":{"@id":"https:\/\/www.heartfailurematters.org\/es\/lo-que-pueden-hacer-su-medico-o-enfermero\/cirugia-de-revascularizacion-coronaria-crc\/#primaryimage"},"image":{"@id":"https:\/\/www.heartfailurematters.org\/es\/lo-que-pueden-hacer-su-medico-o-enfermero\/cirugia-de-revascularizacion-coronaria-crc\/#primaryimage"},"thumbnailUrl":"https:\/\/www.heartfailurematters.org\/wp-content\/uploads\/2022\/03\/shutterstock_2073525971-1-min.jpg","datePublished":"2021-01-27T22:08:28+00:00","dateModified":"2022-01-25T16:29:51+00:00","description":"Un injerto de revascularizaci\u00f3n coronaria desv\u00eda el flujo de sangre en torno a las secciones bloqueadas de la arteria para que el coraz\u00f3n funcione normalmente.","breadcrumb":{"@id":"https:\/\/www.heartfailurematters.org\/es\/lo-que-pueden-hacer-su-medico-o-enfermero\/cirugia-de-revascularizacion-coronaria-crc\/#breadcrumb"},"inLanguage":"es","potentialAction":[{"@type":"ReadAction","target":["https:\/\/www.heartfailurematters.org\/es\/lo-que-pueden-hacer-su-medico-o-enfermero\/cirugia-de-revascularizacion-coronaria-crc\/"]}]},{"@type":"ImageObject","inLanguage":"es","@id":"https:\/\/www.heartfailurematters.org\/es\/lo-que-pueden-hacer-su-medico-o-enfermero\/cirugia-de-revascularizacion-coronaria-crc\/#primaryimage","url":"https:\/\/www.heartfailurematters.org\/wp-content\/uploads\/2022\/03\/shutterstock_2073525971-1-min.jpg","contentUrl":"https:\/\/www.heartfailurematters.org\/wp-content\/uploads\/2022\/03\/shutterstock_2073525971-1-min.jpg","width":900,"height":559},{"@type":"BreadcrumbList","@id":"https:\/\/www.heartfailurematters.org\/es\/lo-que-pueden-hacer-su-medico-o-enfermero\/cirugia-de-revascularizacion-coronaria-crc\/#breadcrumb","itemListElement":[{"@type":"ListItem","position":1,"name":"Inicio","item":"https:\/\/www.heartfailurematters.org\/es\/"},{"@type":"ListItem","position":2,"name":"\u00bfQu\u00e9 puede hacer su m\u00e9dico?","item":"https:\/\/www.heartfailurematters.org\/es\/lo-que-pueden-hacer-su-medico-o-enfermero\/"},{"@type":"ListItem","position":3,"name":"Cirug\u00eda de revascularizaci\u00f3n coronaria (CRC)"}]},{"@type":"WebSite","@id":"https:\/\/www.heartfailurematters.org\/es\/#website","url":"https:\/\/www.heartfailurematters.org\/es\/","name":"Heart Failure Matters","description":"Practical information for patients, families and caregivers.","publisher":{"@id":"https:\/\/www.heartfailurematters.org\/es\/#organization"},"potentialAction":[{"@type":"SearchAction","target":{"@type":"EntryPoint","urlTemplate":"https:\/\/www.heartfailurematters.org\/es\/?s={search_term_string}"},"query-input":{"@type":"PropertyValueSpecification","valueRequired":true,"valueName":"search_term_string"}}],"inLanguage":"es"},{"@type":"Organization","@id":"https:\/\/www.heartfailurematters.org\/es\/#organization","name":"Heart Failure Matters","url":"https:\/\/www.heartfailurematters.org\/es\/","logo":{"@type":"ImageObject","inLanguage":"es","@id":"https:\/\/www.heartfailurematters.org\/es\/#\/schema\/logo\/image\/","url":"https:\/\/cdn-endpoint-hfm.azureedge.net\/heartfailurematters\/2024\/07\/hfm-logo1.jpg","contentUrl":"https:\/\/cdn-endpoint-hfm.azureedge.net\/heartfailurematters\/2024\/07\/hfm-logo1.jpg","width":1280,"height":720,"caption":"Heart Failure Matters"},"image":{"@id":"https:\/\/www.heartfailurematters.org\/es\/#\/schema\/logo\/image\/"},"sameAs":["https:\/\/www.facebook.com\/heartfailurematters"]}]}},"_links":{"self":[{"href":"https:\/\/www.heartfailurematters.org\/es\/wp-json\/wp\/v2\/pages\/2158","targetHints":{"allow":["GET"]}}],"collection":[{"href":"https:\/\/www.heartfailurematters.org\/es\/wp-json\/wp\/v2\/pages"}],"about":[{"href":"https:\/\/www.heartfailurematters.org\/es\/wp-json\/wp\/v2\/types\/page"}],"author":[{"embeddable":true,"href":"https:\/\/www.heartfailurematters.org\/es\/wp-json\/wp\/v2\/users\/1"}],"replies":[{"embeddable":true,"href":"https:\/\/www.heartfailurematters.org\/es\/wp-json\/wp\/v2\/comments?post=2158"}],"version-history":[{"count":3,"href":"https:\/\/www.heartfailurematters.org\/es\/wp-json\/wp\/v2\/pages\/2158\/revisions"}],"predecessor-version":[{"id":10477,"href":"https:\/\/www.heartfailurematters.org\/es\/wp-json\/wp\/v2\/pages\/2158\/revisions\/10477"}],"up":[{"embeddable":true,"href":"https:\/\/www.heartfailurematters.org\/es\/wp-json\/wp\/v2\/pages\/2684"}],"wp:featuredmedia":[{"embeddable":true,"href":"https:\/\/www.heartfailurematters.org\/es\/wp-json\/wp\/v2\/media\/10938"}],"wp:attachment":[{"href":"https:\/\/www.heartfailurematters.org\/es\/wp-json\/wp\/v2\/media?parent=2158"}],"wp:term":[{"taxonomy":"category","embeddable":true,"href":"https:\/\/www.heartfailurematters.org\/es\/wp-json\/wp\/v2\/categories?post=2158"},{"taxonomy":"post_tag","embeddable":true,"href":"https:\/\/www.heartfailurematters.org\/es\/wp-json\/wp\/v2\/tags?post=2158"}],"curies":[{"name":"wp","href":"https:\/\/api.w.org\/{rel}","templated":true}]}}