{"id":2157,"date":"2021-01-27T22:08:28","date_gmt":"2021-01-27T22:08:28","guid":{"rendered":"http:\/\/heartfailurematters.local:8888\/prestacion-de-apoyo-emocional\/"},"modified":"2022-01-27T12:33:28","modified_gmt":"2022-01-27T12:33:28","slug":"prestacion-de-apoyo-emocional","status":"publish","type":"page","link":"https:\/\/www.heartfailurematters.org\/es\/para-cuidadores\/prestacion-de-apoyo-emocional\/","title":{"rendered":"Prestaci\u00f3n de apoyo emocional"},"content":{"rendered":"<p>Adem\u00e1s de proporcionar apoyo pr\u00e1ctico a su pareja o familiar en el tratamiento de la insuficiencia card\u00edaca, tambi\u00e9n es extremadamente importante prestar apoyo emocional, pues es probable que experimente muchos sentimientos diferentes y problem\u00e1ticos. Como cuidador, puede prestar apoyo emocional:<\/p>\n<ul>\n<li>diciendo a su pareja o familiar que los cambios requieren un tiempo. Es natural que las personas tengan dificultad para modificar h\u00e1bitos de vida arraigados. Su pareja o pariente apreciar\u00e1n que escuche sus preocupaciones y adopte una actitud positiva, incluso aunque no siga completamente las recomendaciones del m\u00e9dico de inmediato. Anime y alabe al paciente si adquiere buenos h\u00e1bitos y hace progresos, y no le critique si en alguna ocasi\u00f3n retoma los h\u00e1bitos antiguos. Ay\u00fadele a volver al buen camino.<\/li>\n<li>recomendando a su pareja o pariente que se una a un grupo de apoyo para personas con insuficiencia card\u00edaca, en el que podr\u00e1 recibir ayuda de pacientes en situaci\u00f3n parecida. Puede ir al grupo con \u00e9l, pero es probable que la experiencia sea m\u00e1s beneficiosa si \u00e9l mismo decide ir.<\/li>\n<\/ul>\n<p>Sabiendo que el paciente puede tener menos deseo de contacto f\u00edsico con usted al principio. Tras el diagn\u00f3stico de insuficiencia card\u00edaca, se suele reducir o interrumpir la <a title=\"\" href=\"https:\/\/www.heartfailurematters.org\/es\/lo-que-puede-hacer-usted\/sexo-e-insuficiencia-cardiaca\/\">actividad sexual<\/a> hasta que la enfermedad est\u00e1 bajo control.<\/p>\n<p><a title=\"\" href=\"https:\/\/www.heartfailurematters.org\/es\/para-cuidadores\/conocer-su-funcion\/\">Volver a Conocer su funci\u00f3n<\/a><\/p>\n","protected":false},"excerpt":{"rendered":"<p>Adem\u00e1s de proporcionar apoyo pr\u00e1ctico a su pareja o familiar en el tratamiento de la insuficiencia card\u00edaca, tambi\u00e9n es extremadamente importante prestar apoyo emocional, pues es probable que experimente muchos sentimientos diferentes y problem\u00e1ticos. Como cuidador, puede prestar apoyo emocional: diciendo a su pareja o familiar que los cambios requieren un tiempo. Es natural que [&hellip;]<\/p>\n","protected":false},"author":1,"featured_media":11148,"parent":2846,"menu_order":0,"comment_status":"open","ping_status":"open","template":"","meta":{"_acf_changed":false,"footnotes":""},"categories":[],"tags":[],"class_list":["post-2157","page","type-page","status-publish","has-post-thumbnail","hentry"],"acf":[],"yoast_head":"<!-- This site is optimized with the Yoast SEO plugin v24.8.1 - https:\/\/yoast.com\/wordpress\/plugins\/seo\/ -->\n<title>Prestaci\u00f3n de apoyo emocional - Heart Failure Matters<\/title>\n<meta name=\"description\" content=\"Proporcionar apoyo emocional a su pareja o familiar es muy importante, ya que tendr\u00e1 que afrontar muchos sentimientos diferentes y dif\u00edciles.\" \/>\n<meta name=\"robots\" content=\"index, follow, max-snippet:-1, max-image-preview:large, max-video-preview:-1\" \/>\n<link rel=\"canonical\" href=\"https:\/\/www.heartfailurematters.org\/es\/para-cuidadores\/prestacion-de-apoyo-emocional\/\" \/>\n<meta property=\"og:locale\" content=\"es_ES\" \/>\n<meta property=\"og:type\" content=\"article\" \/>\n<meta property=\"og:title\" content=\"Prestaci\u00f3n de apoyo emocional - Heart Failure Matters\" \/>\n<meta property=\"og:description\" content=\"Proporcionar apoyo emocional a su pareja o familiar es muy importante, ya que tendr\u00e1 que afrontar muchos sentimientos diferentes y dif\u00edciles.\" \/>\n<meta property=\"og:url\" content=\"https:\/\/www.heartfailurematters.org\/es\/para-cuidadores\/prestacion-de-apoyo-emocional\/\" \/>\n<meta property=\"og:site_name\" content=\"Heart Failure Matters\" \/>\n<meta property=\"article:publisher\" content=\"https:\/\/www.facebook.com\/heartfailurematters\" \/>\n<meta property=\"article:modified_time\" content=\"2022-01-27T12:33:28+00:00\" \/>\n<meta property=\"og:image\" content=\"https:\/\/www.heartfailurematters.org\/wp-content\/uploads\/2022\/03\/shutterstock_326634329-1-min.jpg\" \/>\n\t<meta property=\"og:image:width\" content=\"900\" \/>\n\t<meta property=\"og:image:height\" content=\"600\" \/>\n\t<meta property=\"og:image:type\" content=\"image\/jpeg\" \/>\n<meta name=\"twitter:card\" content=\"summary_large_image\" \/>\n<meta name=\"twitter:label1\" content=\"Tiempo de lectura\" \/>\n\t<meta name=\"twitter:data1\" content=\"1 minuto\" \/>\n<script type=\"application\/ld+json\" class=\"yoast-schema-graph\">{\"@context\":\"https:\/\/schema.org\",\"@graph\":[{\"@type\":\"WebPage\",\"@id\":\"https:\/\/www.heartfailurematters.org\/es\/para-cuidadores\/prestacion-de-apoyo-emocional\/\",\"url\":\"https:\/\/www.heartfailurematters.org\/es\/para-cuidadores\/prestacion-de-apoyo-emocional\/\",\"name\":\"Prestaci\u00f3n de apoyo emocional - Heart Failure Matters\",\"isPartOf\":{\"@id\":\"https:\/\/www.heartfailurematters.org\/es\/#website\"},\"primaryImageOfPage\":{\"@id\":\"https:\/\/www.heartfailurematters.org\/es\/para-cuidadores\/prestacion-de-apoyo-emocional\/#primaryimage\"},\"image\":{\"@id\":\"https:\/\/www.heartfailurematters.org\/es\/para-cuidadores\/prestacion-de-apoyo-emocional\/#primaryimage\"},\"thumbnailUrl\":\"https:\/\/www.heartfailurematters.org\/wp-content\/uploads\/2022\/03\/shutterstock_326634329-1-min.jpg\",\"datePublished\":\"2021-01-27T22:08:28+00:00\",\"dateModified\":\"2022-01-27T12:33:28+00:00\",\"description\":\"Proporcionar apoyo emocional a su pareja o familiar es muy importante, ya que tendr\u00e1 que afrontar muchos sentimientos diferentes y dif\u00edciles.\",\"breadcrumb\":{\"@id\":\"https:\/\/www.heartfailurematters.org\/es\/para-cuidadores\/prestacion-de-apoyo-emocional\/#breadcrumb\"},\"inLanguage\":\"es\",\"potentialAction\":[{\"@type\":\"ReadAction\",\"target\":[\"https:\/\/www.heartfailurematters.org\/es\/para-cuidadores\/prestacion-de-apoyo-emocional\/\"]}]},{\"@type\":\"ImageObject\",\"inLanguage\":\"es\",\"@id\":\"https:\/\/www.heartfailurematters.org\/es\/para-cuidadores\/prestacion-de-apoyo-emocional\/#primaryimage\",\"url\":\"https:\/\/www.heartfailurematters.org\/wp-content\/uploads\/2022\/03\/shutterstock_326634329-1-min.jpg\",\"contentUrl\":\"https:\/\/www.heartfailurematters.org\/wp-content\/uploads\/2022\/03\/shutterstock_326634329-1-min.jpg\",\"width\":900,\"height\":600},{\"@type\":\"BreadcrumbList\",\"@id\":\"https:\/\/www.heartfailurematters.org\/es\/para-cuidadores\/prestacion-de-apoyo-emocional\/#breadcrumb\",\"itemListElement\":[{\"@type\":\"ListItem\",\"position\":1,\"name\":\"Inicio\",\"item\":\"https:\/\/www.heartfailurematters.org\/es\/\"},{\"@type\":\"ListItem\",\"position\":2,\"name\":\"Para cuidadores\",\"item\":\"https:\/\/www.heartfailurematters.org\/es\/para-cuidadores\/\"},{\"@type\":\"ListItem\",\"position\":3,\"name\":\"Prestaci\u00f3n de apoyo emocional\"}]},{\"@type\":\"WebSite\",\"@id\":\"https:\/\/www.heartfailurematters.org\/es\/#website\",\"url\":\"https:\/\/www.heartfailurematters.org\/es\/\",\"name\":\"Heart Failure Matters\",\"description\":\"Practical information for patients, families and caregivers.\",\"publisher\":{\"@id\":\"https:\/\/www.heartfailurematters.org\/es\/#organization\"},\"potentialAction\":[{\"@type\":\"SearchAction\",\"target\":{\"@type\":\"EntryPoint\",\"urlTemplate\":\"https:\/\/www.heartfailurematters.org\/es\/?s={search_term_string}\"},\"query-input\":{\"@type\":\"PropertyValueSpecification\",\"valueRequired\":true,\"valueName\":\"search_term_string\"}}],\"inLanguage\":\"es\"},{\"@type\":\"Organization\",\"@id\":\"https:\/\/www.heartfailurematters.org\/es\/#organization\",\"name\":\"Heart Failure Matters\",\"url\":\"https:\/\/www.heartfailurematters.org\/es\/\",\"logo\":{\"@type\":\"ImageObject\",\"inLanguage\":\"es\",\"@id\":\"https:\/\/www.heartfailurematters.org\/es\/#\/schema\/logo\/image\/\",\"url\":\"https:\/\/cdn-endpoint-hfm.azureedge.net\/heartfailurematters\/2024\/07\/hfm-logo1.jpg\",\"contentUrl\":\"https:\/\/cdn-endpoint-hfm.azureedge.net\/heartfailurematters\/2024\/07\/hfm-logo1.jpg\",\"width\":1280,\"height\":720,\"caption\":\"Heart Failure Matters\"},\"image\":{\"@id\":\"https:\/\/www.heartfailurematters.org\/es\/#\/schema\/logo\/image\/\"},\"sameAs\":[\"https:\/\/www.facebook.com\/heartfailurematters\"]}]}<\/script>\n<!-- \/ Yoast SEO plugin. -->","yoast_head_json":{"title":"Prestaci\u00f3n de apoyo emocional - Heart Failure Matters","description":"Proporcionar apoyo emocional a su pareja o familiar es muy importante, ya que tendr\u00e1 que afrontar muchos sentimientos diferentes y dif\u00edciles.","robots":{"index":"index","follow":"follow","max-snippet":"max-snippet:-1","max-image-preview":"max-image-preview:large","max-video-preview":"max-video-preview:-1"},"canonical":"https:\/\/www.heartfailurematters.org\/es\/para-cuidadores\/prestacion-de-apoyo-emocional\/","og_locale":"es_ES","og_type":"article","og_title":"Prestaci\u00f3n de apoyo emocional - Heart Failure Matters","og_description":"Proporcionar apoyo emocional a su pareja o familiar es muy importante, ya que tendr\u00e1 que afrontar muchos sentimientos diferentes y dif\u00edciles.","og_url":"https:\/\/www.heartfailurematters.org\/es\/para-cuidadores\/prestacion-de-apoyo-emocional\/","og_site_name":"Heart Failure Matters","article_publisher":"https:\/\/www.facebook.com\/heartfailurematters","article_modified_time":"2022-01-27T12:33:28+00:00","og_image":[{"width":900,"height":600,"url":"https:\/\/www.heartfailurematters.org\/wp-content\/uploads\/2022\/03\/shutterstock_326634329-1-min.jpg","type":"image\/jpeg"}],"twitter_card":"summary_large_image","twitter_misc":{"Tiempo de lectura":"1 minuto"},"schema":{"@context":"https:\/\/schema.org","@graph":[{"@type":"WebPage","@id":"https:\/\/www.heartfailurematters.org\/es\/para-cuidadores\/prestacion-de-apoyo-emocional\/","url":"https:\/\/www.heartfailurematters.org\/es\/para-cuidadores\/prestacion-de-apoyo-emocional\/","name":"Prestaci\u00f3n de apoyo emocional - Heart Failure Matters","isPartOf":{"@id":"https:\/\/www.heartfailurematters.org\/es\/#website"},"primaryImageOfPage":{"@id":"https:\/\/www.heartfailurematters.org\/es\/para-cuidadores\/prestacion-de-apoyo-emocional\/#primaryimage"},"image":{"@id":"https:\/\/www.heartfailurematters.org\/es\/para-cuidadores\/prestacion-de-apoyo-emocional\/#primaryimage"},"thumbnailUrl":"https:\/\/www.heartfailurematters.org\/wp-content\/uploads\/2022\/03\/shutterstock_326634329-1-min.jpg","datePublished":"2021-01-27T22:08:28+00:00","dateModified":"2022-01-27T12:33:28+00:00","description":"Proporcionar apoyo emocional a su pareja o familiar es muy importante, ya que tendr\u00e1 que afrontar muchos sentimientos diferentes y dif\u00edciles.","breadcrumb":{"@id":"https:\/\/www.heartfailurematters.org\/es\/para-cuidadores\/prestacion-de-apoyo-emocional\/#breadcrumb"},"inLanguage":"es","potentialAction":[{"@type":"ReadAction","target":["https:\/\/www.heartfailurematters.org\/es\/para-cuidadores\/prestacion-de-apoyo-emocional\/"]}]},{"@type":"ImageObject","inLanguage":"es","@id":"https:\/\/www.heartfailurematters.org\/es\/para-cuidadores\/prestacion-de-apoyo-emocional\/#primaryimage","url":"https:\/\/www.heartfailurematters.org\/wp-content\/uploads\/2022\/03\/shutterstock_326634329-1-min.jpg","contentUrl":"https:\/\/www.heartfailurematters.org\/wp-content\/uploads\/2022\/03\/shutterstock_326634329-1-min.jpg","width":900,"height":600},{"@type":"BreadcrumbList","@id":"https:\/\/www.heartfailurematters.org\/es\/para-cuidadores\/prestacion-de-apoyo-emocional\/#breadcrumb","itemListElement":[{"@type":"ListItem","position":1,"name":"Inicio","item":"https:\/\/www.heartfailurematters.org\/es\/"},{"@type":"ListItem","position":2,"name":"Para cuidadores","item":"https:\/\/www.heartfailurematters.org\/es\/para-cuidadores\/"},{"@type":"ListItem","position":3,"name":"Prestaci\u00f3n de apoyo emocional"}]},{"@type":"WebSite","@id":"https:\/\/www.heartfailurematters.org\/es\/#website","url":"https:\/\/www.heartfailurematters.org\/es\/","name":"Heart Failure Matters","description":"Practical information for patients, families and caregivers.","publisher":{"@id":"https:\/\/www.heartfailurematters.org\/es\/#organization"},"potentialAction":[{"@type":"SearchAction","target":{"@type":"EntryPoint","urlTemplate":"https:\/\/www.heartfailurematters.org\/es\/?s={search_term_string}"},"query-input":{"@type":"PropertyValueSpecification","valueRequired":true,"valueName":"search_term_string"}}],"inLanguage":"es"},{"@type":"Organization","@id":"https:\/\/www.heartfailurematters.org\/es\/#organization","name":"Heart Failure Matters","url":"https:\/\/www.heartfailurematters.org\/es\/","logo":{"@type":"ImageObject","inLanguage":"es","@id":"https:\/\/www.heartfailurematters.org\/es\/#\/schema\/logo\/image\/","url":"https:\/\/cdn-endpoint-hfm.azureedge.net\/heartfailurematters\/2024\/07\/hfm-logo1.jpg","contentUrl":"https:\/\/cdn-endpoint-hfm.azureedge.net\/heartfailurematters\/2024\/07\/hfm-logo1.jpg","width":1280,"height":720,"caption":"Heart Failure Matters"},"image":{"@id":"https:\/\/www.heartfailurematters.org\/es\/#\/schema\/logo\/image\/"},"sameAs":["https:\/\/www.facebook.com\/heartfailurematters"]}]}},"_links":{"self":[{"href":"https:\/\/www.heartfailurematters.org\/es\/wp-json\/wp\/v2\/pages\/2157","targetHints":{"allow":["GET"]}}],"collection":[{"href":"https:\/\/www.heartfailurematters.org\/es\/wp-json\/wp\/v2\/pages"}],"about":[{"href":"https:\/\/www.heartfailurematters.org\/es\/wp-json\/wp\/v2\/types\/page"}],"author":[{"embeddable":true,"href":"https:\/\/www.heartfailurematters.org\/es\/wp-json\/wp\/v2\/users\/1"}],"replies":[{"embeddable":true,"href":"https:\/\/www.heartfailurematters.org\/es\/wp-json\/wp\/v2\/comments?post=2157"}],"version-history":[{"count":2,"href":"https:\/\/www.heartfailurematters.org\/es\/wp-json\/wp\/v2\/pages\/2157\/revisions"}],"predecessor-version":[{"id":10508,"href":"https:\/\/www.heartfailurematters.org\/es\/wp-json\/wp\/v2\/pages\/2157\/revisions\/10508"}],"up":[{"embeddable":true,"href":"https:\/\/www.heartfailurematters.org\/es\/wp-json\/wp\/v2\/pages\/2846"}],"wp:featuredmedia":[{"embeddable":true,"href":"https:\/\/www.heartfailurematters.org\/es\/wp-json\/wp\/v2\/media\/11148"}],"wp:attachment":[{"href":"https:\/\/www.heartfailurematters.org\/es\/wp-json\/wp\/v2\/media?parent=2157"}],"wp:term":[{"taxonomy":"category","embeddable":true,"href":"https:\/\/www.heartfailurematters.org\/es\/wp-json\/wp\/v2\/categories?post=2157"},{"taxonomy":"post_tag","embeddable":true,"href":"https:\/\/www.heartfailurematters.org\/es\/wp-json\/wp\/v2\/tags?post=2157"}],"curies":[{"name":"wp","href":"https:\/\/api.w.org\/{rel}","templated":true}]}}