{"id":2156,"date":"2021-01-27T22:08:28","date_gmt":"2021-01-27T22:08:28","guid":{"rendered":"http:\/\/heartfailurematters.local:8888\/inapetencia-nauseas\/"},"modified":"2022-01-19T11:08:28","modified_gmt":"2022-01-19T11:08:28","slug":"inapetencia-nauseas","status":"publish","type":"page","link":"https:\/\/www.heartfailurematters.org\/es\/signos-de-alarma\/inapetencia-nauseas\/","title":{"rendered":"Inapetencia\/n\u00e1useas"},"content":{"rendered":"<p>Con la insuficiencia card\u00edaca puede experimentar p\u00e9rdida o alteraci\u00f3n del apetito o sensaci\u00f3n de n\u00e1useas. Algunas personas notan saciedad o molestias g\u00e1stricas aunque hayan comido muy poco. Tambi\u00e9n pueden presentar dolor o hipersensibilidad abdominal.<\/p>\n<p>Estos s\u00edntomas suelen deberse a la acumulaci\u00f3n de l\u00edquido\u00a0(<a class=\"addtooltip\" title=\"Exceso de l\u00edquido en alg\u00fan lugar del organismo.\"><strong title=\"\">congesti\u00f3n<\/strong><\/a>) en torno al h\u00edgado y el intestino, lo que dificulta la digesti\u00f3n. Si nota alteraciones del apetito o empieza a tener problemas con la digesti\u00f3n, esto podr\u00eda indicar un empeoramiento de la insuficiencia card\u00edaca, por lo que debe consultar al m\u00e9dico o enfermera.<\/p>\n<p>La inapetencia y las n\u00e1useas son tambi\u00e9n efectos secundarios frecuentes de algunos medicamentos.<\/p>\n","protected":false},"excerpt":{"rendered":"<p>Con la insuficiencia card\u00edaca puede experimentar p\u00e9rdida o alteraci\u00f3n del apetito o sensaci\u00f3n de n\u00e1useas. Algunas personas notan saciedad o molestias g\u00e1stricas aunque hayan comido muy poco. Tambi\u00e9n pueden presentar dolor o hipersensibilidad abdominal. Estos s\u00edntomas suelen deberse a la acumulaci\u00f3n de l\u00edquido\u00a0(congesti\u00f3n) en torno al h\u00edgado y el intestino, lo que dificulta la digesti\u00f3n. [&hellip;]<\/p>\n","protected":false},"author":1,"featured_media":11248,"parent":2869,"menu_order":10,"comment_status":"open","ping_status":"closed","template":"","meta":{"_acf_changed":false,"footnotes":""},"categories":[132],"tags":[],"class_list":["post-2156","page","type-page","status-publish","has-post-thumbnail","hentry","category-warning-signs-es"],"acf":[],"yoast_head":"<!-- This site is optimized with the Yoast SEO plugin v24.8.1 - https:\/\/yoast.com\/wordpress\/plugins\/seo\/ -->\n<title>P\u00e9rdida de apetito\/n\u00e1useas<\/title>\n<meta name=\"description\" content=\"\u00bfHa sufrido cambios en el apetito o problemas de digesti\u00f3n? Podr\u00edan estar relacionados con la insuficiencia card\u00edaca: obtenga m\u00e1s informaci\u00f3n\" \/>\n<meta name=\"robots\" content=\"index, follow, max-snippet:-1, max-image-preview:large, max-video-preview:-1\" \/>\n<link rel=\"canonical\" href=\"https:\/\/www.heartfailurematters.org\/es\/signos-de-alarma\/inapetencia-nauseas\/\" \/>\n<meta property=\"og:locale\" content=\"es_ES\" \/>\n<meta property=\"og:type\" content=\"article\" \/>\n<meta property=\"og:title\" content=\"P\u00e9rdida de apetito\/n\u00e1useas\" \/>\n<meta property=\"og:description\" content=\"\u00bfHa sufrido cambios en el apetito o problemas de digesti\u00f3n? Podr\u00edan estar relacionados con la insuficiencia card\u00edaca: obtenga m\u00e1s informaci\u00f3n\" \/>\n<meta property=\"og:url\" content=\"https:\/\/www.heartfailurematters.org\/es\/signos-de-alarma\/inapetencia-nauseas\/\" \/>\n<meta property=\"og:site_name\" content=\"Heart Failure Matters\" \/>\n<meta property=\"article:publisher\" content=\"https:\/\/www.facebook.com\/heartfailurematters\" \/>\n<meta property=\"article:modified_time\" content=\"2022-01-19T11:08:28+00:00\" \/>\n<meta property=\"og:image\" content=\"https:\/\/www.heartfailurematters.org\/wp-content\/uploads\/2022\/03\/shutterstock_2002601171-1-min.jpg?_t=1773223119\" \/>\n\t<meta property=\"og:image:width\" content=\"900\" \/>\n\t<meta property=\"og:image:height\" content=\"600\" \/>\n\t<meta property=\"og:image:type\" content=\"image\/jpeg\" \/>\n<meta name=\"twitter:card\" content=\"summary_large_image\" \/>\n<meta name=\"twitter:label1\" content=\"Tiempo de lectura\" \/>\n\t<meta name=\"twitter:data1\" content=\"1 minuto\" \/>\n<script type=\"application\/ld+json\" class=\"yoast-schema-graph\">{\"@context\":\"https:\/\/schema.org\",\"@graph\":[{\"@type\":\"WebPage\",\"@id\":\"https:\/\/www.heartfailurematters.org\/es\/signos-de-alarma\/inapetencia-nauseas\/\",\"url\":\"https:\/\/www.heartfailurematters.org\/es\/signos-de-alarma\/inapetencia-nauseas\/\",\"name\":\"P\u00e9rdida de apetito\/n\u00e1useas\",\"isPartOf\":{\"@id\":\"https:\/\/www.heartfailurematters.org\/es\/#website\"},\"primaryImageOfPage\":{\"@id\":\"https:\/\/www.heartfailurematters.org\/es\/signos-de-alarma\/inapetencia-nauseas\/#primaryimage\"},\"image\":{\"@id\":\"https:\/\/www.heartfailurematters.org\/es\/signos-de-alarma\/inapetencia-nauseas\/#primaryimage\"},\"thumbnailUrl\":\"https:\/\/www.heartfailurematters.org\/wp-content\/uploads\/2022\/03\/shutterstock_2002601171-1-min.jpg\",\"datePublished\":\"2021-01-27T22:08:28+00:00\",\"dateModified\":\"2022-01-19T11:08:28+00:00\",\"description\":\"\u00bfHa sufrido cambios en el apetito o problemas de digesti\u00f3n? Podr\u00edan estar relacionados con la insuficiencia card\u00edaca: obtenga m\u00e1s informaci\u00f3n\",\"breadcrumb\":{\"@id\":\"https:\/\/www.heartfailurematters.org\/es\/signos-de-alarma\/inapetencia-nauseas\/#breadcrumb\"},\"inLanguage\":\"es\",\"potentialAction\":[{\"@type\":\"ReadAction\",\"target\":[\"https:\/\/www.heartfailurematters.org\/es\/signos-de-alarma\/inapetencia-nauseas\/\"]}]},{\"@type\":\"ImageObject\",\"inLanguage\":\"es\",\"@id\":\"https:\/\/www.heartfailurematters.org\/es\/signos-de-alarma\/inapetencia-nauseas\/#primaryimage\",\"url\":\"https:\/\/www.heartfailurematters.org\/wp-content\/uploads\/2022\/03\/shutterstock_2002601171-1-min.jpg\",\"contentUrl\":\"https:\/\/www.heartfailurematters.org\/wp-content\/uploads\/2022\/03\/shutterstock_2002601171-1-min.jpg\",\"width\":900,\"height\":600},{\"@type\":\"BreadcrumbList\",\"@id\":\"https:\/\/www.heartfailurematters.org\/es\/signos-de-alarma\/inapetencia-nauseas\/#breadcrumb\",\"itemListElement\":[{\"@type\":\"ListItem\",\"position\":1,\"name\":\"Inicio\",\"item\":\"https:\/\/www.heartfailurematters.org\/es\/\"},{\"@type\":\"ListItem\",\"position\":2,\"name\":\"Signos de alarma\",\"item\":\"https:\/\/www.heartfailurematters.org\/es\/signos-de-alarma\/\"},{\"@type\":\"ListItem\",\"position\":3,\"name\":\"Inapetencia\/n\u00e1useas\"}]},{\"@type\":\"WebSite\",\"@id\":\"https:\/\/www.heartfailurematters.org\/es\/#website\",\"url\":\"https:\/\/www.heartfailurematters.org\/es\/\",\"name\":\"Heart Failure Matters\",\"description\":\"Practical information for patients, families and caregivers.\",\"publisher\":{\"@id\":\"https:\/\/www.heartfailurematters.org\/es\/#organization\"},\"potentialAction\":[{\"@type\":\"SearchAction\",\"target\":{\"@type\":\"EntryPoint\",\"urlTemplate\":\"https:\/\/www.heartfailurematters.org\/es\/?s={search_term_string}\"},\"query-input\":{\"@type\":\"PropertyValueSpecification\",\"valueRequired\":true,\"valueName\":\"search_term_string\"}}],\"inLanguage\":\"es\"},{\"@type\":\"Organization\",\"@id\":\"https:\/\/www.heartfailurematters.org\/es\/#organization\",\"name\":\"Heart Failure Matters\",\"url\":\"https:\/\/www.heartfailurematters.org\/es\/\",\"logo\":{\"@type\":\"ImageObject\",\"inLanguage\":\"es\",\"@id\":\"https:\/\/www.heartfailurematters.org\/es\/#\/schema\/logo\/image\/\",\"url\":\"https:\/\/cdn-endpoint-hfm.azureedge.net\/heartfailurematters\/2024\/07\/hfm-logo1.jpg\",\"contentUrl\":\"https:\/\/cdn-endpoint-hfm.azureedge.net\/heartfailurematters\/2024\/07\/hfm-logo1.jpg\",\"width\":1280,\"height\":720,\"caption\":\"Heart Failure Matters\"},\"image\":{\"@id\":\"https:\/\/www.heartfailurematters.org\/es\/#\/schema\/logo\/image\/\"},\"sameAs\":[\"https:\/\/www.facebook.com\/heartfailurematters\"]}]}<\/script>\n<!-- \/ Yoast SEO plugin. -->","yoast_head_json":{"title":"P\u00e9rdida de apetito\/n\u00e1useas","description":"\u00bfHa sufrido cambios en el apetito o problemas de digesti\u00f3n? Podr\u00edan estar relacionados con la insuficiencia card\u00edaca: obtenga m\u00e1s informaci\u00f3n","robots":{"index":"index","follow":"follow","max-snippet":"max-snippet:-1","max-image-preview":"max-image-preview:large","max-video-preview":"max-video-preview:-1"},"canonical":"https:\/\/www.heartfailurematters.org\/es\/signos-de-alarma\/inapetencia-nauseas\/","og_locale":"es_ES","og_type":"article","og_title":"P\u00e9rdida de apetito\/n\u00e1useas","og_description":"\u00bfHa sufrido cambios en el apetito o problemas de digesti\u00f3n? Podr\u00edan estar relacionados con la insuficiencia card\u00edaca: obtenga m\u00e1s informaci\u00f3n","og_url":"https:\/\/www.heartfailurematters.org\/es\/signos-de-alarma\/inapetencia-nauseas\/","og_site_name":"Heart Failure Matters","article_publisher":"https:\/\/www.facebook.com\/heartfailurematters","article_modified_time":"2022-01-19T11:08:28+00:00","og_image":[{"width":900,"height":600,"url":"https:\/\/www.heartfailurematters.org\/wp-content\/uploads\/2022\/03\/shutterstock_2002601171-1-min.jpg?_t=1773223119","type":"image\/jpeg"}],"twitter_card":"summary_large_image","twitter_misc":{"Tiempo de lectura":"1 minuto"},"schema":{"@context":"https:\/\/schema.org","@graph":[{"@type":"WebPage","@id":"https:\/\/www.heartfailurematters.org\/es\/signos-de-alarma\/inapetencia-nauseas\/","url":"https:\/\/www.heartfailurematters.org\/es\/signos-de-alarma\/inapetencia-nauseas\/","name":"P\u00e9rdida de apetito\/n\u00e1useas","isPartOf":{"@id":"https:\/\/www.heartfailurematters.org\/es\/#website"},"primaryImageOfPage":{"@id":"https:\/\/www.heartfailurematters.org\/es\/signos-de-alarma\/inapetencia-nauseas\/#primaryimage"},"image":{"@id":"https:\/\/www.heartfailurematters.org\/es\/signos-de-alarma\/inapetencia-nauseas\/#primaryimage"},"thumbnailUrl":"https:\/\/www.heartfailurematters.org\/wp-content\/uploads\/2022\/03\/shutterstock_2002601171-1-min.jpg","datePublished":"2021-01-27T22:08:28+00:00","dateModified":"2022-01-19T11:08:28+00:00","description":"\u00bfHa sufrido cambios en el apetito o problemas de digesti\u00f3n? Podr\u00edan estar relacionados con la insuficiencia card\u00edaca: obtenga m\u00e1s informaci\u00f3n","breadcrumb":{"@id":"https:\/\/www.heartfailurematters.org\/es\/signos-de-alarma\/inapetencia-nauseas\/#breadcrumb"},"inLanguage":"es","potentialAction":[{"@type":"ReadAction","target":["https:\/\/www.heartfailurematters.org\/es\/signos-de-alarma\/inapetencia-nauseas\/"]}]},{"@type":"ImageObject","inLanguage":"es","@id":"https:\/\/www.heartfailurematters.org\/es\/signos-de-alarma\/inapetencia-nauseas\/#primaryimage","url":"https:\/\/www.heartfailurematters.org\/wp-content\/uploads\/2022\/03\/shutterstock_2002601171-1-min.jpg","contentUrl":"https:\/\/www.heartfailurematters.org\/wp-content\/uploads\/2022\/03\/shutterstock_2002601171-1-min.jpg","width":900,"height":600},{"@type":"BreadcrumbList","@id":"https:\/\/www.heartfailurematters.org\/es\/signos-de-alarma\/inapetencia-nauseas\/#breadcrumb","itemListElement":[{"@type":"ListItem","position":1,"name":"Inicio","item":"https:\/\/www.heartfailurematters.org\/es\/"},{"@type":"ListItem","position":2,"name":"Signos de alarma","item":"https:\/\/www.heartfailurematters.org\/es\/signos-de-alarma\/"},{"@type":"ListItem","position":3,"name":"Inapetencia\/n\u00e1useas"}]},{"@type":"WebSite","@id":"https:\/\/www.heartfailurematters.org\/es\/#website","url":"https:\/\/www.heartfailurematters.org\/es\/","name":"Heart Failure Matters","description":"Practical information for patients, families and caregivers.","publisher":{"@id":"https:\/\/www.heartfailurematters.org\/es\/#organization"},"potentialAction":[{"@type":"SearchAction","target":{"@type":"EntryPoint","urlTemplate":"https:\/\/www.heartfailurematters.org\/es\/?s={search_term_string}"},"query-input":{"@type":"PropertyValueSpecification","valueRequired":true,"valueName":"search_term_string"}}],"inLanguage":"es"},{"@type":"Organization","@id":"https:\/\/www.heartfailurematters.org\/es\/#organization","name":"Heart Failure Matters","url":"https:\/\/www.heartfailurematters.org\/es\/","logo":{"@type":"ImageObject","inLanguage":"es","@id":"https:\/\/www.heartfailurematters.org\/es\/#\/schema\/logo\/image\/","url":"https:\/\/cdn-endpoint-hfm.azureedge.net\/heartfailurematters\/2024\/07\/hfm-logo1.jpg","contentUrl":"https:\/\/cdn-endpoint-hfm.azureedge.net\/heartfailurematters\/2024\/07\/hfm-logo1.jpg","width":1280,"height":720,"caption":"Heart Failure Matters"},"image":{"@id":"https:\/\/www.heartfailurematters.org\/es\/#\/schema\/logo\/image\/"},"sameAs":["https:\/\/www.facebook.com\/heartfailurematters"]}]}},"_links":{"self":[{"href":"https:\/\/www.heartfailurematters.org\/es\/wp-json\/wp\/v2\/pages\/2156","targetHints":{"allow":["GET"]}}],"collection":[{"href":"https:\/\/www.heartfailurematters.org\/es\/wp-json\/wp\/v2\/pages"}],"about":[{"href":"https:\/\/www.heartfailurematters.org\/es\/wp-json\/wp\/v2\/types\/page"}],"author":[{"embeddable":true,"href":"https:\/\/www.heartfailurematters.org\/es\/wp-json\/wp\/v2\/users\/1"}],"replies":[{"embeddable":true,"href":"https:\/\/www.heartfailurematters.org\/es\/wp-json\/wp\/v2\/comments?post=2156"}],"version-history":[{"count":1,"href":"https:\/\/www.heartfailurematters.org\/es\/wp-json\/wp\/v2\/pages\/2156\/revisions"}],"predecessor-version":[{"id":10235,"href":"https:\/\/www.heartfailurematters.org\/es\/wp-json\/wp\/v2\/pages\/2156\/revisions\/10235"}],"up":[{"embeddable":true,"href":"https:\/\/www.heartfailurematters.org\/es\/wp-json\/wp\/v2\/pages\/2869"}],"wp:featuredmedia":[{"embeddable":true,"href":"https:\/\/www.heartfailurematters.org\/es\/wp-json\/wp\/v2\/media\/11248"}],"wp:attachment":[{"href":"https:\/\/www.heartfailurematters.org\/es\/wp-json\/wp\/v2\/media?parent=2156"}],"wp:term":[{"taxonomy":"category","embeddable":true,"href":"https:\/\/www.heartfailurematters.org\/es\/wp-json\/wp\/v2\/categories?post=2156"},{"taxonomy":"post_tag","embeddable":true,"href":"https:\/\/www.heartfailurematters.org\/es\/wp-json\/wp\/v2\/tags?post=2156"}],"curies":[{"name":"wp","href":"https:\/\/api.w.org\/{rel}","templated":true}]}}