{"id":2154,"date":"2021-01-27T22:08:28","date_gmt":"2021-01-27T22:08:28","guid":{"rendered":"http:\/\/heartfailurematters.local:8888\/acerca-de-mi-insuficiencia-cardiaca\/"},"modified":"2022-01-28T10:04:43","modified_gmt":"2022-01-28T10:04:43","slug":"acerca-de-mi-insuficiencia-cardiaca","status":"publish","type":"page","link":"https:\/\/www.heartfailurematters.org\/es\/pregunte-a-su-medico\/acerca-de-mi-insuficiencia-cardiaca\/","title":{"rendered":"Acerca de mi insuficiencia card\u00edaca"},"content":{"rendered":"<p>Para obtener informaci\u00f3n general sobre insuficiencia card\u00edaca, vaya a la secci\u00f3n <a title=\"\" href=\"\/es\/conocer-la-insuficiencia-cardiaca\/introduccion\/\">\u00bfQu\u00e9 es la insuficiencia card\u00edaca?<\/a> de este sitio web. Sin embargo, si desea m\u00e1s informaci\u00f3n espec\u00edfica sobre su enfermedad, las siguientes preguntas le ayudar\u00e1n en su conversaci\u00f3n con el m\u00e9dico o enfermera.<\/p>\n<p><strong>\u00bfQu\u00e9 ha causado mi insuficiencia card\u00edaca?<\/strong><\/p>\n<p>Son varias las causas de insuficiencia card\u00edaca y le resultar\u00e1 \u00fatil preguntarle al m\u00e9dico por su caso concreto. No tenga miedo de hacer demasiadas preguntas, ya que es importante que sepa exactamente la causa de su enfermedad card\u00edaca. Su m\u00e9dico le dir\u00e1 si hay algo que sea posible hacer para tratar la causa de su enfermedad.<\/p>\n<p><strong>\u00bfLa insuficiencia card\u00edaca afectar\u00e1 a mis otras dolencias? <\/strong><\/p>\n<p>Muchas personas con insuficiencia card\u00edaca padecen tambi\u00e9n otras enfermedades. Es importante tratar cualquier otra afecci\u00f3n de forma eficaz. Si est\u00e1n mal controladas, podr\u00edan empeorar la insuficiencia card\u00edaca. Su m\u00e9dico o enfermera hablar\u00e1 con usted de estas enfermedades y le dir\u00e1n lo que puede hacerse para tratarlas lo mejor posible.<\/p>\n<p><strong>\u00bfEs probable que la insuficiencia card\u00edaca afecte a mi esperanza de vida?<\/strong><\/p>\n<p>La insuficiencia card\u00edaca es una enfermedad cr\u00f3nica grave que puede empeorar con el tiempo. Eventualmente puede acortar su vida. La evoluci\u00f3n de la insuficiencia card\u00edaca es imprevisible y diferente en cada persona. En muchos casos, los s\u00edntomas se mantienen estables durante bastante tiempo (meses o a\u00f1os) sin progresar. Con frecuencia, las modificaciones de los h\u00e1bitos de vida y el tratamiento con f\u00e1rmacos y dispositivos permite estabilizar los s\u00edntomas y prolongar la supervivencia. Su equipo sanitario le ayudar\u00e1 a tratar la insuficiencia card\u00edaca y a aliviar los s\u00edntomas, mejorando el pron\u00f3stico y prolongando su vida. Si colabora con su m\u00e9dico y enfermera y gestiona correctamente su enfermedad, puede llevar una vida normal a pesar de la insuficiencia card\u00edaca.<\/p>\n<p><strong>\u00bfQu\u00e9 tratamiento necesito? <\/strong><\/p>\n<p>Una vez que el m\u00e9dico le haya explicado la causa de su insuficiencia card\u00edaca, le recomendar\u00e1 <span style=\"text-decoration: line-through;\">un<\/span> tratamiento adecuado. Puede que suponga modificaciones en los h\u00e1bitos de vida, medicamentos, un dispositivo o hasta una operaci\u00f3n. El m\u00e9dico le har\u00e1 nuevas pruebas para evaluar el grado de insuficiencia card\u00edaca antes de decidir el tratamiento correcto.<\/p>\n<p><strong>Me encuentro mejor con la medicaci\u00f3n pero, \u00bfc\u00f3mo s\u00e9 si necesito un dispositivo o que me operen?<\/strong><\/p>\n<p>La necesidad de un dispositivo o una operaci\u00f3n depende de la naturaleza, causa e intensidad de los s\u00edntomas. Normalmente, los s\u00edntomas, junto con el electrocardiograma(ECG) y el estudio ecocardiogr\u00e1fico (ultrasonido), determinar\u00e1n la necesidad de un dispositivo. Su cardi\u00f3logo le informar\u00e1 si necesita operarse o que le implanten un dispositivo y le propondr\u00e1 las pruebas complementarias que sean necesarias.<\/p>\n","protected":false},"excerpt":{"rendered":"<p>Para obtener informaci\u00f3n general sobre insuficiencia card\u00edaca, vaya a la secci\u00f3n \u00bfQu\u00e9 es la insuficiencia card\u00edaca? de este sitio web. Sin embargo, si desea m\u00e1s informaci\u00f3n espec\u00edfica sobre su enfermedad, las siguientes preguntas le ayudar\u00e1n en su conversaci\u00f3n con el m\u00e9dico o enfermera. \u00bfQu\u00e9 ha causado mi insuficiencia card\u00edaca? Son varias las causas de insuficiencia [&hellip;]<\/p>\n","protected":false},"author":1,"featured_media":0,"parent":2766,"menu_order":0,"comment_status":"open","ping_status":"open","template":"","meta":{"_acf_changed":false,"footnotes":""},"categories":[],"tags":[],"class_list":["post-2154","page","type-page","status-publish","hentry"],"acf":[],"yoast_head":"<!-- This site is optimized with the Yoast SEO plugin v24.8.1 - https:\/\/yoast.com\/wordpress\/plugins\/seo\/ -->\n<title>Acerca de mi insuficiencia card\u00edaca - Heart Failure Matters<\/title>\n<meta name=\"description\" content=\"Si desea m\u00e1s informaci\u00f3n, las preguntas que se muestran a continuaci\u00f3n pueden facilitarle la conversaci\u00f3n con su m\u00e9dico o enfermera.\" \/>\n<meta name=\"robots\" content=\"index, follow, max-snippet:-1, max-image-preview:large, max-video-preview:-1\" \/>\n<link rel=\"canonical\" href=\"https:\/\/www.heartfailurematters.org\/es\/pregunte-a-su-medico\/acerca-de-mi-insuficiencia-cardiaca\/\" \/>\n<meta property=\"og:locale\" content=\"es_ES\" \/>\n<meta property=\"og:type\" content=\"article\" \/>\n<meta property=\"og:title\" content=\"Acerca de mi insuficiencia card\u00edaca - Heart Failure Matters\" \/>\n<meta property=\"og:description\" content=\"Si desea m\u00e1s informaci\u00f3n, las preguntas que se muestran a continuaci\u00f3n pueden facilitarle la conversaci\u00f3n con su m\u00e9dico o enfermera.\" \/>\n<meta property=\"og:url\" content=\"https:\/\/www.heartfailurematters.org\/es\/pregunte-a-su-medico\/acerca-de-mi-insuficiencia-cardiaca\/\" \/>\n<meta property=\"og:site_name\" content=\"Heart Failure Matters\" \/>\n<meta property=\"article:publisher\" content=\"https:\/\/www.facebook.com\/heartfailurematters\" \/>\n<meta property=\"article:modified_time\" content=\"2022-01-28T10:04:43+00:00\" \/>\n<meta name=\"twitter:card\" content=\"summary_large_image\" \/>\n<meta name=\"twitter:label1\" content=\"Tiempo de lectura\" \/>\n\t<meta name=\"twitter:data1\" content=\"2 minutos\" \/>\n<script type=\"application\/ld+json\" class=\"yoast-schema-graph\">{\"@context\":\"https:\/\/schema.org\",\"@graph\":[{\"@type\":\"WebPage\",\"@id\":\"https:\/\/www.heartfailurematters.org\/es\/pregunte-a-su-medico\/acerca-de-mi-insuficiencia-cardiaca\/\",\"url\":\"https:\/\/www.heartfailurematters.org\/es\/pregunte-a-su-medico\/acerca-de-mi-insuficiencia-cardiaca\/\",\"name\":\"Acerca de mi insuficiencia card\u00edaca - Heart Failure Matters\",\"isPartOf\":{\"@id\":\"https:\/\/www.heartfailurematters.org\/es\/#website\"},\"datePublished\":\"2021-01-27T22:08:28+00:00\",\"dateModified\":\"2022-01-28T10:04:43+00:00\",\"description\":\"Si desea m\u00e1s informaci\u00f3n, las preguntas que se muestran a continuaci\u00f3n pueden facilitarle la conversaci\u00f3n con su m\u00e9dico o enfermera.\",\"breadcrumb\":{\"@id\":\"https:\/\/www.heartfailurematters.org\/es\/pregunte-a-su-medico\/acerca-de-mi-insuficiencia-cardiaca\/#breadcrumb\"},\"inLanguage\":\"es\",\"potentialAction\":[{\"@type\":\"ReadAction\",\"target\":[\"https:\/\/www.heartfailurematters.org\/es\/pregunte-a-su-medico\/acerca-de-mi-insuficiencia-cardiaca\/\"]}]},{\"@type\":\"BreadcrumbList\",\"@id\":\"https:\/\/www.heartfailurematters.org\/es\/pregunte-a-su-medico\/acerca-de-mi-insuficiencia-cardiaca\/#breadcrumb\",\"itemListElement\":[{\"@type\":\"ListItem\",\"position\":1,\"name\":\"Inicio\",\"item\":\"https:\/\/www.heartfailurematters.org\/es\/\"},{\"@type\":\"ListItem\",\"position\":2,\"name\":\"Pregunte a su m\u00e9dico\",\"item\":\"https:\/\/www.heartfailurematters.org\/es\/pregunte-a-su-medico\/\"},{\"@type\":\"ListItem\",\"position\":3,\"name\":\"Acerca de mi insuficiencia card\u00edaca\"}]},{\"@type\":\"WebSite\",\"@id\":\"https:\/\/www.heartfailurematters.org\/es\/#website\",\"url\":\"https:\/\/www.heartfailurematters.org\/es\/\",\"name\":\"Heart Failure Matters\",\"description\":\"Practical information for patients, families and caregivers.\",\"publisher\":{\"@id\":\"https:\/\/www.heartfailurematters.org\/es\/#organization\"},\"potentialAction\":[{\"@type\":\"SearchAction\",\"target\":{\"@type\":\"EntryPoint\",\"urlTemplate\":\"https:\/\/www.heartfailurematters.org\/es\/?s={search_term_string}\"},\"query-input\":{\"@type\":\"PropertyValueSpecification\",\"valueRequired\":true,\"valueName\":\"search_term_string\"}}],\"inLanguage\":\"es\"},{\"@type\":\"Organization\",\"@id\":\"https:\/\/www.heartfailurematters.org\/es\/#organization\",\"name\":\"Heart Failure Matters\",\"url\":\"https:\/\/www.heartfailurematters.org\/es\/\",\"logo\":{\"@type\":\"ImageObject\",\"inLanguage\":\"es\",\"@id\":\"https:\/\/www.heartfailurematters.org\/es\/#\/schema\/logo\/image\/\",\"url\":\"https:\/\/cdn-endpoint-hfm.azureedge.net\/heartfailurematters\/2024\/07\/hfm-logo1.jpg\",\"contentUrl\":\"https:\/\/cdn-endpoint-hfm.azureedge.net\/heartfailurematters\/2024\/07\/hfm-logo1.jpg\",\"width\":1280,\"height\":720,\"caption\":\"Heart Failure Matters\"},\"image\":{\"@id\":\"https:\/\/www.heartfailurematters.org\/es\/#\/schema\/logo\/image\/\"},\"sameAs\":[\"https:\/\/www.facebook.com\/heartfailurematters\"]}]}<\/script>\n<!-- \/ Yoast SEO plugin. -->","yoast_head_json":{"title":"Acerca de mi insuficiencia card\u00edaca - Heart Failure Matters","description":"Si desea m\u00e1s informaci\u00f3n, las preguntas que se muestran a continuaci\u00f3n pueden facilitarle la conversaci\u00f3n con su m\u00e9dico o enfermera.","robots":{"index":"index","follow":"follow","max-snippet":"max-snippet:-1","max-image-preview":"max-image-preview:large","max-video-preview":"max-video-preview:-1"},"canonical":"https:\/\/www.heartfailurematters.org\/es\/pregunte-a-su-medico\/acerca-de-mi-insuficiencia-cardiaca\/","og_locale":"es_ES","og_type":"article","og_title":"Acerca de mi insuficiencia card\u00edaca - Heart Failure Matters","og_description":"Si desea m\u00e1s informaci\u00f3n, las preguntas que se muestran a continuaci\u00f3n pueden facilitarle la conversaci\u00f3n con su m\u00e9dico o enfermera.","og_url":"https:\/\/www.heartfailurematters.org\/es\/pregunte-a-su-medico\/acerca-de-mi-insuficiencia-cardiaca\/","og_site_name":"Heart Failure Matters","article_publisher":"https:\/\/www.facebook.com\/heartfailurematters","article_modified_time":"2022-01-28T10:04:43+00:00","twitter_card":"summary_large_image","twitter_misc":{"Tiempo de lectura":"2 minutos"},"schema":{"@context":"https:\/\/schema.org","@graph":[{"@type":"WebPage","@id":"https:\/\/www.heartfailurematters.org\/es\/pregunte-a-su-medico\/acerca-de-mi-insuficiencia-cardiaca\/","url":"https:\/\/www.heartfailurematters.org\/es\/pregunte-a-su-medico\/acerca-de-mi-insuficiencia-cardiaca\/","name":"Acerca de mi insuficiencia card\u00edaca - Heart Failure Matters","isPartOf":{"@id":"https:\/\/www.heartfailurematters.org\/es\/#website"},"datePublished":"2021-01-27T22:08:28+00:00","dateModified":"2022-01-28T10:04:43+00:00","description":"Si desea m\u00e1s informaci\u00f3n, las preguntas que se muestran a continuaci\u00f3n pueden facilitarle la conversaci\u00f3n con su m\u00e9dico o enfermera.","breadcrumb":{"@id":"https:\/\/www.heartfailurematters.org\/es\/pregunte-a-su-medico\/acerca-de-mi-insuficiencia-cardiaca\/#breadcrumb"},"inLanguage":"es","potentialAction":[{"@type":"ReadAction","target":["https:\/\/www.heartfailurematters.org\/es\/pregunte-a-su-medico\/acerca-de-mi-insuficiencia-cardiaca\/"]}]},{"@type":"BreadcrumbList","@id":"https:\/\/www.heartfailurematters.org\/es\/pregunte-a-su-medico\/acerca-de-mi-insuficiencia-cardiaca\/#breadcrumb","itemListElement":[{"@type":"ListItem","position":1,"name":"Inicio","item":"https:\/\/www.heartfailurematters.org\/es\/"},{"@type":"ListItem","position":2,"name":"Pregunte a su m\u00e9dico","item":"https:\/\/www.heartfailurematters.org\/es\/pregunte-a-su-medico\/"},{"@type":"ListItem","position":3,"name":"Acerca de mi insuficiencia card\u00edaca"}]},{"@type":"WebSite","@id":"https:\/\/www.heartfailurematters.org\/es\/#website","url":"https:\/\/www.heartfailurematters.org\/es\/","name":"Heart Failure Matters","description":"Practical information for patients, families and caregivers.","publisher":{"@id":"https:\/\/www.heartfailurematters.org\/es\/#organization"},"potentialAction":[{"@type":"SearchAction","target":{"@type":"EntryPoint","urlTemplate":"https:\/\/www.heartfailurematters.org\/es\/?s={search_term_string}"},"query-input":{"@type":"PropertyValueSpecification","valueRequired":true,"valueName":"search_term_string"}}],"inLanguage":"es"},{"@type":"Organization","@id":"https:\/\/www.heartfailurematters.org\/es\/#organization","name":"Heart Failure Matters","url":"https:\/\/www.heartfailurematters.org\/es\/","logo":{"@type":"ImageObject","inLanguage":"es","@id":"https:\/\/www.heartfailurematters.org\/es\/#\/schema\/logo\/image\/","url":"https:\/\/cdn-endpoint-hfm.azureedge.net\/heartfailurematters\/2024\/07\/hfm-logo1.jpg","contentUrl":"https:\/\/cdn-endpoint-hfm.azureedge.net\/heartfailurematters\/2024\/07\/hfm-logo1.jpg","width":1280,"height":720,"caption":"Heart Failure Matters"},"image":{"@id":"https:\/\/www.heartfailurematters.org\/es\/#\/schema\/logo\/image\/"},"sameAs":["https:\/\/www.facebook.com\/heartfailurematters"]}]}},"_links":{"self":[{"href":"https:\/\/www.heartfailurematters.org\/es\/wp-json\/wp\/v2\/pages\/2154","targetHints":{"allow":["GET"]}}],"collection":[{"href":"https:\/\/www.heartfailurematters.org\/es\/wp-json\/wp\/v2\/pages"}],"about":[{"href":"https:\/\/www.heartfailurematters.org\/es\/wp-json\/wp\/v2\/types\/page"}],"author":[{"embeddable":true,"href":"https:\/\/www.heartfailurematters.org\/es\/wp-json\/wp\/v2\/users\/1"}],"replies":[{"embeddable":true,"href":"https:\/\/www.heartfailurematters.org\/es\/wp-json\/wp\/v2\/comments?post=2154"}],"version-history":[{"count":1,"href":"https:\/\/www.heartfailurematters.org\/es\/wp-json\/wp\/v2\/pages\/2154\/revisions"}],"predecessor-version":[{"id":7006,"href":"https:\/\/www.heartfailurematters.org\/es\/wp-json\/wp\/v2\/pages\/2154\/revisions\/7006"}],"up":[{"embeddable":true,"href":"https:\/\/www.heartfailurematters.org\/es\/wp-json\/wp\/v2\/pages\/2766"}],"wp:attachment":[{"href":"https:\/\/www.heartfailurematters.org\/es\/wp-json\/wp\/v2\/media?parent=2154"}],"wp:term":[{"taxonomy":"category","embeddable":true,"href":"https:\/\/www.heartfailurematters.org\/es\/wp-json\/wp\/v2\/categories?post=2154"},{"taxonomy":"post_tag","embeddable":true,"href":"https:\/\/www.heartfailurematters.org\/es\/wp-json\/wp\/v2\/tags?post=2154"}],"curies":[{"name":"wp","href":"https:\/\/api.w.org\/{rel}","templated":true}]}}