{"id":2139,"date":"2021-01-27T22:08:28","date_gmt":"2021-01-27T22:08:28","guid":{"rendered":"http:\/\/heartfailurematters.local:8888\/planificar-el-futuro\/"},"modified":"2026-01-16T14:32:47","modified_gmt":"2026-01-16T14:32:47","slug":"planificar-el-futuro","status":"publish","type":"page","link":"https:\/\/www.heartfailurematters.org\/es\/pregunte-a-su-medico\/planificar-el-futuro\/","title":{"rendered":"Planificaci\u00f3n del futuro."},"content":{"rendered":"<p>Si ya ha hablado sobre sus planes de futuro con su familia, deber\u00eda comentarlos con su m\u00e9dico. Sin embargo, si acaba de empezar a pensar en esto, puede resultarle \u00fatil leer la secci\u00f3n sobre <a title=\"\" href=\"https:\/\/www.heartfailurematters.org\/living-with-heart-failure\/planning-for-the-end-of-life\/\">la planificaci\u00f3n del final de la vida<\/a>, para estar m\u00e1s informado cuando hable con su familia y su m\u00e9dico.<\/p>\n<p><strong>\u00bfC\u00f3mo preparo un <strong><a class=\"addtooltip\" title=\"Un documento que detalla los tratamientos y procedimientos que desea o no desea que se consideren al final de su vida.\"><strong title=\"\">plan de voluntades anticipadas<\/strong><\/a><\/strong>? <\/strong><br \/>\nSu m\u00e9dico\/enfermero o grupo de apoyo podr\u00e1n orientarle a la hora de preparar su plan de voluntades anticipadas.<\/p>\n<p><strong>\u00bfC\u00f3mo preparo una <strong><a class=\"addtooltip\" title=\"Documento para el profesional sanitario que indica que el paciente no desea ser reanimado si el coraz\u00f3n y la respiraci\u00f3n dejan de funcionar.\"><strong title=\"\">orden de no reanimar<\/strong><\/a><\/strong>? <\/strong><br \/>\nLa decisi\u00f3n de establecer una orden de no reanimar la toma usted o su familia tras consultar con su m\u00e9dico. Su m\u00e9dico le explicar\u00e1 exactamente lo que significa esta orden y se asegurar\u00e1 de que sea plenamente consciente de las consecuencias antes de tomar esta decisi\u00f3n.<\/p>\n<p>Los pacientes con un<strong> <\/strong>DAI deber\u00edan comentar esto con su m\u00e9dico.<\/p>\n<p><strong>\u00bfQu\u00e9 puedo hacer ahora para prepararme para el futuro? <\/strong><br \/>\nHay muchas maneras en las que puede prepararse para el futuro. Su m\u00e9dico\/enfermero o grupo de apoyo podr\u00e1n proporcionarle informaci\u00f3n sobre testamentos vitales, \u00f3rdenes de no reanimar, planes de voluntades anticipadas y planificaci\u00f3n financiera. Debe comentar las opciones con su familia y su m\u00e9dico\/enfermero antes de tomar cualquier decisi\u00f3n sobre su atenci\u00f3n m\u00e9dica futura.<\/p>\n<p><strong>\u00bfCon qui\u00e9n puedo hablar sobre la planificaci\u00f3n financiera para el futuro? <\/strong><br \/>\nSi le preocupan los costes de los tratamientos o cualquier posible p\u00e9rdida de ingresos, su m\u00e9dico o enfermero pueden derivarle a un departamento de servicios sociales que le ayudar\u00e1 o le asesorar\u00e1 sobre cualquier cuesti\u00f3n financiera.<\/p>\n","protected":false},"excerpt":{"rendered":"<p>Si ya ha hablado sobre sus planes de futuro con su familia, deber\u00eda comentarlos con su m\u00e9dico. Sin embargo, si acaba de empezar a pensar en esto, puede resultarle \u00fatil leer la secci\u00f3n sobre la planificaci\u00f3n del final de la vida, para estar m\u00e1s informado cuando hable con su familia y su m\u00e9dico. \u00bfC\u00f3mo preparo [&hellip;]<\/p>\n","protected":false},"author":1,"featured_media":11068,"parent":2766,"menu_order":9,"comment_status":"open","ping_status":"closed","template":"","meta":{"_acf_changed":false,"footnotes":""},"categories":[69],"tags":[],"class_list":["post-2139","page","type-page","status-publish","has-post-thumbnail","hentry","category-ask-your-doctor-es"],"acf":[],"yoast_head":"<!-- This site is optimized with the Yoast SEO plugin v24.8.1 - https:\/\/yoast.com\/wordpress\/plugins\/seo\/ -->\n<title>Planificaci\u00f3n del futuro de los pacientes con insuficiencia card\u00edaca<\/title>\n<meta name=\"description\" content=\"Si ya ha hablado sobre sus planes de futuro con su familia, deber\u00eda comentarlos con su m\u00e9dico. M\u00e1s informaci\u00f3n aqu\u00ed.\" \/>\n<meta name=\"robots\" content=\"index, follow, max-snippet:-1, max-image-preview:large, max-video-preview:-1\" \/>\n<link rel=\"canonical\" href=\"https:\/\/www.heartfailurematters.org\/es\/pregunte-a-su-medico\/planificar-el-futuro\/\" \/>\n<meta property=\"og:locale\" content=\"es_ES\" \/>\n<meta property=\"og:type\" content=\"article\" \/>\n<meta property=\"og:title\" content=\"Planificaci\u00f3n del futuro de los pacientes con insuficiencia card\u00edaca\" \/>\n<meta property=\"og:description\" content=\"Si ya ha hablado sobre sus planes de futuro con su familia, deber\u00eda comentarlos con su m\u00e9dico. M\u00e1s informaci\u00f3n aqu\u00ed.\" \/>\n<meta property=\"og:url\" content=\"https:\/\/www.heartfailurematters.org\/es\/pregunte-a-su-medico\/planificar-el-futuro\/\" \/>\n<meta property=\"og:site_name\" content=\"Heart Failure Matters\" \/>\n<meta property=\"article:publisher\" content=\"https:\/\/www.facebook.com\/heartfailurematters\" \/>\n<meta property=\"article:modified_time\" content=\"2026-01-16T14:32:47+00:00\" \/>\n<meta property=\"og:image\" content=\"https:\/\/www.heartfailurematters.org\/wp-content\/uploads\/2022\/03\/shutterstock_1685261713-1-min.jpg\" \/>\n\t<meta property=\"og:image:width\" content=\"900\" \/>\n\t<meta property=\"og:image:height\" content=\"600\" \/>\n\t<meta property=\"og:image:type\" content=\"image\/jpeg\" \/>\n<meta name=\"twitter:card\" content=\"summary_large_image\" \/>\n<meta name=\"twitter:label1\" content=\"Tiempo de lectura\" \/>\n\t<meta name=\"twitter:data1\" content=\"1 minuto\" \/>\n<script type=\"application\/ld+json\" class=\"yoast-schema-graph\">{\"@context\":\"https:\/\/schema.org\",\"@graph\":[{\"@type\":\"WebPage\",\"@id\":\"https:\/\/www.heartfailurematters.org\/es\/pregunte-a-su-medico\/planificar-el-futuro\/\",\"url\":\"https:\/\/www.heartfailurematters.org\/es\/pregunte-a-su-medico\/planificar-el-futuro\/\",\"name\":\"Planificaci\u00f3n del futuro de los pacientes con insuficiencia card\u00edaca\",\"isPartOf\":{\"@id\":\"https:\/\/www.heartfailurematters.org\/es\/#website\"},\"primaryImageOfPage\":{\"@id\":\"https:\/\/www.heartfailurematters.org\/es\/pregunte-a-su-medico\/planificar-el-futuro\/#primaryimage\"},\"image\":{\"@id\":\"https:\/\/www.heartfailurematters.org\/es\/pregunte-a-su-medico\/planificar-el-futuro\/#primaryimage\"},\"thumbnailUrl\":\"https:\/\/www.heartfailurematters.org\/wp-content\/uploads\/2022\/03\/shutterstock_1685261713-1-min.jpg\",\"datePublished\":\"2021-01-27T22:08:28+00:00\",\"dateModified\":\"2026-01-16T14:32:47+00:00\",\"description\":\"Si ya ha hablado sobre sus planes de futuro con su familia, deber\u00eda comentarlos con su m\u00e9dico. M\u00e1s informaci\u00f3n aqu\u00ed.\",\"breadcrumb\":{\"@id\":\"https:\/\/www.heartfailurematters.org\/es\/pregunte-a-su-medico\/planificar-el-futuro\/#breadcrumb\"},\"inLanguage\":\"es\",\"potentialAction\":[{\"@type\":\"ReadAction\",\"target\":[\"https:\/\/www.heartfailurematters.org\/es\/pregunte-a-su-medico\/planificar-el-futuro\/\"]}]},{\"@type\":\"ImageObject\",\"inLanguage\":\"es\",\"@id\":\"https:\/\/www.heartfailurematters.org\/es\/pregunte-a-su-medico\/planificar-el-futuro\/#primaryimage\",\"url\":\"https:\/\/www.heartfailurematters.org\/wp-content\/uploads\/2022\/03\/shutterstock_1685261713-1-min.jpg\",\"contentUrl\":\"https:\/\/www.heartfailurematters.org\/wp-content\/uploads\/2022\/03\/shutterstock_1685261713-1-min.jpg\",\"width\":900,\"height\":600},{\"@type\":\"BreadcrumbList\",\"@id\":\"https:\/\/www.heartfailurematters.org\/es\/pregunte-a-su-medico\/planificar-el-futuro\/#breadcrumb\",\"itemListElement\":[{\"@type\":\"ListItem\",\"position\":1,\"name\":\"Inicio\",\"item\":\"https:\/\/www.heartfailurematters.org\/es\/\"},{\"@type\":\"ListItem\",\"position\":2,\"name\":\"Pregunte a su m\u00e9dico\",\"item\":\"https:\/\/www.heartfailurematters.org\/es\/pregunte-a-su-medico\/\"},{\"@type\":\"ListItem\",\"position\":3,\"name\":\"Planificaci\u00f3n del futuro.\"}]},{\"@type\":\"WebSite\",\"@id\":\"https:\/\/www.heartfailurematters.org\/es\/#website\",\"url\":\"https:\/\/www.heartfailurematters.org\/es\/\",\"name\":\"Heart Failure Matters\",\"description\":\"Practical information for patients, families and caregivers.\",\"publisher\":{\"@id\":\"https:\/\/www.heartfailurematters.org\/es\/#organization\"},\"potentialAction\":[{\"@type\":\"SearchAction\",\"target\":{\"@type\":\"EntryPoint\",\"urlTemplate\":\"https:\/\/www.heartfailurematters.org\/es\/?s={search_term_string}\"},\"query-input\":{\"@type\":\"PropertyValueSpecification\",\"valueRequired\":true,\"valueName\":\"search_term_string\"}}],\"inLanguage\":\"es\"},{\"@type\":\"Organization\",\"@id\":\"https:\/\/www.heartfailurematters.org\/es\/#organization\",\"name\":\"Heart Failure Matters\",\"url\":\"https:\/\/www.heartfailurematters.org\/es\/\",\"logo\":{\"@type\":\"ImageObject\",\"inLanguage\":\"es\",\"@id\":\"https:\/\/www.heartfailurematters.org\/es\/#\/schema\/logo\/image\/\",\"url\":\"https:\/\/cdn-endpoint-hfm.azureedge.net\/heartfailurematters\/2024\/07\/hfm-logo1.jpg\",\"contentUrl\":\"https:\/\/cdn-endpoint-hfm.azureedge.net\/heartfailurematters\/2024\/07\/hfm-logo1.jpg\",\"width\":1280,\"height\":720,\"caption\":\"Heart Failure Matters\"},\"image\":{\"@id\":\"https:\/\/www.heartfailurematters.org\/es\/#\/schema\/logo\/image\/\"},\"sameAs\":[\"https:\/\/www.facebook.com\/heartfailurematters\"]}]}<\/script>\n<!-- \/ Yoast SEO plugin. -->","yoast_head_json":{"title":"Planificaci\u00f3n del futuro de los pacientes con insuficiencia card\u00edaca","description":"Si ya ha hablado sobre sus planes de futuro con su familia, deber\u00eda comentarlos con su m\u00e9dico. M\u00e1s informaci\u00f3n aqu\u00ed.","robots":{"index":"index","follow":"follow","max-snippet":"max-snippet:-1","max-image-preview":"max-image-preview:large","max-video-preview":"max-video-preview:-1"},"canonical":"https:\/\/www.heartfailurematters.org\/es\/pregunte-a-su-medico\/planificar-el-futuro\/","og_locale":"es_ES","og_type":"article","og_title":"Planificaci\u00f3n del futuro de los pacientes con insuficiencia card\u00edaca","og_description":"Si ya ha hablado sobre sus planes de futuro con su familia, deber\u00eda comentarlos con su m\u00e9dico. M\u00e1s informaci\u00f3n aqu\u00ed.","og_url":"https:\/\/www.heartfailurematters.org\/es\/pregunte-a-su-medico\/planificar-el-futuro\/","og_site_name":"Heart Failure Matters","article_publisher":"https:\/\/www.facebook.com\/heartfailurematters","article_modified_time":"2026-01-16T14:32:47+00:00","og_image":[{"width":900,"height":600,"url":"https:\/\/www.heartfailurematters.org\/wp-content\/uploads\/2022\/03\/shutterstock_1685261713-1-min.jpg","type":"image\/jpeg"}],"twitter_card":"summary_large_image","twitter_misc":{"Tiempo de lectura":"1 minuto"},"schema":{"@context":"https:\/\/schema.org","@graph":[{"@type":"WebPage","@id":"https:\/\/www.heartfailurematters.org\/es\/pregunte-a-su-medico\/planificar-el-futuro\/","url":"https:\/\/www.heartfailurematters.org\/es\/pregunte-a-su-medico\/planificar-el-futuro\/","name":"Planificaci\u00f3n del futuro de los pacientes con insuficiencia card\u00edaca","isPartOf":{"@id":"https:\/\/www.heartfailurematters.org\/es\/#website"},"primaryImageOfPage":{"@id":"https:\/\/www.heartfailurematters.org\/es\/pregunte-a-su-medico\/planificar-el-futuro\/#primaryimage"},"image":{"@id":"https:\/\/www.heartfailurematters.org\/es\/pregunte-a-su-medico\/planificar-el-futuro\/#primaryimage"},"thumbnailUrl":"https:\/\/www.heartfailurematters.org\/wp-content\/uploads\/2022\/03\/shutterstock_1685261713-1-min.jpg","datePublished":"2021-01-27T22:08:28+00:00","dateModified":"2026-01-16T14:32:47+00:00","description":"Si ya ha hablado sobre sus planes de futuro con su familia, deber\u00eda comentarlos con su m\u00e9dico. M\u00e1s informaci\u00f3n aqu\u00ed.","breadcrumb":{"@id":"https:\/\/www.heartfailurematters.org\/es\/pregunte-a-su-medico\/planificar-el-futuro\/#breadcrumb"},"inLanguage":"es","potentialAction":[{"@type":"ReadAction","target":["https:\/\/www.heartfailurematters.org\/es\/pregunte-a-su-medico\/planificar-el-futuro\/"]}]},{"@type":"ImageObject","inLanguage":"es","@id":"https:\/\/www.heartfailurematters.org\/es\/pregunte-a-su-medico\/planificar-el-futuro\/#primaryimage","url":"https:\/\/www.heartfailurematters.org\/wp-content\/uploads\/2022\/03\/shutterstock_1685261713-1-min.jpg","contentUrl":"https:\/\/www.heartfailurematters.org\/wp-content\/uploads\/2022\/03\/shutterstock_1685261713-1-min.jpg","width":900,"height":600},{"@type":"BreadcrumbList","@id":"https:\/\/www.heartfailurematters.org\/es\/pregunte-a-su-medico\/planificar-el-futuro\/#breadcrumb","itemListElement":[{"@type":"ListItem","position":1,"name":"Inicio","item":"https:\/\/www.heartfailurematters.org\/es\/"},{"@type":"ListItem","position":2,"name":"Pregunte a su m\u00e9dico","item":"https:\/\/www.heartfailurematters.org\/es\/pregunte-a-su-medico\/"},{"@type":"ListItem","position":3,"name":"Planificaci\u00f3n del futuro."}]},{"@type":"WebSite","@id":"https:\/\/www.heartfailurematters.org\/es\/#website","url":"https:\/\/www.heartfailurematters.org\/es\/","name":"Heart Failure Matters","description":"Practical information for patients, families and caregivers.","publisher":{"@id":"https:\/\/www.heartfailurematters.org\/es\/#organization"},"potentialAction":[{"@type":"SearchAction","target":{"@type":"EntryPoint","urlTemplate":"https:\/\/www.heartfailurematters.org\/es\/?s={search_term_string}"},"query-input":{"@type":"PropertyValueSpecification","valueRequired":true,"valueName":"search_term_string"}}],"inLanguage":"es"},{"@type":"Organization","@id":"https:\/\/www.heartfailurematters.org\/es\/#organization","name":"Heart Failure Matters","url":"https:\/\/www.heartfailurematters.org\/es\/","logo":{"@type":"ImageObject","inLanguage":"es","@id":"https:\/\/www.heartfailurematters.org\/es\/#\/schema\/logo\/image\/","url":"https:\/\/cdn-endpoint-hfm.azureedge.net\/heartfailurematters\/2024\/07\/hfm-logo1.jpg","contentUrl":"https:\/\/cdn-endpoint-hfm.azureedge.net\/heartfailurematters\/2024\/07\/hfm-logo1.jpg","width":1280,"height":720,"caption":"Heart Failure Matters"},"image":{"@id":"https:\/\/www.heartfailurematters.org\/es\/#\/schema\/logo\/image\/"},"sameAs":["https:\/\/www.facebook.com\/heartfailurematters"]}]}},"_links":{"self":[{"href":"https:\/\/www.heartfailurematters.org\/es\/wp-json\/wp\/v2\/pages\/2139","targetHints":{"allow":["GET"]}}],"collection":[{"href":"https:\/\/www.heartfailurematters.org\/es\/wp-json\/wp\/v2\/pages"}],"about":[{"href":"https:\/\/www.heartfailurematters.org\/es\/wp-json\/wp\/v2\/types\/page"}],"author":[{"embeddable":true,"href":"https:\/\/www.heartfailurematters.org\/es\/wp-json\/wp\/v2\/users\/1"}],"replies":[{"embeddable":true,"href":"https:\/\/www.heartfailurematters.org\/es\/wp-json\/wp\/v2\/comments?post=2139"}],"version-history":[{"count":2,"href":"https:\/\/www.heartfailurematters.org\/es\/wp-json\/wp\/v2\/pages\/2139\/revisions"}],"predecessor-version":[{"id":13833,"href":"https:\/\/www.heartfailurematters.org\/es\/wp-json\/wp\/v2\/pages\/2139\/revisions\/13833"}],"up":[{"embeddable":true,"href":"https:\/\/www.heartfailurematters.org\/es\/wp-json\/wp\/v2\/pages\/2766"}],"wp:featuredmedia":[{"embeddable":true,"href":"https:\/\/www.heartfailurematters.org\/es\/wp-json\/wp\/v2\/media\/11068"}],"wp:attachment":[{"href":"https:\/\/www.heartfailurematters.org\/es\/wp-json\/wp\/v2\/media?parent=2139"}],"wp:term":[{"taxonomy":"category","embeddable":true,"href":"https:\/\/www.heartfailurematters.org\/es\/wp-json\/wp\/v2\/categories?post=2139"},{"taxonomy":"post_tag","embeddable":true,"href":"https:\/\/www.heartfailurematters.org\/es\/wp-json\/wp\/v2\/tags?post=2139"}],"curies":[{"name":"wp","href":"https:\/\/api.w.org\/{rel}","templated":true}]}}