{"id":13474,"date":"2024-07-25T14:10:49","date_gmt":"2024-07-25T13:10:49","guid":{"rendered":"https:\/\/www.heartfailurematters.org\/conocer-la-insuficiencia-cardiaca\/women-and-heart-failure\/"},"modified":"2026-01-16T14:19:05","modified_gmt":"2026-01-16T14:19:05","slug":"women-and-heart-failure","status":"publish","type":"page","link":"https:\/\/www.heartfailurematters.org\/es\/conocer-la-insuficiencia-cardiaca\/women-and-heart-failure\/","title":{"rendered":"Insuficiencia card\u00edaca en mujeres"},"content":{"rendered":"<p>Para las mujeres con insuficiencia card\u00edaca, hay momentos espec\u00edficos en su vida que pueden requerir asesoramiento y atenci\u00f3n espec\u00edfica.<\/p>\n<h2>A\u00f1os reproductivos (edad aproximada entre 15 y 50 a\u00f1os)<\/h2>\n<p>Es importante considerar el posible efecto del embarazo en el coraz\u00f3n. Esto le ayudar\u00e1 a decidir si desea continuar con un embarazo y el tipo de anticonceptivo que puede ser adecuado para usted. Es importante pensar en esto, ya que le ayudar\u00e1 a evitar un embarazo no deseado.<\/p>\n<h2>Embarazo<\/h2>\n<p>El embarazo causa un esfuerzo f\u00edsico adicional, provocando muchos cambios que ayudan al feto a crecer y preparan el cuerpo para el parto. Estos cambios incluyen un aumento del volumen sangu\u00edneo del 30 al 50 %, un aumento de la frecuencia card\u00edaca y cambios en la presi\u00f3n arterial. Los tejidos del cuerpo empiezan a relajarse para prepararse para el parto. En el momento del parto, se producen a\u00fan m\u00e1s cambios en el volumen sangu\u00edneo y la presi\u00f3n arterial. Despu\u00e9s del parto, el cuerpo tarda un tiempo en volver a ser como antes del embarazo. Las mujeres con una funci\u00f3n card\u00edaca normal pueden sentirse agobiadas por estas profundas alteraciones. Habr\u00e1 notado que sus amigas embarazadas pueden quedarse sin aliento, cansarse y tener palpitaciones.<\/p>\n<p>\u00bfQu\u00e9 significa esto para una embarazada con insuficiencia card\u00edaca? Como sabr\u00e1, existe un espectro de insuficiencia card\u00edaca que va de leve a grave. Este sitio web no puede ofrecer un asesoramiento individualizado, pero podemos ofrecerle un poco de informaci\u00f3n general. Si el coraz\u00f3n ya presenta problemas de funcionamiento, todos estos cambios del embarazo, especialmente el aumento del volumen sangu\u00edneo, aumentan el riesgo de nuevos cambios en el coraz\u00f3n. Algunas mujeres toleran bien estos cambios. Para algunas mujeres, sin embargo, estos cambios pueden ser graves y afectar a la funci\u00f3n card\u00edaca, al ritmo card\u00edaco y repercutir en el crecimiento del beb\u00e9 o en el momento del parto. Por este motivo, todas las embarazadas con antecedentes de insuficiencia card\u00edaca deben ser examinadas peri\u00f3dicamente por un equipo especializado en cardiopat\u00edas durante el embarazo. Esto permite detectar los cambios en una fase temprana.<\/p>\n<p>Algunos medicamentos que se administran con frecuencia para mejorar la insuficiencia card\u00edaca (por ejemplo, IECA, ARA, sacubitrilo\/valsart\u00e1n, ARM, iSGLT2) pueden ser perjudiciales para el feto. Si est\u00e1 pensando en quedarse embarazada, hable con su cardi\u00f3logo sobre lo que debe cambiar en la lista de medicamentos. Tambi\u00e9n le aconsejar\u00e1 sobre los posibles riesgos si se suspenden estos comprimidos durante el embarazo. A menudo, las mujeres con una afecci\u00f3n card\u00edaca pueden dar el pecho. La decisi\u00f3n depende de sus preferencias, de lo estable que est\u00e9 su coraz\u00f3n y tambi\u00e9n de los medicamentos recetados.<\/p>\n<p>Por estas razones, si est\u00e1 pensando en quedarse embarazada, hable con su cardi\u00f3logo. Se controlar\u00e1 el curso del embarazo hasta el parto y cualquier cambio de medicaci\u00f3n que sea necesario. Antes del parto se le informar\u00e1 sobre los m\u00e9todos anticonceptivos.<\/p>\n<h2>M\u00e9todos anticonceptivos<\/h2>\n<p>Hay varios m\u00e9todos anticonceptivos para las mujeres con insuficiencia card\u00edaca. Su decisi\u00f3n sobre qu\u00e9 anticonceptivo es mejor para usted depender\u00e1 de:<\/p>\n<ul>\n<li>Deseo de evitar un embarazo<\/li>\n<li>Riesgo de embarazo<\/li>\n<li>Frecuencia de la actividad sexual<\/li>\n<li>Seguridad del m\u00e9todo anticonceptivo en el contexto de los problemas de salud<\/li>\n<li>Antecedentes familiares<\/li>\n<li>Consideraciones religiosas y culturales<\/li>\n<li>Medicaci\u00f3n actual<\/li>\n<li>Menorragia<\/li>\n<li>Embarazo reciente y lactancia<\/li>\n<li>Evitar las enfermedades de transmisi\u00f3n sexual<\/li>\n<li>Cumplimiento terap\u00e9utico<\/li>\n<li>Efectos secundarios<\/li>\n<\/ul>\n<p>Los m\u00e9todos anticonceptivos pueden conllevar cierto riesgo. Es importante sopesar el riesgo frente al riesgo de embarazo. En general, los profesionales sanitarios le aconsejaran a las mujeres con insuficiencia card\u00edaca que eviten los anticonceptivos que contengan estr\u00f3genos. Los dispositivos intrauterinos o los m\u00e9todos anticonceptivos inyectables son preferibles a los anticonceptivos orales. Sin embargo, es importante que se deje aconsejar por alguien que conozca su afecci\u00f3n card\u00edaca, otras enfermedades que pueda tener y los medicamentos que est\u00e9 tomando.<\/p>\n<h2>Terapia de reproducci\u00f3n asistida (TRA)<\/h2>\n<p>Algunas mujeres pueden necesitar la ayuda de terapias de reproducci\u00f3n para concebir. Algunos hombres y mujeres que padecen una enfermedad hereditaria responsable de su insuficiencia card\u00edaca pueden optar por las TRA para favorecer la implantaci\u00f3n de un embri\u00f3n sin la enfermedad hereditaria. Esto implica pruebas gen\u00e9ticas preimplantacionales. Las personas con insuficiencia card\u00edaca pueden someterse a TRA. Sin embargo, es fundamental que lo consulte con su cardi\u00f3logo, que puede aconsejarle y remitirle a un servicio de TRA adecuado para una evaluaci\u00f3n m\u00e1s detallada.<\/p>\n<p>Las TRA pueden entra\u00f1ar algunos riesgos que deben evaluarse en funci\u00f3n de su afecci\u00f3n card\u00edaca. El equipo de TRA y su cardi\u00f3logo tendr\u00e1n en cuenta no solo el riesgo de la TRA, sino tambi\u00e9n el riesgo del embarazo para usted.<\/p>\n<h2>Menstruaci\u00f3n<\/h2>\n<p>A veces, a las mujeres con insuficiencia card\u00edaca tambi\u00e9n se les recetan f\u00e1rmacos para evitar la coagulaci\u00f3n de la sangre (antiagregantes plaquetarios o anticoagulantes). Estos f\u00e1rmacos pueden hacer que su menstruaci\u00f3n sea m\u00e1s abundante. Si le ocurre esto, hable con un profesional sanitario. Puede que le hagan an\u00e1lisis de sangre y pruebas para ver si tiene anemia. Existen opciones para reducir el sangrado menstrual: por lo tanto, hable con su profesional sanitario para que le aconseje antes de dejar de tomar sus medicamentos.<\/p>\n<p>Antes y durante la menstruaci\u00f3n puede ser frecuente que las mujeres se sientan hinchadas, aumenten de peso y algunas se sientan mareadas, sobre todo si el sangrado es abundante. Como mujer con insuficiencia card\u00edaca, es importante comprender lo que es normal para usted en este momento para ayudarle a evaluar el aumento de peso en el contexto de su menstruaci\u00f3n. Algunas mujeres sufren mareo y algunas pueden necesitar un ajuste de su medicaci\u00f3n para la insuficiencia card\u00edaca. Si tiene dificultades para equilibrar su medicaci\u00f3n para la insuficiencia card\u00edaca durante la menstruaci\u00f3n, hable con su especialista en insuficiencia card\u00edaca. Es importante no dejar de tomar los comprimidos para la insuficiencia card\u00edaca durante per\u00edodos prolongados.<\/p>\n<h2>Menopausia (45-52 a\u00f1os)<\/h2>\n<p>La menopausia se produce cuando una mujer no tiene la regla desde hace al menos 12 meses. Esto se debe a cambios en los niveles hormonales. Los s\u00edntomas de la menopausia, como sofocos, dificultad para dormir, bajo estado de \u00e1nimo, problemas de memoria, cambios de peso y disminuci\u00f3n del deseo sexual, son frecuentes y pueden tener un gran impacto en la calidad de vida de la mujer.<\/p>\n<p>Durante la menopausia y en la fase posmenop\u00e1usica, las mujeres pueden padecer o presentar signos y s\u00edntomas de cardiopat\u00eda. <a href=\"https:\/\/www.bhf.org.uk\/informationsupport\/support\/women-with-a-heart-condition\/menopause-and-heart-disease\" target=\"_blank\" rel=\"noopener\">Aqu\u00ed<\/a> encontrar\u00e1 consejos generales sobre la menopausia y el coraz\u00f3n, as\u00ed como sobre c\u00f3mo reducir el riesgo de padecer una cardiopat\u00eda adquirida.<\/p>\n<p>Para las mujeres con insuficiencia card\u00edaca, hay algunas consideraciones espec\u00edficas. Controlar los s\u00edntomas de la menopausia para ayudarle a mantener la calidad de vida es importante y hay opciones para el tratamiento de la menopausia. Hable con su m\u00e9dico de atenci\u00f3n primaria o cardi\u00f3logo para obtener m\u00e1s asesoramiento. Ellos tendr\u00e1n en cuenta su propia salud card\u00edaca, los antecedentes familiares de cardiopat\u00eda y otros factores para elaborar un plan de tratamiento individualizado.<\/p>\n","protected":false},"excerpt":{"rendered":"<p>Para las mujeres con insuficiencia card\u00edaca, hay momentos espec\u00edficos en su vida que pueden requerir asesoramiento y atenci\u00f3n espec\u00edfica. A\u00f1os reproductivos (edad aproximada entre 15 y 50 a\u00f1os) Es importante considerar el posible efecto del embarazo en el coraz\u00f3n. Esto le ayudar\u00e1 a decidir si desea continuar con un embarazo y el tipo de anticonceptivo [&hellip;]<\/p>\n","protected":false},"author":22,"featured_media":0,"parent":2155,"menu_order":0,"comment_status":"closed","ping_status":"closed","template":"","meta":{"_acf_changed":false,"footnotes":""},"categories":[123],"tags":[],"class_list":["post-13474","page","type-page","status-publish","hentry","category-understanding-heart-failure-es"],"acf":[],"yoast_head":"<!-- This site is optimized with the Yoast SEO plugin v24.8.1 - https:\/\/yoast.com\/wordpress\/plugins\/seo\/ -->\n<title>Insuficiencia card\u00edaca en mujeres - Heart Failure Matters<\/title>\n<meta name=\"robots\" content=\"index, follow, max-snippet:-1, max-image-preview:large, max-video-preview:-1\" \/>\n<link rel=\"canonical\" href=\"https:\/\/www.heartfailurematters.org\/es\/conocer-la-insuficiencia-cardiaca\/women-and-heart-failure\/\" \/>\n<meta property=\"og:locale\" content=\"es_ES\" \/>\n<meta property=\"og:type\" content=\"article\" \/>\n<meta property=\"og:title\" content=\"Insuficiencia card\u00edaca en mujeres - Heart Failure Matters\" \/>\n<meta property=\"og:description\" content=\"Para las mujeres con insuficiencia card\u00edaca, hay momentos espec\u00edficos en su vida que pueden requerir asesoramiento y atenci\u00f3n espec\u00edfica. A\u00f1os reproductivos (edad aproximada entre 15 y 50 a\u00f1os) Es importante considerar el posible efecto del embarazo en el coraz\u00f3n. Esto le ayudar\u00e1 a decidir si desea continuar con un embarazo y el tipo de anticonceptivo [&hellip;]\" \/>\n<meta property=\"og:url\" content=\"https:\/\/www.heartfailurematters.org\/es\/conocer-la-insuficiencia-cardiaca\/women-and-heart-failure\/\" \/>\n<meta property=\"og:site_name\" content=\"Heart Failure Matters\" \/>\n<meta property=\"article:publisher\" content=\"https:\/\/www.facebook.com\/heartfailurematters\" \/>\n<meta property=\"article:modified_time\" content=\"2026-01-16T14:19:05+00:00\" \/>\n<meta name=\"twitter:card\" content=\"summary_large_image\" \/>\n<meta name=\"twitter:label1\" content=\"Tiempo de lectura\" \/>\n\t<meta name=\"twitter:data1\" content=\"6 minutos\" \/>\n<script type=\"application\/ld+json\" class=\"yoast-schema-graph\">{\"@context\":\"https:\/\/schema.org\",\"@graph\":[{\"@type\":\"WebPage\",\"@id\":\"https:\/\/www.heartfailurematters.org\/es\/conocer-la-insuficiencia-cardiaca\/women-and-heart-failure\/\",\"url\":\"https:\/\/www.heartfailurematters.org\/es\/conocer-la-insuficiencia-cardiaca\/women-and-heart-failure\/\",\"name\":\"Insuficiencia card\u00edaca en mujeres - Heart Failure Matters\",\"isPartOf\":{\"@id\":\"https:\/\/www.heartfailurematters.org\/es\/#website\"},\"datePublished\":\"2024-07-25T13:10:49+00:00\",\"dateModified\":\"2026-01-16T14:19:05+00:00\",\"breadcrumb\":{\"@id\":\"https:\/\/www.heartfailurematters.org\/es\/conocer-la-insuficiencia-cardiaca\/women-and-heart-failure\/#breadcrumb\"},\"inLanguage\":\"es\",\"potentialAction\":[{\"@type\":\"ReadAction\",\"target\":[\"https:\/\/www.heartfailurematters.org\/es\/conocer-la-insuficiencia-cardiaca\/women-and-heart-failure\/\"]}]},{\"@type\":\"BreadcrumbList\",\"@id\":\"https:\/\/www.heartfailurematters.org\/es\/conocer-la-insuficiencia-cardiaca\/women-and-heart-failure\/#breadcrumb\",\"itemListElement\":[{\"@type\":\"ListItem\",\"position\":1,\"name\":\"Inicio\",\"item\":\"https:\/\/www.heartfailurematters.org\/es\/\"},{\"@type\":\"ListItem\",\"position\":2,\"name\":\"Conocer la insuficiencia card\u00edaca\",\"item\":\"https:\/\/www.heartfailurematters.org\/es\/conocer-la-insuficiencia-cardiaca\/\"},{\"@type\":\"ListItem\",\"position\":3,\"name\":\"Insuficiencia card\u00edaca en mujeres\"}]},{\"@type\":\"WebSite\",\"@id\":\"https:\/\/www.heartfailurematters.org\/es\/#website\",\"url\":\"https:\/\/www.heartfailurematters.org\/es\/\",\"name\":\"Heart Failure Matters\",\"description\":\"Practical information for patients, families and caregivers.\",\"publisher\":{\"@id\":\"https:\/\/www.heartfailurematters.org\/es\/#organization\"},\"potentialAction\":[{\"@type\":\"SearchAction\",\"target\":{\"@type\":\"EntryPoint\",\"urlTemplate\":\"https:\/\/www.heartfailurematters.org\/es\/?s={search_term_string}\"},\"query-input\":{\"@type\":\"PropertyValueSpecification\",\"valueRequired\":true,\"valueName\":\"search_term_string\"}}],\"inLanguage\":\"es\"},{\"@type\":\"Organization\",\"@id\":\"https:\/\/www.heartfailurematters.org\/es\/#organization\",\"name\":\"Heart Failure Matters\",\"url\":\"https:\/\/www.heartfailurematters.org\/es\/\",\"logo\":{\"@type\":\"ImageObject\",\"inLanguage\":\"es\",\"@id\":\"https:\/\/www.heartfailurematters.org\/es\/#\/schema\/logo\/image\/\",\"url\":\"https:\/\/cdn-endpoint-hfm.azureedge.net\/heartfailurematters\/2024\/07\/hfm-logo1.jpg\",\"contentUrl\":\"https:\/\/cdn-endpoint-hfm.azureedge.net\/heartfailurematters\/2024\/07\/hfm-logo1.jpg\",\"width\":1280,\"height\":720,\"caption\":\"Heart Failure Matters\"},\"image\":{\"@id\":\"https:\/\/www.heartfailurematters.org\/es\/#\/schema\/logo\/image\/\"},\"sameAs\":[\"https:\/\/www.facebook.com\/heartfailurematters\"]}]}<\/script>\n<!-- \/ Yoast SEO plugin. -->","yoast_head_json":{"title":"Insuficiencia card\u00edaca en mujeres - Heart Failure Matters","robots":{"index":"index","follow":"follow","max-snippet":"max-snippet:-1","max-image-preview":"max-image-preview:large","max-video-preview":"max-video-preview:-1"},"canonical":"https:\/\/www.heartfailurematters.org\/es\/conocer-la-insuficiencia-cardiaca\/women-and-heart-failure\/","og_locale":"es_ES","og_type":"article","og_title":"Insuficiencia card\u00edaca en mujeres - Heart Failure Matters","og_description":"Para las mujeres con insuficiencia card\u00edaca, hay momentos espec\u00edficos en su vida que pueden requerir asesoramiento y atenci\u00f3n espec\u00edfica. A\u00f1os reproductivos (edad aproximada entre 15 y 50 a\u00f1os) Es importante considerar el posible efecto del embarazo en el coraz\u00f3n. Esto le ayudar\u00e1 a decidir si desea continuar con un embarazo y el tipo de anticonceptivo [&hellip;]","og_url":"https:\/\/www.heartfailurematters.org\/es\/conocer-la-insuficiencia-cardiaca\/women-and-heart-failure\/","og_site_name":"Heart Failure Matters","article_publisher":"https:\/\/www.facebook.com\/heartfailurematters","article_modified_time":"2026-01-16T14:19:05+00:00","twitter_card":"summary_large_image","twitter_misc":{"Tiempo de lectura":"6 minutos"},"schema":{"@context":"https:\/\/schema.org","@graph":[{"@type":"WebPage","@id":"https:\/\/www.heartfailurematters.org\/es\/conocer-la-insuficiencia-cardiaca\/women-and-heart-failure\/","url":"https:\/\/www.heartfailurematters.org\/es\/conocer-la-insuficiencia-cardiaca\/women-and-heart-failure\/","name":"Insuficiencia card\u00edaca en mujeres - Heart Failure Matters","isPartOf":{"@id":"https:\/\/www.heartfailurematters.org\/es\/#website"},"datePublished":"2024-07-25T13:10:49+00:00","dateModified":"2026-01-16T14:19:05+00:00","breadcrumb":{"@id":"https:\/\/www.heartfailurematters.org\/es\/conocer-la-insuficiencia-cardiaca\/women-and-heart-failure\/#breadcrumb"},"inLanguage":"es","potentialAction":[{"@type":"ReadAction","target":["https:\/\/www.heartfailurematters.org\/es\/conocer-la-insuficiencia-cardiaca\/women-and-heart-failure\/"]}]},{"@type":"BreadcrumbList","@id":"https:\/\/www.heartfailurematters.org\/es\/conocer-la-insuficiencia-cardiaca\/women-and-heart-failure\/#breadcrumb","itemListElement":[{"@type":"ListItem","position":1,"name":"Inicio","item":"https:\/\/www.heartfailurematters.org\/es\/"},{"@type":"ListItem","position":2,"name":"Conocer la insuficiencia card\u00edaca","item":"https:\/\/www.heartfailurematters.org\/es\/conocer-la-insuficiencia-cardiaca\/"},{"@type":"ListItem","position":3,"name":"Insuficiencia card\u00edaca en mujeres"}]},{"@type":"WebSite","@id":"https:\/\/www.heartfailurematters.org\/es\/#website","url":"https:\/\/www.heartfailurematters.org\/es\/","name":"Heart Failure Matters","description":"Practical information for patients, families and caregivers.","publisher":{"@id":"https:\/\/www.heartfailurematters.org\/es\/#organization"},"potentialAction":[{"@type":"SearchAction","target":{"@type":"EntryPoint","urlTemplate":"https:\/\/www.heartfailurematters.org\/es\/?s={search_term_string}"},"query-input":{"@type":"PropertyValueSpecification","valueRequired":true,"valueName":"search_term_string"}}],"inLanguage":"es"},{"@type":"Organization","@id":"https:\/\/www.heartfailurematters.org\/es\/#organization","name":"Heart Failure Matters","url":"https:\/\/www.heartfailurematters.org\/es\/","logo":{"@type":"ImageObject","inLanguage":"es","@id":"https:\/\/www.heartfailurematters.org\/es\/#\/schema\/logo\/image\/","url":"https:\/\/cdn-endpoint-hfm.azureedge.net\/heartfailurematters\/2024\/07\/hfm-logo1.jpg","contentUrl":"https:\/\/cdn-endpoint-hfm.azureedge.net\/heartfailurematters\/2024\/07\/hfm-logo1.jpg","width":1280,"height":720,"caption":"Heart Failure Matters"},"image":{"@id":"https:\/\/www.heartfailurematters.org\/es\/#\/schema\/logo\/image\/"},"sameAs":["https:\/\/www.facebook.com\/heartfailurematters"]}]}},"_links":{"self":[{"href":"https:\/\/www.heartfailurematters.org\/es\/wp-json\/wp\/v2\/pages\/13474","targetHints":{"allow":["GET"]}}],"collection":[{"href":"https:\/\/www.heartfailurematters.org\/es\/wp-json\/wp\/v2\/pages"}],"about":[{"href":"https:\/\/www.heartfailurematters.org\/es\/wp-json\/wp\/v2\/types\/page"}],"author":[{"embeddable":true,"href":"https:\/\/www.heartfailurematters.org\/es\/wp-json\/wp\/v2\/users\/22"}],"replies":[{"embeddable":true,"href":"https:\/\/www.heartfailurematters.org\/es\/wp-json\/wp\/v2\/comments?post=13474"}],"version-history":[{"count":1,"href":"https:\/\/www.heartfailurematters.org\/es\/wp-json\/wp\/v2\/pages\/13474\/revisions"}],"predecessor-version":[{"id":13818,"href":"https:\/\/www.heartfailurematters.org\/es\/wp-json\/wp\/v2\/pages\/13474\/revisions\/13818"}],"up":[{"embeddable":true,"href":"https:\/\/www.heartfailurematters.org\/es\/wp-json\/wp\/v2\/pages\/2155"}],"wp:attachment":[{"href":"https:\/\/www.heartfailurematters.org\/es\/wp-json\/wp\/v2\/media?parent=13474"}],"wp:term":[{"taxonomy":"category","embeddable":true,"href":"https:\/\/www.heartfailurematters.org\/es\/wp-json\/wp\/v2\/categories?post=13474"},{"taxonomy":"post_tag","embeddable":true,"href":"https:\/\/www.heartfailurematters.org\/es\/wp-json\/wp\/v2\/tags?post=13474"}],"curies":[{"name":"wp","href":"https:\/\/api.w.org\/{rel}","templated":true}]}}