{"id":8828,"date":"2021-04-19T10:32:01","date_gmt":"2021-04-19T09:32:01","guid":{"rendered":"https:\/\/www.heartfailurematters.org\/das-koennen-ihr-arzt-oder-pflegepersonal-tun\/eisenergaenzung-bei-herzinsuffizienz\/"},"modified":"2025-12-04T11:29:43","modified_gmt":"2025-12-04T11:29:43","slug":"eisenergaenzung-bei-herzinsuffizienz","status":"publish","type":"page","link":"https:\/\/www.heartfailurematters.org\/de\/das-koennen-ihr-arzt-oder-pflegepersonal-tun\/eisenergaenzung-bei-herzinsuffizienz\/","title":{"rendered":"Eisenerg\u00e4nzung f\u00fcr Patientinnen und Patienten mit Herzinsuffizienz und Eisenmangel"},"content":{"rendered":"<p>Bei Patientinnen und Patienten mit Herzinsuffizienz und einer reduzierten Ejektionsfraktion liegt h\u00e4ufig ein <a href=\"https:\/\/www.heartfailurematters.org\/heart-failure-causes-and-other-common-medical-conditions\/iron-deficiency\/\" target=\"_blank\" rel=\"noopener\">Eisenmangel<\/a> vor. In diesen F\u00e4llen empfiehlt sich ein Screening auf Eisenmangel durch Messung der Ferritin- und Transferrins\u00e4ttigung. Zur Diagnose wurden spezifische Schwellen f\u00fcr diese Laborwerte definiert. Wenn ein Eisenmangel diagnostiziert wurde, sollten die Eisenspeicher wieder aufgef\u00fcllt werden. Eine orale Eisenerg\u00e4nzung ist aufgrund der schlechten Resorption in der Regel unwirksam. Daher ist die intraven\u00f6se Eisenerg\u00e4nzung der bevorzugte therapeutische Ansatz, der sich als sicher und wirksam erwiesen hat.<\/p>\n<p>Das am besten untersuchte Pr\u00e4parat ist die Eisencarboxymaltose. Eine neuere Alternative ist Eisen(III)-derisomaltose. \u00dcblicherweise wird das Eisen mittels intraven\u00f6ser Infusion in 100 ml Kochsalzl\u00f6sung in Dosen von 500 mg bis 1000 mg verabreicht. Die Infusionsdauer betr\u00e4gt ca. 15 min. Die Verabreichung ist sowohl im Krankenhaus als auch ambulant sicher m\u00f6glich. Die intraven\u00f6se Eisenerg\u00e4nzung f\u00fcr Patientinnen und Patienten mit Herzinsuffizienz und Eisenmangel reduziert nachweislich Symptome einer Herzinsuffizienz, verbessert die Lebensqualit\u00e4t und k\u00f6rperliche Belastbarkeit und verringert das Risiko wiederkehrender Krankenhausaufenthalte.<\/p>\n<p>Die Wiederherstellung des Eisenspiegels sollte ungef\u00e4hr drei Monate nach der letzten verabreichten Dosis durch einen Bluttest \u00fcberpr\u00fcft werden.<\/p>\n<h2>Intraven\u00f6s verabreichtes Eisen, das bei Herzinsuffizienz verwendet werden kann<\/h2>\n<ul>\n<li>Eisencarboxymaltose<\/li>\n<li>Eisen(III)-derisomaltose<\/li>\n<\/ul>\n<p><a title=\"Zur\u00fcck zu Medikamenten zur Behandlung von Herzinsuffizienz\" href=\"https:\/\/www.heartfailurematters.org\/what-your-doctor-can-do\/heart-failure-medicines\/\">Zur\u00fcck zu Medikamenten zur Behandlung von Herzinsuffizienz<\/a><\/p>\n","protected":false},"excerpt":{"rendered":"<p>Bei Patientinnen und Patienten mit Herzinsuffizienz und einer reduzierten Ejektionsfraktion liegt h\u00e4ufig ein Eisenmangel vor. In diesen F\u00e4llen empfiehlt sich ein Screening auf Eisenmangel durch Messung der Ferritin- und Transferrins\u00e4ttigung. Zur Diagnose wurden spezifische Schwellen f\u00fcr diese Laborwerte definiert. Wenn ein Eisenmangel diagnostiziert wurde, sollten die Eisenspeicher wieder aufgef\u00fcllt werden. Eine orale Eisenerg\u00e4nzung ist aufgrund [&hellip;]<\/p>\n","protected":false},"author":1,"featured_media":10778,"parent":2680,"menu_order":0,"comment_status":"closed","ping_status":"closed","template":"","meta":{"_acf_changed":false,"footnotes":""},"categories":[],"tags":[],"class_list":["post-8828","page","type-page","status-publish","has-post-thumbnail","hentry"],"acf":[],"yoast_head":"<!-- This site is optimized with the Yoast SEO plugin v24.8.1 - https:\/\/yoast.com\/wordpress\/plugins\/seo\/ -->\n<title>Eisenerg\u00e4nzung bei Herzinsuffizienz<\/title>\n<meta name=\"description\" content=\"Bei Patientinnen und Patienten mit Herzinsuffizienz und Eisenmangel (EM) ist die orale Eisenerg\u00e4nzung aufgrund der sehr schlechten Resorption unwirksam.\" \/>\n<meta name=\"robots\" content=\"index, follow, max-snippet:-1, max-image-preview:large, max-video-preview:-1\" \/>\n<link rel=\"canonical\" href=\"https:\/\/www.heartfailurematters.org\/de\/das-koennen-ihr-arzt-oder-pflegepersonal-tun\/eisenergaenzung-bei-herzinsuffizienz\/\" \/>\n<meta property=\"og:locale\" content=\"de_DE\" \/>\n<meta property=\"og:type\" content=\"article\" \/>\n<meta property=\"og:title\" content=\"Eisenerg\u00e4nzung bei Herzinsuffizienz\" \/>\n<meta property=\"og:description\" content=\"Bei Patientinnen und Patienten mit Herzinsuffizienz und Eisenmangel (EM) ist die orale Eisenerg\u00e4nzung aufgrund der sehr schlechten Resorption unwirksam.\" \/>\n<meta property=\"og:url\" content=\"https:\/\/www.heartfailurematters.org\/de\/das-koennen-ihr-arzt-oder-pflegepersonal-tun\/eisenergaenzung-bei-herzinsuffizienz\/\" \/>\n<meta property=\"og:site_name\" content=\"Heart Failure Matters\" \/>\n<meta property=\"article:publisher\" content=\"https:\/\/www.facebook.com\/heartfailurematters\" \/>\n<meta property=\"article:modified_time\" content=\"2025-12-04T11:29:43+00:00\" \/>\n<meta property=\"og:image\" content=\"https:\/\/www.heartfailurematters.org\/wp-content\/uploads\/2022\/03\/shutterstock_529109200-1-min.jpg\" \/>\n\t<meta property=\"og:image:width\" content=\"900\" \/>\n\t<meta property=\"og:image:height\" content=\"599\" \/>\n\t<meta property=\"og:image:type\" content=\"image\/jpeg\" \/>\n<meta name=\"twitter:card\" content=\"summary_large_image\" \/>\n<meta name=\"twitter:label1\" content=\"Gesch\u00e4tzte Lesezeit\" \/>\n\t<meta name=\"twitter:data1\" content=\"1\u00a0Minute\" \/>\n<script type=\"application\/ld+json\" class=\"yoast-schema-graph\">{\"@context\":\"https:\/\/schema.org\",\"@graph\":[{\"@type\":\"WebPage\",\"@id\":\"https:\/\/www.heartfailurematters.org\/de\/das-koennen-ihr-arzt-oder-pflegepersonal-tun\/eisenergaenzung-bei-herzinsuffizienz\/\",\"url\":\"https:\/\/www.heartfailurematters.org\/de\/das-koennen-ihr-arzt-oder-pflegepersonal-tun\/eisenergaenzung-bei-herzinsuffizienz\/\",\"name\":\"Eisenerg\u00e4nzung bei Herzinsuffizienz\",\"isPartOf\":{\"@id\":\"https:\/\/www.heartfailurematters.org\/de\/#website\"},\"primaryImageOfPage\":{\"@id\":\"https:\/\/www.heartfailurematters.org\/de\/das-koennen-ihr-arzt-oder-pflegepersonal-tun\/eisenergaenzung-bei-herzinsuffizienz\/#primaryimage\"},\"image\":{\"@id\":\"https:\/\/www.heartfailurematters.org\/de\/das-koennen-ihr-arzt-oder-pflegepersonal-tun\/eisenergaenzung-bei-herzinsuffizienz\/#primaryimage\"},\"thumbnailUrl\":\"https:\/\/www.heartfailurematters.org\/wp-content\/uploads\/2022\/03\/shutterstock_529109200-1-min.jpg\",\"datePublished\":\"2021-04-19T09:32:01+00:00\",\"dateModified\":\"2025-12-04T11:29:43+00:00\",\"description\":\"Bei Patientinnen und Patienten mit Herzinsuffizienz und Eisenmangel (EM) ist die orale Eisenerg\u00e4nzung aufgrund der sehr schlechten Resorption unwirksam.\",\"breadcrumb\":{\"@id\":\"https:\/\/www.heartfailurematters.org\/de\/das-koennen-ihr-arzt-oder-pflegepersonal-tun\/eisenergaenzung-bei-herzinsuffizienz\/#breadcrumb\"},\"inLanguage\":\"de\",\"potentialAction\":[{\"@type\":\"ReadAction\",\"target\":[\"https:\/\/www.heartfailurematters.org\/de\/das-koennen-ihr-arzt-oder-pflegepersonal-tun\/eisenergaenzung-bei-herzinsuffizienz\/\"]}]},{\"@type\":\"ImageObject\",\"inLanguage\":\"de\",\"@id\":\"https:\/\/www.heartfailurematters.org\/de\/das-koennen-ihr-arzt-oder-pflegepersonal-tun\/eisenergaenzung-bei-herzinsuffizienz\/#primaryimage\",\"url\":\"https:\/\/www.heartfailurematters.org\/wp-content\/uploads\/2022\/03\/shutterstock_529109200-1-min.jpg\",\"contentUrl\":\"https:\/\/www.heartfailurematters.org\/wp-content\/uploads\/2022\/03\/shutterstock_529109200-1-min.jpg\",\"width\":900,\"height\":599},{\"@type\":\"BreadcrumbList\",\"@id\":\"https:\/\/www.heartfailurematters.org\/de\/das-koennen-ihr-arzt-oder-pflegepersonal-tun\/eisenergaenzung-bei-herzinsuffizienz\/#breadcrumb\",\"itemListElement\":[{\"@type\":\"ListItem\",\"position\":1,\"name\":\"Startseite\",\"item\":\"https:\/\/www.heartfailurematters.org\/de\/\"},{\"@type\":\"ListItem\",\"position\":2,\"name\":\"Das kann Ihr Arzt tun\",\"item\":\"https:\/\/www.heartfailurematters.org\/de\/das-koennen-ihr-arzt-oder-pflegepersonal-tun\/\"},{\"@type\":\"ListItem\",\"position\":3,\"name\":\"Eisenerg\u00e4nzung f\u00fcr Patientinnen und Patienten mit Herzinsuffizienz und Eisenmangel\"}]},{\"@type\":\"WebSite\",\"@id\":\"https:\/\/www.heartfailurematters.org\/de\/#website\",\"url\":\"https:\/\/www.heartfailurematters.org\/de\/\",\"name\":\"Heart Failure Matters\",\"description\":\"Practical information for patients, families and caregivers.\",\"publisher\":{\"@id\":\"https:\/\/www.heartfailurematters.org\/de\/#organization\"},\"potentialAction\":[{\"@type\":\"SearchAction\",\"target\":{\"@type\":\"EntryPoint\",\"urlTemplate\":\"https:\/\/www.heartfailurematters.org\/de\/?s={search_term_string}\"},\"query-input\":{\"@type\":\"PropertyValueSpecification\",\"valueRequired\":true,\"valueName\":\"search_term_string\"}}],\"inLanguage\":\"de\"},{\"@type\":\"Organization\",\"@id\":\"https:\/\/www.heartfailurematters.org\/de\/#organization\",\"name\":\"Heart Failure Matters\",\"url\":\"https:\/\/www.heartfailurematters.org\/de\/\",\"logo\":{\"@type\":\"ImageObject\",\"inLanguage\":\"de\",\"@id\":\"https:\/\/www.heartfailurematters.org\/de\/#\/schema\/logo\/image\/\",\"url\":\"https:\/\/cdn-endpoint-hfm.azureedge.net\/heartfailurematters\/2024\/07\/hfm-logo1.jpg\",\"contentUrl\":\"https:\/\/cdn-endpoint-hfm.azureedge.net\/heartfailurematters\/2024\/07\/hfm-logo1.jpg\",\"width\":1280,\"height\":720,\"caption\":\"Heart Failure Matters\"},\"image\":{\"@id\":\"https:\/\/www.heartfailurematters.org\/de\/#\/schema\/logo\/image\/\"},\"sameAs\":[\"https:\/\/www.facebook.com\/heartfailurematters\"]}]}<\/script>\n<!-- \/ Yoast SEO plugin. -->","yoast_head_json":{"title":"Eisenerg\u00e4nzung bei Herzinsuffizienz","description":"Bei Patientinnen und Patienten mit Herzinsuffizienz und Eisenmangel (EM) ist die orale Eisenerg\u00e4nzung aufgrund der sehr schlechten Resorption unwirksam.","robots":{"index":"index","follow":"follow","max-snippet":"max-snippet:-1","max-image-preview":"max-image-preview:large","max-video-preview":"max-video-preview:-1"},"canonical":"https:\/\/www.heartfailurematters.org\/de\/das-koennen-ihr-arzt-oder-pflegepersonal-tun\/eisenergaenzung-bei-herzinsuffizienz\/","og_locale":"de_DE","og_type":"article","og_title":"Eisenerg\u00e4nzung bei Herzinsuffizienz","og_description":"Bei Patientinnen und Patienten mit Herzinsuffizienz und Eisenmangel (EM) ist die orale Eisenerg\u00e4nzung aufgrund der sehr schlechten Resorption unwirksam.","og_url":"https:\/\/www.heartfailurematters.org\/de\/das-koennen-ihr-arzt-oder-pflegepersonal-tun\/eisenergaenzung-bei-herzinsuffizienz\/","og_site_name":"Heart Failure Matters","article_publisher":"https:\/\/www.facebook.com\/heartfailurematters","article_modified_time":"2025-12-04T11:29:43+00:00","og_image":[{"width":900,"height":599,"url":"https:\/\/www.heartfailurematters.org\/wp-content\/uploads\/2022\/03\/shutterstock_529109200-1-min.jpg","type":"image\/jpeg"}],"twitter_card":"summary_large_image","twitter_misc":{"Gesch\u00e4tzte Lesezeit":"1\u00a0Minute"},"schema":{"@context":"https:\/\/schema.org","@graph":[{"@type":"WebPage","@id":"https:\/\/www.heartfailurematters.org\/de\/das-koennen-ihr-arzt-oder-pflegepersonal-tun\/eisenergaenzung-bei-herzinsuffizienz\/","url":"https:\/\/www.heartfailurematters.org\/de\/das-koennen-ihr-arzt-oder-pflegepersonal-tun\/eisenergaenzung-bei-herzinsuffizienz\/","name":"Eisenerg\u00e4nzung bei Herzinsuffizienz","isPartOf":{"@id":"https:\/\/www.heartfailurematters.org\/de\/#website"},"primaryImageOfPage":{"@id":"https:\/\/www.heartfailurematters.org\/de\/das-koennen-ihr-arzt-oder-pflegepersonal-tun\/eisenergaenzung-bei-herzinsuffizienz\/#primaryimage"},"image":{"@id":"https:\/\/www.heartfailurematters.org\/de\/das-koennen-ihr-arzt-oder-pflegepersonal-tun\/eisenergaenzung-bei-herzinsuffizienz\/#primaryimage"},"thumbnailUrl":"https:\/\/www.heartfailurematters.org\/wp-content\/uploads\/2022\/03\/shutterstock_529109200-1-min.jpg","datePublished":"2021-04-19T09:32:01+00:00","dateModified":"2025-12-04T11:29:43+00:00","description":"Bei Patientinnen und Patienten mit Herzinsuffizienz und Eisenmangel (EM) ist die orale Eisenerg\u00e4nzung aufgrund der sehr schlechten Resorption unwirksam.","breadcrumb":{"@id":"https:\/\/www.heartfailurematters.org\/de\/das-koennen-ihr-arzt-oder-pflegepersonal-tun\/eisenergaenzung-bei-herzinsuffizienz\/#breadcrumb"},"inLanguage":"de","potentialAction":[{"@type":"ReadAction","target":["https:\/\/www.heartfailurematters.org\/de\/das-koennen-ihr-arzt-oder-pflegepersonal-tun\/eisenergaenzung-bei-herzinsuffizienz\/"]}]},{"@type":"ImageObject","inLanguage":"de","@id":"https:\/\/www.heartfailurematters.org\/de\/das-koennen-ihr-arzt-oder-pflegepersonal-tun\/eisenergaenzung-bei-herzinsuffizienz\/#primaryimage","url":"https:\/\/www.heartfailurematters.org\/wp-content\/uploads\/2022\/03\/shutterstock_529109200-1-min.jpg","contentUrl":"https:\/\/www.heartfailurematters.org\/wp-content\/uploads\/2022\/03\/shutterstock_529109200-1-min.jpg","width":900,"height":599},{"@type":"BreadcrumbList","@id":"https:\/\/www.heartfailurematters.org\/de\/das-koennen-ihr-arzt-oder-pflegepersonal-tun\/eisenergaenzung-bei-herzinsuffizienz\/#breadcrumb","itemListElement":[{"@type":"ListItem","position":1,"name":"Startseite","item":"https:\/\/www.heartfailurematters.org\/de\/"},{"@type":"ListItem","position":2,"name":"Das kann Ihr Arzt tun","item":"https:\/\/www.heartfailurematters.org\/de\/das-koennen-ihr-arzt-oder-pflegepersonal-tun\/"},{"@type":"ListItem","position":3,"name":"Eisenerg\u00e4nzung f\u00fcr Patientinnen und Patienten mit Herzinsuffizienz und Eisenmangel"}]},{"@type":"WebSite","@id":"https:\/\/www.heartfailurematters.org\/de\/#website","url":"https:\/\/www.heartfailurematters.org\/de\/","name":"Heart Failure Matters","description":"Practical information for patients, families and caregivers.","publisher":{"@id":"https:\/\/www.heartfailurematters.org\/de\/#organization"},"potentialAction":[{"@type":"SearchAction","target":{"@type":"EntryPoint","urlTemplate":"https:\/\/www.heartfailurematters.org\/de\/?s={search_term_string}"},"query-input":{"@type":"PropertyValueSpecification","valueRequired":true,"valueName":"search_term_string"}}],"inLanguage":"de"},{"@type":"Organization","@id":"https:\/\/www.heartfailurematters.org\/de\/#organization","name":"Heart Failure Matters","url":"https:\/\/www.heartfailurematters.org\/de\/","logo":{"@type":"ImageObject","inLanguage":"de","@id":"https:\/\/www.heartfailurematters.org\/de\/#\/schema\/logo\/image\/","url":"https:\/\/cdn-endpoint-hfm.azureedge.net\/heartfailurematters\/2024\/07\/hfm-logo1.jpg","contentUrl":"https:\/\/cdn-endpoint-hfm.azureedge.net\/heartfailurematters\/2024\/07\/hfm-logo1.jpg","width":1280,"height":720,"caption":"Heart Failure Matters"},"image":{"@id":"https:\/\/www.heartfailurematters.org\/de\/#\/schema\/logo\/image\/"},"sameAs":["https:\/\/www.facebook.com\/heartfailurematters"]}]}},"_links":{"self":[{"href":"https:\/\/www.heartfailurematters.org\/de\/wp-json\/wp\/v2\/pages\/8828","targetHints":{"allow":["GET"]}}],"collection":[{"href":"https:\/\/www.heartfailurematters.org\/de\/wp-json\/wp\/v2\/pages"}],"about":[{"href":"https:\/\/www.heartfailurematters.org\/de\/wp-json\/wp\/v2\/types\/page"}],"author":[{"embeddable":true,"href":"https:\/\/www.heartfailurematters.org\/de\/wp-json\/wp\/v2\/users\/1"}],"replies":[{"embeddable":true,"href":"https:\/\/www.heartfailurematters.org\/de\/wp-json\/wp\/v2\/comments?post=8828"}],"version-history":[{"count":3,"href":"https:\/\/www.heartfailurematters.org\/de\/wp-json\/wp\/v2\/pages\/8828\/revisions"}],"predecessor-version":[{"id":13648,"href":"https:\/\/www.heartfailurematters.org\/de\/wp-json\/wp\/v2\/pages\/8828\/revisions\/13648"}],"up":[{"embeddable":true,"href":"https:\/\/www.heartfailurematters.org\/de\/wp-json\/wp\/v2\/pages\/2680"}],"wp:featuredmedia":[{"embeddable":true,"href":"https:\/\/www.heartfailurematters.org\/de\/wp-json\/wp\/v2\/media\/10778"}],"wp:attachment":[{"href":"https:\/\/www.heartfailurematters.org\/de\/wp-json\/wp\/v2\/media?parent=8828"}],"wp:term":[{"taxonomy":"category","embeddable":true,"href":"https:\/\/www.heartfailurematters.org\/de\/wp-json\/wp\/v2\/categories?post=8828"},{"taxonomy":"post_tag","embeddable":true,"href":"https:\/\/www.heartfailurematters.org\/de\/wp-json\/wp\/v2\/tags?post=8828"}],"curies":[{"name":"wp","href":"https:\/\/api.w.org\/{rel}","templated":true}]}}