{"id":8820,"date":"2021-04-19T10:31:57","date_gmt":"2021-04-19T09:31:57","guid":{"rendered":"https:\/\/www.heartfailurematters.org\/zurueck-zu-ursachen-fuer-herzinsuffizienz-und-andere-haeufige-erkrankungen\/zentrale-schlafapnoe\/"},"modified":"2021-09-24T17:14:58","modified_gmt":"2021-09-24T16:14:58","slug":"zentrale-schlafapnoe","status":"publish","type":"page","link":"https:\/\/www.heartfailurematters.org\/de\/zurueck-zu-ursachen-fuer-herzinsuffizienz-und-andere-haeufige-erkrankungen\/zentrale-schlafapnoe\/","title":{"rendered":"Zentrale Schlafapnoe"},"content":{"rendered":"<p>Der Begriff Apnoe bedeutet, dass eine Person f\u00fcr einen kurzen Zeitraum aufh\u00f6rt zu atmen. Patienten mit Herzinsuffizienz leiden h\u00e4ufig unter Schlafst\u00f6rungen, die Apnoe und Episoden von paroxysmaler Dyspnoe einschlie\u00dfen k\u00f6nnen, welche sich typischerweise als pl\u00f6tzliche (anfallsartige) Atemnot im Liegen \u00e4u\u00dfern, was zum abrupten Erwachen f\u00fchren kann. Viele Patienten m\u00fcssen den Schlaf dann unterbrechen, setzen sich auf oder m\u00fcssen aufstehen. Anormale Atmungsmuster in der Nacht werden beobachtet (und als Schlaf-bezogene Atmungsst\u00f6rung bezeichnet). Die h\u00e4ufigsten Formen der Schlaf-bezogenen Atmungsst\u00f6rung sind zentrale Schlafapnoe, obstruktive Schlafapnoe oder ein gemischtes Muster aus diesen beiden. Eine sorgf\u00e4ltige \u00dcberpr\u00fcfung der Schlafanamnese ist f\u00fcr die Diagnosestellung wichtig. Dazu geh\u00f6rt auch die Frage an den Partner, wie der Patient mit Herzinsuffizienz schl\u00e4ft, einschlie\u00dflich einer detaillierten Beschreibung des Atmungsmusters. Insbesondere die Frage nach Atemstillst\u00e4nden im Zusammenhang mit Schnarchen ist eine wichtige Information.<\/p>\n<p><strong>Zentrale Schlafapnoe<\/strong> ist eine Schlafst\u00f6rung, bei der der Patient die Atmung w\u00e4hrend der Nacht stoppt (oder die Atmung sp\u00fcrbar abnimmt), in der Regel f\u00fcr 10 bis 30 Sekunden, entweder intermittierend oder in Zyklen. In einigen F\u00e4llen kann es einem rhythmischen, zu- und abnehmenden Muster von Atemphasen, einschlie\u00dflich Apnoe-Episoden (Atemstillstand), \u00e4hneln. Dies wird Cheyne-Stokes-Atmung genannt. Bei Herzinsuffizienz wird dieses Muster durch eine gest\u00f6rte Signalverarbeitung im Gehirn verursacht. Patienten mit Herzinsuffizienz haben m\u00f6glicherweise eine langsamere Durchblutung, die die F\u00e4higkeit beeintr\u00e4chtigen kann, schnell auf ver\u00e4nderte Spiegel der Blutgase (Sauerstoff und Kohlendioxid) zu reagieren. Dies f\u00fchrt dazu, dass das Gehirn weniger Signale zum Atmen an die Atemmuskulatur in Brust und Zwerchfell sendet oder gar nicht sendet. Dieses Muster der Schlaf-bezogenen Atmungsst\u00f6rung ist zu unterscheiden von der sogenannten <strong>obstruktiven Schlafapnoe<\/strong> (die ebenfalls bei Herzinsuffizienz auftreten kann). Diese ist oft mit Schnarchen verbunden und charakterisiert durch eine Unterbrechung der Atmung aufgrund der Behinderung des normalen Luftstroms in den oberen Atemwegen.<\/p>\n<p>Ein verringerter Sauerstoffgehalt im Blut aufgrund flacher Atmung oder langer Atempausen kann sch\u00e4dlich sein, da dies dazu f\u00fchren kann, dass Patienten nachts h\u00e4ufig aufwachen, was zu Einschlafschwierigkeiten, Schlaflosigkeit, und M\u00fcdigkeit tags\u00fcber f\u00fchrt. Dieses Sauerstoffdefizit stimuliert das sympathische Nervensystem, das Blutdruck und Herzfrequenz reguliert, und kann sich auf diese Weise negativ auf das Herz-Kreislauf-System auswirken.<\/p>\n<p>&nbsp;<\/p>\n<h3>Apnoe und Herzinsuffizienz<\/h3>\n<p>Patienten mit Herzinsuffizienz und zentraler Schlafapnoe berichten typischerweise von abruptem Erwachen, begleitet von Atemnot, Schlafst\u00f6rungen, Konzentrationsschwierigkeiten, morgendlichen Kopfschmerzen und \u00fcberm\u00e4\u00dfiger Schl\u00e4frigkeit am Tag. Dies kann dazu f\u00fchren, dass ein Patient w\u00e4hrend der Arbeit oder sogar w\u00e4hrend der normalen t\u00e4glichen Aktivit\u00e4t einschl\u00e4ft. Patienten berichten auch von Ersch\u00f6pfung und weiterer Beeintr\u00e4chtigung der Belastungstoleranz. Angstzust\u00e4nde oder Depressionen k\u00f6nnen die Symptome erschweren.<\/p>\n<p>Schnarchen ist ein h\u00e4ufiges Symptom Schlaf-bezogener Atmungsst\u00f6rungen, deutet aber h\u00e4ufiger auf ein gewisses Ma\u00df an oberer Atemwegsobstruktion (obstruktive Schlafapnoe) hin. Schnarchen und Schlaf-bezogene Atmungsst\u00f6rungen k\u00f6nnen jedoch auch bei Patienten ohne Atembehinderung (zentrale Schlafapnoe) auftreten. De zentrale Schlafapnoe beeinflusst nicht nur die Lebensqualit\u00e4t, sondern ist auch mit einer schlechten Prognose mit h\u00e4ufigeren Krankenhausaufnahmen, einem h\u00f6heren Risiko f\u00fcr Herzrhythmusst\u00f6rungen und potenziell schwerwiegenden Komplikationen verbunden.<\/p>\n<p>Die Diagnose Schlaf-bezogener Atmungsst\u00f6rungen erfordert eine detaillierte Einsch\u00e4tzung der Schlafanamnese des Patienten. H\u00e4ufig sind auch Frageb\u00f6gen hilfreich. Eine n\u00e4chtliche Polysomnographie, bei der das Atmungsmuster sorgf\u00e4ltig \u00fcberwacht und analysiert wird, kann empfohlen werden. Die Best\u00e4tigung der endg\u00fcltigen Diagnose einer Schlafapnoe erfordert manchmal die Beurteilung durch einen Facharzt, der den Patienten in einem Schlaflabor mit modernen Ger\u00e4ten untersucht.<\/p>\n<p>Die Behandlung der zentralen Schlafapnoe bei Patienten mit Herzinsuffizienz ist nach wie vor umstritten. Die Optimierung der Herzinsuffizienztherapie ist unerl\u00e4sslich und erfolgt vorzugsweise durch ein Herzinsuffizienz-Team unter Einsatz geeigneter Medikamente und spezifischer Interventionen, wie z. B. Ger\u00e4te, wenn dies erforderlich ist. Bei einigen Patienten kann eine Psychotherapie empfohlen werden. Spezifische Therapieformen, die nachweislich die Ergebnisse verbessern, sind bislang jedoch nicht bekannt. In der Vergangenheit wurden Atemwegsmasken mit positivem Druck empfohlen, aber die j\u00fcngsten Erkenntnisse zeigten, dass sie f\u00fcr Patienten mit Herzinsuffizienz nicht n\u00fctzlich sind. Andere relativ einfache Alarmger\u00e4te, die Atemstillst\u00e4nde anzeigen, k\u00f6nnen sinnvoll sein. Bei Patienten mit schweren Symptomen kann eine Behandlung mit einer sogenannten Zwerchfellnervenstimulation mit einem Ger\u00e4t in Betracht kommen, das einem Herzschrittmacher \u00e4hnelt. Dieses Ger\u00e4t ist programmiert, das es die Atmung \u00fcberwachen und Atemstillst\u00e4nde und lange Atempausen wahrnehmen kann. Das Ger\u00e4t stimuliert dann das Zwerchfell, um eine ausreichende Bel\u00fcftung und Atmung wiederherzustellen.<\/p>\n<p>&nbsp;<\/p>\n<p><a href=\"https:\/\/www.heartfailurematters.org\/heart-failure-causes-and-other-common-medical-conditions\/other-common-medical-conditions-and-heart-failure\/\">Zur\u00fcck zu Andere h\u00e4ufige Erkrankungen und Herzinsuffizienz<\/a><\/p>\n","protected":false},"excerpt":{"rendered":"<p>Der Begriff Apnoe bedeutet, dass eine Person f\u00fcr einen kurzen Zeitraum aufh\u00f6rt zu atmen. Patienten mit Herzinsuffizienz leiden h\u00e4ufig unter Schlafst\u00f6rungen, die Apnoe und Episoden von paroxysmaler Dyspnoe einschlie\u00dfen k\u00f6nnen, welche sich typischerweise als pl\u00f6tzliche (anfallsartige) Atemnot im Liegen \u00e4u\u00dfern, was zum abrupten Erwachen f\u00fchren kann. Viele Patienten m\u00fcssen den Schlaf dann unterbrechen, setzen sich [&hellip;]<\/p>\n","protected":false},"author":1,"featured_media":10819,"parent":8049,"menu_order":20,"comment_status":"closed","ping_status":"closed","template":"","meta":{"_acf_changed":false,"footnotes":""},"categories":[],"tags":[],"class_list":["post-8820","page","type-page","status-publish","has-post-thumbnail","hentry"],"acf":[],"yoast_head":"<!-- This site is optimized with the Yoast SEO plugin v24.8.1 - https:\/\/yoast.com\/wordpress\/plugins\/seo\/ -->\n<title>Zentrale Schlafapnoe - Heart Failure Matters<\/title>\n<meta name=\"description\" content=\"Patienten mit Herzinsuffizienz und zentraler Schlafapnoe berichten typischerweise von pl\u00f6tzlichem Aufwachen, begleitet von Atemnot und Schlafst\u00f6rungen. Hier erfahren Sie mehr.\" \/>\n<meta name=\"robots\" content=\"index, follow, max-snippet:-1, max-image-preview:large, max-video-preview:-1\" \/>\n<link rel=\"canonical\" href=\"https:\/\/www.heartfailurematters.org\/de\/zurueck-zu-ursachen-fuer-herzinsuffizienz-und-andere-haeufige-erkrankungen\/zentrale-schlafapnoe\/\" \/>\n<meta property=\"og:locale\" content=\"de_DE\" \/>\n<meta property=\"og:type\" content=\"article\" \/>\n<meta property=\"og:title\" content=\"Zentrale Schlafapnoe - Heart Failure Matters\" \/>\n<meta property=\"og:description\" content=\"Patienten mit Herzinsuffizienz und zentraler Schlafapnoe berichten typischerweise von pl\u00f6tzlichem Aufwachen, begleitet von Atemnot und Schlafst\u00f6rungen. Hier erfahren Sie mehr.\" \/>\n<meta property=\"og:url\" content=\"https:\/\/www.heartfailurematters.org\/de\/zurueck-zu-ursachen-fuer-herzinsuffizienz-und-andere-haeufige-erkrankungen\/zentrale-schlafapnoe\/\" \/>\n<meta property=\"og:site_name\" content=\"Heart Failure Matters\" \/>\n<meta property=\"article:publisher\" content=\"https:\/\/www.facebook.com\/heartfailurematters\" \/>\n<meta property=\"article:modified_time\" content=\"2021-09-24T16:14:58+00:00\" \/>\n<meta property=\"og:image\" content=\"https:\/\/www.heartfailurematters.org\/wp-content\/uploads\/2022\/03\/shutterstock_388567126-1-min.jpg\" \/>\n\t<meta property=\"og:image:width\" content=\"900\" \/>\n\t<meta property=\"og:image:height\" content=\"600\" \/>\n\t<meta property=\"og:image:type\" content=\"image\/jpeg\" \/>\n<meta name=\"twitter:card\" content=\"summary_large_image\" \/>\n<meta name=\"twitter:label1\" content=\"Gesch\u00e4tzte Lesezeit\" \/>\n\t<meta name=\"twitter:data1\" content=\"4\u00a0Minuten\" \/>\n<script type=\"application\/ld+json\" class=\"yoast-schema-graph\">{\"@context\":\"https:\/\/schema.org\",\"@graph\":[{\"@type\":\"WebPage\",\"@id\":\"https:\/\/www.heartfailurematters.org\/de\/zurueck-zu-ursachen-fuer-herzinsuffizienz-und-andere-haeufige-erkrankungen\/zentrale-schlafapnoe\/\",\"url\":\"https:\/\/www.heartfailurematters.org\/de\/zurueck-zu-ursachen-fuer-herzinsuffizienz-und-andere-haeufige-erkrankungen\/zentrale-schlafapnoe\/\",\"name\":\"Zentrale Schlafapnoe - Heart Failure Matters\",\"isPartOf\":{\"@id\":\"https:\/\/www.heartfailurematters.org\/de\/#website\"},\"primaryImageOfPage\":{\"@id\":\"https:\/\/www.heartfailurematters.org\/de\/zurueck-zu-ursachen-fuer-herzinsuffizienz-und-andere-haeufige-erkrankungen\/zentrale-schlafapnoe\/#primaryimage\"},\"image\":{\"@id\":\"https:\/\/www.heartfailurematters.org\/de\/zurueck-zu-ursachen-fuer-herzinsuffizienz-und-andere-haeufige-erkrankungen\/zentrale-schlafapnoe\/#primaryimage\"},\"thumbnailUrl\":\"https:\/\/www.heartfailurematters.org\/wp-content\/uploads\/2022\/03\/shutterstock_388567126-1-min.jpg\",\"datePublished\":\"2021-04-19T09:31:57+00:00\",\"dateModified\":\"2021-09-24T16:14:58+00:00\",\"description\":\"Patienten mit Herzinsuffizienz und zentraler Schlafapnoe berichten typischerweise von pl\u00f6tzlichem Aufwachen, begleitet von Atemnot und Schlafst\u00f6rungen. Hier erfahren Sie mehr.\",\"breadcrumb\":{\"@id\":\"https:\/\/www.heartfailurematters.org\/de\/zurueck-zu-ursachen-fuer-herzinsuffizienz-und-andere-haeufige-erkrankungen\/zentrale-schlafapnoe\/#breadcrumb\"},\"inLanguage\":\"de\",\"potentialAction\":[{\"@type\":\"ReadAction\",\"target\":[\"https:\/\/www.heartfailurematters.org\/de\/zurueck-zu-ursachen-fuer-herzinsuffizienz-und-andere-haeufige-erkrankungen\/zentrale-schlafapnoe\/\"]}]},{\"@type\":\"ImageObject\",\"inLanguage\":\"de\",\"@id\":\"https:\/\/www.heartfailurematters.org\/de\/zurueck-zu-ursachen-fuer-herzinsuffizienz-und-andere-haeufige-erkrankungen\/zentrale-schlafapnoe\/#primaryimage\",\"url\":\"https:\/\/www.heartfailurematters.org\/wp-content\/uploads\/2022\/03\/shutterstock_388567126-1-min.jpg\",\"contentUrl\":\"https:\/\/www.heartfailurematters.org\/wp-content\/uploads\/2022\/03\/shutterstock_388567126-1-min.jpg\",\"width\":900,\"height\":600},{\"@type\":\"BreadcrumbList\",\"@id\":\"https:\/\/www.heartfailurematters.org\/de\/zurueck-zu-ursachen-fuer-herzinsuffizienz-und-andere-haeufige-erkrankungen\/zentrale-schlafapnoe\/#breadcrumb\",\"itemListElement\":[{\"@type\":\"ListItem\",\"position\":1,\"name\":\"Startseite\",\"item\":\"https:\/\/www.heartfailurematters.org\/de\/\"},{\"@type\":\"ListItem\",\"position\":2,\"name\":\"Ursachen f\u00fcr Herzinsuffizienz und andere h\u00e4ufige Erkrankungen\",\"item\":\"https:\/\/www.heartfailurematters.org\/de\/zurueck-zu-ursachen-fuer-herzinsuffizienz-und-andere-haeufige-erkrankungen\/\"},{\"@type\":\"ListItem\",\"position\":3,\"name\":\"Zentrale Schlafapnoe\"}]},{\"@type\":\"WebSite\",\"@id\":\"https:\/\/www.heartfailurematters.org\/de\/#website\",\"url\":\"https:\/\/www.heartfailurematters.org\/de\/\",\"name\":\"Heart Failure Matters\",\"description\":\"Practical information for patients, families and caregivers.\",\"publisher\":{\"@id\":\"https:\/\/www.heartfailurematters.org\/de\/#organization\"},\"potentialAction\":[{\"@type\":\"SearchAction\",\"target\":{\"@type\":\"EntryPoint\",\"urlTemplate\":\"https:\/\/www.heartfailurematters.org\/de\/?s={search_term_string}\"},\"query-input\":{\"@type\":\"PropertyValueSpecification\",\"valueRequired\":true,\"valueName\":\"search_term_string\"}}],\"inLanguage\":\"de\"},{\"@type\":\"Organization\",\"@id\":\"https:\/\/www.heartfailurematters.org\/de\/#organization\",\"name\":\"Heart Failure Matters\",\"url\":\"https:\/\/www.heartfailurematters.org\/de\/\",\"logo\":{\"@type\":\"ImageObject\",\"inLanguage\":\"de\",\"@id\":\"https:\/\/www.heartfailurematters.org\/de\/#\/schema\/logo\/image\/\",\"url\":\"https:\/\/cdn-endpoint-hfm.azureedge.net\/heartfailurematters\/2024\/07\/hfm-logo1.jpg\",\"contentUrl\":\"https:\/\/cdn-endpoint-hfm.azureedge.net\/heartfailurematters\/2024\/07\/hfm-logo1.jpg\",\"width\":1280,\"height\":720,\"caption\":\"Heart Failure Matters\"},\"image\":{\"@id\":\"https:\/\/www.heartfailurematters.org\/de\/#\/schema\/logo\/image\/\"},\"sameAs\":[\"https:\/\/www.facebook.com\/heartfailurematters\"]}]}<\/script>\n<!-- \/ Yoast SEO plugin. -->","yoast_head_json":{"title":"Zentrale Schlafapnoe - Heart Failure Matters","description":"Patienten mit Herzinsuffizienz und zentraler Schlafapnoe berichten typischerweise von pl\u00f6tzlichem Aufwachen, begleitet von Atemnot und Schlafst\u00f6rungen. Hier erfahren Sie mehr.","robots":{"index":"index","follow":"follow","max-snippet":"max-snippet:-1","max-image-preview":"max-image-preview:large","max-video-preview":"max-video-preview:-1"},"canonical":"https:\/\/www.heartfailurematters.org\/de\/zurueck-zu-ursachen-fuer-herzinsuffizienz-und-andere-haeufige-erkrankungen\/zentrale-schlafapnoe\/","og_locale":"de_DE","og_type":"article","og_title":"Zentrale Schlafapnoe - Heart Failure Matters","og_description":"Patienten mit Herzinsuffizienz und zentraler Schlafapnoe berichten typischerweise von pl\u00f6tzlichem Aufwachen, begleitet von Atemnot und Schlafst\u00f6rungen. Hier erfahren Sie mehr.","og_url":"https:\/\/www.heartfailurematters.org\/de\/zurueck-zu-ursachen-fuer-herzinsuffizienz-und-andere-haeufige-erkrankungen\/zentrale-schlafapnoe\/","og_site_name":"Heart Failure Matters","article_publisher":"https:\/\/www.facebook.com\/heartfailurematters","article_modified_time":"2021-09-24T16:14:58+00:00","og_image":[{"width":900,"height":600,"url":"https:\/\/www.heartfailurematters.org\/wp-content\/uploads\/2022\/03\/shutterstock_388567126-1-min.jpg","type":"image\/jpeg"}],"twitter_card":"summary_large_image","twitter_misc":{"Gesch\u00e4tzte Lesezeit":"4\u00a0Minuten"},"schema":{"@context":"https:\/\/schema.org","@graph":[{"@type":"WebPage","@id":"https:\/\/www.heartfailurematters.org\/de\/zurueck-zu-ursachen-fuer-herzinsuffizienz-und-andere-haeufige-erkrankungen\/zentrale-schlafapnoe\/","url":"https:\/\/www.heartfailurematters.org\/de\/zurueck-zu-ursachen-fuer-herzinsuffizienz-und-andere-haeufige-erkrankungen\/zentrale-schlafapnoe\/","name":"Zentrale Schlafapnoe - Heart Failure Matters","isPartOf":{"@id":"https:\/\/www.heartfailurematters.org\/de\/#website"},"primaryImageOfPage":{"@id":"https:\/\/www.heartfailurematters.org\/de\/zurueck-zu-ursachen-fuer-herzinsuffizienz-und-andere-haeufige-erkrankungen\/zentrale-schlafapnoe\/#primaryimage"},"image":{"@id":"https:\/\/www.heartfailurematters.org\/de\/zurueck-zu-ursachen-fuer-herzinsuffizienz-und-andere-haeufige-erkrankungen\/zentrale-schlafapnoe\/#primaryimage"},"thumbnailUrl":"https:\/\/www.heartfailurematters.org\/wp-content\/uploads\/2022\/03\/shutterstock_388567126-1-min.jpg","datePublished":"2021-04-19T09:31:57+00:00","dateModified":"2021-09-24T16:14:58+00:00","description":"Patienten mit Herzinsuffizienz und zentraler Schlafapnoe berichten typischerweise von pl\u00f6tzlichem Aufwachen, begleitet von Atemnot und Schlafst\u00f6rungen. Hier erfahren Sie mehr.","breadcrumb":{"@id":"https:\/\/www.heartfailurematters.org\/de\/zurueck-zu-ursachen-fuer-herzinsuffizienz-und-andere-haeufige-erkrankungen\/zentrale-schlafapnoe\/#breadcrumb"},"inLanguage":"de","potentialAction":[{"@type":"ReadAction","target":["https:\/\/www.heartfailurematters.org\/de\/zurueck-zu-ursachen-fuer-herzinsuffizienz-und-andere-haeufige-erkrankungen\/zentrale-schlafapnoe\/"]}]},{"@type":"ImageObject","inLanguage":"de","@id":"https:\/\/www.heartfailurematters.org\/de\/zurueck-zu-ursachen-fuer-herzinsuffizienz-und-andere-haeufige-erkrankungen\/zentrale-schlafapnoe\/#primaryimage","url":"https:\/\/www.heartfailurematters.org\/wp-content\/uploads\/2022\/03\/shutterstock_388567126-1-min.jpg","contentUrl":"https:\/\/www.heartfailurematters.org\/wp-content\/uploads\/2022\/03\/shutterstock_388567126-1-min.jpg","width":900,"height":600},{"@type":"BreadcrumbList","@id":"https:\/\/www.heartfailurematters.org\/de\/zurueck-zu-ursachen-fuer-herzinsuffizienz-und-andere-haeufige-erkrankungen\/zentrale-schlafapnoe\/#breadcrumb","itemListElement":[{"@type":"ListItem","position":1,"name":"Startseite","item":"https:\/\/www.heartfailurematters.org\/de\/"},{"@type":"ListItem","position":2,"name":"Ursachen f\u00fcr Herzinsuffizienz und andere h\u00e4ufige Erkrankungen","item":"https:\/\/www.heartfailurematters.org\/de\/zurueck-zu-ursachen-fuer-herzinsuffizienz-und-andere-haeufige-erkrankungen\/"},{"@type":"ListItem","position":3,"name":"Zentrale Schlafapnoe"}]},{"@type":"WebSite","@id":"https:\/\/www.heartfailurematters.org\/de\/#website","url":"https:\/\/www.heartfailurematters.org\/de\/","name":"Heart Failure Matters","description":"Practical information for patients, families and caregivers.","publisher":{"@id":"https:\/\/www.heartfailurematters.org\/de\/#organization"},"potentialAction":[{"@type":"SearchAction","target":{"@type":"EntryPoint","urlTemplate":"https:\/\/www.heartfailurematters.org\/de\/?s={search_term_string}"},"query-input":{"@type":"PropertyValueSpecification","valueRequired":true,"valueName":"search_term_string"}}],"inLanguage":"de"},{"@type":"Organization","@id":"https:\/\/www.heartfailurematters.org\/de\/#organization","name":"Heart Failure Matters","url":"https:\/\/www.heartfailurematters.org\/de\/","logo":{"@type":"ImageObject","inLanguage":"de","@id":"https:\/\/www.heartfailurematters.org\/de\/#\/schema\/logo\/image\/","url":"https:\/\/cdn-endpoint-hfm.azureedge.net\/heartfailurematters\/2024\/07\/hfm-logo1.jpg","contentUrl":"https:\/\/cdn-endpoint-hfm.azureedge.net\/heartfailurematters\/2024\/07\/hfm-logo1.jpg","width":1280,"height":720,"caption":"Heart Failure Matters"},"image":{"@id":"https:\/\/www.heartfailurematters.org\/de\/#\/schema\/logo\/image\/"},"sameAs":["https:\/\/www.facebook.com\/heartfailurematters"]}]}},"_links":{"self":[{"href":"https:\/\/www.heartfailurematters.org\/de\/wp-json\/wp\/v2\/pages\/8820","targetHints":{"allow":["GET"]}}],"collection":[{"href":"https:\/\/www.heartfailurematters.org\/de\/wp-json\/wp\/v2\/pages"}],"about":[{"href":"https:\/\/www.heartfailurematters.org\/de\/wp-json\/wp\/v2\/types\/page"}],"author":[{"embeddable":true,"href":"https:\/\/www.heartfailurematters.org\/de\/wp-json\/wp\/v2\/users\/1"}],"replies":[{"embeddable":true,"href":"https:\/\/www.heartfailurematters.org\/de\/wp-json\/wp\/v2\/comments?post=8820"}],"version-history":[{"count":1,"href":"https:\/\/www.heartfailurematters.org\/de\/wp-json\/wp\/v2\/pages\/8820\/revisions"}],"predecessor-version":[{"id":9371,"href":"https:\/\/www.heartfailurematters.org\/de\/wp-json\/wp\/v2\/pages\/8820\/revisions\/9371"}],"up":[{"embeddable":true,"href":"https:\/\/www.heartfailurematters.org\/de\/wp-json\/wp\/v2\/pages\/8049"}],"wp:featuredmedia":[{"embeddable":true,"href":"https:\/\/www.heartfailurematters.org\/de\/wp-json\/wp\/v2\/media\/10819"}],"wp:attachment":[{"href":"https:\/\/www.heartfailurematters.org\/de\/wp-json\/wp\/v2\/media?parent=8820"}],"wp:term":[{"taxonomy":"category","embeddable":true,"href":"https:\/\/www.heartfailurematters.org\/de\/wp-json\/wp\/v2\/categories?post=8820"},{"taxonomy":"post_tag","embeddable":true,"href":"https:\/\/www.heartfailurematters.org\/de\/wp-json\/wp\/v2\/tags?post=8820"}],"curies":[{"name":"wp","href":"https:\/\/api.w.org\/{rel}","templated":true}]}}