{"id":8802,"date":"2021-04-19T10:31:51","date_gmt":"2021-04-19T09:31:51","guid":{"rendered":"https:\/\/www.heartfailurematters.org\/zurueck-zu-ursachen-fuer-herzinsuffizienz-und-andere-haeufige-erkrankungen\/eisenmangel\/"},"modified":"2025-12-04T11:29:47","modified_gmt":"2025-12-04T11:29:47","slug":"eisenmangel","status":"publish","type":"page","link":"https:\/\/www.heartfailurematters.org\/de\/zurueck-zu-ursachen-fuer-herzinsuffizienz-und-andere-haeufige-erkrankungen\/eisenmangel\/","title":{"rendered":"Eisenmangel"},"content":{"rendered":"<p>Eisenmangel ist der weltweit am h\u00e4ufigsten vorkommende N\u00e4hrstoffmangel. Er ist bei Patientinnen und Patienten mit Herzinsuffizienz, unabh\u00e4ngig von der Ursache, sehr h\u00e4ufig. Er ist auch oft bei Patientinnen und Patienten ohne An\u00e4mie zu finden. Eisenmangel tritt besonders h\u00e4ufig bei Patientinnen und Patienten mit Herzinsuffizienz auf, die \u00e4lter und gebrechlich sind und h\u00e4ufig mehrere andere schwerwiegende Erkrankungen wie chronische Nierenerkrankungen, Diabetes oder chronische Lungenerkrankungen haben.<\/p>\n<p>Eisen ist f\u00fcr die meisten Menschen ein N\u00e4hrstoff, der f\u00fcr eine optimale Bildung roter Blutk\u00f6rperchen (sog. Erythropoese) dringend notwendig ist. Eisen ist ein wesentlicher Bestandteil des H\u00e4moglobinmolek\u00fcls, das Sauerstoff im Blut transportiert. Daher wird Eisenmangel traditionell mit An\u00e4mie, also einer niedrigen H\u00e4moglobinkonzentration, in Verbindung gebracht. An\u00e4mie kann viele Ursachen haben, aber am h\u00e4ufigsten ist An\u00e4mie auf eine verringerte Produktion roter Blutk\u00f6rperchen durch das Knochenmark oder einen chronischen Blutverlust, meist aus dem Darm, zur\u00fcckzuf\u00fchren. Chronischer Eisenmangel kann schlie\u00dflich auch zu Eisenmangelan\u00e4mie f\u00fchren. Tats\u00e4chlich kommt bei Patientinnen und Patienten mit Herzinsuffizienz ein Eisenmangel ungef\u00e4hr dreimal h\u00e4ufiger vor als eine An\u00e4mie.<\/p>\n<p>Es ist wichtig, den Eisenmangel durch Screening mit einem routinem\u00e4\u00dfigen Bluttest nachzuweisen. Die Behandlung wird unabh\u00e4ngig vom Vorhandensein oder Nichtvorhandensein einer An\u00e4mie empfohlen. Eisenmangel selbst erzeugt zahlreiche Folgeprobleme bei Patienten mit Herzinsuffizienz. Eisen ist nicht nur ein Element des H\u00e4moglobins, sondern ist in allen Zellen im K\u00f6rper als Teil der Mitochondrien vorhanden \u2013 das sind zellul\u00e4re Strukturen, die f\u00fcr die Energieerzeugung verantwortlich sind. Daher verwundert es nicht, dass Eisen besonders f\u00fcr Gewebe mit hohem Energiebedarf wie Herz und Muskeln ben\u00f6tigt wird. Die Symptome und Folgen eines Eisenmangels bei Patientinnen und Patienten mit Herzinsuffizienz h\u00e4ngen mit der Funktionsst\u00f6rung der Muskeln im K\u00f6rper und im Herz selbst zusammen.<\/p>\n<p>Die genaue Ursache des Eisenmangels bei Patientinnen und Patienten mit Herzinsuffizienz ist nicht vollst\u00e4ndig bekannt. Im Allgemeinen wird Eisenmangel mit einer unzureichenden Eisenzufuhr \u00fcber die Nahrung, erh\u00f6htem Eisenverlust und einer gest\u00f6rten Eisenverteilung in andere K\u00f6rperbereiche in Verbindung gebracht, in denen es dann nicht f\u00fcr den Einsatz im K\u00f6rperstoffwechsel (zellul\u00e4re Prozesse) zur Verf\u00fcgung steht. Eisenmangel kann auch auf eine schlechte Absorption von Eisen durch den Darm und die Verwendung bestimmter Medikamente zur\u00fcckzuf\u00fchren sein. H\u00e4ufig sind dies Pr\u00e4parate, wie sie \u00fcblicherweise f\u00fcr Verdauungsst\u00f6rungen und Reflux verwendet werden. Bestimmte Lebensmittel, die \u201ePhytate\u201c enthalten, wie zum Beispiel Getreide und Bohnen, k\u00f6nnen die Eisenaufnahme verringern. Eisenverlust kann aufgrund von Menstruationsblutverlust oder einigen h\u00e4ufigen Erkrankungen des Gastrointestinaltrakts auftreten, z. B. Magengeschw\u00fcr oder Kolitis.<\/p>\n<p>Eisenmangel kann bei Patientinnen und Patienten mit Herzinsuffizienz zur Verschlechterung typischer Symptome wie Atemnot, M\u00fcdigkeit, eingeschr\u00e4nkter k\u00f6rperlicher Belastbarkeit und schlechter Lebensqualit\u00e4t f\u00fchren. Eisenmangel erh\u00f6ht auch das Risiko eines Krankenhausaufenthalts aufgrund von Herzinsuffizienz und kann dar\u00fcber hinaus zu anderen schweren Komplikationen f\u00fchren.<\/p>\n<p>Aufgrund potenzieller sch\u00e4dlicher Auswirkungen von Eisenmangel bei Patientinnen und Patienten mit Herzinsuffizienz wird empfohlen, Patientinnen und Patienten mit Herzinsuffizienz routinem\u00e4\u00dfig auf das Vorhandensein von Eisenmangel zu untersuchen. Zur Untersuchung auf Eisenmangel wird nicht der Eisen-Wert selbst gemessen, sondern vielmehr die Tr\u00e4gerstoffe des Eisen im Blut: Serum-Ferritin und Transferrins\u00e4ttigung (TSAT. Damit wird das Vorhandensein eines behandlungsbed\u00fcrftigen Eisenmangels unabh\u00e4ngig vom H\u00e4moglobinspiegel festgestellt. Die folgende Definition von Eisenmangel ist f\u00fcr die Anwendung bei Patientinnen und Patienten mit Herzinsuffizienz empfohlen: Serumferritin &lt;100 \u03bcg\/l oder Serumferritin zwischen 100 und 299 \u03bcg\/l und TSAT &lt;20&nbsp;%. Es ist die Durchf\u00fchrung beider Tests notwendig, da weder Serumferritin noch TSAT alleine f\u00fcr die Beurteilung des Eisenstatus bei Patienten mit Herzinsuffizienz ausreichend sind. <a href=\"https:\/\/www.heartfailurematters.org\/what-your-doctor-can-do\/iron-therapy-in-patients-with-heart-failure-and-iron-deficiency\/\">Patientinnen und Patienten sollten Fragen zu ihrem Eisenstatus mit ihrer \u00c4rztin\/Ihrem Arzt oder Pflegepersonal besprechen.<\/a><\/p>\n<p><a href=\"https:\/\/www.heartfailurematters.org\/heart-failure-causes-and-other-common-medical-conditions\/other-common-medical-conditions-and-heart-failure\/\">Zur\u00fcck zu Andere h\u00e4ufige Erkrankungen und Herzinsuffizienz<\/a><\/p>\n","protected":false},"excerpt":{"rendered":"<p>Eisenmangel ist der weltweit am h\u00e4ufigsten vorkommende N\u00e4hrstoffmangel. Er ist bei Patientinnen und Patienten mit Herzinsuffizienz, unabh\u00e4ngig von der Ursache, sehr h\u00e4ufig. Er ist auch oft bei Patientinnen und Patienten ohne An\u00e4mie zu finden. Eisenmangel tritt besonders h\u00e4ufig bei Patientinnen und Patienten mit Herzinsuffizienz auf, die \u00e4lter und gebrechlich sind und h\u00e4ufig mehrere andere schwerwiegende [&hellip;]<\/p>\n","protected":false},"author":1,"featured_media":10627,"parent":8049,"menu_order":14,"comment_status":"closed","ping_status":"closed","template":"","meta":{"_acf_changed":false,"footnotes":""},"categories":[],"tags":[],"class_list":["post-8802","page","type-page","status-publish","has-post-thumbnail","hentry"],"acf":[],"yoast_head":"<!-- This site is optimized with the Yoast SEO plugin v24.8.1 - https:\/\/yoast.com\/wordpress\/plugins\/seo\/ -->\n<title>Eisenmangel - Heart Failure Matters<\/title>\n<meta name=\"description\" content=\"Bei Patientinnen und Patienten mit Herzinsuffizienz kann Eisenmangel zu einer Verschlechterung typischer Symptome wie Atemnot, M\u00fcdigkeit und schlechter Lebensqualit\u00e4t f\u00fchren.\" \/>\n<meta name=\"robots\" content=\"index, follow, max-snippet:-1, max-image-preview:large, max-video-preview:-1\" \/>\n<link rel=\"canonical\" href=\"https:\/\/www.heartfailurematters.org\/de\/zurueck-zu-ursachen-fuer-herzinsuffizienz-und-andere-haeufige-erkrankungen\/eisenmangel\/\" \/>\n<meta property=\"og:locale\" content=\"de_DE\" \/>\n<meta property=\"og:type\" content=\"article\" \/>\n<meta property=\"og:title\" content=\"Eisenmangel - Heart Failure Matters\" \/>\n<meta property=\"og:description\" content=\"Bei Patientinnen und Patienten mit Herzinsuffizienz kann Eisenmangel zu einer Verschlechterung typischer Symptome wie Atemnot, M\u00fcdigkeit und schlechter Lebensqualit\u00e4t f\u00fchren.\" \/>\n<meta property=\"og:url\" content=\"https:\/\/www.heartfailurematters.org\/de\/zurueck-zu-ursachen-fuer-herzinsuffizienz-und-andere-haeufige-erkrankungen\/eisenmangel\/\" \/>\n<meta property=\"og:site_name\" content=\"Heart Failure Matters\" \/>\n<meta property=\"article:publisher\" content=\"https:\/\/www.facebook.com\/heartfailurematters\" \/>\n<meta property=\"article:modified_time\" content=\"2025-12-04T11:29:47+00:00\" \/>\n<meta property=\"og:image\" content=\"https:\/\/www.heartfailurematters.org\/wp-content\/uploads\/2022\/02\/shutterstock_1114244621-1-min.jpg\" \/>\n\t<meta property=\"og:image:width\" content=\"900\" \/>\n\t<meta property=\"og:image:height\" content=\"596\" \/>\n\t<meta property=\"og:image:type\" content=\"image\/jpeg\" \/>\n<meta name=\"twitter:card\" content=\"summary_large_image\" \/>\n<meta name=\"twitter:label1\" content=\"Gesch\u00e4tzte Lesezeit\" \/>\n\t<meta name=\"twitter:data1\" content=\"3\u00a0Minuten\" \/>\n<script type=\"application\/ld+json\" class=\"yoast-schema-graph\">{\"@context\":\"https:\/\/schema.org\",\"@graph\":[{\"@type\":\"WebPage\",\"@id\":\"https:\/\/www.heartfailurematters.org\/de\/zurueck-zu-ursachen-fuer-herzinsuffizienz-und-andere-haeufige-erkrankungen\/eisenmangel\/\",\"url\":\"https:\/\/www.heartfailurematters.org\/de\/zurueck-zu-ursachen-fuer-herzinsuffizienz-und-andere-haeufige-erkrankungen\/eisenmangel\/\",\"name\":\"Eisenmangel - Heart Failure Matters\",\"isPartOf\":{\"@id\":\"https:\/\/www.heartfailurematters.org\/de\/#website\"},\"primaryImageOfPage\":{\"@id\":\"https:\/\/www.heartfailurematters.org\/de\/zurueck-zu-ursachen-fuer-herzinsuffizienz-und-andere-haeufige-erkrankungen\/eisenmangel\/#primaryimage\"},\"image\":{\"@id\":\"https:\/\/www.heartfailurematters.org\/de\/zurueck-zu-ursachen-fuer-herzinsuffizienz-und-andere-haeufige-erkrankungen\/eisenmangel\/#primaryimage\"},\"thumbnailUrl\":\"https:\/\/www.heartfailurematters.org\/wp-content\/uploads\/2022\/02\/shutterstock_1114244621-1-min.jpg\",\"datePublished\":\"2021-04-19T09:31:51+00:00\",\"dateModified\":\"2025-12-04T11:29:47+00:00\",\"description\":\"Bei Patientinnen und Patienten mit Herzinsuffizienz kann Eisenmangel zu einer Verschlechterung typischer Symptome wie Atemnot, M\u00fcdigkeit und schlechter Lebensqualit\u00e4t f\u00fchren.\",\"breadcrumb\":{\"@id\":\"https:\/\/www.heartfailurematters.org\/de\/zurueck-zu-ursachen-fuer-herzinsuffizienz-und-andere-haeufige-erkrankungen\/eisenmangel\/#breadcrumb\"},\"inLanguage\":\"de\",\"potentialAction\":[{\"@type\":\"ReadAction\",\"target\":[\"https:\/\/www.heartfailurematters.org\/de\/zurueck-zu-ursachen-fuer-herzinsuffizienz-und-andere-haeufige-erkrankungen\/eisenmangel\/\"]}]},{\"@type\":\"ImageObject\",\"inLanguage\":\"de\",\"@id\":\"https:\/\/www.heartfailurematters.org\/de\/zurueck-zu-ursachen-fuer-herzinsuffizienz-und-andere-haeufige-erkrankungen\/eisenmangel\/#primaryimage\",\"url\":\"https:\/\/www.heartfailurematters.org\/wp-content\/uploads\/2022\/02\/shutterstock_1114244621-1-min.jpg\",\"contentUrl\":\"https:\/\/www.heartfailurematters.org\/wp-content\/uploads\/2022\/02\/shutterstock_1114244621-1-min.jpg\",\"width\":900,\"height\":596},{\"@type\":\"BreadcrumbList\",\"@id\":\"https:\/\/www.heartfailurematters.org\/de\/zurueck-zu-ursachen-fuer-herzinsuffizienz-und-andere-haeufige-erkrankungen\/eisenmangel\/#breadcrumb\",\"itemListElement\":[{\"@type\":\"ListItem\",\"position\":1,\"name\":\"Startseite\",\"item\":\"https:\/\/www.heartfailurematters.org\/de\/\"},{\"@type\":\"ListItem\",\"position\":2,\"name\":\"Ursachen f\u00fcr Herzinsuffizienz und andere h\u00e4ufige Erkrankungen\",\"item\":\"https:\/\/www.heartfailurematters.org\/de\/zurueck-zu-ursachen-fuer-herzinsuffizienz-und-andere-haeufige-erkrankungen\/\"},{\"@type\":\"ListItem\",\"position\":3,\"name\":\"Eisenmangel\"}]},{\"@type\":\"WebSite\",\"@id\":\"https:\/\/www.heartfailurematters.org\/de\/#website\",\"url\":\"https:\/\/www.heartfailurematters.org\/de\/\",\"name\":\"Heart Failure Matters\",\"description\":\"Practical information for patients, families and caregivers.\",\"publisher\":{\"@id\":\"https:\/\/www.heartfailurematters.org\/de\/#organization\"},\"potentialAction\":[{\"@type\":\"SearchAction\",\"target\":{\"@type\":\"EntryPoint\",\"urlTemplate\":\"https:\/\/www.heartfailurematters.org\/de\/?s={search_term_string}\"},\"query-input\":{\"@type\":\"PropertyValueSpecification\",\"valueRequired\":true,\"valueName\":\"search_term_string\"}}],\"inLanguage\":\"de\"},{\"@type\":\"Organization\",\"@id\":\"https:\/\/www.heartfailurematters.org\/de\/#organization\",\"name\":\"Heart Failure Matters\",\"url\":\"https:\/\/www.heartfailurematters.org\/de\/\",\"logo\":{\"@type\":\"ImageObject\",\"inLanguage\":\"de\",\"@id\":\"https:\/\/www.heartfailurematters.org\/de\/#\/schema\/logo\/image\/\",\"url\":\"https:\/\/cdn-endpoint-hfm.azureedge.net\/heartfailurematters\/2024\/07\/hfm-logo1.jpg\",\"contentUrl\":\"https:\/\/cdn-endpoint-hfm.azureedge.net\/heartfailurematters\/2024\/07\/hfm-logo1.jpg\",\"width\":1280,\"height\":720,\"caption\":\"Heart Failure Matters\"},\"image\":{\"@id\":\"https:\/\/www.heartfailurematters.org\/de\/#\/schema\/logo\/image\/\"},\"sameAs\":[\"https:\/\/www.facebook.com\/heartfailurematters\"]}]}<\/script>\n<!-- \/ Yoast SEO plugin. -->","yoast_head_json":{"title":"Eisenmangel - Heart Failure Matters","description":"Bei Patientinnen und Patienten mit Herzinsuffizienz kann Eisenmangel zu einer Verschlechterung typischer Symptome wie Atemnot, M\u00fcdigkeit und schlechter Lebensqualit\u00e4t f\u00fchren.","robots":{"index":"index","follow":"follow","max-snippet":"max-snippet:-1","max-image-preview":"max-image-preview:large","max-video-preview":"max-video-preview:-1"},"canonical":"https:\/\/www.heartfailurematters.org\/de\/zurueck-zu-ursachen-fuer-herzinsuffizienz-und-andere-haeufige-erkrankungen\/eisenmangel\/","og_locale":"de_DE","og_type":"article","og_title":"Eisenmangel - Heart Failure Matters","og_description":"Bei Patientinnen und Patienten mit Herzinsuffizienz kann Eisenmangel zu einer Verschlechterung typischer Symptome wie Atemnot, M\u00fcdigkeit und schlechter Lebensqualit\u00e4t f\u00fchren.","og_url":"https:\/\/www.heartfailurematters.org\/de\/zurueck-zu-ursachen-fuer-herzinsuffizienz-und-andere-haeufige-erkrankungen\/eisenmangel\/","og_site_name":"Heart Failure Matters","article_publisher":"https:\/\/www.facebook.com\/heartfailurematters","article_modified_time":"2025-12-04T11:29:47+00:00","og_image":[{"width":900,"height":596,"url":"https:\/\/www.heartfailurematters.org\/wp-content\/uploads\/2022\/02\/shutterstock_1114244621-1-min.jpg","type":"image\/jpeg"}],"twitter_card":"summary_large_image","twitter_misc":{"Gesch\u00e4tzte Lesezeit":"3\u00a0Minuten"},"schema":{"@context":"https:\/\/schema.org","@graph":[{"@type":"WebPage","@id":"https:\/\/www.heartfailurematters.org\/de\/zurueck-zu-ursachen-fuer-herzinsuffizienz-und-andere-haeufige-erkrankungen\/eisenmangel\/","url":"https:\/\/www.heartfailurematters.org\/de\/zurueck-zu-ursachen-fuer-herzinsuffizienz-und-andere-haeufige-erkrankungen\/eisenmangel\/","name":"Eisenmangel - Heart Failure Matters","isPartOf":{"@id":"https:\/\/www.heartfailurematters.org\/de\/#website"},"primaryImageOfPage":{"@id":"https:\/\/www.heartfailurematters.org\/de\/zurueck-zu-ursachen-fuer-herzinsuffizienz-und-andere-haeufige-erkrankungen\/eisenmangel\/#primaryimage"},"image":{"@id":"https:\/\/www.heartfailurematters.org\/de\/zurueck-zu-ursachen-fuer-herzinsuffizienz-und-andere-haeufige-erkrankungen\/eisenmangel\/#primaryimage"},"thumbnailUrl":"https:\/\/www.heartfailurematters.org\/wp-content\/uploads\/2022\/02\/shutterstock_1114244621-1-min.jpg","datePublished":"2021-04-19T09:31:51+00:00","dateModified":"2025-12-04T11:29:47+00:00","description":"Bei Patientinnen und Patienten mit Herzinsuffizienz kann Eisenmangel zu einer Verschlechterung typischer Symptome wie Atemnot, M\u00fcdigkeit und schlechter Lebensqualit\u00e4t f\u00fchren.","breadcrumb":{"@id":"https:\/\/www.heartfailurematters.org\/de\/zurueck-zu-ursachen-fuer-herzinsuffizienz-und-andere-haeufige-erkrankungen\/eisenmangel\/#breadcrumb"},"inLanguage":"de","potentialAction":[{"@type":"ReadAction","target":["https:\/\/www.heartfailurematters.org\/de\/zurueck-zu-ursachen-fuer-herzinsuffizienz-und-andere-haeufige-erkrankungen\/eisenmangel\/"]}]},{"@type":"ImageObject","inLanguage":"de","@id":"https:\/\/www.heartfailurematters.org\/de\/zurueck-zu-ursachen-fuer-herzinsuffizienz-und-andere-haeufige-erkrankungen\/eisenmangel\/#primaryimage","url":"https:\/\/www.heartfailurematters.org\/wp-content\/uploads\/2022\/02\/shutterstock_1114244621-1-min.jpg","contentUrl":"https:\/\/www.heartfailurematters.org\/wp-content\/uploads\/2022\/02\/shutterstock_1114244621-1-min.jpg","width":900,"height":596},{"@type":"BreadcrumbList","@id":"https:\/\/www.heartfailurematters.org\/de\/zurueck-zu-ursachen-fuer-herzinsuffizienz-und-andere-haeufige-erkrankungen\/eisenmangel\/#breadcrumb","itemListElement":[{"@type":"ListItem","position":1,"name":"Startseite","item":"https:\/\/www.heartfailurematters.org\/de\/"},{"@type":"ListItem","position":2,"name":"Ursachen f\u00fcr Herzinsuffizienz und andere h\u00e4ufige Erkrankungen","item":"https:\/\/www.heartfailurematters.org\/de\/zurueck-zu-ursachen-fuer-herzinsuffizienz-und-andere-haeufige-erkrankungen\/"},{"@type":"ListItem","position":3,"name":"Eisenmangel"}]},{"@type":"WebSite","@id":"https:\/\/www.heartfailurematters.org\/de\/#website","url":"https:\/\/www.heartfailurematters.org\/de\/","name":"Heart Failure Matters","description":"Practical information for patients, families and caregivers.","publisher":{"@id":"https:\/\/www.heartfailurematters.org\/de\/#organization"},"potentialAction":[{"@type":"SearchAction","target":{"@type":"EntryPoint","urlTemplate":"https:\/\/www.heartfailurematters.org\/de\/?s={search_term_string}"},"query-input":{"@type":"PropertyValueSpecification","valueRequired":true,"valueName":"search_term_string"}}],"inLanguage":"de"},{"@type":"Organization","@id":"https:\/\/www.heartfailurematters.org\/de\/#organization","name":"Heart Failure Matters","url":"https:\/\/www.heartfailurematters.org\/de\/","logo":{"@type":"ImageObject","inLanguage":"de","@id":"https:\/\/www.heartfailurematters.org\/de\/#\/schema\/logo\/image\/","url":"https:\/\/cdn-endpoint-hfm.azureedge.net\/heartfailurematters\/2024\/07\/hfm-logo1.jpg","contentUrl":"https:\/\/cdn-endpoint-hfm.azureedge.net\/heartfailurematters\/2024\/07\/hfm-logo1.jpg","width":1280,"height":720,"caption":"Heart Failure Matters"},"image":{"@id":"https:\/\/www.heartfailurematters.org\/de\/#\/schema\/logo\/image\/"},"sameAs":["https:\/\/www.facebook.com\/heartfailurematters"]}]}},"_links":{"self":[{"href":"https:\/\/www.heartfailurematters.org\/de\/wp-json\/wp\/v2\/pages\/8802","targetHints":{"allow":["GET"]}}],"collection":[{"href":"https:\/\/www.heartfailurematters.org\/de\/wp-json\/wp\/v2\/pages"}],"about":[{"href":"https:\/\/www.heartfailurematters.org\/de\/wp-json\/wp\/v2\/types\/page"}],"author":[{"embeddable":true,"href":"https:\/\/www.heartfailurematters.org\/de\/wp-json\/wp\/v2\/users\/1"}],"replies":[{"embeddable":true,"href":"https:\/\/www.heartfailurematters.org\/de\/wp-json\/wp\/v2\/comments?post=8802"}],"version-history":[{"count":3,"href":"https:\/\/www.heartfailurematters.org\/de\/wp-json\/wp\/v2\/pages\/8802\/revisions"}],"predecessor-version":[{"id":13655,"href":"https:\/\/www.heartfailurematters.org\/de\/wp-json\/wp\/v2\/pages\/8802\/revisions\/13655"}],"up":[{"embeddable":true,"href":"https:\/\/www.heartfailurematters.org\/de\/wp-json\/wp\/v2\/pages\/8049"}],"wp:featuredmedia":[{"embeddable":true,"href":"https:\/\/www.heartfailurematters.org\/de\/wp-json\/wp\/v2\/media\/10627"}],"wp:attachment":[{"href":"https:\/\/www.heartfailurematters.org\/de\/wp-json\/wp\/v2\/media?parent=8802"}],"wp:term":[{"taxonomy":"category","embeddable":true,"href":"https:\/\/www.heartfailurematters.org\/de\/wp-json\/wp\/v2\/categories?post=8802"},{"taxonomy":"post_tag","embeddable":true,"href":"https:\/\/www.heartfailurematters.org\/de\/wp-json\/wp\/v2\/tags?post=8802"}],"curies":[{"name":"wp","href":"https:\/\/api.w.org\/{rel}","templated":true}]}}