{"id":8133,"date":"2021-04-12T11:41:12","date_gmt":"2021-04-12T10:41:12","guid":{"rendered":"https:\/\/www.heartfailurematters.org\/was-kann-ihr-arzt-tun\/sglt2-natrium-glucose-cotransporter-2-inhibitoren\/"},"modified":"2025-12-04T11:29:41","modified_gmt":"2025-12-04T11:29:41","slug":"sglt2-natrium-glucose-cotransporter-2-inhibitoren","status":"publish","type":"page","link":"https:\/\/www.heartfailurematters.org\/de\/das-koennen-ihr-arzt-oder-pflegepersonal-tun\/sglt2-natrium-glucose-cotransporter-2-inhibitoren\/","title":{"rendered":"SGLT2 (Natrium-Glucose-Cotransporter 2)-Inhibitoren"},"content":{"rendered":"<p><strong>L\u00f6sliche Guanylatcyclase-Stimulatoren (sGCS)<\/strong> und -Aktivatoren reduzieren oxidativen Stress, indem sie den Stickstoffmonoxidspiegel in Herz und Blutgef\u00e4\u00dfen erh\u00f6hen. Diese neuartigen Medikamente f\u00fcr die Behandlung von Herzinsuffizienz sind noch nicht so weit verbreitet wie andere Medikamente. Vericiguat ist eines dieser sGCS-Medikamente und kann in Kombination mit der standardm\u00e4\u00dfigen medikament\u00f6sen Behandlung dazu beitragen, Krankenhausaufenthalte bei schwerer Herzinsuffizienz zu verhindern. Riociguat ist ein weiteres sGCS-Medikament, das speziell f\u00fcr die Behandlung von pulmonaler Hypertonie zugelassen ist (Lungenhochdruck, der sich auf die Blutgef\u00e4\u00dfe in der Lunge auswirkt).<\/p>\n<p>SGLT2-Hemmer verringern das Risiko auf Herztod und schwerwiegende Ereignisse und sind auch f\u00fcr Herzinsuffizienz-Patientinnen und -Patienten, die keinen Diabetes haben, sicher in der Anwendung.<\/p>\n<p>Natrium-Glucose-Cotransporter-2 (SGLT2)-Hemmer sind Medikamente zur Behandlung von Patientinnen und Patienten mit Diabetes mellitus Typ II. Neuere Studien haben gezeigt, dass diese Medikamente die Lebensdauer verl\u00e4ngern und Krankenhausaufenthalte im Zusammenhang mit Herzinsuffizienz reduzieren und \u00fcberdies die Nierenfunktion sch\u00fctzen. Diese positiven Effekte zeigten sich bei Patientinnen und Patienten mit oder ohne Diabetes mellitus.<\/p>\n<p><strong>Wirkungsweise:<\/strong> Bei Patientinnen und Patienten mit Herzinsuffizienz sind die Wirkungen von SGLT2-Inhibitoren im K\u00f6rper komplex. Sie bewirken eine Verbesserung des Herz- und Muskelstoffwechsels und der Nierenfunktion, haben eine milde diuretische Wirkung und k\u00f6nnen die Symptome einer Stauung bei Herzinsuffizienz reduzieren \u2013 unabh\u00e4ngig davon, ob Diabetes mellitus vorliegt.<\/p>\n<p>Bei Patientinnen und Patienten mit Diabetes mellitus blockieren SGLT2-Inhibitoren die Resorption des Blutzuckers (Glukose) in der Niere. Dementsprechend wird mehr Glukose aus dem K\u00f6rper entfernt und \u00fcber den Urin ausgeschieden. Infolgedessen sinkt durch SGLT2-Inhibitoren der Blutzuckerspiegel. Patientinnen und Patienten verlieren zumeist etwas Gewicht, w\u00e4hrend eine leichte Blutdrucksenkung eintritt.<\/p>\n<p>Welche Vorteile sind zu erwarten? SGLT2-Inhibitoren f\u00fchren bei Patientinnen und Patienten mit Herzinsuffizienz zu weniger Krankenhausaufenthalten, verl\u00e4ngern die Lebensdauer, verhindern Nierenprobleme und verbessern die k\u00f6rperliche Belastbarkeit und Lebensqualit\u00e4t. SGLT2-Inhibitoren senken den Blutzuckerspiegel bei Patientinnen und Patienten mit Diabetes mellitus, jedoch nicht bei Patientinnen und Patienten ohne Typ-II-Diabetes mellitus.<\/p>\n<p><strong>Nebenwirkungen:<\/strong> SGLT2-Inhibitoren werden von Patientinnen und Patienten mit Herzinsuffizienz im Allgemeinen gut vertragen. Die Nebenwirkungen gleichen denen einer Einnahme von Placebos. Bei Patientinnen und Patienten mit Typ-II-Diabetes mellitus sind die h\u00e4ufigsten Nebenwirkungen Pilzinfektionen in Urogenitaltrakt und -organen, die in der Regel gut therapierbar sind durch eine mehrt\u00e4gige lokale (Creme-)Behandlung. Seltenere Nebenwirkungen sind Schwindel bei sinkendem Blutdruck und eine Verschlechterung der Nierenfunktion. Normalerweise ist eine Anpassung anderer oraler blutzuckersenkender Medikamente oder Diuretika nicht notwendig, aber manchmal kann sie sinnvoll sein. Menschen mit Diabetes, die SGLT2-Inhibitoren einnehmen, sollten bei schweren Erkrankungen, Dehydrierung oder wenn sie ihr Insulin absetzen, vorsichtig sein, da es sich um diabetische Ketoazidose handeln k\u00f6nnte, die mit hohen Glukosewerten einhergeht. Diese schwerwiegende Erkrankung erfordert eine sofortige medizinische Behandlung.<\/p>\n<p>Top-Tipps: Die Einnahme von SGLT2-Inhibitoren kann sicher in schrittweise erh\u00f6hter bzw. abnehmender Dosis begonnen oder beendet werden. Normalerweise ist die Anfangsdosis auch die H\u00f6chstdosis.<\/p>\n<h2>Auch bekannt als:<\/h2>\n<ul>\n<li><strong>Canagliflozin<\/strong><br \/>\n(Invokana\u00ae)<\/li>\n<li><strong>Dapagliflozin<\/strong><br \/>\n(Forxiga\u00ae)<\/li>\n<li><strong>Empagliflozin<\/strong><br \/>\n(Jardiance\u00ae).<\/li>\n<\/ul>\n<p>&nbsp;<\/p>\n","protected":false},"excerpt":{"rendered":"<p>L\u00f6sliche Guanylatcyclase-Stimulatoren (sGCS) und -Aktivatoren reduzieren oxidativen Stress, indem sie den Stickstoffmonoxidspiegel in Herz und Blutgef\u00e4\u00dfen erh\u00f6hen. Diese neuartigen Medikamente f\u00fcr die Behandlung von Herzinsuffizienz sind noch nicht so weit verbreitet wie andere Medikamente. Vericiguat ist eines dieser sGCS-Medikamente und kann in Kombination mit der standardm\u00e4\u00dfigen medikament\u00f6sen Behandlung dazu beitragen, Krankenhausaufenthalte bei schwerer Herzinsuffizienz zu [&hellip;]<\/p>\n","protected":false},"author":1,"featured_media":10869,"parent":2680,"menu_order":0,"comment_status":"closed","ping_status":"closed","template":"","meta":{"_acf_changed":false,"footnotes":""},"categories":[],"tags":[],"class_list":["post-8133","page","type-page","status-publish","has-post-thumbnail","hentry"],"acf":[],"yoast_head":"<!-- This site is optimized with the Yoast SEO plugin v24.8.1 - https:\/\/yoast.com\/wordpress\/plugins\/seo\/ -->\n<title>Natrium-Glucose-Cotransporter 2-Inhibitoren und Herzinsuffizienz<\/title>\n<meta name=\"description\" content=\"Natrium-Glucose-Cotransporter-2(SGLT2)-Hemmer werden zur Behandlung von Patientinnen und Patienten mit Diabetes mellitus Typ II sowie f\u00fcr Herzinsuffizienz-Patientinnen und -Patienten eingesetzt.\" \/>\n<meta name=\"robots\" content=\"index, follow, max-snippet:-1, max-image-preview:large, max-video-preview:-1\" \/>\n<link rel=\"canonical\" href=\"https:\/\/www.heartfailurematters.org\/de\/das-koennen-ihr-arzt-oder-pflegepersonal-tun\/sglt2-natrium-glucose-cotransporter-2-inhibitoren\/\" \/>\n<meta property=\"og:locale\" content=\"de_DE\" \/>\n<meta property=\"og:type\" content=\"article\" \/>\n<meta property=\"og:title\" content=\"Natrium-Glucose-Cotransporter 2-Inhibitoren und Herzinsuffizienz\" \/>\n<meta property=\"og:description\" content=\"Natrium-Glucose-Cotransporter-2(SGLT2)-Hemmer werden zur Behandlung von Patientinnen und Patienten mit Diabetes mellitus Typ II sowie f\u00fcr Herzinsuffizienz-Patientinnen und -Patienten eingesetzt.\" \/>\n<meta property=\"og:url\" content=\"https:\/\/www.heartfailurematters.org\/de\/das-koennen-ihr-arzt-oder-pflegepersonal-tun\/sglt2-natrium-glucose-cotransporter-2-inhibitoren\/\" \/>\n<meta property=\"og:site_name\" content=\"Heart Failure Matters\" \/>\n<meta property=\"article:publisher\" content=\"https:\/\/www.facebook.com\/heartfailurematters\" \/>\n<meta property=\"article:modified_time\" content=\"2025-12-04T11:29:41+00:00\" \/>\n<meta property=\"og:image\" content=\"https:\/\/www.heartfailurematters.org\/wp-content\/uploads\/2022\/03\/shutterstock_441673426-1-min.jpg\" \/>\n\t<meta property=\"og:image:width\" content=\"900\" \/>\n\t<meta property=\"og:image:height\" content=\"596\" \/>\n\t<meta property=\"og:image:type\" content=\"image\/jpeg\" \/>\n<meta name=\"twitter:card\" content=\"summary_large_image\" \/>\n<meta name=\"twitter:label1\" content=\"Gesch\u00e4tzte Lesezeit\" \/>\n\t<meta name=\"twitter:data1\" content=\"2\u00a0Minuten\" \/>\n<script type=\"application\/ld+json\" class=\"yoast-schema-graph\">{\"@context\":\"https:\/\/schema.org\",\"@graph\":[{\"@type\":\"WebPage\",\"@id\":\"https:\/\/www.heartfailurematters.org\/de\/das-koennen-ihr-arzt-oder-pflegepersonal-tun\/sglt2-natrium-glucose-cotransporter-2-inhibitoren\/\",\"url\":\"https:\/\/www.heartfailurematters.org\/de\/das-koennen-ihr-arzt-oder-pflegepersonal-tun\/sglt2-natrium-glucose-cotransporter-2-inhibitoren\/\",\"name\":\"Natrium-Glucose-Cotransporter 2-Inhibitoren und Herzinsuffizienz\",\"isPartOf\":{\"@id\":\"https:\/\/www.heartfailurematters.org\/de\/#website\"},\"primaryImageOfPage\":{\"@id\":\"https:\/\/www.heartfailurematters.org\/de\/das-koennen-ihr-arzt-oder-pflegepersonal-tun\/sglt2-natrium-glucose-cotransporter-2-inhibitoren\/#primaryimage\"},\"image\":{\"@id\":\"https:\/\/www.heartfailurematters.org\/de\/das-koennen-ihr-arzt-oder-pflegepersonal-tun\/sglt2-natrium-glucose-cotransporter-2-inhibitoren\/#primaryimage\"},\"thumbnailUrl\":\"https:\/\/www.heartfailurematters.org\/wp-content\/uploads\/2022\/03\/shutterstock_441673426-1-min.jpg\",\"datePublished\":\"2021-04-12T10:41:12+00:00\",\"dateModified\":\"2025-12-04T11:29:41+00:00\",\"description\":\"Natrium-Glucose-Cotransporter-2(SGLT2)-Hemmer werden zur Behandlung von Patientinnen und Patienten mit Diabetes mellitus Typ II sowie f\u00fcr Herzinsuffizienz-Patientinnen und -Patienten eingesetzt.\",\"breadcrumb\":{\"@id\":\"https:\/\/www.heartfailurematters.org\/de\/das-koennen-ihr-arzt-oder-pflegepersonal-tun\/sglt2-natrium-glucose-cotransporter-2-inhibitoren\/#breadcrumb\"},\"inLanguage\":\"de\",\"potentialAction\":[{\"@type\":\"ReadAction\",\"target\":[\"https:\/\/www.heartfailurematters.org\/de\/das-koennen-ihr-arzt-oder-pflegepersonal-tun\/sglt2-natrium-glucose-cotransporter-2-inhibitoren\/\"]}]},{\"@type\":\"ImageObject\",\"inLanguage\":\"de\",\"@id\":\"https:\/\/www.heartfailurematters.org\/de\/das-koennen-ihr-arzt-oder-pflegepersonal-tun\/sglt2-natrium-glucose-cotransporter-2-inhibitoren\/#primaryimage\",\"url\":\"https:\/\/www.heartfailurematters.org\/wp-content\/uploads\/2022\/03\/shutterstock_441673426-1-min.jpg\",\"contentUrl\":\"https:\/\/www.heartfailurematters.org\/wp-content\/uploads\/2022\/03\/shutterstock_441673426-1-min.jpg\",\"width\":900,\"height\":596},{\"@type\":\"BreadcrumbList\",\"@id\":\"https:\/\/www.heartfailurematters.org\/de\/das-koennen-ihr-arzt-oder-pflegepersonal-tun\/sglt2-natrium-glucose-cotransporter-2-inhibitoren\/#breadcrumb\",\"itemListElement\":[{\"@type\":\"ListItem\",\"position\":1,\"name\":\"Startseite\",\"item\":\"https:\/\/www.heartfailurematters.org\/de\/\"},{\"@type\":\"ListItem\",\"position\":2,\"name\":\"Das kann Ihr Arzt tun\",\"item\":\"https:\/\/www.heartfailurematters.org\/de\/das-koennen-ihr-arzt-oder-pflegepersonal-tun\/\"},{\"@type\":\"ListItem\",\"position\":3,\"name\":\"SGLT2 (Natrium-Glucose-Cotransporter 2)-Inhibitoren\"}]},{\"@type\":\"WebSite\",\"@id\":\"https:\/\/www.heartfailurematters.org\/de\/#website\",\"url\":\"https:\/\/www.heartfailurematters.org\/de\/\",\"name\":\"Heart Failure Matters\",\"description\":\"Practical information for patients, families and caregivers.\",\"publisher\":{\"@id\":\"https:\/\/www.heartfailurematters.org\/de\/#organization\"},\"potentialAction\":[{\"@type\":\"SearchAction\",\"target\":{\"@type\":\"EntryPoint\",\"urlTemplate\":\"https:\/\/www.heartfailurematters.org\/de\/?s={search_term_string}\"},\"query-input\":{\"@type\":\"PropertyValueSpecification\",\"valueRequired\":true,\"valueName\":\"search_term_string\"}}],\"inLanguage\":\"de\"},{\"@type\":\"Organization\",\"@id\":\"https:\/\/www.heartfailurematters.org\/de\/#organization\",\"name\":\"Heart Failure Matters\",\"url\":\"https:\/\/www.heartfailurematters.org\/de\/\",\"logo\":{\"@type\":\"ImageObject\",\"inLanguage\":\"de\",\"@id\":\"https:\/\/www.heartfailurematters.org\/de\/#\/schema\/logo\/image\/\",\"url\":\"https:\/\/cdn-endpoint-hfm.azureedge.net\/heartfailurematters\/2024\/07\/hfm-logo1.jpg\",\"contentUrl\":\"https:\/\/cdn-endpoint-hfm.azureedge.net\/heartfailurematters\/2024\/07\/hfm-logo1.jpg\",\"width\":1280,\"height\":720,\"caption\":\"Heart Failure Matters\"},\"image\":{\"@id\":\"https:\/\/www.heartfailurematters.org\/de\/#\/schema\/logo\/image\/\"},\"sameAs\":[\"https:\/\/www.facebook.com\/heartfailurematters\"]}]}<\/script>\n<!-- \/ Yoast SEO plugin. -->","yoast_head_json":{"title":"Natrium-Glucose-Cotransporter 2-Inhibitoren und Herzinsuffizienz","description":"Natrium-Glucose-Cotransporter-2(SGLT2)-Hemmer werden zur Behandlung von Patientinnen und Patienten mit Diabetes mellitus Typ II sowie f\u00fcr Herzinsuffizienz-Patientinnen und -Patienten eingesetzt.","robots":{"index":"index","follow":"follow","max-snippet":"max-snippet:-1","max-image-preview":"max-image-preview:large","max-video-preview":"max-video-preview:-1"},"canonical":"https:\/\/www.heartfailurematters.org\/de\/das-koennen-ihr-arzt-oder-pflegepersonal-tun\/sglt2-natrium-glucose-cotransporter-2-inhibitoren\/","og_locale":"de_DE","og_type":"article","og_title":"Natrium-Glucose-Cotransporter 2-Inhibitoren und Herzinsuffizienz","og_description":"Natrium-Glucose-Cotransporter-2(SGLT2)-Hemmer werden zur Behandlung von Patientinnen und Patienten mit Diabetes mellitus Typ II sowie f\u00fcr Herzinsuffizienz-Patientinnen und -Patienten eingesetzt.","og_url":"https:\/\/www.heartfailurematters.org\/de\/das-koennen-ihr-arzt-oder-pflegepersonal-tun\/sglt2-natrium-glucose-cotransporter-2-inhibitoren\/","og_site_name":"Heart Failure Matters","article_publisher":"https:\/\/www.facebook.com\/heartfailurematters","article_modified_time":"2025-12-04T11:29:41+00:00","og_image":[{"width":900,"height":596,"url":"https:\/\/www.heartfailurematters.org\/wp-content\/uploads\/2022\/03\/shutterstock_441673426-1-min.jpg","type":"image\/jpeg"}],"twitter_card":"summary_large_image","twitter_misc":{"Gesch\u00e4tzte Lesezeit":"2\u00a0Minuten"},"schema":{"@context":"https:\/\/schema.org","@graph":[{"@type":"WebPage","@id":"https:\/\/www.heartfailurematters.org\/de\/das-koennen-ihr-arzt-oder-pflegepersonal-tun\/sglt2-natrium-glucose-cotransporter-2-inhibitoren\/","url":"https:\/\/www.heartfailurematters.org\/de\/das-koennen-ihr-arzt-oder-pflegepersonal-tun\/sglt2-natrium-glucose-cotransporter-2-inhibitoren\/","name":"Natrium-Glucose-Cotransporter 2-Inhibitoren und Herzinsuffizienz","isPartOf":{"@id":"https:\/\/www.heartfailurematters.org\/de\/#website"},"primaryImageOfPage":{"@id":"https:\/\/www.heartfailurematters.org\/de\/das-koennen-ihr-arzt-oder-pflegepersonal-tun\/sglt2-natrium-glucose-cotransporter-2-inhibitoren\/#primaryimage"},"image":{"@id":"https:\/\/www.heartfailurematters.org\/de\/das-koennen-ihr-arzt-oder-pflegepersonal-tun\/sglt2-natrium-glucose-cotransporter-2-inhibitoren\/#primaryimage"},"thumbnailUrl":"https:\/\/www.heartfailurematters.org\/wp-content\/uploads\/2022\/03\/shutterstock_441673426-1-min.jpg","datePublished":"2021-04-12T10:41:12+00:00","dateModified":"2025-12-04T11:29:41+00:00","description":"Natrium-Glucose-Cotransporter-2(SGLT2)-Hemmer werden zur Behandlung von Patientinnen und Patienten mit Diabetes mellitus Typ II sowie f\u00fcr Herzinsuffizienz-Patientinnen und -Patienten eingesetzt.","breadcrumb":{"@id":"https:\/\/www.heartfailurematters.org\/de\/das-koennen-ihr-arzt-oder-pflegepersonal-tun\/sglt2-natrium-glucose-cotransporter-2-inhibitoren\/#breadcrumb"},"inLanguage":"de","potentialAction":[{"@type":"ReadAction","target":["https:\/\/www.heartfailurematters.org\/de\/das-koennen-ihr-arzt-oder-pflegepersonal-tun\/sglt2-natrium-glucose-cotransporter-2-inhibitoren\/"]}]},{"@type":"ImageObject","inLanguage":"de","@id":"https:\/\/www.heartfailurematters.org\/de\/das-koennen-ihr-arzt-oder-pflegepersonal-tun\/sglt2-natrium-glucose-cotransporter-2-inhibitoren\/#primaryimage","url":"https:\/\/www.heartfailurematters.org\/wp-content\/uploads\/2022\/03\/shutterstock_441673426-1-min.jpg","contentUrl":"https:\/\/www.heartfailurematters.org\/wp-content\/uploads\/2022\/03\/shutterstock_441673426-1-min.jpg","width":900,"height":596},{"@type":"BreadcrumbList","@id":"https:\/\/www.heartfailurematters.org\/de\/das-koennen-ihr-arzt-oder-pflegepersonal-tun\/sglt2-natrium-glucose-cotransporter-2-inhibitoren\/#breadcrumb","itemListElement":[{"@type":"ListItem","position":1,"name":"Startseite","item":"https:\/\/www.heartfailurematters.org\/de\/"},{"@type":"ListItem","position":2,"name":"Das kann Ihr Arzt tun","item":"https:\/\/www.heartfailurematters.org\/de\/das-koennen-ihr-arzt-oder-pflegepersonal-tun\/"},{"@type":"ListItem","position":3,"name":"SGLT2 (Natrium-Glucose-Cotransporter 2)-Inhibitoren"}]},{"@type":"WebSite","@id":"https:\/\/www.heartfailurematters.org\/de\/#website","url":"https:\/\/www.heartfailurematters.org\/de\/","name":"Heart Failure Matters","description":"Practical information for patients, families and caregivers.","publisher":{"@id":"https:\/\/www.heartfailurematters.org\/de\/#organization"},"potentialAction":[{"@type":"SearchAction","target":{"@type":"EntryPoint","urlTemplate":"https:\/\/www.heartfailurematters.org\/de\/?s={search_term_string}"},"query-input":{"@type":"PropertyValueSpecification","valueRequired":true,"valueName":"search_term_string"}}],"inLanguage":"de"},{"@type":"Organization","@id":"https:\/\/www.heartfailurematters.org\/de\/#organization","name":"Heart Failure Matters","url":"https:\/\/www.heartfailurematters.org\/de\/","logo":{"@type":"ImageObject","inLanguage":"de","@id":"https:\/\/www.heartfailurematters.org\/de\/#\/schema\/logo\/image\/","url":"https:\/\/cdn-endpoint-hfm.azureedge.net\/heartfailurematters\/2024\/07\/hfm-logo1.jpg","contentUrl":"https:\/\/cdn-endpoint-hfm.azureedge.net\/heartfailurematters\/2024\/07\/hfm-logo1.jpg","width":1280,"height":720,"caption":"Heart Failure Matters"},"image":{"@id":"https:\/\/www.heartfailurematters.org\/de\/#\/schema\/logo\/image\/"},"sameAs":["https:\/\/www.facebook.com\/heartfailurematters"]}]}},"_links":{"self":[{"href":"https:\/\/www.heartfailurematters.org\/de\/wp-json\/wp\/v2\/pages\/8133","targetHints":{"allow":["GET"]}}],"collection":[{"href":"https:\/\/www.heartfailurematters.org\/de\/wp-json\/wp\/v2\/pages"}],"about":[{"href":"https:\/\/www.heartfailurematters.org\/de\/wp-json\/wp\/v2\/types\/page"}],"author":[{"embeddable":true,"href":"https:\/\/www.heartfailurematters.org\/de\/wp-json\/wp\/v2\/users\/1"}],"replies":[{"embeddable":true,"href":"https:\/\/www.heartfailurematters.org\/de\/wp-json\/wp\/v2\/comments?post=8133"}],"version-history":[{"count":3,"href":"https:\/\/www.heartfailurematters.org\/de\/wp-json\/wp\/v2\/pages\/8133\/revisions"}],"predecessor-version":[{"id":13646,"href":"https:\/\/www.heartfailurematters.org\/de\/wp-json\/wp\/v2\/pages\/8133\/revisions\/13646"}],"up":[{"embeddable":true,"href":"https:\/\/www.heartfailurematters.org\/de\/wp-json\/wp\/v2\/pages\/2680"}],"wp:featuredmedia":[{"embeddable":true,"href":"https:\/\/www.heartfailurematters.org\/de\/wp-json\/wp\/v2\/media\/10869"}],"wp:attachment":[{"href":"https:\/\/www.heartfailurematters.org\/de\/wp-json\/wp\/v2\/media?parent=8133"}],"wp:term":[{"taxonomy":"category","embeddable":true,"href":"https:\/\/www.heartfailurematters.org\/de\/wp-json\/wp\/v2\/categories?post=8133"},{"taxonomy":"post_tag","embeddable":true,"href":"https:\/\/www.heartfailurematters.org\/de\/wp-json\/wp\/v2\/tags?post=8133"}],"curies":[{"name":"wp","href":"https:\/\/api.w.org\/{rel}","templated":true}]}}