{"id":8132,"date":"2021-04-12T11:41:12","date_gmt":"2021-04-12T10:41:12","guid":{"rendered":"https:\/\/www.heartfailurematters.org\/was-kann-ihr-arzt-tun\/sgc-stimulatoren\/"},"modified":"2021-09-24T17:14:51","modified_gmt":"2021-09-24T16:14:51","slug":"sgc-stimulatoren","status":"publish","type":"page","link":"https:\/\/www.heartfailurematters.org\/de\/das-koennen-ihr-arzt-oder-pflegepersonal-tun\/sgc-stimulatoren\/","title":{"rendered":"sGC-Stimulatoren"},"content":{"rendered":"<p>L\u00f6sliche Guanylatcyclase-Stimulatoren (sGCS) und -Aktivatoren reduzieren oxidativen Stress, indem sie den Stickstoffmonoxidspiegel in Herz und Blutgef\u00e4\u00dfen erh\u00f6hen. Diese Medikamente sind neu und ihre Verwendung bei Herzinsuffizienz ist begrenzt und noch nicht gut etabliert. Ein sGCS ist z.&nbsp;B. Riociguat, das f\u00fcr die Behandlung von Lungenhochdruck, der sich auf die Blutgef\u00e4\u00dfe in der Lunge auswirkt, zugelassen ist. Vericiguat ist ein weiterer sGCS und kann zus\u00e4tzlich zur standardm\u00e4\u00dfigen medikament\u00f6sen Behandlung dazu beitragen, Krankenhausaufenthalte bei schwerer Herzinsuffizienz zu verhindern.<\/p>\n<p><strong>Wie funktioniert es?<\/strong> Etwa ein Viertel der Patienten mit Herzinsuffizienz hat einen niedrigen Gehalt an zyklischem Guanosinmonophosphat (cGMP). Das cGMP-Molek\u00fcl ist ein wichtiger intrazellul\u00e4rer Botenstoff, der Herz, Gef\u00e4\u00dfe und Nieren sch\u00fctzt. Eine der Hauptwirkungen von cGMP ist die Entspannung von Blutgef\u00e4\u00dfen und Herzzellen. L\u00f6sliche Guanylatcyclase-Stimulatoren (sGCS) erh\u00f6hen die Bildung von cGMP, reduzieren daher die Steifigkeit von Herzzellen und Gef\u00e4\u00dfen.<\/p>\n<p><strong>Welche Vorteile sind zu erwarten?<\/strong> Bei Patienten, die wegen Herzinsuffizienz ins Krankenhaus eingeliefert wurden und deren linksventrikul\u00e4re Ejektionsfraktion unter 45 % liegt, kann Vericiguat Rehospitalisierungen aufgrund der Herzinsuffizienz reduzieren und die Lebensdauer verl\u00e4ngern.<\/p>\n<p><strong>Nebenwirkungen: <\/strong>Vericiguat ist im Vergleich zum Placebo gut vertr\u00e4glich. Eine kleine Anzahl von Patienten wies symptomatische Hypotonie (zu niedrigen Blutdruck) und An\u00e4mie auf.<\/p>\n<p><strong>Top-Tipp:<\/strong> Vericiguat wird einmal t\u00e4glich oral als Tablette eingenommen. Wie bei anderen Arzneimitteln gegen Herzinsuffizienz wird die Dosis in mehreren Schritten langsam erh\u00f6ht.<\/p>\n<p>&nbsp;<\/p>\n<p><a title=\"Medikamente gegen Herzinsuffizienz\" href=\"https:\/\/www.heartfailurematters.org\/what-your-doctor-can-do\/heart-failure-medicines\/\">Zur\u00fcck zu Medikamente gegen Herzinsuffizienz<\/a><\/p>\n","protected":false},"excerpt":{"rendered":"<p>L\u00f6sliche Guanylatcyclase-Stimulatoren (sGCS) und -Aktivatoren reduzieren oxidativen Stress, indem sie den Stickstoffmonoxidspiegel in Herz und Blutgef\u00e4\u00dfen erh\u00f6hen. Diese Medikamente sind neu und ihre Verwendung bei Herzinsuffizienz ist begrenzt und noch nicht gut etabliert. Ein sGCS ist z.&nbsp;B. Riociguat, das f\u00fcr die Behandlung von Lungenhochdruck, der sich auf die Blutgef\u00e4\u00dfe in der Lunge auswirkt, zugelassen ist. [&hellip;]<\/p>\n","protected":false},"author":1,"featured_media":10869,"parent":2680,"menu_order":0,"comment_status":"closed","ping_status":"closed","template":"","meta":{"_acf_changed":false,"footnotes":""},"categories":[],"tags":[],"class_list":["post-8132","page","type-page","status-publish","has-post-thumbnail","hentry"],"acf":[],"yoast_head":"<!-- This site is optimized with the Yoast SEO plugin v24.8.1 - https:\/\/yoast.com\/wordpress\/plugins\/seo\/ -->\n<title>sGC-Stimulatoren - Heart Failure Matters<\/title>\n<meta name=\"description\" content=\"L\u00f6sliche Guanylatcyclase-Stimulatoren (sGCS) und -Aktivatoren reduzieren oxidativen Stress, indem sie den Stickstoffmonoxidspiegel in Herz und Blutgef\u00e4\u00dfen erh\u00f6hen.\" \/>\n<meta name=\"robots\" content=\"index, follow, max-snippet:-1, max-image-preview:large, max-video-preview:-1\" \/>\n<link rel=\"canonical\" href=\"https:\/\/www.heartfailurematters.org\/de\/das-koennen-ihr-arzt-oder-pflegepersonal-tun\/sgc-stimulatoren\/\" \/>\n<meta property=\"og:locale\" content=\"de_DE\" \/>\n<meta property=\"og:type\" content=\"article\" \/>\n<meta property=\"og:title\" content=\"sGC-Stimulatoren - Heart Failure Matters\" \/>\n<meta property=\"og:description\" content=\"L\u00f6sliche Guanylatcyclase-Stimulatoren (sGCS) und -Aktivatoren reduzieren oxidativen Stress, indem sie den Stickstoffmonoxidspiegel in Herz und Blutgef\u00e4\u00dfen erh\u00f6hen.\" \/>\n<meta property=\"og:url\" content=\"https:\/\/www.heartfailurematters.org\/de\/das-koennen-ihr-arzt-oder-pflegepersonal-tun\/sgc-stimulatoren\/\" \/>\n<meta property=\"og:site_name\" content=\"Heart Failure Matters\" \/>\n<meta property=\"article:publisher\" content=\"https:\/\/www.facebook.com\/heartfailurematters\" \/>\n<meta property=\"article:modified_time\" content=\"2021-09-24T16:14:51+00:00\" \/>\n<meta property=\"og:image\" content=\"https:\/\/www.heartfailurematters.org\/wp-content\/uploads\/2022\/03\/shutterstock_441673426-1-min.jpg\" \/>\n\t<meta property=\"og:image:width\" content=\"900\" \/>\n\t<meta property=\"og:image:height\" content=\"596\" \/>\n\t<meta property=\"og:image:type\" content=\"image\/jpeg\" \/>\n<meta name=\"twitter:card\" content=\"summary_large_image\" \/>\n<meta name=\"twitter:label1\" content=\"Gesch\u00e4tzte Lesezeit\" \/>\n\t<meta name=\"twitter:data1\" content=\"1\u00a0Minute\" \/>\n<script type=\"application\/ld+json\" class=\"yoast-schema-graph\">{\"@context\":\"https:\/\/schema.org\",\"@graph\":[{\"@type\":\"WebPage\",\"@id\":\"https:\/\/www.heartfailurematters.org\/de\/das-koennen-ihr-arzt-oder-pflegepersonal-tun\/sgc-stimulatoren\/\",\"url\":\"https:\/\/www.heartfailurematters.org\/de\/das-koennen-ihr-arzt-oder-pflegepersonal-tun\/sgc-stimulatoren\/\",\"name\":\"sGC-Stimulatoren - Heart Failure Matters\",\"isPartOf\":{\"@id\":\"https:\/\/www.heartfailurematters.org\/de\/#website\"},\"primaryImageOfPage\":{\"@id\":\"https:\/\/www.heartfailurematters.org\/de\/das-koennen-ihr-arzt-oder-pflegepersonal-tun\/sgc-stimulatoren\/#primaryimage\"},\"image\":{\"@id\":\"https:\/\/www.heartfailurematters.org\/de\/das-koennen-ihr-arzt-oder-pflegepersonal-tun\/sgc-stimulatoren\/#primaryimage\"},\"thumbnailUrl\":\"https:\/\/www.heartfailurematters.org\/wp-content\/uploads\/2022\/03\/shutterstock_441673426-1-min.jpg\",\"datePublished\":\"2021-04-12T10:41:12+00:00\",\"dateModified\":\"2021-09-24T16:14:51+00:00\",\"description\":\"L\u00f6sliche Guanylatcyclase-Stimulatoren (sGCS) und -Aktivatoren reduzieren oxidativen Stress, indem sie den Stickstoffmonoxidspiegel in Herz und Blutgef\u00e4\u00dfen erh\u00f6hen.\",\"breadcrumb\":{\"@id\":\"https:\/\/www.heartfailurematters.org\/de\/das-koennen-ihr-arzt-oder-pflegepersonal-tun\/sgc-stimulatoren\/#breadcrumb\"},\"inLanguage\":\"de\",\"potentialAction\":[{\"@type\":\"ReadAction\",\"target\":[\"https:\/\/www.heartfailurematters.org\/de\/das-koennen-ihr-arzt-oder-pflegepersonal-tun\/sgc-stimulatoren\/\"]}]},{\"@type\":\"ImageObject\",\"inLanguage\":\"de\",\"@id\":\"https:\/\/www.heartfailurematters.org\/de\/das-koennen-ihr-arzt-oder-pflegepersonal-tun\/sgc-stimulatoren\/#primaryimage\",\"url\":\"https:\/\/www.heartfailurematters.org\/wp-content\/uploads\/2022\/03\/shutterstock_441673426-1-min.jpg\",\"contentUrl\":\"https:\/\/www.heartfailurematters.org\/wp-content\/uploads\/2022\/03\/shutterstock_441673426-1-min.jpg\",\"width\":900,\"height\":596},{\"@type\":\"BreadcrumbList\",\"@id\":\"https:\/\/www.heartfailurematters.org\/de\/das-koennen-ihr-arzt-oder-pflegepersonal-tun\/sgc-stimulatoren\/#breadcrumb\",\"itemListElement\":[{\"@type\":\"ListItem\",\"position\":1,\"name\":\"Startseite\",\"item\":\"https:\/\/www.heartfailurematters.org\/de\/\"},{\"@type\":\"ListItem\",\"position\":2,\"name\":\"Das kann Ihr Arzt tun\",\"item\":\"https:\/\/www.heartfailurematters.org\/de\/das-koennen-ihr-arzt-oder-pflegepersonal-tun\/\"},{\"@type\":\"ListItem\",\"position\":3,\"name\":\"sGC-Stimulatoren\"}]},{\"@type\":\"WebSite\",\"@id\":\"https:\/\/www.heartfailurematters.org\/de\/#website\",\"url\":\"https:\/\/www.heartfailurematters.org\/de\/\",\"name\":\"Heart Failure Matters\",\"description\":\"Practical information for patients, families and caregivers.\",\"publisher\":{\"@id\":\"https:\/\/www.heartfailurematters.org\/de\/#organization\"},\"potentialAction\":[{\"@type\":\"SearchAction\",\"target\":{\"@type\":\"EntryPoint\",\"urlTemplate\":\"https:\/\/www.heartfailurematters.org\/de\/?s={search_term_string}\"},\"query-input\":{\"@type\":\"PropertyValueSpecification\",\"valueRequired\":true,\"valueName\":\"search_term_string\"}}],\"inLanguage\":\"de\"},{\"@type\":\"Organization\",\"@id\":\"https:\/\/www.heartfailurematters.org\/de\/#organization\",\"name\":\"Heart Failure Matters\",\"url\":\"https:\/\/www.heartfailurematters.org\/de\/\",\"logo\":{\"@type\":\"ImageObject\",\"inLanguage\":\"de\",\"@id\":\"https:\/\/www.heartfailurematters.org\/de\/#\/schema\/logo\/image\/\",\"url\":\"https:\/\/cdn-endpoint-hfm.azureedge.net\/heartfailurematters\/2024\/07\/hfm-logo1.jpg\",\"contentUrl\":\"https:\/\/cdn-endpoint-hfm.azureedge.net\/heartfailurematters\/2024\/07\/hfm-logo1.jpg\",\"width\":1280,\"height\":720,\"caption\":\"Heart Failure Matters\"},\"image\":{\"@id\":\"https:\/\/www.heartfailurematters.org\/de\/#\/schema\/logo\/image\/\"},\"sameAs\":[\"https:\/\/www.facebook.com\/heartfailurematters\"]}]}<\/script>\n<!-- \/ Yoast SEO plugin. -->","yoast_head_json":{"title":"sGC-Stimulatoren - Heart Failure Matters","description":"L\u00f6sliche Guanylatcyclase-Stimulatoren (sGCS) und -Aktivatoren reduzieren oxidativen Stress, indem sie den Stickstoffmonoxidspiegel in Herz und Blutgef\u00e4\u00dfen erh\u00f6hen.","robots":{"index":"index","follow":"follow","max-snippet":"max-snippet:-1","max-image-preview":"max-image-preview:large","max-video-preview":"max-video-preview:-1"},"canonical":"https:\/\/www.heartfailurematters.org\/de\/das-koennen-ihr-arzt-oder-pflegepersonal-tun\/sgc-stimulatoren\/","og_locale":"de_DE","og_type":"article","og_title":"sGC-Stimulatoren - Heart Failure Matters","og_description":"L\u00f6sliche Guanylatcyclase-Stimulatoren (sGCS) und -Aktivatoren reduzieren oxidativen Stress, indem sie den Stickstoffmonoxidspiegel in Herz und Blutgef\u00e4\u00dfen erh\u00f6hen.","og_url":"https:\/\/www.heartfailurematters.org\/de\/das-koennen-ihr-arzt-oder-pflegepersonal-tun\/sgc-stimulatoren\/","og_site_name":"Heart Failure Matters","article_publisher":"https:\/\/www.facebook.com\/heartfailurematters","article_modified_time":"2021-09-24T16:14:51+00:00","og_image":[{"width":900,"height":596,"url":"https:\/\/www.heartfailurematters.org\/wp-content\/uploads\/2022\/03\/shutterstock_441673426-1-min.jpg","type":"image\/jpeg"}],"twitter_card":"summary_large_image","twitter_misc":{"Gesch\u00e4tzte Lesezeit":"1\u00a0Minute"},"schema":{"@context":"https:\/\/schema.org","@graph":[{"@type":"WebPage","@id":"https:\/\/www.heartfailurematters.org\/de\/das-koennen-ihr-arzt-oder-pflegepersonal-tun\/sgc-stimulatoren\/","url":"https:\/\/www.heartfailurematters.org\/de\/das-koennen-ihr-arzt-oder-pflegepersonal-tun\/sgc-stimulatoren\/","name":"sGC-Stimulatoren - Heart Failure Matters","isPartOf":{"@id":"https:\/\/www.heartfailurematters.org\/de\/#website"},"primaryImageOfPage":{"@id":"https:\/\/www.heartfailurematters.org\/de\/das-koennen-ihr-arzt-oder-pflegepersonal-tun\/sgc-stimulatoren\/#primaryimage"},"image":{"@id":"https:\/\/www.heartfailurematters.org\/de\/das-koennen-ihr-arzt-oder-pflegepersonal-tun\/sgc-stimulatoren\/#primaryimage"},"thumbnailUrl":"https:\/\/www.heartfailurematters.org\/wp-content\/uploads\/2022\/03\/shutterstock_441673426-1-min.jpg","datePublished":"2021-04-12T10:41:12+00:00","dateModified":"2021-09-24T16:14:51+00:00","description":"L\u00f6sliche Guanylatcyclase-Stimulatoren (sGCS) und -Aktivatoren reduzieren oxidativen Stress, indem sie den Stickstoffmonoxidspiegel in Herz und Blutgef\u00e4\u00dfen erh\u00f6hen.","breadcrumb":{"@id":"https:\/\/www.heartfailurematters.org\/de\/das-koennen-ihr-arzt-oder-pflegepersonal-tun\/sgc-stimulatoren\/#breadcrumb"},"inLanguage":"de","potentialAction":[{"@type":"ReadAction","target":["https:\/\/www.heartfailurematters.org\/de\/das-koennen-ihr-arzt-oder-pflegepersonal-tun\/sgc-stimulatoren\/"]}]},{"@type":"ImageObject","inLanguage":"de","@id":"https:\/\/www.heartfailurematters.org\/de\/das-koennen-ihr-arzt-oder-pflegepersonal-tun\/sgc-stimulatoren\/#primaryimage","url":"https:\/\/www.heartfailurematters.org\/wp-content\/uploads\/2022\/03\/shutterstock_441673426-1-min.jpg","contentUrl":"https:\/\/www.heartfailurematters.org\/wp-content\/uploads\/2022\/03\/shutterstock_441673426-1-min.jpg","width":900,"height":596},{"@type":"BreadcrumbList","@id":"https:\/\/www.heartfailurematters.org\/de\/das-koennen-ihr-arzt-oder-pflegepersonal-tun\/sgc-stimulatoren\/#breadcrumb","itemListElement":[{"@type":"ListItem","position":1,"name":"Startseite","item":"https:\/\/www.heartfailurematters.org\/de\/"},{"@type":"ListItem","position":2,"name":"Das kann Ihr Arzt tun","item":"https:\/\/www.heartfailurematters.org\/de\/das-koennen-ihr-arzt-oder-pflegepersonal-tun\/"},{"@type":"ListItem","position":3,"name":"sGC-Stimulatoren"}]},{"@type":"WebSite","@id":"https:\/\/www.heartfailurematters.org\/de\/#website","url":"https:\/\/www.heartfailurematters.org\/de\/","name":"Heart Failure Matters","description":"Practical information for patients, families and caregivers.","publisher":{"@id":"https:\/\/www.heartfailurematters.org\/de\/#organization"},"potentialAction":[{"@type":"SearchAction","target":{"@type":"EntryPoint","urlTemplate":"https:\/\/www.heartfailurematters.org\/de\/?s={search_term_string}"},"query-input":{"@type":"PropertyValueSpecification","valueRequired":true,"valueName":"search_term_string"}}],"inLanguage":"de"},{"@type":"Organization","@id":"https:\/\/www.heartfailurematters.org\/de\/#organization","name":"Heart Failure Matters","url":"https:\/\/www.heartfailurematters.org\/de\/","logo":{"@type":"ImageObject","inLanguage":"de","@id":"https:\/\/www.heartfailurematters.org\/de\/#\/schema\/logo\/image\/","url":"https:\/\/cdn-endpoint-hfm.azureedge.net\/heartfailurematters\/2024\/07\/hfm-logo1.jpg","contentUrl":"https:\/\/cdn-endpoint-hfm.azureedge.net\/heartfailurematters\/2024\/07\/hfm-logo1.jpg","width":1280,"height":720,"caption":"Heart Failure Matters"},"image":{"@id":"https:\/\/www.heartfailurematters.org\/de\/#\/schema\/logo\/image\/"},"sameAs":["https:\/\/www.facebook.com\/heartfailurematters"]}]}},"_links":{"self":[{"href":"https:\/\/www.heartfailurematters.org\/de\/wp-json\/wp\/v2\/pages\/8132","targetHints":{"allow":["GET"]}}],"collection":[{"href":"https:\/\/www.heartfailurematters.org\/de\/wp-json\/wp\/v2\/pages"}],"about":[{"href":"https:\/\/www.heartfailurematters.org\/de\/wp-json\/wp\/v2\/types\/page"}],"author":[{"embeddable":true,"href":"https:\/\/www.heartfailurematters.org\/de\/wp-json\/wp\/v2\/users\/1"}],"replies":[{"embeddable":true,"href":"https:\/\/www.heartfailurematters.org\/de\/wp-json\/wp\/v2\/comments?post=8132"}],"version-history":[{"count":1,"href":"https:\/\/www.heartfailurematters.org\/de\/wp-json\/wp\/v2\/pages\/8132\/revisions"}],"predecessor-version":[{"id":9386,"href":"https:\/\/www.heartfailurematters.org\/de\/wp-json\/wp\/v2\/pages\/8132\/revisions\/9386"}],"up":[{"embeddable":true,"href":"https:\/\/www.heartfailurematters.org\/de\/wp-json\/wp\/v2\/pages\/2680"}],"wp:featuredmedia":[{"embeddable":true,"href":"https:\/\/www.heartfailurematters.org\/de\/wp-json\/wp\/v2\/media\/10869"}],"wp:attachment":[{"href":"https:\/\/www.heartfailurematters.org\/de\/wp-json\/wp\/v2\/media?parent=8132"}],"wp:term":[{"taxonomy":"category","embeddable":true,"href":"https:\/\/www.heartfailurematters.org\/de\/wp-json\/wp\/v2\/categories?post=8132"},{"taxonomy":"post_tag","embeddable":true,"href":"https:\/\/www.heartfailurematters.org\/de\/wp-json\/wp\/v2\/tags?post=8132"}],"curies":[{"name":"wp","href":"https:\/\/api.w.org\/{rel}","templated":true}]}}