{"id":8096,"date":"2021-04-12T11:41:02","date_gmt":"2021-04-12T10:41:02","guid":{"rendered":"https:\/\/www.heartfailurematters.org\/zurueck-zu-ursachen-fuer-herzinsuffizienz-und-andere-haeufige-erkrankungen\/depressionen-und-angst\/"},"modified":"2021-09-24T17:14:46","modified_gmt":"2021-09-24T16:14:46","slug":"depressionen-und-angst","status":"publish","type":"page","link":"https:\/\/www.heartfailurematters.org\/de\/zurueck-zu-ursachen-fuer-herzinsuffizienz-und-andere-haeufige-erkrankungen\/depressionen-und-angst\/","title":{"rendered":"Depressionen und Angst"},"content":{"rendered":"<p>Bei Menschen mit Herzinsuffizienz treten h\u00e4ufig Depressionen und \u00c4ngste auf. Nahezu jeder f\u00fcnfte Patient mit Herzinsuffizienz berichtet Symptome einer leichten bis mittelschweren Depression, eine kleinere Gruppe sogar Symptome einer schweren Depression. Am h\u00e4ufigsten sind Depressionen bei Patienten mit schwereren Symptomen von Herzinsuffizienz und k\u00f6rperlichen Einschr\u00e4nkungen. Da sich die Anzeichen von Depression und Herzinsuffizienz \u00fcberschneiden, kann die Diagnose einer Depression erschwert sein. Depressionen k\u00f6nnen sich durch ganz unterschiedliche Beschwerden zeigen, wie z. B. durch geringes Selbstwertgef\u00fchl, Hoffnungslosigkeit, Konzentrationsschwierigkeiten, Angst, Reizbarkeit, M\u00fcdigkeit\/Ersch\u00f6pfung, bis hin zu k\u00f6rperlichen Beschwerden.<\/p>\n<p>Depressionen k\u00f6nnen das Einhalten der medizinischen Behandlung und die Selbstf\u00fcrsorge erschweren. Angst und Depressionen beeintr\u00e4chtigen die Lebensqualit\u00e4t und f\u00fchren zu M\u00fcdigkeit und Antriebslosigkeit. Derzeit gibt es keine spezifische Therapie f\u00fcr Patienten mit Herzinsuffizienz. Die meisten Antidepressiva, zum Beispiel selektive Serotonin-Wiederaufnahmehemmer (SSRIs), gelten bei kurzer Anwendungsdauer als sicher f\u00fcr Menschen mit Herzinsuffizienz. Manchen Patienten hilft kognitive Verhaltenstherapie. Dabei handelt es sich um eine Psychotherapie, die darauf abzielt, die psychische Gesundheit zu verbessern und individuelle Bew\u00e4ltigungsstrategien zu entwickeln.<\/p>\n<p>Wenn Herzinsuffizienz diagnostiziert wird, sind h\u00e4ufig erhebliche Ver\u00e4nderungen im Alltag und bei Aktivit\u00e4ten erforderlich. Die Anpassung an diese Ver\u00e4nderungen kann schwierig sein und manchmal Emotionen wie Angst, Stress und Depression ausl\u00f6sen. Nachfolgend finden Sie Beispiele f\u00fcr verschiedene Situationen, die bei einer Herzinsuffizienz zu emotionalen Reaktionen f\u00fchren k\u00f6nnen:<\/p>\n<ul>\n<li>Angst haben, dass pl\u00f6tzlich etwas Ernstes passiert.<\/li>\n<li>Das Gef\u00fchl, keine Kontrolle dar\u00fcber zu haben, wie sich die Herzerkrankung entwickeln wird.<\/li>\n<li>Gestresst sein, Schwierigkeiten haben, sich zu entspannen.<\/li>\n<li>Traurigkeit \u00fcber die Herzerkrankung und die eingeschr\u00e4nkte k\u00f6rperliche Leistungsf\u00e4higkeit.<\/li>\n<\/ul>\n<p>All diese Emotionen sind ganz nat\u00fcrlich, und Sie sind damit nicht allein. Einige Patienten empfinden Widerstand und Wut gegen\u00fcber ihrer Lebenssituation. Es kann schwierig sein, die Emotionen zu akzeptieren, anstatt sie zu unterdr\u00fccken. Dennoch ist dies ein notwendiger erster Schritt im Umgang mit ihnen.<\/p>\n<h2>Angst<\/h2>\n<p>Angst wird bei Menschen mit Herzinsuffizienz h\u00e4ufig \u00fcbersehen. Normalerweise dient Angst dem Zweck, uns vor Gefahren zu warnen und uns in Sicherheit zu bringen. Man spricht auch von der \u201eFlucht-Reaktion\u201c. Wir k\u00f6nnen sie mit unserem Willen nur schlecht oder gar nicht kontrollieren. In Situationen, in denen die Angst eine eindeutige Ursache hat, z. B. bei H\u00f6henangst, l\u00e4sst sich die Ursache der Angst leicht vermeiden. Wenn es jedoch wie bei einer Herzinsuffizienz-Diagnose keine einfach erkennbare Ursache gibt, die vermieden werden kann, wird die Bew\u00e4ltigung schwieriger.<\/p>\n<p>H\u00e4ufige Angstsymptome sind Atembeschwerden, Schwindel, \u00dcbelkeit, Magenprobleme, ein \u201eKlo\u00df im Hals\u201c oder Schwere auf der Brust. M\u00f6glicherweise schl\u00e4gt Ihr Herz schneller als sonst, Sie schwitzen oder versp\u00fcren eine innere K\u00e4lte, haben einen trockenen Mund, das Bed\u00fcrfnis zur Toilette zu gehen oder ein Kribbeln oder Taubheitsgef\u00fchl in H\u00e4nden oder F\u00fc\u00dfen.<\/p>\n<p>Sie sehen, dass die Symptome der Depression und Angst, beispielsweise M\u00fcdigkeit und Atemnot, den Symptomen einer Herzinsuffizienz sehr \u00e4hnlich sind. Eine Unterscheidungsm\u00f6glichkeit besteht darin, darauf zu achten, ob die Symptome bei Anstrengung auftreten. Symptome einer Herzinsuffizienz verschlechtern sich im Allgemeinen bei k\u00f6rperlicher Anstrengung und nehmen im Ruhezustand ab, w\u00e4hrend Symptome von Depressionen und Angst unabh\u00e4ngig davon auftreten, ob Sie sich bewegen oder nicht, und bei oder nach k\u00f6rperlicher Anstrengung sogar besser sein k\u00f6nnen. Es ist wichtig, dass Sie Ihre Symptome psychischer Belastungen mit Ihrem Arzt oder der Herzinsuffizienz-Pflegekraft besprechen.<\/p>\n<p><a href=\"https:\/\/www.heartfailurematters.org\/heart-failure-causes-and-other-common-medical-conditions\/other-common-medical-conditions-and-heart-failure\/\">Zur\u00fcck zu Andere h\u00e4ufige Erkrankungen und Herzinsuffizienz<\/a><\/p>\n","protected":false},"excerpt":{"rendered":"<p>Bei Menschen mit Herzinsuffizienz treten h\u00e4ufig Depressionen und \u00c4ngste auf. Nahezu jeder f\u00fcnfte Patient mit Herzinsuffizienz berichtet Symptome einer leichten bis mittelschweren Depression, eine kleinere Gruppe sogar Symptome einer schweren Depression. Am h\u00e4ufigsten sind Depressionen bei Patienten mit schwereren Symptomen von Herzinsuffizienz und k\u00f6rperlichen Einschr\u00e4nkungen. Da sich die Anzeichen von Depression und Herzinsuffizienz \u00fcberschneiden, kann [&hellip;]<\/p>\n","protected":false},"author":1,"featured_media":10849,"parent":8049,"menu_order":23,"comment_status":"closed","ping_status":"closed","template":"","meta":{"_acf_changed":false,"footnotes":""},"categories":[],"tags":[],"class_list":["post-8096","page","type-page","status-publish","has-post-thumbnail","hentry"],"acf":[],"yoast_head":"<!-- This site is optimized with the Yoast SEO plugin v24.8.1 - https:\/\/yoast.com\/wordpress\/plugins\/seo\/ -->\n<title>Depressionen und Angst - Heart Failure Matters<\/title>\n<meta name=\"description\" content=\"Depressionen treten am h\u00e4ufigsten bei Patienten mit schwereren Symptomen von Herzinsuffizienz und k\u00f6rperlichen Einschr\u00e4nkungen auf. Da sich Symptome von Depression und Herzinsuffizienz \u00fcberschneiden k\u00f6nnen, erschwert und verz\u00f6gert sich die Diagnose der Depression h\u00e4ufig.\" \/>\n<meta name=\"robots\" content=\"index, follow, max-snippet:-1, max-image-preview:large, max-video-preview:-1\" \/>\n<link rel=\"canonical\" href=\"https:\/\/www.heartfailurematters.org\/de\/zurueck-zu-ursachen-fuer-herzinsuffizienz-und-andere-haeufige-erkrankungen\/depressionen-und-angst\/\" \/>\n<meta property=\"og:locale\" content=\"de_DE\" \/>\n<meta property=\"og:type\" content=\"article\" \/>\n<meta property=\"og:title\" content=\"Depressionen und Angst - Heart Failure Matters\" \/>\n<meta property=\"og:description\" content=\"Depressionen treten am h\u00e4ufigsten bei Patienten mit schwereren Symptomen von Herzinsuffizienz und k\u00f6rperlichen Einschr\u00e4nkungen auf. Da sich Symptome von Depression und Herzinsuffizienz \u00fcberschneiden k\u00f6nnen, erschwert und verz\u00f6gert sich die Diagnose der Depression h\u00e4ufig.\" \/>\n<meta property=\"og:url\" content=\"https:\/\/www.heartfailurematters.org\/de\/zurueck-zu-ursachen-fuer-herzinsuffizienz-und-andere-haeufige-erkrankungen\/depressionen-und-angst\/\" \/>\n<meta property=\"og:site_name\" content=\"Heart Failure Matters\" \/>\n<meta property=\"article:publisher\" content=\"https:\/\/www.facebook.com\/heartfailurematters\" \/>\n<meta property=\"article:modified_time\" content=\"2021-09-24T16:14:46+00:00\" \/>\n<meta property=\"og:image\" content=\"https:\/\/www.heartfailurematters.org\/wp-content\/uploads\/2022\/03\/shutterstock_1769847845-1-min.jpg\" \/>\n\t<meta property=\"og:image:width\" content=\"900\" \/>\n\t<meta property=\"og:image:height\" content=\"600\" \/>\n\t<meta property=\"og:image:type\" content=\"image\/jpeg\" \/>\n<meta name=\"twitter:card\" content=\"summary_large_image\" \/>\n<meta name=\"twitter:label1\" content=\"Gesch\u00e4tzte Lesezeit\" \/>\n\t<meta name=\"twitter:data1\" content=\"3\u00a0Minuten\" \/>\n<script type=\"application\/ld+json\" class=\"yoast-schema-graph\">{\"@context\":\"https:\/\/schema.org\",\"@graph\":[{\"@type\":\"WebPage\",\"@id\":\"https:\/\/www.heartfailurematters.org\/de\/zurueck-zu-ursachen-fuer-herzinsuffizienz-und-andere-haeufige-erkrankungen\/depressionen-und-angst\/\",\"url\":\"https:\/\/www.heartfailurematters.org\/de\/zurueck-zu-ursachen-fuer-herzinsuffizienz-und-andere-haeufige-erkrankungen\/depressionen-und-angst\/\",\"name\":\"Depressionen und Angst - Heart Failure Matters\",\"isPartOf\":{\"@id\":\"https:\/\/www.heartfailurematters.org\/de\/#website\"},\"primaryImageOfPage\":{\"@id\":\"https:\/\/www.heartfailurematters.org\/de\/zurueck-zu-ursachen-fuer-herzinsuffizienz-und-andere-haeufige-erkrankungen\/depressionen-und-angst\/#primaryimage\"},\"image\":{\"@id\":\"https:\/\/www.heartfailurematters.org\/de\/zurueck-zu-ursachen-fuer-herzinsuffizienz-und-andere-haeufige-erkrankungen\/depressionen-und-angst\/#primaryimage\"},\"thumbnailUrl\":\"https:\/\/www.heartfailurematters.org\/wp-content\/uploads\/2022\/03\/shutterstock_1769847845-1-min.jpg\",\"datePublished\":\"2021-04-12T10:41:02+00:00\",\"dateModified\":\"2021-09-24T16:14:46+00:00\",\"description\":\"Depressionen treten am h\u00e4ufigsten bei Patienten mit schwereren Symptomen von Herzinsuffizienz und k\u00f6rperlichen Einschr\u00e4nkungen auf. Da sich Symptome von Depression und Herzinsuffizienz \u00fcberschneiden k\u00f6nnen, erschwert und verz\u00f6gert sich die Diagnose der Depression h\u00e4ufig.\",\"breadcrumb\":{\"@id\":\"https:\/\/www.heartfailurematters.org\/de\/zurueck-zu-ursachen-fuer-herzinsuffizienz-und-andere-haeufige-erkrankungen\/depressionen-und-angst\/#breadcrumb\"},\"inLanguage\":\"de\",\"potentialAction\":[{\"@type\":\"ReadAction\",\"target\":[\"https:\/\/www.heartfailurematters.org\/de\/zurueck-zu-ursachen-fuer-herzinsuffizienz-und-andere-haeufige-erkrankungen\/depressionen-und-angst\/\"]}]},{\"@type\":\"ImageObject\",\"inLanguage\":\"de\",\"@id\":\"https:\/\/www.heartfailurematters.org\/de\/zurueck-zu-ursachen-fuer-herzinsuffizienz-und-andere-haeufige-erkrankungen\/depressionen-und-angst\/#primaryimage\",\"url\":\"https:\/\/www.heartfailurematters.org\/wp-content\/uploads\/2022\/03\/shutterstock_1769847845-1-min.jpg\",\"contentUrl\":\"https:\/\/www.heartfailurematters.org\/wp-content\/uploads\/2022\/03\/shutterstock_1769847845-1-min.jpg\",\"width\":900,\"height\":600},{\"@type\":\"BreadcrumbList\",\"@id\":\"https:\/\/www.heartfailurematters.org\/de\/zurueck-zu-ursachen-fuer-herzinsuffizienz-und-andere-haeufige-erkrankungen\/depressionen-und-angst\/#breadcrumb\",\"itemListElement\":[{\"@type\":\"ListItem\",\"position\":1,\"name\":\"Startseite\",\"item\":\"https:\/\/www.heartfailurematters.org\/de\/\"},{\"@type\":\"ListItem\",\"position\":2,\"name\":\"Ursachen f\u00fcr Herzinsuffizienz und andere h\u00e4ufige Erkrankungen\",\"item\":\"https:\/\/www.heartfailurematters.org\/de\/zurueck-zu-ursachen-fuer-herzinsuffizienz-und-andere-haeufige-erkrankungen\/\"},{\"@type\":\"ListItem\",\"position\":3,\"name\":\"Depressionen und Angst\"}]},{\"@type\":\"WebSite\",\"@id\":\"https:\/\/www.heartfailurematters.org\/de\/#website\",\"url\":\"https:\/\/www.heartfailurematters.org\/de\/\",\"name\":\"Heart Failure Matters\",\"description\":\"Practical information for patients, families and caregivers.\",\"publisher\":{\"@id\":\"https:\/\/www.heartfailurematters.org\/de\/#organization\"},\"potentialAction\":[{\"@type\":\"SearchAction\",\"target\":{\"@type\":\"EntryPoint\",\"urlTemplate\":\"https:\/\/www.heartfailurematters.org\/de\/?s={search_term_string}\"},\"query-input\":{\"@type\":\"PropertyValueSpecification\",\"valueRequired\":true,\"valueName\":\"search_term_string\"}}],\"inLanguage\":\"de\"},{\"@type\":\"Organization\",\"@id\":\"https:\/\/www.heartfailurematters.org\/de\/#organization\",\"name\":\"Heart Failure Matters\",\"url\":\"https:\/\/www.heartfailurematters.org\/de\/\",\"logo\":{\"@type\":\"ImageObject\",\"inLanguage\":\"de\",\"@id\":\"https:\/\/www.heartfailurematters.org\/de\/#\/schema\/logo\/image\/\",\"url\":\"https:\/\/cdn-endpoint-hfm.azureedge.net\/heartfailurematters\/2024\/07\/hfm-logo1.jpg\",\"contentUrl\":\"https:\/\/cdn-endpoint-hfm.azureedge.net\/heartfailurematters\/2024\/07\/hfm-logo1.jpg\",\"width\":1280,\"height\":720,\"caption\":\"Heart Failure Matters\"},\"image\":{\"@id\":\"https:\/\/www.heartfailurematters.org\/de\/#\/schema\/logo\/image\/\"},\"sameAs\":[\"https:\/\/www.facebook.com\/heartfailurematters\"]}]}<\/script>\n<!-- \/ Yoast SEO plugin. -->","yoast_head_json":{"title":"Depressionen und Angst - Heart Failure Matters","description":"Depressionen treten am h\u00e4ufigsten bei Patienten mit schwereren Symptomen von Herzinsuffizienz und k\u00f6rperlichen Einschr\u00e4nkungen auf. Da sich Symptome von Depression und Herzinsuffizienz \u00fcberschneiden k\u00f6nnen, erschwert und verz\u00f6gert sich die Diagnose der Depression h\u00e4ufig.","robots":{"index":"index","follow":"follow","max-snippet":"max-snippet:-1","max-image-preview":"max-image-preview:large","max-video-preview":"max-video-preview:-1"},"canonical":"https:\/\/www.heartfailurematters.org\/de\/zurueck-zu-ursachen-fuer-herzinsuffizienz-und-andere-haeufige-erkrankungen\/depressionen-und-angst\/","og_locale":"de_DE","og_type":"article","og_title":"Depressionen und Angst - Heart Failure Matters","og_description":"Depressionen treten am h\u00e4ufigsten bei Patienten mit schwereren Symptomen von Herzinsuffizienz und k\u00f6rperlichen Einschr\u00e4nkungen auf. Da sich Symptome von Depression und Herzinsuffizienz \u00fcberschneiden k\u00f6nnen, erschwert und verz\u00f6gert sich die Diagnose der Depression h\u00e4ufig.","og_url":"https:\/\/www.heartfailurematters.org\/de\/zurueck-zu-ursachen-fuer-herzinsuffizienz-und-andere-haeufige-erkrankungen\/depressionen-und-angst\/","og_site_name":"Heart Failure Matters","article_publisher":"https:\/\/www.facebook.com\/heartfailurematters","article_modified_time":"2021-09-24T16:14:46+00:00","og_image":[{"width":900,"height":600,"url":"https:\/\/www.heartfailurematters.org\/wp-content\/uploads\/2022\/03\/shutterstock_1769847845-1-min.jpg","type":"image\/jpeg"}],"twitter_card":"summary_large_image","twitter_misc":{"Gesch\u00e4tzte Lesezeit":"3\u00a0Minuten"},"schema":{"@context":"https:\/\/schema.org","@graph":[{"@type":"WebPage","@id":"https:\/\/www.heartfailurematters.org\/de\/zurueck-zu-ursachen-fuer-herzinsuffizienz-und-andere-haeufige-erkrankungen\/depressionen-und-angst\/","url":"https:\/\/www.heartfailurematters.org\/de\/zurueck-zu-ursachen-fuer-herzinsuffizienz-und-andere-haeufige-erkrankungen\/depressionen-und-angst\/","name":"Depressionen und Angst - Heart Failure Matters","isPartOf":{"@id":"https:\/\/www.heartfailurematters.org\/de\/#website"},"primaryImageOfPage":{"@id":"https:\/\/www.heartfailurematters.org\/de\/zurueck-zu-ursachen-fuer-herzinsuffizienz-und-andere-haeufige-erkrankungen\/depressionen-und-angst\/#primaryimage"},"image":{"@id":"https:\/\/www.heartfailurematters.org\/de\/zurueck-zu-ursachen-fuer-herzinsuffizienz-und-andere-haeufige-erkrankungen\/depressionen-und-angst\/#primaryimage"},"thumbnailUrl":"https:\/\/www.heartfailurematters.org\/wp-content\/uploads\/2022\/03\/shutterstock_1769847845-1-min.jpg","datePublished":"2021-04-12T10:41:02+00:00","dateModified":"2021-09-24T16:14:46+00:00","description":"Depressionen treten am h\u00e4ufigsten bei Patienten mit schwereren Symptomen von Herzinsuffizienz und k\u00f6rperlichen Einschr\u00e4nkungen auf. Da sich Symptome von Depression und Herzinsuffizienz \u00fcberschneiden k\u00f6nnen, erschwert und verz\u00f6gert sich die Diagnose der Depression h\u00e4ufig.","breadcrumb":{"@id":"https:\/\/www.heartfailurematters.org\/de\/zurueck-zu-ursachen-fuer-herzinsuffizienz-und-andere-haeufige-erkrankungen\/depressionen-und-angst\/#breadcrumb"},"inLanguage":"de","potentialAction":[{"@type":"ReadAction","target":["https:\/\/www.heartfailurematters.org\/de\/zurueck-zu-ursachen-fuer-herzinsuffizienz-und-andere-haeufige-erkrankungen\/depressionen-und-angst\/"]}]},{"@type":"ImageObject","inLanguage":"de","@id":"https:\/\/www.heartfailurematters.org\/de\/zurueck-zu-ursachen-fuer-herzinsuffizienz-und-andere-haeufige-erkrankungen\/depressionen-und-angst\/#primaryimage","url":"https:\/\/www.heartfailurematters.org\/wp-content\/uploads\/2022\/03\/shutterstock_1769847845-1-min.jpg","contentUrl":"https:\/\/www.heartfailurematters.org\/wp-content\/uploads\/2022\/03\/shutterstock_1769847845-1-min.jpg","width":900,"height":600},{"@type":"BreadcrumbList","@id":"https:\/\/www.heartfailurematters.org\/de\/zurueck-zu-ursachen-fuer-herzinsuffizienz-und-andere-haeufige-erkrankungen\/depressionen-und-angst\/#breadcrumb","itemListElement":[{"@type":"ListItem","position":1,"name":"Startseite","item":"https:\/\/www.heartfailurematters.org\/de\/"},{"@type":"ListItem","position":2,"name":"Ursachen f\u00fcr Herzinsuffizienz und andere h\u00e4ufige Erkrankungen","item":"https:\/\/www.heartfailurematters.org\/de\/zurueck-zu-ursachen-fuer-herzinsuffizienz-und-andere-haeufige-erkrankungen\/"},{"@type":"ListItem","position":3,"name":"Depressionen und Angst"}]},{"@type":"WebSite","@id":"https:\/\/www.heartfailurematters.org\/de\/#website","url":"https:\/\/www.heartfailurematters.org\/de\/","name":"Heart Failure Matters","description":"Practical information for patients, families and caregivers.","publisher":{"@id":"https:\/\/www.heartfailurematters.org\/de\/#organization"},"potentialAction":[{"@type":"SearchAction","target":{"@type":"EntryPoint","urlTemplate":"https:\/\/www.heartfailurematters.org\/de\/?s={search_term_string}"},"query-input":{"@type":"PropertyValueSpecification","valueRequired":true,"valueName":"search_term_string"}}],"inLanguage":"de"},{"@type":"Organization","@id":"https:\/\/www.heartfailurematters.org\/de\/#organization","name":"Heart Failure Matters","url":"https:\/\/www.heartfailurematters.org\/de\/","logo":{"@type":"ImageObject","inLanguage":"de","@id":"https:\/\/www.heartfailurematters.org\/de\/#\/schema\/logo\/image\/","url":"https:\/\/cdn-endpoint-hfm.azureedge.net\/heartfailurematters\/2024\/07\/hfm-logo1.jpg","contentUrl":"https:\/\/cdn-endpoint-hfm.azureedge.net\/heartfailurematters\/2024\/07\/hfm-logo1.jpg","width":1280,"height":720,"caption":"Heart Failure Matters"},"image":{"@id":"https:\/\/www.heartfailurematters.org\/de\/#\/schema\/logo\/image\/"},"sameAs":["https:\/\/www.facebook.com\/heartfailurematters"]}]}},"_links":{"self":[{"href":"https:\/\/www.heartfailurematters.org\/de\/wp-json\/wp\/v2\/pages\/8096","targetHints":{"allow":["GET"]}}],"collection":[{"href":"https:\/\/www.heartfailurematters.org\/de\/wp-json\/wp\/v2\/pages"}],"about":[{"href":"https:\/\/www.heartfailurematters.org\/de\/wp-json\/wp\/v2\/types\/page"}],"author":[{"embeddable":true,"href":"https:\/\/www.heartfailurematters.org\/de\/wp-json\/wp\/v2\/users\/1"}],"replies":[{"embeddable":true,"href":"https:\/\/www.heartfailurematters.org\/de\/wp-json\/wp\/v2\/comments?post=8096"}],"version-history":[{"count":1,"href":"https:\/\/www.heartfailurematters.org\/de\/wp-json\/wp\/v2\/pages\/8096\/revisions"}],"predecessor-version":[{"id":9374,"href":"https:\/\/www.heartfailurematters.org\/de\/wp-json\/wp\/v2\/pages\/8096\/revisions\/9374"}],"up":[{"embeddable":true,"href":"https:\/\/www.heartfailurematters.org\/de\/wp-json\/wp\/v2\/pages\/8049"}],"wp:featuredmedia":[{"embeddable":true,"href":"https:\/\/www.heartfailurematters.org\/de\/wp-json\/wp\/v2\/media\/10849"}],"wp:attachment":[{"href":"https:\/\/www.heartfailurematters.org\/de\/wp-json\/wp\/v2\/media?parent=8096"}],"wp:term":[{"taxonomy":"category","embeddable":true,"href":"https:\/\/www.heartfailurematters.org\/de\/wp-json\/wp\/v2\/categories?post=8096"},{"taxonomy":"post_tag","embeddable":true,"href":"https:\/\/www.heartfailurematters.org\/de\/wp-json\/wp\/v2\/tags?post=8096"}],"curies":[{"name":"wp","href":"https:\/\/api.w.org\/{rel}","templated":true}]}}