{"id":8088,"date":"2021-04-12T11:40:59","date_gmt":"2021-04-12T10:40:59","guid":{"rendered":"https:\/\/www.heartfailurematters.org\/zurueck-zu-ursachen-fuer-herzinsuffizienz-und-andere-haeufige-erkrankungen\/uebergewicht-anorexie\/"},"modified":"2021-09-24T17:14:52","modified_gmt":"2021-09-24T16:14:52","slug":"uebergewicht-anorexie","status":"publish","type":"page","link":"https:\/\/www.heartfailurematters.org\/de\/zurueck-zu-ursachen-fuer-herzinsuffizienz-und-andere-haeufige-erkrankungen\/uebergewicht-anorexie\/","title":{"rendered":"\u00dcbergewicht und Untergewicht"},"content":{"rendered":"<p>\u00dcbergewicht (Adipositas) erh\u00f6ht das Risiko f\u00fcr Herz-Kreislauf-Erkrankungen, die dann wiederum zu einer Herzinsuffizienz f\u00fchren k\u00f6nnen. Daher wird eine gesunde Gewichtskontrolle generell zur Vermeidung von Herzinsuffizienz empfohlen. Das Management eines gesunden K\u00f6rpergewichts ist bei Patienten mit Herzinsuffizienz allerdings etwas komplexer als die blo\u00dfe Empfehlung zur Gewichtsabnahme. Folgende Beobachtungen und \u00dcberlegungen spielen hier eine Rolle:<\/p>\n<ol>\n<li>Mit zunehmendem Alter nimmt der Einfluss von \u00dcbergewicht auf das Sterberisiko ab. Daher deutet ein h\u00f6heres K\u00f6rpergewicht bei vielen Patienten mit Herzinsuffizienz nicht automatisch auch auf ein h\u00f6heres Sterberisiko hin.<\/li>\n<li>Wissenschaftliche Beweise legen nahe, dass Herzinsuffizienzpatienten mit leichtem \u00dcbergewicht (Body Mass Index von 25-30 kg\/m\u00b2) im Mittel eine l\u00e4ngere Lebensdauer haben.<\/li>\n<li>Unter Herzinsuffizienz versteht man heute eine komplexe Erkrankung, die nicht nur Konsequenzen f\u00fcr das Herz, sondern f\u00fcr den gesamten K\u00f6rper (insbesondere die Muskeln) hat und zu Stoffwechselver\u00e4nderungen f\u00fchrt.<\/li>\n<\/ol>\n<p>Diese Stoffwechselver\u00e4nderungen sind chemische Prozesse in den K\u00f6rperzellen und f\u00fchren oft zu Appetitlosigkeit und reduzierter Nahrungsaufnahme. Der Stoffwechsel des K\u00f6rpers ver\u00e4ndert sich durch die Herzinsuffizienz allm\u00e4hlich. Dadurch verlieren manche Patienten im fortgeschrittenen Stadium langsam aber kontinuierlich Gewicht. Dieser meist schleichende, unbeabsichtigte Gewichtsverlust bei Patienten mit Herzinsuffizienz ist ein Warnsignal, da er auf einen fortschreitenden Schweregrad der Herzinsuffizienz hinweist. Ein anhaltender Gewichtsverlust von mehr als 5 % des K\u00f6rpergewichts wird als kardiale Kachexie bezeichnet und geht mit einer Verschlimmerung der Symptome und einer Verschlechterung der Lebensqualit\u00e4t und der Prognose einher. Im Hinblick auf eine gesunde Ern\u00e4hrungsweise ist eine ausgewogene Ern\u00e4hrung in Kombination mit regelm\u00e4\u00dfiger Bewegung wichtig.<\/p>\n<p>Strategien zur Gewichtsreduktion bei Patienten mit Herzinsuffizienz sollten sorgf\u00e4ltig \u00fcberwacht und individuell mit dem Behandlungsteam abgestimmt sein. Gewichtszunahme bei Herzinsuffizienz kann auf eine erh\u00f6hte Fl\u00fcssigkeitsretention hinweisen. Patienten, insbesondere diejenigen, die Diuretika einnehmen, sollten unerwartete Gewichtsver\u00e4nderungen mit ihrem Behandlungsteam besprechen.<\/p>\n<p><a href=\"https:\/\/www.heartfailurematters.org\/heart-failure-causes-and-other-common-medical-conditions\/other-common-medical-conditions-and-heart-failure\/\">Zur\u00fcck zu Andere h\u00e4ufige Erkrankungen und Herzinsuffizienz<\/a><\/p>\n","protected":false},"excerpt":{"rendered":"<p>\u00dcbergewicht (Adipositas) erh\u00f6ht das Risiko f\u00fcr Herz-Kreislauf-Erkrankungen, die dann wiederum zu einer Herzinsuffizienz f\u00fchren k\u00f6nnen. Daher wird eine gesunde Gewichtskontrolle generell zur Vermeidung von Herzinsuffizienz empfohlen. Das Management eines gesunden K\u00f6rpergewichts ist bei Patienten mit Herzinsuffizienz allerdings etwas komplexer als die blo\u00dfe Empfehlung zur Gewichtsabnahme. Folgende Beobachtungen und \u00dcberlegungen spielen hier eine Rolle: Mit zunehmendem [&hellip;]<\/p>\n","protected":false},"author":1,"featured_media":10809,"parent":8049,"menu_order":19,"comment_status":"closed","ping_status":"closed","template":"","meta":{"_acf_changed":false,"footnotes":""},"categories":[],"tags":[],"class_list":["post-8088","page","type-page","status-publish","has-post-thumbnail","hentry"],"acf":[],"yoast_head":"<!-- This site is optimized with the Yoast SEO plugin v24.8.1 - https:\/\/yoast.com\/wordpress\/plugins\/seo\/ -->\n<title>\u00dcbergewicht und Untergewicht - Heart Failure Matters<\/title>\n<meta name=\"description\" content=\"\u00dcbergewicht und Adipositas erh\u00f6hen bekannterma\u00dfen das Risiko f\u00fcr Herz-Kreislauf-Erkrankungen, die zu einer Herzinsuffizienz f\u00fchren k\u00f6nnen.\" \/>\n<meta name=\"robots\" content=\"index, follow, max-snippet:-1, max-image-preview:large, max-video-preview:-1\" \/>\n<link rel=\"canonical\" href=\"https:\/\/www.heartfailurematters.org\/de\/zurueck-zu-ursachen-fuer-herzinsuffizienz-und-andere-haeufige-erkrankungen\/uebergewicht-anorexie\/\" \/>\n<meta property=\"og:locale\" content=\"de_DE\" \/>\n<meta property=\"og:type\" content=\"article\" \/>\n<meta property=\"og:title\" content=\"\u00dcbergewicht und Untergewicht - Heart Failure Matters\" \/>\n<meta property=\"og:description\" content=\"\u00dcbergewicht und Adipositas erh\u00f6hen bekannterma\u00dfen das Risiko f\u00fcr Herz-Kreislauf-Erkrankungen, die zu einer Herzinsuffizienz f\u00fchren k\u00f6nnen.\" \/>\n<meta property=\"og:url\" content=\"https:\/\/www.heartfailurematters.org\/de\/zurueck-zu-ursachen-fuer-herzinsuffizienz-und-andere-haeufige-erkrankungen\/uebergewicht-anorexie\/\" \/>\n<meta property=\"og:site_name\" content=\"Heart Failure Matters\" \/>\n<meta property=\"article:publisher\" content=\"https:\/\/www.facebook.com\/heartfailurematters\" \/>\n<meta property=\"article:modified_time\" content=\"2021-09-24T16:14:52+00:00\" \/>\n<meta property=\"og:image\" content=\"https:\/\/www.heartfailurematters.org\/wp-content\/uploads\/2022\/03\/shutterstock_133701917-1-min.jpg\" \/>\n\t<meta property=\"og:image:width\" content=\"900\" \/>\n\t<meta property=\"og:image:height\" content=\"773\" \/>\n\t<meta property=\"og:image:type\" content=\"image\/jpeg\" \/>\n<meta name=\"twitter:card\" content=\"summary_large_image\" \/>\n<meta name=\"twitter:label1\" content=\"Gesch\u00e4tzte Lesezeit\" \/>\n\t<meta name=\"twitter:data1\" content=\"2\u00a0Minuten\" \/>\n<script type=\"application\/ld+json\" class=\"yoast-schema-graph\">{\"@context\":\"https:\/\/schema.org\",\"@graph\":[{\"@type\":\"WebPage\",\"@id\":\"https:\/\/www.heartfailurematters.org\/de\/zurueck-zu-ursachen-fuer-herzinsuffizienz-und-andere-haeufige-erkrankungen\/uebergewicht-anorexie\/\",\"url\":\"https:\/\/www.heartfailurematters.org\/de\/zurueck-zu-ursachen-fuer-herzinsuffizienz-und-andere-haeufige-erkrankungen\/uebergewicht-anorexie\/\",\"name\":\"\u00dcbergewicht und Untergewicht - Heart Failure Matters\",\"isPartOf\":{\"@id\":\"https:\/\/www.heartfailurematters.org\/de\/#website\"},\"primaryImageOfPage\":{\"@id\":\"https:\/\/www.heartfailurematters.org\/de\/zurueck-zu-ursachen-fuer-herzinsuffizienz-und-andere-haeufige-erkrankungen\/uebergewicht-anorexie\/#primaryimage\"},\"image\":{\"@id\":\"https:\/\/www.heartfailurematters.org\/de\/zurueck-zu-ursachen-fuer-herzinsuffizienz-und-andere-haeufige-erkrankungen\/uebergewicht-anorexie\/#primaryimage\"},\"thumbnailUrl\":\"https:\/\/www.heartfailurematters.org\/wp-content\/uploads\/2022\/03\/shutterstock_133701917-1-min.jpg\",\"datePublished\":\"2021-04-12T10:40:59+00:00\",\"dateModified\":\"2021-09-24T16:14:52+00:00\",\"description\":\"\u00dcbergewicht und Adipositas erh\u00f6hen bekannterma\u00dfen das Risiko f\u00fcr Herz-Kreislauf-Erkrankungen, die zu einer Herzinsuffizienz f\u00fchren k\u00f6nnen.\",\"breadcrumb\":{\"@id\":\"https:\/\/www.heartfailurematters.org\/de\/zurueck-zu-ursachen-fuer-herzinsuffizienz-und-andere-haeufige-erkrankungen\/uebergewicht-anorexie\/#breadcrumb\"},\"inLanguage\":\"de\",\"potentialAction\":[{\"@type\":\"ReadAction\",\"target\":[\"https:\/\/www.heartfailurematters.org\/de\/zurueck-zu-ursachen-fuer-herzinsuffizienz-und-andere-haeufige-erkrankungen\/uebergewicht-anorexie\/\"]}]},{\"@type\":\"ImageObject\",\"inLanguage\":\"de\",\"@id\":\"https:\/\/www.heartfailurematters.org\/de\/zurueck-zu-ursachen-fuer-herzinsuffizienz-und-andere-haeufige-erkrankungen\/uebergewicht-anorexie\/#primaryimage\",\"url\":\"https:\/\/www.heartfailurematters.org\/wp-content\/uploads\/2022\/03\/shutterstock_133701917-1-min.jpg\",\"contentUrl\":\"https:\/\/www.heartfailurematters.org\/wp-content\/uploads\/2022\/03\/shutterstock_133701917-1-min.jpg\",\"width\":900,\"height\":773},{\"@type\":\"BreadcrumbList\",\"@id\":\"https:\/\/www.heartfailurematters.org\/de\/zurueck-zu-ursachen-fuer-herzinsuffizienz-und-andere-haeufige-erkrankungen\/uebergewicht-anorexie\/#breadcrumb\",\"itemListElement\":[{\"@type\":\"ListItem\",\"position\":1,\"name\":\"Startseite\",\"item\":\"https:\/\/www.heartfailurematters.org\/de\/\"},{\"@type\":\"ListItem\",\"position\":2,\"name\":\"Ursachen f\u00fcr Herzinsuffizienz und andere h\u00e4ufige Erkrankungen\",\"item\":\"https:\/\/www.heartfailurematters.org\/de\/zurueck-zu-ursachen-fuer-herzinsuffizienz-und-andere-haeufige-erkrankungen\/\"},{\"@type\":\"ListItem\",\"position\":3,\"name\":\"\u00dcbergewicht und Untergewicht\"}]},{\"@type\":\"WebSite\",\"@id\":\"https:\/\/www.heartfailurematters.org\/de\/#website\",\"url\":\"https:\/\/www.heartfailurematters.org\/de\/\",\"name\":\"Heart Failure Matters\",\"description\":\"Practical information for patients, families and caregivers.\",\"publisher\":{\"@id\":\"https:\/\/www.heartfailurematters.org\/de\/#organization\"},\"potentialAction\":[{\"@type\":\"SearchAction\",\"target\":{\"@type\":\"EntryPoint\",\"urlTemplate\":\"https:\/\/www.heartfailurematters.org\/de\/?s={search_term_string}\"},\"query-input\":{\"@type\":\"PropertyValueSpecification\",\"valueRequired\":true,\"valueName\":\"search_term_string\"}}],\"inLanguage\":\"de\"},{\"@type\":\"Organization\",\"@id\":\"https:\/\/www.heartfailurematters.org\/de\/#organization\",\"name\":\"Heart Failure Matters\",\"url\":\"https:\/\/www.heartfailurematters.org\/de\/\",\"logo\":{\"@type\":\"ImageObject\",\"inLanguage\":\"de\",\"@id\":\"https:\/\/www.heartfailurematters.org\/de\/#\/schema\/logo\/image\/\",\"url\":\"https:\/\/cdn-endpoint-hfm.azureedge.net\/heartfailurematters\/2024\/07\/hfm-logo1.jpg\",\"contentUrl\":\"https:\/\/cdn-endpoint-hfm.azureedge.net\/heartfailurematters\/2024\/07\/hfm-logo1.jpg\",\"width\":1280,\"height\":720,\"caption\":\"Heart Failure Matters\"},\"image\":{\"@id\":\"https:\/\/www.heartfailurematters.org\/de\/#\/schema\/logo\/image\/\"},\"sameAs\":[\"https:\/\/www.facebook.com\/heartfailurematters\"]}]}<\/script>\n<!-- \/ Yoast SEO plugin. -->","yoast_head_json":{"title":"\u00dcbergewicht und Untergewicht - Heart Failure Matters","description":"\u00dcbergewicht und Adipositas erh\u00f6hen bekannterma\u00dfen das Risiko f\u00fcr Herz-Kreislauf-Erkrankungen, die zu einer Herzinsuffizienz f\u00fchren k\u00f6nnen.","robots":{"index":"index","follow":"follow","max-snippet":"max-snippet:-1","max-image-preview":"max-image-preview:large","max-video-preview":"max-video-preview:-1"},"canonical":"https:\/\/www.heartfailurematters.org\/de\/zurueck-zu-ursachen-fuer-herzinsuffizienz-und-andere-haeufige-erkrankungen\/uebergewicht-anorexie\/","og_locale":"de_DE","og_type":"article","og_title":"\u00dcbergewicht und Untergewicht - Heart Failure Matters","og_description":"\u00dcbergewicht und Adipositas erh\u00f6hen bekannterma\u00dfen das Risiko f\u00fcr Herz-Kreislauf-Erkrankungen, die zu einer Herzinsuffizienz f\u00fchren k\u00f6nnen.","og_url":"https:\/\/www.heartfailurematters.org\/de\/zurueck-zu-ursachen-fuer-herzinsuffizienz-und-andere-haeufige-erkrankungen\/uebergewicht-anorexie\/","og_site_name":"Heart Failure Matters","article_publisher":"https:\/\/www.facebook.com\/heartfailurematters","article_modified_time":"2021-09-24T16:14:52+00:00","og_image":[{"width":900,"height":773,"url":"https:\/\/www.heartfailurematters.org\/wp-content\/uploads\/2022\/03\/shutterstock_133701917-1-min.jpg","type":"image\/jpeg"}],"twitter_card":"summary_large_image","twitter_misc":{"Gesch\u00e4tzte Lesezeit":"2\u00a0Minuten"},"schema":{"@context":"https:\/\/schema.org","@graph":[{"@type":"WebPage","@id":"https:\/\/www.heartfailurematters.org\/de\/zurueck-zu-ursachen-fuer-herzinsuffizienz-und-andere-haeufige-erkrankungen\/uebergewicht-anorexie\/","url":"https:\/\/www.heartfailurematters.org\/de\/zurueck-zu-ursachen-fuer-herzinsuffizienz-und-andere-haeufige-erkrankungen\/uebergewicht-anorexie\/","name":"\u00dcbergewicht und Untergewicht - Heart Failure Matters","isPartOf":{"@id":"https:\/\/www.heartfailurematters.org\/de\/#website"},"primaryImageOfPage":{"@id":"https:\/\/www.heartfailurematters.org\/de\/zurueck-zu-ursachen-fuer-herzinsuffizienz-und-andere-haeufige-erkrankungen\/uebergewicht-anorexie\/#primaryimage"},"image":{"@id":"https:\/\/www.heartfailurematters.org\/de\/zurueck-zu-ursachen-fuer-herzinsuffizienz-und-andere-haeufige-erkrankungen\/uebergewicht-anorexie\/#primaryimage"},"thumbnailUrl":"https:\/\/www.heartfailurematters.org\/wp-content\/uploads\/2022\/03\/shutterstock_133701917-1-min.jpg","datePublished":"2021-04-12T10:40:59+00:00","dateModified":"2021-09-24T16:14:52+00:00","description":"\u00dcbergewicht und Adipositas erh\u00f6hen bekannterma\u00dfen das Risiko f\u00fcr Herz-Kreislauf-Erkrankungen, die zu einer Herzinsuffizienz f\u00fchren k\u00f6nnen.","breadcrumb":{"@id":"https:\/\/www.heartfailurematters.org\/de\/zurueck-zu-ursachen-fuer-herzinsuffizienz-und-andere-haeufige-erkrankungen\/uebergewicht-anorexie\/#breadcrumb"},"inLanguage":"de","potentialAction":[{"@type":"ReadAction","target":["https:\/\/www.heartfailurematters.org\/de\/zurueck-zu-ursachen-fuer-herzinsuffizienz-und-andere-haeufige-erkrankungen\/uebergewicht-anorexie\/"]}]},{"@type":"ImageObject","inLanguage":"de","@id":"https:\/\/www.heartfailurematters.org\/de\/zurueck-zu-ursachen-fuer-herzinsuffizienz-und-andere-haeufige-erkrankungen\/uebergewicht-anorexie\/#primaryimage","url":"https:\/\/www.heartfailurematters.org\/wp-content\/uploads\/2022\/03\/shutterstock_133701917-1-min.jpg","contentUrl":"https:\/\/www.heartfailurematters.org\/wp-content\/uploads\/2022\/03\/shutterstock_133701917-1-min.jpg","width":900,"height":773},{"@type":"BreadcrumbList","@id":"https:\/\/www.heartfailurematters.org\/de\/zurueck-zu-ursachen-fuer-herzinsuffizienz-und-andere-haeufige-erkrankungen\/uebergewicht-anorexie\/#breadcrumb","itemListElement":[{"@type":"ListItem","position":1,"name":"Startseite","item":"https:\/\/www.heartfailurematters.org\/de\/"},{"@type":"ListItem","position":2,"name":"Ursachen f\u00fcr Herzinsuffizienz und andere h\u00e4ufige Erkrankungen","item":"https:\/\/www.heartfailurematters.org\/de\/zurueck-zu-ursachen-fuer-herzinsuffizienz-und-andere-haeufige-erkrankungen\/"},{"@type":"ListItem","position":3,"name":"\u00dcbergewicht und Untergewicht"}]},{"@type":"WebSite","@id":"https:\/\/www.heartfailurematters.org\/de\/#website","url":"https:\/\/www.heartfailurematters.org\/de\/","name":"Heart Failure Matters","description":"Practical information for patients, families and caregivers.","publisher":{"@id":"https:\/\/www.heartfailurematters.org\/de\/#organization"},"potentialAction":[{"@type":"SearchAction","target":{"@type":"EntryPoint","urlTemplate":"https:\/\/www.heartfailurematters.org\/de\/?s={search_term_string}"},"query-input":{"@type":"PropertyValueSpecification","valueRequired":true,"valueName":"search_term_string"}}],"inLanguage":"de"},{"@type":"Organization","@id":"https:\/\/www.heartfailurematters.org\/de\/#organization","name":"Heart Failure Matters","url":"https:\/\/www.heartfailurematters.org\/de\/","logo":{"@type":"ImageObject","inLanguage":"de","@id":"https:\/\/www.heartfailurematters.org\/de\/#\/schema\/logo\/image\/","url":"https:\/\/cdn-endpoint-hfm.azureedge.net\/heartfailurematters\/2024\/07\/hfm-logo1.jpg","contentUrl":"https:\/\/cdn-endpoint-hfm.azureedge.net\/heartfailurematters\/2024\/07\/hfm-logo1.jpg","width":1280,"height":720,"caption":"Heart Failure Matters"},"image":{"@id":"https:\/\/www.heartfailurematters.org\/de\/#\/schema\/logo\/image\/"},"sameAs":["https:\/\/www.facebook.com\/heartfailurematters"]}]}},"_links":{"self":[{"href":"https:\/\/www.heartfailurematters.org\/de\/wp-json\/wp\/v2\/pages\/8088","targetHints":{"allow":["GET"]}}],"collection":[{"href":"https:\/\/www.heartfailurematters.org\/de\/wp-json\/wp\/v2\/pages"}],"about":[{"href":"https:\/\/www.heartfailurematters.org\/de\/wp-json\/wp\/v2\/types\/page"}],"author":[{"embeddable":true,"href":"https:\/\/www.heartfailurematters.org\/de\/wp-json\/wp\/v2\/users\/1"}],"replies":[{"embeddable":true,"href":"https:\/\/www.heartfailurematters.org\/de\/wp-json\/wp\/v2\/comments?post=8088"}],"version-history":[{"count":1,"href":"https:\/\/www.heartfailurematters.org\/de\/wp-json\/wp\/v2\/pages\/8088\/revisions"}],"predecessor-version":[{"id":9383,"href":"https:\/\/www.heartfailurematters.org\/de\/wp-json\/wp\/v2\/pages\/8088\/revisions\/9383"}],"up":[{"embeddable":true,"href":"https:\/\/www.heartfailurematters.org\/de\/wp-json\/wp\/v2\/pages\/8049"}],"wp:featuredmedia":[{"embeddable":true,"href":"https:\/\/www.heartfailurematters.org\/de\/wp-json\/wp\/v2\/media\/10809"}],"wp:attachment":[{"href":"https:\/\/www.heartfailurematters.org\/de\/wp-json\/wp\/v2\/media?parent=8088"}],"wp:term":[{"taxonomy":"category","embeddable":true,"href":"https:\/\/www.heartfailurematters.org\/de\/wp-json\/wp\/v2\/categories?post=8088"},{"taxonomy":"post_tag","embeddable":true,"href":"https:\/\/www.heartfailurematters.org\/de\/wp-json\/wp\/v2\/tags?post=8088"}],"curies":[{"name":"wp","href":"https:\/\/api.w.org\/{rel}","templated":true}]}}