{"id":8085,"date":"2021-04-12T11:40:58","date_gmt":"2021-04-12T10:40:58","guid":{"rendered":"https:\/\/www.heartfailurematters.org\/zurueck-zu-ursachen-fuer-herzinsuffizienz-und-andere-haeufige-erkrankungen\/lungenerkrankungen\/"},"modified":"2021-09-24T17:14:49","modified_gmt":"2021-09-24T16:14:49","slug":"lungenerkrankungen","status":"publish","type":"page","link":"https:\/\/www.heartfailurematters.org\/de\/zurueck-zu-ursachen-fuer-herzinsuffizienz-und-andere-haeufige-erkrankungen\/lungenerkrankungen\/","title":{"rendered":"Lungenerkrankungen"},"content":{"rendered":"<p>Viele Patienten mit Herzinsuffizienz haben auch Lungenerkrankungen. Lungenerkrankungen und Herzinsuffizienz k\u00f6nnen \u00e4hnliche Symptome hervorrufen, insbesondere nat\u00fcrlich Atemnot (Dyspnoe) und Ersch\u00f6pfung. Der medizinische Begriff f\u00fcr Atemnot ist Dyspnoe. Die h\u00e4ufigsten Lungenerkrankungen sind chronisch obstruktive Lungenerkrankung (COPD), Emphysem und Asthma. Seltener, aber ebenfalls bedeutsam sind Schlaf-bezogene Atmungsst\u00f6rungen wie Lungenfibrose, und auch Lungenkrebs.<\/p>\n<p>Lungenerkrankungen haben normalerweise eine spezifische Ursache. Rauchen kann zu chronisch obstruktiver Lungenerkrankung, Asthma, Emphysem oder Lungenkrebs f\u00fchren. Allergien k\u00f6nnen saisonale Ursachen f\u00fcr Lungenerkrankungen sein. Diese Erkrankungen verursachen Atemnot, Husten, M\u00fcdigkeit und verminderte Belastbarkeit. Diagnostische Tests, die h\u00e4ufig zum Nachweis von Lungenerkrankungen verwendet werden, sind R\u00f6ntgenuntersuchungen des Brustkorbs und Lungenfunktionstests (z.&nbsp;B. Spirometrie). Herzinsuffizienz kann auch gemeinsam mit einem Pleuraerguss auftreten; dabei sammelt sich Fl\u00fcssigkeit um die Lunge an, was die Atemnot verursacht oder verschlimmert.<\/p>\n<p>Wenn bei Ihnen eine begleitende Lungenerkrankung diagnostiziert wurde, erhalten Sie spezifische Ratschl\u00e4ge und Therapien zur optimalen Kontrolle der Lungenerkrankung. Die erste und wichtigste Ma\u00dfnahme ist, mit dem Rauchen aufzuh\u00f6ren. Medikamente helfen haupts\u00e4chlich bei der Symptomkontrolle. Es werden Mittel zur Inhalation wie Bronchodilatatoren und Kortikosteroide genutzt, die im Allgemeinen wenig Nebenwirkungen haben und zus\u00e4tzlich zu Herzinsuffizienzmedikamenten verwendet werden k\u00f6nnen. Wichtig sind auch eine regelm\u00e4\u00dfige Immunisierung gegen Influenza (saisonal), Pneumokokken-Pneumonie (alle 5 Jahre) und seit 2020 gegen das Coronavirus SARS-CoV-2.<\/p>\n<p>Lungenerkrankungen beeintr\u00e4chtigen den Gasaustausch. Es gelangt nicht gen\u00fcgend Sauerstoff aus der Lunge in das Blut und dann \u00fcber den Blutkreislauf in Ihre Organe. Man nennt die zu geringe Sauerstoffkonzentration im Blut auch Hypoxie. Um den Sauerstoffbedarf der Organe zu decken, muss Ihr Herz vermehrt arbeiten. Bei schwerer Hypoxie kann zur Unterst\u00fctzung der Herzarbeit eine langfristige Sauerstofftherapie zu Hause empfehlenswert sein. Bei fortgeschrittener Lungenerkrankung k\u00f6nnen Patienten Kohlendioxid nicht ausreichend ausscheiden, wodurch sich Symptome wie M\u00fcdigkeit und Belastungsintoleranz weiter verschlechtern.<\/p>\n<p>COPD ist ein wichtiger Risikofaktor f\u00fcr Herzinsuffizienz. Hierbei weist vor allem die linke Herzkammer eine eingeschr\u00e4nkte Funktion auf. Bei Patienten mit Lungenerkrankung und Herzinsuffizienz ist die rechte Seite des Herzens, die die Lunge mit Blut versorgt, zus\u00e4tzlich belastet. Es kann sich begleitend eine sogenannte Rechtsherzinsuffizienz entwickeln, die die Atemnot nicht verschlimmert, aber das Risiko f\u00fcr Thrombosen erh\u00f6ht und Wasseransammlung in Bauch oder Beinen zur Folge hat. Diese Wassereinlagerung wird als \u00d6dem bezeichnet und ist auch h\u00e4ufig ein Symptom f\u00fcr Herzinsuffizienz. Eine isolierte rechtsseitige Herzinsuffizienz ist sehr selten (&lt;1&nbsp;%).<\/p>\n<p>Patienten mit Herzinsuffizienz und Lungenerkrankung haben \u00e4hnliche Symptome. Eine Lungenstauung aufgrund von Herzinsuffizienz verschlimmert die Symptome bei Patienten mit gleichzeitig bestehender Lungenerkrankung und kann zus\u00e4tzliche Blockaden verursachen, die sich durch Spirometrie feststellen lassen. Bei COPD entsteht eine Obstruktion innerhalb der Bronchiolen, der kleinen \u201eLuftschl\u00e4uche\u201c in der Lunge. Bei Herzinsuffizienz sammelt sich Fl\u00fcssigkeit au\u00dferhalb der Bronchiolen in der Lunge an. Es muss daher unbedingt bei Patienten mit Lungenerkrankungen gegebenenfalls auch eine begleitend vorliegende Herzinsuffizienz diagnostiziert werden und umgekehrt. Besprechen Sie Ihre Symptome mit Ihrem Hausarzt oder Krankenpfleger.<\/p>\n<p><a href=\"https:\/\/www.heartfailurematters.org\/heart-failure-causes-and-other-common-medical-conditions\/other-common-medical-conditions-and-heart-failure\/\">Zur\u00fcck zu Andere h\u00e4ufige Erkrankungen und Herzinsuffizienz<\/a><\/p>\n","protected":false},"excerpt":{"rendered":"<p>Viele Patienten mit Herzinsuffizienz haben auch Lungenerkrankungen. Lungenerkrankungen und Herzinsuffizienz k\u00f6nnen \u00e4hnliche Symptome hervorrufen, insbesondere nat\u00fcrlich Atemnot (Dyspnoe) und Ersch\u00f6pfung. Der medizinische Begriff f\u00fcr Atemnot ist Dyspnoe. Die h\u00e4ufigsten Lungenerkrankungen sind chronisch obstruktive Lungenerkrankung (COPD), Emphysem und Asthma. Seltener, aber ebenfalls bedeutsam sind Schlaf-bezogene Atmungsst\u00f6rungen wie Lungenfibrose, und auch Lungenkrebs. Lungenerkrankungen haben normalerweise eine spezifische [&hellip;]<\/p>\n","protected":false},"author":1,"featured_media":10657,"parent":8049,"menu_order":11,"comment_status":"closed","ping_status":"closed","template":"","meta":{"_acf_changed":false,"footnotes":""},"categories":[],"tags":[],"class_list":["post-8085","page","type-page","status-publish","has-post-thumbnail","hentry"],"acf":[],"yoast_head":"<!-- This site is optimized with the Yoast SEO plugin v24.8.1 - https:\/\/yoast.com\/wordpress\/plugins\/seo\/ -->\n<title>Lungenerkrankungen - Heart Failure Matters<\/title>\n<meta name=\"description\" content=\"Lungenerkrankungen und Herzinsuffizienz k\u00f6nnen \u00e4hnliche Symptome hervorrufen, insbesondere nat\u00fcrlich Atemnot (Dyspnoe) und Ersch\u00f6pfung.\" \/>\n<meta name=\"robots\" content=\"index, follow, max-snippet:-1, max-image-preview:large, max-video-preview:-1\" \/>\n<link rel=\"canonical\" href=\"https:\/\/www.heartfailurematters.org\/de\/zurueck-zu-ursachen-fuer-herzinsuffizienz-und-andere-haeufige-erkrankungen\/lungenerkrankungen\/\" \/>\n<meta property=\"og:locale\" content=\"de_DE\" \/>\n<meta property=\"og:type\" content=\"article\" \/>\n<meta property=\"og:title\" content=\"Lungenerkrankungen - Heart Failure Matters\" \/>\n<meta property=\"og:description\" content=\"Lungenerkrankungen und Herzinsuffizienz k\u00f6nnen \u00e4hnliche Symptome hervorrufen, insbesondere nat\u00fcrlich Atemnot (Dyspnoe) und Ersch\u00f6pfung.\" \/>\n<meta property=\"og:url\" content=\"https:\/\/www.heartfailurematters.org\/de\/zurueck-zu-ursachen-fuer-herzinsuffizienz-und-andere-haeufige-erkrankungen\/lungenerkrankungen\/\" \/>\n<meta property=\"og:site_name\" content=\"Heart Failure Matters\" \/>\n<meta property=\"article:publisher\" content=\"https:\/\/www.facebook.com\/heartfailurematters\" \/>\n<meta property=\"article:modified_time\" content=\"2021-09-24T16:14:49+00:00\" \/>\n<meta property=\"og:image\" content=\"https:\/\/www.heartfailurematters.org\/wp-content\/uploads\/2022\/02\/shutterstock_1497378077-1-min.jpg\" \/>\n\t<meta property=\"og:image:width\" content=\"900\" \/>\n\t<meta property=\"og:image:height\" content=\"600\" \/>\n\t<meta property=\"og:image:type\" content=\"image\/jpeg\" \/>\n<meta name=\"twitter:card\" content=\"summary_large_image\" \/>\n<meta name=\"twitter:label1\" content=\"Gesch\u00e4tzte Lesezeit\" \/>\n\t<meta name=\"twitter:data1\" content=\"2\u00a0Minuten\" \/>\n<script type=\"application\/ld+json\" class=\"yoast-schema-graph\">{\"@context\":\"https:\/\/schema.org\",\"@graph\":[{\"@type\":\"WebPage\",\"@id\":\"https:\/\/www.heartfailurematters.org\/de\/zurueck-zu-ursachen-fuer-herzinsuffizienz-und-andere-haeufige-erkrankungen\/lungenerkrankungen\/\",\"url\":\"https:\/\/www.heartfailurematters.org\/de\/zurueck-zu-ursachen-fuer-herzinsuffizienz-und-andere-haeufige-erkrankungen\/lungenerkrankungen\/\",\"name\":\"Lungenerkrankungen - Heart Failure Matters\",\"isPartOf\":{\"@id\":\"https:\/\/www.heartfailurematters.org\/de\/#website\"},\"primaryImageOfPage\":{\"@id\":\"https:\/\/www.heartfailurematters.org\/de\/zurueck-zu-ursachen-fuer-herzinsuffizienz-und-andere-haeufige-erkrankungen\/lungenerkrankungen\/#primaryimage\"},\"image\":{\"@id\":\"https:\/\/www.heartfailurematters.org\/de\/zurueck-zu-ursachen-fuer-herzinsuffizienz-und-andere-haeufige-erkrankungen\/lungenerkrankungen\/#primaryimage\"},\"thumbnailUrl\":\"https:\/\/www.heartfailurematters.org\/wp-content\/uploads\/2022\/02\/shutterstock_1497378077-1-min.jpg\",\"datePublished\":\"2021-04-12T10:40:58+00:00\",\"dateModified\":\"2021-09-24T16:14:49+00:00\",\"description\":\"Lungenerkrankungen und Herzinsuffizienz k\u00f6nnen \u00e4hnliche Symptome hervorrufen, insbesondere nat\u00fcrlich Atemnot (Dyspnoe) und Ersch\u00f6pfung.\",\"breadcrumb\":{\"@id\":\"https:\/\/www.heartfailurematters.org\/de\/zurueck-zu-ursachen-fuer-herzinsuffizienz-und-andere-haeufige-erkrankungen\/lungenerkrankungen\/#breadcrumb\"},\"inLanguage\":\"de\",\"potentialAction\":[{\"@type\":\"ReadAction\",\"target\":[\"https:\/\/www.heartfailurematters.org\/de\/zurueck-zu-ursachen-fuer-herzinsuffizienz-und-andere-haeufige-erkrankungen\/lungenerkrankungen\/\"]}]},{\"@type\":\"ImageObject\",\"inLanguage\":\"de\",\"@id\":\"https:\/\/www.heartfailurematters.org\/de\/zurueck-zu-ursachen-fuer-herzinsuffizienz-und-andere-haeufige-erkrankungen\/lungenerkrankungen\/#primaryimage\",\"url\":\"https:\/\/www.heartfailurematters.org\/wp-content\/uploads\/2022\/02\/shutterstock_1497378077-1-min.jpg\",\"contentUrl\":\"https:\/\/www.heartfailurematters.org\/wp-content\/uploads\/2022\/02\/shutterstock_1497378077-1-min.jpg\",\"width\":900,\"height\":600},{\"@type\":\"BreadcrumbList\",\"@id\":\"https:\/\/www.heartfailurematters.org\/de\/zurueck-zu-ursachen-fuer-herzinsuffizienz-und-andere-haeufige-erkrankungen\/lungenerkrankungen\/#breadcrumb\",\"itemListElement\":[{\"@type\":\"ListItem\",\"position\":1,\"name\":\"Startseite\",\"item\":\"https:\/\/www.heartfailurematters.org\/de\/\"},{\"@type\":\"ListItem\",\"position\":2,\"name\":\"Ursachen f\u00fcr Herzinsuffizienz und andere h\u00e4ufige Erkrankungen\",\"item\":\"https:\/\/www.heartfailurematters.org\/de\/zurueck-zu-ursachen-fuer-herzinsuffizienz-und-andere-haeufige-erkrankungen\/\"},{\"@type\":\"ListItem\",\"position\":3,\"name\":\"Lungenerkrankungen\"}]},{\"@type\":\"WebSite\",\"@id\":\"https:\/\/www.heartfailurematters.org\/de\/#website\",\"url\":\"https:\/\/www.heartfailurematters.org\/de\/\",\"name\":\"Heart Failure Matters\",\"description\":\"Practical information for patients, families and caregivers.\",\"publisher\":{\"@id\":\"https:\/\/www.heartfailurematters.org\/de\/#organization\"},\"potentialAction\":[{\"@type\":\"SearchAction\",\"target\":{\"@type\":\"EntryPoint\",\"urlTemplate\":\"https:\/\/www.heartfailurematters.org\/de\/?s={search_term_string}\"},\"query-input\":{\"@type\":\"PropertyValueSpecification\",\"valueRequired\":true,\"valueName\":\"search_term_string\"}}],\"inLanguage\":\"de\"},{\"@type\":\"Organization\",\"@id\":\"https:\/\/www.heartfailurematters.org\/de\/#organization\",\"name\":\"Heart Failure Matters\",\"url\":\"https:\/\/www.heartfailurematters.org\/de\/\",\"logo\":{\"@type\":\"ImageObject\",\"inLanguage\":\"de\",\"@id\":\"https:\/\/www.heartfailurematters.org\/de\/#\/schema\/logo\/image\/\",\"url\":\"https:\/\/cdn-endpoint-hfm.azureedge.net\/heartfailurematters\/2024\/07\/hfm-logo1.jpg\",\"contentUrl\":\"https:\/\/cdn-endpoint-hfm.azureedge.net\/heartfailurematters\/2024\/07\/hfm-logo1.jpg\",\"width\":1280,\"height\":720,\"caption\":\"Heart Failure Matters\"},\"image\":{\"@id\":\"https:\/\/www.heartfailurematters.org\/de\/#\/schema\/logo\/image\/\"},\"sameAs\":[\"https:\/\/www.facebook.com\/heartfailurematters\"]}]}<\/script>\n<!-- \/ Yoast SEO plugin. -->","yoast_head_json":{"title":"Lungenerkrankungen - Heart Failure Matters","description":"Lungenerkrankungen und Herzinsuffizienz k\u00f6nnen \u00e4hnliche Symptome hervorrufen, insbesondere nat\u00fcrlich Atemnot (Dyspnoe) und Ersch\u00f6pfung.","robots":{"index":"index","follow":"follow","max-snippet":"max-snippet:-1","max-image-preview":"max-image-preview:large","max-video-preview":"max-video-preview:-1"},"canonical":"https:\/\/www.heartfailurematters.org\/de\/zurueck-zu-ursachen-fuer-herzinsuffizienz-und-andere-haeufige-erkrankungen\/lungenerkrankungen\/","og_locale":"de_DE","og_type":"article","og_title":"Lungenerkrankungen - Heart Failure Matters","og_description":"Lungenerkrankungen und Herzinsuffizienz k\u00f6nnen \u00e4hnliche Symptome hervorrufen, insbesondere nat\u00fcrlich Atemnot (Dyspnoe) und Ersch\u00f6pfung.","og_url":"https:\/\/www.heartfailurematters.org\/de\/zurueck-zu-ursachen-fuer-herzinsuffizienz-und-andere-haeufige-erkrankungen\/lungenerkrankungen\/","og_site_name":"Heart Failure Matters","article_publisher":"https:\/\/www.facebook.com\/heartfailurematters","article_modified_time":"2021-09-24T16:14:49+00:00","og_image":[{"width":900,"height":600,"url":"https:\/\/www.heartfailurematters.org\/wp-content\/uploads\/2022\/02\/shutterstock_1497378077-1-min.jpg","type":"image\/jpeg"}],"twitter_card":"summary_large_image","twitter_misc":{"Gesch\u00e4tzte Lesezeit":"2\u00a0Minuten"},"schema":{"@context":"https:\/\/schema.org","@graph":[{"@type":"WebPage","@id":"https:\/\/www.heartfailurematters.org\/de\/zurueck-zu-ursachen-fuer-herzinsuffizienz-und-andere-haeufige-erkrankungen\/lungenerkrankungen\/","url":"https:\/\/www.heartfailurematters.org\/de\/zurueck-zu-ursachen-fuer-herzinsuffizienz-und-andere-haeufige-erkrankungen\/lungenerkrankungen\/","name":"Lungenerkrankungen - Heart Failure Matters","isPartOf":{"@id":"https:\/\/www.heartfailurematters.org\/de\/#website"},"primaryImageOfPage":{"@id":"https:\/\/www.heartfailurematters.org\/de\/zurueck-zu-ursachen-fuer-herzinsuffizienz-und-andere-haeufige-erkrankungen\/lungenerkrankungen\/#primaryimage"},"image":{"@id":"https:\/\/www.heartfailurematters.org\/de\/zurueck-zu-ursachen-fuer-herzinsuffizienz-und-andere-haeufige-erkrankungen\/lungenerkrankungen\/#primaryimage"},"thumbnailUrl":"https:\/\/www.heartfailurematters.org\/wp-content\/uploads\/2022\/02\/shutterstock_1497378077-1-min.jpg","datePublished":"2021-04-12T10:40:58+00:00","dateModified":"2021-09-24T16:14:49+00:00","description":"Lungenerkrankungen und Herzinsuffizienz k\u00f6nnen \u00e4hnliche Symptome hervorrufen, insbesondere nat\u00fcrlich Atemnot (Dyspnoe) und Ersch\u00f6pfung.","breadcrumb":{"@id":"https:\/\/www.heartfailurematters.org\/de\/zurueck-zu-ursachen-fuer-herzinsuffizienz-und-andere-haeufige-erkrankungen\/lungenerkrankungen\/#breadcrumb"},"inLanguage":"de","potentialAction":[{"@type":"ReadAction","target":["https:\/\/www.heartfailurematters.org\/de\/zurueck-zu-ursachen-fuer-herzinsuffizienz-und-andere-haeufige-erkrankungen\/lungenerkrankungen\/"]}]},{"@type":"ImageObject","inLanguage":"de","@id":"https:\/\/www.heartfailurematters.org\/de\/zurueck-zu-ursachen-fuer-herzinsuffizienz-und-andere-haeufige-erkrankungen\/lungenerkrankungen\/#primaryimage","url":"https:\/\/www.heartfailurematters.org\/wp-content\/uploads\/2022\/02\/shutterstock_1497378077-1-min.jpg","contentUrl":"https:\/\/www.heartfailurematters.org\/wp-content\/uploads\/2022\/02\/shutterstock_1497378077-1-min.jpg","width":900,"height":600},{"@type":"BreadcrumbList","@id":"https:\/\/www.heartfailurematters.org\/de\/zurueck-zu-ursachen-fuer-herzinsuffizienz-und-andere-haeufige-erkrankungen\/lungenerkrankungen\/#breadcrumb","itemListElement":[{"@type":"ListItem","position":1,"name":"Startseite","item":"https:\/\/www.heartfailurematters.org\/de\/"},{"@type":"ListItem","position":2,"name":"Ursachen f\u00fcr Herzinsuffizienz und andere h\u00e4ufige Erkrankungen","item":"https:\/\/www.heartfailurematters.org\/de\/zurueck-zu-ursachen-fuer-herzinsuffizienz-und-andere-haeufige-erkrankungen\/"},{"@type":"ListItem","position":3,"name":"Lungenerkrankungen"}]},{"@type":"WebSite","@id":"https:\/\/www.heartfailurematters.org\/de\/#website","url":"https:\/\/www.heartfailurematters.org\/de\/","name":"Heart Failure Matters","description":"Practical information for patients, families and caregivers.","publisher":{"@id":"https:\/\/www.heartfailurematters.org\/de\/#organization"},"potentialAction":[{"@type":"SearchAction","target":{"@type":"EntryPoint","urlTemplate":"https:\/\/www.heartfailurematters.org\/de\/?s={search_term_string}"},"query-input":{"@type":"PropertyValueSpecification","valueRequired":true,"valueName":"search_term_string"}}],"inLanguage":"de"},{"@type":"Organization","@id":"https:\/\/www.heartfailurematters.org\/de\/#organization","name":"Heart Failure Matters","url":"https:\/\/www.heartfailurematters.org\/de\/","logo":{"@type":"ImageObject","inLanguage":"de","@id":"https:\/\/www.heartfailurematters.org\/de\/#\/schema\/logo\/image\/","url":"https:\/\/cdn-endpoint-hfm.azureedge.net\/heartfailurematters\/2024\/07\/hfm-logo1.jpg","contentUrl":"https:\/\/cdn-endpoint-hfm.azureedge.net\/heartfailurematters\/2024\/07\/hfm-logo1.jpg","width":1280,"height":720,"caption":"Heart Failure Matters"},"image":{"@id":"https:\/\/www.heartfailurematters.org\/de\/#\/schema\/logo\/image\/"},"sameAs":["https:\/\/www.facebook.com\/heartfailurematters"]}]}},"_links":{"self":[{"href":"https:\/\/www.heartfailurematters.org\/de\/wp-json\/wp\/v2\/pages\/8085","targetHints":{"allow":["GET"]}}],"collection":[{"href":"https:\/\/www.heartfailurematters.org\/de\/wp-json\/wp\/v2\/pages"}],"about":[{"href":"https:\/\/www.heartfailurematters.org\/de\/wp-json\/wp\/v2\/types\/page"}],"author":[{"embeddable":true,"href":"https:\/\/www.heartfailurematters.org\/de\/wp-json\/wp\/v2\/users\/1"}],"replies":[{"embeddable":true,"href":"https:\/\/www.heartfailurematters.org\/de\/wp-json\/wp\/v2\/comments?post=8085"}],"version-history":[{"count":1,"href":"https:\/\/www.heartfailurematters.org\/de\/wp-json\/wp\/v2\/pages\/8085\/revisions"}],"predecessor-version":[{"id":9382,"href":"https:\/\/www.heartfailurematters.org\/de\/wp-json\/wp\/v2\/pages\/8085\/revisions\/9382"}],"up":[{"embeddable":true,"href":"https:\/\/www.heartfailurematters.org\/de\/wp-json\/wp\/v2\/pages\/8049"}],"wp:featuredmedia":[{"embeddable":true,"href":"https:\/\/www.heartfailurematters.org\/de\/wp-json\/wp\/v2\/media\/10657"}],"wp:attachment":[{"href":"https:\/\/www.heartfailurematters.org\/de\/wp-json\/wp\/v2\/media?parent=8085"}],"wp:term":[{"taxonomy":"category","embeddable":true,"href":"https:\/\/www.heartfailurematters.org\/de\/wp-json\/wp\/v2\/categories?post=8085"},{"taxonomy":"post_tag","embeddable":true,"href":"https:\/\/www.heartfailurematters.org\/de\/wp-json\/wp\/v2\/tags?post=8085"}],"curies":[{"name":"wp","href":"https:\/\/api.w.org\/{rel}","templated":true}]}}