{"id":8084,"date":"2021-04-12T11:40:58","date_gmt":"2021-04-12T10:40:58","guid":{"rendered":"https:\/\/www.heartfailurematters.org\/zurueck-zu-ursachen-fuer-herzinsuffizienz-und-andere-haeufige-erkrankungen\/erhoehter-kaliumspiegel-hyperkaliaemie\/"},"modified":"2025-12-04T11:29:48","modified_gmt":"2025-12-04T11:29:48","slug":"erhoehter-kaliumspiegel-hyperkaliaemie","status":"publish","type":"page","link":"https:\/\/www.heartfailurematters.org\/de\/zurueck-zu-ursachen-fuer-herzinsuffizienz-und-andere-haeufige-erkrankungen\/erhoehter-kaliumspiegel-hyperkaliaemie\/","title":{"rendered":"Kaliumspiegel\/Hyperkali\u00e4mie und Hypokali\u00e4mie"},"content":{"rendered":"<h2>Was ist Hyperkali\u00e4mie und wodurch entsteht sie?<\/h2>\n<p><strong>Kali\u00e4mie<\/strong> ist ein Ma\u00df f\u00fcr die Kaliumkonzentration im Plasma. Sie liegt normalerweise im Bereich von 3,6 bis 5 mmol\/Liter. Nierenerkrankungen und bestimmte Medikamente k\u00f6nnen den Kaliumspiegel in gef\u00e4hrliche Bereiche anheben (\u00fcber 5,0 mmol\/Liter). Hyperkali\u00e4mie ist eine h\u00e4ufige Elektrolytst\u00f6rung. Kalium ist ein wichtiger Elektrolyt und im K\u00f6rper an Nerven\u00fcbertragung, Muskelkontraktion und Nierenfunktion beteiligt.<\/p>\n<p><strong>Hyperkali\u00e4mie<\/strong> resultiert meistens aus erh\u00f6hter Kaliumaufnahme in Kombination mit eingeschr\u00e4nkter Nierenfunktion. Nierenerkrankungen vermindern die Kalium-Ausscheidung \u00fcber die Nieren und sind damit die h\u00e4ufigste Ursache f\u00fcr Hyperkali\u00e4mie. Gesunde Nieren k\u00f6nnen den normalen Kaliumspiegel auch bei hoher Zufuhr durch Kalium-Ausscheidung aufrechterhalten. Nierenerkrankungen beeintr\u00e4chtigen jedoch die F\u00e4higkeit der Nieren starke Schwankungen auszugleichen und sind damit die h\u00e4ufigste Ursache f\u00fcr Hyperkali\u00e4mie. Der Verzehr einer gr\u00f6\u00dferen Menge Kalium-reicher Lebensmittel kann eine Hyperkali\u00e4mie verursachen. Dazu geh\u00f6ren Orangen, Bananen, Cantaloupe-Melonen, Aprikosen, Pfirsiche, Papaya, Avocados, Kartoffeln, N\u00fcsse, Bohnen und Schokolade. Einige Salzersatzstoffe enthalten Kalium und k\u00f6nnen zu Hyperkali\u00e4mie beitragen.<\/p>\n<p>Diuretika, die routinem\u00e4\u00dfig von Patientinnen und Patienten mit Herzinsuffizienz verwendet werden, k\u00f6nnen bei normal funktionierender Niere zu einem Kaliumverlust und somit zu einem niedrigen Kaliumspiegel im Blut f\u00fchren, der sogenannten Hypokali\u00e4mie. Einige Patientinnen und Patienten mit Herzinsuffizienz erhalten Kaliumpr\u00e4parate, die h\u00e4ufig zusammen mit Diuretika verschrieben werden. Wenn die Nierenfunktion schlecht ist, kann eine \u00fcberm\u00e4\u00dfige Einnahme von Kaliumpr\u00e4paraten zu Hyperkali\u00e4mie f\u00fchren.<\/p>\n<p>Hyperkali\u00e4mie wird h\u00e4ufig \u00fcber verschiedene Mechanismen durch Medikamente verursacht. Dazu geh\u00f6ren Medikamente, die h\u00e4ufig bei Herzinsuffizienz und Hypertonie eingesetzt werden: z. B. Angiotensin-konvertierendes-Enzym-Inhibitoren (ACE-Hemmer), Angiotensin-Rezeptor-Antagonisten, Neprilysin-Inhibitor, Aldosteron-Blocker (MRA), \u03b2-Blocker, Digoxin, kaliumsparende Diuretika (Triamteren), das blutverd\u00fcnnende Medikament Heparin und Schmerzmittel aus der Gruppe der nicht-steroidalen Antirheumatika.<\/p>\n<p>Hyperkali\u00e4mie kann sich intermittierend entwickeln, wenn bestimmte, sie beg\u00fcnstigende Faktoren wie chronische Nierenerkrankung oder Herzinsuffizienz vorliegen, insbesondere wenn die oben genannten Medikamente verwendet werden. Patientinnen und Patienten mit Herzinsuffizienz sollen w\u00e4hrend der Behandlung den Kaliumspiegel regelm\u00e4\u00dfig im Blut bestimmen lassen. Dies geschieht in der Regel zusammen mit Nierenfunktionskontrollen, da die Verschlechterung der Nierenfunktion eine der h\u00e4ufigsten Ursachen f\u00fcr Hyperkali\u00e4mie ist.<\/p>\n<h2>Was sind die Folgen einer Hyperkali\u00e4mie?<\/h2>\n<p>Eine mittelschwere Hyperkali\u00e4mie (bis zu 6,5 mmol\/l) verursacht m\u00f6glicherweise noch keine Symptome und keine unmittelbaren Probleme, wird aber bereits mit einem deutlich erh\u00f6hten Risiko f\u00fcr die Entwicklung schwerwiegender Herzrhythmusst\u00f6rungen in Verbindung gebracht. Schwere Hyperkali\u00e4mie (&gt;6,5 mmol\/l) ist ein lebensbedrohlicher medizinischer Notfall, der sofortige Hilfe und medizinische Behandlung erfordert. Die Auswirkungen einer Hyperkali\u00e4mie werden zudem durch Begleiterkrankungen und andere Blutelektrolyte (Kalzium, Magnesium) beeinflusst, die das Risiko von Herzrhythmusst\u00f6rungen zus\u00e4tzlich erh\u00f6hen k\u00f6nnen.<\/p>\n<p>Hyperkali\u00e4mie kann durch \u00dcberwachung des Blutspiegels, Vermeidung kaliumreicher Lebensmittel und angemessene Dosierung von Medikamenten, die zu Hyperkali\u00e4mie f\u00fchren k\u00f6nnen, verhindert werden. H\u00e4ufig kann dies eine geringere Dosis erfordern, oder dass bestimmte Medikamente abgesetzt bzw. nicht abgesetzt werden. Eine Ern\u00e4hrungsberatung kann Patientinnen und Patienten dabei helfen, Ihre Ern\u00e4hrung individuell anzupassen.<\/p>\n<p>Hyperkali\u00e4mie ist beherrschbar und reversibel, indem der Serum-Kaliumspiegel direkt gesenkt wird. Die Art der Behandlung richtet sich nach dem Schweregrad der Hyperkali\u00e4mie und den damit verbundenen Komplikationen. Schwere Hyperkali\u00e4mie muss im Krankenhaus behandelt werden, damit Komplikationen \u00fcberwacht werden k\u00f6nnen. Intraven\u00f6se Therapie und weitere Ma\u00dfnahmen helfen, den Kaliumspiegel schnell zu senken. Gelegentlich ist die schnelle Entfernung von Kalium aus dem Blut durch H\u00e4modialyse, eine Blutw\u00e4sche, erforderlich. Dies geschieht in der Regel nur bei Patientinnen und Patienten mit stark eingeschr\u00e4nkter oder funktionsloser Niere.<\/p>\n<p>Zur langfristigen Behandlung geh\u00f6rt das Vermeiden von Risikofaktoren f\u00fcr Hyperkali\u00e4mie und die Verabreichung von Therapien, die die Ausscheidung von Kalium aus dem K\u00f6rper erleichtern. Dazu geh\u00f6ren die Einschr\u00e4nkung der Kaliumzufuhr \u00fcber die Nahrung und das Absetzen von Kaliumpr\u00e4paraten. F\u00fcr Hyperkali\u00e4mie-Patienten mit Herzinsuffizienz und funktionsarmer Niere sind diese Ma\u00dfnahmen m\u00f6glicherweise nicht ausreichend.<\/p>\n<p>Das Absetzen von Hyperkali\u00e4mie-induzierenden Medikamenten, die nicht unbedingt notwendig sind, wie z. B. Schmerzmittel, ist unerl\u00e4sslich. Verschiedene Herzinsuffizienz-Wirkstoffklassen k\u00f6nnen das Risiko f\u00fcr eine Hyperkali\u00e4mie erh\u00f6hen. Dies betrifft insbesondere Patientinnen und Patienten mit Herzinsuffizienz und chronischer Nierenerkrankung, die besonders anf\u00e4llig f\u00fcr die Entwicklung einer Hyperkali\u00e4mie sind.<\/p>\n<p>In j\u00fcngerer Zeit wurde nachgewiesen, dass die Verwendung von oralen, Kalium-bindenden Medikamenten bei Patientinnen und Patienten mit Herzinsuffizienz, die trotz optimaler Einnahme ihrer Medikamente eine Hyperkali\u00e4mie entwickeln, den Kaliumspiegel senken kann. Das Medikament wirkt, indem es die Ausscheidung von Kalium \u00fcber den Darm erh\u00f6ht und dadurch die Aufnahme in den Blutkreislauf verhindert. Diese gut vertr\u00e4glichen Wirkstoffe werden als Pulver mit Wasser eingenommen und sorgen effektiv langfristig f\u00fcr einen normalen Kaliumspiegel bei Patientinnen und Patienten, die zu Hyperkali\u00e4mie neigen. Sie erm\u00f6glichen so die optimierte Therapie der Herzinsuffizienz.<\/p>\n<p><a href=\"https:\/\/www.heartfailurematters.org\/heart-failure-causes-and-other-common-medical-conditions\/other-common-medical-conditions-and-heart-failure\/\">Zur\u00fcck zu Andere h\u00e4ufige Erkrankungen und Herzinsuffizienz<\/a><\/p>\n","protected":false},"excerpt":{"rendered":"<p>Was ist Hyperkali\u00e4mie und wodurch entsteht sie? Kali\u00e4mie ist ein Ma\u00df f\u00fcr die Kaliumkonzentration im Plasma. Sie liegt normalerweise im Bereich von 3,6 bis 5 mmol\/Liter. Nierenerkrankungen und bestimmte Medikamente k\u00f6nnen den Kaliumspiegel in gef\u00e4hrliche Bereiche anheben (\u00fcber 5,0 mmol\/Liter). Hyperkali\u00e4mie ist eine h\u00e4ufige Elektrolytst\u00f6rung. Kalium ist ein wichtiger Elektrolyt und im K\u00f6rper an Nerven\u00fcbertragung, [&hellip;]<\/p>\n","protected":false},"author":1,"featured_media":10627,"parent":8049,"menu_order":15,"comment_status":"closed","ping_status":"closed","template":"","meta":{"_acf_changed":false,"footnotes":""},"categories":[],"tags":[],"class_list":["post-8084","page","type-page","status-publish","has-post-thumbnail","hentry"],"acf":[],"yoast_head":"<!-- This site is optimized with the Yoast SEO plugin v24.8.1 - https:\/\/yoast.com\/wordpress\/plugins\/seo\/ -->\n<title>Erh\u00f6hte Kaliumspiegel bei Patientinnen und Patienten mit Herzinsuffizienz<\/title>\n<meta name=\"description\" content=\"Hyperkali\u00e4mie resultiert meistens aus erh\u00f6hter Kaliumaufnahme in Kombination mit eingeschr\u00e4nkter Nierenfunktion. Hier erfahren Sie mehr.\" \/>\n<meta name=\"robots\" content=\"index, follow, max-snippet:-1, max-image-preview:large, max-video-preview:-1\" \/>\n<link rel=\"canonical\" href=\"https:\/\/www.heartfailurematters.org\/de\/zurueck-zu-ursachen-fuer-herzinsuffizienz-und-andere-haeufige-erkrankungen\/erhoehter-kaliumspiegel-hyperkaliaemie\/\" \/>\n<meta property=\"og:locale\" content=\"de_DE\" \/>\n<meta property=\"og:type\" content=\"article\" \/>\n<meta property=\"og:title\" content=\"Erh\u00f6hte Kaliumspiegel bei Patientinnen und Patienten mit Herzinsuffizienz\" \/>\n<meta property=\"og:description\" content=\"Hyperkali\u00e4mie resultiert meistens aus erh\u00f6hter Kaliumaufnahme in Kombination mit eingeschr\u00e4nkter Nierenfunktion. Hier erfahren Sie mehr.\" \/>\n<meta property=\"og:url\" content=\"https:\/\/www.heartfailurematters.org\/de\/zurueck-zu-ursachen-fuer-herzinsuffizienz-und-andere-haeufige-erkrankungen\/erhoehter-kaliumspiegel-hyperkaliaemie\/\" \/>\n<meta property=\"og:site_name\" content=\"Heart Failure Matters\" \/>\n<meta property=\"article:publisher\" content=\"https:\/\/www.facebook.com\/heartfailurematters\" \/>\n<meta property=\"article:modified_time\" content=\"2025-12-04T11:29:48+00:00\" \/>\n<meta property=\"og:image\" content=\"https:\/\/www.heartfailurematters.org\/wp-content\/uploads\/2022\/02\/shutterstock_1114244621-1-min.jpg\" \/>\n\t<meta property=\"og:image:width\" content=\"900\" \/>\n\t<meta property=\"og:image:height\" content=\"596\" \/>\n\t<meta property=\"og:image:type\" content=\"image\/jpeg\" \/>\n<meta name=\"twitter:card\" content=\"summary_large_image\" \/>\n<meta name=\"twitter:label1\" content=\"Gesch\u00e4tzte Lesezeit\" \/>\n\t<meta name=\"twitter:data1\" content=\"4\u00a0Minuten\" \/>\n<script type=\"application\/ld+json\" class=\"yoast-schema-graph\">{\"@context\":\"https:\/\/schema.org\",\"@graph\":[{\"@type\":\"WebPage\",\"@id\":\"https:\/\/www.heartfailurematters.org\/de\/zurueck-zu-ursachen-fuer-herzinsuffizienz-und-andere-haeufige-erkrankungen\/erhoehter-kaliumspiegel-hyperkaliaemie\/\",\"url\":\"https:\/\/www.heartfailurematters.org\/de\/zurueck-zu-ursachen-fuer-herzinsuffizienz-und-andere-haeufige-erkrankungen\/erhoehter-kaliumspiegel-hyperkaliaemie\/\",\"name\":\"Erh\u00f6hte Kaliumspiegel bei Patientinnen und Patienten mit Herzinsuffizienz\",\"isPartOf\":{\"@id\":\"https:\/\/www.heartfailurematters.org\/de\/#website\"},\"primaryImageOfPage\":{\"@id\":\"https:\/\/www.heartfailurematters.org\/de\/zurueck-zu-ursachen-fuer-herzinsuffizienz-und-andere-haeufige-erkrankungen\/erhoehter-kaliumspiegel-hyperkaliaemie\/#primaryimage\"},\"image\":{\"@id\":\"https:\/\/www.heartfailurematters.org\/de\/zurueck-zu-ursachen-fuer-herzinsuffizienz-und-andere-haeufige-erkrankungen\/erhoehter-kaliumspiegel-hyperkaliaemie\/#primaryimage\"},\"thumbnailUrl\":\"https:\/\/www.heartfailurematters.org\/wp-content\/uploads\/2022\/02\/shutterstock_1114244621-1-min.jpg\",\"datePublished\":\"2021-04-12T10:40:58+00:00\",\"dateModified\":\"2025-12-04T11:29:48+00:00\",\"description\":\"Hyperkali\u00e4mie resultiert meistens aus erh\u00f6hter Kaliumaufnahme in Kombination mit eingeschr\u00e4nkter Nierenfunktion. Hier erfahren Sie mehr.\",\"breadcrumb\":{\"@id\":\"https:\/\/www.heartfailurematters.org\/de\/zurueck-zu-ursachen-fuer-herzinsuffizienz-und-andere-haeufige-erkrankungen\/erhoehter-kaliumspiegel-hyperkaliaemie\/#breadcrumb\"},\"inLanguage\":\"de\",\"potentialAction\":[{\"@type\":\"ReadAction\",\"target\":[\"https:\/\/www.heartfailurematters.org\/de\/zurueck-zu-ursachen-fuer-herzinsuffizienz-und-andere-haeufige-erkrankungen\/erhoehter-kaliumspiegel-hyperkaliaemie\/\"]}]},{\"@type\":\"ImageObject\",\"inLanguage\":\"de\",\"@id\":\"https:\/\/www.heartfailurematters.org\/de\/zurueck-zu-ursachen-fuer-herzinsuffizienz-und-andere-haeufige-erkrankungen\/erhoehter-kaliumspiegel-hyperkaliaemie\/#primaryimage\",\"url\":\"https:\/\/www.heartfailurematters.org\/wp-content\/uploads\/2022\/02\/shutterstock_1114244621-1-min.jpg\",\"contentUrl\":\"https:\/\/www.heartfailurematters.org\/wp-content\/uploads\/2022\/02\/shutterstock_1114244621-1-min.jpg\",\"width\":900,\"height\":596},{\"@type\":\"BreadcrumbList\",\"@id\":\"https:\/\/www.heartfailurematters.org\/de\/zurueck-zu-ursachen-fuer-herzinsuffizienz-und-andere-haeufige-erkrankungen\/erhoehter-kaliumspiegel-hyperkaliaemie\/#breadcrumb\",\"itemListElement\":[{\"@type\":\"ListItem\",\"position\":1,\"name\":\"Startseite\",\"item\":\"https:\/\/www.heartfailurematters.org\/de\/\"},{\"@type\":\"ListItem\",\"position\":2,\"name\":\"Ursachen f\u00fcr Herzinsuffizienz und andere h\u00e4ufige Erkrankungen\",\"item\":\"https:\/\/www.heartfailurematters.org\/de\/zurueck-zu-ursachen-fuer-herzinsuffizienz-und-andere-haeufige-erkrankungen\/\"},{\"@type\":\"ListItem\",\"position\":3,\"name\":\"Kaliumspiegel\/Hyperkali\u00e4mie und Hypokali\u00e4mie\"}]},{\"@type\":\"WebSite\",\"@id\":\"https:\/\/www.heartfailurematters.org\/de\/#website\",\"url\":\"https:\/\/www.heartfailurematters.org\/de\/\",\"name\":\"Heart Failure Matters\",\"description\":\"Practical information for patients, families and caregivers.\",\"publisher\":{\"@id\":\"https:\/\/www.heartfailurematters.org\/de\/#organization\"},\"potentialAction\":[{\"@type\":\"SearchAction\",\"target\":{\"@type\":\"EntryPoint\",\"urlTemplate\":\"https:\/\/www.heartfailurematters.org\/de\/?s={search_term_string}\"},\"query-input\":{\"@type\":\"PropertyValueSpecification\",\"valueRequired\":true,\"valueName\":\"search_term_string\"}}],\"inLanguage\":\"de\"},{\"@type\":\"Organization\",\"@id\":\"https:\/\/www.heartfailurematters.org\/de\/#organization\",\"name\":\"Heart Failure Matters\",\"url\":\"https:\/\/www.heartfailurematters.org\/de\/\",\"logo\":{\"@type\":\"ImageObject\",\"inLanguage\":\"de\",\"@id\":\"https:\/\/www.heartfailurematters.org\/de\/#\/schema\/logo\/image\/\",\"url\":\"https:\/\/cdn-endpoint-hfm.azureedge.net\/heartfailurematters\/2024\/07\/hfm-logo1.jpg\",\"contentUrl\":\"https:\/\/cdn-endpoint-hfm.azureedge.net\/heartfailurematters\/2024\/07\/hfm-logo1.jpg\",\"width\":1280,\"height\":720,\"caption\":\"Heart Failure Matters\"},\"image\":{\"@id\":\"https:\/\/www.heartfailurematters.org\/de\/#\/schema\/logo\/image\/\"},\"sameAs\":[\"https:\/\/www.facebook.com\/heartfailurematters\"]}]}<\/script>\n<!-- \/ Yoast SEO plugin. -->","yoast_head_json":{"title":"Erh\u00f6hte Kaliumspiegel bei Patientinnen und Patienten mit Herzinsuffizienz","description":"Hyperkali\u00e4mie resultiert meistens aus erh\u00f6hter Kaliumaufnahme in Kombination mit eingeschr\u00e4nkter Nierenfunktion. Hier erfahren Sie mehr.","robots":{"index":"index","follow":"follow","max-snippet":"max-snippet:-1","max-image-preview":"max-image-preview:large","max-video-preview":"max-video-preview:-1"},"canonical":"https:\/\/www.heartfailurematters.org\/de\/zurueck-zu-ursachen-fuer-herzinsuffizienz-und-andere-haeufige-erkrankungen\/erhoehter-kaliumspiegel-hyperkaliaemie\/","og_locale":"de_DE","og_type":"article","og_title":"Erh\u00f6hte Kaliumspiegel bei Patientinnen und Patienten mit Herzinsuffizienz","og_description":"Hyperkali\u00e4mie resultiert meistens aus erh\u00f6hter Kaliumaufnahme in Kombination mit eingeschr\u00e4nkter Nierenfunktion. Hier erfahren Sie mehr.","og_url":"https:\/\/www.heartfailurematters.org\/de\/zurueck-zu-ursachen-fuer-herzinsuffizienz-und-andere-haeufige-erkrankungen\/erhoehter-kaliumspiegel-hyperkaliaemie\/","og_site_name":"Heart Failure Matters","article_publisher":"https:\/\/www.facebook.com\/heartfailurematters","article_modified_time":"2025-12-04T11:29:48+00:00","og_image":[{"width":900,"height":596,"url":"https:\/\/www.heartfailurematters.org\/wp-content\/uploads\/2022\/02\/shutterstock_1114244621-1-min.jpg","type":"image\/jpeg"}],"twitter_card":"summary_large_image","twitter_misc":{"Gesch\u00e4tzte Lesezeit":"4\u00a0Minuten"},"schema":{"@context":"https:\/\/schema.org","@graph":[{"@type":"WebPage","@id":"https:\/\/www.heartfailurematters.org\/de\/zurueck-zu-ursachen-fuer-herzinsuffizienz-und-andere-haeufige-erkrankungen\/erhoehter-kaliumspiegel-hyperkaliaemie\/","url":"https:\/\/www.heartfailurematters.org\/de\/zurueck-zu-ursachen-fuer-herzinsuffizienz-und-andere-haeufige-erkrankungen\/erhoehter-kaliumspiegel-hyperkaliaemie\/","name":"Erh\u00f6hte Kaliumspiegel bei Patientinnen und Patienten mit Herzinsuffizienz","isPartOf":{"@id":"https:\/\/www.heartfailurematters.org\/de\/#website"},"primaryImageOfPage":{"@id":"https:\/\/www.heartfailurematters.org\/de\/zurueck-zu-ursachen-fuer-herzinsuffizienz-und-andere-haeufige-erkrankungen\/erhoehter-kaliumspiegel-hyperkaliaemie\/#primaryimage"},"image":{"@id":"https:\/\/www.heartfailurematters.org\/de\/zurueck-zu-ursachen-fuer-herzinsuffizienz-und-andere-haeufige-erkrankungen\/erhoehter-kaliumspiegel-hyperkaliaemie\/#primaryimage"},"thumbnailUrl":"https:\/\/www.heartfailurematters.org\/wp-content\/uploads\/2022\/02\/shutterstock_1114244621-1-min.jpg","datePublished":"2021-04-12T10:40:58+00:00","dateModified":"2025-12-04T11:29:48+00:00","description":"Hyperkali\u00e4mie resultiert meistens aus erh\u00f6hter Kaliumaufnahme in Kombination mit eingeschr\u00e4nkter Nierenfunktion. Hier erfahren Sie mehr.","breadcrumb":{"@id":"https:\/\/www.heartfailurematters.org\/de\/zurueck-zu-ursachen-fuer-herzinsuffizienz-und-andere-haeufige-erkrankungen\/erhoehter-kaliumspiegel-hyperkaliaemie\/#breadcrumb"},"inLanguage":"de","potentialAction":[{"@type":"ReadAction","target":["https:\/\/www.heartfailurematters.org\/de\/zurueck-zu-ursachen-fuer-herzinsuffizienz-und-andere-haeufige-erkrankungen\/erhoehter-kaliumspiegel-hyperkaliaemie\/"]}]},{"@type":"ImageObject","inLanguage":"de","@id":"https:\/\/www.heartfailurematters.org\/de\/zurueck-zu-ursachen-fuer-herzinsuffizienz-und-andere-haeufige-erkrankungen\/erhoehter-kaliumspiegel-hyperkaliaemie\/#primaryimage","url":"https:\/\/www.heartfailurematters.org\/wp-content\/uploads\/2022\/02\/shutterstock_1114244621-1-min.jpg","contentUrl":"https:\/\/www.heartfailurematters.org\/wp-content\/uploads\/2022\/02\/shutterstock_1114244621-1-min.jpg","width":900,"height":596},{"@type":"BreadcrumbList","@id":"https:\/\/www.heartfailurematters.org\/de\/zurueck-zu-ursachen-fuer-herzinsuffizienz-und-andere-haeufige-erkrankungen\/erhoehter-kaliumspiegel-hyperkaliaemie\/#breadcrumb","itemListElement":[{"@type":"ListItem","position":1,"name":"Startseite","item":"https:\/\/www.heartfailurematters.org\/de\/"},{"@type":"ListItem","position":2,"name":"Ursachen f\u00fcr Herzinsuffizienz und andere h\u00e4ufige Erkrankungen","item":"https:\/\/www.heartfailurematters.org\/de\/zurueck-zu-ursachen-fuer-herzinsuffizienz-und-andere-haeufige-erkrankungen\/"},{"@type":"ListItem","position":3,"name":"Kaliumspiegel\/Hyperkali\u00e4mie und Hypokali\u00e4mie"}]},{"@type":"WebSite","@id":"https:\/\/www.heartfailurematters.org\/de\/#website","url":"https:\/\/www.heartfailurematters.org\/de\/","name":"Heart Failure Matters","description":"Practical information for patients, families and caregivers.","publisher":{"@id":"https:\/\/www.heartfailurematters.org\/de\/#organization"},"potentialAction":[{"@type":"SearchAction","target":{"@type":"EntryPoint","urlTemplate":"https:\/\/www.heartfailurematters.org\/de\/?s={search_term_string}"},"query-input":{"@type":"PropertyValueSpecification","valueRequired":true,"valueName":"search_term_string"}}],"inLanguage":"de"},{"@type":"Organization","@id":"https:\/\/www.heartfailurematters.org\/de\/#organization","name":"Heart Failure Matters","url":"https:\/\/www.heartfailurematters.org\/de\/","logo":{"@type":"ImageObject","inLanguage":"de","@id":"https:\/\/www.heartfailurematters.org\/de\/#\/schema\/logo\/image\/","url":"https:\/\/cdn-endpoint-hfm.azureedge.net\/heartfailurematters\/2024\/07\/hfm-logo1.jpg","contentUrl":"https:\/\/cdn-endpoint-hfm.azureedge.net\/heartfailurematters\/2024\/07\/hfm-logo1.jpg","width":1280,"height":720,"caption":"Heart Failure Matters"},"image":{"@id":"https:\/\/www.heartfailurematters.org\/de\/#\/schema\/logo\/image\/"},"sameAs":["https:\/\/www.facebook.com\/heartfailurematters"]}]}},"_links":{"self":[{"href":"https:\/\/www.heartfailurematters.org\/de\/wp-json\/wp\/v2\/pages\/8084","targetHints":{"allow":["GET"]}}],"collection":[{"href":"https:\/\/www.heartfailurematters.org\/de\/wp-json\/wp\/v2\/pages"}],"about":[{"href":"https:\/\/www.heartfailurematters.org\/de\/wp-json\/wp\/v2\/types\/page"}],"author":[{"embeddable":true,"href":"https:\/\/www.heartfailurematters.org\/de\/wp-json\/wp\/v2\/users\/1"}],"replies":[{"embeddable":true,"href":"https:\/\/www.heartfailurematters.org\/de\/wp-json\/wp\/v2\/comments?post=8084"}],"version-history":[{"count":2,"href":"https:\/\/www.heartfailurematters.org\/de\/wp-json\/wp\/v2\/pages\/8084\/revisions"}],"predecessor-version":[{"id":13658,"href":"https:\/\/www.heartfailurematters.org\/de\/wp-json\/wp\/v2\/pages\/8084\/revisions\/13658"}],"up":[{"embeddable":true,"href":"https:\/\/www.heartfailurematters.org\/de\/wp-json\/wp\/v2\/pages\/8049"}],"wp:featuredmedia":[{"embeddable":true,"href":"https:\/\/www.heartfailurematters.org\/de\/wp-json\/wp\/v2\/media\/10627"}],"wp:attachment":[{"href":"https:\/\/www.heartfailurematters.org\/de\/wp-json\/wp\/v2\/media?parent=8084"}],"wp:term":[{"taxonomy":"category","embeddable":true,"href":"https:\/\/www.heartfailurematters.org\/de\/wp-json\/wp\/v2\/categories?post=8084"},{"taxonomy":"post_tag","embeddable":true,"href":"https:\/\/www.heartfailurematters.org\/de\/wp-json\/wp\/v2\/tags?post=8084"}],"curies":[{"name":"wp","href":"https:\/\/api.w.org\/{rel}","templated":true}]}}